{"id":23196,"date":"2022-05-11T08:42:17","date_gmt":"2022-05-11T11:42:17","guid":{"rendered":"https:\/\/institucional.ufrrj.br\/portalcpda\/?page_id=23196"},"modified":"2023-09-18T18:06:37","modified_gmt":"2023-09-18T21:06:37","slug":"dissertacoes-mestrado-2022","status":"publish","type":"page","link":"https:\/\/institucional.ufrrj.br\/portalcpda\/dissertacoes-mestrado-2022\/","title":{"rendered":"Disserta\u00e7\u00f5es Mestrado 2022"},"content":{"rendered":"<p>Os trabalhos est\u00e3o colocados em ordem cronol\u00f3gica (data da defesa) e podem ser acessados na plataforma Sucupira ao clicar em seus t\u00edtulos.<\/p>\n<hr \/>\n<p>&nbsp;<\/p>\n<p><strong>FILIPE MOREIRA DE AZEREDO TAVARES<\/strong><br \/>\n<strong><a href=\"https:\/\/sucupira.capes.gov.br\/sucupira\/public\/consultas\/coleta\/trabalhoConclusao\/viewTrabalhoConclusao.xhtml?popup=true&amp;id_trabalho=11752678\" target=\"_blank\" rel=\"noopener\">Resist\u00eancia, luta e sindicalismo: um estudo sobre a Greve (1984) dos Canavieiros de Campos dos Goytacazes (RJ)<\/a><br \/>\n<\/strong><strong>Defesa<\/strong>: 10\/03\/2022<\/p>\n<p><strong>Banca<\/strong>: Regina Bruno (Orientadora \/ CPDA\/UFRRJ), Leonilde Servolo de Medeiros (CPDA\/UFRRJ) e Ana Maria Motta Ribeiro (UFF).<\/p>\n<p><strong>Resumo<\/strong>: A partir dos anos 1970, com o in\u00edcio do processo de redemocratiza\u00e7\u00e3o da sociedade brasileira, diversas lutas rurais e urbanas, com distintos objetivos pol\u00edticos, econ\u00f4micos e sociais, intensificaram-se. Logo, novos e antigos atores das classes trabalhadoras mobilizaram estrat\u00e9gias para transforma\u00e7\u00e3o das suas realidades, bem como seus sindicatos, confedera\u00e7\u00f5es e federa\u00e7\u00f5es. No cen\u00e1rio dos canavieiros, a Confedera\u00e7\u00e3o dos Trabalhadores Rurais da Agricultura (CONTAG), em conjunto com os Sindicatos dos Trabalhadores Rurais de diversas regi\u00f5es encaminharam a reestrutura\u00e7\u00e3o das lutas, promovendo a conscientiza\u00e7\u00e3o das classes, intensificando os processos legais e aderindo a greves e paralisa\u00e7\u00f5es como instrumentos de press\u00e3o pol\u00edtica para conquista dos direitos b\u00e1sicos e fundamentais. Surgiu desse movimento importantes greves para os canavieiros, como a que ocorreu em Pernambuco (1979), Guariba (1984) e Campos dos Goytacazes (1984). Esta disserta\u00e7\u00e3o analisa a greve campista, ocorrida em julho de 1984, com dura\u00e7\u00e3o de 36h, cujas vit\u00f3rias assemelham-se \u00e0 Guariba. Tendo como sujeitos principais os canavieiros, analisam-se as condi\u00e7\u00f5es de vida e trabalho presentes nos instantes da paralisa\u00e7\u00e3o, as articula\u00e7\u00f5es do Sindicato dos Trabalhadores Rurais de Campos (STRC) e seus associados com a estrutura sindical nacional; o interc\u00e2mbio de experi\u00eancias e demandas de outras regi\u00f5es, fundamentais para eclos\u00e3o do movimento. Compreende-se o in\u00edcio, andamento e finaliza\u00e7\u00e3o da greve, tendo como fontes de pesquisa entrevistas, bibliografia especializada e jornais. Como resultado, apresenta-se que o movimento se construiu meses antes, com avan\u00e7os e retrocessos nas negocia\u00e7\u00f5es junto a classe patronal, cuja intransig\u00eancia dos usineiros levou \u00e0 rea\u00e7\u00e3o dos trabalhadores. Discute-se, ainda, como os canavieiros campistas rompem momentaneamente com o projeto de sindicalismo organizado pela CONTAG, realizando uma greve fora da lei. Os resultados indicam, ademais, a const\u00e2ncia das mobiliza\u00e7\u00f5es nas usinas e fazendas mesmo ap\u00f3s a vit\u00f3ria do movimento, com objetivo de obrigar o cumprimento do acordo assinado. Desse modo, o estudo contribui para o campo sobre mobiliza\u00e7\u00f5es dos trabalhadores rurais no per\u00edodo da redemocratiza\u00e7\u00e3o, discutindo o papel, a\u00e7\u00e3o e mobiliza\u00e7\u00e3o dos canavieiros fluminenses.<br \/>\n<strong>Palavras-chave<\/strong>: Campos dos Goytacazes; Canavieiros; Greves rurais.<\/p>\n<p>&nbsp;<\/p>\n<hr \/>\n<p>&nbsp;<\/p>\n<p><strong>JO\u00c3O GABRIEL CHIARATTI CABRAL<\/strong><br \/>\n<strong><a href=\"https:\/\/sucupira.capes.gov.br\/sucupira\/public\/consultas\/coleta\/trabalhoConclusao\/viewTrabalhoConclusao.jsf?popup=true&amp;id_trabalho=11752748\" target=\"_blank\" rel=\"noopener\">As contribui\u00e7\u00f5es das Ci\u00eancias Sociais e da Geografia para o debate acerca do rural nas teses de tr\u00eas PPGs<\/a><br \/>\n<\/strong><strong>Defesa<\/strong>: 21\/03\/2022<\/p>\n<p><strong>Banca<\/strong>: Maria Jos\u00e9 Carneiro (Orientadora \/ CPDA\/UFRRJ), Carmen Andriolli (CPDA\/UFRRJ) e Laila Thomaz Sandroni (USP).<\/p>\n<p><strong>Resumo<\/strong>: O presente trabalho tem por objetivo identificar as contribui\u00e7\u00f5es da Geografia e das Ci\u00eancias Sociais para o debate acerca da no\u00e7\u00e3o de rural. Para chegar a tal objetivo foi realizado um levantamento te\u00f3rico sobre os significados atribu\u00eddos \u00e0 no\u00e7\u00e3o, observando com quais conceitos e no\u00e7\u00f5es se articulam tanto na Geografia quanto nas Ci\u00eancias Sociais. Ap\u00f3s essa primeira etapa foram analisadas oito teses de doutorado de dois programas de p\u00f3s de gradua\u00e7\u00e3o, quatro de Geografia (Geografia Humana \u2013 USP) e quatro de Ci\u00eancias Sociais (CPDA-UFRRJ), entre os anos 2000-2020. A partir da leitura dessas teses e do preenchimento de fichas de leitura, foi observado como a no\u00e7\u00e3o de rural \u00e9 definida e operacionalizada nestes trabalhos. O objetivo foi tentar perceber quais as principais quest\u00f5es que t\u00eam sido levantadas nesses estudos, apontando para poss\u00edveis aproxima\u00e7\u00f5es ou distin\u00e7\u00f5es entre as duas \u00e1reas. Foi constatada nas teses as caracter\u00edsticas do novo rural em localidades das regi\u00f5es Sul e Sudeste, como a pluriatividade e multifuncionalidade da agricultura, associados principalmente ao turismo rural, assim como descrito pelos autores te\u00f3ricos apresentados no cap\u00edtulo 1. N\u00e3o se observou formas espec\u00edficas de operar a no\u00e7\u00e3o de rural em cada ci\u00eancia, mas sim um di\u00e1logo entre autores e conceitos das duas disciplinas. Apesar disso, foi poss\u00edvel constatar tamb\u00e9m que as duas ci\u00eancias t\u00eam seus debates pr\u00f3prios e falam a partir dos seus conceitos chaves, por\u00e9m esses conceitos dialogam entre si e os autores tendem a buscar qual deles melhor se adequam a observar sua realidade de estudo.<br \/>\n<strong>Palavras-chave<\/strong>: novas ruralidades; espa\u00e7os rurais; rural.<\/p>\n<p>&nbsp;<\/p>\n<hr \/>\n<p>&nbsp;<\/p>\n<p><strong>VICENTE CARVALHO AZEVEDO DA SILVEIRA<\/strong><br \/>\n<strong><a href=\"https:\/\/sucupira.capes.gov.br\/sucupira\/public\/consultas\/coleta\/trabalhoConclusao\/viewTrabalhoConclusao.jsf?popup=true&amp;id_trabalho=11752954\" target=\"_blank\" rel=\"noopener\">Campanhas pol\u00edticas de solidariedade: movimentos sociais e doa\u00e7\u00e3o de alimentos na pandemia de Covid-19<\/a><br \/>\n<\/strong><strong>Defesa<\/strong>: 15\/07\/2022<\/p>\n<p><strong>Banca<\/strong>: Claudia Job Schmitt (Orientadora \/ CPDA\/UFRRJ), Jorge Osvaldo Romano (CPDA\/UFRRJ), Camila Penna de Castro (UFRGS) e Marcelo Kunrath Silva (UFRGS).<\/p>\n<p><strong>Resumo<\/strong>: A pandemia de Covid-19 desembarcou no Brasil em um cen\u00e1rio de extrema polariza\u00e7\u00e3o pol\u00edtica e de aprofundamento da crise econ\u00f4mica vigente desde 2015, da qual um dos efeitos mais vis\u00edveis foi o recrudescimento da fome entre as fam\u00edlias mais pobres, em grande parte residentes nas favelas e periferias dos grandes centros urbanos. Imediatamente, um grande movimento social se espalhou por todo o pa\u00eds, no qual indiv\u00edduos, coletivos e organiza\u00e7\u00f5es de naturezas variadas estruturaram redes de apoio para distribuir recursos na forma de dinheiro, alimentos e materiais de primeira necessidade. Por meio de diferentes arranjos de campanha, v\u00ednculos econ\u00f4micos e pol\u00edticos foram criados ou atualizados entre os agentes heterog\u00eaneos que comp\u00f5em o universo abrangente da sociedade civil, ao mesmo tempo em que, nas arenas p\u00fablicas, os significados e pr\u00e1ticas leg\u00edtimas da solidariedade tornavam-se objeto de disputa. Neste trabalho, realizamos uma etnografia de duas campanhas de doa\u00e7\u00e3o de alimentos realizadas na Regi\u00e3o Metropolitana do Rio de Janeiro, ambas coordenadas por movimentos sociais organizados: a primeira foi organizada pelo Movimenta Caxias, articula\u00e7\u00e3o entre diversos coletivos de juventude perif\u00e9rica da Baixada Fluminense; a segunda foi organizada pelo Movimento dos Pequenos Agricultores, organiza\u00e7\u00e3o de car\u00e1ter nacional, vinculada aos movimentos campon\u00eas e agroecol\u00f3gico. Atrav\u00e9s da participa\u00e7\u00e3o engajada do pesquisador nas campanhas, observa\u00e7\u00f5es de campo, entrevistas semiestruturadas e de extensa pesquisa virtual, investigamos e analisamos os diferentes arranjos de campanha criados por seus coordenadores, no intuito de mobilizar pessoas, recursos e narrativas em torno do alimento e do combate \u00e0 fome. As diferentes identidades coletivas, trajet\u00f3rias pol\u00edticas e repert\u00f3rios de a\u00e7\u00e3o coletiva das organiza\u00e7\u00f5es envolvidas aportaram caracter\u00edsticas espec\u00edficas a cada uma das iniciativas, com \u00eanfase em campanhas de doa\u00e7\u00e3o anteriores, programas sociais governamentais e a constru\u00e7\u00e3o de circuitos alternativos para a comercializa\u00e7\u00e3o de alimentos agroecol\u00f3gicos, al\u00e9m dos ac\u00famulos pol\u00edticos em torno do tema dos alimentos, das experi\u00eancias<br \/>\nde seus militantes e ativistas em territ\u00f3rios dominados por grupos paramilitares e das diversas intera\u00e7\u00f5es com agentes da sociedade civil e do terceiro setor. Por outro lado, as duas campanhas estiveram conectadas por alguns de seus atores centrais, de modo que a investiga\u00e7\u00e3o dos fluxos de alimentos e de recursos financeiros nos levou a descobertas sobre a teia de v\u00ednculos pol\u00edticos e econ\u00f4micos constru\u00edda a partir delas, levantando debates importantes sobre a conjuntura pol\u00edtica brasileira no per\u00edodo p\u00f3s-pandemia, na qual diferentes projetos pol\u00edticos e econ\u00f4micos disputam as intera\u00e7\u00f5es leg\u00edtimas.<br \/>\n<strong>Palavras-chave<\/strong>: campanhas de movimentos sociais; a\u00e7\u00e3o coletiva; doa\u00e7\u00e3o de alimentos; pandemia de Covid-19; combate \u00e0 fome; Rio de Janeiro.<\/p>\n<p>&nbsp;<\/p>\n<hr \/>\n<p>&nbsp;<\/p>\n<p><strong>MAYN\u00c1 PEIXINHO MORENO DE MELO<\/strong><br \/>\n<strong><a href=\"https:\/\/sucupira.capes.gov.br\/sucupira\/public\/consultas\/coleta\/trabalhoConclusao\/viewTrabalhoConclusao.jsf?popup=true&amp;id_trabalho=11752969\" target=\"_blank\" rel=\"noopener\">Jovens em Rede \u2013 A perman\u00eancia de jovens na agricultura a partir da participa\u00e7\u00e3o em Redes Alimentares Alternativas<\/a><br \/>\n<\/strong><strong>Defesa<\/strong>: 01\/08\/2022<\/p>\n<p><strong>Banca<\/strong>: F\u00e1tima Portilho (Orientadora \/ CPDA\/UFRRJ), Elisa Guaran\u00e1 (CPDA\/UFRRJ), Maria Jos\u00e9 Carneiro (CPDA\/UFRRJ), Marcio Gazolla (UTFPR) e Rodrigo Kummer (UTFPR).<\/p>\n<p><strong>Resumo<\/strong>: A presente pesquisa visa contribuir para a compreens\u00e3o da rela\u00e7\u00e3o entre jovens rurais e as iniciativas de produtores e consumidores na constru\u00e7\u00e3o de Redes Alimentares Alternativas. Partimos da constata\u00e7\u00e3o, descrita na literatura, das dificuldades enfrentadas por jovens rurais para a perman\u00eancia no campo e no trabalho agr\u00edcola, associadas aos processos de envelhecimento e masculiniza\u00e7\u00e3o das popula\u00e7\u00f5es rurais e, ainda, de constru\u00e7\u00e3o de novas ruralidades. Paralelamente, constata-se um n\u00famero crescente de pessoas, no campo e na cidade, organizando-se em torno de diferentes formas de comercializa\u00e7\u00e3o direta de alimentos da agricultura familiar, experi\u00eancias que t\u00eam sido chamadas de Redes Alimentares Alternativas. Isso chama a aten\u00e7\u00e3o pelo potencial de transforma\u00e7\u00e3o da produ\u00e7\u00e3o, distribui\u00e7\u00e3o e consumo de alimentos e tamb\u00e9m das din\u00e2micas que envolvem o campo e a cidade. Tais elementos suscitam uma an\u00e1lise dos efeitos destas iniciativas na trajet\u00f3ria de vida e na perspectiva de perman\u00eancia de jovens tanto em suas comunidades quanto no trabalho relacionado \u00e0 agricultura. A partir de uma pesquisa de campo junto a jovens que trabalham na Feira Org\u00e2nica da Gl\u00f3ria e que est\u00e3o vinculados ao Circuito Carioca de Feiras Org\u00e2nicas (CCFO), buscou-se verificar de que modo a rela\u00e7\u00e3o de jovens rurais e Redes Alimentares Alternativas vem se configurando.<br \/>\n<strong>Palavras-chave<\/strong>: Redes alimentares alternativas; Jovens rurais; Perman\u00eancia no campo; Venda direta; Agricultura familiar; Circuito Carioca de Feiras Org\u00e2nicas.<\/p>\n<p>&nbsp;<\/p>\n<hr \/>\n<p>&nbsp;<\/p>\n<p><strong>LIARA FARIAS BAMBIRRA<\/strong><br \/>\n<strong><a href=\"https:\/\/sucupira.capes.gov.br\/sucupira\/public\/consultas\/coleta\/trabalhoConclusao\/viewTrabalhoConclusao.jsf?popup=true&amp;id_trabalho=11753045\" target=\"_blank\" rel=\"noopener\">Para al\u00e9m do desenvolvimento extrativista: resist\u00eancias e produ\u00e7\u00e3o de conhecimentos a partir do territ\u00f3rio-corpo-terra<\/a><br \/>\n<strong>(Indicada para o Pr\u00eamio Anpocs de Tese de Doutorado e Disserta\u00e7\u00e3o de Mestrado 2023)<\/strong><br \/>\n<strong>(Men\u00e7\u00e3o Honrosa Disserta\u00e7\u00e3o Pr\u00eamio ANPPAS 2023)<\/strong><br \/>\n<\/strong><strong>Defesa<\/strong>: 02\/09\/2022<\/p>\n<p><strong>Banca<\/strong>: Fabrina Furtado (Orientadora \/ CPDA\/UFRRJ), Maria Del Carmen Villarreal Villamar (UFRRJ) e Juliana Neves Barros.<\/p>\n<p><strong>Resumo<\/strong>: A pesquisa coloca em quest\u00e3o o modelo de desenvolvimento extrativista minerador na Am\u00e9rica Latina e as afeta\u00e7\u00f5es diferenciadas aos corpos e territ\u00f3rios das mulheres. Apesar de serem as mais afetadas pelos efeitos da l\u00f3gica desenvolvimentista, as mulheres assumem tamb\u00e9m centralidade nas lutas em defesa dos seus territ\u00f3rios-corpos-terras. Nesse sentido, a investiga\u00e7\u00e3o busca entender como s\u00e3o constru\u00eddos e disseminados os conhecimentos em espa\u00e7os de resist\u00eancia das mulheres atingidas, a partir da Red Latinoamericana de Mujeres Defensoras de Derechos Sociales y Ambientales. Investigo os impactos diferenciados de acordo com o g\u00eanero, a forma em que as mulheres atingidas resistem a partir dos seus territ\u00f3rios-corpos-terras e os m\u00e9todos de articula\u00e7\u00e3o do coletivo, suas constru\u00e7\u00f5es argumentativas e pedagogias.<br \/>\n<strong>Palavras-chave<\/strong>: Extrativismo minerador; Mulheres Atingidas; Territ\u00f3rio-corpo-terra; Resist\u00eancias.<\/p>\n<p>&nbsp;<\/p>\n<hr \/>\n<p>&nbsp;<\/p>\n<p><strong>THIAGO MILAGRES BOECHAT<\/strong><br \/>\n<strong><a href=\"https:\/\/sucupira.capes.gov.br\/sucupira\/public\/consultas\/coleta\/trabalhoConclusao\/viewTrabalhoConclusao.jsf?popup=true&amp;id_trabalho=11753031\" target=\"_blank\" rel=\"noopener\">A influ\u00eancia do perfil dos t\u00e9cnicos de extens\u00e3o rural na execu\u00e7\u00e3o do Programa Rio Rural<\/a><br \/>\n<\/strong><strong>Defesa<\/strong>: 02\/09\/2022<\/p>\n<p><strong>Banca<\/strong>: Debora Franco Lerrer (Orientadora \/ CPDA\/UFRRJ), Jorge Osvaldo Romano (CPDA\/UFRRJ) e Flaviane de Carvalho Vilanese (UnB).<\/p>\n<p><strong>Resumo<\/strong>: O presente trabalho analisa a influ\u00eancia exercida pelo perfil dos t\u00e9cnicos de Extens\u00e3o Rural na execu\u00e7\u00e3o da pol\u00edtica de assist\u00eancia t\u00e9cnica rural. Mais exatamente, busca compreender de que forma a forma\u00e7\u00e3o acad\u00eamico-profissional do t\u00e9cnico de extens\u00e3o rural, sua posi\u00e7\u00e3o pol\u00edtico-ideol\u00f3gica, entre outros aspectos que conformam seu perfil, s\u00e3o fatores decisivos na realiza\u00e7\u00e3o da pol\u00edtica de assist\u00eancia t\u00e9cnica rural. Deseja-se, com isso, compreender melhor a realidade da atua\u00e7\u00e3o desses profissionais. O perfil desses profissionais e a realidade de sua atua\u00e7\u00e3o foi examinada a partir de entrevistas semiestruturadas. Espera-se, ainda, que a an\u00e1lise do perfil desses profissionais e de sua atua\u00e7\u00e3o concreta possa contribuir para uma avalia\u00e7\u00e3o mais realista da pol\u00edtica de assist\u00eancia t\u00e9cnica rural.<br \/>\n<strong>Palavras-chave<\/strong>: extens\u00e3o rural, ATER, t\u00e9cnico de extens\u00e3o rural, Programa Rio Rural, Bacia do Igua\u00e7u.<\/p>\n<p>&nbsp;<\/p>\n<hr \/>\n<p>&nbsp;<\/p>\n<p><strong>ELVER GUERRERO ESPITIA<\/strong><br \/>\n<strong><a href=\"https:\/\/sucupira.capes.gov.br\/sucupira\/public\/consultas\/coleta\/trabalhoConclusao\/viewTrabalhoConclusao.jsf?popup=true&amp;id_trabalho=11753098\" target=\"_blank\" rel=\"noopener\">As faces da cana-de-a\u00e7\u00facar, an\u00e1lise da desestrutura\u00e7\u00e3o da ind\u00fastria a\u00e7ucareira em Porto Rico. Um olhar do bloco crioulo como elite agr\u00e1ria em transforma\u00e7\u00e3o<\/a><br \/>\n<\/strong><strong>Defesa<\/strong>: 30\/09\/2022<\/p>\n<p><strong>Banca<\/strong>: Jorge Osvaldo Romano (Orientador \/ CPDA\/UFRRJ), Andrey Cordeiro Ferreira (CPDA\/UFRRJ) e Joaqu\u00edn Villanueva.<\/p>\n<p><strong>Resumo<\/strong>: Esta pesquisa concentra sua an\u00e1lise na desestrutura\u00e7\u00e3o da ind\u00fastria canavieira em Porto Rico, sob o olhar da classe dominante agr\u00e1ria porto-riquenha, denominada Bloco Crioulo, considerando as particularidades da condi\u00e7\u00e3o colonial ratificada por meio da designa\u00e7\u00e3o de Estado Livre. Associado ELA. Portanto, esta pesquisa busca analisar a din\u00e2mica organizacional dessa classe dominante agr\u00e1ria em rela\u00e7\u00e3o \u00e0 ascens\u00e3o e decl\u00ednio da cultura da cana-de-a\u00e7\u00facar em Porto Rico. Nesse sentido, a partir da desestrutura\u00e7\u00e3o da ind\u00fastria canavieira, pretende-se analisar como a elite a\u00e7ucareira se reestrutura e quais s\u00e3o suas continuidades e descontinuidades nos espa\u00e7os de domina\u00e7\u00e3o do setor imobili\u00e1rio e financeiro. Ao indagar sobre a transforma\u00e7\u00e3o dos senhores do a\u00e7\u00facar, que parte daquele bloco crioulo conseguiu se manter e a transi\u00e7\u00e3o para outros regimes de acumula\u00e7\u00e3o, qual foi sua continuidade at\u00e9 os dias atuais, busca-se analisar como e que parte dessa elite econ\u00f4mica se manteve, qual \u00e9 a rela\u00e7\u00e3o com as institui\u00e7\u00f5es pol\u00edticas e de que forma elas t\u00eam conseguido manter sua influ\u00eancia no poder pol\u00edtico da ilha at\u00e9 hoje.<br \/>\n<strong>Palavras-chave<\/strong>: Bloco Crioulo, Ind\u00fastria A\u00e7ucareira, Elite Agr\u00e1ria.<\/p>\n<p>&nbsp;<\/p>\n<hr \/>\n<p>&nbsp;<\/p>\n<p>&nbsp;<\/p>\n<p>&nbsp;<\/p>\n","protected":false},"excerpt":{"rendered":"<p>Os trabalhos est\u00e3o colocados em ordem cronol\u00f3gica (data da defesa) e podem ser acessados na plataforma Sucupira ao clicar em <a class=\"read-more\" href=\"https:\/\/institucional.ufrrj.br\/portalcpda\/dissertacoes-mestrado-2022\/ \" >&#8230; <span class=\"font-italic\">leia mais <i class=\"fas fa-angle-right\"><\/i><\/span><\/a><\/p>\n","protected":false},"author":715,"featured_media":0,"parent":0,"menu_order":0,"comment_status":"closed","ping_status":"closed","template":"","meta":{"_acf_changed":false,"footnotes":""},"class_list":["post-23196","page","type-page","status-publish","hentry"],"yoast_head":"<!-- This site is optimized with the Yoast SEO plugin v27.2 - https:\/\/yoast.com\/product\/yoast-seo-wordpress\/ -->\n<title>Disserta\u00e7\u00f5es Mestrado 2022 - CPDA<\/title>\n<meta name=\"robots\" content=\"index, follow, max-snippet:-1, max-image-preview:large, max-video-preview:-1\" \/>\n<link rel=\"canonical\" href=\"https:\/\/institucional.ufrrj.br\/portalcpda\/dissertacoes-mestrado-2022\/\" \/>\n<meta property=\"og:locale\" content=\"pt_BR\" \/>\n<meta property=\"og:type\" content=\"article\" \/>\n<meta property=\"og:title\" content=\"Disserta\u00e7\u00f5es Mestrado 2022 - CPDA\" \/>\n<meta property=\"og:description\" content=\"Os trabalhos est\u00e3o colocados em ordem cronol\u00f3gica (data da defesa) e podem ser acessados na plataforma Sucupira ao clicar em ... leia mais\" \/>\n<meta property=\"og:url\" content=\"https:\/\/institucional.ufrrj.br\/portalcpda\/dissertacoes-mestrado-2022\/\" \/>\n<meta property=\"og:site_name\" content=\"CPDA\" \/>\n<meta property=\"article:modified_time\" content=\"2023-09-18T21:06:37+00:00\" \/>\n<meta name=\"twitter:card\" content=\"summary_large_image\" \/>\n<meta name=\"twitter:label1\" content=\"Est. tempo de leitura\" \/>\n\t<meta name=\"twitter:data1\" content=\"11 minutos\" \/>\n<script type=\"application\/ld+json\" class=\"yoast-schema-graph\">{\"@context\":\"https:\/\/schema.org\",\"@graph\":[{\"@type\":\"WebPage\",\"@id\":\"https:\/\/institucional.ufrrj.br\/portalcpda\/dissertacoes-mestrado-2022\/\",\"url\":\"https:\/\/institucional.ufrrj.br\/portalcpda\/dissertacoes-mestrado-2022\/\",\"name\":\"Disserta\u00e7\u00f5es Mestrado 2022 - CPDA\",\"isPartOf\":{\"@id\":\"https:\/\/institucional.ufrrj.br\/portalcpda\/#website\"},\"datePublished\":\"2022-05-11T11:42:17+00:00\",\"dateModified\":\"2023-09-18T21:06:37+00:00\",\"breadcrumb\":{\"@id\":\"https:\/\/institucional.ufrrj.br\/portalcpda\/dissertacoes-mestrado-2022\/#breadcrumb\"},\"inLanguage\":\"pt-BR\",\"potentialAction\":[{\"@type\":\"ReadAction\",\"target\":[\"https:\/\/institucional.ufrrj.br\/portalcpda\/dissertacoes-mestrado-2022\/\"]}]},{\"@type\":\"BreadcrumbList\",\"@id\":\"https:\/\/institucional.ufrrj.br\/portalcpda\/dissertacoes-mestrado-2022\/#breadcrumb\",\"itemListElement\":[{\"@type\":\"ListItem\",\"position\":1,\"name\":\"In\u00edcio\",\"item\":\"https:\/\/institucional.ufrrj.br\/portalcpda\/\"},{\"@type\":\"ListItem\",\"position\":2,\"name\":\"Disserta\u00e7\u00f5es Mestrado 2022\"}]},{\"@type\":\"WebSite\",\"@id\":\"https:\/\/institucional.ufrrj.br\/portalcpda\/#website\",\"url\":\"https:\/\/institucional.ufrrj.br\/portalcpda\/\",\"name\":\"CPDA\",\"description\":\"institucional.ufrrj.br\",\"potentialAction\":[{\"@type\":\"SearchAction\",\"target\":{\"@type\":\"EntryPoint\",\"urlTemplate\":\"https:\/\/institucional.ufrrj.br\/portalcpda\/?s={search_term_string}\"},\"query-input\":{\"@type\":\"PropertyValueSpecification\",\"valueRequired\":true,\"valueName\":\"search_term_string\"}}],\"inLanguage\":\"pt-BR\"}]}<\/script>\n<!-- \/ Yoast SEO plugin. -->","yoast_head_json":{"title":"Disserta\u00e7\u00f5es Mestrado 2022 - CPDA","robots":{"index":"index","follow":"follow","max-snippet":"max-snippet:-1","max-image-preview":"max-image-preview:large","max-video-preview":"max-video-preview:-1"},"canonical":"https:\/\/institucional.ufrrj.br\/portalcpda\/dissertacoes-mestrado-2022\/","og_locale":"pt_BR","og_type":"article","og_title":"Disserta\u00e7\u00f5es Mestrado 2022 - CPDA","og_description":"Os trabalhos est\u00e3o colocados em ordem cronol\u00f3gica (data da defesa) e podem ser acessados na plataforma Sucupira ao clicar em ... leia mais","og_url":"https:\/\/institucional.ufrrj.br\/portalcpda\/dissertacoes-mestrado-2022\/","og_site_name":"CPDA","article_modified_time":"2023-09-18T21:06:37+00:00","twitter_card":"summary_large_image","twitter_misc":{"Est. tempo de leitura":"11 minutos"},"schema":{"@context":"https:\/\/schema.org","@graph":[{"@type":"WebPage","@id":"https:\/\/institucional.ufrrj.br\/portalcpda\/dissertacoes-mestrado-2022\/","url":"https:\/\/institucional.ufrrj.br\/portalcpda\/dissertacoes-mestrado-2022\/","name":"Disserta\u00e7\u00f5es Mestrado 2022 - CPDA","isPartOf":{"@id":"https:\/\/institucional.ufrrj.br\/portalcpda\/#website"},"datePublished":"2022-05-11T11:42:17+00:00","dateModified":"2023-09-18T21:06:37+00:00","breadcrumb":{"@id":"https:\/\/institucional.ufrrj.br\/portalcpda\/dissertacoes-mestrado-2022\/#breadcrumb"},"inLanguage":"pt-BR","potentialAction":[{"@type":"ReadAction","target":["https:\/\/institucional.ufrrj.br\/portalcpda\/dissertacoes-mestrado-2022\/"]}]},{"@type":"BreadcrumbList","@id":"https:\/\/institucional.ufrrj.br\/portalcpda\/dissertacoes-mestrado-2022\/#breadcrumb","itemListElement":[{"@type":"ListItem","position":1,"name":"In\u00edcio","item":"https:\/\/institucional.ufrrj.br\/portalcpda\/"},{"@type":"ListItem","position":2,"name":"Disserta\u00e7\u00f5es Mestrado 2022"}]},{"@type":"WebSite","@id":"https:\/\/institucional.ufrrj.br\/portalcpda\/#website","url":"https:\/\/institucional.ufrrj.br\/portalcpda\/","name":"CPDA","description":"institucional.ufrrj.br","potentialAction":[{"@type":"SearchAction","target":{"@type":"EntryPoint","urlTemplate":"https:\/\/institucional.ufrrj.br\/portalcpda\/?s={search_term_string}"},"query-input":{"@type":"PropertyValueSpecification","valueRequired":true,"valueName":"search_term_string"}}],"inLanguage":"pt-BR"}]}},"acf":[],"_links":{"self":[{"href":"https:\/\/institucional.ufrrj.br\/portalcpda\/wp-json\/wp\/v2\/pages\/23196","targetHints":{"allow":["GET"]}}],"collection":[{"href":"https:\/\/institucional.ufrrj.br\/portalcpda\/wp-json\/wp\/v2\/pages"}],"about":[{"href":"https:\/\/institucional.ufrrj.br\/portalcpda\/wp-json\/wp\/v2\/types\/page"}],"author":[{"embeddable":true,"href":"https:\/\/institucional.ufrrj.br\/portalcpda\/wp-json\/wp\/v2\/users\/715"}],"replies":[{"embeddable":true,"href":"https:\/\/institucional.ufrrj.br\/portalcpda\/wp-json\/wp\/v2\/comments?post=23196"}],"version-history":[{"count":10,"href":"https:\/\/institucional.ufrrj.br\/portalcpda\/wp-json\/wp\/v2\/pages\/23196\/revisions"}],"predecessor-version":[{"id":25049,"href":"https:\/\/institucional.ufrrj.br\/portalcpda\/wp-json\/wp\/v2\/pages\/23196\/revisions\/25049"}],"wp:attachment":[{"href":"https:\/\/institucional.ufrrj.br\/portalcpda\/wp-json\/wp\/v2\/media?parent=23196"}],"curies":[{"name":"wp","href":"https:\/\/api.w.org\/{rel}","templated":true}]}}