{"id":23157,"date":"2022-04-27T21:08:37","date_gmt":"2022-04-28T00:08:37","guid":{"rendered":"https:\/\/institucional.ufrrj.br\/portalcpda\/?page_id=23157"},"modified":"2022-04-27T21:32:41","modified_gmt":"2022-04-28T00:32:41","slug":"sociologia-das-insurgencias","status":"publish","type":"page","link":"https:\/\/institucional.ufrrj.br\/portalcpda\/sociologia-das-insurgencias\/","title":{"rendered":"Sociologia das Insurg\u00eancias"},"content":{"rendered":"<p>IH 1583<\/p>\n<p>Disciplina Espec\u00edfica da Linha de Pesquisa Terra, Poder e Territ\u00f3rio<br \/>\nN\u00famero de cr\u00e9ditos : 3<br \/>\nCarga hor\u00e1ria: 4 horas aulas semanais<br \/>\nProfessores respons\u00e1veis: Andrey Cordeiro Ferreira e Carmen Silvia Andriolli<\/p>\n<p style=\"font-weight: 400\"><strong>Objetivo<\/strong><\/p>\n<p style=\"font-weight: 400\">A disciplina tem como objetivo discutir as insurg\u00eancias, consideradas como formas especificas de resist\u00eancia de classes e grupos subalternos que reestruturam as rela\u00e7\u00f5es de poder no n\u00edvel micro e\/ou macro.<\/p>\n<p style=\"font-weight: 400\"><strong>Ementa<\/strong><\/p>\n<p style=\"font-weight: 400\">As insurg\u00eancias s\u00e3o processos estrat\u00e9gicos da geopol\u00edtica mundial, geradores de novas formas sociais (experi\u00eancias de autogoverno e autonomia, formas de produ\u00e7\u00e3o e identidade) e de diferentes tipos de pol\u00edtica (processos e sistemas). Colocaram-se como modo de conflito social predominante no p\u00f3s Guerra Fria, assumindo especialmente as formas de insurrei\u00e7\u00f5es e guerras camponesas e ind\u00edgenas na Am\u00e9rica Latina, \u00c1sia e \u00c1frica, mas tamb\u00e9m de grandes revoltas desarmadas de diferentes tipos de subproletariado urbano em pa\u00edses centrais e perif\u00e9ricos (como nas insurrei\u00e7\u00f5es do movimento antiglobaliza\u00e7\u00e3o).\u00a0Um dos aspectos principais das insurg\u00eancias \u00e9 que elas fundam, objetivamente, novas formas de controle (mesmo que tempor\u00e1rio) do territ\u00f3rio, criando assim a dualidade ou multiplicidade de formas de poder que rivalizam, e relativizam, o monop\u00f3lio do poder do Estado e outras formas de poder monopolista (como o de grandes corpora\u00e7\u00f5es e do crime organizado). Outro aspecto \u00e9 que as insurg\u00eancias, ao \u201cdispersar\u201d o poder, (re) criam novas formas de organiza\u00e7\u00e3o social, cultura e identidade, sistemas jur\u00eddicos e rela\u00e7\u00f5es econ\u00f4micas, transformando substancialmente os projetos sociais em disputa.<\/p>\n<p style=\"font-weight: 400\"><strong>Bibliografia<\/strong><\/p>\n<p style=\"font-weight: 400\">ARDITI, Benjam\u00edn.\u00a0<strong>Las Insurgencias No Tienen un Plan\u2013Ellas Son el Plan: Performativos Pol\u00edticos y Mediadores Evanescentes<\/strong>.\u00a0<em>Revista Sul-Americana de Ci\u00eancia Pol\u00edtica<\/em>\u00a01.2 (2013): 1-18.<br \/>\nCASTORIADIS, Cornelius.\u00a0<strong>A experi\u00eancia do movimento oper\u00e1rio<\/strong>. S\u00e3o Paulo: Brasiliense, 1985.<br \/>\nCHESNAIS, Fran\u00e7ois.\u00a0<strong>A mundializa\u00e7\u00e3o do capital<\/strong>. Xam\u00e3, 1996.<br \/>\nCLASTRES, Pierre.\u00a0<strong>A sociedade contra o Estado<\/strong>. Editora Cosac Naify, 2014.<br \/>\nFERREIRA, A. C. Anarquismo, pensamento e pr\u00e1ticas insurgentes. In: 2014 (Ed.).\u00a0<strong>De baixo para cima e da periferia para o centro: textos pol\u00edticos, filos\u00f3ficos e de teoria sociol\u00f3gica de Mikhail Bakunin<\/strong><u>\u00a0<\/u>Niter\u00f3i: Editora Alternativa, v.I, 2014. Anarquismo, pensamento e pr\u00e1ticas insurgentes, p.21-61<br \/>\nFERREIRA, Cordeiro Andrey.\u00a0<strong>Pensamento e pr\u00e1ticas insurgentes: anarquismo e autonomias nos levantes e resist\u00eancias do capitalismo no s\u00e9culo XXI<em>,\u00a0<\/em><\/strong>Niter\u00f3i, Editora Alternativa,<strong><em>\u00a0<\/em><\/strong>2016.<br \/>\nGONZ\u00c1LEZ, M.\u00a0<strong>La autonom\u00eda a debate: autogobierno ind\u00edgena y Estado plurinacional en Am\u00e9rica Latina<\/strong>. Quito: FLACSO. 2010<br \/>\nGRAEBER, David.\u00a0<strong>Direct action: An ethnography<\/strong>. AK press, 2009.<br \/>\nMARB\u00c1N, Jos\u00e9 Sotelo,<strong>\u00a0O<\/strong><strong>axaca: Insurgencia civil y terrorismo de Estado<\/strong>. Ediciones Era, 2008.<br \/>\nMENDES, Alexandre F; Falbo, Ricardo Nery; Teixeira, Michael (Org).\u00a0<strong>O Fim da Narrativa Progressista na Am\u00e9rica do Sul: entre impasses e alternativas constituintes,\u00a0<\/strong>Juiz de Fora, Editar, 2016.<br \/>\nMIRES, Fernando.\u00a0<strong>La rebeli\u00f3n permanente: las revoluciones sociales en Am\u00e9rica Latina<\/strong>.\u00a0Siglo XXI, 1989.<br \/>\nMONTOYA, Aurelio Suarez.<strong>\u00a0Economia de los Estados Unidos. La Crisis del 2008 y las Politicas de rescate de Obama obamanomics,\u00a0<\/strong>Bogot\u00e1, EDICIONES AURORA, 2016.<br \/>\nPETRAS, James; VELTMEYER, Henry.\u00a0<strong>Extractive Imperialism in the Americas: Capitalism\u2019s New Frontier<\/strong>.\u00a0Brill, 2014.<br \/>\nSCOTT, J.\u00a0<strong>Elogio del anarquismo<\/strong>. Barcelona: Editorial Critica. 2013.<br \/>\nSCOTT, James C.\u00a0<strong>The art of not being governed: An anarchist history of upland Southeast Asia.<\/strong>\u00a0Yale University Press, 2014.<br \/>\nSCOTT, James.\u00a0<strong>Los dominados y el arte de la resistencia. Discursos ocultos<\/strong>. M\u00e9xico DF: Edic\u00edones ERA, 2000.<br \/>\nSHANTZ, J.\u00a0<strong>Protest and Punishment: The Repression of Resistance in the Era of Neoliberal Globalization,<\/strong>\u00a0 Durham, North Carolina: Carolina Academic Press 2012. 294 p.<br \/>\nSTARR, A.\u00a0<strong>Global revolt: A guide to the movements against globalization<\/strong>: Zed books. 2005.<br \/>\nTHOMPSON, A. K.\u00a0<strong>Black bloc, white riot: anti-globalization and the genealogy of dissent<\/strong>: AK Press. 2010.<br \/>\nTHOMPSON, Edward Palmer.\u00a0<strong>Costumes em comum<\/strong>. S\u00e3o Paulo: Companhia das Letras, 1998.<br \/>\nWALLERSTEIN, Immanuel.\u00a0<strong>The politics of the world-economy: The states, the movements and the civilizations<\/strong>.\u00a0Cambridge University Press, 1984.<br \/>\nWOLF, Eric Robert.\u00a0<strong>Guerras camponesas do s\u00e9culo XX<\/strong>. Global, 1984.<br \/>\nZIBECHI, Ra\u00fal.\u00a0<strong>Autonom\u00edas y emancipaciones: Am\u00e9rica Latina en movimiento<\/strong>. Universidad Nacional Mayor de San Marcos, Fondo Editorial de la Facultad de Ciencias Sociales, 2007.<br \/>\nZIBECHI, Ra\u00fal.\u00a0<strong>Dispersar el poder: los movimientos sociales como poderes antiestatales<\/strong>. Ediciones Desde Abajo, 2007.<\/p>\n","protected":false},"excerpt":{"rendered":"<p>IH 1583 Disciplina Espec\u00edfica da Linha de Pesquisa Terra, Poder e Territ\u00f3rio N\u00famero de cr\u00e9ditos : 3 Carga hor\u00e1ria: 4 <a class=\"read-more\" href=\"https:\/\/institucional.ufrrj.br\/portalcpda\/sociologia-das-insurgencias\/ \" >&#8230; <span class=\"font-italic\">leia mais <i class=\"fas fa-angle-right\"><\/i><\/span><\/a><\/p>\n","protected":false},"author":711,"featured_media":0,"parent":0,"menu_order":0,"comment_status":"closed","ping_status":"closed","template":"","meta":{"_acf_changed":false,"footnotes":""},"class_list":["post-23157","page","type-page","status-publish","hentry"],"yoast_head":"<!-- This site is optimized with the Yoast SEO plugin v27.2 - https:\/\/yoast.com\/product\/yoast-seo-wordpress\/ -->\n<title>Sociologia das Insurg\u00eancias - CPDA<\/title>\n<meta name=\"robots\" content=\"index, follow, max-snippet:-1, max-image-preview:large, max-video-preview:-1\" \/>\n<link rel=\"canonical\" href=\"https:\/\/institucional.ufrrj.br\/portalcpda\/sociologia-das-insurgencias\/\" \/>\n<meta property=\"og:locale\" content=\"pt_BR\" \/>\n<meta property=\"og:type\" content=\"article\" \/>\n<meta property=\"og:title\" content=\"Sociologia das Insurg\u00eancias - CPDA\" \/>\n<meta property=\"og:description\" content=\"IH 1583 Disciplina Espec\u00edfica da Linha de Pesquisa Terra, Poder e Territ\u00f3rio N\u00famero de cr\u00e9ditos : 3 Carga hor\u00e1ria: 4 ... leia mais\" \/>\n<meta property=\"og:url\" content=\"https:\/\/institucional.ufrrj.br\/portalcpda\/sociologia-das-insurgencias\/\" \/>\n<meta property=\"og:site_name\" content=\"CPDA\" \/>\n<meta property=\"article:modified_time\" content=\"2022-04-28T00:32:41+00:00\" \/>\n<meta name=\"twitter:card\" content=\"summary_large_image\" \/>\n<meta name=\"twitter:label1\" content=\"Est. tempo de leitura\" \/>\n\t<meta name=\"twitter:data1\" content=\"3 minutos\" \/>\n<script type=\"application\/ld+json\" class=\"yoast-schema-graph\">{\"@context\":\"https:\/\/schema.org\",\"@graph\":[{\"@type\":\"WebPage\",\"@id\":\"https:\/\/institucional.ufrrj.br\/portalcpda\/sociologia-das-insurgencias\/\",\"url\":\"https:\/\/institucional.ufrrj.br\/portalcpda\/sociologia-das-insurgencias\/\",\"name\":\"Sociologia das Insurg\u00eancias - CPDA\",\"isPartOf\":{\"@id\":\"https:\/\/institucional.ufrrj.br\/portalcpda\/#website\"},\"datePublished\":\"2022-04-28T00:08:37+00:00\",\"dateModified\":\"2022-04-28T00:32:41+00:00\",\"breadcrumb\":{\"@id\":\"https:\/\/institucional.ufrrj.br\/portalcpda\/sociologia-das-insurgencias\/#breadcrumb\"},\"inLanguage\":\"pt-BR\",\"potentialAction\":[{\"@type\":\"ReadAction\",\"target\":[\"https:\/\/institucional.ufrrj.br\/portalcpda\/sociologia-das-insurgencias\/\"]}]},{\"@type\":\"BreadcrumbList\",\"@id\":\"https:\/\/institucional.ufrrj.br\/portalcpda\/sociologia-das-insurgencias\/#breadcrumb\",\"itemListElement\":[{\"@type\":\"ListItem\",\"position\":1,\"name\":\"In\u00edcio\",\"item\":\"https:\/\/institucional.ufrrj.br\/portalcpda\/\"},{\"@type\":\"ListItem\",\"position\":2,\"name\":\"Sociologia das Insurg\u00eancias\"}]},{\"@type\":\"WebSite\",\"@id\":\"https:\/\/institucional.ufrrj.br\/portalcpda\/#website\",\"url\":\"https:\/\/institucional.ufrrj.br\/portalcpda\/\",\"name\":\"CPDA\",\"description\":\"institucional.ufrrj.br\",\"potentialAction\":[{\"@type\":\"SearchAction\",\"target\":{\"@type\":\"EntryPoint\",\"urlTemplate\":\"https:\/\/institucional.ufrrj.br\/portalcpda\/?s={search_term_string}\"},\"query-input\":{\"@type\":\"PropertyValueSpecification\",\"valueRequired\":true,\"valueName\":\"search_term_string\"}}],\"inLanguage\":\"pt-BR\"}]}<\/script>\n<!-- \/ Yoast SEO plugin. -->","yoast_head_json":{"title":"Sociologia das Insurg\u00eancias - CPDA","robots":{"index":"index","follow":"follow","max-snippet":"max-snippet:-1","max-image-preview":"max-image-preview:large","max-video-preview":"max-video-preview:-1"},"canonical":"https:\/\/institucional.ufrrj.br\/portalcpda\/sociologia-das-insurgencias\/","og_locale":"pt_BR","og_type":"article","og_title":"Sociologia das Insurg\u00eancias - CPDA","og_description":"IH 1583 Disciplina Espec\u00edfica da Linha de Pesquisa Terra, Poder e Territ\u00f3rio N\u00famero de cr\u00e9ditos : 3 Carga hor\u00e1ria: 4 ... leia mais","og_url":"https:\/\/institucional.ufrrj.br\/portalcpda\/sociologia-das-insurgencias\/","og_site_name":"CPDA","article_modified_time":"2022-04-28T00:32:41+00:00","twitter_card":"summary_large_image","twitter_misc":{"Est. tempo de leitura":"3 minutos"},"schema":{"@context":"https:\/\/schema.org","@graph":[{"@type":"WebPage","@id":"https:\/\/institucional.ufrrj.br\/portalcpda\/sociologia-das-insurgencias\/","url":"https:\/\/institucional.ufrrj.br\/portalcpda\/sociologia-das-insurgencias\/","name":"Sociologia das Insurg\u00eancias - CPDA","isPartOf":{"@id":"https:\/\/institucional.ufrrj.br\/portalcpda\/#website"},"datePublished":"2022-04-28T00:08:37+00:00","dateModified":"2022-04-28T00:32:41+00:00","breadcrumb":{"@id":"https:\/\/institucional.ufrrj.br\/portalcpda\/sociologia-das-insurgencias\/#breadcrumb"},"inLanguage":"pt-BR","potentialAction":[{"@type":"ReadAction","target":["https:\/\/institucional.ufrrj.br\/portalcpda\/sociologia-das-insurgencias\/"]}]},{"@type":"BreadcrumbList","@id":"https:\/\/institucional.ufrrj.br\/portalcpda\/sociologia-das-insurgencias\/#breadcrumb","itemListElement":[{"@type":"ListItem","position":1,"name":"In\u00edcio","item":"https:\/\/institucional.ufrrj.br\/portalcpda\/"},{"@type":"ListItem","position":2,"name":"Sociologia das Insurg\u00eancias"}]},{"@type":"WebSite","@id":"https:\/\/institucional.ufrrj.br\/portalcpda\/#website","url":"https:\/\/institucional.ufrrj.br\/portalcpda\/","name":"CPDA","description":"institucional.ufrrj.br","potentialAction":[{"@type":"SearchAction","target":{"@type":"EntryPoint","urlTemplate":"https:\/\/institucional.ufrrj.br\/portalcpda\/?s={search_term_string}"},"query-input":{"@type":"PropertyValueSpecification","valueRequired":true,"valueName":"search_term_string"}}],"inLanguage":"pt-BR"}]}},"acf":[],"_links":{"self":[{"href":"https:\/\/institucional.ufrrj.br\/portalcpda\/wp-json\/wp\/v2\/pages\/23157","targetHints":{"allow":["GET"]}}],"collection":[{"href":"https:\/\/institucional.ufrrj.br\/portalcpda\/wp-json\/wp\/v2\/pages"}],"about":[{"href":"https:\/\/institucional.ufrrj.br\/portalcpda\/wp-json\/wp\/v2\/types\/page"}],"author":[{"embeddable":true,"href":"https:\/\/institucional.ufrrj.br\/portalcpda\/wp-json\/wp\/v2\/users\/711"}],"replies":[{"embeddable":true,"href":"https:\/\/institucional.ufrrj.br\/portalcpda\/wp-json\/wp\/v2\/comments?post=23157"}],"version-history":[{"count":5,"href":"https:\/\/institucional.ufrrj.br\/portalcpda\/wp-json\/wp\/v2\/pages\/23157\/revisions"}],"predecessor-version":[{"id":23172,"href":"https:\/\/institucional.ufrrj.br\/portalcpda\/wp-json\/wp\/v2\/pages\/23157\/revisions\/23172"}],"wp:attachment":[{"href":"https:\/\/institucional.ufrrj.br\/portalcpda\/wp-json\/wp\/v2\/media?parent=23157"}],"curies":[{"name":"wp","href":"https:\/\/api.w.org\/{rel}","templated":true}]}}