{"id":23150,"date":"2022-04-27T20:59:25","date_gmt":"2022-04-27T23:59:25","guid":{"rendered":"https:\/\/institucional.ufrrj.br\/portalcpda\/?page_id=23150"},"modified":"2022-04-27T21:05:26","modified_gmt":"2022-04-28T00:05:26","slug":"financeirizacao-da-agricultura-e-formas-de-apropriacao-de-terras","status":"publish","type":"page","link":"https:\/\/institucional.ufrrj.br\/portalcpda\/financeirizacao-da-agricultura-e-formas-de-apropriacao-de-terras\/","title":{"rendered":"Financeiriza\u00e7\u00e3o da agricultura e formas de apropria\u00e7\u00e3o de terras"},"content":{"rendered":"<p>IH 1580<\/p>\n<p>Disciplina espec\u00edfica da Linha Terra, Poder e Territ\u00f3rio<br \/>\nN\u00famero de cr\u00e9ditos : 3<br \/>\nCarga hor\u00e1ria: 4 horas aulas semanais<br \/>\nProfessores respons\u00e1veis: S\u00e9rgio Pereira Leite e Karina Kato<\/p>\n<p><strong>Ementa<\/strong><\/p>\n<p>No transcurso da \u00faltima d\u00e9cada, expressivas transforma\u00e7\u00f5es econ\u00f4micas e sociais tiveram lugar no contexto do capitalismo global, n\u00e3o s\u00f3 no tocante \u00e0 reorganiza\u00e7\u00e3o produtiva e tecnol\u00f3gica mas, fundamentalmente, na reconfigura\u00e7\u00e3o geopol\u00edtica dos atores e dos seus interesses dentro do sistema e no processo cada vez mais intenso de financeiriza\u00e7\u00e3o das atividades econ\u00f4micas. O setor rural tem assumido posi\u00e7\u00e3o singular no conjunto dessas iniciativas. Estamos assistindo a um crescimento do interesse e busca por terras em todo o mundo, especialmente em raz\u00e3o da demanda por alimentos, agroenergias e mat\u00e9rias-primas. Segundo estudo do Banco Mundial, de 2010, a demanda mundial por terras tem sido enorme, especialmente a partir de 2008, tornando a \u201cdisputa territorial\u201d um fen\u00f4meno global. A transfer\u00eancia de terras agricult\u00e1veis era da ordem de quatro milh\u00f5es de hectares por ano antes de 2008. S\u00f3 entre outubro de 2008 e agosto de 2009, foram comercializados mais de 45 milh\u00f5es de hectares, sendo que 75% destes na \u00c1frica e outros 3,6 milh\u00f5es de hectares no Brasil e Argentina, impulsionando aquilo que se convencionou chamar, na express\u00e3o em ingl\u00eas, de \u201cland grabbing\u201d, ou \u201cestrangeiriza\u00e7\u00e3o\u201d das terras. Esses termos v\u00eam sendo empregados nos estudos na \u00e1rea, para caracterizar um processo de apropria\u00e7\u00e3o de grandes parcelas de terra pelo capital estrangeiro envolvidas na produ\u00e7\u00e3o e exporta\u00e7\u00e3o de alimentos, ra\u00e7\u00f5es, biocombust\u00edveis, madeiras e minerais. Pa\u00edses da Am\u00e9rica Latina e da \u00c1frica, normalmente ricos em recursos naturais e em grandes extens\u00f5es de terras agricult\u00e1veis, passaram a ser o alvo de muitos investimentos internacionais capitaneados por grandes corpora\u00e7\u00f5es, em larga medida, com apoio dos Estados. \u00c9 o caso de pa\u00edses, como a China, que buscam arrecadar novas \u00e1reas para produ\u00e7\u00e3o de alimentos, min\u00e9rios e biomassa, tendo em vista as limita\u00e7\u00f5es do seu pr\u00f3prio territ\u00f3rio. Para tanto, lan\u00e7ou-se m\u00e3o da no\u00e7\u00e3o de \u201cinvestimentos respons\u00e1veis\u201d &#8211; no sentido de qualificar esse tipo de iniciativa &#8211; como um elemento dinamizador das atividades econ\u00f4micas dos pa\u00edses objeto da estrangeiriza\u00e7\u00e3o das terras.<\/p>\n<p>O Brasil, em particular, foi duramente atingido pelo commodity boom. O aumento no pre\u00e7o das commodities agr\u00edcolas e minerais, a maior demanda por biocombust\u00edveis e a imensa demanda chinesa por esses produtos no com\u00e9rcio internacional tiveram como contrapartida o fortalecimento do agroneg\u00f3cio brasileiro e a expans\u00e3o de novas \u00e1reas de produ\u00e7\u00e3o, munidos de um patamar\u00a0 tecnol\u00f3gico cada vez mais sofisticado e custoso, identificado nos princ\u00edpios da agricultura de precis\u00e3o e crescentemente adepto do discurso da sustentabilidade. Essa valoriza\u00e7\u00e3o do chamado \u201cagroneg\u00f3cio\u201d latino-americano, e brasileiro em particular, tem tido como contrapartida a abertura de uma nova frente de impasses (sociais, ambientais etc.) no meio rural e, por refor\u00e7ar a ideia do produtivismo agr\u00edcola, tem produzido fortes tens\u00f5es sobre as concep\u00e7\u00f5es de ruralidade e de\u00a0 desenvolvimento rural que se apoiam no fortalecimento da agricultura familiar e\/ou na dimens\u00e3o territorial. O avan\u00e7o das fronteiras de produ\u00e7\u00e3o (agr\u00edcolas ou n\u00e3o) para \u00e1reas at\u00e9 ent\u00e3o pouco valorizadas do ponto de vista produtivo (normalmente, ocupadas por agricultores de subsist\u00eancia, ind\u00edgenas e povos e comunidades tradicionais) e da infraestrutura log\u00edstica, que possibilita sua liga\u00e7\u00e3o com os mercados internacionais, tem favorecido a emerg\u00eancia de velhos e novos conflitos sociais, como o acelerado processo de concentra\u00e7\u00e3o e de expropria\u00e7\u00e3o de terras, a disputa\u00a0 territorial entre os diferentes atores em jogo (inclusive entre os setores empresariais propriamente ditos), a multiplica\u00e7\u00e3o dos impactos socioambientais e as resist\u00eancias ao processo de mercantiliza\u00e7\u00e3o de bens comuns (como terra, \u00e1gua, biodiversidade).<\/p>\n<p><strong>Objetivos <\/strong><\/p>\n<p>Tendo em vista as din\u00e2micas mencionadas acima, o objetivo do curso \u00e9 possibilitar que os alunos, por meio das aulas, da discuss\u00e3o dirigida de textos, da prepara\u00e7\u00e3o de semin\u00e1rios e da reda\u00e7\u00e3o de um ensaio final, construam uma perspectiva anal\u00edtica sobre a expans\u00e3o do agroneg\u00f3cio, o processo de financeiriza\u00e7\u00e3o da agricultura, o fen\u00f4meno da estrangeiriza\u00e7\u00e3o de terras e as novas formas de disputas no campo.<\/p>\n<p>A disciplina visa oferecer aos estudantes uma compreens\u00e3o abrangente do\u00a0 processo de internacionaliza\u00e7\u00e3o e financeiriza\u00e7\u00e3o da agricultura de forma geral, com especial interesse nos processos de estrangeiriza\u00e7\u00e3o de terras (ou land grabbing, no termo em ingl\u00eas) que v\u00eam afetando um conjunto importante de pa\u00edses, particularmente em \u00c1frica e na Am\u00e9rica Latina. Para tanto, s\u00e3o propostas algumas chaves te\u00f3rico-metodol\u00f3gicas interpretativas com vistas \u00e0 problematiza\u00e7\u00e3o desses fen\u00f4menos, enfatizando o per\u00edodo recente (in\u00edcio do s\u00e9culo XXI), com uma men\u00e7\u00e3o espec\u00edfica ao caso brasileiro. Com base em literatura especializada e atualizada, procura-se, ainda, debater os velhos e novos impasses que emergem diante dessas iniciativas de apropria\u00e7\u00e3o de terras e financeiriza\u00e7\u00e3o dos ativos fundi\u00e1rios, sejam aqueles resultantes da concorr\u00eancia estabelecida entre os grandes grupos internacionais e as diversas cadeias produtivas do setor, sejam aqueles oriundos dos movimentos de resist\u00eancia e contesta\u00e7\u00e3o promovidos pelas organiza\u00e7\u00f5es sociais atingidas diretamente pelo processo.<\/p>\n<p><strong>Bibliografia<\/strong><\/p>\n<p>BALESTRO, M.V., LOUREN\u00c7O, L.C. Notas para uma an\u00e1lise da financeiriza\u00e7\u00e3o do agroneg\u00f3cio: al\u00e9m da volatilidade dos pre\u00e7os das commodities. In: Alvez, E., Navarro, Z. (eds). O mundo rural no Brasil no s\u00e9culo 21: a forma\u00e7\u00e3o de um novo padr\u00e3o agr\u00e1rio e agr\u00edcola. Bras\u00edlia: Embrapa, 2014.<br \/>\nCHOUQUER, G. Terres porteuses: entre faim de terres et app\u00e9tit d\u2019espace. Paris: Editions<br \/>\nErrance, 2012.<br \/>\nCLAPP. J.; ISAKSON, A. R. Risky Returns: the implications of finacialization in the food system.<br \/>\nDevelopment and Change. Volume 0, n\u00famero 0. 2018. Pp. 1-24.<br \/>\nDELGADO, G. Do capital financeiro na agricultura \u00e0 economia do agroneg\u00f3cio. Porto Alegre: Ed.<br \/>\nUFRGS, 2012.<br \/>\nEDELMAN, M. et al. Global land grabs: history, theory and method. Londres: Routledge, 2015.<br \/>\nEDELMAN, M. Messy hectares: questions about the epistemology land grabbing data. Journal of<br \/>\nPeasant Studies, v.40, n.3, 2013.<br \/>\nFAIRBAIRN, M. Fields of Gold: financing the global land rush. Ithaca: Cornell Univ. Press, 2020.<br \/>\nHARVEY, D. O \u201cNovo\u201d Imperialismo: acumula\u00e7\u00e3o por espolia\u00e7\u00e3o. Socialist Register, 2004.<br \/>\nKATO, K.; LEITE, S.P. Land grabbing, financeiriza\u00e7\u00e3o da agricultura e mercado de terras: velhas<br \/>\ne novas dimens\u00f5es da quest\u00e3o agr\u00e1ria no Brasil. Revista da ANPEGE, v.16, n.29, p.452 &#8211; 483,<br \/>\n2020.<br \/>\nLEVIEN, M. Da acumula\u00e7\u00e3o primitiva aos regimes de desapropria\u00e7\u00e3o. Sociologia e Antropologia,<br \/>\nv. 4, n. I, jun. 2014.<br \/>\nRANGEL, I. A quest\u00e3o da terra. Revista de Economia Pol\u00edtica, v. 6, n.4, out.\/dez., 1986.<br \/>\nSASSEN, S. Expuls\u00f5es: brutalidade e complexidade na economia global. Paz e Terra: Rio de<br \/>\nJaneiro, 2016.<br \/>\nSAUER, S., BORRAS Jr., S. \u2018Land grabbing\u2019 e \u2018green grabbing\u2019: uma leitura da \u2018corrida na<br \/>\nprodu\u00e7\u00e3o acad\u00eamica\u2019 sobre a apropria\u00e7\u00e3o global de terras. Campo \u2013 Territ\u00f3rio, v.11, n.23, jul.,<br \/>\n2016.<br \/>\nSVAMPA, M. Consenso de los commodities y lenguajes de valoraci\u00f3n en America Latina. Nueva Sociedad,<br \/>\nno. 244, mar\/abr de 2013.<\/p>\n","protected":false},"excerpt":{"rendered":"<p>IH 1580 Disciplina espec\u00edfica da Linha Terra, Poder e Territ\u00f3rio N\u00famero de cr\u00e9ditos : 3 Carga hor\u00e1ria: 4 horas aulas <a class=\"read-more\" href=\"https:\/\/institucional.ufrrj.br\/portalcpda\/financeirizacao-da-agricultura-e-formas-de-apropriacao-de-terras\/ \" >&#8230; <span class=\"font-italic\">leia mais <i class=\"fas fa-angle-right\"><\/i><\/span><\/a><\/p>\n","protected":false},"author":711,"featured_media":0,"parent":0,"menu_order":0,"comment_status":"closed","ping_status":"closed","template":"","meta":{"_acf_changed":false,"footnotes":""},"class_list":["post-23150","page","type-page","status-publish","hentry"],"yoast_head":"<!-- This site is optimized with the Yoast SEO plugin v27.2 - https:\/\/yoast.com\/product\/yoast-seo-wordpress\/ -->\n<title>Financeiriza\u00e7\u00e3o da agricultura e formas de apropria\u00e7\u00e3o de terras - CPDA<\/title>\n<meta name=\"robots\" content=\"index, follow, max-snippet:-1, max-image-preview:large, max-video-preview:-1\" \/>\n<link rel=\"canonical\" href=\"https:\/\/institucional.ufrrj.br\/portalcpda\/financeirizacao-da-agricultura-e-formas-de-apropriacao-de-terras\/\" \/>\n<meta property=\"og:locale\" content=\"pt_BR\" \/>\n<meta property=\"og:type\" content=\"article\" \/>\n<meta property=\"og:title\" content=\"Financeiriza\u00e7\u00e3o da agricultura e formas de apropria\u00e7\u00e3o de terras - CPDA\" \/>\n<meta property=\"og:description\" content=\"IH 1580 Disciplina espec\u00edfica da Linha Terra, Poder e Territ\u00f3rio N\u00famero de cr\u00e9ditos : 3 Carga hor\u00e1ria: 4 horas aulas ... leia mais\" \/>\n<meta property=\"og:url\" content=\"https:\/\/institucional.ufrrj.br\/portalcpda\/financeirizacao-da-agricultura-e-formas-de-apropriacao-de-terras\/\" \/>\n<meta property=\"og:site_name\" content=\"CPDA\" \/>\n<meta property=\"article:modified_time\" content=\"2022-04-28T00:05:26+00:00\" \/>\n<meta name=\"twitter:card\" content=\"summary_large_image\" \/>\n<meta name=\"twitter:label1\" content=\"Est. tempo de leitura\" \/>\n\t<meta name=\"twitter:data1\" content=\"6 minutos\" \/>\n<script type=\"application\/ld+json\" class=\"yoast-schema-graph\">{\"@context\":\"https:\/\/schema.org\",\"@graph\":[{\"@type\":\"WebPage\",\"@id\":\"https:\/\/institucional.ufrrj.br\/portalcpda\/financeirizacao-da-agricultura-e-formas-de-apropriacao-de-terras\/\",\"url\":\"https:\/\/institucional.ufrrj.br\/portalcpda\/financeirizacao-da-agricultura-e-formas-de-apropriacao-de-terras\/\",\"name\":\"Financeiriza\u00e7\u00e3o da agricultura e formas de apropria\u00e7\u00e3o de terras - CPDA\",\"isPartOf\":{\"@id\":\"https:\/\/institucional.ufrrj.br\/portalcpda\/#website\"},\"datePublished\":\"2022-04-27T23:59:25+00:00\",\"dateModified\":\"2022-04-28T00:05:26+00:00\",\"breadcrumb\":{\"@id\":\"https:\/\/institucional.ufrrj.br\/portalcpda\/financeirizacao-da-agricultura-e-formas-de-apropriacao-de-terras\/#breadcrumb\"},\"inLanguage\":\"pt-BR\",\"potentialAction\":[{\"@type\":\"ReadAction\",\"target\":[\"https:\/\/institucional.ufrrj.br\/portalcpda\/financeirizacao-da-agricultura-e-formas-de-apropriacao-de-terras\/\"]}]},{\"@type\":\"BreadcrumbList\",\"@id\":\"https:\/\/institucional.ufrrj.br\/portalcpda\/financeirizacao-da-agricultura-e-formas-de-apropriacao-de-terras\/#breadcrumb\",\"itemListElement\":[{\"@type\":\"ListItem\",\"position\":1,\"name\":\"In\u00edcio\",\"item\":\"https:\/\/institucional.ufrrj.br\/portalcpda\/\"},{\"@type\":\"ListItem\",\"position\":2,\"name\":\"Financeiriza\u00e7\u00e3o da agricultura e formas de apropria\u00e7\u00e3o de terras\"}]},{\"@type\":\"WebSite\",\"@id\":\"https:\/\/institucional.ufrrj.br\/portalcpda\/#website\",\"url\":\"https:\/\/institucional.ufrrj.br\/portalcpda\/\",\"name\":\"CPDA\",\"description\":\"institucional.ufrrj.br\",\"potentialAction\":[{\"@type\":\"SearchAction\",\"target\":{\"@type\":\"EntryPoint\",\"urlTemplate\":\"https:\/\/institucional.ufrrj.br\/portalcpda\/?s={search_term_string}\"},\"query-input\":{\"@type\":\"PropertyValueSpecification\",\"valueRequired\":true,\"valueName\":\"search_term_string\"}}],\"inLanguage\":\"pt-BR\"}]}<\/script>\n<!-- \/ Yoast SEO plugin. -->","yoast_head_json":{"title":"Financeiriza\u00e7\u00e3o da agricultura e formas de apropria\u00e7\u00e3o de terras - CPDA","robots":{"index":"index","follow":"follow","max-snippet":"max-snippet:-1","max-image-preview":"max-image-preview:large","max-video-preview":"max-video-preview:-1"},"canonical":"https:\/\/institucional.ufrrj.br\/portalcpda\/financeirizacao-da-agricultura-e-formas-de-apropriacao-de-terras\/","og_locale":"pt_BR","og_type":"article","og_title":"Financeiriza\u00e7\u00e3o da agricultura e formas de apropria\u00e7\u00e3o de terras - CPDA","og_description":"IH 1580 Disciplina espec\u00edfica da Linha Terra, Poder e Territ\u00f3rio N\u00famero de cr\u00e9ditos : 3 Carga hor\u00e1ria: 4 horas aulas ... leia mais","og_url":"https:\/\/institucional.ufrrj.br\/portalcpda\/financeirizacao-da-agricultura-e-formas-de-apropriacao-de-terras\/","og_site_name":"CPDA","article_modified_time":"2022-04-28T00:05:26+00:00","twitter_card":"summary_large_image","twitter_misc":{"Est. tempo de leitura":"6 minutos"},"schema":{"@context":"https:\/\/schema.org","@graph":[{"@type":"WebPage","@id":"https:\/\/institucional.ufrrj.br\/portalcpda\/financeirizacao-da-agricultura-e-formas-de-apropriacao-de-terras\/","url":"https:\/\/institucional.ufrrj.br\/portalcpda\/financeirizacao-da-agricultura-e-formas-de-apropriacao-de-terras\/","name":"Financeiriza\u00e7\u00e3o da agricultura e formas de apropria\u00e7\u00e3o de terras - CPDA","isPartOf":{"@id":"https:\/\/institucional.ufrrj.br\/portalcpda\/#website"},"datePublished":"2022-04-27T23:59:25+00:00","dateModified":"2022-04-28T00:05:26+00:00","breadcrumb":{"@id":"https:\/\/institucional.ufrrj.br\/portalcpda\/financeirizacao-da-agricultura-e-formas-de-apropriacao-de-terras\/#breadcrumb"},"inLanguage":"pt-BR","potentialAction":[{"@type":"ReadAction","target":["https:\/\/institucional.ufrrj.br\/portalcpda\/financeirizacao-da-agricultura-e-formas-de-apropriacao-de-terras\/"]}]},{"@type":"BreadcrumbList","@id":"https:\/\/institucional.ufrrj.br\/portalcpda\/financeirizacao-da-agricultura-e-formas-de-apropriacao-de-terras\/#breadcrumb","itemListElement":[{"@type":"ListItem","position":1,"name":"In\u00edcio","item":"https:\/\/institucional.ufrrj.br\/portalcpda\/"},{"@type":"ListItem","position":2,"name":"Financeiriza\u00e7\u00e3o da agricultura e formas de apropria\u00e7\u00e3o de terras"}]},{"@type":"WebSite","@id":"https:\/\/institucional.ufrrj.br\/portalcpda\/#website","url":"https:\/\/institucional.ufrrj.br\/portalcpda\/","name":"CPDA","description":"institucional.ufrrj.br","potentialAction":[{"@type":"SearchAction","target":{"@type":"EntryPoint","urlTemplate":"https:\/\/institucional.ufrrj.br\/portalcpda\/?s={search_term_string}"},"query-input":{"@type":"PropertyValueSpecification","valueRequired":true,"valueName":"search_term_string"}}],"inLanguage":"pt-BR"}]}},"acf":[],"_links":{"self":[{"href":"https:\/\/institucional.ufrrj.br\/portalcpda\/wp-json\/wp\/v2\/pages\/23150","targetHints":{"allow":["GET"]}}],"collection":[{"href":"https:\/\/institucional.ufrrj.br\/portalcpda\/wp-json\/wp\/v2\/pages"}],"about":[{"href":"https:\/\/institucional.ufrrj.br\/portalcpda\/wp-json\/wp\/v2\/types\/page"}],"author":[{"embeddable":true,"href":"https:\/\/institucional.ufrrj.br\/portalcpda\/wp-json\/wp\/v2\/users\/711"}],"replies":[{"embeddable":true,"href":"https:\/\/institucional.ufrrj.br\/portalcpda\/wp-json\/wp\/v2\/comments?post=23150"}],"version-history":[{"count":3,"href":"https:\/\/institucional.ufrrj.br\/portalcpda\/wp-json\/wp\/v2\/pages\/23150\/revisions"}],"predecessor-version":[{"id":23154,"href":"https:\/\/institucional.ufrrj.br\/portalcpda\/wp-json\/wp\/v2\/pages\/23150\/revisions\/23154"}],"wp:attachment":[{"href":"https:\/\/institucional.ufrrj.br\/portalcpda\/wp-json\/wp\/v2\/media?parent=23150"}],"curies":[{"name":"wp","href":"https:\/\/api.w.org\/{rel}","templated":true}]}}