{"id":22141,"date":"2021-09-22T04:43:53","date_gmt":"2021-09-22T07:43:53","guid":{"rendered":"http:\/\/institucional.ufrrj.br\/portalcpda\/?page_id=22141"},"modified":"2021-09-27T20:10:16","modified_gmt":"2021-09-27T23:10:16","slug":"doctoral-dissertations-2019","status":"publish","type":"page","link":"https:\/\/institucional.ufrrj.br\/portalcpda\/en\/doctoral-dissertations-2019\/","title":{"rendered":"Doctoral Dissertations 2019"},"content":{"rendered":"<hr \/>\n<p><strong>LUIZ CARLOS DE OLIVEIRA LOPES<\/strong><br \/>\n<a href=\"https:\/\/sucupira.capes.gov.br\/sucupira\/public\/consultas\/coleta\/trabalhoConclusao\/viewTrabalhoConclusao.xhtml?popup=true&amp;id_trabalho=7856672\" target=\"_blank\" rel=\"noopener noreferrer\"><strong>Processes of territorialization, circulation, and ethnopolitical mobilization among the Guarani (Mbya) from the coast of Costa Verde<\/strong><\/a><\/p>\n<p><strong>Date: <\/strong>08\/05\/2019<\/p>\n<p><strong>Examination Board: <\/strong>Thereza Cristina Cardoso Menezes (CPDA\/UFRRJ \u2013 Supervisor), Leonilde Servolo de Medeiros (CPDA\/UFRRJ), Debora Franco Lerrer (CPDA\/UFRRJ), Jo\u00e3o Pacheco de Oliveira Filho (UFRJ), and Sidnei Clemente Peres (UFF).<\/p>\n<p><strong>Abstract:<\/strong> The term Guarani is a category that encompasses many a number of ethnically unique groups such as the Mbya, the Ava, the Nhandeva, the Tupi, and the Kaiowa, who occupy various territories in Brazil, Argentina, Paraguay, and Uruguay. This study addresses the Mbya who live in villages on the southern coast of Rio de Janeiro state and in one village on the northern coast of S\u00e3o Paulo, focusing on this group\u2019s processes of territorialization during the 1970s, 1980s, and 1990s. These processes took place amid profound political, economic, cultural, and social changes in the Costa Verde and northern S\u00e3o Paulo regions, especially with the construction of the Rio-Santos highway in the 1970s. The ongoing process of territorialization during the decades after 1970 is a starting point for reflection. We find that throughout their struggle for territory, the Guarani have built networks of alliances with white people and other indigenous peoples who face similar struggles involving land litigations in coveted Atlantic Forest areas. Today, the mobilization of the Guarani is marked by the circulation and activation of interethnic networks that take an active role in political struggles for land, health, education, sanitation, etc., as an indigenous ethnic group or as a traditional community within the framework of the Forum of Traditional Communities (FCT). We find that marches in the coastal region have become the driving force for ethnopolitical mobilizations, and act as vectors to promote diverse exchanges and intensify kinship relations.<\/p>\n<p><strong>Keywords:<\/strong> mobility; Guarani-Mbya; spatiality; territorialization; associativism.<\/p>\n<p>&nbsp;<\/p>\n<hr \/>\n<p>&nbsp;<\/p>\n<p><strong>THAIS HELENA MEDEIROS<\/strong><br \/>\n<a href=\"https:\/\/sucupira.capes.gov.br\/sucupira\/public\/consultas\/coleta\/trabalhoConclusao\/viewTrabalhoConclusao.xhtml?popup=true&amp;id_trabalho=7856715\" target=\"_blank\" rel=\"noopener noreferrer\"><strong>Rivers of gifts and debts: exchanges, football matches, and parties between communities and villages on the Arapiuns and Tapaj\u00f3s-Par\u00e1 Rivers<\/strong><\/a><\/p>\n<p><strong>Date: <\/strong>03\/06\/2019<\/p>\n<p><strong>Examination Board: <\/strong>Thereza Cristina Cardoso Menezes (CPDA\/UFRRJ \u2013 Supervisor),\u00a0 F\u00e1tima Portilho (CPDA\/UFRRJ \u2013 Co-Supervisor), Eli de F\u00e1tima Napole\u00e3o de Lima (CPDA\/UFRRJ), Paula Mendes Lacerda (UERJ), and Dan Gabriel D\u2019Onofre Andrade Silva Cordeiro (UFRRJ).<\/p>\n<p><strong>Abstract:<\/strong> This thesis examines practices and social meanings of the exchange relationships in game visits (\u201c<em>sair pra ganhar jogo e pagar visita<\/em>\u201d) by soccer clubs and teams in communities and villages in the region of the Tapaj\u00f3s and Arapiuns Rivers in Santar\u00e9m, Par\u00e1. This social practice is based on mutual agreement and permeated by ostentation that focuses on the act of giving, receiving, and rewarding large parties for tournaments, trading in football games, cases of beer, and party invites. We find descriptions in comprehensive historical comparisons and include analyses of the permanences and social transformations, namely football games and parties, as lines that help construct understanding of singular relations. We identify exchanges that are and are not mediated by money, and examine the values and rules that guide social situations. Tournaments are social spaces for fun, and especially the flow of friendly relations. Revelers, metaphors for the clubs, make transactions based on credit and debt and guarantee the continuous flow of events, and also assimilate the temporal demarcations of being together, among allies and friendships. We investigate how mobility and circulation engage people and things in the social network, shaping intercultural processes.<\/p>\n<p><strong>Keywords:<\/strong> trade relations; \u201c<em>sair para ganhar jogo e pagar visita<\/em>\u201d; soccer tournaments and parties; Amazon-Par\u00e1.<\/p>\n<hr \/>\n<p>&nbsp;<\/p>\n<p><strong>RODRIGO KUMMER<\/strong><br \/>\n<a href=\"https:\/\/sucupira.capes.gov.br\/sucupira\/public\/consultas\/coleta\/trabalhoConclusao\/viewTrabalhoConclusao.xhtml?popup=true&amp;id_trabalho=7856966\" target=\"_blank\" rel=\"noopener noreferrer\"><strong>Rural youth and permanence: ruralities and urbanities represented in the Far West of Santa Catarina<\/strong><\/a><\/p>\n<p><strong>Date: <\/strong>11\/09\/2019<\/p>\n<p><strong>Examination Board: <\/strong>Eli de F\u00e1tima Napole\u00e3o de Lima (CPDA\/UFRRJ \u2013 Supervisor), Thereza Cristina Cardoso Menezes (CPDA\/UFRRJ), Ana Louise de Carvalho Fiuza (UFV),\u00a0 Susana Cesco (UFF), and Clarice Cristine Ferreira Menezes (UFRRJ).<\/p>\n<p><strong>Abstract:<\/strong> This thesis discusses the processes of permanence among young people in rural areas in the Far West of Santa Catarina. The objective is to understand how the construction of social representations supports and impacts the decision-making processes of these social actors. Over the past decade, more young people are staying in rural areas, and analyzing representations related to these scenarios and reflecting on the imaginations and perceptions is useful to better understand which rurality and which society are present in modern times. Data were collected through questionnaires and interviews, as well as ethnographic monitoring, and indicate that rural young people create a positive representation of the rural environment, founded on flattering perceptions of working conditions, income, and tranquility. When they consider urbanity, they format negative representations linked to the pace of life, lack of autonomy, and risk. These perspectives show that rurality is considered to be a life project, in which relationships of family, generation, gender, income, and protagonism are central elements. Discussions of youth-related issues are needed in families and society to improve life prospects in rural areas.<\/p>\n<p><strong>Keywords:<\/strong> rural youth; permanence; migration; rurality; urbanity; social representations.<\/p>\n<p>&nbsp;<\/p>\n<hr \/>\n<p>&nbsp;<\/p>\n<p><strong>ARIANE DA SILVA FAVARETO<\/strong><br \/>\n<a href=\"https:\/\/sucupira.capes.gov.br\/sucupira\/public\/consultas\/coleta\/trabalhoConclusao\/viewTrabalhoConclusao.xhtml?popup=true&amp;id_trabalho=7857046\" target=\"_blank\" rel=\"noopener noreferrer\"><strong>Contemporary rural dynamics and social configurations of gender<\/strong><\/a><\/p>\n<p><strong>Date: <\/strong>18\/10\/2019<\/p>\n<p><strong>Examination Board: <\/strong>Maria Jos\u00e9 Teixeira Carneiro (CPDA\/UFRRJ \u2013 Supervisor), Elisa Guaran\u00e1 de Castro (CPDA\/UFRRJ), and Ana Louise de Carvalho Fiuza (UFV).<\/p>\n<p><strong>Abstract:<\/strong> This thesis analyzes how dimensions of women\u2019s social lives are affected by the dynamics of contemporary rurality and how this is reflected in the social configurations of gender, and in turn, in women\u2019s position in society. This work was inspired by that of Norbert Elias and the use of the term \u201cconfigurations\u201d rather than gender relations in order to encompass a greater complexity of social life, ranging from the initial processes of socialization to more recent interactions, without ignoring exogenous factors that affect social constructions. Way of life is used as a category to understand rurality, which when translated into identities and representations, guides strategies and use of past opportunities linked to agriculture and other more recent ones that involve the use and appreciation of natural resources. This was observed in the municipality of Cunha, located in the Vale do Para\u00edba, state of S\u00e3o Paulo. We analyze the life trajectory of women working in activities related to tourism, agroecology, and livestock through semi-structured interviews as well as participant observation, and find that the dynamics of contemporary rurality create new possibilities for women. It is not straightforward for women to take advantage of these opportunities; this usage varies according to unique life trajectories and the interdependencies that determine use or avoidance of opportunities that emerge and impact social position, especially with regard to work and income, education and training, and the use of time, dimensions of social life that affect women&#8217;s capacities.<\/p>\n<p><strong>Keywords:<\/strong> rural women; Cunha (SP); tourism; agroecology; livestock.<\/p>\n<p>&nbsp;<\/p>\n<hr \/>\n<p>&nbsp;<\/p>\n<p><strong>FABRICIO TEL\u00d3<\/strong><br \/>\n<a href=\"https:\/\/sucupira.capes.gov.br\/sucupira\/public\/consultas\/coleta\/trabalhoConclusao\/viewTrabalhoConclusao.xhtml?popup=true&amp;id_trabalho=7925014\" target=\"_blank\" rel=\"noopener noreferrer\"><strong>Armed organizations and peasants: communication, emotions, and political engagement (1968\u20131975)<\/strong><\/a><\/p>\n<p><strong>Date: <\/strong>16\/12\/2019<\/p>\n<p><strong>Examination Board: <\/strong>Leonilde Servolo de Medeiros (CPDA\/UFRRJ \u2013 Supervisor), Debora Franco Lerrer (CPDA\/UFRRJ), Jean Rodrigues Sales (UFRRJ), Daniel Aar\u00e3o Reis Filho (UFF), and Marcelo Siqueira Ridenti (Unicamp).<\/p>\n<p><strong>Abstract: <\/strong>In the late 1960s and early 1970s, Brazilian revolutionary organizations (inspired by the Chinese and Cuban Revolutions) attempted to advance an opposition to the military dictatorship of the time by mobilizing peasants to engage in rural guerrilla groups. This project analyzes the relationship between the militants in these organizations and the peasants they attempted to mobilize. The questions that guide the research are how the militants communicated with the peasants, how the militants presented their plans for armed revolution, what role emotions played in the peasant decision to engage in the guerrilla project, how the clandestine nature of the militants impacted their interactions with local populations, and what effects the militants\u2019 Leninist perspective had on their interaction with peasants and how landlessness affected this context. The main inspirations for this project include work by Paulo Freire and Jesus Martin-Barbero on communication, by James Jasper and Helena Flam on emotions, by Donatela Della Porta on clandestinity, by Oliver Fillieule, Julieta Quir\u00f3s, Marcelo Kunrath Silva and Bianca Ruskowski on engagement, and Eric Wolf and James Scott on the relationship between peasantry and revolution. We explore the experiences of the National Liberation Command (Comando de Liberta\u00e7\u00e3o Nacional &#8211; Colina) in Cachoeiras de Macacu, Rio de Janeiro, the Revolutionary Palmares Armed Vanguard (Vanguarda Armada Revolucion\u00e1ria Palmares &#8211; VAR-Palmares) in Imperatriz, Maranh\u00e3o, the October 8 Revolutionary Movement (Movimento Revolucion\u00e1rio Oito de Outubro &#8211; MR-8) in Brotas de Maca\u00fabas, Bahia, and Popular Action (A\u00e7\u00e3o Popular &#8211; AP) in the region of Livramento de Nossa Senhora, Bahia. Oral history, bibliographic survey, and documentary analysis are used to compare and analyze selected cases. The results indicate that despite efforts by the militants to grow closer to the peasants, the cultural differences generally caused the peasants to distrust them. The various forms of assistance the militants provided contributed to the production of reciprocal emotions of friendship and loyalty, and also engaged some groups of peasants.<\/p>\n<p><strong>Keywords: <\/strong>peasantry; armed struggle; communication; emotions; engagement.<\/p>\n<p>&nbsp;<\/p>\n","protected":false},"excerpt":{"rendered":"<p>LUIZ CARLOS DE OLIVEIRA LOPES Processes of territorialization, circulation, and ethnopolitical mobilization among the Guarani (Mbya) from the coast of <a class=\"read-more\" href=\"https:\/\/institucional.ufrrj.br\/portalcpda\/en\/doctoral-dissertations-2019\/ \" >&#8230; <span class=\"font-italic\">leia mais <i class=\"fas fa-angle-right\"><\/i><\/span><\/a><\/p>\n","protected":false},"author":717,"featured_media":0,"parent":0,"menu_order":0,"comment_status":"closed","ping_status":"closed","template":"","meta":{"_acf_changed":false,"footnotes":""},"class_list":["post-22141","page","type-page","status-publish","hentry"],"yoast_head":"<!-- This site is optimized with the Yoast SEO plugin v27.2 - https:\/\/yoast.com\/product\/yoast-seo-wordpress\/ -->\n<title>Doctoral Dissertations 2019 - CPDA<\/title>\n<meta name=\"robots\" content=\"index, follow, max-snippet:-1, max-image-preview:large, max-video-preview:-1\" \/>\n<link rel=\"canonical\" href=\"https:\/\/institucional.ufrrj.br\/portalcpda\/en\/doctoral-dissertations-2019\/\" \/>\n<meta property=\"og:locale\" content=\"pt_BR\" \/>\n<meta property=\"og:type\" content=\"article\" \/>\n<meta property=\"og:title\" content=\"Doctoral Dissertations 2019 - CPDA\" \/>\n<meta property=\"og:description\" content=\"LUIZ CARLOS DE OLIVEIRA LOPES Processes of territorialization, circulation, and ethnopolitical mobilization among the Guarani (Mbya) from the coast of ... leia mais\" \/>\n<meta property=\"og:url\" content=\"https:\/\/institucional.ufrrj.br\/portalcpda\/en\/doctoral-dissertations-2019\/\" \/>\n<meta property=\"og:site_name\" content=\"CPDA\" \/>\n<meta property=\"article:modified_time\" content=\"2021-09-27T23:10:16+00:00\" \/>\n<meta name=\"twitter:card\" content=\"summary_large_image\" \/>\n<meta name=\"twitter:label1\" content=\"Est. tempo de leitura\" \/>\n\t<meta name=\"twitter:data1\" content=\"7 minutos\" \/>\n<script type=\"application\/ld+json\" class=\"yoast-schema-graph\">{\"@context\":\"https:\/\/schema.org\",\"@graph\":[{\"@type\":\"WebPage\",\"@id\":\"https:\/\/institucional.ufrrj.br\/portalcpda\/en\/doctoral-dissertations-2019\/\",\"url\":\"https:\/\/institucional.ufrrj.br\/portalcpda\/en\/doctoral-dissertations-2019\/\",\"name\":\"Doctoral Dissertations 2019 - CPDA\",\"isPartOf\":{\"@id\":\"https:\/\/institucional.ufrrj.br\/portalcpda\/#website\"},\"datePublished\":\"2021-09-22T07:43:53+00:00\",\"dateModified\":\"2021-09-27T23:10:16+00:00\",\"breadcrumb\":{\"@id\":\"https:\/\/institucional.ufrrj.br\/portalcpda\/en\/doctoral-dissertations-2019\/#breadcrumb\"},\"inLanguage\":\"pt-BR\",\"potentialAction\":[{\"@type\":\"ReadAction\",\"target\":[\"https:\/\/institucional.ufrrj.br\/portalcpda\/en\/doctoral-dissertations-2019\/\"]}]},{\"@type\":\"BreadcrumbList\",\"@id\":\"https:\/\/institucional.ufrrj.br\/portalcpda\/en\/doctoral-dissertations-2019\/#breadcrumb\",\"itemListElement\":[{\"@type\":\"ListItem\",\"position\":1,\"name\":\"In\u00edcio\",\"item\":\"https:\/\/institucional.ufrrj.br\/portalcpda\/\"},{\"@type\":\"ListItem\",\"position\":2,\"name\":\"Doctoral Dissertations 2019\"}]},{\"@type\":\"WebSite\",\"@id\":\"https:\/\/institucional.ufrrj.br\/portalcpda\/#website\",\"url\":\"https:\/\/institucional.ufrrj.br\/portalcpda\/\",\"name\":\"CPDA\",\"description\":\"institucional.ufrrj.br\",\"potentialAction\":[{\"@type\":\"SearchAction\",\"target\":{\"@type\":\"EntryPoint\",\"urlTemplate\":\"https:\/\/institucional.ufrrj.br\/portalcpda\/?s={search_term_string}\"},\"query-input\":{\"@type\":\"PropertyValueSpecification\",\"valueRequired\":true,\"valueName\":\"search_term_string\"}}],\"inLanguage\":\"pt-BR\"}]}<\/script>\n<!-- \/ Yoast SEO plugin. -->","yoast_head_json":{"title":"Doctoral Dissertations 2019 - CPDA","robots":{"index":"index","follow":"follow","max-snippet":"max-snippet:-1","max-image-preview":"max-image-preview:large","max-video-preview":"max-video-preview:-1"},"canonical":"https:\/\/institucional.ufrrj.br\/portalcpda\/en\/doctoral-dissertations-2019\/","og_locale":"pt_BR","og_type":"article","og_title":"Doctoral Dissertations 2019 - CPDA","og_description":"LUIZ CARLOS DE OLIVEIRA LOPES Processes of territorialization, circulation, and ethnopolitical mobilization among the Guarani (Mbya) from the coast of ... leia mais","og_url":"https:\/\/institucional.ufrrj.br\/portalcpda\/en\/doctoral-dissertations-2019\/","og_site_name":"CPDA","article_modified_time":"2021-09-27T23:10:16+00:00","twitter_card":"summary_large_image","twitter_misc":{"Est. tempo de leitura":"7 minutos"},"schema":{"@context":"https:\/\/schema.org","@graph":[{"@type":"WebPage","@id":"https:\/\/institucional.ufrrj.br\/portalcpda\/en\/doctoral-dissertations-2019\/","url":"https:\/\/institucional.ufrrj.br\/portalcpda\/en\/doctoral-dissertations-2019\/","name":"Doctoral Dissertations 2019 - CPDA","isPartOf":{"@id":"https:\/\/institucional.ufrrj.br\/portalcpda\/#website"},"datePublished":"2021-09-22T07:43:53+00:00","dateModified":"2021-09-27T23:10:16+00:00","breadcrumb":{"@id":"https:\/\/institucional.ufrrj.br\/portalcpda\/en\/doctoral-dissertations-2019\/#breadcrumb"},"inLanguage":"pt-BR","potentialAction":[{"@type":"ReadAction","target":["https:\/\/institucional.ufrrj.br\/portalcpda\/en\/doctoral-dissertations-2019\/"]}]},{"@type":"BreadcrumbList","@id":"https:\/\/institucional.ufrrj.br\/portalcpda\/en\/doctoral-dissertations-2019\/#breadcrumb","itemListElement":[{"@type":"ListItem","position":1,"name":"In\u00edcio","item":"https:\/\/institucional.ufrrj.br\/portalcpda\/"},{"@type":"ListItem","position":2,"name":"Doctoral Dissertations 2019"}]},{"@type":"WebSite","@id":"https:\/\/institucional.ufrrj.br\/portalcpda\/#website","url":"https:\/\/institucional.ufrrj.br\/portalcpda\/","name":"CPDA","description":"institucional.ufrrj.br","potentialAction":[{"@type":"SearchAction","target":{"@type":"EntryPoint","urlTemplate":"https:\/\/institucional.ufrrj.br\/portalcpda\/?s={search_term_string}"},"query-input":{"@type":"PropertyValueSpecification","valueRequired":true,"valueName":"search_term_string"}}],"inLanguage":"pt-BR"}]}},"acf":[],"_links":{"self":[{"href":"https:\/\/institucional.ufrrj.br\/portalcpda\/wp-json\/wp\/v2\/pages\/22141","targetHints":{"allow":["GET"]}}],"collection":[{"href":"https:\/\/institucional.ufrrj.br\/portalcpda\/wp-json\/wp\/v2\/pages"}],"about":[{"href":"https:\/\/institucional.ufrrj.br\/portalcpda\/wp-json\/wp\/v2\/types\/page"}],"author":[{"embeddable":true,"href":"https:\/\/institucional.ufrrj.br\/portalcpda\/wp-json\/wp\/v2\/users\/717"}],"replies":[{"embeddable":true,"href":"https:\/\/institucional.ufrrj.br\/portalcpda\/wp-json\/wp\/v2\/comments?post=22141"}],"version-history":[{"count":7,"href":"https:\/\/institucional.ufrrj.br\/portalcpda\/wp-json\/wp\/v2\/pages\/22141\/revisions"}],"predecessor-version":[{"id":22429,"href":"https:\/\/institucional.ufrrj.br\/portalcpda\/wp-json\/wp\/v2\/pages\/22141\/revisions\/22429"}],"wp:attachment":[{"href":"https:\/\/institucional.ufrrj.br\/portalcpda\/wp-json\/wp\/v2\/media?parent=22141"}],"curies":[{"name":"wp","href":"https:\/\/api.w.org\/{rel}","templated":true}]}}