{"id":22137,"date":"2021-09-22T04:42:46","date_gmt":"2021-09-22T07:42:46","guid":{"rendered":"http:\/\/institucional.ufrrj.br\/portalcpda\/?page_id=22137"},"modified":"2021-09-27T18:46:18","modified_gmt":"2021-09-27T21:46:18","slug":"doctoral-dissertations-2021","status":"publish","type":"page","link":"https:\/\/institucional.ufrrj.br\/portalcpda\/en\/doctoral-dissertations-2021\/","title":{"rendered":"Doctoral Dissertations 2021"},"content":{"rendered":"<hr \/>\n<p><strong>JULIANO LU\u00cdS PALM<\/strong><br \/>\n<strong>Processos de transi\u00e7\u00e3o agroecol\u00f3gica: ecologia de projetos \u2013 uma abordagem pragm\u00e1tica, sist\u00eamica e territorial na Regi\u00e3o Serrana Fluminense<\/strong><\/p>\n<p><strong>Date<\/strong>: 24\/02\/2021<\/p>\n<p><strong>Banca<\/strong>: Claudia Job Schmitt (CPDA\/UFRRJ \u2013 Supervisor), Claire Lamnine (INRAE \u2013 Coorientadora), Maria Jos\u00e9 Teixeira Carneiro (CPDA\/UFRRJ), Annelise Caetano Fraga Fernandez (UFRRJ), Marcelo Firpo de Souza Porto (Fiocruz), and Paulo Andr\u00e9 Nierdele (UFRGS).<\/p>\n<p><b>Abstract:\u00a0<\/b><\/p>\n<p>&nbsp;<\/p>\n<hr \/>\n<p>&nbsp;<\/p>\n<p><strong>BRUNO COSTA DA FONSECA<\/strong><br \/>\n<strong>Quest\u00e3o Agr\u00e1ria em Jos\u00e9 de Souza Martins<\/strong><\/p>\n<p><strong>Date<\/strong>: 26\/02\/2021<\/p>\n<p><strong>Banca<\/strong>: Eli de Fatima Napole\u00e3o de Lima (CPDA\/UFRRJ \u2013 Supervisor), Leonilde Servolo de Medeiros (CPDA\/UFRRJ), Regina Bruno (CPDA\/UFRRJ), Marcelo Leles Romarco de Oliveira Bruno Milanez (UFV), Dora Vianna Vasconcellos (UFRRJ), and Ricardo Jos\u00e9 de Azevedo Marinho (Unyleya Educacional &amp; Instituto Devecchi).<\/p>\n<p><strong>Abstract<\/strong>:<\/p>\n<p>&nbsp;<\/p>\n<hr \/>\n<p>&nbsp;<\/p>\n<p><strong>ROSELI GON\u00c7ALVES DA ROCHA<\/strong><br \/>\n<strong>Produ\u00e7\u00e3o e reprodu\u00e7\u00e3o na agricultura familiar: o caso dos agricultores assentados no munic\u00edpio de Morrinhos (GO)<\/strong><\/p>\n<p><strong>Date<\/strong>: 11\/03\/2021<\/p>\n<p><strong>Banca<\/strong>: Renato Sergio Jamil Maluf (CPDA\/UFRRJ \u2013 Supervisor), Marcio Carneiro dos Reis (UFSJ), Debora Franco Lerrer (CPDA\/UFRRJ), Karina Kato (CPDA\/UFRRJ), Karla Emmanuela Ribeiro Hora (UFG), and Simone de Faria Narciso Shiki (UFSJ).<\/p>\n<p><strong>Abstract<\/strong>:<\/p>\n<hr \/>\n<p>&nbsp;<\/p>\n<p><strong>MATHEUS SEHN K\u00d6RTING<\/strong><br \/>\n<strong>Cadastro Ambiental Rural: instrumento de regulariza\u00e7\u00e3o ambiental e seus efeitos no sudeste paraense<\/strong><\/p>\n<p><strong>Date<\/strong>: 19\/03\/2021<\/p>\n<p><strong>Banca<\/strong>: Sergio Pereira Leite (CPDA\/UFRRJ \u2013 Supervisor), Claudia Job Schmitt (CPDA\/UFRRJ), Jorge Osvaldo Romano (CPDA\/UFRRJ), Girolamo Domenico Treccani (UFPA), and Sergio Sauer (UNB).<\/p>\n<p><strong>Abstract<\/strong>:<\/p>\n<p>&nbsp;<\/p>\n<hr \/>\n<p>&nbsp;<\/p>\n<p><strong>VINICIUS JOS\u00c9 RIBEIRO DA FONSECA SANTOS<\/strong><br \/>\n<strong>Os Guarani-Kaiow\u00e1 e a elite ruralista no Mato Grosso do Sul: as m\u00faltiplas faces de um processo de territorializa\u00e7\u00e3o<\/strong><\/p>\n<p><strong>Date<\/strong>: 02\/04\/2021<\/p>\n<p><strong>Banca<\/strong>: Thereza Cristina Cardoso Menezes (CPDA\/UFRRJ \u2013 Supervisor), Jorge Osvaldo Romano (CPDA\/UFRRJ), Regina Bruno (CPDA\/UFRRJ), Fabio Mura (UFPB), and Jo\u00e3o Pacheco de Oliveira Filho (UFRJ).<\/p>\n<p><strong>Abstract<\/strong>:<\/p>\n<p>&nbsp;<\/p>\n<hr \/>\n<p>&nbsp;<\/p>\n<p><strong>MARIA CRISTINA SILVA DE PAIVA<\/strong><br \/>\n<strong>Oportunidades, desafios e tend\u00eancias de comercializa\u00e7\u00e3o do Caf\u00e9 Padr\u00e3o na Regi\u00e3o da Zona da Mata<\/strong><\/p>\n<p><strong>Date<\/strong>: 05\/04\/2021<br \/>\n<strong><br \/>\nBanca<\/strong>: John Wilkinson (CPDA\/UFRRJ \u2013 Supervisor), Claudia Job Schmitt (CPDA-UFRRJ), George Flexor (CPDA-UFRRJ), Gilberto Mascarenhas (UNISC), and Paulo Rodrigues Fernandes Pereira (IBMEC).<\/p>\n<p><strong>Abstract<\/strong>:<\/p>\n<p>&nbsp;<\/p>\n<hr \/>\n<p>&nbsp;<\/p>\n<p><strong>DAYANA MARTINS SILVEIRA<\/strong><br \/>\n<strong>Comunidades rurais, \u00e1gua e gest\u00e3o coletiva<\/strong><\/p>\n<p><strong>Date<\/strong>: 09\/04\/2021<\/p>\n<p><strong>Banca<\/strong>: Thereza Cristina Cardoso Menezes (CPDA\/UFRRJ \u2013 Supervisor), Carmen Silvia Andriolli (CPDA\/UFRRJ), Leonilde Servolo de Medeiros (CPDA-UFRRJ), Patricia Alves Ramiro (UFPB), and Flavia Maria Galizoni (UFMG).<\/p>\n<p><strong>Abstract<\/strong>:<\/p>\n<p>&nbsp;<\/p>\n<hr \/>\n<p>&nbsp;<\/p>\n<p><strong>CAROLINE SANTOS<\/strong><br \/>\n<strong>Transforma\u00e7\u00f5es tecnol\u00f3gicas do agroneg\u00f3cio sucroalcooleiro na Regi\u00e3o Centro-Sul e reconfigura\u00e7\u00f5es do mercado de trabalho para profissionais especializados de n\u00edvel m\u00e9dio e superior: novas rela\u00e7\u00f5es com o setor de servi\u00e7os?<\/strong><\/p>\n<p><strong>Date<\/strong>: 27\/05\/2021<\/p>\n<p><strong>Banca<\/strong>: Claudia Job Schmitt (Supervisor \u2013 CPDA\/UFRRJ), John Wilkinson (CPDA\/UFRRJ), Sergio Pereira Leite (CPDA\/UFRRJ), Ot\u00e1vio Valentim Balsadi (Embrapa), and Ant\u00f4nio Carlos Alckmin (IBGE).<\/p>\n<p><strong>Abstract<\/strong>:<\/p>\n<p>&nbsp;<\/p>\n<hr \/>\n<p>&nbsp;<\/p>\n<p><strong>PAULO ALEXANDRE PERDOMO SALVIANO<\/strong><br \/>\n<strong>Evid\u00eancias de pr\u00e1ticas sustent\u00e1veis na produ\u00e7\u00e3o da soja<\/strong><\/p>\n<p><strong>Date<\/strong>: 02\/06\/2021<br \/>\n<strong><br \/>\nBanca<\/strong>: John Wilkinson (CPDA\/UFRRJ \u2013 Supervisor), Georges Flexor (CPDA\/UFRRJ), Peter May (CPDA\/UFRRJ), Darliane de Castro Santos (IFGoiano), and Gilberto Mascarenhas (UNISC).<br \/>\n<strong><br \/>\nAbstract<\/strong>:<\/p>\n<p>&nbsp;<\/p>\n<hr \/>\n<p>&nbsp;<\/p>\n<p><strong>MARCELO ARTUR RAUBER<\/strong><br \/>\n<strong>Prato principal: terras ind\u00edgenas \u2013 O in\u00edcio da contesta\u00e7\u00e3o do direito territorial ind\u00edgena pela Frente Parlamentar da Agropecu\u00e1ria (2011-2014)<\/strong><\/p>\n<p><strong>Date<\/strong>: 23\/06\/2021<\/p>\n<p><strong>Banca<\/strong>: Eli Napole\u00e3o de Lima (CPDA\/UFRRJ \u2013 Supervisor), Regina Bruno (CPDA\/UFRRJ), Thereza Cristina Cardoso Menezes (CPDA\/UFRRJ), Caio Pomp\u00e9ia Ribeiro Neto (USP), and Antonio Carlos de Souza Lima.<\/p>\n<p><strong>Abstract<\/strong>:<\/p>\n<p>&nbsp;<\/p>\n<hr \/>\n<p>&nbsp;<\/p>\n<p><strong>SANDRA MARA SANTOS LEMOS<\/strong><br \/>\n<strong>Plantas medicinais: regulamenta\u00e7\u00f5es e arranjos que transformaram experi\u00eancias em mercados<\/strong><\/p>\n<p><strong>Date<\/strong>: 25\/06\/2021<\/p>\n<p><strong>Banca<\/strong>: John Wilkinson (CPDA\/UFRRJ \u2013 Supervisor), Debora Franco Lerrer (CPDA\/UFRRJ), Leonilde Servolo de Medeiros (CPDA\/UFRRJ), Paulo Rodrigues Fernandes Pereira (IBMEC), and Zina Caceres Benavides (UESC-BA).<\/p>\n<p><strong>Abstract<\/strong>:<\/p>\n<p>&nbsp;<\/p>\n<hr \/>\n<p>&nbsp;<\/p>\n<p><strong>LEANDRO BONECINI DE ALMEIDA<\/strong><br \/>\n<strong>A reconstru\u00e7\u00e3o da autonomia territorial das na\u00e7\u00f5es origin\u00e1rias ao noroeste da Amaz\u00f4nia peruana: o Governo Territorial Aut\u00f4nomo da Na\u00e7\u00e3o Wamp\u00eds<\/strong><\/p>\n<p><strong>Date<\/strong>: 22\/07\/2021<\/p>\n<p><strong>Banca<\/strong>: Andrey Cordeiro Ferreira (CPDA\/UFRRJ \u2013 Supervisor), Carmen Silvia Andriolli (CPDA\/UFRRJ), Thereza Cristina Cardoso Menezes (CPDA\/UFRRJ), Oscar Alberto Espinosa de Rivero (PUC-RE), and Frederica Barclay Rey de Castro.<\/p>\n<p><strong>Abstract<\/strong>:<\/p>\n<p>&nbsp;<\/p>\n<hr \/>\n<p>&nbsp;<\/p>\n<p><strong>LUIZ EDUARDO DE JESUS FLEURY<\/strong><br \/>\n<strong>O Rock Underground de Goi\u00e2nia nos anos 1990: a voz de resist\u00eancia de uma juventude musicalmente marginalizada<\/strong><\/p>\n<p><strong>Date<\/strong>: 13\/08\/2021<\/p>\n<p><strong>Banca<\/strong>: Eli de F\u00e1tima Napole\u00e3o de Lima (CPDA\/UFRRJ \u2013 Supervisor), Carmen Andriolli (CPDA\/UFRRJ), Debora Franco Lerrer (CPDA\/UFRRJ), Cleyton Gerhardt (UFRJ), and Luzimar Paulo Pereira (UFJF)<\/p>\n<p><strong>Abstract<\/strong>:<\/p>\n<p>&nbsp;<\/p>\n<hr \/>\n<p>&nbsp;<\/p>\n<p><strong>EMIVAL DA CUNHA RIBEIRO<\/strong><br \/>\n<strong>Pequenos agricultores no munic\u00edpio de Rio Verde (GO): trajet\u00f3ria, transforma\u00e7\u00f5es e resist\u00eancia\u00a0<\/strong><\/p>\n<p><strong>Date<\/strong>: 18\/08\/2021<\/p>\n<p><strong>Banca<\/strong>: Eli de Fatima Napole\u00e3o de Lima (CPDA\/UFRRJ \u2013 Supervisor), Debora Franco Lerrer (CPDA\/UFRRJ), Carmen Silvia Andriolli (CPDA\/UFRRJ), Claudecir Goncalves (IF Goiano), and Susana Cesco (UFF).<br \/>\n<strong><br \/>\nAbstract<\/strong>:<\/p>\n<p>&nbsp;<\/p>\n<hr \/>\n<p>&nbsp;<\/p>\n<p><strong>LUIZA BORGES DULCI<\/strong><br \/>\n<strong>O Sul de Minas Gerais e a governan\u00e7a da rede de produ\u00e7\u00e3o global do caf\u00e9 no s\u00e9culo XXI<\/strong><\/p>\n<p><strong>Date<\/strong>: 02\/09\/2021<\/p>\n<p><strong>Banca<\/strong>: Sergio Pereira Leite (CPDA\/UFRRJ \u2013 Supervisor), Claudia Job Schmitt (CPDA\/UFRRJ), John Wilkinson (CPDA\/UFRRJ), Aaron Schneider, and Rodrigo Salles Pereira dos Santos (UFRJ).<\/p>\n<p><strong>Abstract<\/strong>:<\/p>\n","protected":false},"excerpt":{"rendered":"<p>JULIANO LU\u00cdS PALM Processos de transi\u00e7\u00e3o agroecol\u00f3gica: ecologia de projetos \u2013 uma abordagem pragm\u00e1tica, sist\u00eamica e territorial na Regi\u00e3o Serrana <a class=\"read-more\" href=\"https:\/\/institucional.ufrrj.br\/portalcpda\/en\/doctoral-dissertations-2021\/ \" >&#8230; <span class=\"font-italic\">leia mais <i class=\"fas fa-angle-right\"><\/i><\/span><\/a><\/p>\n","protected":false},"author":717,"featured_media":0,"parent":0,"menu_order":0,"comment_status":"closed","ping_status":"closed","template":"","meta":{"_acf_changed":false,"footnotes":""},"class_list":["post-22137","page","type-page","status-publish","hentry"],"yoast_head":"<!-- This site is optimized with the Yoast SEO plugin v27.2 - https:\/\/yoast.com\/product\/yoast-seo-wordpress\/ -->\n<title>Doctoral Dissertations 2021 - CPDA<\/title>\n<meta name=\"robots\" content=\"index, follow, max-snippet:-1, max-image-preview:large, max-video-preview:-1\" \/>\n<link rel=\"canonical\" href=\"https:\/\/institucional.ufrrj.br\/portalcpda\/en\/doctoral-dissertations-2021\/\" \/>\n<meta property=\"og:locale\" content=\"pt_BR\" \/>\n<meta property=\"og:type\" content=\"article\" \/>\n<meta property=\"og:title\" content=\"Doctoral Dissertations 2021 - CPDA\" \/>\n<meta property=\"og:description\" content=\"JULIANO LU\u00cdS PALM Processos de transi\u00e7\u00e3o agroecol\u00f3gica: ecologia de projetos \u2013 uma abordagem pragm\u00e1tica, sist\u00eamica e territorial na Regi\u00e3o Serrana ... leia mais\" \/>\n<meta property=\"og:url\" content=\"https:\/\/institucional.ufrrj.br\/portalcpda\/en\/doctoral-dissertations-2021\/\" \/>\n<meta property=\"og:site_name\" content=\"CPDA\" \/>\n<meta property=\"article:modified_time\" content=\"2021-09-27T21:46:18+00:00\" \/>\n<meta name=\"twitter:card\" content=\"summary_large_image\" \/>\n<meta name=\"twitter:label1\" content=\"Est. tempo de leitura\" \/>\n\t<meta name=\"twitter:data1\" content=\"4 minutos\" \/>\n<script type=\"application\/ld+json\" class=\"yoast-schema-graph\">{\"@context\":\"https:\/\/schema.org\",\"@graph\":[{\"@type\":\"WebPage\",\"@id\":\"https:\/\/institucional.ufrrj.br\/portalcpda\/en\/doctoral-dissertations-2021\/\",\"url\":\"https:\/\/institucional.ufrrj.br\/portalcpda\/en\/doctoral-dissertations-2021\/\",\"name\":\"Doctoral Dissertations 2021 - CPDA\",\"isPartOf\":{\"@id\":\"https:\/\/institucional.ufrrj.br\/portalcpda\/#website\"},\"datePublished\":\"2021-09-22T07:42:46+00:00\",\"dateModified\":\"2021-09-27T21:46:18+00:00\",\"breadcrumb\":{\"@id\":\"https:\/\/institucional.ufrrj.br\/portalcpda\/en\/doctoral-dissertations-2021\/#breadcrumb\"},\"inLanguage\":\"pt-BR\",\"potentialAction\":[{\"@type\":\"ReadAction\",\"target\":[\"https:\/\/institucional.ufrrj.br\/portalcpda\/en\/doctoral-dissertations-2021\/\"]}]},{\"@type\":\"BreadcrumbList\",\"@id\":\"https:\/\/institucional.ufrrj.br\/portalcpda\/en\/doctoral-dissertations-2021\/#breadcrumb\",\"itemListElement\":[{\"@type\":\"ListItem\",\"position\":1,\"name\":\"In\u00edcio\",\"item\":\"https:\/\/institucional.ufrrj.br\/portalcpda\/\"},{\"@type\":\"ListItem\",\"position\":2,\"name\":\"Doctoral Dissertations 2021\"}]},{\"@type\":\"WebSite\",\"@id\":\"https:\/\/institucional.ufrrj.br\/portalcpda\/#website\",\"url\":\"https:\/\/institucional.ufrrj.br\/portalcpda\/\",\"name\":\"CPDA\",\"description\":\"institucional.ufrrj.br\",\"potentialAction\":[{\"@type\":\"SearchAction\",\"target\":{\"@type\":\"EntryPoint\",\"urlTemplate\":\"https:\/\/institucional.ufrrj.br\/portalcpda\/?s={search_term_string}\"},\"query-input\":{\"@type\":\"PropertyValueSpecification\",\"valueRequired\":true,\"valueName\":\"search_term_string\"}}],\"inLanguage\":\"pt-BR\"}]}<\/script>\n<!-- \/ Yoast SEO plugin. -->","yoast_head_json":{"title":"Doctoral Dissertations 2021 - CPDA","robots":{"index":"index","follow":"follow","max-snippet":"max-snippet:-1","max-image-preview":"max-image-preview:large","max-video-preview":"max-video-preview:-1"},"canonical":"https:\/\/institucional.ufrrj.br\/portalcpda\/en\/doctoral-dissertations-2021\/","og_locale":"pt_BR","og_type":"article","og_title":"Doctoral Dissertations 2021 - CPDA","og_description":"JULIANO LU\u00cdS PALM Processos de transi\u00e7\u00e3o agroecol\u00f3gica: ecologia de projetos \u2013 uma abordagem pragm\u00e1tica, sist\u00eamica e territorial na Regi\u00e3o Serrana ... leia mais","og_url":"https:\/\/institucional.ufrrj.br\/portalcpda\/en\/doctoral-dissertations-2021\/","og_site_name":"CPDA","article_modified_time":"2021-09-27T21:46:18+00:00","twitter_card":"summary_large_image","twitter_misc":{"Est. tempo de leitura":"4 minutos"},"schema":{"@context":"https:\/\/schema.org","@graph":[{"@type":"WebPage","@id":"https:\/\/institucional.ufrrj.br\/portalcpda\/en\/doctoral-dissertations-2021\/","url":"https:\/\/institucional.ufrrj.br\/portalcpda\/en\/doctoral-dissertations-2021\/","name":"Doctoral Dissertations 2021 - CPDA","isPartOf":{"@id":"https:\/\/institucional.ufrrj.br\/portalcpda\/#website"},"datePublished":"2021-09-22T07:42:46+00:00","dateModified":"2021-09-27T21:46:18+00:00","breadcrumb":{"@id":"https:\/\/institucional.ufrrj.br\/portalcpda\/en\/doctoral-dissertations-2021\/#breadcrumb"},"inLanguage":"pt-BR","potentialAction":[{"@type":"ReadAction","target":["https:\/\/institucional.ufrrj.br\/portalcpda\/en\/doctoral-dissertations-2021\/"]}]},{"@type":"BreadcrumbList","@id":"https:\/\/institucional.ufrrj.br\/portalcpda\/en\/doctoral-dissertations-2021\/#breadcrumb","itemListElement":[{"@type":"ListItem","position":1,"name":"In\u00edcio","item":"https:\/\/institucional.ufrrj.br\/portalcpda\/"},{"@type":"ListItem","position":2,"name":"Doctoral Dissertations 2021"}]},{"@type":"WebSite","@id":"https:\/\/institucional.ufrrj.br\/portalcpda\/#website","url":"https:\/\/institucional.ufrrj.br\/portalcpda\/","name":"CPDA","description":"institucional.ufrrj.br","potentialAction":[{"@type":"SearchAction","target":{"@type":"EntryPoint","urlTemplate":"https:\/\/institucional.ufrrj.br\/portalcpda\/?s={search_term_string}"},"query-input":{"@type":"PropertyValueSpecification","valueRequired":true,"valueName":"search_term_string"}}],"inLanguage":"pt-BR"}]}},"acf":[],"_links":{"self":[{"href":"https:\/\/institucional.ufrrj.br\/portalcpda\/wp-json\/wp\/v2\/pages\/22137","targetHints":{"allow":["GET"]}}],"collection":[{"href":"https:\/\/institucional.ufrrj.br\/portalcpda\/wp-json\/wp\/v2\/pages"}],"about":[{"href":"https:\/\/institucional.ufrrj.br\/portalcpda\/wp-json\/wp\/v2\/types\/page"}],"author":[{"embeddable":true,"href":"https:\/\/institucional.ufrrj.br\/portalcpda\/wp-json\/wp\/v2\/users\/717"}],"replies":[{"embeddable":true,"href":"https:\/\/institucional.ufrrj.br\/portalcpda\/wp-json\/wp\/v2\/comments?post=22137"}],"version-history":[{"count":4,"href":"https:\/\/institucional.ufrrj.br\/portalcpda\/wp-json\/wp\/v2\/pages\/22137\/revisions"}],"predecessor-version":[{"id":22392,"href":"https:\/\/institucional.ufrrj.br\/portalcpda\/wp-json\/wp\/v2\/pages\/22137\/revisions\/22392"}],"wp:attachment":[{"href":"https:\/\/institucional.ufrrj.br\/portalcpda\/wp-json\/wp\/v2\/media?parent=22137"}],"curies":[{"name":"wp","href":"https:\/\/api.w.org\/{rel}","templated":true}]}}