{"id":2176,"date":"2012-07-24T10:44:55","date_gmt":"2012-07-24T13:44:55","guid":{"rendered":"http:\/\/r1.ufrrj.br\/cpda\/?page_id=2176"},"modified":"2020-07-22T12:17:39","modified_gmt":"2020-07-22T15:17:39","slug":"dissertacoes-mestrado-2012","status":"publish","type":"page","link":"https:\/\/institucional.ufrrj.br\/portalcpda\/dissertacoes-mestrado-2012\/","title":{"rendered":"Disserta\u00e7\u00f5es Mestrado 2012"},"content":{"rendered":"<p>&nbsp;<\/p>\n<p><strong>MARIO NEY RODRIGUES SALVADOR<\/strong><br \/>\n<a href=\"https:\/\/institucional.ufrrj.br\/portalcpda\/files\/2018\/08\/2012.disserta\u00e7\u00e3o.Mario-Ney-Rodrigues-Salvador.pdf\" target=\"_blank\" rel=\"noopener noreferrer\"><strong>Os \u00edndios Terena e a agroind\u00fastria no Mato Grosso do Sul: a rela\u00e7\u00e3o capital-trabalho e a quest\u00e3o ind\u00edgena atual<\/strong><\/a><\/p>\n<p>Defesa: 29\/02\/2012<br \/>\nOrientador: Andrey Cordeiro Ferreira (CPDA \/UFRRJ)<\/p>\n<p>&nbsp;<\/p>\n<hr \/>\n<p><strong>CAMILA BATISTA MARINS CARNEIRO<\/strong><br \/>\n<a href=\"https:\/\/institucional.ufrrj.br\/portalcpda\/files\/2018\/08\/2012.disserta\u00e7\u00e3o.Camila-Batista-Marins-Carneiro.pdf\" target=\"_blank\" rel=\"noopener noreferrer\"><strong>Compras coletivas de produtos org\u00e2nicos e participa\u00e7\u00e3o pol\u00edtica: um estudo de caso da rede ecol\u00f3gica\/RJ<\/strong><\/a><\/p>\n<p>Defesa: 04\/05\/2012<br \/>\nOrientadora: F\u00e1tima Portilho (CPDA \/UFRRJ)<\/p>\n<p>&nbsp;<\/p>\n<hr \/>\n<p><strong>FERNANDO JOS\u00c9 DE CASTRO AGLIO<\/strong><br \/>\n<a href=\"https:\/\/institucional.ufrrj.br\/portalcpda\/files\/2018\/08\/2012.disserta\u00e7\u00e3o.Fernando-Jos\u00e9-de-Castro-Aglio.pdf\" target=\"_blank\" rel=\"noopener noreferrer\"><strong>Ci\u00eancia ou senso comum? O uso do conhecimento cient\u00edfico no discurso pol\u00edtico da revis\u00e3o do c\u00f3digo florestal brasileiro<\/strong><\/a><\/p>\n<p>Defesa: 24\/08\/2012<br \/>\nOrientadora: Maria Jos\u00e9 Carneiro (CPDA\/UFRRJ)<\/p>\n<p>&nbsp;<\/p>\n<hr \/>\n<p><strong>LAILA THOMAZ SANDRONI<\/strong><br \/>\n<a href=\"https:\/\/institucional.ufrrj.br\/portalcpda\/files\/2020\/07\/2012.disserta\u00e7\u00e3o.Laila-Thomaz-Sandroni.pdf\" target=\"_blank\" rel=\"noopener noreferrer\"><strong>Conserva\u00e7\u00e3o da biodiversidade nas ci\u00eancias sociais brasileiras: um campo em constru\u00e7\u00e3o<\/strong><\/a><br \/>\n(Pr\u00eamio Anppas 2015 de Melhor Disserta\u00e7\u00e3o de Mestrado)<\/p>\n<p>Defesa: 17\/09\/2012<br \/>\nOrientadora: Maria Jos\u00e9 Carneiro (CPDA\/UFRRJ)<\/p>\n<p>&nbsp;<\/p>\n<hr \/>\n<p><strong>BIANCA MARIA ABREU MAZUREC<\/strong><br \/>\n<a href=\"https:\/\/institucional.ufrrj.br\/portalcpda\/files\/2018\/08\/2012.disserta\u00e7\u00e3o.Bianca-Maria-Abreu-Mazurec.pdf\" target=\"_blank\" rel=\"noopener noreferrer\"><strong>Reconhecimento \u00e9tnico quilombola no licenciamento ambiental<\/strong><\/a><\/p>\n<p>Defesa: 27\/09\/2012<br \/>\nOrientador: John Cunha Comerford (CPDA\/UFRRJ)<\/p>\n<p>&nbsp;<\/p>\n<hr \/>\n<p><strong>LAUDIRL\u00c9A SILVA DOS REIS<\/strong><br \/>\n<a href=\"https:\/\/institucional.ufrrj.br\/portalcpda\/files\/2018\/08\/2012.disserta\u00e7\u00e3o.Laudirl\u00e9a-Silva-dos-Reis.pdf\" target=\"_blank\" rel=\"noopener noreferrer\"><strong>O trabalho \u201cprecoce\u201d dos filhos de agricultores no munic\u00edpio de Varre-Sai\/RJ<\/strong><\/a><\/p>\n<p>Defesa: 28\/09\/2012<br \/>\nOrientador: John Cunha Comerford (CPDA\/UFRRJ)<\/p>\n<p>&nbsp;<\/p>\n<hr \/>\n<p><strong>BERNARDO RAPHAEL BASTOS DE S\u00c3O CLEMENTE<\/strong><br \/>\n<a href=\"https:\/\/institucional.ufrrj.br\/portalcpda\/files\/2018\/08\/2012.disserta\u00e7\u00e3o.Bernardo-Raphael-Bastos-de-S\u00e3o-Clemente.pdf\" target=\"_blank\" rel=\"noopener noreferrer\"><strong>O estado nicaraguense e as pol\u00edticas para o desenvolvimento da agricultura, seguran\u00e7a alimentar e o mundo rural<\/strong><\/a><\/p>\n<p>Defesa: 01\/10\/2012<br \/>\nOrientador: Renato Sergio Jamil Maluf (CPDA\/UFRRJ)<\/p>\n<p>&nbsp;<\/p>\n<hr \/>\n<p><strong>FABR\u00cdCIO HENRIQUE OMELCKUZK WALTER<\/strong><br \/>\n<a href=\"https:\/\/institucional.ufrrj.br\/portalcpda\/files\/2018\/08\/2012.disserta\u00e7\u00e3o.Fabricio-Henrique-Omelckuzk-Walter.pdf\" target=\"_blank\" rel=\"noopener noreferrer\"><strong>Entre o trabalho e a assist\u00eancia. Trajet\u00f3rias e redes sociais de pessoas em situa\u00e7\u00e3o de pobreza e vulnerabilidade em Guapimirim\/RJ<\/strong><\/a><\/p>\n<p>Defesa: 15\/10\/2012<br \/>\nOrientadora: Claudia Job Schmitt (CPDA\/UFRRJ)<\/p>\n<p>&nbsp;<\/p>\n<hr \/>\n<p><strong>JULIANO LU\u00cdS PALM<\/strong><br \/>\n<strong><a href=\"https:\/\/institucional.ufrrj.br\/portalcpda\/files\/2018\/08\/2012.disserta\u00e7\u00e3o.Juliano-Lu\u00eds-Palm.pdf\" target=\"_blank\" rel=\"noopener noreferrer\">A constru\u00e7\u00e3o social da agricultura familiar integrada no processo de moderniza\u00e7\u00e3o da agricultura: experienciando as transforma\u00e7\u00f5es no rural de Teut\u00f4nia-RS (1970-2010)<\/a><\/strong><\/p>\n<p>Defesa: 17\/10\/2012<br \/>\nOrientadora: Claudia Job Schmitt (CPDA\/UFRRJ)<\/p>\n<p>&nbsp;<\/p>\n<hr \/>\n<p><strong>CLARISSE CAVALCANTE KALUME<\/strong><br \/>\n<a href=\"https:\/\/institucional.ufrrj.br\/portalcpda\/files\/2018\/08\/2012.disserta\u00e7\u00e3o.Clarisse-Cavalcante-Kalume.pdf\" target=\"_blank\" rel=\"noopener noreferrer\"><strong>De Boa Esperan\u00e7a a Cachoeira: mem\u00f3ria e sentidos identit\u00e1rios \u00e0s margens do rio Parna\u00edba (PI\/MA)<\/strong><\/a><\/p>\n<p>Defesa: 31\/10\/2012<br \/>\nOrientadora: Eli de\u00a0F\u00e1tima\u00a0Napole\u00e3o de Lima (CPDA\/UFRRJ)<\/p>\n<p>&nbsp;<\/p>\n<hr \/>\n<p><strong>BRUNO AZEVEDO PRADO<\/strong><br \/>\n<a href=\"https:\/\/institucional.ufrrj.br\/portalcpda\/files\/2018\/08\/2012.disserta\u00e7\u00e3o.Bruno-Azevedo-Prado.pdf\" target=\"_blank\" rel=\"noopener noreferrer\"><strong>A constru\u00e7\u00e3o de modos de vida sustent\u00e1veis em torno da agricultura na cidade do Rio de Janeiro: agricultores do maci\u00e7o da Pedra Branca<\/strong><\/a><\/p>\n<p>Defesa: 16\/11\/2012<br \/>\nOrientador: Renato Sergio Jamil Maluf (CPDA\/UFRRJ)<\/p>\n<p>&nbsp;<\/p>\n<p>&nbsp;<\/p>\n","protected":false},"excerpt":{"rendered":"<p>&nbsp; MARIO NEY RODRIGUES SALVADOR Os \u00edndios Terena e a agroind\u00fastria no Mato Grosso do Sul: a rela\u00e7\u00e3o capital-trabalho e <a class=\"read-more\" href=\"https:\/\/institucional.ufrrj.br\/portalcpda\/dissertacoes-mestrado-2012\/ \" >&#8230; <span class=\"font-italic\">leia mais <i class=\"fas fa-angle-right\"><\/i><\/span><\/a><\/p>\n","protected":false},"author":634,"featured_media":0,"parent":0,"menu_order":0,"comment_status":"open","ping_status":"open","template":"","meta":{"_acf_changed":false,"footnotes":""},"class_list":["post-2176","page","type-page","status-publish","hentry"],"yoast_head":"<!-- This site is optimized with the Yoast SEO plugin v27.2 - https:\/\/yoast.com\/product\/yoast-seo-wordpress\/ -->\n<title>Disserta\u00e7\u00f5es Mestrado 2012 - CPDA<\/title>\n<meta name=\"robots\" content=\"index, follow, max-snippet:-1, max-image-preview:large, max-video-preview:-1\" \/>\n<link rel=\"canonical\" href=\"https:\/\/institucional.ufrrj.br\/portalcpda\/dissertacoes-mestrado-2012\/\" \/>\n<meta property=\"og:locale\" content=\"pt_BR\" \/>\n<meta property=\"og:type\" content=\"article\" \/>\n<meta property=\"og:title\" content=\"Disserta\u00e7\u00f5es Mestrado 2012 - CPDA\" \/>\n<meta property=\"og:description\" content=\"&nbsp; MARIO NEY RODRIGUES SALVADOR Os \u00edndios Terena e a agroind\u00fastria no Mato Grosso do Sul: a rela\u00e7\u00e3o capital-trabalho e ... leia mais\" \/>\n<meta property=\"og:url\" content=\"https:\/\/institucional.ufrrj.br\/portalcpda\/dissertacoes-mestrado-2012\/\" \/>\n<meta property=\"og:site_name\" content=\"CPDA\" \/>\n<meta property=\"article:modified_time\" content=\"2020-07-22T15:17:39+00:00\" \/>\n<meta name=\"twitter:card\" content=\"summary_large_image\" \/>\n<meta name=\"twitter:label1\" content=\"Est. tempo de leitura\" \/>\n\t<meta name=\"twitter:data1\" content=\"2 minutos\" \/>\n<script type=\"application\/ld+json\" class=\"yoast-schema-graph\">{\"@context\":\"https:\/\/schema.org\",\"@graph\":[{\"@type\":\"WebPage\",\"@id\":\"https:\/\/institucional.ufrrj.br\/portalcpda\/dissertacoes-mestrado-2012\/\",\"url\":\"https:\/\/institucional.ufrrj.br\/portalcpda\/dissertacoes-mestrado-2012\/\",\"name\":\"Disserta\u00e7\u00f5es Mestrado 2012 - CPDA\",\"isPartOf\":{\"@id\":\"https:\/\/institucional.ufrrj.br\/portalcpda\/#website\"},\"datePublished\":\"2012-07-24T13:44:55+00:00\",\"dateModified\":\"2020-07-22T15:17:39+00:00\",\"breadcrumb\":{\"@id\":\"https:\/\/institucional.ufrrj.br\/portalcpda\/dissertacoes-mestrado-2012\/#breadcrumb\"},\"inLanguage\":\"pt-BR\",\"potentialAction\":[{\"@type\":\"ReadAction\",\"target\":[\"https:\/\/institucional.ufrrj.br\/portalcpda\/dissertacoes-mestrado-2012\/\"]}]},{\"@type\":\"BreadcrumbList\",\"@id\":\"https:\/\/institucional.ufrrj.br\/portalcpda\/dissertacoes-mestrado-2012\/#breadcrumb\",\"itemListElement\":[{\"@type\":\"ListItem\",\"position\":1,\"name\":\"In\u00edcio\",\"item\":\"https:\/\/institucional.ufrrj.br\/portalcpda\/\"},{\"@type\":\"ListItem\",\"position\":2,\"name\":\"Disserta\u00e7\u00f5es Mestrado 2012\"}]},{\"@type\":\"WebSite\",\"@id\":\"https:\/\/institucional.ufrrj.br\/portalcpda\/#website\",\"url\":\"https:\/\/institucional.ufrrj.br\/portalcpda\/\",\"name\":\"CPDA\",\"description\":\"institucional.ufrrj.br\",\"potentialAction\":[{\"@type\":\"SearchAction\",\"target\":{\"@type\":\"EntryPoint\",\"urlTemplate\":\"https:\/\/institucional.ufrrj.br\/portalcpda\/?s={search_term_string}\"},\"query-input\":{\"@type\":\"PropertyValueSpecification\",\"valueRequired\":true,\"valueName\":\"search_term_string\"}}],\"inLanguage\":\"pt-BR\"}]}<\/script>\n<!-- \/ Yoast SEO plugin. -->","yoast_head_json":{"title":"Disserta\u00e7\u00f5es Mestrado 2012 - CPDA","robots":{"index":"index","follow":"follow","max-snippet":"max-snippet:-1","max-image-preview":"max-image-preview:large","max-video-preview":"max-video-preview:-1"},"canonical":"https:\/\/institucional.ufrrj.br\/portalcpda\/dissertacoes-mestrado-2012\/","og_locale":"pt_BR","og_type":"article","og_title":"Disserta\u00e7\u00f5es Mestrado 2012 - CPDA","og_description":"&nbsp; MARIO NEY RODRIGUES SALVADOR Os \u00edndios Terena e a agroind\u00fastria no Mato Grosso do Sul: a rela\u00e7\u00e3o capital-trabalho e ... leia mais","og_url":"https:\/\/institucional.ufrrj.br\/portalcpda\/dissertacoes-mestrado-2012\/","og_site_name":"CPDA","article_modified_time":"2020-07-22T15:17:39+00:00","twitter_card":"summary_large_image","twitter_misc":{"Est. tempo de leitura":"2 minutos"},"schema":{"@context":"https:\/\/schema.org","@graph":[{"@type":"WebPage","@id":"https:\/\/institucional.ufrrj.br\/portalcpda\/dissertacoes-mestrado-2012\/","url":"https:\/\/institucional.ufrrj.br\/portalcpda\/dissertacoes-mestrado-2012\/","name":"Disserta\u00e7\u00f5es Mestrado 2012 - CPDA","isPartOf":{"@id":"https:\/\/institucional.ufrrj.br\/portalcpda\/#website"},"datePublished":"2012-07-24T13:44:55+00:00","dateModified":"2020-07-22T15:17:39+00:00","breadcrumb":{"@id":"https:\/\/institucional.ufrrj.br\/portalcpda\/dissertacoes-mestrado-2012\/#breadcrumb"},"inLanguage":"pt-BR","potentialAction":[{"@type":"ReadAction","target":["https:\/\/institucional.ufrrj.br\/portalcpda\/dissertacoes-mestrado-2012\/"]}]},{"@type":"BreadcrumbList","@id":"https:\/\/institucional.ufrrj.br\/portalcpda\/dissertacoes-mestrado-2012\/#breadcrumb","itemListElement":[{"@type":"ListItem","position":1,"name":"In\u00edcio","item":"https:\/\/institucional.ufrrj.br\/portalcpda\/"},{"@type":"ListItem","position":2,"name":"Disserta\u00e7\u00f5es Mestrado 2012"}]},{"@type":"WebSite","@id":"https:\/\/institucional.ufrrj.br\/portalcpda\/#website","url":"https:\/\/institucional.ufrrj.br\/portalcpda\/","name":"CPDA","description":"institucional.ufrrj.br","potentialAction":[{"@type":"SearchAction","target":{"@type":"EntryPoint","urlTemplate":"https:\/\/institucional.ufrrj.br\/portalcpda\/?s={search_term_string}"},"query-input":{"@type":"PropertyValueSpecification","valueRequired":true,"valueName":"search_term_string"}}],"inLanguage":"pt-BR"}]}},"acf":[],"_links":{"self":[{"href":"https:\/\/institucional.ufrrj.br\/portalcpda\/wp-json\/wp\/v2\/pages\/2176","targetHints":{"allow":["GET"]}}],"collection":[{"href":"https:\/\/institucional.ufrrj.br\/portalcpda\/wp-json\/wp\/v2\/pages"}],"about":[{"href":"https:\/\/institucional.ufrrj.br\/portalcpda\/wp-json\/wp\/v2\/types\/page"}],"author":[{"embeddable":true,"href":"https:\/\/institucional.ufrrj.br\/portalcpda\/wp-json\/wp\/v2\/users\/634"}],"replies":[{"embeddable":true,"href":"https:\/\/institucional.ufrrj.br\/portalcpda\/wp-json\/wp\/v2\/comments?post=2176"}],"version-history":[{"count":20,"href":"https:\/\/institucional.ufrrj.br\/portalcpda\/wp-json\/wp\/v2\/pages\/2176\/revisions"}],"predecessor-version":[{"id":19742,"href":"https:\/\/institucional.ufrrj.br\/portalcpda\/wp-json\/wp\/v2\/pages\/2176\/revisions\/19742"}],"wp:attachment":[{"href":"https:\/\/institucional.ufrrj.br\/portalcpda\/wp-json\/wp\/v2\/media?parent=2176"}],"curies":[{"name":"wp","href":"https:\/\/api.w.org\/{rel}","templated":true}]}}