{"id":2082,"date":"2012-07-24T10:42:07","date_gmt":"2012-07-24T13:42:07","guid":{"rendered":"http:\/\/r1.ufrrj.br\/cpda\/?page_id=2082"},"modified":"2018-09-05T12:06:19","modified_gmt":"2018-09-05T15:06:19","slug":"teses-doutorado-2012","status":"publish","type":"page","link":"https:\/\/institucional.ufrrj.br\/portalcpda\/teses-doutorado-2012\/","title":{"rendered":"Teses Doutorado 2012"},"content":{"rendered":"<p>&nbsp;<\/p>\n<p><strong>FERNANDA MARIA DA COSTA VIEIRA<\/strong><br \/>\n<a href=\"https:\/\/institucional.ufrrj.br\/portalcpda\/files\/2018\/08\/2011.tese_.Fernanda-Maria-da-Costa-Vieira.pdf\" target=\"_blank\" rel=\"noopener\"><strong>Sob o Leito de Procusto: Sistema Judicial e a criminaliza\u00e7\u00e3o da luta pela terra no Rio Grande do Sul<\/strong><\/a><\/p>\n<p>Defesa: 28\/02\/2012<br \/>\nOrientadora: Regina Angela Landim Bruno (CPDA\/UFRRJ)<\/p>\n<p>&nbsp;<\/p>\n<hr \/>\n<p><strong>CATIA GRISA<\/strong><br \/>\n<strong><a href=\"https:\/\/institucional.ufrrj.br\/portalcpda\/files\/2018\/08\/2012.tese_.Catia-Grisa.pdf\" target=\"_blank\" rel=\"noopener\">Pol\u00edticas P\u00fablicas para a Agricultura Familiar no Brasil: produ\u00e7\u00e3o e institucionaliza\u00e7\u00e3o das ideias<\/a><\/strong><\/p>\n<p>Defesa: 13\/06\/2012<br \/>\nOrientador: Nelson Giordano Delgado (CPDA\/UFRRJ)<\/p>\n<p>&nbsp;<\/p>\n<hr \/>\n<p><strong>FABR\u00cdCIO ROBERTO COSTA OLIVEIRA<\/strong><br \/>\n<strong><a href=\"https:\/\/institucional.ufrrj.br\/portalcpda\/files\/2018\/08\/2012.tese_.Fabricio-Roberto-Costa-Oliveira.pdf\" target=\"_blank\" rel=\"noopener\">Religi\u00e3o, pol\u00edtica e comunidade: emerg\u00eancia e politiza\u00e7\u00e3o do movimento da Boa Nova<\/a><\/strong><\/p>\n<p>Defesa: 29\/06\/2012<br \/>\nOrientadora: Regina Angela Landim Bruno (CPDA\/UFRRJ)<\/p>\n<p>&nbsp;<\/p>\n<hr \/>\n<p><strong>FRANCISCO MENDES COSTA<\/strong><br \/>\n<strong><a href=\"https:\/\/institucional.ufrrj.br\/portalcpda\/files\/2018\/08\/2012.tese_.Francisco-Mendes-Costa.pdf\" target=\"_blank\" rel=\"noopener\">Pol\u00edticas p\u00fablicas e atores sociais na evolu\u00e7\u00e3o da cacauicultura baiana<\/a><\/strong><\/p>\n<p>Defesa : 13\/08\/2012<br \/>\nOrientador: Renato S\u00e9rgio Jamil Maluf (CPDA\/UFRRJ)<\/p>\n<p>&nbsp;<\/p>\n<hr \/>\n<p><strong>SHEILA MARIA PALZA SILVA<\/strong><br \/>\n<strong><a href=\"https:\/\/institucional.ufrrj.br\/portalcpda\/files\/2018\/08\/2012.tese_.Sheila-Maria-Palza-Silva.pdf\" target=\"_blank\" rel=\"noopener\">Pol\u00edticas p\u00fablicas e ambientalismo no\u00a0agro amaz\u00f4nico: um estudo de caso do Acre (1999-2010)<\/a><\/strong><\/p>\n<p>Defesa : 17\/09\/2012<br \/>\nOrientador: Nelson Giordano Delgado (CPDA\/UFRRJ)<\/p>\n<p>&nbsp;<\/p>\n<hr \/>\n<p><strong>ANA CLAUDIA DIOGO TAVARES<\/strong><br \/>\n<strong><a href=\"https:\/\/institucional.ufrrj.br\/portalcpda\/files\/2018\/08\/2012.tese_.Ana-Cl\u00e1udia-Diogo-Tavares.pdf\" target=\"_blank\" rel=\"noopener\">A Confedera\u00e7\u00e3o Nacional da Agricultura e Pecu\u00e1ria do Brasil (CNA) e as quest\u00f5es agr\u00e1ria, ambiental e trabalhista: disputas sobre o direito a partir da Constitui\u00e7\u00e3o brasileira de 1988<\/a><\/strong><\/p>\n<p>Defesa: 05\/10\/2012<br \/>\nOrientadora: Leonilde Servolo de Medeiros (CPDA\/UFRRJ)<\/p>\n<p>&nbsp;<\/p>\n<hr \/>\n<p><strong>KARINA YOSHIE MARTINS KATO<\/strong><br \/>\n<strong><a href=\"https:\/\/institucional.ufrrj.br\/portalcpda\/files\/2018\/08\/2012.tese_.Karina-Yoshie-Martins-Kato.pdf\" target=\"_blank\" rel=\"noopener\">Estatais, pol\u00edticas p\u00fablicas e estrat\u00e9gias empresariais: os caminhos da Petrobr\u00e1s no biodiesel<\/a><\/strong><\/p>\n<p>Defesa: 09\/10\/2012<br \/>\nOrientador: Georges Flexor (CPDA\/UFRRJ)<\/p>\n<p>&nbsp;<\/p>\n<hr \/>\n<p><strong>RENATO CARVALHEIRA DO NASCIMENTO<\/strong><br \/>\n<strong><a href=\"https:\/\/institucional.ufrrj.br\/portalcpda\/files\/2018\/08\/2012.tese_.Renato-Carvalheira-do-Nascimento.pdf\" target=\"_blank\" rel=\"noopener\">O papel do Consea na constru\u00e7\u00e3o da pol\u00edtica e do Sistema Nacional de Seguran\u00e7a Alimentar e Nutricional<\/a><\/strong><\/p>\n<p>Defesa: 05\/11\/2012<br \/>\nOrientador: Renato S\u00e9rgio Jamil Maluf (CPDA\/UFRRJ)<\/p>\n<p>&nbsp;<\/p>\n<hr \/>\n<p><strong>CARLA AROUCA BELAS<\/strong><br \/>\n<strong><a href=\"https:\/\/institucional.ufrrj.br\/portalcpda\/files\/2018\/08\/2012.tese_.Carla-Arouca-Belas.pdf\" target=\"_blank\" rel=\"noopener\">Indica\u00e7\u00f5es Geogr\u00e1ficas e Salvaguarda do Patrim\u00f4nio Cultural: artesanato de capim dourado Jalap\u00e3o-Brasil<\/a><\/strong><br \/>\n(Tese de Doutorado premiada com o Pr\u00eamio A Casa do Brasil 2014)<\/p>\n<p>Defesa: 09\/11\/2012<br \/>\nOrientador: John Wilkinson (CPDA\/UFRRJ)<\/p>\n<p>&nbsp;<\/p>\n<p>&nbsp;<\/p>\n","protected":false},"excerpt":{"rendered":"<p>&nbsp; FERNANDA MARIA DA COSTA VIEIRA Sob o Leito de Procusto: Sistema Judicial e a criminaliza\u00e7\u00e3o da luta pela terra <a class=\"read-more\" href=\"https:\/\/institucional.ufrrj.br\/portalcpda\/teses-doutorado-2012\/ \" >&#8230; <span class=\"font-italic\">leia mais <i class=\"fas fa-angle-right\"><\/i><\/span><\/a><\/p>\n","protected":false},"author":634,"featured_media":0,"parent":0,"menu_order":0,"comment_status":"open","ping_status":"open","template":"","meta":{"_acf_changed":false,"footnotes":""},"class_list":["post-2082","page","type-page","status-publish","hentry"],"yoast_head":"<!-- This site is optimized with the Yoast SEO plugin v27.2 - https:\/\/yoast.com\/product\/yoast-seo-wordpress\/ -->\n<title>Teses Doutorado 2012 - CPDA<\/title>\n<meta name=\"robots\" content=\"index, follow, max-snippet:-1, max-image-preview:large, max-video-preview:-1\" \/>\n<link rel=\"canonical\" href=\"https:\/\/institucional.ufrrj.br\/portalcpda\/teses-doutorado-2012\/\" \/>\n<meta property=\"og:locale\" content=\"pt_BR\" \/>\n<meta property=\"og:type\" content=\"article\" \/>\n<meta property=\"og:title\" content=\"Teses Doutorado 2012 - CPDA\" \/>\n<meta property=\"og:description\" content=\"&nbsp; FERNANDA MARIA DA COSTA VIEIRA Sob o Leito de Procusto: Sistema Judicial e a criminaliza\u00e7\u00e3o da luta pela terra ... leia mais\" \/>\n<meta property=\"og:url\" content=\"https:\/\/institucional.ufrrj.br\/portalcpda\/teses-doutorado-2012\/\" \/>\n<meta property=\"og:site_name\" content=\"CPDA\" \/>\n<meta property=\"article:modified_time\" content=\"2018-09-05T15:06:19+00:00\" \/>\n<meta name=\"twitter:card\" content=\"summary_large_image\" \/>\n<meta name=\"twitter:label1\" content=\"Est. tempo de leitura\" \/>\n\t<meta name=\"twitter:data1\" content=\"1 minuto\" \/>\n<script type=\"application\/ld+json\" class=\"yoast-schema-graph\">{\"@context\":\"https:\/\/schema.org\",\"@graph\":[{\"@type\":\"WebPage\",\"@id\":\"https:\/\/institucional.ufrrj.br\/portalcpda\/teses-doutorado-2012\/\",\"url\":\"https:\/\/institucional.ufrrj.br\/portalcpda\/teses-doutorado-2012\/\",\"name\":\"Teses Doutorado 2012 - CPDA\",\"isPartOf\":{\"@id\":\"https:\/\/institucional.ufrrj.br\/portalcpda\/#website\"},\"datePublished\":\"2012-07-24T13:42:07+00:00\",\"dateModified\":\"2018-09-05T15:06:19+00:00\",\"breadcrumb\":{\"@id\":\"https:\/\/institucional.ufrrj.br\/portalcpda\/teses-doutorado-2012\/#breadcrumb\"},\"inLanguage\":\"pt-BR\",\"potentialAction\":[{\"@type\":\"ReadAction\",\"target\":[\"https:\/\/institucional.ufrrj.br\/portalcpda\/teses-doutorado-2012\/\"]}]},{\"@type\":\"BreadcrumbList\",\"@id\":\"https:\/\/institucional.ufrrj.br\/portalcpda\/teses-doutorado-2012\/#breadcrumb\",\"itemListElement\":[{\"@type\":\"ListItem\",\"position\":1,\"name\":\"In\u00edcio\",\"item\":\"https:\/\/institucional.ufrrj.br\/portalcpda\/\"},{\"@type\":\"ListItem\",\"position\":2,\"name\":\"Teses Doutorado 2012\"}]},{\"@type\":\"WebSite\",\"@id\":\"https:\/\/institucional.ufrrj.br\/portalcpda\/#website\",\"url\":\"https:\/\/institucional.ufrrj.br\/portalcpda\/\",\"name\":\"CPDA\",\"description\":\"institucional.ufrrj.br\",\"potentialAction\":[{\"@type\":\"SearchAction\",\"target\":{\"@type\":\"EntryPoint\",\"urlTemplate\":\"https:\/\/institucional.ufrrj.br\/portalcpda\/?s={search_term_string}\"},\"query-input\":{\"@type\":\"PropertyValueSpecification\",\"valueRequired\":true,\"valueName\":\"search_term_string\"}}],\"inLanguage\":\"pt-BR\"}]}<\/script>\n<!-- \/ Yoast SEO plugin. -->","yoast_head_json":{"title":"Teses Doutorado 2012 - CPDA","robots":{"index":"index","follow":"follow","max-snippet":"max-snippet:-1","max-image-preview":"max-image-preview:large","max-video-preview":"max-video-preview:-1"},"canonical":"https:\/\/institucional.ufrrj.br\/portalcpda\/teses-doutorado-2012\/","og_locale":"pt_BR","og_type":"article","og_title":"Teses Doutorado 2012 - CPDA","og_description":"&nbsp; FERNANDA MARIA DA COSTA VIEIRA Sob o Leito de Procusto: Sistema Judicial e a criminaliza\u00e7\u00e3o da luta pela terra ... leia mais","og_url":"https:\/\/institucional.ufrrj.br\/portalcpda\/teses-doutorado-2012\/","og_site_name":"CPDA","article_modified_time":"2018-09-05T15:06:19+00:00","twitter_card":"summary_large_image","twitter_misc":{"Est. tempo de leitura":"1 minuto"},"schema":{"@context":"https:\/\/schema.org","@graph":[{"@type":"WebPage","@id":"https:\/\/institucional.ufrrj.br\/portalcpda\/teses-doutorado-2012\/","url":"https:\/\/institucional.ufrrj.br\/portalcpda\/teses-doutorado-2012\/","name":"Teses Doutorado 2012 - CPDA","isPartOf":{"@id":"https:\/\/institucional.ufrrj.br\/portalcpda\/#website"},"datePublished":"2012-07-24T13:42:07+00:00","dateModified":"2018-09-05T15:06:19+00:00","breadcrumb":{"@id":"https:\/\/institucional.ufrrj.br\/portalcpda\/teses-doutorado-2012\/#breadcrumb"},"inLanguage":"pt-BR","potentialAction":[{"@type":"ReadAction","target":["https:\/\/institucional.ufrrj.br\/portalcpda\/teses-doutorado-2012\/"]}]},{"@type":"BreadcrumbList","@id":"https:\/\/institucional.ufrrj.br\/portalcpda\/teses-doutorado-2012\/#breadcrumb","itemListElement":[{"@type":"ListItem","position":1,"name":"In\u00edcio","item":"https:\/\/institucional.ufrrj.br\/portalcpda\/"},{"@type":"ListItem","position":2,"name":"Teses Doutorado 2012"}]},{"@type":"WebSite","@id":"https:\/\/institucional.ufrrj.br\/portalcpda\/#website","url":"https:\/\/institucional.ufrrj.br\/portalcpda\/","name":"CPDA","description":"institucional.ufrrj.br","potentialAction":[{"@type":"SearchAction","target":{"@type":"EntryPoint","urlTemplate":"https:\/\/institucional.ufrrj.br\/portalcpda\/?s={search_term_string}"},"query-input":{"@type":"PropertyValueSpecification","valueRequired":true,"valueName":"search_term_string"}}],"inLanguage":"pt-BR"}]}},"acf":[],"_links":{"self":[{"href":"https:\/\/institucional.ufrrj.br\/portalcpda\/wp-json\/wp\/v2\/pages\/2082","targetHints":{"allow":["GET"]}}],"collection":[{"href":"https:\/\/institucional.ufrrj.br\/portalcpda\/wp-json\/wp\/v2\/pages"}],"about":[{"href":"https:\/\/institucional.ufrrj.br\/portalcpda\/wp-json\/wp\/v2\/types\/page"}],"author":[{"embeddable":true,"href":"https:\/\/institucional.ufrrj.br\/portalcpda\/wp-json\/wp\/v2\/users\/634"}],"replies":[{"embeddable":true,"href":"https:\/\/institucional.ufrrj.br\/portalcpda\/wp-json\/wp\/v2\/comments?post=2082"}],"version-history":[{"count":8,"href":"https:\/\/institucional.ufrrj.br\/portalcpda\/wp-json\/wp\/v2\/pages\/2082\/revisions"}],"predecessor-version":[{"id":15862,"href":"https:\/\/institucional.ufrrj.br\/portalcpda\/wp-json\/wp\/v2\/pages\/2082\/revisions\/15862"}],"wp:attachment":[{"href":"https:\/\/institucional.ufrrj.br\/portalcpda\/wp-json\/wp\/v2\/media?parent=2082"}],"curies":[{"name":"wp","href":"https:\/\/api.w.org\/{rel}","templated":true}]}}