{"id":202,"date":"2011-07-05T19:34:43","date_gmt":"2011-07-05T19:34:43","guid":{"rendered":"http:\/\/r1.ufrrj.br\/cpda\/?page_id=202"},"modified":"2018-06-29T16:15:26","modified_gmt":"2018-06-29T19:15:26","slug":"teoria-e-politica-do-desenvolvimento-local","status":"publish","type":"page","link":"https:\/\/institucional.ufrrj.br\/portalcpda\/teoria-e-politica-do-desenvolvimento-local\/","title":{"rendered":"Teoria e pol\u00edtica do desenvolvimento local"},"content":{"rendered":"<h3>IH 1565<\/h3>\n<p>Disciplina espec\u00edfica da linha Pol\u00edticas P\u00fablicas, Estado e Atores<br \/>\nN\u00famero de cr\u00e9ditos: 3<br \/>\nHoras aula: 4 (2 te\u00f3ricas e 2 pr\u00e1ticas)<br \/>\nProfessor respons\u00e1vel: Nelson Giordano Delgado<\/p>\n<h2>Objetivos<\/h2>\n<p>A disciplina trata de conceitos fundamentais para a an\u00e1lise dos processos de desenvolvimento local, dos atores sociais envolvidos e das experi\u00eancias de pol\u00edticas p\u00fablicas voltadas para esse desenvolvimento.<\/p>\n<h2>Ementa<\/h2>\n<p>Categorias fundamentais para a an\u00e1lise dos processos de desenvolvimento local: desenvolvimento como liberdade; empoderamento, direitos e accountability; campos e espa\u00e7o social; capital social; participa\u00e7\u00e3o. Ampliando a abordagem: redes e atores p\u00fablicos; sinergias p\u00fablico-privado; governan\u00e7a democr\u00e1tica e poder local; territ\u00f3rio e pol\u00edtica territorial; economia solid\u00e1ria; capacidades, empoderamento e capitais: an\u00e1lise dos processos de desenvolvimento rural.<\/p>\n<h2>Bibliografia<\/h2>\n<p>SEN, Amartya. Desenvolvimento como liberdade. S\u00e3o Paulo: Companhia das Letras, 2000 (1\u00aa ed. em ingl\u00eas: 1999).<br \/>\nBOURDIEU, Pierre. O poder simb\u00f3lico. Rio de Janeiro: Bertrand Brasil, 2001 (4\u00aa edi\u00e7\u00e3o).<br \/>\nFOX, Jonathan. \u201cHow does civil society thicken? The political construction of social capital in rural Mexico\u201d, World development, 24(6), June 1996, pp. 1089-1103.<br \/>\nOFFE, Claus. \u201cA atual transi\u00e7\u00e3o hist\u00f3rica e algumas op\u00e7\u00f5es b\u00e1sicas para as institui\u00e7\u00f5es da sociedade\u201d in BRESSER PEREIRA, Luiz Carlos, WILHEIM, Jorge, e SOLA, Lourdes (orgs.) Sociedade e Estado em transforma\u00e7\u00e3o. S\u00e3o Paulo\/Bras\u00edlia: Editora Unesp\/Enap, 1999.<br \/>\nPUTNAM, Robert D. Comunidade e democracia. A experi\u00eancia da It\u00e1lia Moderna. Rio de Janeiro: Funda\u00e7\u00e3o Get\u00falio Vargas, 1996 (1\u00aa ed. em ingl\u00eas: 1993).<br \/>\nSANTOS, Boaventura de Sousa, org. Democratizar a democracia: os caminhos da democracia participativa. Rio de Janeiro: Civiliza\u00e7\u00e3o Brasileira, 2002.<br \/>\nEVANS, Peter. \u201cIntroduction: development strategies across the public-private divide\u201d, World development, 24(6), June 1996, pp. 1033-1037.<br \/>\nEVANS, Peter. \u201cGovernment action, social capital and development: reviewing the evidence on synergy\u201d, World development, 24(6), June 1996, pp. 1119-1132.<br \/>\nSANTOS, Boaventura de Sousa, org. Produzir para viver: os caminhos da produ\u00e7\u00e3o n\u00e3o capitalista. Rio de Janeiro: Civiliza\u00e7\u00e3o Brasileira, 2002.<br \/>\nBEBBINGTON, Anthony. Capitals and capabilities. A framework for analysing peasant viability, rural livelihoods and poverty in the Andes. London: IIED\/DFID, January 1999.<\/p>\n","protected":false},"excerpt":{"rendered":"<p>IH 1565 Disciplina espec\u00edfica da linha Pol\u00edticas P\u00fablicas, Estado e Atores N\u00famero de cr\u00e9ditos: 3 Horas aula: 4 (2 te\u00f3ricas <a class=\"read-more\" href=\"https:\/\/institucional.ufrrj.br\/portalcpda\/teoria-e-politica-do-desenvolvimento-local\/ \" >&#8230; <span class=\"font-italic\">leia mais <i class=\"fas fa-angle-right\"><\/i><\/span><\/a><\/p>\n","protected":false},"author":634,"featured_media":0,"parent":0,"menu_order":0,"comment_status":"open","ping_status":"open","template":"","meta":{"_acf_changed":false,"footnotes":""},"class_list":["post-202","page","type-page","status-publish","hentry"],"yoast_head":"<!-- This site is optimized with the Yoast SEO plugin v27.2 - https:\/\/yoast.com\/product\/yoast-seo-wordpress\/ -->\n<title>Teoria e pol\u00edtica do desenvolvimento local - CPDA<\/title>\n<meta name=\"robots\" content=\"index, follow, max-snippet:-1, max-image-preview:large, max-video-preview:-1\" \/>\n<link rel=\"canonical\" href=\"https:\/\/institucional.ufrrj.br\/portalcpda\/teoria-e-politica-do-desenvolvimento-local\/\" \/>\n<meta property=\"og:locale\" content=\"pt_BR\" \/>\n<meta property=\"og:type\" content=\"article\" \/>\n<meta property=\"og:title\" content=\"Teoria e pol\u00edtica do desenvolvimento local - CPDA\" \/>\n<meta property=\"og:description\" content=\"IH 1565 Disciplina espec\u00edfica da linha Pol\u00edticas P\u00fablicas, Estado e Atores N\u00famero de cr\u00e9ditos: 3 Horas aula: 4 (2 te\u00f3ricas ... leia mais\" \/>\n<meta property=\"og:url\" content=\"https:\/\/institucional.ufrrj.br\/portalcpda\/teoria-e-politica-do-desenvolvimento-local\/\" \/>\n<meta property=\"og:site_name\" content=\"CPDA\" \/>\n<meta property=\"article:modified_time\" content=\"2018-06-29T19:15:26+00:00\" \/>\n<meta name=\"twitter:card\" content=\"summary_large_image\" \/>\n<meta name=\"twitter:label1\" content=\"Est. tempo de leitura\" \/>\n\t<meta name=\"twitter:data1\" content=\"2 minutos\" \/>\n<script type=\"application\/ld+json\" class=\"yoast-schema-graph\">{\"@context\":\"https:\/\/schema.org\",\"@graph\":[{\"@type\":\"WebPage\",\"@id\":\"https:\/\/institucional.ufrrj.br\/portalcpda\/teoria-e-politica-do-desenvolvimento-local\/\",\"url\":\"https:\/\/institucional.ufrrj.br\/portalcpda\/teoria-e-politica-do-desenvolvimento-local\/\",\"name\":\"Teoria e pol\u00edtica do desenvolvimento local - CPDA\",\"isPartOf\":{\"@id\":\"https:\/\/institucional.ufrrj.br\/portalcpda\/#website\"},\"datePublished\":\"2011-07-05T19:34:43+00:00\",\"dateModified\":\"2018-06-29T19:15:26+00:00\",\"breadcrumb\":{\"@id\":\"https:\/\/institucional.ufrrj.br\/portalcpda\/teoria-e-politica-do-desenvolvimento-local\/#breadcrumb\"},\"inLanguage\":\"pt-BR\",\"potentialAction\":[{\"@type\":\"ReadAction\",\"target\":[\"https:\/\/institucional.ufrrj.br\/portalcpda\/teoria-e-politica-do-desenvolvimento-local\/\"]}]},{\"@type\":\"BreadcrumbList\",\"@id\":\"https:\/\/institucional.ufrrj.br\/portalcpda\/teoria-e-politica-do-desenvolvimento-local\/#breadcrumb\",\"itemListElement\":[{\"@type\":\"ListItem\",\"position\":1,\"name\":\"In\u00edcio\",\"item\":\"https:\/\/institucional.ufrrj.br\/portalcpda\/\"},{\"@type\":\"ListItem\",\"position\":2,\"name\":\"Teoria e pol\u00edtica do desenvolvimento local\"}]},{\"@type\":\"WebSite\",\"@id\":\"https:\/\/institucional.ufrrj.br\/portalcpda\/#website\",\"url\":\"https:\/\/institucional.ufrrj.br\/portalcpda\/\",\"name\":\"CPDA\",\"description\":\"institucional.ufrrj.br\",\"potentialAction\":[{\"@type\":\"SearchAction\",\"target\":{\"@type\":\"EntryPoint\",\"urlTemplate\":\"https:\/\/institucional.ufrrj.br\/portalcpda\/?s={search_term_string}\"},\"query-input\":{\"@type\":\"PropertyValueSpecification\",\"valueRequired\":true,\"valueName\":\"search_term_string\"}}],\"inLanguage\":\"pt-BR\"}]}<\/script>\n<!-- \/ Yoast SEO plugin. -->","yoast_head_json":{"title":"Teoria e pol\u00edtica do desenvolvimento local - CPDA","robots":{"index":"index","follow":"follow","max-snippet":"max-snippet:-1","max-image-preview":"max-image-preview:large","max-video-preview":"max-video-preview:-1"},"canonical":"https:\/\/institucional.ufrrj.br\/portalcpda\/teoria-e-politica-do-desenvolvimento-local\/","og_locale":"pt_BR","og_type":"article","og_title":"Teoria e pol\u00edtica do desenvolvimento local - CPDA","og_description":"IH 1565 Disciplina espec\u00edfica da linha Pol\u00edticas P\u00fablicas, Estado e Atores N\u00famero de cr\u00e9ditos: 3 Horas aula: 4 (2 te\u00f3ricas ... leia mais","og_url":"https:\/\/institucional.ufrrj.br\/portalcpda\/teoria-e-politica-do-desenvolvimento-local\/","og_site_name":"CPDA","article_modified_time":"2018-06-29T19:15:26+00:00","twitter_card":"summary_large_image","twitter_misc":{"Est. tempo de leitura":"2 minutos"},"schema":{"@context":"https:\/\/schema.org","@graph":[{"@type":"WebPage","@id":"https:\/\/institucional.ufrrj.br\/portalcpda\/teoria-e-politica-do-desenvolvimento-local\/","url":"https:\/\/institucional.ufrrj.br\/portalcpda\/teoria-e-politica-do-desenvolvimento-local\/","name":"Teoria e pol\u00edtica do desenvolvimento local - CPDA","isPartOf":{"@id":"https:\/\/institucional.ufrrj.br\/portalcpda\/#website"},"datePublished":"2011-07-05T19:34:43+00:00","dateModified":"2018-06-29T19:15:26+00:00","breadcrumb":{"@id":"https:\/\/institucional.ufrrj.br\/portalcpda\/teoria-e-politica-do-desenvolvimento-local\/#breadcrumb"},"inLanguage":"pt-BR","potentialAction":[{"@type":"ReadAction","target":["https:\/\/institucional.ufrrj.br\/portalcpda\/teoria-e-politica-do-desenvolvimento-local\/"]}]},{"@type":"BreadcrumbList","@id":"https:\/\/institucional.ufrrj.br\/portalcpda\/teoria-e-politica-do-desenvolvimento-local\/#breadcrumb","itemListElement":[{"@type":"ListItem","position":1,"name":"In\u00edcio","item":"https:\/\/institucional.ufrrj.br\/portalcpda\/"},{"@type":"ListItem","position":2,"name":"Teoria e pol\u00edtica do desenvolvimento local"}]},{"@type":"WebSite","@id":"https:\/\/institucional.ufrrj.br\/portalcpda\/#website","url":"https:\/\/institucional.ufrrj.br\/portalcpda\/","name":"CPDA","description":"institucional.ufrrj.br","potentialAction":[{"@type":"SearchAction","target":{"@type":"EntryPoint","urlTemplate":"https:\/\/institucional.ufrrj.br\/portalcpda\/?s={search_term_string}"},"query-input":{"@type":"PropertyValueSpecification","valueRequired":true,"valueName":"search_term_string"}}],"inLanguage":"pt-BR"}]}},"acf":[],"_links":{"self":[{"href":"https:\/\/institucional.ufrrj.br\/portalcpda\/wp-json\/wp\/v2\/pages\/202","targetHints":{"allow":["GET"]}}],"collection":[{"href":"https:\/\/institucional.ufrrj.br\/portalcpda\/wp-json\/wp\/v2\/pages"}],"about":[{"href":"https:\/\/institucional.ufrrj.br\/portalcpda\/wp-json\/wp\/v2\/types\/page"}],"author":[{"embeddable":true,"href":"https:\/\/institucional.ufrrj.br\/portalcpda\/wp-json\/wp\/v2\/users\/634"}],"replies":[{"embeddable":true,"href":"https:\/\/institucional.ufrrj.br\/portalcpda\/wp-json\/wp\/v2\/comments?post=202"}],"version-history":[{"count":1,"href":"https:\/\/institucional.ufrrj.br\/portalcpda\/wp-json\/wp\/v2\/pages\/202\/revisions"}],"predecessor-version":[{"id":13349,"href":"https:\/\/institucional.ufrrj.br\/portalcpda\/wp-json\/wp\/v2\/pages\/202\/revisions\/13349"}],"wp:attachment":[{"href":"https:\/\/institucional.ufrrj.br\/portalcpda\/wp-json\/wp\/v2\/media?parent=202"}],"curies":[{"name":"wp","href":"https:\/\/api.w.org\/{rel}","templated":true}]}}