{"id":200,"date":"2011-07-05T19:33:59","date_gmt":"2011-07-05T19:33:59","guid":{"rendered":"http:\/\/r1.ufrrj.br\/cpda\/?page_id=200"},"modified":"2018-06-29T16:13:32","modified_gmt":"2018-06-29T19:13:32","slug":"economia-politica-do-sistema-comercial-mundial","status":"publish","type":"page","link":"https:\/\/institucional.ufrrj.br\/portalcpda\/economia-politica-do-sistema-comercial-mundial\/","title":{"rendered":"Economia pol\u00edtica do sistema comercial mundial"},"content":{"rendered":"<p>IH 1542<\/p>\n<p>Disciplina espec\u00edfica da linha Pol\u00edtica p\u00fablica, Estado e atores<br \/>\nN\u00famero de cr\u00e9ditos: 3<br \/>\nHoras aula: 4 (2 te\u00f3ricas e 2 pr\u00e1ticas)<br \/>\nProfessor respons\u00e1vel: Nelson Giordano Delgado<\/p>\n<p><strong>Objetivos<\/strong><\/p>\n<p>Aprofundar a compreens\u00e3o do sistema comercial mundial, especialmente em sua rela\u00e7\u00e3o com a agricultura, atrav\u00e9s da an\u00e1lise do regime de Bretton Woods para o com\u00e9rcio internacional, suas origens, institui\u00e7\u00f5es e significado, e do regime comercial da OMC a partir da d\u00e9cada de 1980, da Rodada Uruguai do GATT e da cria\u00e7\u00e3o da Organiza\u00e7\u00e3o Mundial do Com\u00e9rcio.<\/p>\n<p><strong>Ementa<\/strong><\/p>\n<p>Multilateralismo, livre-com\u00e9rcio e n\u00e3o-discrimina\u00e7\u00e3o. Bretton Woods: finan\u00e7as e com\u00e9rcio. As origens do regime de Bretton Woods para o com\u00e9rcio mundial. A proposta de cria\u00e7\u00e3o da Organiza\u00e7\u00e3o Internacional do Com\u00e9rcio (ITO) e a Carta de Havana de 1948. O fim da ITO. O GATT e sua normativa. As rodadas do GATT: de Genebra a T\u00f3quio. O com\u00e9rcio internacional no regime de Bretton Woods. O GATT e a agricultura. O GATT e a quest\u00e3o do desenvolvimento econ\u00f4mico. O GATT e a quest\u00e3o do desenvolvimento econ\u00f4mico. A crise do com\u00e9rcio agr\u00edcola mundial na d\u00e9cada de 80 e os conflitos entre os Estados Unidos e a Uni\u00e3o Europ\u00e9ia. O \u201cnovo protecionismo\u201d. A retomada da hegemonia econ\u00f4mica norte-americana. A crise da d\u00edvida externa nos pa\u00edses subdesenvolvidos. A Rodada Uruguai do GATT: antecedentes e prepara\u00e7\u00e3o da Rodada. Os acordos obtidos. O Acordo sobre Agricultura: as fases da negocia\u00e7\u00e3o e a estrutura do Acordo. As implica\u00e7\u00f5es do Acordo Agr\u00edcola da Rodada Uruguai sobre os processos de integra\u00e7\u00e3o regional e sobre a agricultura, as pol\u00edticas e o com\u00e9rcio agr\u00edcolas dos pa\u00edses desenvolvidos e subdesenvolvidos. A Organiza\u00e7\u00e3o Mundial do Com\u00e9rcio. A OMC depois de Seattle. As Rodadas de Doha e de Cancun.<\/p>\n<p><strong>Bibliografia <\/strong><\/p>\n<p>AARANSON, Susan Ariel. Trade and the american dream. A social history of postwar trade policy. Lexington, Kentucky: University Press of Kentucky, 1996.<br \/>\nAARONSON, Susan Ariel. Taking trade to the streets. The lost history of public efforts to shape globalization. Ann Arbor: University of Michigan Press, 2001.<br \/>\nANANIA, Giovanni, CARTER, Colin A., and McCALLA, Alex F., eds. Agricultural trade conflicts and Gatt. New dimensions in US-European agricultural trade relations. Boulder, Col.: Westview Press, 1994.<br \/>\nDELGADO, Nelson Giordano. O regime de Bretton Woods para o com\u00e9rcio mundial: origens, institui\u00e7\u00f5es e significado. Rio de Janeiro: CPDA\/UFRRJ, 2000. Tese de Doutorado.<br \/>\nGATT. Acuerdo general sobre aranceles aduaneros y comercio (GATT de 1947). http:\/\/www.wto.org<br \/>\nJACKSON, John H. The world trading system. Law and policy of international economic relations. Cambridge, Mass.\/London: MIT Press, 2nd ed. (first ed.: 1989), 1997.<br \/>\nJACKSON, John H. The world trade organization. Constitution and jurisprudence. London: The Royal Institute of International Affairs, 1998.<br \/>\nJOSLING, Timothy E., TANGERMANN, Stefan, and WARLEY, T.K. Agriculture in the GATT. London and New York: Macmillan\/St. Martin\u2019s Press, 1996.<br \/>\nKRUEGER, Anne O., ed. The WTO as an international organization. Chicago and London: University of Chicago Press, 1998.<br \/>\nOMC. Acuerdo sobre la agricultura. Genebra: OMC, 1994, pp. 49-77. http:\/\/www.wto.org<br \/>\nOSTRY, Sylvia (1997). The pos cold war trading system. Who\u2019s on first?. Chicago and London: University of Chicago Press, 1997.<\/p>\n","protected":false},"excerpt":{"rendered":"<p>IH 1542 Disciplina espec\u00edfica da linha Pol\u00edtica p\u00fablica, Estado e atores N\u00famero de cr\u00e9ditos: 3 Horas aula: 4 (2 te\u00f3ricas <a class=\"read-more\" href=\"https:\/\/institucional.ufrrj.br\/portalcpda\/economia-politica-do-sistema-comercial-mundial\/ \" >&#8230; <span class=\"font-italic\">leia mais <i class=\"fas fa-angle-right\"><\/i><\/span><\/a><\/p>\n","protected":false},"author":634,"featured_media":0,"parent":0,"menu_order":0,"comment_status":"open","ping_status":"open","template":"","meta":{"_acf_changed":false,"footnotes":""},"class_list":["post-200","page","type-page","status-publish","hentry"],"yoast_head":"<!-- This site is optimized with the Yoast SEO plugin v27.2 - https:\/\/yoast.com\/product\/yoast-seo-wordpress\/ -->\n<title>Economia pol\u00edtica do sistema comercial mundial - CPDA<\/title>\n<meta name=\"robots\" content=\"index, follow, max-snippet:-1, max-image-preview:large, max-video-preview:-1\" \/>\n<link rel=\"canonical\" href=\"https:\/\/institucional.ufrrj.br\/portalcpda\/economia-politica-do-sistema-comercial-mundial\/\" \/>\n<meta property=\"og:locale\" content=\"pt_BR\" \/>\n<meta property=\"og:type\" content=\"article\" \/>\n<meta property=\"og:title\" content=\"Economia pol\u00edtica do sistema comercial mundial - CPDA\" \/>\n<meta property=\"og:description\" content=\"IH 1542 Disciplina espec\u00edfica da linha Pol\u00edtica p\u00fablica, Estado e atores N\u00famero de cr\u00e9ditos: 3 Horas aula: 4 (2 te\u00f3ricas ... leia mais\" \/>\n<meta property=\"og:url\" content=\"https:\/\/institucional.ufrrj.br\/portalcpda\/economia-politica-do-sistema-comercial-mundial\/\" \/>\n<meta property=\"og:site_name\" content=\"CPDA\" \/>\n<meta property=\"article:modified_time\" content=\"2018-06-29T19:13:32+00:00\" \/>\n<meta name=\"twitter:card\" content=\"summary_large_image\" \/>\n<meta name=\"twitter:label1\" content=\"Est. tempo de leitura\" \/>\n\t<meta name=\"twitter:data1\" content=\"3 minutos\" \/>\n<script type=\"application\/ld+json\" class=\"yoast-schema-graph\">{\"@context\":\"https:\/\/schema.org\",\"@graph\":[{\"@type\":\"WebPage\",\"@id\":\"https:\/\/institucional.ufrrj.br\/portalcpda\/economia-politica-do-sistema-comercial-mundial\/\",\"url\":\"https:\/\/institucional.ufrrj.br\/portalcpda\/economia-politica-do-sistema-comercial-mundial\/\",\"name\":\"Economia pol\u00edtica do sistema comercial mundial - CPDA\",\"isPartOf\":{\"@id\":\"https:\/\/institucional.ufrrj.br\/portalcpda\/#website\"},\"datePublished\":\"2011-07-05T19:33:59+00:00\",\"dateModified\":\"2018-06-29T19:13:32+00:00\",\"breadcrumb\":{\"@id\":\"https:\/\/institucional.ufrrj.br\/portalcpda\/economia-politica-do-sistema-comercial-mundial\/#breadcrumb\"},\"inLanguage\":\"pt-BR\",\"potentialAction\":[{\"@type\":\"ReadAction\",\"target\":[\"https:\/\/institucional.ufrrj.br\/portalcpda\/economia-politica-do-sistema-comercial-mundial\/\"]}]},{\"@type\":\"BreadcrumbList\",\"@id\":\"https:\/\/institucional.ufrrj.br\/portalcpda\/economia-politica-do-sistema-comercial-mundial\/#breadcrumb\",\"itemListElement\":[{\"@type\":\"ListItem\",\"position\":1,\"name\":\"In\u00edcio\",\"item\":\"https:\/\/institucional.ufrrj.br\/portalcpda\/\"},{\"@type\":\"ListItem\",\"position\":2,\"name\":\"Economia pol\u00edtica do sistema comercial mundial\"}]},{\"@type\":\"WebSite\",\"@id\":\"https:\/\/institucional.ufrrj.br\/portalcpda\/#website\",\"url\":\"https:\/\/institucional.ufrrj.br\/portalcpda\/\",\"name\":\"CPDA\",\"description\":\"institucional.ufrrj.br\",\"potentialAction\":[{\"@type\":\"SearchAction\",\"target\":{\"@type\":\"EntryPoint\",\"urlTemplate\":\"https:\/\/institucional.ufrrj.br\/portalcpda\/?s={search_term_string}\"},\"query-input\":{\"@type\":\"PropertyValueSpecification\",\"valueRequired\":true,\"valueName\":\"search_term_string\"}}],\"inLanguage\":\"pt-BR\"}]}<\/script>\n<!-- \/ Yoast SEO plugin. -->","yoast_head_json":{"title":"Economia pol\u00edtica do sistema comercial mundial - CPDA","robots":{"index":"index","follow":"follow","max-snippet":"max-snippet:-1","max-image-preview":"max-image-preview:large","max-video-preview":"max-video-preview:-1"},"canonical":"https:\/\/institucional.ufrrj.br\/portalcpda\/economia-politica-do-sistema-comercial-mundial\/","og_locale":"pt_BR","og_type":"article","og_title":"Economia pol\u00edtica do sistema comercial mundial - CPDA","og_description":"IH 1542 Disciplina espec\u00edfica da linha Pol\u00edtica p\u00fablica, Estado e atores N\u00famero de cr\u00e9ditos: 3 Horas aula: 4 (2 te\u00f3ricas ... leia mais","og_url":"https:\/\/institucional.ufrrj.br\/portalcpda\/economia-politica-do-sistema-comercial-mundial\/","og_site_name":"CPDA","article_modified_time":"2018-06-29T19:13:32+00:00","twitter_card":"summary_large_image","twitter_misc":{"Est. tempo de leitura":"3 minutos"},"schema":{"@context":"https:\/\/schema.org","@graph":[{"@type":"WebPage","@id":"https:\/\/institucional.ufrrj.br\/portalcpda\/economia-politica-do-sistema-comercial-mundial\/","url":"https:\/\/institucional.ufrrj.br\/portalcpda\/economia-politica-do-sistema-comercial-mundial\/","name":"Economia pol\u00edtica do sistema comercial mundial - CPDA","isPartOf":{"@id":"https:\/\/institucional.ufrrj.br\/portalcpda\/#website"},"datePublished":"2011-07-05T19:33:59+00:00","dateModified":"2018-06-29T19:13:32+00:00","breadcrumb":{"@id":"https:\/\/institucional.ufrrj.br\/portalcpda\/economia-politica-do-sistema-comercial-mundial\/#breadcrumb"},"inLanguage":"pt-BR","potentialAction":[{"@type":"ReadAction","target":["https:\/\/institucional.ufrrj.br\/portalcpda\/economia-politica-do-sistema-comercial-mundial\/"]}]},{"@type":"BreadcrumbList","@id":"https:\/\/institucional.ufrrj.br\/portalcpda\/economia-politica-do-sistema-comercial-mundial\/#breadcrumb","itemListElement":[{"@type":"ListItem","position":1,"name":"In\u00edcio","item":"https:\/\/institucional.ufrrj.br\/portalcpda\/"},{"@type":"ListItem","position":2,"name":"Economia pol\u00edtica do sistema comercial mundial"}]},{"@type":"WebSite","@id":"https:\/\/institucional.ufrrj.br\/portalcpda\/#website","url":"https:\/\/institucional.ufrrj.br\/portalcpda\/","name":"CPDA","description":"institucional.ufrrj.br","potentialAction":[{"@type":"SearchAction","target":{"@type":"EntryPoint","urlTemplate":"https:\/\/institucional.ufrrj.br\/portalcpda\/?s={search_term_string}"},"query-input":{"@type":"PropertyValueSpecification","valueRequired":true,"valueName":"search_term_string"}}],"inLanguage":"pt-BR"}]}},"acf":[],"_links":{"self":[{"href":"https:\/\/institucional.ufrrj.br\/portalcpda\/wp-json\/wp\/v2\/pages\/200","targetHints":{"allow":["GET"]}}],"collection":[{"href":"https:\/\/institucional.ufrrj.br\/portalcpda\/wp-json\/wp\/v2\/pages"}],"about":[{"href":"https:\/\/institucional.ufrrj.br\/portalcpda\/wp-json\/wp\/v2\/types\/page"}],"author":[{"embeddable":true,"href":"https:\/\/institucional.ufrrj.br\/portalcpda\/wp-json\/wp\/v2\/users\/634"}],"replies":[{"embeddable":true,"href":"https:\/\/institucional.ufrrj.br\/portalcpda\/wp-json\/wp\/v2\/comments?post=200"}],"version-history":[{"count":1,"href":"https:\/\/institucional.ufrrj.br\/portalcpda\/wp-json\/wp\/v2\/pages\/200\/revisions"}],"predecessor-version":[{"id":13348,"href":"https:\/\/institucional.ufrrj.br\/portalcpda\/wp-json\/wp\/v2\/pages\/200\/revisions\/13348"}],"wp:attachment":[{"href":"https:\/\/institucional.ufrrj.br\/portalcpda\/wp-json\/wp\/v2\/media?parent=200"}],"curies":[{"name":"wp","href":"https:\/\/api.w.org\/{rel}","templated":true}]}}