{"id":198,"date":"2011-07-05T19:33:11","date_gmt":"2011-07-05T19:33:11","guid":{"rendered":"http:\/\/r1.ufrrj.br\/cpda\/?page_id=198"},"modified":"2018-06-29T16:12:25","modified_gmt":"2018-06-29T19:12:25","slug":"analise-comparada-de-sistemas-e-politicas-agricolas","status":"publish","type":"page","link":"https:\/\/institucional.ufrrj.br\/portalcpda\/analise-comparada-de-sistemas-e-politicas-agricolas\/","title":{"rendered":"An\u00e1lise comparada de sistemas e pol\u00edticas agr\u00edcolas"},"content":{"rendered":"<p>IH 1540<\/p>\n<p>Disciplina espec\u00edfica da linha Pol\u00edtica p\u00fablica, Estado e atores<br \/>\nN\u00famero de cr\u00e9ditos: 3<br \/>\nHoras aula: 4 (2 te\u00f3ricas e 2 pr\u00e1ticas)<br \/>\nProfessores respons\u00e1veis: Nelson Giordano Delgado e S\u00e9rgio Leite<\/p>\n<p><strong>Objetivos<\/strong><\/p>\n<p>A disciplina visa possibilitar ao aluno uma vis\u00e3o comparativa da implementa\u00e7\u00e3o de pol\u00edticas p\u00fablicas para a agricultura, enfatizando os aspectos metodol\u00f3gicos na constru\u00e7\u00e3o e an\u00e1lises das interven\u00e7\u00f5es governamentais, bem como na gest\u00e3o das mesmas.<\/p>\n<p><strong>Ementa<\/strong><\/p>\n<p>O curso trata dos procedimentos, inclusive metodol\u00f3gicos, empregados na an\u00e1lise, avalia\u00e7\u00e3o e acompanhamento\/monitoramento de pol\u00edticas p\u00fablicas e programas governamentais espec\u00edficos, direcionados ao setor rural. Para tanto aborda desde o estudo de instrumentos particulares de interven\u00e7\u00e3o junto ao meio agropecu\u00e1rio at\u00e9 os processos que envolvem a implementa\u00e7\u00e3o de programas de abrang\u00eancia local ou regional, privilegiando uma postura comparativa de situa\u00e7\u00f5es intranacionais ou internacionais diferenciadas. A avalia\u00e7\u00e3o da gest\u00e3o das pol\u00edticas e do papel desempenhado pelos respectivos policy-makers tamb\u00e9m constituem objeto de aprofundamento neste curso.<\/p>\n<p><strong>Bibliografia <\/strong><\/p>\n<p>DELGADO, Nelson G. \u201cAs rela\u00e7\u00f5es entre a macroeconomia e a pol\u00edtica agr\u00edcola: provoca\u00e7\u00f5es para um debate interrompido\u201d. Estudos sociedade e sgricultura, Rio de Janeiro, n. 14, abr. 2000.<br \/>\nDE FILIPPIS, Fabrizio. Comercio internacional, proteccionismo y pol\u00edticas agrarias: un analisis gr\u00e1fico. Rio de Janeior: Edur\/Redcapa, 1996.<br \/>\nELLIS, Frank. Agricultural policies in developing countries. Londres: 1993.<br \/>\nFAO\/ONU. Macroeconom\u00eda y pol\u00edticas agricolas: una gu\u00eda metodol\u00f3gica. Roma: FAO, 1995.<br \/>\nFREY, Klaus. \u201cPol\u00edticas p\u00fablicas: um debate conceitual e reflex\u00f5es referentes \u00e0 pr\u00e1tica da an\u00e1lise de pol\u00edticas p\u00fablicas no Brasil\u201d. Planejamento e pol\u00edticas p\u00fablicas, Bras\u00edlia, IPEA, jun., 2000.<br \/>\nHASSENTEUFEL, Patrick; SMITH, Andy. \u201cEssouflement ou second souffl\u00e9? L\u2019analyse des politiques publiques \u201c\u00e0 la fran\u00e7aise\u201d. Revue fran\u00e7aise de science politique. Paris, v. 52, n.1, fev., 2002.<br \/>\nGASQUES, Jos\u00e9 G., CONCEI\u00c7\u00c3O, Junia C. P. R. (orgs.). Transforma\u00e7\u00f5es da agricultura e pol\u00edticas p\u00fablicas. Bras\u00edlia: Ipea, 2001.<br \/>\nHELFAND, Steven. The political economy of agricultural policy in Brazil: decision making and influence from 1964 to 1992. Latin american research review, v. 34, n.2, p. 3-41, 1999.<br \/>\nLEITE, Sergio (org.). Pol\u00edticas p\u00fablicas e agricultura no Brasil. Porto Alegre: Ed. UFRGS, 2001.<br \/>\nMAH\u00c9, Louis-Pascal; ORTALO-MAGN\u00c9, Fran\u00e7ois. Politique agricole: um mod\u00e8le europ\u00e9en. Paris: Presses de Sciences Po, 2001.<br \/>\nMOYNE, H.W.; JOSLING, T.E. Agricultural policy reform. Politics and process in the EC and USA. Iowa State Univ. Press, 1990.<\/p>\n","protected":false},"excerpt":{"rendered":"<p>IH 1540 Disciplina espec\u00edfica da linha Pol\u00edtica p\u00fablica, Estado e atores N\u00famero de cr\u00e9ditos: 3 Horas aula: 4 (2 te\u00f3ricas <a class=\"read-more\" href=\"https:\/\/institucional.ufrrj.br\/portalcpda\/analise-comparada-de-sistemas-e-politicas-agricolas\/ \" >&#8230; <span class=\"font-italic\">leia mais <i class=\"fas fa-angle-right\"><\/i><\/span><\/a><\/p>\n","protected":false},"author":634,"featured_media":0,"parent":0,"menu_order":0,"comment_status":"open","ping_status":"open","template":"","meta":{"_acf_changed":false,"footnotes":""},"class_list":["post-198","page","type-page","status-publish","hentry"],"yoast_head":"<!-- This site is optimized with the Yoast SEO plugin v27.2 - https:\/\/yoast.com\/product\/yoast-seo-wordpress\/ -->\n<title>An\u00e1lise comparada de sistemas e pol\u00edticas agr\u00edcolas - CPDA<\/title>\n<meta name=\"robots\" content=\"index, follow, max-snippet:-1, max-image-preview:large, max-video-preview:-1\" \/>\n<link rel=\"canonical\" href=\"https:\/\/institucional.ufrrj.br\/portalcpda\/analise-comparada-de-sistemas-e-politicas-agricolas\/\" \/>\n<meta property=\"og:locale\" content=\"pt_BR\" \/>\n<meta property=\"og:type\" content=\"article\" \/>\n<meta property=\"og:title\" content=\"An\u00e1lise comparada de sistemas e pol\u00edticas agr\u00edcolas - CPDA\" \/>\n<meta property=\"og:description\" content=\"IH 1540 Disciplina espec\u00edfica da linha Pol\u00edtica p\u00fablica, Estado e atores N\u00famero de cr\u00e9ditos: 3 Horas aula: 4 (2 te\u00f3ricas ... leia mais\" \/>\n<meta property=\"og:url\" content=\"https:\/\/institucional.ufrrj.br\/portalcpda\/analise-comparada-de-sistemas-e-politicas-agricolas\/\" \/>\n<meta property=\"og:site_name\" content=\"CPDA\" \/>\n<meta property=\"article:modified_time\" content=\"2018-06-29T19:12:25+00:00\" \/>\n<meta name=\"twitter:card\" content=\"summary_large_image\" \/>\n<meta name=\"twitter:label1\" content=\"Est. tempo de leitura\" \/>\n\t<meta name=\"twitter:data1\" content=\"2 minutos\" \/>\n<script type=\"application\/ld+json\" class=\"yoast-schema-graph\">{\"@context\":\"https:\/\/schema.org\",\"@graph\":[{\"@type\":\"WebPage\",\"@id\":\"https:\/\/institucional.ufrrj.br\/portalcpda\/analise-comparada-de-sistemas-e-politicas-agricolas\/\",\"url\":\"https:\/\/institucional.ufrrj.br\/portalcpda\/analise-comparada-de-sistemas-e-politicas-agricolas\/\",\"name\":\"An\u00e1lise comparada de sistemas e pol\u00edticas agr\u00edcolas - CPDA\",\"isPartOf\":{\"@id\":\"https:\/\/institucional.ufrrj.br\/portalcpda\/#website\"},\"datePublished\":\"2011-07-05T19:33:11+00:00\",\"dateModified\":\"2018-06-29T19:12:25+00:00\",\"breadcrumb\":{\"@id\":\"https:\/\/institucional.ufrrj.br\/portalcpda\/analise-comparada-de-sistemas-e-politicas-agricolas\/#breadcrumb\"},\"inLanguage\":\"pt-BR\",\"potentialAction\":[{\"@type\":\"ReadAction\",\"target\":[\"https:\/\/institucional.ufrrj.br\/portalcpda\/analise-comparada-de-sistemas-e-politicas-agricolas\/\"]}]},{\"@type\":\"BreadcrumbList\",\"@id\":\"https:\/\/institucional.ufrrj.br\/portalcpda\/analise-comparada-de-sistemas-e-politicas-agricolas\/#breadcrumb\",\"itemListElement\":[{\"@type\":\"ListItem\",\"position\":1,\"name\":\"In\u00edcio\",\"item\":\"https:\/\/institucional.ufrrj.br\/portalcpda\/\"},{\"@type\":\"ListItem\",\"position\":2,\"name\":\"An\u00e1lise comparada de sistemas e pol\u00edticas agr\u00edcolas\"}]},{\"@type\":\"WebSite\",\"@id\":\"https:\/\/institucional.ufrrj.br\/portalcpda\/#website\",\"url\":\"https:\/\/institucional.ufrrj.br\/portalcpda\/\",\"name\":\"CPDA\",\"description\":\"institucional.ufrrj.br\",\"potentialAction\":[{\"@type\":\"SearchAction\",\"target\":{\"@type\":\"EntryPoint\",\"urlTemplate\":\"https:\/\/institucional.ufrrj.br\/portalcpda\/?s={search_term_string}\"},\"query-input\":{\"@type\":\"PropertyValueSpecification\",\"valueRequired\":true,\"valueName\":\"search_term_string\"}}],\"inLanguage\":\"pt-BR\"}]}<\/script>\n<!-- \/ Yoast SEO plugin. -->","yoast_head_json":{"title":"An\u00e1lise comparada de sistemas e pol\u00edticas agr\u00edcolas - CPDA","robots":{"index":"index","follow":"follow","max-snippet":"max-snippet:-1","max-image-preview":"max-image-preview:large","max-video-preview":"max-video-preview:-1"},"canonical":"https:\/\/institucional.ufrrj.br\/portalcpda\/analise-comparada-de-sistemas-e-politicas-agricolas\/","og_locale":"pt_BR","og_type":"article","og_title":"An\u00e1lise comparada de sistemas e pol\u00edticas agr\u00edcolas - CPDA","og_description":"IH 1540 Disciplina espec\u00edfica da linha Pol\u00edtica p\u00fablica, Estado e atores N\u00famero de cr\u00e9ditos: 3 Horas aula: 4 (2 te\u00f3ricas ... leia mais","og_url":"https:\/\/institucional.ufrrj.br\/portalcpda\/analise-comparada-de-sistemas-e-politicas-agricolas\/","og_site_name":"CPDA","article_modified_time":"2018-06-29T19:12:25+00:00","twitter_card":"summary_large_image","twitter_misc":{"Est. tempo de leitura":"2 minutos"},"schema":{"@context":"https:\/\/schema.org","@graph":[{"@type":"WebPage","@id":"https:\/\/institucional.ufrrj.br\/portalcpda\/analise-comparada-de-sistemas-e-politicas-agricolas\/","url":"https:\/\/institucional.ufrrj.br\/portalcpda\/analise-comparada-de-sistemas-e-politicas-agricolas\/","name":"An\u00e1lise comparada de sistemas e pol\u00edticas agr\u00edcolas - CPDA","isPartOf":{"@id":"https:\/\/institucional.ufrrj.br\/portalcpda\/#website"},"datePublished":"2011-07-05T19:33:11+00:00","dateModified":"2018-06-29T19:12:25+00:00","breadcrumb":{"@id":"https:\/\/institucional.ufrrj.br\/portalcpda\/analise-comparada-de-sistemas-e-politicas-agricolas\/#breadcrumb"},"inLanguage":"pt-BR","potentialAction":[{"@type":"ReadAction","target":["https:\/\/institucional.ufrrj.br\/portalcpda\/analise-comparada-de-sistemas-e-politicas-agricolas\/"]}]},{"@type":"BreadcrumbList","@id":"https:\/\/institucional.ufrrj.br\/portalcpda\/analise-comparada-de-sistemas-e-politicas-agricolas\/#breadcrumb","itemListElement":[{"@type":"ListItem","position":1,"name":"In\u00edcio","item":"https:\/\/institucional.ufrrj.br\/portalcpda\/"},{"@type":"ListItem","position":2,"name":"An\u00e1lise comparada de sistemas e pol\u00edticas agr\u00edcolas"}]},{"@type":"WebSite","@id":"https:\/\/institucional.ufrrj.br\/portalcpda\/#website","url":"https:\/\/institucional.ufrrj.br\/portalcpda\/","name":"CPDA","description":"institucional.ufrrj.br","potentialAction":[{"@type":"SearchAction","target":{"@type":"EntryPoint","urlTemplate":"https:\/\/institucional.ufrrj.br\/portalcpda\/?s={search_term_string}"},"query-input":{"@type":"PropertyValueSpecification","valueRequired":true,"valueName":"search_term_string"}}],"inLanguage":"pt-BR"}]}},"acf":[],"_links":{"self":[{"href":"https:\/\/institucional.ufrrj.br\/portalcpda\/wp-json\/wp\/v2\/pages\/198","targetHints":{"allow":["GET"]}}],"collection":[{"href":"https:\/\/institucional.ufrrj.br\/portalcpda\/wp-json\/wp\/v2\/pages"}],"about":[{"href":"https:\/\/institucional.ufrrj.br\/portalcpda\/wp-json\/wp\/v2\/types\/page"}],"author":[{"embeddable":true,"href":"https:\/\/institucional.ufrrj.br\/portalcpda\/wp-json\/wp\/v2\/users\/634"}],"replies":[{"embeddable":true,"href":"https:\/\/institucional.ufrrj.br\/portalcpda\/wp-json\/wp\/v2\/comments?post=198"}],"version-history":[{"count":1,"href":"https:\/\/institucional.ufrrj.br\/portalcpda\/wp-json\/wp\/v2\/pages\/198\/revisions"}],"predecessor-version":[{"id":13347,"href":"https:\/\/institucional.ufrrj.br\/portalcpda\/wp-json\/wp\/v2\/pages\/198\/revisions\/13347"}],"wp:attachment":[{"href":"https:\/\/institucional.ufrrj.br\/portalcpda\/wp-json\/wp\/v2\/media?parent=198"}],"curies":[{"name":"wp","href":"https:\/\/api.w.org\/{rel}","templated":true}]}}