{"id":19778,"date":"2020-07-27T17:12:48","date_gmt":"2020-07-27T20:12:48","guid":{"rendered":"http:\/\/institucional.ufrrj.br\/portalcpda\/?page_id=19778"},"modified":"2021-08-05T11:38:51","modified_gmt":"2021-08-05T14:38:51","slug":"teses-doutorado-2019","status":"publish","type":"page","link":"https:\/\/institucional.ufrrj.br\/portalcpda\/teses-doutorado-2019\/","title":{"rendered":"Teses Doutorado 2019"},"content":{"rendered":"<p>Os trabalhos est\u00e3o colocados em ordem cronol\u00f3gica (data da defesa) e podem ser acessados na plataforma Sucupira ao clicar em seus t\u00edtulos.<\/p>\n<hr \/>\n<p>&nbsp;<\/p>\n<p><strong>LUIZ CARLOS DE OLIVEIRA LOPES<\/strong><br \/>\n<a href=\"https:\/\/sucupira.capes.gov.br\/sucupira\/public\/consultas\/coleta\/trabalhoConclusao\/viewTrabalhoConclusao.xhtml?popup=true&amp;id_trabalho=7856672\" target=\"_blank\" rel=\"noopener noreferrer\"><strong>Processos de territorializa\u00e7\u00e3o, circula\u00e7\u00e3o e mobiliza\u00e7\u00e3o \u00e9tnico-pol\u00edtica dos Guarani (Mbya) do litoral da Costa Verde<\/strong><\/a><br \/>\n<strong>Defesa: <\/strong>08\/05\/2019<\/p>\n<p><strong>Banca: <\/strong>Thereza Cristina Cardoso Menezes (CPDA\/UFRRJ \u2013 Orientadora), Leonilde Servolo de Medeiros (CPDA\/UFRRJ), Debora Franco Lerrer (CPDA\/UFRRJ), Jo\u00e3o Pacheco de Oliveira Filho (UFRJ) e Sidnei Clemente Peres (UFF).<\/p>\n<p><strong>Resumo: <\/strong>O termo Guarani \u00e9 uma categoria que engloba muitas singularidades \u00e9tnicas, a exemplo dos Mbya, os Ava, os Nhandeva, os Tupi e os Kaiowa, ocupando territ\u00f3rios diversos no Brasil, Argentina, Paraguai e Uruguai. Este trabalho dedica-se ao estudo dos Mbya residentes nas aldeias localizadas no litoral Sul do Estado do Rio de Janeiro e em uma aldeia no litoral Norte de S\u00e3o Paulo. O foco da pesquisa s\u00e3o os processos de territorializa\u00e7\u00e3o empreendidos ao longo das d\u00e9cadas de 70, 80 e 90 pelo grupo mencionado. O palco para tais processos foram as profundas mudan\u00e7as pol\u00edticas, econ\u00f4micas, culturais e sociais ocorridas na regi\u00e3o da chamada Costa Verde e no Norte Paulista, especialmente com a constru\u00e7\u00e3o da rodovia Rio-Santos na d\u00e9cada 70. O processo de territorializa\u00e7\u00e3o em curso nas d\u00e9cadas seguintes a 1970 \u00e9 o ponto de partida para a reflex\u00e3o desenvolvida. O trabalho aponta que \u00e9 na luta pelo territ\u00f3rio que os Guarani constroem suas redes de alian\u00e7as com os brancos e com outros ind\u00edgenas em situa\u00e7\u00e3o semelhante de lit\u00edgio por terras nos cobi\u00e7ados dom\u00ednios da Mata Atl\u00e2ntica. Na atualidade, a mobiliza\u00e7\u00e3o dos Guarani \u00e9 marcada pela circula\u00e7\u00e3o e acionamento de redes inter\u00e9tnicas, protagonizando lutas pol\u00edticas por terra, sa\u00fade, educa\u00e7\u00e3o, saneamento, etc. seja enquanto grupo \u00e9tnico ind\u00edgena, seja enquanto comunidade tradicional no \u00e2mbito do F\u00f3rum das Comunidades Tradicionais \u2013 FCT. Este trabalho demonstra que as caminhadas pelo litoral se tornaram a for\u00e7a motriz das mobiliza\u00e7\u00f5es \u00e9tnico-pol\u00edticas e atrav\u00e9s delas se constituem vetores para promo\u00e7\u00e3o de trocas diversas e da intensifica\u00e7\u00e3o das rela\u00e7\u00f5es de parentesco.<br \/>\n<strong>Palavras-chave: <\/strong>mobilidade; Guarani-Mbya; espacialidade; territorializa\u00e7\u00e3o; associativismo.<\/p>\n<p>&nbsp;<\/p>\n<hr \/>\n<p>&nbsp;<\/p>\n<p><strong>THAIS HELENA MEDEIROS<\/strong><br \/>\n<a href=\"https:\/\/sucupira.capes.gov.br\/sucupira\/public\/consultas\/coleta\/trabalhoConclusao\/viewTrabalhoConclusao.xhtml?popup=true&amp;id_trabalho=7856715\" target=\"_blank\" rel=\"noopener noreferrer\"><strong>Rios de d\u00e1divas e d\u00edvidas: trocas, jogo de futebol e festa entre comunidades e aldeias dos rios Arapiuns e Tapaj\u00f3s-Par\u00e1<\/strong><\/a><br \/>\n<strong>Defesa: <\/strong>03\/06\/2019<\/p>\n<p><strong>Banca: <\/strong>Thereza Cristina Cardoso Menezes (CPDA\/UFRRJ \u2013 Orientadora),\u00a0 F\u00e1tima Portilho (CPDA\/UFRRJ \u2013 Coorientadora), Eli de F\u00e1tima Napole\u00e3o de Lima (CPDA\/UFRRJ), Paula Mendes Lacerda (UERJ) e Dan Gabriel D\u2019Onofre Andrade Silva Cordeiro (UFRRJ).<\/p>\n<p><strong>Resumo: <\/strong>Esta tese examina pr\u00e1ticas e sentidos sociais das rela\u00e7\u00f5es de trocas que se consistem no sair pra ganhar jogo e pagar visita, realizadas pelos clubes e times de futebol, em comunidades e aldeias dos rios Tapaj\u00f3s e Arapiuns, em Santar\u00e9m\/PA. Este fato social se d\u00e1 a partir de um acordo m\u00fatuo, permeado de certa ostenta\u00e7\u00e3o suntu\u00e1ria, em que se baseia o ato de dar, receber e retribuir torneios festas grandes, transacionando jogos de futebol, pacotes de cerveja e entradas na festa. As descri\u00e7\u00f5es se d\u00e3o no exerc\u00edcio de compara\u00e7\u00f5es hist\u00f3ricas abrangentes e incluem an\u00e1lises das perman\u00eancias e transforma\u00e7\u00f5es sociais, sendo o jogo de futebol e a festa, os fios condutores para se apreender rela\u00e7\u00f5es singulares. O trabalho identifica as trocas mediadas, ou n\u00e3o, pelo dinheiro, bem como examina valores e regras que orientam as situa\u00e7\u00f5es sociais. Os torneios constituem espa\u00e7os sociais da divers\u00e3o e, principalmente, do fluxo das rela\u00e7\u00f5es de amizade. Seus festeiros(as), met\u00e1foras das escudarias, transacionam coisas na base do cr\u00e9dito-d\u00edvida e garantem o fluxo cont\u00ednuo dos eventos, bem como assimilam as demarca\u00e7\u00f5es temporais do estar juntos, entre aliados e amizades. O estudo buscou compreender como a mobilidade e circula\u00e7\u00e3o engajam coisas e pessoas na malha social, moldando processos interculturais.<br \/>\n<strong>Palavras-chave: <\/strong>rela\u00e7\u00f5es de trocas; sair pra ganhar jogo e pagar visita; torneios de futebol e festas; Amaz\u00f4nia-Par\u00e1.<\/p>\n<p>&nbsp;<\/p>\n<hr \/>\n<p>&nbsp;<\/p>\n<p><strong>RODRIGO KUMMER <\/strong><br \/>\n<a href=\"https:\/\/sucupira.capes.gov.br\/sucupira\/public\/consultas\/coleta\/trabalhoConclusao\/viewTrabalhoConclusao.xhtml?popup=true&amp;id_trabalho=7856966\" target=\"_blank\" rel=\"noopener noreferrer\"><strong>Juventudes rurais e perman\u00eancias: ruralidades e urbanidades representadas no Extremo Oeste de Santa Catarina<\/strong><\/a><br \/>\n<strong>Indica\u00e7\u00e3o ao Pr\u00eamio Maria de Nazareth Baudel Wanderley da Rede de Estudos Rurais &#8211; 2021<\/strong><br \/>\n<strong>Defesa: <\/strong>11\/09\/2019<\/p>\n<p><strong>Banca: <\/strong>Eli de F\u00e1tima Napole\u00e3o de Lima (CPDA\/UFRRJ \u2013 Orientadora), Thereza Cristina Cardoso Menezes (CPDA\/UFRRJ), Ana Louise de Carvalho Fiuza (UFV),\u00a0 Susana Cesco (UFF) e Clarice Cristine Ferreira Menezes (UFRRJ).<\/p>\n<p><strong>Resumo: <\/strong>Esta tese discute os processos de perman\u00eancia dos jovens no meio rural da regi\u00e3o Extremo Oeste de Santa Catarina. O objetivo da pesquisa \u00e9 compreender como a constru\u00e7\u00e3o de representa\u00e7\u00f5es sociais subsidia e interfere nos processos decis\u00f3rios desses atores sociais. Na \u00faltima d\u00e9cada, as taxas de perman\u00eancia dos jovens no meio rural t\u00eam aumentado sensivelmente. Analisar, portanto, as representa\u00e7\u00f5es tecidas em rela\u00e7\u00f5es a esses cen\u00e1rios e refletir sobre os imagin\u00e1rios e percep\u00e7\u00f5es acionadas \u00e9 uma ferramenta prof\u00edcua para melhor compreender que ruralidade e que sociedade se est\u00e1 gestando na contemporaneidade. A pesquisa baseou-se na coleta de question\u00e1rios e entrevistas, al\u00e9m do acompanhamento etnogr\u00e1fico. Com base nessas informa\u00e7\u00f5es, pode-se considerar que os jovens rurais tecem uma representa\u00e7\u00e3o positivada do meio rural, fundada na percep\u00e7\u00e3o elogiosa de suas condi\u00e7\u00f5es de trabalho, renda e tranquilidade. Ao ponderaram sobre a urbanidade, formatam representa\u00e7\u00f5es negativas, vinculadas ao ritmo de vida, a falta de autonomia e ao risco. Essas perspectivas permitem aferir que a ruralidade \u00e9 tomada como um projeto de vida, do qual as rela\u00e7\u00f5es familiares, geracionais, de g\u00eanero, renda e protagonismo s\u00e3o elementos centrais. Estimular o di\u00e1logo familiar e social das quest\u00f5es juvenis torna-se necess\u00e1rio para melhorar as perspectivas de vida no meio rural.<br \/>\n<strong>Palavras-chave: <\/strong>juventude rural; perman\u00eancia; migra\u00e7\u00e3o; ruralidade; urbanidade; representa\u00e7\u00f5es sociais.<\/p>\n<p>&nbsp;<\/p>\n<hr \/>\n<p>&nbsp;<\/p>\n<p><strong>ARIANE DA SILVA FAVARETO <\/strong><br \/>\n<a href=\"https:\/\/sucupira.capes.gov.br\/sucupira\/public\/consultas\/coleta\/trabalhoConclusao\/viewTrabalhoConclusao.xhtml?popup=true&amp;id_trabalho=7857046\" target=\"_blank\" rel=\"noopener noreferrer\"><strong>Din\u00e2micas rurais contempor\u00e2neas e configura\u00e7\u00f5es sociais de g\u00eanero<\/strong><\/a><br \/>\n<strong>Defesa: <\/strong>18\/10\/2019<\/p>\n<p><strong>Banca: <\/strong>Maria Jos\u00e9 Teixeira Carneiro (CPDA\/UFRRJ \u2013 Orientadora), Elisa Guaran\u00e1 de Castro (CPDA\/UFRRJ) e Ana Louise de Carvalho Fiuza (UFV).<\/p>\n<p><strong>Resumo: <\/strong>Esta tese tem por objetivo analisar a maneira e em quais dimens\u00f5es da vida social as mulheres s\u00e3o afetadas pelas din\u00e2micas da ruralidade contempor\u00e2nea e como isso se reflete nas configura\u00e7\u00f5es sociais de g\u00eanero e, consequentemente, na posi\u00e7\u00e3o da mulher na sociedade. Optou-se, de forma te\u00f3rica e metodol\u00f3gica, com inspira\u00e7\u00e3o na obra de Norbert Elias, pelo uso do termo configura\u00e7\u00f5es ao inv\u00e9s de rela\u00e7\u00f5es de g\u00eanero, de modo a abarcar maior complexidade da vida social, remetendo desde os processos de socializa\u00e7\u00e3o iniciais at\u00e9 as intera\u00e7\u00f5es mais recentes, sem deixar de lado fatores ex\u00f3genos que incidem nas constru\u00e7\u00f5es sociais. Utiliza-se a categoria modo de vida para compreender a ruralidade que, traduzida em identidades e representa\u00e7\u00f5es, orienta as estrat\u00e9gias e aproveitamento de oportunidades colocadas no exerc\u00edcio de atividades pret\u00e9ritas, ligadas \u00e0 agropecu\u00e1ria e outras desenvolvidas mais recentemente que se aproveitam da utiliza\u00e7\u00e3o e valoriza\u00e7\u00e3o dos recursos naturais. Tais condi\u00e7\u00f5es foram observadas no munic\u00edpio de Cunha, localizado no Vale do Para\u00edba, estado de S\u00e3o Paulo, universo desta pesquisa. Como instrumento, utilizou-se a an\u00e1lise da trajet\u00f3ria de vida de mulheres que trabalham no desenvolvimento de atividades ligadas ao turismo, \u00e0 agroecologia e \u00e0 pecu\u00e1ria, a partir de entrevistas semiestruturadas; bem como da observa\u00e7\u00e3o participante. A tese que se busca demonstrar \u00e9 que nas din\u00e2micas da ruralidade contempor\u00e2nea s\u00e3o abertas novas possibilidades de inser\u00e7\u00e3o para as mulheres. O aproveitamento destas oportunidades n\u00e3o \u00e9 un\u00edvoco, se expressa de forma heterog\u00eanea, dadas suas pr\u00f3prias trajet\u00f3rias de vida e as interdepend\u00eancias realizadas, que determinam o aproveitamento ou o constrangimento das oportunidades surgidas e v\u00e3o incidir na sua posi\u00e7\u00e3o social, especialmente, no que se refere a trabalho e renda, escolaridade e capacita\u00e7\u00e3o, e o uso do tempo, dimens\u00f5es da vida social que afetam as capacidades femininas.<br \/>\n<strong>Palavras-chave: <\/strong>mulheres rurais; Cunha (SP); turismo; agroecologia; pecu\u00e1ria.<\/p>\n<p>&nbsp;<\/p>\n<hr \/>\n<p>&nbsp;<\/p>\n<p><strong>FABRICIO TEL\u00d3 <\/strong><br \/>\n<a href=\"https:\/\/sucupira.capes.gov.br\/sucupira\/public\/consultas\/coleta\/trabalhoConclusao\/viewTrabalhoConclusao.xhtml?popup=true&amp;id_trabalho=7925014\" target=\"_blank\" rel=\"noopener noreferrer\"><strong>Organiza\u00e7\u00f5es armadas e camponeses: comunica\u00e7\u00e3o, emo\u00e7\u00f5es e engajamento pol\u00edtico (1968-1975)<\/strong><\/a><br \/>\nIndicada para o Pr\u00eamio Anpocs de Melhor Tese de Doutorado 2020<br \/>\n<strong>Defesa: <\/strong>16\/12\/2019<\/p>\n<p><strong>Banca: <\/strong>Leonilde Servolo de Medeiros (CPDA\/UFRRJ \u2013 Orientadora), Debora Franco Lerrer (CPDA\/UFRRJ), Jean Rodrigues Sales (UFRRJ), Daniel Aar\u00e3o Reis Filho (UFF) e Marcelo Siqueira Ridenti (Unicamp).<\/p>\n<p><strong>Resumo: <\/strong>No final dos anos 1960 e in\u00edcio dos anos 1970, inspiradas pelas Revolu\u00e7\u00f5es Chinesa e Cubana, as organiza\u00e7\u00f5es armadas brasileiras tentaram liderar movimentos revolucion\u00e1rios de oposi\u00e7\u00e3o \u00e0 ditadura militar da \u00e9poca mobilizando camponeses para se engajarem em grupos de guerrilha rural. Esta tese analisa a rela\u00e7\u00e3o entre esses atores sociais. Como se dava a comunica\u00e7\u00e3o entre eles, como eram apresentadas as propostas de revolu\u00e7\u00e3o pela via armada, qual o papel das emo\u00e7\u00f5es para o processo de engajamento dos camponeses, de que maneira a clandestinidade impactava nas intera\u00e7\u00f5es com as popula\u00e7\u00f5es locais, quais os efeitos da ado\u00e7\u00e3o de uma perspectiva leninista por parte dos militantes e que lugar ocupava a pauta do acesso \u00e0 terra nesse contexto s\u00e3o algumas das perguntas que orientam a pesquisa. Dentre as principais inspira\u00e7\u00f5es est\u00e3o as contribui\u00e7\u00f5es de Paulo Freire e Jesus Martin-Barbero sobre comunica\u00e7\u00e3o; James Jasper e Helena Flam sobre emo\u00e7\u00f5es; Donatela Della Porta sobre clandestinidade; Oliver Fillieule, Julieta Quir\u00f3s, Marcelo Kunrath Silva e Bianca Ruskowski sobre engajamento; Eric Wolf e James Scott sobre a rela\u00e7\u00e3o entre campesinato e revolu\u00e7\u00e3o. O estudo se baseia nas experi\u00eancias do Comando de Liberta\u00e7\u00e3o Nacional (Colina) em Cachoeiras de Macacu\/RJ; da Vanguarda Armada Revolucion\u00e1ria Palmares (VAR-Palmares), em Imperatriz\/MA; do Movimento Revolucion\u00e1rio Oito de Outubro (MR-8), em Brotas de Maca\u00fabas\/BA e da A\u00e7\u00e3o Popular (AP), na Chapada Diamantina, tamb\u00e9m na Bahia. A metodologia utilizada foi a hist\u00f3ria oral, conjugada com a an\u00e1lise documental e bibliogr\u00e1fica, que permitiu a elabora\u00e7\u00e3o de uma compara\u00e7\u00e3o entre os diferentes casos analisados. Os resultados da pesquisa indicam que, a despeito do esfor\u00e7o dos militantes em se tornarem pr\u00f3ximos aos camponeses, geralmente havia um estranhamento por parte destes, em fun\u00e7\u00e3o das diferen\u00e7as culturais. Ainda que a ades\u00e3o tenha sido minorit\u00e1ria, as diversas formas de assist\u00eancia prestadas pelos militantes contribu\u00edram para a produ\u00e7\u00e3o de emo\u00e7\u00f5es rec\u00edprocas de amizade e lealdade, bem como para o processo de engajamento de alguns camponeses.<br \/>\n<strong>Palavras-chave: <\/strong>campesinato; luta armada; comunica\u00e7\u00e3o; emo\u00e7\u00f5es; engajamento.<\/p>\n<p>&nbsp;<\/p>\n<hr \/>\n<p>&nbsp;<\/p>\n","protected":false},"excerpt":{"rendered":"<p>Os trabalhos est\u00e3o colocados em ordem cronol\u00f3gica (data da defesa) e podem ser acessados na plataforma Sucupira ao clicar em <a class=\"read-more\" href=\"https:\/\/institucional.ufrrj.br\/portalcpda\/teses-doutorado-2019\/ \" >&#8230; <span class=\"font-italic\">leia mais <i class=\"fas fa-angle-right\"><\/i><\/span><\/a><\/p>\n","protected":false},"author":715,"featured_media":0,"parent":0,"menu_order":0,"comment_status":"closed","ping_status":"closed","template":"","meta":{"_acf_changed":false,"footnotes":""},"class_list":["post-19778","page","type-page","status-publish","hentry"],"yoast_head":"<!-- This site is optimized with the Yoast SEO plugin v27.2 - https:\/\/yoast.com\/product\/yoast-seo-wordpress\/ -->\n<title>Teses Doutorado 2019 - CPDA<\/title>\n<meta name=\"robots\" content=\"index, follow, max-snippet:-1, max-image-preview:large, max-video-preview:-1\" \/>\n<link rel=\"canonical\" href=\"https:\/\/institucional.ufrrj.br\/portalcpda\/teses-doutorado-2019\/\" \/>\n<meta property=\"og:locale\" content=\"pt_BR\" \/>\n<meta property=\"og:type\" content=\"article\" \/>\n<meta property=\"og:title\" content=\"Teses Doutorado 2019 - CPDA\" \/>\n<meta property=\"og:description\" content=\"Os trabalhos est\u00e3o colocados em ordem cronol\u00f3gica (data da defesa) e podem ser acessados na plataforma Sucupira ao clicar em ... leia mais\" \/>\n<meta property=\"og:url\" content=\"https:\/\/institucional.ufrrj.br\/portalcpda\/teses-doutorado-2019\/\" \/>\n<meta property=\"og:site_name\" content=\"CPDA\" \/>\n<meta property=\"article:modified_time\" content=\"2021-08-05T14:38:51+00:00\" \/>\n<meta name=\"twitter:card\" content=\"summary_large_image\" \/>\n<meta name=\"twitter:label1\" content=\"Est. tempo de leitura\" \/>\n\t<meta name=\"twitter:data1\" content=\"9 minutos\" \/>\n<script type=\"application\/ld+json\" class=\"yoast-schema-graph\">{\"@context\":\"https:\/\/schema.org\",\"@graph\":[{\"@type\":\"WebPage\",\"@id\":\"https:\/\/institucional.ufrrj.br\/portalcpda\/teses-doutorado-2019\/\",\"url\":\"https:\/\/institucional.ufrrj.br\/portalcpda\/teses-doutorado-2019\/\",\"name\":\"Teses Doutorado 2019 - CPDA\",\"isPartOf\":{\"@id\":\"https:\/\/institucional.ufrrj.br\/portalcpda\/#website\"},\"datePublished\":\"2020-07-27T20:12:48+00:00\",\"dateModified\":\"2021-08-05T14:38:51+00:00\",\"breadcrumb\":{\"@id\":\"https:\/\/institucional.ufrrj.br\/portalcpda\/teses-doutorado-2019\/#breadcrumb\"},\"inLanguage\":\"pt-BR\",\"potentialAction\":[{\"@type\":\"ReadAction\",\"target\":[\"https:\/\/institucional.ufrrj.br\/portalcpda\/teses-doutorado-2019\/\"]}]},{\"@type\":\"BreadcrumbList\",\"@id\":\"https:\/\/institucional.ufrrj.br\/portalcpda\/teses-doutorado-2019\/#breadcrumb\",\"itemListElement\":[{\"@type\":\"ListItem\",\"position\":1,\"name\":\"In\u00edcio\",\"item\":\"https:\/\/institucional.ufrrj.br\/portalcpda\/\"},{\"@type\":\"ListItem\",\"position\":2,\"name\":\"Teses Doutorado 2019\"}]},{\"@type\":\"WebSite\",\"@id\":\"https:\/\/institucional.ufrrj.br\/portalcpda\/#website\",\"url\":\"https:\/\/institucional.ufrrj.br\/portalcpda\/\",\"name\":\"CPDA\",\"description\":\"institucional.ufrrj.br\",\"potentialAction\":[{\"@type\":\"SearchAction\",\"target\":{\"@type\":\"EntryPoint\",\"urlTemplate\":\"https:\/\/institucional.ufrrj.br\/portalcpda\/?s={search_term_string}\"},\"query-input\":{\"@type\":\"PropertyValueSpecification\",\"valueRequired\":true,\"valueName\":\"search_term_string\"}}],\"inLanguage\":\"pt-BR\"}]}<\/script>\n<!-- \/ Yoast SEO plugin. -->","yoast_head_json":{"title":"Teses Doutorado 2019 - CPDA","robots":{"index":"index","follow":"follow","max-snippet":"max-snippet:-1","max-image-preview":"max-image-preview:large","max-video-preview":"max-video-preview:-1"},"canonical":"https:\/\/institucional.ufrrj.br\/portalcpda\/teses-doutorado-2019\/","og_locale":"pt_BR","og_type":"article","og_title":"Teses Doutorado 2019 - CPDA","og_description":"Os trabalhos est\u00e3o colocados em ordem cronol\u00f3gica (data da defesa) e podem ser acessados na plataforma Sucupira ao clicar em ... leia mais","og_url":"https:\/\/institucional.ufrrj.br\/portalcpda\/teses-doutorado-2019\/","og_site_name":"CPDA","article_modified_time":"2021-08-05T14:38:51+00:00","twitter_card":"summary_large_image","twitter_misc":{"Est. tempo de leitura":"9 minutos"},"schema":{"@context":"https:\/\/schema.org","@graph":[{"@type":"WebPage","@id":"https:\/\/institucional.ufrrj.br\/portalcpda\/teses-doutorado-2019\/","url":"https:\/\/institucional.ufrrj.br\/portalcpda\/teses-doutorado-2019\/","name":"Teses Doutorado 2019 - CPDA","isPartOf":{"@id":"https:\/\/institucional.ufrrj.br\/portalcpda\/#website"},"datePublished":"2020-07-27T20:12:48+00:00","dateModified":"2021-08-05T14:38:51+00:00","breadcrumb":{"@id":"https:\/\/institucional.ufrrj.br\/portalcpda\/teses-doutorado-2019\/#breadcrumb"},"inLanguage":"pt-BR","potentialAction":[{"@type":"ReadAction","target":["https:\/\/institucional.ufrrj.br\/portalcpda\/teses-doutorado-2019\/"]}]},{"@type":"BreadcrumbList","@id":"https:\/\/institucional.ufrrj.br\/portalcpda\/teses-doutorado-2019\/#breadcrumb","itemListElement":[{"@type":"ListItem","position":1,"name":"In\u00edcio","item":"https:\/\/institucional.ufrrj.br\/portalcpda\/"},{"@type":"ListItem","position":2,"name":"Teses Doutorado 2019"}]},{"@type":"WebSite","@id":"https:\/\/institucional.ufrrj.br\/portalcpda\/#website","url":"https:\/\/institucional.ufrrj.br\/portalcpda\/","name":"CPDA","description":"institucional.ufrrj.br","potentialAction":[{"@type":"SearchAction","target":{"@type":"EntryPoint","urlTemplate":"https:\/\/institucional.ufrrj.br\/portalcpda\/?s={search_term_string}"},"query-input":{"@type":"PropertyValueSpecification","valueRequired":true,"valueName":"search_term_string"}}],"inLanguage":"pt-BR"}]}},"acf":[],"_links":{"self":[{"href":"https:\/\/institucional.ufrrj.br\/portalcpda\/wp-json\/wp\/v2\/pages\/19778","targetHints":{"allow":["GET"]}}],"collection":[{"href":"https:\/\/institucional.ufrrj.br\/portalcpda\/wp-json\/wp\/v2\/pages"}],"about":[{"href":"https:\/\/institucional.ufrrj.br\/portalcpda\/wp-json\/wp\/v2\/types\/page"}],"author":[{"embeddable":true,"href":"https:\/\/institucional.ufrrj.br\/portalcpda\/wp-json\/wp\/v2\/users\/715"}],"replies":[{"embeddable":true,"href":"https:\/\/institucional.ufrrj.br\/portalcpda\/wp-json\/wp\/v2\/comments?post=19778"}],"version-history":[{"count":14,"href":"https:\/\/institucional.ufrrj.br\/portalcpda\/wp-json\/wp\/v2\/pages\/19778\/revisions"}],"predecessor-version":[{"id":21674,"href":"https:\/\/institucional.ufrrj.br\/portalcpda\/wp-json\/wp\/v2\/pages\/19778\/revisions\/21674"}],"wp:attachment":[{"href":"https:\/\/institucional.ufrrj.br\/portalcpda\/wp-json\/wp\/v2\/media?parent=19778"}],"curies":[{"name":"wp","href":"https:\/\/api.w.org\/{rel}","templated":true}]}}