{"id":19666,"date":"2020-07-06T16:57:39","date_gmt":"2020-07-06T19:57:39","guid":{"rendered":"http:\/\/institucional.ufrrj.br\/portalcpda\/?page_id=19666"},"modified":"2026-02-25T11:25:57","modified_gmt":"2026-02-25T14:25:57","slug":"calendario-de-reunioes","status":"publish","type":"page","link":"https:\/\/institucional.ufrrj.br\/portalcpda\/calendario-de-reunioes\/","title":{"rendered":"Calend\u00e1rio de Reuni\u00f5es 2026"},"content":{"rendered":"<hr \/>\n<p>&nbsp;<\/p>\n<p style=\"font-weight: 400\"><strong>Calend\u00e1rio de reuni\u00f5es dos Coelgiados Executivo e Pleno do CPDA &#8211; 2026<\/strong><\/p>\n<p>As Reuni\u00f5es dos <a href=\"https:\/\/institucional.ufrrj.br\/portalcpda\/administracao\/\">Colegiados<\/a> do CPDA s\u00e3o mensais e presenciais, e ocorrem na Sala de Reuni\u00f5es do 8\u00ba andar, preferencialmente nas tardes de sextas-feiras (14 \u00e0s 17h), de acordo com as datas abaixo.<\/p>\n<p>&nbsp;<\/p>\n<table>\n<tbody>\n<tr>\n<td style=\"text-align: center\" width=\"141\"><strong>M\u00eas<\/strong><\/td>\n<td style=\"text-align: center\" width=\"227\"><strong>Executivo<\/strong><\/td>\n<td style=\"text-align: center\" width=\"239\"><strong>Pleno<\/strong><\/td>\n<\/tr>\n<tr>\n<td style=\"text-align: center\" width=\"141\">Fevereiro<\/td>\n<td style=\"text-align: center\" width=\"227\">&#8211;<\/td>\n<td style=\"text-align: center\" width=\"239\">09\/02<\/td>\n<\/tr>\n<tr>\n<td style=\"text-align: center\" width=\"141\">Mar\u00e7o<\/td>\n<td style=\"text-align: center\" width=\"227\">&#8211;<\/td>\n<td style=\"text-align: center\" width=\"239\">27\/03<\/td>\n<\/tr>\n<tr>\n<td style=\"text-align: center\" width=\"141\">Abril<\/td>\n<td style=\"text-align: center\" width=\"227\">&#8211;<\/td>\n<td style=\"text-align: center\" width=\"239\">17\/04<\/td>\n<\/tr>\n<tr>\n<td style=\"text-align: center\" width=\"141\">Maio<\/td>\n<td style=\"text-align: center\" width=\"227\">&#8211;<\/td>\n<td style=\"text-align: center\" width=\"239\">22\/05<\/td>\n<\/tr>\n<tr>\n<td style=\"text-align: center\" width=\"141\">Junho<\/td>\n<td style=\"text-align: center\" width=\"227\">&#8211;<\/td>\n<td style=\"text-align: center\" width=\"239\">26\/06<\/td>\n<\/tr>\n<tr>\n<td style=\"text-align: center\" width=\"141\">Julho<\/td>\n<td style=\"text-align: center\" width=\"227\">&#8211;<\/td>\n<td style=\"text-align: center\" width=\"239\">24\/07<\/td>\n<\/tr>\n<tr>\n<td style=\"text-align: center\" width=\"141\">Agosto<\/td>\n<td style=\"text-align: center\" width=\"227\">&#8211;<\/td>\n<td style=\"text-align: center\" width=\"239\">28\/08<\/td>\n<\/tr>\n<tr>\n<td style=\"text-align: center\" width=\"141\">Setembro<\/td>\n<td style=\"text-align: center\" width=\"227\">&#8211;<\/td>\n<td style=\"text-align: center\" width=\"239\">29\/09<\/td>\n<\/tr>\n<tr>\n<td style=\"text-align: center\" width=\"141\">Outubro<\/td>\n<td style=\"text-align: center\" width=\"227\">&#8211;<\/td>\n<td style=\"text-align: center\" width=\"239\">23\/10<\/td>\n<\/tr>\n<tr>\n<td style=\"text-align: center\" width=\"141\">Novembro<\/td>\n<td style=\"text-align: center\" width=\"227\">&#8211;<\/td>\n<td style=\"text-align: center\" width=\"239\">27\/11<\/td>\n<\/tr>\n<tr>\n<td style=\"text-align: center\" width=\"141\">Dezembro<\/td>\n<td style=\"text-align: center\" width=\"227\">&#8211;<\/td>\n<td style=\"text-align: center\" width=\"239\">18\/12<\/td>\n<\/tr>\n<\/tbody>\n<\/table>\n<p>&nbsp;<\/p>\n<p>&nbsp;<\/p>\n<p><strong>Calend\u00e1rio de reuni\u00f5es do DDAS, do Consuni\/ICHS e da C\u00e2mara de PPG para 2026<\/strong><\/p>\n<p>As Reuni\u00f5es do DDAS s\u00e3o mensais e presenciais, e ocorrem em dias e hor\u00e1rios alternados na Sala de Reuni\u00f5es do 8\u00ba andar, de acordo com a tabela abaixo.<\/p>\n<p>As Reuni\u00f5es do <a href=\"https:\/\/institutos.ufrrj.br\/ichs\/\">Consuni<\/a> s\u00e3o mensais e presenciais, e ocorrem no Campus de Serop\u00e9dica, em dias e hor\u00e1rios alternados, de acordo com a tabela abaixo, e podem ser consultadas tamb\u00e9m neste link: <a href=\"https:\/\/institutos.ufrrj.br\/ichs\/calendario-consuni-2024\/\" target=\"_blank\" rel=\"noopener\">https:\/\/institutos.ufrrj.br\/ichs\/calendario-consuni-2024\/<\/a>.<\/p>\n<p>As Reuni\u00f5es da <a href=\"https:\/\/portal.ufrrj.br\/pro-reitoria-de-pesquisa-e-pos-graduacao\/orgaos-colegiados-camara-de-pesquisa-e-pos-graduacao\/\">C\u00e2mara de Pesquisa e P\u00f3s-Gradua\u00e7\u00e3o (Proppg)<\/a> s\u00e3o mensais e presenciais, e ocorrem no Campus de Serop\u00e9dica, em dias e hor\u00e1rios alternados, de acordo com a tabela abaixo.<\/p>\n<p>&nbsp;<\/p>\n<table>\n<tbody>\n<tr>\n<td style=\"text-align: center\" width=\"141\"><strong>M\u00eas<\/strong><\/td>\n<td style=\"text-align: center\" width=\"200\"><strong>Consuni<\/strong><\/td>\n<td style=\"text-align: center\" width=\"200\"><strong>DDAS<\/strong><\/td>\n<td style=\"text-align: center\" width=\"200\"><strong>C\u00e2mara de PPG<\/strong><\/td>\n<\/tr>\n<tr>\n<td style=\"text-align: center\" width=\"141\">Fevereiro<\/td>\n<td style=\"text-align: center\" width=\"200\">&#8211;<\/td>\n<td style=\"text-align: center\" width=\"200\">&#8211;<\/td>\n<td style=\"text-align: center\" width=\"200\">&#8211;<\/td>\n<\/tr>\n<tr>\n<td style=\"text-align: center\" width=\"141\">Mar\u00e7o<\/td>\n<td style=\"text-align: center\" width=\"200\">\/03<\/td>\n<td style=\"text-align: center\" width=\"200\">13\/03<\/td>\n<td style=\"text-align: center\" width=\"200\">&#8211;<\/td>\n<\/tr>\n<tr>\n<td style=\"text-align: center\" width=\"141\">Abril<\/td>\n<td style=\"text-align: center\" width=\"200\">\/04<\/td>\n<td style=\"text-align: center\" width=\"200\">10\/04<\/td>\n<td style=\"text-align: center\" width=\"200\">&#8211;<\/td>\n<\/tr>\n<tr>\n<td style=\"text-align: center\" width=\"141\">Maio<\/td>\n<td style=\"text-align: center\" width=\"200\">\/05<\/td>\n<td style=\"text-align: center\" width=\"200\">08\/05<\/td>\n<td style=\"text-align: center\" width=\"200\">&#8211;<\/td>\n<\/tr>\n<tr>\n<td style=\"text-align: center\" width=\"141\">Junho<\/td>\n<td style=\"text-align: center\" width=\"200\">\/06<\/td>\n<td style=\"text-align: center\" width=\"200\">12\/06<\/td>\n<td style=\"text-align: center\" width=\"200\">&#8211;<\/td>\n<\/tr>\n<tr>\n<td style=\"text-align: center\" width=\"141\">Julho<\/td>\n<td style=\"text-align: center\" width=\"200\">\/07<\/td>\n<td style=\"text-align: center\" width=\"200\">10\/07<\/td>\n<td style=\"text-align: center\" width=\"200\">&#8211;<\/td>\n<\/tr>\n<tr>\n<td style=\"text-align: center\" width=\"141\">Agosto<\/td>\n<td style=\"text-align: center\" width=\"200\">\/08<\/td>\n<td style=\"text-align: center\" width=\"200\">14\/08<\/td>\n<td style=\"text-align: center\" width=\"200\">&#8211;<\/td>\n<\/tr>\n<tr>\n<td style=\"text-align: center\" width=\"141\">Setembro<\/td>\n<td style=\"text-align: center\" width=\"200\">\/09<\/td>\n<td style=\"text-align: center\" width=\"200\">11\/09<\/td>\n<td style=\"text-align: center\" width=\"200\">&#8211;<\/td>\n<\/tr>\n<tr>\n<td style=\"text-align: center\" width=\"141\">Outubro<\/td>\n<td style=\"text-align: center\" width=\"200\">\/10<\/td>\n<td style=\"text-align: center\" width=\"200\">09\/10<\/td>\n<td style=\"text-align: center\" width=\"200\">&#8211;<\/td>\n<\/tr>\n<tr>\n<td style=\"text-align: center\" width=\"141\">Novembro<\/td>\n<td style=\"text-align: center\" width=\"200\">\/11<\/td>\n<td style=\"text-align: center\" width=\"200\">13\/11<\/td>\n<td style=\"text-align: center\" width=\"200\">&#8211;<\/td>\n<\/tr>\n<tr>\n<td style=\"text-align: center\" width=\"141\">Dezembro<\/td>\n<td style=\"text-align: center\" width=\"200\">\/12<\/td>\n<td style=\"text-align: center\" width=\"200\">11\/12<\/td>\n<td style=\"text-align: center\" width=\"200\">&#8211;<\/td>\n<\/tr>\n<\/tbody>\n<\/table>\n<p>&nbsp;<\/p>\n<p>&nbsp;<\/p>\n<p>&nbsp;<\/p>\n<p>&nbsp;<\/p>\n<p>&nbsp;<\/p>\n<p>&nbsp;<\/p>\n<p>&nbsp;<\/p>\n","protected":false},"excerpt":{"rendered":"<p>&nbsp; Calend\u00e1rio de reuni\u00f5es dos Coelgiados Executivo e Pleno do CPDA &#8211; 2026 As Reuni\u00f5es dos Colegiados do CPDA s\u00e3o <a class=\"read-more\" href=\"https:\/\/institucional.ufrrj.br\/portalcpda\/calendario-de-reunioes\/ \" >&#8230; <span class=\"font-italic\">leia mais <i class=\"fas fa-angle-right\"><\/i><\/span><\/a><\/p>\n","protected":false},"author":715,"featured_media":0,"parent":0,"menu_order":0,"comment_status":"closed","ping_status":"closed","template":"","meta":{"_acf_changed":false,"footnotes":""},"class_list":["post-19666","page","type-page","status-publish","hentry"],"yoast_head":"<!-- This site is optimized with the Yoast SEO plugin v27.2 - https:\/\/yoast.com\/product\/yoast-seo-wordpress\/ -->\n<title>Calend\u00e1rio de Reuni\u00f5es 2026 - CPDA<\/title>\n<meta name=\"robots\" content=\"index, follow, max-snippet:-1, max-image-preview:large, max-video-preview:-1\" \/>\n<link rel=\"canonical\" href=\"https:\/\/institucional.ufrrj.br\/portalcpda\/calendario-de-reunioes\/\" \/>\n<meta property=\"og:locale\" content=\"pt_BR\" \/>\n<meta property=\"og:type\" content=\"article\" \/>\n<meta property=\"og:title\" content=\"Calend\u00e1rio de Reuni\u00f5es 2026 - CPDA\" \/>\n<meta property=\"og:description\" content=\"&nbsp; Calend\u00e1rio de reuni\u00f5es dos Coelgiados Executivo e Pleno do CPDA &#8211; 2026 As Reuni\u00f5es dos Colegiados do CPDA s\u00e3o ... leia mais\" \/>\n<meta property=\"og:url\" content=\"https:\/\/institucional.ufrrj.br\/portalcpda\/calendario-de-reunioes\/\" \/>\n<meta property=\"og:site_name\" content=\"CPDA\" \/>\n<meta property=\"article:modified_time\" content=\"2026-02-25T14:25:57+00:00\" \/>\n<meta name=\"twitter:card\" content=\"summary_large_image\" \/>\n<meta name=\"twitter:label1\" content=\"Est. tempo de leitura\" \/>\n\t<meta name=\"twitter:data1\" content=\"2 minutos\" \/>\n<script type=\"application\/ld+json\" class=\"yoast-schema-graph\">{\"@context\":\"https:\/\/schema.org\",\"@graph\":[{\"@type\":\"WebPage\",\"@id\":\"https:\/\/institucional.ufrrj.br\/portalcpda\/calendario-de-reunioes\/\",\"url\":\"https:\/\/institucional.ufrrj.br\/portalcpda\/calendario-de-reunioes\/\",\"name\":\"Calend\u00e1rio de Reuni\u00f5es 2026 - CPDA\",\"isPartOf\":{\"@id\":\"https:\/\/institucional.ufrrj.br\/portalcpda\/#website\"},\"datePublished\":\"2020-07-06T19:57:39+00:00\",\"dateModified\":\"2026-02-25T14:25:57+00:00\",\"breadcrumb\":{\"@id\":\"https:\/\/institucional.ufrrj.br\/portalcpda\/calendario-de-reunioes\/#breadcrumb\"},\"inLanguage\":\"pt-BR\",\"potentialAction\":[{\"@type\":\"ReadAction\",\"target\":[\"https:\/\/institucional.ufrrj.br\/portalcpda\/calendario-de-reunioes\/\"]}]},{\"@type\":\"BreadcrumbList\",\"@id\":\"https:\/\/institucional.ufrrj.br\/portalcpda\/calendario-de-reunioes\/#breadcrumb\",\"itemListElement\":[{\"@type\":\"ListItem\",\"position\":1,\"name\":\"In\u00edcio\",\"item\":\"https:\/\/institucional.ufrrj.br\/portalcpda\/\"},{\"@type\":\"ListItem\",\"position\":2,\"name\":\"Calend\u00e1rio de Reuni\u00f5es 2026\"}]},{\"@type\":\"WebSite\",\"@id\":\"https:\/\/institucional.ufrrj.br\/portalcpda\/#website\",\"url\":\"https:\/\/institucional.ufrrj.br\/portalcpda\/\",\"name\":\"CPDA\",\"description\":\"institucional.ufrrj.br\",\"potentialAction\":[{\"@type\":\"SearchAction\",\"target\":{\"@type\":\"EntryPoint\",\"urlTemplate\":\"https:\/\/institucional.ufrrj.br\/portalcpda\/?s={search_term_string}\"},\"query-input\":{\"@type\":\"PropertyValueSpecification\",\"valueRequired\":true,\"valueName\":\"search_term_string\"}}],\"inLanguage\":\"pt-BR\"}]}<\/script>\n<!-- \/ Yoast SEO plugin. -->","yoast_head_json":{"title":"Calend\u00e1rio de Reuni\u00f5es 2026 - CPDA","robots":{"index":"index","follow":"follow","max-snippet":"max-snippet:-1","max-image-preview":"max-image-preview:large","max-video-preview":"max-video-preview:-1"},"canonical":"https:\/\/institucional.ufrrj.br\/portalcpda\/calendario-de-reunioes\/","og_locale":"pt_BR","og_type":"article","og_title":"Calend\u00e1rio de Reuni\u00f5es 2026 - CPDA","og_description":"&nbsp; Calend\u00e1rio de reuni\u00f5es dos Coelgiados Executivo e Pleno do CPDA &#8211; 2026 As Reuni\u00f5es dos Colegiados do CPDA s\u00e3o ... leia mais","og_url":"https:\/\/institucional.ufrrj.br\/portalcpda\/calendario-de-reunioes\/","og_site_name":"CPDA","article_modified_time":"2026-02-25T14:25:57+00:00","twitter_card":"summary_large_image","twitter_misc":{"Est. tempo de leitura":"2 minutos"},"schema":{"@context":"https:\/\/schema.org","@graph":[{"@type":"WebPage","@id":"https:\/\/institucional.ufrrj.br\/portalcpda\/calendario-de-reunioes\/","url":"https:\/\/institucional.ufrrj.br\/portalcpda\/calendario-de-reunioes\/","name":"Calend\u00e1rio de Reuni\u00f5es 2026 - CPDA","isPartOf":{"@id":"https:\/\/institucional.ufrrj.br\/portalcpda\/#website"},"datePublished":"2020-07-06T19:57:39+00:00","dateModified":"2026-02-25T14:25:57+00:00","breadcrumb":{"@id":"https:\/\/institucional.ufrrj.br\/portalcpda\/calendario-de-reunioes\/#breadcrumb"},"inLanguage":"pt-BR","potentialAction":[{"@type":"ReadAction","target":["https:\/\/institucional.ufrrj.br\/portalcpda\/calendario-de-reunioes\/"]}]},{"@type":"BreadcrumbList","@id":"https:\/\/institucional.ufrrj.br\/portalcpda\/calendario-de-reunioes\/#breadcrumb","itemListElement":[{"@type":"ListItem","position":1,"name":"In\u00edcio","item":"https:\/\/institucional.ufrrj.br\/portalcpda\/"},{"@type":"ListItem","position":2,"name":"Calend\u00e1rio de Reuni\u00f5es 2026"}]},{"@type":"WebSite","@id":"https:\/\/institucional.ufrrj.br\/portalcpda\/#website","url":"https:\/\/institucional.ufrrj.br\/portalcpda\/","name":"CPDA","description":"institucional.ufrrj.br","potentialAction":[{"@type":"SearchAction","target":{"@type":"EntryPoint","urlTemplate":"https:\/\/institucional.ufrrj.br\/portalcpda\/?s={search_term_string}"},"query-input":{"@type":"PropertyValueSpecification","valueRequired":true,"valueName":"search_term_string"}}],"inLanguage":"pt-BR"}]}},"acf":[],"_links":{"self":[{"href":"https:\/\/institucional.ufrrj.br\/portalcpda\/wp-json\/wp\/v2\/pages\/19666","targetHints":{"allow":["GET"]}}],"collection":[{"href":"https:\/\/institucional.ufrrj.br\/portalcpda\/wp-json\/wp\/v2\/pages"}],"about":[{"href":"https:\/\/institucional.ufrrj.br\/portalcpda\/wp-json\/wp\/v2\/types\/page"}],"author":[{"embeddable":true,"href":"https:\/\/institucional.ufrrj.br\/portalcpda\/wp-json\/wp\/v2\/users\/715"}],"replies":[{"embeddable":true,"href":"https:\/\/institucional.ufrrj.br\/portalcpda\/wp-json\/wp\/v2\/comments?post=19666"}],"version-history":[{"count":4,"href":"https:\/\/institucional.ufrrj.br\/portalcpda\/wp-json\/wp\/v2\/pages\/19666\/revisions"}],"predecessor-version":[{"id":27619,"href":"https:\/\/institucional.ufrrj.br\/portalcpda\/wp-json\/wp\/v2\/pages\/19666\/revisions\/27619"}],"wp:attachment":[{"href":"https:\/\/institucional.ufrrj.br\/portalcpda\/wp-json\/wp\/v2\/media?parent=19666"}],"curies":[{"name":"wp","href":"https:\/\/api.w.org\/{rel}","templated":true}]}}