{"id":19536,"date":"2020-06-10T18:56:42","date_gmt":"2020-06-10T21:56:42","guid":{"rendered":"http:\/\/institucional.ufrrj.br\/portalcpda\/?page_id=19536"},"modified":"2026-01-30T13:24:11","modified_gmt":"2026-01-30T16:24:11","slug":"artigos-docentes-cpda","status":"publish","type":"page","link":"https:\/\/institucional.ufrrj.br\/portalcpda\/artigos-docentes-cpda\/","title":{"rendered":"Artigos Acad\u00eamicos de Docentes do CPDA"},"content":{"rendered":"<p>ARIZTIA, T., Sahakian, M., Ak\u00e7ao\u011flu, A., Barbosa, L., Dahlgren, K., Katz-Gerro, T., Liu, C., Luzzi, M., Marambio-Tapia, A., Mathur, N., Pertierra, A. C., PORTILHO, F., Saloma, C., Wahn, I., Yemmafouo, A., &amp; Zhang, D. (2026). Consumption studies in the global south: a conversation among scholars. <em>Consumption and Society<\/em>. Jan\/2026 (<a href=\"https:\/\/doi.org\/10.1332\/27528499Y2025D000000061\">https:\/\/doi.org\/10.1332\/27528499Y2025D000000061)<\/a><\/p>\n<hr \/>\n<p>LERRER, D\u00e9bora Franco. Fernando Ferrari, o Partido Trabalhista Brasileiro e a reforma agr\u00e1ria nas sesmarias do Rio Grande do Sul (1947-1948). <i>Passagens: Revista Internacional De Hist\u00f3ria Pol\u00edtica E Cultura Jur\u00eddica<\/i>,\u00a0<i>17<\/i>(1), 2025, 86-109.<\/p>\n<hr \/>\n<p>LEANDRO, Rebeca Rose dos Santos; PORTILHO, F\u00e1tima. Ativismos alimentares e movimentos em torno das Plantas Aliment\u00edcias N\u00e3o Convencionais (PANC). <em>Revista Ra\u00edzes<\/em>. Revista de Ci\u00eancias Sociais e Economia. UFCG, Campina Grande, v. 44, n. 1, 2024, p. 80-95. Dispon\u00edvel em:\u00a0<a href=\"https:\/\/raizes.revistas.ufcg.edu.br\/index.php\/raizes\/issue\/view\/61\">https:\/\/raizes.revistas.ufcg.edu.br\/index.php\/raizes\/issue\/view\/61<\/a><\/p>\n<hr \/>\n<p>SCHUBERT, Maycon N.; PORTILHO, F\u00e1tima. Ativismo alimentar e consumo pol\u00edtico alimentar \u2013 Uma an\u00e1lise a partir da Teoria das Pr\u00e1ticas Sociais. In: Schubert, M. N.; Tonin, J.; Schneider, S. (Orgs.). <em>Desafios e tend\u00eancias da alimenta\u00e7\u00e3o contempor\u00e2nea: consumo, mercados e a\u00e7\u00e3o p\u00fablica<\/em>. Porto Alegre: Editora da UFRGS, 2023, p. 19-45.<\/p>\n<hr \/>\n<p>ESCHER, Fabiano; WESZ JUNIOR, Valdemar Jo\u00e3o. Din\u00e2mica recente do complexo soja-carne Brasil-China no contexto do Cone Sul. <em>Campo-Territ\u00f3rio<\/em>, Uberl\u00e2ndia, v. 17, n. 46, set. 2022. Dispon\u00edvel em: <a href=\"https:\/\/seer.ufu.br\/index.php\/campoterritorio\/article\/view\/65826\" target=\"_blank\" rel=\"noopener noreferrer\">https:\/\/seer.ufu.br\/index.php\/campoterritorio\/article\/view\/65826<\/a>.<\/p>\n<hr \/>\n<p>WILKINSON, John; ESCHER, Fabiano; GARCIA, Ana. The Brazil-China nexus in agrofood: what is at stake in the future of the animal protein sector. <em>International Quarterly\u00a0 for Asian Studies<\/em>, Freiburg, v. 53, n. 2, jul. 2022. Dispon\u00edvel em: <a href=\"https:\/\/hasp.ub.uni-heidelberg.de\/journals\/iqas\/article\/view\/13950\" target=\"_blank\" rel=\"noopener noreferrer\">https:\/\/hasp.ub.uni-heidelberg.de\/journals\/iqas\/article\/view\/13950<\/a>.<\/p>\n<hr \/>\n<p>LIMA, Jacqueline Aline Botelho; MEDEIROS, Leonilde Servolo de. Quest\u00e3o agr\u00e1ria e lutas no campo: experi\u00eancias e formas de a\u00e7\u00e3o pol\u00edtica em debate. <em>Trabalho Necess\u00e1rio<\/em>, Niter\u00f3i, v. 20, n. 41, p. 1-14, mar. 2022. Dispon\u00edvel em: <a href=\"https:\/\/periodicos.uff.br\/trabalhonecessario\/article\/view\/53662\" target=\"_blank\" rel=\"noopener noreferrer\">https:\/\/periodicos.uff.br\/trabalhonecessario\/article\/view\/53662<\/a>.<\/p>\n<hr \/>\n<p>MENEZES, Thereza Cristina Cardoso. Colunas de fogo, cortinas de fuma\u00e7a e narrativas inflam\u00e1veis: multiplica\u00e7\u00e3o de inc\u00eandios florestais e as novas din\u00e2micas sociais da expans\u00e3o da fronteira agropecu\u00e1ria amaz\u00f4nica. <em>Trabalho Necess\u00e1rio<\/em>, Niter\u00f3i, v. 20, n. 41, p. 1-26, mar. 2022. Dispon\u00edvel em: <a href=\"https:\/\/periodicos.uff.br\/trabalhonecessario\/article\/view\/52255\" target=\"_blank\" rel=\"noopener noreferrer\">https:\/\/periodicos.uff.br\/trabalhonecessario\/article\/view\/52255<\/a>.<\/p>\n<hr \/>\n<p>BRUNO, Regina. O processo de constru\u00e7\u00e3o da hegemonia do agroneg\u00f3cio no Brasil: recorr\u00eancias hist\u00f3ricas e habitus de classe. <em>Trabalho Necess\u00e1rio<\/em>, Niter\u00f3i, v. 20, n. 41, p. 1-26, mar. 2022. Dispon\u00edvel em: <a href=\"https:\/\/periodicos.uff.br\/trabalhonecessario\/article\/view\/52566\" target=\"_blank\" rel=\"noopener noreferrer\">https:\/\/periodicos.uff.br\/trabalhonecessario\/article\/view\/52566<\/a>.<\/p>\n<hr \/>\n<p>MALUF, Renato S.; ZIMMERMANN, Silvia A.; JOMALINIS, Em\u00edlia. Emerg\u00eancia e evolu\u00e7\u00e3o da Pol\u00edtica Nacional de Seguran\u00e7a Alimentar e Nutricional no Brasil (2003-2015). <em>Estudos Sociedade e Agricultura<\/em>, Rio de Janeiro, v. 29, n. 3, p. 517-544, out. 2021. Dispon\u00edvel em: <a href=\"https:\/\/revistaesa.com\/ojs\/index.php\/esa\/article\/view\/esa29-3_02_emergencia\" target=\"_blank\" rel=\"noopener noreferrer\">https:\/\/revistaesa.com\/ojs\/index.php\/esa\/article\/view\/esa29-3_02_emergencia<\/a>.<\/p>\n<hr \/>\n<p>LEITE, Sergio Pereira; SABOURIN, Eric. Introdu\u00e7\u00e3o \u00e0 se\u00e7\u00e3o tem\u00e1tica: Entre continuidades e descontinuidades das pol\u00edticas p\u00fablicas para a agricultura brasileira. <em>Estudos Sociedade e Agricultura<\/em>, Rio de Janeiro, v. 29, n. 3, p. 509-516, out. 2021. Dispon\u00edvel em: <a href=\"https:\/\/revistaesa.com\/ojs\/index.php\/esa\/article\/view\/esa29-3_01_intro-st\" target=\"_blank\" rel=\"noopener noreferrer\">https:\/\/revistaesa.com\/ojs\/index.php\/esa\/article\/view\/esa29-3_01_intro-st<\/a>.<\/p>\n<hr \/>\n<p>MAY, Peter H.; GEBARA. Maria Fernanda; PLATAIS, Gunars. Pandemics, Conservation, and Human-Nature Relations. <em>Climate Change Ecology<\/em>, 2021.\u00a0Dispon\u00edvel em: <a href=\"https:\/\/www.sciencedirect.com\/science\/article\/pii\/S2666900521000290\" target=\"_blank\" rel=\"noopener noreferrer\">https:\/\/www.sciencedirect.com\/science\/article\/pii\/S2666900521000290<\/a>.<\/p>\n<hr \/>\n<p>FURTADO, Fabrina Pontes; ANDRIOLLI, Carmen. Mulheres atingidas por megaprojetos em tempos de pandemia: conflitos e resist\u00eancias. <em>Estudos Sociedade e Agricultura<\/em>, Rio de Janeiro, v. 29, n. 1, p. 66-93, fev. 2021. Dispon\u00edvel em: <a href=\"https:\/\/revistaesa.com\/ojs\/index.php\/esa\/article\/view\/esa29-1_06_mulheres\" target=\"_blank\" rel=\"noopener noreferrer\">https:\/\/revistaesa.com\/ojs\/index.php\/esa\/article\/view\/esa29-1_06_mulheres<\/a>.<\/p>\n<hr \/>\n<p>LERRER, D\u00e9bora Franco. Revista Agroanalysis: a trajet\u00f3ria da afirma\u00e7\u00e3o do \u201cagroneg\u00f3cio\u201d e de consagra\u00e7\u00e3o de seus agentes \/ Consolidation of agribusiness: its trajectory and agents on Agroanalysis Magazine. <em>Contempor\u00e2nea<\/em>, v. 10, n. 1, 2020. Dispon\u00edvel em: <a href=\"http:\/\/www.contemporanea.ufscar.br\/index.php\/contemporanea\/article\/view\/680\/\" target=\"_blank\" rel=\"noopener noreferrer\">http:\/\/www.contemporanea.ufscar.br\/index.php\/contemporanea\/article\/view\/680\/<\/a>.<\/p>\n<hr \/>\n<p>LIMA, Eli Napole\u00e3o de. Graciliano Ramos (1892-1953): breve abordagem sobre interpreta\u00e7\u00f5es. <em>Estudos Sociedade e Agricultura<\/em>, Rio de Janeiro, v. 28, n. 3, p. 550-570, out. 2020. Dispon\u00edvel em: <a href=\"https:\/\/revistaesa.com\/ojs\/index.php\/esa\/article\/view\/esa28-3_03_graciliano\" target=\"_blank\" rel=\"noopener noreferrer\">https:\/\/revistaesa.com\/ojs\/index.php\/esa\/article\/view\/esa28-3_03_graciliano<\/a>.<\/p>\n<hr \/>\n<p>TEIXEIRA DA SILVA, Francisco Carlos. M\u00e1scara, M\u00e1scaras: Pandemia e Homossexualidade na Novil\u00edngua do Bolsonarismo. <em>Cadernos do Tempo Presente<\/em>, v. 11, n. 1, jul. 2020. Dispon\u00edvel em: <a href=\"https:\/\/seer.ufs.br\/index.php\/tempo\/article\/view\/14133\" target=\"_blank\" rel=\"noopener noreferrer\">https:\/\/seer.ufs.br\/index.php\/tempo\/article\/view\/14133<\/a>.<\/p>\n<hr \/>\n<p>MALUF, Renato S\u00e9rgio. Tempos sombrios de pandemia e fome, responsabilidades da pesquisa em soberania e seguran\u00e7a alimentar e nutricional. <em>Seguran\u00e7a Alimentar e Nutricional<\/em>, v. 27, jun. 2020. Dispon\u00edvel em: <a href=\"https:\/\/periodicos.sbu.unicamp.br\/ojs\/index.php\/san\/article\/view\/8659993\" target=\"_blank\" rel=\"noopener noreferrer\">https:\/\/periodicos.sbu.unicamp.br\/ojs\/index.php\/san\/article\/view\/8659993.<\/a><\/p>\n<hr \/>\n<p>SCHMITT, Claudia Job; PORTO, Silvio Isoppo; MONTEIRO, Denis; LOPES, Helena Rodrigues. Fortalecendo redes territoriais de agroecologia, extrativismo e produ\u00e7\u00e3o org\u00e2nica: a instrumenta\u00e7\u00e3o da a\u00e7\u00e3o p\u00fablica no Programa Ecoforte.\u00a0<em>Estudos Sociedade e Agricultura<\/em>, v. 28, n. 2, p. 312-338, jun. 2020. Dispon\u00edvel em: <a href=\"https:\/\/revistaesa.com\/ojs\/index.php\/esa\/article\/view\/esa28-2_03_fortalecendo\" target=\"_blank\" rel=\"noopener noreferrer\">https:\/\/revistaesa.com\/ojs\/index.php\/esa\/article\/view\/esa28-2_03_fortalecendo<\/a>.<\/p>\n<hr \/>\n<p>&nbsp;<\/p>\n<p>GALUCH, Mariana Vieira; MENEZES, Thereza Cristina Cardoso. Da reforma agr\u00e1ria ao agroneg\u00f3cio: notas sobre din\u00e2micas territoriais na fronteira agropecu\u00e1ria amaz\u00f4nica a partir do munic\u00edpio de Apu\u00ed (Sul do Amazonas).\u00a0<em>Estudos Sociedade e Agricultura<\/em>, v. 28, n. 2, p. 388-412, jun. 2020.. Dispon\u00edvel em: <a href=\"https:\/\/revistaesa.com\/ojs\/index.php\/esa\/article\/view\/esa28-2_06_da_reforma\" target=\"_blank\" rel=\"noopener noreferrer\">https:\/\/revistaesa.com\/ojs\/index.php\/esa\/article\/view\/esa28-2_06_da_reforma<\/a>.<\/p>\n<p>&nbsp;<\/p>\n<hr \/>\n<p>&nbsp;<\/p>\n<p>PORTILHO, F\u00e1tima. Ativismo alimentar e consumo pol\u00edtico \u2013 Duas gera\u00e7\u00f5es de ativismo alimentar no Brasil. <em>Redes \u2013 Revista do Desenvolvimento Regional<\/em>, v. 25, n. 2, mai. 2020. Dispon\u00edvel em: <a href=\"https:\/\/online.unisc.br\/seer\/index.php\/redes\/article\/view\/15088\" target=\"_blank\" rel=\"noopener noreferrer\">https:\/\/online.unisc.br\/seer\/index.php\/redes\/article\/view\/15088<\/a>.<\/p>\n<p>&nbsp;<\/p>\n<hr \/>\n<p>&nbsp;<\/p>\n<p>MALUF, Renato S\u00e9rgio. Alimenta\u00e7\u00e3o e fome: agir na emerg\u00eancia e construir outro pa\u00eds.\u00a0 <em>Funda\u00e7\u00e3o Friedrich Ebert<\/em>, abr. 2020. Dispon\u00edvel em: <a href=\"https:\/\/www.fes-brasil.org\/detalhe\/alimentacao-e-fome-agir-na-emergencia-e-construir-outro-pais\/\" target=\"_blank\" rel=\"noopener noreferrer\">https:\/\/www.fes-brasil.org\/detalhe\/alimentacao-e-fome-agir-na-emergencia-e-construir-outro-pais\/<\/a>.<\/p>\n<p>&nbsp;<\/p>\n<hr \/>\n<p>&nbsp;<\/p>\n<p>MALUF, Renato S\u00e9rgio; ZIMMERMANN, Silvia Aparecida. Antigos e novos h\u00e1bitos na alimenta\u00e7\u00e3o de fam\u00edlias agr\u00edcolas de Chapec\u00f3 e regi\u00e3o.\u00a0<em>Estudos Sociedade e Agricultura<\/em>, v. 28, n. 1, p. 48-77, fev. 2020. Dispon\u00edvel em: <a href=\"https:\/\/revistaesa.com\/ojs\/index.php\/esa\/article\/view\/esa28-1_03_antigos_e_novos\" target=\"_blank\" rel=\"noopener noreferrer\">https:\/\/revistaesa.com\/ojs\/index.php\/esa\/article\/view\/esa28-1_03_antigos_e_novos<\/a>.<\/p>\n<p>&nbsp;<\/p>\n<hr \/>\n<p>&nbsp;<\/p>\n<p>LEITE, Sergio Pereira. Ruralidades, enfoque territorial e pol\u00edticas p\u00fablicas diferenciadas para o desenvolvimento rural brasileiro: uma agenda perdida?\u00a0<em>Estudos Sociedade e Agricultura<\/em>, v. 28, n. 1, p. 227-254, fev. 2020. Dispon\u00edvel em: <a href=\"https:\/\/revistaesa.com\/ojs\/index.php\/esa\/article\/view\/esa28-1_10_ruralidades\" target=\"_blank\" rel=\"noopener noreferrer\">https:\/\/revistaesa.com\/ojs\/index.php\/esa\/article\/view\/esa28-1_10_ruralidades<\/a>.<\/p>\n<p>&nbsp;<\/p>\n<hr \/>\n<p>&nbsp;<\/p>\n<p>TANAKA, Jennifer e PORTILHO, F\u00e1tima. Ambiguidades da politiza\u00e7\u00e3o do consumo: O caso do Movimento dos Pequenos Agricultores (MPA) na cidade do Rio de Janeiro. <em>Revista Ra\u00edzes<\/em>. Revista de Ci\u00eancias Sociais e Economia. Campina Grande, v. 39, n. 2, jul.\/dez. 2019, p. 344-358. Dispon\u00edvel em: <a href=\"http:\/\/raizes.revistas.ufcg.edu.br\/index.php\/raizes\/issue\/view\/15\">http:\/\/raizes.revistas.ufcg.edu.br\/index.php\/raizes\/issue\/view\/15<\/a><\/p>\n<p>&nbsp;<\/p>\n<hr \/>\n<p>&nbsp;<\/p>\n<p>BARBOSA, L\u00edvia Barbosa; FRAN\u00c7A, Isadora Lins; GALINDO, Fl\u00e1via; CORR\u00caA, S\u00edlvia Borges; PORTILHO, F\u00e1tima. Editorial sobre consumo e g\u00eanero. <em>Consumer Behavior Review<\/em>, v. 3,\u00a0 jul. 2019. Dispon\u00edvel em: <a href=\"https:\/\/periodicos.ufpe.br\/revistas\/cbr\/article\/view\/242763\" target=\"_blank\" rel=\"noopener noreferrer\">https:\/\/periodicos.ufpe.br\/revistas\/cbr\/article\/view\/242763<\/a>.<\/p>\n<p>&nbsp;<\/p>\n<hr \/>\n<p>&nbsp;<\/p>\n<p>LOPES, Helena Rodrigues; SCHMITT, Claudia Job; VASCONCELOS, Jos\u00e9 Maria. Ordens, pr\u00e1ticas e fluxos na constitui\u00e7\u00e3o das sementes crioulas: apontamentos a partir do tecido mundo da Rede de Interc\u00e2mbio de Sementes (RIS) na regi\u00e3o de Sobral \u2013 CE. <em>Desenvolvimento Regional Interdisciplinar<\/em>, v. 2, n. 1, mai. 2019. Dispon\u00edvel em: <a href=\"https:\/\/seer.ufrgs.br\/revpgdr\/article\/view\/92856\">https:\/\/seer.ufrgs.br\/revpgdr\/article\/view\/92856<\/a>.<\/p>\n<p>&nbsp;<\/p>\n<hr \/>\n<p>&nbsp;<\/p>\n<p>FERREIRA, Andrey Cordeiro. As Sociedades \u201ccontra\u201d e \u201cno\u201d Estado \u2013 de Exiwa \u00e0s Retomadas: Territ\u00f3rio, autonomia e hierarquia na hist\u00f3ria dos povos ind\u00edgenas do Chaco-Pantanal. <em>Vibrant<\/em>, v. 15, n. 2, ago. 2018. Dispon\u00edvel em: <a href=\"http:\/\/vibrant.org.br\/downloads\/v15n2\/vb15n2a09.pdf\" target=\"_blank\" rel=\"noopener noreferrer\">http:\/\/vibrant.org.br\/downloads\/v15n2\/vb15n2a09.pdf<\/a>.<\/p>\n<p>&nbsp;<\/p>\n<hr \/>\n<p>&nbsp;<\/p>\n","protected":false},"excerpt":{"rendered":"<p>ARIZTIA, T., Sahakian, M., Ak\u00e7ao\u011flu, A., Barbosa, L., Dahlgren, K., Katz-Gerro, T., Liu, C., Luzzi, M., Marambio-Tapia, A., Mathur, N., <a class=\"read-more\" href=\"https:\/\/institucional.ufrrj.br\/portalcpda\/artigos-docentes-cpda\/ \" >&#8230; <span class=\"font-italic\">leia mais <i class=\"fas fa-angle-right\"><\/i><\/span><\/a><\/p>\n","protected":false},"author":715,"featured_media":0,"parent":0,"menu_order":0,"comment_status":"closed","ping_status":"closed","template":"","meta":{"_acf_changed":false,"footnotes":""},"class_list":["post-19536","page","type-page","status-publish","hentry"],"yoast_head":"<!-- This site is optimized with the Yoast SEO plugin v27.2 - https:\/\/yoast.com\/product\/yoast-seo-wordpress\/ -->\n<title>Artigos Acad\u00eamicos de Docentes do CPDA - CPDA<\/title>\n<meta name=\"robots\" content=\"index, follow, max-snippet:-1, max-image-preview:large, max-video-preview:-1\" \/>\n<link rel=\"canonical\" href=\"https:\/\/institucional.ufrrj.br\/portalcpda\/artigos-docentes-cpda\/\" \/>\n<meta property=\"og:locale\" content=\"pt_BR\" \/>\n<meta property=\"og:type\" content=\"article\" \/>\n<meta property=\"og:title\" content=\"Artigos Acad\u00eamicos de Docentes do CPDA - CPDA\" \/>\n<meta property=\"og:description\" content=\"ARIZTIA, T., Sahakian, M., Ak\u00e7ao\u011flu, A., Barbosa, L., Dahlgren, K., Katz-Gerro, T., Liu, C., Luzzi, M., Marambio-Tapia, A., Mathur, N., ... leia mais\" \/>\n<meta property=\"og:url\" content=\"https:\/\/institucional.ufrrj.br\/portalcpda\/artigos-docentes-cpda\/\" \/>\n<meta property=\"og:site_name\" content=\"CPDA\" \/>\n<meta property=\"article:modified_time\" content=\"2026-01-30T16:24:11+00:00\" \/>\n<meta name=\"twitter:card\" content=\"summary_large_image\" \/>\n<meta name=\"twitter:label1\" content=\"Est. tempo de leitura\" \/>\n\t<meta name=\"twitter:data1\" content=\"6 minutos\" \/>\n<script type=\"application\/ld+json\" class=\"yoast-schema-graph\">{\"@context\":\"https:\/\/schema.org\",\"@graph\":[{\"@type\":\"WebPage\",\"@id\":\"https:\/\/institucional.ufrrj.br\/portalcpda\/artigos-docentes-cpda\/\",\"url\":\"https:\/\/institucional.ufrrj.br\/portalcpda\/artigos-docentes-cpda\/\",\"name\":\"Artigos Acad\u00eamicos de Docentes do CPDA - CPDA\",\"isPartOf\":{\"@id\":\"https:\/\/institucional.ufrrj.br\/portalcpda\/#website\"},\"datePublished\":\"2020-06-10T21:56:42+00:00\",\"dateModified\":\"2026-01-30T16:24:11+00:00\",\"breadcrumb\":{\"@id\":\"https:\/\/institucional.ufrrj.br\/portalcpda\/artigos-docentes-cpda\/#breadcrumb\"},\"inLanguage\":\"pt-BR\",\"potentialAction\":[{\"@type\":\"ReadAction\",\"target\":[\"https:\/\/institucional.ufrrj.br\/portalcpda\/artigos-docentes-cpda\/\"]}]},{\"@type\":\"BreadcrumbList\",\"@id\":\"https:\/\/institucional.ufrrj.br\/portalcpda\/artigos-docentes-cpda\/#breadcrumb\",\"itemListElement\":[{\"@type\":\"ListItem\",\"position\":1,\"name\":\"In\u00edcio\",\"item\":\"https:\/\/institucional.ufrrj.br\/portalcpda\/\"},{\"@type\":\"ListItem\",\"position\":2,\"name\":\"Artigos Acad\u00eamicos de Docentes do CPDA\"}]},{\"@type\":\"WebSite\",\"@id\":\"https:\/\/institucional.ufrrj.br\/portalcpda\/#website\",\"url\":\"https:\/\/institucional.ufrrj.br\/portalcpda\/\",\"name\":\"CPDA\",\"description\":\"institucional.ufrrj.br\",\"potentialAction\":[{\"@type\":\"SearchAction\",\"target\":{\"@type\":\"EntryPoint\",\"urlTemplate\":\"https:\/\/institucional.ufrrj.br\/portalcpda\/?s={search_term_string}\"},\"query-input\":{\"@type\":\"PropertyValueSpecification\",\"valueRequired\":true,\"valueName\":\"search_term_string\"}}],\"inLanguage\":\"pt-BR\"}]}<\/script>\n<!-- \/ Yoast SEO plugin. -->","yoast_head_json":{"title":"Artigos Acad\u00eamicos de Docentes do CPDA - CPDA","robots":{"index":"index","follow":"follow","max-snippet":"max-snippet:-1","max-image-preview":"max-image-preview:large","max-video-preview":"max-video-preview:-1"},"canonical":"https:\/\/institucional.ufrrj.br\/portalcpda\/artigos-docentes-cpda\/","og_locale":"pt_BR","og_type":"article","og_title":"Artigos Acad\u00eamicos de Docentes do CPDA - CPDA","og_description":"ARIZTIA, T., Sahakian, M., Ak\u00e7ao\u011flu, A., Barbosa, L., Dahlgren, K., Katz-Gerro, T., Liu, C., Luzzi, M., Marambio-Tapia, A., Mathur, N., ... leia mais","og_url":"https:\/\/institucional.ufrrj.br\/portalcpda\/artigos-docentes-cpda\/","og_site_name":"CPDA","article_modified_time":"2026-01-30T16:24:11+00:00","twitter_card":"summary_large_image","twitter_misc":{"Est. tempo de leitura":"6 minutos"},"schema":{"@context":"https:\/\/schema.org","@graph":[{"@type":"WebPage","@id":"https:\/\/institucional.ufrrj.br\/portalcpda\/artigos-docentes-cpda\/","url":"https:\/\/institucional.ufrrj.br\/portalcpda\/artigos-docentes-cpda\/","name":"Artigos Acad\u00eamicos de Docentes do CPDA - CPDA","isPartOf":{"@id":"https:\/\/institucional.ufrrj.br\/portalcpda\/#website"},"datePublished":"2020-06-10T21:56:42+00:00","dateModified":"2026-01-30T16:24:11+00:00","breadcrumb":{"@id":"https:\/\/institucional.ufrrj.br\/portalcpda\/artigos-docentes-cpda\/#breadcrumb"},"inLanguage":"pt-BR","potentialAction":[{"@type":"ReadAction","target":["https:\/\/institucional.ufrrj.br\/portalcpda\/artigos-docentes-cpda\/"]}]},{"@type":"BreadcrumbList","@id":"https:\/\/institucional.ufrrj.br\/portalcpda\/artigos-docentes-cpda\/#breadcrumb","itemListElement":[{"@type":"ListItem","position":1,"name":"In\u00edcio","item":"https:\/\/institucional.ufrrj.br\/portalcpda\/"},{"@type":"ListItem","position":2,"name":"Artigos Acad\u00eamicos de Docentes do CPDA"}]},{"@type":"WebSite","@id":"https:\/\/institucional.ufrrj.br\/portalcpda\/#website","url":"https:\/\/institucional.ufrrj.br\/portalcpda\/","name":"CPDA","description":"institucional.ufrrj.br","potentialAction":[{"@type":"SearchAction","target":{"@type":"EntryPoint","urlTemplate":"https:\/\/institucional.ufrrj.br\/portalcpda\/?s={search_term_string}"},"query-input":{"@type":"PropertyValueSpecification","valueRequired":true,"valueName":"search_term_string"}}],"inLanguage":"pt-BR"}]}},"acf":[],"_links":{"self":[{"href":"https:\/\/institucional.ufrrj.br\/portalcpda\/wp-json\/wp\/v2\/pages\/19536","targetHints":{"allow":["GET"]}}],"collection":[{"href":"https:\/\/institucional.ufrrj.br\/portalcpda\/wp-json\/wp\/v2\/pages"}],"about":[{"href":"https:\/\/institucional.ufrrj.br\/portalcpda\/wp-json\/wp\/v2\/types\/page"}],"author":[{"embeddable":true,"href":"https:\/\/institucional.ufrrj.br\/portalcpda\/wp-json\/wp\/v2\/users\/715"}],"replies":[{"embeddable":true,"href":"https:\/\/institucional.ufrrj.br\/portalcpda\/wp-json\/wp\/v2\/comments?post=19536"}],"version-history":[{"count":3,"href":"https:\/\/institucional.ufrrj.br\/portalcpda\/wp-json\/wp\/v2\/pages\/19536\/revisions"}],"predecessor-version":[{"id":27508,"href":"https:\/\/institucional.ufrrj.br\/portalcpda\/wp-json\/wp\/v2\/pages\/19536\/revisions\/27508"}],"wp:attachment":[{"href":"https:\/\/institucional.ufrrj.br\/portalcpda\/wp-json\/wp\/v2\/media?parent=19536"}],"curies":[{"name":"wp","href":"https:\/\/api.w.org\/{rel}","templated":true}]}}