{"id":194,"date":"2011-07-05T19:31:51","date_gmt":"2011-07-05T19:31:51","guid":{"rendered":"http:\/\/r1.ufrrj.br\/cpda\/?page_id=194"},"modified":"2018-06-29T16:15:51","modified_gmt":"2018-06-29T19:15:51","slug":"topico-especial-em-natureza-ciencia-e-saberes","status":"publish","type":"page","link":"https:\/\/institucional.ufrrj.br\/portalcpda\/topico-especial-em-natureza-ciencia-e-saberes\/","title":{"rendered":"T\u00f3picos Especiais em Natureza, Ci\u00eancia e Saberes"},"content":{"rendered":"<p>IH 1543<br \/>\nDisciplina Espec\u00edfica da Linha de Pesquisa Natureza, Ci\u00eancia e Saberes<br \/>\nN\u00famero de cr\u00e9ditos: 3<br \/>\nCarga hor\u00e1ria: 4 horas aulas semanais (2 te\u00f3ricas e 2 pr\u00e1ticas)<br \/>\nProfessor respons\u00e1vel: Claudia Job Schmitt<\/p>\n<p><strong>Objetivo<\/strong><\/p>\n<p>\u25aa Examinar diferentes abordagens acerca das rela\u00e7\u00f5es que se estabelecem entre ci\u00eancia, tecnologia, natureza e sociedade e suas contribui\u00e7\u00f5es espec\u00edficas na an\u00e1lise dos processos de mudan\u00e7a sociot\u00e9cnica na agricultura, analisando, de forma cr\u00edtica, suas bases conceituais e seus desdobramentos na pesquisa emp\u00edrica.<br \/>\n\u25aa Analisar, sob uma perspectiva hist\u00f3rica, os processos de mudan\u00e7a tecnol\u00f3gica na agricultura ocorridos a partir da segunda metade do s\u00e9culo XX, em sua interface com as pol\u00edticas relacionadas \u00e0 agricultura e ao desenvolvimento rural.<br \/>\n\u25aa Discutir as possibilidades de transforma\u00e7\u00e3o do regime sociot\u00e9cnico hoje dominante na agricultura e a emerg\u00eancia de configura\u00e7\u00f5es e trajet\u00f3rias alternativas, inspiradas por valores e princ\u00edpios que buscam romper com o produtivismo, a exemplo da agroecologia. <\/p>\n<p><strong>Ementa<\/strong><\/p>\n<p>A disciplina tem como objetivo explorar, sob a \u00f3tica das ci\u00eancias sociais, as m\u00faltiplas interfaces que se estabelecem entre ci\u00eancia, tecnologia, saberes e modos de vida relacionados \u00e0 agricultura partir da segunda metade do s\u00e9culo XX. S\u00e3o acionadas, com esse objetivo, diferentes abordagens que buscam analisar a ci\u00eancia, a tecnologia e os processos de mudan\u00e7a tecnol\u00f3gica na agricultura, considerando suas rela\u00e7\u00f5es com atores sociais, pol\u00edticas p\u00fablicas e institui\u00e7\u00f5es. Especial aten\u00e7\u00e3o ser\u00e1 dada \u00e0 natureza multiescalar dos processos de transi\u00e7\u00e3o sociot\u00e9cnica na agricultura e aos desafios envolvidos na reconfigura\u00e7\u00e3o do atual sistema agroalimentar com base em princ\u00edpios de sustentabilidade, na contemporaneidade.<\/p>\n<p><strong>Bibliografia <\/strong><\/p>\n<p>ACOT, Pascal. Hist\u00f3ria da ecologia. Rio de Janeiro: Campus,           1990. BR\u00dcSEKE, Frans Josef. \u201cA cr\u00edtica da t\u00e9cnica           moderna\u201d. In: Estudos sociedade e agricultura. N. 10; 5-56; abril,           1998<br \/>\nLEIS, H\u00e9ctor Ricardo. A modernidade insustent\u00e1vel. As           cr\u00edticas do ambientalismo \u00e0 sociedade contempor\u00e2nea. For most schemes, competition is very tough, <a href=\"https:\/\/essayclick.net\">essay online<\/a> so you should apply early as you can to maximize your chances. Petropolis: Vozes; Santa Catarina: UFSC, 1999. LENOBLE, Robert. Hist\u00f3ria da ideia de natureza. Edi\u00e7\u00f5es           70, 1990. LEFF, Enrique. Saber ambiental. Petr\u00f3polis: Vozes, 2001<br \/>\nSILVA-S\u00c4NCHEZ, Solange S. Cidadania ambiental: novos direitos           no Brasil. S\u00e3o Paulo: Humanitas\/FFLCH\/USP, 2000. ALIER, Joan Mart\u00ednez. De la economia ecologica al ecologismo         popular. Montevideo: Nordan-Comunidad, 1995.<\/p>\n","protected":false},"excerpt":{"rendered":"<p>IH 1543 Disciplina Espec\u00edfica da Linha de Pesquisa Natureza, Ci\u00eancia e Saberes N\u00famero de cr\u00e9ditos: 3 Carga hor\u00e1ria: 4 horas <a class=\"read-more\" href=\"https:\/\/institucional.ufrrj.br\/portalcpda\/topico-especial-em-natureza-ciencia-e-saberes\/ \" >&#8230; <span class=\"font-italic\">leia mais <i class=\"fas fa-angle-right\"><\/i><\/span><\/a><\/p>\n","protected":false},"author":634,"featured_media":0,"parent":0,"menu_order":0,"comment_status":"open","ping_status":"open","template":"","meta":{"_acf_changed":false,"footnotes":""},"class_list":["post-194","page","type-page","status-publish","hentry"],"yoast_head":"<!-- This site is optimized with the Yoast SEO plugin v27.2 - https:\/\/yoast.com\/product\/yoast-seo-wordpress\/ -->\n<title>T\u00f3picos Especiais em Natureza, Ci\u00eancia e Saberes - CPDA<\/title>\n<meta name=\"robots\" content=\"index, follow, max-snippet:-1, max-image-preview:large, max-video-preview:-1\" \/>\n<link rel=\"canonical\" href=\"https:\/\/institucional.ufrrj.br\/portalcpda\/topico-especial-em-natureza-ciencia-e-saberes\/\" \/>\n<meta property=\"og:locale\" content=\"pt_BR\" \/>\n<meta property=\"og:type\" content=\"article\" \/>\n<meta property=\"og:title\" content=\"T\u00f3picos Especiais em Natureza, Ci\u00eancia e Saberes - CPDA\" \/>\n<meta property=\"og:description\" content=\"IH 1543 Disciplina Espec\u00edfica da Linha de Pesquisa Natureza, Ci\u00eancia e Saberes N\u00famero de cr\u00e9ditos: 3 Carga hor\u00e1ria: 4 horas ... leia mais\" \/>\n<meta property=\"og:url\" content=\"https:\/\/institucional.ufrrj.br\/portalcpda\/topico-especial-em-natureza-ciencia-e-saberes\/\" \/>\n<meta property=\"og:site_name\" content=\"CPDA\" \/>\n<meta property=\"article:modified_time\" content=\"2018-06-29T19:15:51+00:00\" \/>\n<meta name=\"twitter:card\" content=\"summary_large_image\" \/>\n<meta name=\"twitter:label1\" content=\"Est. tempo de leitura\" \/>\n\t<meta name=\"twitter:data1\" content=\"2 minutos\" \/>\n<script type=\"application\/ld+json\" class=\"yoast-schema-graph\">{\"@context\":\"https:\/\/schema.org\",\"@graph\":[{\"@type\":\"WebPage\",\"@id\":\"https:\/\/institucional.ufrrj.br\/portalcpda\/topico-especial-em-natureza-ciencia-e-saberes\/\",\"url\":\"https:\/\/institucional.ufrrj.br\/portalcpda\/topico-especial-em-natureza-ciencia-e-saberes\/\",\"name\":\"T\u00f3picos Especiais em Natureza, Ci\u00eancia e Saberes - CPDA\",\"isPartOf\":{\"@id\":\"https:\/\/institucional.ufrrj.br\/portalcpda\/#website\"},\"datePublished\":\"2011-07-05T19:31:51+00:00\",\"dateModified\":\"2018-06-29T19:15:51+00:00\",\"breadcrumb\":{\"@id\":\"https:\/\/institucional.ufrrj.br\/portalcpda\/topico-especial-em-natureza-ciencia-e-saberes\/#breadcrumb\"},\"inLanguage\":\"pt-BR\",\"potentialAction\":[{\"@type\":\"ReadAction\",\"target\":[\"https:\/\/institucional.ufrrj.br\/portalcpda\/topico-especial-em-natureza-ciencia-e-saberes\/\"]}]},{\"@type\":\"BreadcrumbList\",\"@id\":\"https:\/\/institucional.ufrrj.br\/portalcpda\/topico-especial-em-natureza-ciencia-e-saberes\/#breadcrumb\",\"itemListElement\":[{\"@type\":\"ListItem\",\"position\":1,\"name\":\"In\u00edcio\",\"item\":\"https:\/\/institucional.ufrrj.br\/portalcpda\/\"},{\"@type\":\"ListItem\",\"position\":2,\"name\":\"T\u00f3picos Especiais em Natureza, Ci\u00eancia e Saberes\"}]},{\"@type\":\"WebSite\",\"@id\":\"https:\/\/institucional.ufrrj.br\/portalcpda\/#website\",\"url\":\"https:\/\/institucional.ufrrj.br\/portalcpda\/\",\"name\":\"CPDA\",\"description\":\"institucional.ufrrj.br\",\"potentialAction\":[{\"@type\":\"SearchAction\",\"target\":{\"@type\":\"EntryPoint\",\"urlTemplate\":\"https:\/\/institucional.ufrrj.br\/portalcpda\/?s={search_term_string}\"},\"query-input\":{\"@type\":\"PropertyValueSpecification\",\"valueRequired\":true,\"valueName\":\"search_term_string\"}}],\"inLanguage\":\"pt-BR\"}]}<\/script>\n<!-- \/ Yoast SEO plugin. -->","yoast_head_json":{"title":"T\u00f3picos Especiais em Natureza, Ci\u00eancia e Saberes - CPDA","robots":{"index":"index","follow":"follow","max-snippet":"max-snippet:-1","max-image-preview":"max-image-preview:large","max-video-preview":"max-video-preview:-1"},"canonical":"https:\/\/institucional.ufrrj.br\/portalcpda\/topico-especial-em-natureza-ciencia-e-saberes\/","og_locale":"pt_BR","og_type":"article","og_title":"T\u00f3picos Especiais em Natureza, Ci\u00eancia e Saberes - CPDA","og_description":"IH 1543 Disciplina Espec\u00edfica da Linha de Pesquisa Natureza, Ci\u00eancia e Saberes N\u00famero de cr\u00e9ditos: 3 Carga hor\u00e1ria: 4 horas ... leia mais","og_url":"https:\/\/institucional.ufrrj.br\/portalcpda\/topico-especial-em-natureza-ciencia-e-saberes\/","og_site_name":"CPDA","article_modified_time":"2018-06-29T19:15:51+00:00","twitter_card":"summary_large_image","twitter_misc":{"Est. tempo de leitura":"2 minutos"},"schema":{"@context":"https:\/\/schema.org","@graph":[{"@type":"WebPage","@id":"https:\/\/institucional.ufrrj.br\/portalcpda\/topico-especial-em-natureza-ciencia-e-saberes\/","url":"https:\/\/institucional.ufrrj.br\/portalcpda\/topico-especial-em-natureza-ciencia-e-saberes\/","name":"T\u00f3picos Especiais em Natureza, Ci\u00eancia e Saberes - CPDA","isPartOf":{"@id":"https:\/\/institucional.ufrrj.br\/portalcpda\/#website"},"datePublished":"2011-07-05T19:31:51+00:00","dateModified":"2018-06-29T19:15:51+00:00","breadcrumb":{"@id":"https:\/\/institucional.ufrrj.br\/portalcpda\/topico-especial-em-natureza-ciencia-e-saberes\/#breadcrumb"},"inLanguage":"pt-BR","potentialAction":[{"@type":"ReadAction","target":["https:\/\/institucional.ufrrj.br\/portalcpda\/topico-especial-em-natureza-ciencia-e-saberes\/"]}]},{"@type":"BreadcrumbList","@id":"https:\/\/institucional.ufrrj.br\/portalcpda\/topico-especial-em-natureza-ciencia-e-saberes\/#breadcrumb","itemListElement":[{"@type":"ListItem","position":1,"name":"In\u00edcio","item":"https:\/\/institucional.ufrrj.br\/portalcpda\/"},{"@type":"ListItem","position":2,"name":"T\u00f3picos Especiais em Natureza, Ci\u00eancia e Saberes"}]},{"@type":"WebSite","@id":"https:\/\/institucional.ufrrj.br\/portalcpda\/#website","url":"https:\/\/institucional.ufrrj.br\/portalcpda\/","name":"CPDA","description":"institucional.ufrrj.br","potentialAction":[{"@type":"SearchAction","target":{"@type":"EntryPoint","urlTemplate":"https:\/\/institucional.ufrrj.br\/portalcpda\/?s={search_term_string}"},"query-input":{"@type":"PropertyValueSpecification","valueRequired":true,"valueName":"search_term_string"}}],"inLanguage":"pt-BR"}]}},"acf":[],"_links":{"self":[{"href":"https:\/\/institucional.ufrrj.br\/portalcpda\/wp-json\/wp\/v2\/pages\/194","targetHints":{"allow":["GET"]}}],"collection":[{"href":"https:\/\/institucional.ufrrj.br\/portalcpda\/wp-json\/wp\/v2\/pages"}],"about":[{"href":"https:\/\/institucional.ufrrj.br\/portalcpda\/wp-json\/wp\/v2\/types\/page"}],"author":[{"embeddable":true,"href":"https:\/\/institucional.ufrrj.br\/portalcpda\/wp-json\/wp\/v2\/users\/634"}],"replies":[{"embeddable":true,"href":"https:\/\/institucional.ufrrj.br\/portalcpda\/wp-json\/wp\/v2\/comments?post=194"}],"version-history":[{"count":1,"href":"https:\/\/institucional.ufrrj.br\/portalcpda\/wp-json\/wp\/v2\/pages\/194\/revisions"}],"predecessor-version":[{"id":14465,"href":"https:\/\/institucional.ufrrj.br\/portalcpda\/wp-json\/wp\/v2\/pages\/194\/revisions\/14465"}],"wp:attachment":[{"href":"https:\/\/institucional.ufrrj.br\/portalcpda\/wp-json\/wp\/v2\/media?parent=194"}],"curies":[{"name":"wp","href":"https:\/\/api.w.org\/{rel}","templated":true}]}}