{"id":192,"date":"2011-07-05T19:31:12","date_gmt":"2011-07-05T19:31:12","guid":{"rendered":"http:\/\/r1.ufrrj.br\/cpda\/?page_id=192"},"modified":"2018-06-29T16:13:55","modified_gmt":"2018-06-29T19:13:55","slug":"historia-agroambiental-comparada","status":"publish","type":"page","link":"https:\/\/institucional.ufrrj.br\/portalcpda\/historia-agroambiental-comparada\/","title":{"rendered":"Hist\u00f3ria agroambiental comparada"},"content":{"rendered":"<p>IH 1564<\/p>\n<p>Disciplina espec\u00edfica da linha natureza, ci\u00eancia e saberes<br \/>\nN\u00famero de cr\u00e9ditos: 3<br \/>\nHoras aula: 4 (2 te\u00f3ricas e 2 pr\u00e1ticas)<\/p>\n<p><strong>Objetivos <\/strong><\/p>\n<p>Desenvolver nos participantes uma sensibilidade hist\u00f3rica para a compreens\u00e3o dos problemas ambientais latino-americanos; estabelecer padr\u00f5es anal\u00edticos que permitam construir um entendimento comparativo dos principais problemas ambientais latino-americanos; demonstrar a relev\u00e2ncia da aplica\u00e7\u00e3o do instrumental te\u00f3rico da hist\u00f3ria ecol\u00f3gica no embasamento de pol\u00edticas integradas que promovam a sustentabilidade e o desenvolvimento humano na Am\u00e9rica Latina.<\/p>\n<p><strong>Ementa <\/strong><\/p>\n<p>O curso pretende utilizar o instrumental te\u00f3rico da hist\u00f3ria ambiental na an\u00e1lise das transforma\u00e7\u00f5es do espa\u00e7o agr\u00e1rio latino-americano, de forma a estabelecer padr\u00f5es para um entendimento comparativo.<\/p>\n<p><strong>Bibliografia<\/strong><\/p>\n<p>DEAN, Warren, \u00c0 ferro e fogo: a hist\u00f3ria e a devasta\u00e7\u00e3o da Mata Atl\u00e2ntica. S\u00e3o Paulo: Companhia das Letras.1996.<br \/>\nCROSBY, Alfred. Imperialismo ecol\u00f3gico: a expans\u00e3o biol\u00f3gica da Europa, S\u00e3o Paulo: Companhia das Letras.1994.<br \/>\nP\u00c1DUA, Jos\u00e9 Augusto. Um sopro de destrui\u00e7\u00e3o. Rio de Janeiro: Jorge Zahar Editores, 2002.<\/p>\n","protected":false},"excerpt":{"rendered":"<p>IH 1564 Disciplina espec\u00edfica da linha natureza, ci\u00eancia e saberes N\u00famero de cr\u00e9ditos: 3 Horas aula: 4 (2 te\u00f3ricas e <a class=\"read-more\" href=\"https:\/\/institucional.ufrrj.br\/portalcpda\/historia-agroambiental-comparada\/ \" >&#8230; <span class=\"font-italic\">leia mais <i class=\"fas fa-angle-right\"><\/i><\/span><\/a><\/p>\n","protected":false},"author":634,"featured_media":0,"parent":0,"menu_order":0,"comment_status":"open","ping_status":"open","template":"","meta":{"_acf_changed":false,"footnotes":""},"class_list":["post-192","page","type-page","status-publish","hentry"],"yoast_head":"<!-- This site is optimized with the Yoast SEO plugin v27.2 - https:\/\/yoast.com\/product\/yoast-seo-wordpress\/ -->\n<title>Hist\u00f3ria agroambiental comparada - CPDA<\/title>\n<meta name=\"robots\" content=\"index, follow, max-snippet:-1, max-image-preview:large, max-video-preview:-1\" \/>\n<link rel=\"canonical\" href=\"https:\/\/institucional.ufrrj.br\/portalcpda\/historia-agroambiental-comparada\/\" \/>\n<meta property=\"og:locale\" content=\"pt_BR\" \/>\n<meta property=\"og:type\" content=\"article\" \/>\n<meta property=\"og:title\" content=\"Hist\u00f3ria agroambiental comparada - CPDA\" \/>\n<meta property=\"og:description\" content=\"IH 1564 Disciplina espec\u00edfica da linha natureza, ci\u00eancia e saberes N\u00famero de cr\u00e9ditos: 3 Horas aula: 4 (2 te\u00f3ricas e ... leia mais\" \/>\n<meta property=\"og:url\" content=\"https:\/\/institucional.ufrrj.br\/portalcpda\/historia-agroambiental-comparada\/\" \/>\n<meta property=\"og:site_name\" content=\"CPDA\" \/>\n<meta property=\"article:modified_time\" content=\"2018-06-29T19:13:55+00:00\" \/>\n<meta name=\"twitter:card\" content=\"summary_large_image\" \/>\n<meta name=\"twitter:label1\" content=\"Est. tempo de leitura\" \/>\n\t<meta name=\"twitter:data1\" content=\"1 minuto\" \/>\n<script type=\"application\/ld+json\" class=\"yoast-schema-graph\">{\"@context\":\"https:\/\/schema.org\",\"@graph\":[{\"@type\":\"WebPage\",\"@id\":\"https:\/\/institucional.ufrrj.br\/portalcpda\/historia-agroambiental-comparada\/\",\"url\":\"https:\/\/institucional.ufrrj.br\/portalcpda\/historia-agroambiental-comparada\/\",\"name\":\"Hist\u00f3ria agroambiental comparada - CPDA\",\"isPartOf\":{\"@id\":\"https:\/\/institucional.ufrrj.br\/portalcpda\/#website\"},\"datePublished\":\"2011-07-05T19:31:12+00:00\",\"dateModified\":\"2018-06-29T19:13:55+00:00\",\"breadcrumb\":{\"@id\":\"https:\/\/institucional.ufrrj.br\/portalcpda\/historia-agroambiental-comparada\/#breadcrumb\"},\"inLanguage\":\"pt-BR\",\"potentialAction\":[{\"@type\":\"ReadAction\",\"target\":[\"https:\/\/institucional.ufrrj.br\/portalcpda\/historia-agroambiental-comparada\/\"]}]},{\"@type\":\"BreadcrumbList\",\"@id\":\"https:\/\/institucional.ufrrj.br\/portalcpda\/historia-agroambiental-comparada\/#breadcrumb\",\"itemListElement\":[{\"@type\":\"ListItem\",\"position\":1,\"name\":\"In\u00edcio\",\"item\":\"https:\/\/institucional.ufrrj.br\/portalcpda\/\"},{\"@type\":\"ListItem\",\"position\":2,\"name\":\"Hist\u00f3ria agroambiental comparada\"}]},{\"@type\":\"WebSite\",\"@id\":\"https:\/\/institucional.ufrrj.br\/portalcpda\/#website\",\"url\":\"https:\/\/institucional.ufrrj.br\/portalcpda\/\",\"name\":\"CPDA\",\"description\":\"institucional.ufrrj.br\",\"potentialAction\":[{\"@type\":\"SearchAction\",\"target\":{\"@type\":\"EntryPoint\",\"urlTemplate\":\"https:\/\/institucional.ufrrj.br\/portalcpda\/?s={search_term_string}\"},\"query-input\":{\"@type\":\"PropertyValueSpecification\",\"valueRequired\":true,\"valueName\":\"search_term_string\"}}],\"inLanguage\":\"pt-BR\"}]}<\/script>\n<!-- \/ Yoast SEO plugin. -->","yoast_head_json":{"title":"Hist\u00f3ria agroambiental comparada - CPDA","robots":{"index":"index","follow":"follow","max-snippet":"max-snippet:-1","max-image-preview":"max-image-preview:large","max-video-preview":"max-video-preview:-1"},"canonical":"https:\/\/institucional.ufrrj.br\/portalcpda\/historia-agroambiental-comparada\/","og_locale":"pt_BR","og_type":"article","og_title":"Hist\u00f3ria agroambiental comparada - CPDA","og_description":"IH 1564 Disciplina espec\u00edfica da linha natureza, ci\u00eancia e saberes N\u00famero de cr\u00e9ditos: 3 Horas aula: 4 (2 te\u00f3ricas e ... leia mais","og_url":"https:\/\/institucional.ufrrj.br\/portalcpda\/historia-agroambiental-comparada\/","og_site_name":"CPDA","article_modified_time":"2018-06-29T19:13:55+00:00","twitter_card":"summary_large_image","twitter_misc":{"Est. tempo de leitura":"1 minuto"},"schema":{"@context":"https:\/\/schema.org","@graph":[{"@type":"WebPage","@id":"https:\/\/institucional.ufrrj.br\/portalcpda\/historia-agroambiental-comparada\/","url":"https:\/\/institucional.ufrrj.br\/portalcpda\/historia-agroambiental-comparada\/","name":"Hist\u00f3ria agroambiental comparada - CPDA","isPartOf":{"@id":"https:\/\/institucional.ufrrj.br\/portalcpda\/#website"},"datePublished":"2011-07-05T19:31:12+00:00","dateModified":"2018-06-29T19:13:55+00:00","breadcrumb":{"@id":"https:\/\/institucional.ufrrj.br\/portalcpda\/historia-agroambiental-comparada\/#breadcrumb"},"inLanguage":"pt-BR","potentialAction":[{"@type":"ReadAction","target":["https:\/\/institucional.ufrrj.br\/portalcpda\/historia-agroambiental-comparada\/"]}]},{"@type":"BreadcrumbList","@id":"https:\/\/institucional.ufrrj.br\/portalcpda\/historia-agroambiental-comparada\/#breadcrumb","itemListElement":[{"@type":"ListItem","position":1,"name":"In\u00edcio","item":"https:\/\/institucional.ufrrj.br\/portalcpda\/"},{"@type":"ListItem","position":2,"name":"Hist\u00f3ria agroambiental comparada"}]},{"@type":"WebSite","@id":"https:\/\/institucional.ufrrj.br\/portalcpda\/#website","url":"https:\/\/institucional.ufrrj.br\/portalcpda\/","name":"CPDA","description":"institucional.ufrrj.br","potentialAction":[{"@type":"SearchAction","target":{"@type":"EntryPoint","urlTemplate":"https:\/\/institucional.ufrrj.br\/portalcpda\/?s={search_term_string}"},"query-input":{"@type":"PropertyValueSpecification","valueRequired":true,"valueName":"search_term_string"}}],"inLanguage":"pt-BR"}]}},"acf":[],"_links":{"self":[{"href":"https:\/\/institucional.ufrrj.br\/portalcpda\/wp-json\/wp\/v2\/pages\/192","targetHints":{"allow":["GET"]}}],"collection":[{"href":"https:\/\/institucional.ufrrj.br\/portalcpda\/wp-json\/wp\/v2\/pages"}],"about":[{"href":"https:\/\/institucional.ufrrj.br\/portalcpda\/wp-json\/wp\/v2\/types\/page"}],"author":[{"embeddable":true,"href":"https:\/\/institucional.ufrrj.br\/portalcpda\/wp-json\/wp\/v2\/users\/634"}],"replies":[{"embeddable":true,"href":"https:\/\/institucional.ufrrj.br\/portalcpda\/wp-json\/wp\/v2\/comments?post=192"}],"version-history":[{"count":1,"href":"https:\/\/institucional.ufrrj.br\/portalcpda\/wp-json\/wp\/v2\/pages\/192\/revisions"}],"predecessor-version":[{"id":13345,"href":"https:\/\/institucional.ufrrj.br\/portalcpda\/wp-json\/wp\/v2\/pages\/192\/revisions\/13345"}],"wp:attachment":[{"href":"https:\/\/institucional.ufrrj.br\/portalcpda\/wp-json\/wp\/v2\/media?parent=192"}],"curies":[{"name":"wp","href":"https:\/\/api.w.org\/{rel}","templated":true}]}}