{"id":19107,"date":"2020-04-08T17:58:40","date_gmt":"2020-04-08T20:58:40","guid":{"rendered":"http:\/\/institucional.ufrrj.br\/portalcpda\/?page_id=19107"},"modified":"2021-09-17T20:19:40","modified_gmt":"2021-09-17T23:19:40","slug":"ficha-catalografica","status":"publish","type":"page","link":"https:\/\/institucional.ufrrj.br\/portalcpda\/ficha-catalografica\/","title":{"rendered":"Ficha Catalogr\u00e1fica"},"content":{"rendered":"<p>A Ficha Catalogr\u00e1fica registra os elementos descritivos das disserta\u00e7\u00f5es e teses e deve constar na vers\u00e3o final (capa dura e vers\u00e3o PDF), no verso da Folha de Rosto, na parte inferior.<\/p>\n<p>As Fichas Catalogr\u00e1ficas s\u00e3o geradas atrav\u00e9s de um sistema\u00a0on-line\u00a0da\u00a0Biblioteca Central da UFRRJ, <strong>mas a\u00a0responsabilidade pelo fornecimento correto dos dados \u00e9 do\u00a0aluno<\/strong>.<\/p>\n<p>Ap\u00f3s a aprova\u00e7\u00e3o, pelo orientador, da vers\u00e3o final da disserta\u00e7\u00e3o ou tese, o aluno deve preencher os campos do formul\u00e1rio on-line, dispon\u00edvel abaixo, para que o sistema gere de forma correta a Ficha Catalogr\u00e1fica.<\/p>\n<p><strong>Aten\u00e7\u00e3o<\/strong>: No campo &#8220;Cidade&#8221; do formul\u00e1rio on-line, o aluno deve escrever <b>a cidade em que defendeu a disserta\u00e7\u00e3o ou tese, ou seja, a cidade do Rio de Janeiro<\/b>\u00a0(onde est\u00e1 a sede do CPDA).<\/p>\n<p>Clique <a href=\"http:\/\/institucional.ufrrj.br\/biblioteca\/produtos-e-servicos\/ficha-catalografica\/\" target=\"_blank\" rel=\"noopener noreferrer\">aqui<\/a> para acessar o formul\u00e1rio\u00a0<i>on-line<\/i>\u00a0da\u00a0Biblioteca Central\/UFRRJ.<\/p>\n<p>Clique <a href=\"https:\/\/academico.ufrrj.br\/biblioteca\/FichaCat_diretrizes_2011.pdf\" target=\"_blank\" rel=\"noopener noreferrer\">aqui<\/a> para acessar o tutorial sobre como gerar a Ficha Catalogr\u00e1fica.<\/p>\n<p>Caso ainda reste alguma d\u00favida, o aluno pode entrar em contato com a Biblioteca do CPDA, atrav\u00e9s do telefone ou do E-mail abaixo:<br \/>\nTel: (21) 2224-8577 \u2013 Ramal 206 (desligado durante a emerg\u00eancia sanit\u00e1ria)<br \/>\nE-mail:\u00a0<a href=\"mailto:cpdabib@ufrrj.br\" target=\"_blank\" rel=\"nofollow noopener noreferrer\">cpdabib@ufrrj.br<\/a>\u00a0ou\u00a0<a href=\"mailto:cpdabib@gmail.com\" target=\"_blank\" rel=\"nofollow noopener noreferrer\">cpdabib@gmail.com<\/a>.<\/p>\n<p>Hor\u00e1rio de atendimento: \u00a0Segunda a sexta, das 9h30 \u00e0s 17h30 (fechada durante a emerg\u00eancia sanit\u00e1ria)<\/p>\n<p>&nbsp;<\/p>\n<p>&nbsp;<\/p>\n","protected":false},"excerpt":{"rendered":"<p>A Ficha Catalogr\u00e1fica registra os elementos descritivos das disserta\u00e7\u00f5es e teses e deve constar na vers\u00e3o final (capa dura e <a class=\"read-more\" href=\"https:\/\/institucional.ufrrj.br\/portalcpda\/ficha-catalografica\/ \" >&#8230; <span class=\"font-italic\">leia mais <i class=\"fas fa-angle-right\"><\/i><\/span><\/a><\/p>\n","protected":false},"author":715,"featured_media":0,"parent":0,"menu_order":0,"comment_status":"closed","ping_status":"closed","template":"","meta":{"_acf_changed":false,"footnotes":""},"class_list":["post-19107","page","type-page","status-publish","hentry"],"yoast_head":"<!-- This site is optimized with the Yoast SEO plugin v27.2 - https:\/\/yoast.com\/product\/yoast-seo-wordpress\/ -->\n<title>Ficha Catalogr\u00e1fica - CPDA<\/title>\n<meta name=\"robots\" content=\"index, follow, max-snippet:-1, max-image-preview:large, max-video-preview:-1\" \/>\n<link rel=\"canonical\" href=\"https:\/\/institucional.ufrrj.br\/portalcpda\/ficha-catalografica\/\" \/>\n<meta property=\"og:locale\" content=\"pt_BR\" \/>\n<meta property=\"og:type\" content=\"article\" \/>\n<meta property=\"og:title\" content=\"Ficha Catalogr\u00e1fica - CPDA\" \/>\n<meta property=\"og:description\" content=\"A Ficha Catalogr\u00e1fica registra os elementos descritivos das disserta\u00e7\u00f5es e teses e deve constar na vers\u00e3o final (capa dura e ... leia mais\" \/>\n<meta property=\"og:url\" content=\"https:\/\/institucional.ufrrj.br\/portalcpda\/ficha-catalografica\/\" \/>\n<meta property=\"og:site_name\" content=\"CPDA\" \/>\n<meta property=\"article:modified_time\" content=\"2021-09-17T23:19:40+00:00\" \/>\n<meta name=\"twitter:card\" content=\"summary_large_image\" \/>\n<meta name=\"twitter:label1\" content=\"Est. tempo de leitura\" \/>\n\t<meta name=\"twitter:data1\" content=\"1 minuto\" \/>\n<script type=\"application\/ld+json\" class=\"yoast-schema-graph\">{\"@context\":\"https:\/\/schema.org\",\"@graph\":[{\"@type\":\"WebPage\",\"@id\":\"https:\/\/institucional.ufrrj.br\/portalcpda\/ficha-catalografica\/\",\"url\":\"https:\/\/institucional.ufrrj.br\/portalcpda\/ficha-catalografica\/\",\"name\":\"Ficha Catalogr\u00e1fica - CPDA\",\"isPartOf\":{\"@id\":\"https:\/\/institucional.ufrrj.br\/portalcpda\/#website\"},\"datePublished\":\"2020-04-08T20:58:40+00:00\",\"dateModified\":\"2021-09-17T23:19:40+00:00\",\"breadcrumb\":{\"@id\":\"https:\/\/institucional.ufrrj.br\/portalcpda\/ficha-catalografica\/#breadcrumb\"},\"inLanguage\":\"pt-BR\",\"potentialAction\":[{\"@type\":\"ReadAction\",\"target\":[\"https:\/\/institucional.ufrrj.br\/portalcpda\/ficha-catalografica\/\"]}]},{\"@type\":\"BreadcrumbList\",\"@id\":\"https:\/\/institucional.ufrrj.br\/portalcpda\/ficha-catalografica\/#breadcrumb\",\"itemListElement\":[{\"@type\":\"ListItem\",\"position\":1,\"name\":\"In\u00edcio\",\"item\":\"https:\/\/institucional.ufrrj.br\/portalcpda\/\"},{\"@type\":\"ListItem\",\"position\":2,\"name\":\"Ficha Catalogr\u00e1fica\"}]},{\"@type\":\"WebSite\",\"@id\":\"https:\/\/institucional.ufrrj.br\/portalcpda\/#website\",\"url\":\"https:\/\/institucional.ufrrj.br\/portalcpda\/\",\"name\":\"CPDA\",\"description\":\"institucional.ufrrj.br\",\"potentialAction\":[{\"@type\":\"SearchAction\",\"target\":{\"@type\":\"EntryPoint\",\"urlTemplate\":\"https:\/\/institucional.ufrrj.br\/portalcpda\/?s={search_term_string}\"},\"query-input\":{\"@type\":\"PropertyValueSpecification\",\"valueRequired\":true,\"valueName\":\"search_term_string\"}}],\"inLanguage\":\"pt-BR\"}]}<\/script>\n<!-- \/ Yoast SEO plugin. -->","yoast_head_json":{"title":"Ficha Catalogr\u00e1fica - CPDA","robots":{"index":"index","follow":"follow","max-snippet":"max-snippet:-1","max-image-preview":"max-image-preview:large","max-video-preview":"max-video-preview:-1"},"canonical":"https:\/\/institucional.ufrrj.br\/portalcpda\/ficha-catalografica\/","og_locale":"pt_BR","og_type":"article","og_title":"Ficha Catalogr\u00e1fica - CPDA","og_description":"A Ficha Catalogr\u00e1fica registra os elementos descritivos das disserta\u00e7\u00f5es e teses e deve constar na vers\u00e3o final (capa dura e ... leia mais","og_url":"https:\/\/institucional.ufrrj.br\/portalcpda\/ficha-catalografica\/","og_site_name":"CPDA","article_modified_time":"2021-09-17T23:19:40+00:00","twitter_card":"summary_large_image","twitter_misc":{"Est. tempo de leitura":"1 minuto"},"schema":{"@context":"https:\/\/schema.org","@graph":[{"@type":"WebPage","@id":"https:\/\/institucional.ufrrj.br\/portalcpda\/ficha-catalografica\/","url":"https:\/\/institucional.ufrrj.br\/portalcpda\/ficha-catalografica\/","name":"Ficha Catalogr\u00e1fica - CPDA","isPartOf":{"@id":"https:\/\/institucional.ufrrj.br\/portalcpda\/#website"},"datePublished":"2020-04-08T20:58:40+00:00","dateModified":"2021-09-17T23:19:40+00:00","breadcrumb":{"@id":"https:\/\/institucional.ufrrj.br\/portalcpda\/ficha-catalografica\/#breadcrumb"},"inLanguage":"pt-BR","potentialAction":[{"@type":"ReadAction","target":["https:\/\/institucional.ufrrj.br\/portalcpda\/ficha-catalografica\/"]}]},{"@type":"BreadcrumbList","@id":"https:\/\/institucional.ufrrj.br\/portalcpda\/ficha-catalografica\/#breadcrumb","itemListElement":[{"@type":"ListItem","position":1,"name":"In\u00edcio","item":"https:\/\/institucional.ufrrj.br\/portalcpda\/"},{"@type":"ListItem","position":2,"name":"Ficha Catalogr\u00e1fica"}]},{"@type":"WebSite","@id":"https:\/\/institucional.ufrrj.br\/portalcpda\/#website","url":"https:\/\/institucional.ufrrj.br\/portalcpda\/","name":"CPDA","description":"institucional.ufrrj.br","potentialAction":[{"@type":"SearchAction","target":{"@type":"EntryPoint","urlTemplate":"https:\/\/institucional.ufrrj.br\/portalcpda\/?s={search_term_string}"},"query-input":{"@type":"PropertyValueSpecification","valueRequired":true,"valueName":"search_term_string"}}],"inLanguage":"pt-BR"}]}},"acf":[],"_links":{"self":[{"href":"https:\/\/institucional.ufrrj.br\/portalcpda\/wp-json\/wp\/v2\/pages\/19107","targetHints":{"allow":["GET"]}}],"collection":[{"href":"https:\/\/institucional.ufrrj.br\/portalcpda\/wp-json\/wp\/v2\/pages"}],"about":[{"href":"https:\/\/institucional.ufrrj.br\/portalcpda\/wp-json\/wp\/v2\/types\/page"}],"author":[{"embeddable":true,"href":"https:\/\/institucional.ufrrj.br\/portalcpda\/wp-json\/wp\/v2\/users\/715"}],"replies":[{"embeddable":true,"href":"https:\/\/institucional.ufrrj.br\/portalcpda\/wp-json\/wp\/v2\/comments?post=19107"}],"version-history":[{"count":6,"href":"https:\/\/institucional.ufrrj.br\/portalcpda\/wp-json\/wp\/v2\/pages\/19107\/revisions"}],"predecessor-version":[{"id":22080,"href":"https:\/\/institucional.ufrrj.br\/portalcpda\/wp-json\/wp\/v2\/pages\/19107\/revisions\/22080"}],"wp:attachment":[{"href":"https:\/\/institucional.ufrrj.br\/portalcpda\/wp-json\/wp\/v2\/media?parent=19107"}],"curies":[{"name":"wp","href":"https:\/\/api.w.org\/{rel}","templated":true}]}}