{"id":190,"date":"2011-07-05T19:30:26","date_gmt":"2011-07-05T19:30:26","guid":{"rendered":"http:\/\/r1.ufrrj.br\/cpda\/?page_id=190"},"modified":"2018-06-29T16:12:44","modified_gmt":"2018-06-29T19:12:44","slug":"convencoes-globais-ambientais-e-respostas-nacionais-comparadas","status":"publish","type":"page","link":"https:\/\/institucional.ufrrj.br\/portalcpda\/convencoes-globais-ambientais-e-respostas-nacionais-comparadas\/","title":{"rendered":"Conven\u00e7\u00f5es globais sobre meio ambiente e respostas nacionais comparadas"},"content":{"rendered":"<p style=\"text-align: justify\">IH 1563<\/p>\n<p style=\"text-align: justify\">Disciplina espec\u00edfica da linha Natureza, ci\u00eancia e saberes<br \/>\nN\u00famero de cr\u00e9ditos: 3<br \/>\nCarga hor\u00e1ria: 4 horas aulas semanais (2 te\u00f3ricas e 2 pr\u00e1ticas)<br \/>\nProfessor respons\u00e1vel: Peter Herman May<\/p>\n<p style=\"text-align: justify\"><strong>Objetivos <\/strong><\/p>\n<p style=\"text-align: justify\">Introduzir e aprofundar o conceito de sustentabilidade, no contexto do moderno sistema global e em particular da regula\u00e7\u00e3o ambiental internacional, assim como analisar os fatores que levam aos Estados-na\u00e7\u00f5es em desenvolvimento a responder de forma diferenciada aos pa\u00edses do Norte a estes novos instrumentos e mercados, considerando a desiguldade de capacidade cient\u00edfica-tecnol\u00f3gica, financeira e de acesso comercial respectivos.<\/p>\n<p style=\"text-align: justify\"><strong>Ementa<\/strong><\/p>\n<p style=\"text-align: justify\">Ci\u00eancia e incerteza sobre o futuro no contexto da globaliza\u00e7\u00e3o hist\u00f3rica e recente. O nascimento do conceito de desenvolvimento sustent\u00e1vel, e o processo que levou ao Rio-92. As disputas pol\u00edticas em torno do conceito: da ret\u00f3rica conciliadora \u00e0 especifica\u00e7\u00e3o program\u00e1tica. Processos de Agenda XXI nacionais e locais. Os conceitos de espa\u00e7o ambiental e pegada ecol\u00f3gica e os dilemas da ineq\u00fcidade ecol\u00f3gica internacional. As conven\u00e7\u00f5es globais da biodiversidade e do clima, os instrumentos de gest\u00e3o internacional e suas repercuss\u00f5es nacionais e locais. An\u00e1lise comparativa de \u201cplanos verdes\u201d e propostas nacionais de sustentabilidade. Instrumentos de gest\u00e3o ambiental comparados e sua compatibilidade com as conven\u00e7\u00f5es globais do meio ambiente. Proposta, princ\u00edpios e dilemas na transi\u00e7\u00e3o para o desenvolvimento sustent\u00e1vel na Am\u00e9rica Latina. Liberaliza\u00e7\u00e3o comercial, fluxos financeiros e o meio ambiente. Propostas e experi\u00eancias de desenvolvimento rural sustent\u00e1vel na Am\u00e9rica Latina e na \u00c1frica.<\/p>\n<p style=\"text-align: justify\"><strong>Bibliografia<\/strong><\/p>\n<p style=\"text-align: justify\">Textos oficiais: A declara\u00e7\u00e3o do Rio; Agenda XXI; A conven\u00e7\u00e3o do clima; A conven\u00e7\u00e3o da biodiversidade (dispon\u00edveis no site do Minist\u00e9rio do Meio Ambiente: www.mma.gov.br)<br \/>\nALBAGLI, S. Geopol\u00edtica da biodiversidade. Bras\u00edlia: Ibama, 1998.<br \/>\nCNUMAD. Nosso Futuro Comum. Rio de Janeiro: FGV, 1987.<br \/>\nMAY, P. Com\u00e9rcio internacional agr\u00edcola e meio ambiente na Am\u00e9rica Latina. Rio de Janeiro: Forense, 1997.<br \/>\nGENTRY, B. (org.) Private capital flows and the environment: Lessons from Latin America. Cheltenham, UK: Edward Elgar, 1998.<br \/>\nYOUNG, Carlos E. F., SEROA da MOTTA, R., FERRAZ, C., et al O mecanismo de desenvolvimento limpo e o\u00a0financiamento\u00a0do desenvolvimento sustent\u00e1vel no Brasil. Texto para discuss\u00e3o Ipea , 761. Rio de Janeiro: Ipea, 2000.<\/p>\n<p style=\"text-align: justify\"><a href=\"https:\/\/institucional.ufrrj.br\/portalcpda\/files\/2011\/07\/2015-02-Conven\u00e7\u00f5es-Globais-sobre-Meio-Ambiente-e-Respostas-Locais-Comparadas.pdf\" rel=\"nofollow\">2015-02 Conven\u00e7\u00f5es Globais sobre Meio Ambiente e Respostas Locais Comparadas<\/a><\/p>\n","protected":false},"excerpt":{"rendered":"<p>IH 1563 Disciplina espec\u00edfica da linha Natureza, ci\u00eancia e saberes N\u00famero de cr\u00e9ditos: 3 Carga hor\u00e1ria: 4 horas aulas semanais <a class=\"read-more\" href=\"https:\/\/institucional.ufrrj.br\/portalcpda\/convencoes-globais-ambientais-e-respostas-nacionais-comparadas\/ \" >&#8230; <span class=\"font-italic\">leia mais <i class=\"fas fa-angle-right\"><\/i><\/span><\/a><\/p>\n","protected":false},"author":634,"featured_media":0,"parent":0,"menu_order":0,"comment_status":"open","ping_status":"open","template":"","meta":{"_acf_changed":false,"footnotes":""},"class_list":["post-190","page","type-page","status-publish","hentry"],"yoast_head":"<!-- This site is optimized with the Yoast SEO plugin v27.2 - https:\/\/yoast.com\/product\/yoast-seo-wordpress\/ -->\n<title>Conven\u00e7\u00f5es globais sobre meio ambiente e respostas nacionais comparadas - CPDA<\/title>\n<meta name=\"robots\" content=\"index, follow, max-snippet:-1, max-image-preview:large, max-video-preview:-1\" \/>\n<link rel=\"canonical\" href=\"https:\/\/institucional.ufrrj.br\/portalcpda\/convencoes-globais-ambientais-e-respostas-nacionais-comparadas\/\" \/>\n<meta property=\"og:locale\" content=\"pt_BR\" \/>\n<meta property=\"og:type\" content=\"article\" \/>\n<meta property=\"og:title\" content=\"Conven\u00e7\u00f5es globais sobre meio ambiente e respostas nacionais comparadas - CPDA\" \/>\n<meta property=\"og:description\" content=\"IH 1563 Disciplina espec\u00edfica da linha Natureza, ci\u00eancia e saberes N\u00famero de cr\u00e9ditos: 3 Carga hor\u00e1ria: 4 horas aulas semanais ... leia mais\" \/>\n<meta property=\"og:url\" content=\"https:\/\/institucional.ufrrj.br\/portalcpda\/convencoes-globais-ambientais-e-respostas-nacionais-comparadas\/\" \/>\n<meta property=\"og:site_name\" content=\"CPDA\" \/>\n<meta property=\"article:modified_time\" content=\"2018-06-29T19:12:44+00:00\" \/>\n<meta name=\"twitter:card\" content=\"summary_large_image\" \/>\n<meta name=\"twitter:label1\" content=\"Est. tempo de leitura\" \/>\n\t<meta name=\"twitter:data1\" content=\"2 minutos\" \/>\n<script type=\"application\/ld+json\" class=\"yoast-schema-graph\">{\"@context\":\"https:\/\/schema.org\",\"@graph\":[{\"@type\":\"WebPage\",\"@id\":\"https:\/\/institucional.ufrrj.br\/portalcpda\/convencoes-globais-ambientais-e-respostas-nacionais-comparadas\/\",\"url\":\"https:\/\/institucional.ufrrj.br\/portalcpda\/convencoes-globais-ambientais-e-respostas-nacionais-comparadas\/\",\"name\":\"Conven\u00e7\u00f5es globais sobre meio ambiente e respostas nacionais comparadas - CPDA\",\"isPartOf\":{\"@id\":\"https:\/\/institucional.ufrrj.br\/portalcpda\/#website\"},\"datePublished\":\"2011-07-05T19:30:26+00:00\",\"dateModified\":\"2018-06-29T19:12:44+00:00\",\"breadcrumb\":{\"@id\":\"https:\/\/institucional.ufrrj.br\/portalcpda\/convencoes-globais-ambientais-e-respostas-nacionais-comparadas\/#breadcrumb\"},\"inLanguage\":\"pt-BR\",\"potentialAction\":[{\"@type\":\"ReadAction\",\"target\":[\"https:\/\/institucional.ufrrj.br\/portalcpda\/convencoes-globais-ambientais-e-respostas-nacionais-comparadas\/\"]}]},{\"@type\":\"BreadcrumbList\",\"@id\":\"https:\/\/institucional.ufrrj.br\/portalcpda\/convencoes-globais-ambientais-e-respostas-nacionais-comparadas\/#breadcrumb\",\"itemListElement\":[{\"@type\":\"ListItem\",\"position\":1,\"name\":\"In\u00edcio\",\"item\":\"https:\/\/institucional.ufrrj.br\/portalcpda\/\"},{\"@type\":\"ListItem\",\"position\":2,\"name\":\"Conven\u00e7\u00f5es globais sobre meio ambiente e respostas nacionais comparadas\"}]},{\"@type\":\"WebSite\",\"@id\":\"https:\/\/institucional.ufrrj.br\/portalcpda\/#website\",\"url\":\"https:\/\/institucional.ufrrj.br\/portalcpda\/\",\"name\":\"CPDA\",\"description\":\"institucional.ufrrj.br\",\"potentialAction\":[{\"@type\":\"SearchAction\",\"target\":{\"@type\":\"EntryPoint\",\"urlTemplate\":\"https:\/\/institucional.ufrrj.br\/portalcpda\/?s={search_term_string}\"},\"query-input\":{\"@type\":\"PropertyValueSpecification\",\"valueRequired\":true,\"valueName\":\"search_term_string\"}}],\"inLanguage\":\"pt-BR\"}]}<\/script>\n<!-- \/ Yoast SEO plugin. -->","yoast_head_json":{"title":"Conven\u00e7\u00f5es globais sobre meio ambiente e respostas nacionais comparadas - CPDA","robots":{"index":"index","follow":"follow","max-snippet":"max-snippet:-1","max-image-preview":"max-image-preview:large","max-video-preview":"max-video-preview:-1"},"canonical":"https:\/\/institucional.ufrrj.br\/portalcpda\/convencoes-globais-ambientais-e-respostas-nacionais-comparadas\/","og_locale":"pt_BR","og_type":"article","og_title":"Conven\u00e7\u00f5es globais sobre meio ambiente e respostas nacionais comparadas - CPDA","og_description":"IH 1563 Disciplina espec\u00edfica da linha Natureza, ci\u00eancia e saberes N\u00famero de cr\u00e9ditos: 3 Carga hor\u00e1ria: 4 horas aulas semanais ... leia mais","og_url":"https:\/\/institucional.ufrrj.br\/portalcpda\/convencoes-globais-ambientais-e-respostas-nacionais-comparadas\/","og_site_name":"CPDA","article_modified_time":"2018-06-29T19:12:44+00:00","twitter_card":"summary_large_image","twitter_misc":{"Est. tempo de leitura":"2 minutos"},"schema":{"@context":"https:\/\/schema.org","@graph":[{"@type":"WebPage","@id":"https:\/\/institucional.ufrrj.br\/portalcpda\/convencoes-globais-ambientais-e-respostas-nacionais-comparadas\/","url":"https:\/\/institucional.ufrrj.br\/portalcpda\/convencoes-globais-ambientais-e-respostas-nacionais-comparadas\/","name":"Conven\u00e7\u00f5es globais sobre meio ambiente e respostas nacionais comparadas - CPDA","isPartOf":{"@id":"https:\/\/institucional.ufrrj.br\/portalcpda\/#website"},"datePublished":"2011-07-05T19:30:26+00:00","dateModified":"2018-06-29T19:12:44+00:00","breadcrumb":{"@id":"https:\/\/institucional.ufrrj.br\/portalcpda\/convencoes-globais-ambientais-e-respostas-nacionais-comparadas\/#breadcrumb"},"inLanguage":"pt-BR","potentialAction":[{"@type":"ReadAction","target":["https:\/\/institucional.ufrrj.br\/portalcpda\/convencoes-globais-ambientais-e-respostas-nacionais-comparadas\/"]}]},{"@type":"BreadcrumbList","@id":"https:\/\/institucional.ufrrj.br\/portalcpda\/convencoes-globais-ambientais-e-respostas-nacionais-comparadas\/#breadcrumb","itemListElement":[{"@type":"ListItem","position":1,"name":"In\u00edcio","item":"https:\/\/institucional.ufrrj.br\/portalcpda\/"},{"@type":"ListItem","position":2,"name":"Conven\u00e7\u00f5es globais sobre meio ambiente e respostas nacionais comparadas"}]},{"@type":"WebSite","@id":"https:\/\/institucional.ufrrj.br\/portalcpda\/#website","url":"https:\/\/institucional.ufrrj.br\/portalcpda\/","name":"CPDA","description":"institucional.ufrrj.br","potentialAction":[{"@type":"SearchAction","target":{"@type":"EntryPoint","urlTemplate":"https:\/\/institucional.ufrrj.br\/portalcpda\/?s={search_term_string}"},"query-input":{"@type":"PropertyValueSpecification","valueRequired":true,"valueName":"search_term_string"}}],"inLanguage":"pt-BR"}]}},"acf":[],"_links":{"self":[{"href":"https:\/\/institucional.ufrrj.br\/portalcpda\/wp-json\/wp\/v2\/pages\/190","targetHints":{"allow":["GET"]}}],"collection":[{"href":"https:\/\/institucional.ufrrj.br\/portalcpda\/wp-json\/wp\/v2\/pages"}],"about":[{"href":"https:\/\/institucional.ufrrj.br\/portalcpda\/wp-json\/wp\/v2\/types\/page"}],"author":[{"embeddable":true,"href":"https:\/\/institucional.ufrrj.br\/portalcpda\/wp-json\/wp\/v2\/users\/634"}],"replies":[{"embeddable":true,"href":"https:\/\/institucional.ufrrj.br\/portalcpda\/wp-json\/wp\/v2\/comments?post=190"}],"version-history":[{"count":2,"href":"https:\/\/institucional.ufrrj.br\/portalcpda\/wp-json\/wp\/v2\/pages\/190\/revisions"}],"predecessor-version":[{"id":14349,"href":"https:\/\/institucional.ufrrj.br\/portalcpda\/wp-json\/wp\/v2\/pages\/190\/revisions\/14349"}],"wp:attachment":[{"href":"https:\/\/institucional.ufrrj.br\/portalcpda\/wp-json\/wp\/v2\/media?parent=190"}],"curies":[{"name":"wp","href":"https:\/\/api.w.org\/{rel}","templated":true}]}}