{"id":178,"date":"2011-07-05T19:24:53","date_gmt":"2011-07-05T19:24:53","guid":{"rendered":"http:\/\/r1.ufrrj.br\/cpda\/?page_id=178"},"modified":"2018-06-29T16:15:49","modified_gmt":"2018-06-29T19:15:49","slug":"topicos-especiais-em-instituicoes-mercados-e-regulacao","status":"publish","type":"page","link":"https:\/\/institucional.ufrrj.br\/portalcpda\/topicos-especiais-em-instituicoes-mercados-e-regulacao\/","title":{"rendered":"T\u00f3picos Especiais em Institui\u00e7\u00f5es, Mercados e Regula\u00e7\u00e3o"},"content":{"rendered":"<p>IH 1572<\/p>\n<p>Disciplina Espec\u00edfica da Linha de Pesquisa Institui\u00e7\u00f5es, Mercados         e Regula\u00e7\u00e3o<br \/>\nN\u00famero de cr\u00e9ditos: 3<br \/>\nCarga hor\u00e1ria: 4 horas aulas semanais (2 te\u00f3ricas e 2 pr\u00e1ticas)<br \/>\nProfessor respons\u00e1vel: todos professores da linha de pesquisa<\/p>\n<p><strong>Objetivos<\/strong><\/p>\n<p>Desenvolver os temas que comp\u00f5em a agenda de pesquisa da linha           Institui\u00e7\u00f5es, Mercado e Regula\u00e7\u00e3o, aprofundando           a reflex\u00e3o dos professores e alunos num amplo leque tem\u00e1tico           de maneira a consolidar futuras disciplinas do Curso. Os t\u00f3picos           permitem que uma permanente atualiza\u00e7\u00e3o tem\u00e1tica         e bibliogr\u00e1fica da agenda de pesquisa da linha. <strong>Ementa<\/strong><\/p>\n<p>Tem\u00e1ticas das pol\u00edticas de desenvolvimento: globaliza\u00e7\u00e3o,           Estado e desenvolvimento; processo hist\u00f3rico do desenvolvimento           e pol\u00edticas p\u00fablicas; pol\u00edticas industriais e           tecnol\u00f3gicas;\u00a0desenvolvimento\u00a0e regula\u00e7\u00e3o           financeira; pol\u00edtica p\u00fablica e desenvolvimento no Brasil;           pol\u00edticas industriais e tecnol\u00f3gicas no Brasil; estrat\u00e9gias           e gest\u00e3o de projetos de desenvolvimento; t\u00f3picos especiais           em consumo e sustentabilidade. Tem\u00e1ticas de institui\u00e7\u00f5es, organiza\u00e7\u00f5es           e estrat\u00e9gias: economia e institui\u00e7\u00f5es; teoria           e pol\u00edtica da regula\u00e7\u00e3o e da concorr\u00eancia;           governan\u00e7a corporativa e responsabilidade social; inova\u00e7\u00e3o,           organiza\u00e7\u00f5es e estrat\u00e9gias; inova\u00e7\u00e3o           e concorr\u00eancia; t\u00f3picos especiais em inova\u00e7\u00e3o,         institui\u00e7\u00f5es e estrat\u00e9gias. <strong>Bibliografia <\/strong><\/p>\n<p>CHANG, Ha-Joon and EVANS, Peter. \u201cThe role of institutions in           economic change\u201d paper presented at Conference on The other canon           and economic development, Oslo, Norway, August 14-15th, 2000. pp. 1-22. EVANS, Peter 1997. Finally, apple is <a href=\"https:\/\/topspying.com\">cell phone spy equipment<\/a> likely to announce some new apple watch accessories, including a new black milanese loop as well as a new range of colors for its sport band? \u201cThe eclipse of the State? Reflections on           stateness in an era of globalization\u201d World politics 50, 1, 62-87. draft version available at http:\/\/sociology. berkeley. edu\/faculty\/evans\/index. html           ]<br \/>\nEVANS, Peter and FINNEMORE, Martha. \u201cOrganizational reform and           the expansion of the South\u2019s voice at the Fund\u201d presented           at the Technical group meeting of the group of 24 (Developing Countries)           in Washington, DC. April 18, 2001. [http:\/\/ksghome. harvard. edu\/~. drodrik. academic. ksg\/G24Papers. htm<br \/>\nNELSON, R. and WINTER, S. An evolutionary theory of economic change. Belknap: Harvard University Press. 1984. SCHUMPETER, J. , 1944, Capitalism, socialism and democracy. London:           George Allen and Unwin, 1944. SMITH, A. , The wealth of nations (Cannan Addition, 1994), Modern Library. YOUNG, A. A. , \u201cIncreasing returns and economic progress\u201d,         Economic journal, Vol. 38, 1928, pp. 527-542. &nbsp;<\/p>\n","protected":false},"excerpt":{"rendered":"<p>IH 1572 Disciplina Espec\u00edfica da Linha de Pesquisa Institui\u00e7\u00f5es, Mercados e Regula\u00e7\u00e3o N\u00famero de cr\u00e9ditos: 3 Carga hor\u00e1ria: 4 horas <a class=\"read-more\" href=\"https:\/\/institucional.ufrrj.br\/portalcpda\/topicos-especiais-em-instituicoes-mercados-e-regulacao\/ \" >&#8230; <span class=\"font-italic\">leia mais <i class=\"fas fa-angle-right\"><\/i><\/span><\/a><\/p>\n","protected":false},"author":634,"featured_media":0,"parent":0,"menu_order":0,"comment_status":"open","ping_status":"open","template":"","meta":{"_acf_changed":false,"footnotes":""},"class_list":["post-178","page","type-page","status-publish","hentry"],"yoast_head":"<!-- This site is optimized with the Yoast SEO plugin v27.2 - https:\/\/yoast.com\/product\/yoast-seo-wordpress\/ -->\n<title>T\u00f3picos Especiais em Institui\u00e7\u00f5es, Mercados e Regula\u00e7\u00e3o - CPDA<\/title>\n<meta name=\"robots\" content=\"index, follow, max-snippet:-1, max-image-preview:large, max-video-preview:-1\" \/>\n<link rel=\"canonical\" href=\"https:\/\/institucional.ufrrj.br\/portalcpda\/topicos-especiais-em-instituicoes-mercados-e-regulacao\/\" \/>\n<meta property=\"og:locale\" content=\"pt_BR\" \/>\n<meta property=\"og:type\" content=\"article\" \/>\n<meta property=\"og:title\" content=\"T\u00f3picos Especiais em Institui\u00e7\u00f5es, Mercados e Regula\u00e7\u00e3o - CPDA\" \/>\n<meta property=\"og:description\" content=\"IH 1572 Disciplina Espec\u00edfica da Linha de Pesquisa Institui\u00e7\u00f5es, Mercados e Regula\u00e7\u00e3o N\u00famero de cr\u00e9ditos: 3 Carga hor\u00e1ria: 4 horas ... leia mais\" \/>\n<meta property=\"og:url\" content=\"https:\/\/institucional.ufrrj.br\/portalcpda\/topicos-especiais-em-instituicoes-mercados-e-regulacao\/\" \/>\n<meta property=\"og:site_name\" content=\"CPDA\" \/>\n<meta property=\"article:modified_time\" content=\"2018-06-29T19:15:49+00:00\" \/>\n<meta name=\"twitter:card\" content=\"summary_large_image\" \/>\n<meta name=\"twitter:label1\" content=\"Est. tempo de leitura\" \/>\n\t<meta name=\"twitter:data1\" content=\"2 minutos\" \/>\n<script type=\"application\/ld+json\" class=\"yoast-schema-graph\">{\"@context\":\"https:\/\/schema.org\",\"@graph\":[{\"@type\":\"WebPage\",\"@id\":\"https:\/\/institucional.ufrrj.br\/portalcpda\/topicos-especiais-em-instituicoes-mercados-e-regulacao\/\",\"url\":\"https:\/\/institucional.ufrrj.br\/portalcpda\/topicos-especiais-em-instituicoes-mercados-e-regulacao\/\",\"name\":\"T\u00f3picos Especiais em Institui\u00e7\u00f5es, Mercados e Regula\u00e7\u00e3o - CPDA\",\"isPartOf\":{\"@id\":\"https:\/\/institucional.ufrrj.br\/portalcpda\/#website\"},\"datePublished\":\"2011-07-05T19:24:53+00:00\",\"dateModified\":\"2018-06-29T19:15:49+00:00\",\"breadcrumb\":{\"@id\":\"https:\/\/institucional.ufrrj.br\/portalcpda\/topicos-especiais-em-instituicoes-mercados-e-regulacao\/#breadcrumb\"},\"inLanguage\":\"pt-BR\",\"potentialAction\":[{\"@type\":\"ReadAction\",\"target\":[\"https:\/\/institucional.ufrrj.br\/portalcpda\/topicos-especiais-em-instituicoes-mercados-e-regulacao\/\"]}]},{\"@type\":\"BreadcrumbList\",\"@id\":\"https:\/\/institucional.ufrrj.br\/portalcpda\/topicos-especiais-em-instituicoes-mercados-e-regulacao\/#breadcrumb\",\"itemListElement\":[{\"@type\":\"ListItem\",\"position\":1,\"name\":\"In\u00edcio\",\"item\":\"https:\/\/institucional.ufrrj.br\/portalcpda\/\"},{\"@type\":\"ListItem\",\"position\":2,\"name\":\"T\u00f3picos Especiais em Institui\u00e7\u00f5es, Mercados e Regula\u00e7\u00e3o\"}]},{\"@type\":\"WebSite\",\"@id\":\"https:\/\/institucional.ufrrj.br\/portalcpda\/#website\",\"url\":\"https:\/\/institucional.ufrrj.br\/portalcpda\/\",\"name\":\"CPDA\",\"description\":\"institucional.ufrrj.br\",\"potentialAction\":[{\"@type\":\"SearchAction\",\"target\":{\"@type\":\"EntryPoint\",\"urlTemplate\":\"https:\/\/institucional.ufrrj.br\/portalcpda\/?s={search_term_string}\"},\"query-input\":{\"@type\":\"PropertyValueSpecification\",\"valueRequired\":true,\"valueName\":\"search_term_string\"}}],\"inLanguage\":\"pt-BR\"}]}<\/script>\n<!-- \/ Yoast SEO plugin. -->","yoast_head_json":{"title":"T\u00f3picos Especiais em Institui\u00e7\u00f5es, Mercados e Regula\u00e7\u00e3o - CPDA","robots":{"index":"index","follow":"follow","max-snippet":"max-snippet:-1","max-image-preview":"max-image-preview:large","max-video-preview":"max-video-preview:-1"},"canonical":"https:\/\/institucional.ufrrj.br\/portalcpda\/topicos-especiais-em-instituicoes-mercados-e-regulacao\/","og_locale":"pt_BR","og_type":"article","og_title":"T\u00f3picos Especiais em Institui\u00e7\u00f5es, Mercados e Regula\u00e7\u00e3o - CPDA","og_description":"IH 1572 Disciplina Espec\u00edfica da Linha de Pesquisa Institui\u00e7\u00f5es, Mercados e Regula\u00e7\u00e3o N\u00famero de cr\u00e9ditos: 3 Carga hor\u00e1ria: 4 horas ... leia mais","og_url":"https:\/\/institucional.ufrrj.br\/portalcpda\/topicos-especiais-em-instituicoes-mercados-e-regulacao\/","og_site_name":"CPDA","article_modified_time":"2018-06-29T19:15:49+00:00","twitter_card":"summary_large_image","twitter_misc":{"Est. tempo de leitura":"2 minutos"},"schema":{"@context":"https:\/\/schema.org","@graph":[{"@type":"WebPage","@id":"https:\/\/institucional.ufrrj.br\/portalcpda\/topicos-especiais-em-instituicoes-mercados-e-regulacao\/","url":"https:\/\/institucional.ufrrj.br\/portalcpda\/topicos-especiais-em-instituicoes-mercados-e-regulacao\/","name":"T\u00f3picos Especiais em Institui\u00e7\u00f5es, Mercados e Regula\u00e7\u00e3o - CPDA","isPartOf":{"@id":"https:\/\/institucional.ufrrj.br\/portalcpda\/#website"},"datePublished":"2011-07-05T19:24:53+00:00","dateModified":"2018-06-29T19:15:49+00:00","breadcrumb":{"@id":"https:\/\/institucional.ufrrj.br\/portalcpda\/topicos-especiais-em-instituicoes-mercados-e-regulacao\/#breadcrumb"},"inLanguage":"pt-BR","potentialAction":[{"@type":"ReadAction","target":["https:\/\/institucional.ufrrj.br\/portalcpda\/topicos-especiais-em-instituicoes-mercados-e-regulacao\/"]}]},{"@type":"BreadcrumbList","@id":"https:\/\/institucional.ufrrj.br\/portalcpda\/topicos-especiais-em-instituicoes-mercados-e-regulacao\/#breadcrumb","itemListElement":[{"@type":"ListItem","position":1,"name":"In\u00edcio","item":"https:\/\/institucional.ufrrj.br\/portalcpda\/"},{"@type":"ListItem","position":2,"name":"T\u00f3picos Especiais em Institui\u00e7\u00f5es, Mercados e Regula\u00e7\u00e3o"}]},{"@type":"WebSite","@id":"https:\/\/institucional.ufrrj.br\/portalcpda\/#website","url":"https:\/\/institucional.ufrrj.br\/portalcpda\/","name":"CPDA","description":"institucional.ufrrj.br","potentialAction":[{"@type":"SearchAction","target":{"@type":"EntryPoint","urlTemplate":"https:\/\/institucional.ufrrj.br\/portalcpda\/?s={search_term_string}"},"query-input":{"@type":"PropertyValueSpecification","valueRequired":true,"valueName":"search_term_string"}}],"inLanguage":"pt-BR"}]}},"acf":[],"_links":{"self":[{"href":"https:\/\/institucional.ufrrj.br\/portalcpda\/wp-json\/wp\/v2\/pages\/178","targetHints":{"allow":["GET"]}}],"collection":[{"href":"https:\/\/institucional.ufrrj.br\/portalcpda\/wp-json\/wp\/v2\/pages"}],"about":[{"href":"https:\/\/institucional.ufrrj.br\/portalcpda\/wp-json\/wp\/v2\/types\/page"}],"author":[{"embeddable":true,"href":"https:\/\/institucional.ufrrj.br\/portalcpda\/wp-json\/wp\/v2\/users\/634"}],"replies":[{"embeddable":true,"href":"https:\/\/institucional.ufrrj.br\/portalcpda\/wp-json\/wp\/v2\/comments?post=178"}],"version-history":[{"count":2,"href":"https:\/\/institucional.ufrrj.br\/portalcpda\/wp-json\/wp\/v2\/pages\/178\/revisions"}],"predecessor-version":[{"id":27682,"href":"https:\/\/institucional.ufrrj.br\/portalcpda\/wp-json\/wp\/v2\/pages\/178\/revisions\/27682"}],"wp:attachment":[{"href":"https:\/\/institucional.ufrrj.br\/portalcpda\/wp-json\/wp\/v2\/media?parent=178"}],"curies":[{"name":"wp","href":"https:\/\/api.w.org\/{rel}","templated":true}]}}