{"id":175,"date":"2011-07-05T19:23:41","date_gmt":"2011-07-05T19:23:41","guid":{"rendered":"http:\/\/r1.ufrrj.br\/cpda\/?page_id=175"},"modified":"2018-06-29T16:15:23","modified_gmt":"2018-06-29T19:15:23","slug":"temas-do-sistema-agroalimentar-e-desenvolvimento-sustentavel","status":"publish","type":"page","link":"https:\/\/institucional.ufrrj.br\/portalcpda\/temas-do-sistema-agroalimentar-e-desenvolvimento-sustentavel\/","title":{"rendered":"Temas do sistema agroalimentar"},"content":{"rendered":"<p><strong><br \/>\nIH 1548 <\/strong><br \/>\nDisciplina espec\u00edfica da linha Institui\u00e7\u00f5es, mercado e regula\u00e7\u00e3o<br \/>\nN\u00famero de cr\u00e9ditos: 3<br \/>\nHoras aula: 4 (2 te\u00f3ricas e 2 pr\u00e1ticas)<br \/>\nProfessor respons\u00e1vel: Georges Flexor e John Wilkinson<\/p>\n<p><strong>Objetivo<\/strong><\/p>\n<p>Oferecer um panorama das grandes transforma\u00e7\u00f5es no sistema agroalimentar mundial e brasileiro e introduzir os principais enfoques anal\u00edticos utilizados na sua interpreta\u00e7\u00e3o.<\/p>\n<p><strong>Ementa <\/strong><\/p>\n<p>1. O Sistema Agroalimentar Mundial.<br \/>\n2. Agroind\u00fastria e industrializa\u00e7\u00e3o da agricultura<br \/>\n3. O Agroalimentar Brasileiro<br \/>\n4. Desregulamenta\u00e7\u00e3o, abertura e privatiza\u00e7\u00e3o<br \/>\n5. A quest\u00e3o de coordena\u00e7\u00e3o<br \/>\n6. Mercados de qualidade e novos atores<br \/>\n7. O novo varejo e a din\u00e2mica de consumo<br \/>\n8. De Norte\/Sul para Sul\/Sul<br \/>\n9. Biocombust\u00edveis<br \/>\n10. Investimento estrangeiro e a terra<br \/>\n11. Financeiriza\u00e7\u00e3o e o sistema agroalimentar<br \/>\n12. Que futuro para o sistema agroalimentar?<\/p>\n<p><strong> Bibliografia <\/strong><\/p>\n<p>Allaire, G. &amp;amp; B. Daviron, Transformations Agricoles et Alimentaires, QUAE, 2017<br \/>\nChadad, F. The Economics and Organization of Brazilian Agriculture, Elsevier, 2016<br \/>\nDelgado, G. Do \u2018capital financeiro na agricultura\u2019 \u00e0 economia do agroneg\u00f3cio: mudan\u00e7as<br \/>\nc\u00edclicas em meio s\u00e9culo (1965-2012). Porto Alegre: UFRGS, 2012<br \/>\nFriedmann, H., \u201cThe Political Economy of Food. The Rise and Fall of the Postwar<br \/>\nInternational Food Order\u201d, American Journal of Sociology, supplement vol 88, 1982<br \/>\nFriedmann, H., &amp;amp; P. McMichael, \u201cAgriculture and the State System: the rise and decline of<br \/>\nnational agricultures, 1870 to the present\u201d, Sociologia Ruralis, vol XXIX, 1989,<br \/>\nGoodman, D., E. M. Dupuis &amp;amp; M. K. Goodman, Alternative Food Networks, Routledge, 2014<br \/>\nGoodman, D., B. Sorj &amp;amp; J. Wilkinson, Da Lavoura \u00e0s Biotecnologias, Campus, 1990<br \/>\nGras C. &amp;amp; Hernandez, V., El Agro como Negocio, Ed Biblos, 2013<br \/>\nHLPE, Biocombustibles y Seguridad Alimentaria, Roma, 2013<br \/>\nIsakson, S. R., \u201cFood and finance: the financial transformations of agro-food supply chains\u201d.<br \/>\nJournal of Peasant Studies, 41(5), p. 749-775, 2014<br \/>\nLawrence, G. &amp;amp; J. Dixon, The Political Economy of Agri-food: Supermarkets, Handbook of<br \/>\nthe International Political Economy of Agriculture and Food, Elgar, 2015<br \/>\nWilkinson, J., P. Nierdele &amp;amp; G. Mascarenhas, O Sabor da Origem, Escritos, 2016<br \/>\nWilkinson, J. Mercados , Redes e Valores, UFRGS, 2008<br \/>\nWilkinson, J., V. Wesz, Jnr &amp;amp; A. Lopane, \u201cBrazil and China: the agribusiness connection in a<br \/>\nSouthern Cone context\u201d, Third World Thematics, 2016<br \/>\nZylbersztajn, D.,\u201d Coordena\u00e7\u00e3o e Governan\u00e7a de Sistemas Agroindustriais\u201d in O Mundo<br \/>\nRural no Brasil do S\u00e9culo 21eds Buainaim, Alves, Da Silveira<\/p>\n","protected":false},"excerpt":{"rendered":"<p>IH 1548 Disciplina espec\u00edfica da linha Institui\u00e7\u00f5es, mercado e regula\u00e7\u00e3o N\u00famero de cr\u00e9ditos: 3 Horas aula: 4 (2 te\u00f3ricas e <a class=\"read-more\" href=\"https:\/\/institucional.ufrrj.br\/portalcpda\/temas-do-sistema-agroalimentar-e-desenvolvimento-sustentavel\/ \" >&#8230; <span class=\"font-italic\">leia mais <i class=\"fas fa-angle-right\"><\/i><\/span><\/a><\/p>\n","protected":false},"author":634,"featured_media":0,"parent":0,"menu_order":0,"comment_status":"open","ping_status":"open","template":"","meta":{"_acf_changed":false,"footnotes":""},"class_list":["post-175","page","type-page","status-publish","hentry"],"yoast_head":"<!-- This site is optimized with the Yoast SEO plugin v27.2 - https:\/\/yoast.com\/product\/yoast-seo-wordpress\/ -->\n<title>Temas do sistema agroalimentar - CPDA<\/title>\n<meta name=\"robots\" content=\"index, follow, max-snippet:-1, max-image-preview:large, max-video-preview:-1\" \/>\n<link rel=\"canonical\" href=\"https:\/\/institucional.ufrrj.br\/portalcpda\/temas-do-sistema-agroalimentar-e-desenvolvimento-sustentavel\/\" \/>\n<meta property=\"og:locale\" content=\"pt_BR\" \/>\n<meta property=\"og:type\" content=\"article\" \/>\n<meta property=\"og:title\" content=\"Temas do sistema agroalimentar - CPDA\" \/>\n<meta property=\"og:description\" content=\"IH 1548 Disciplina espec\u00edfica da linha Institui\u00e7\u00f5es, mercado e regula\u00e7\u00e3o N\u00famero de cr\u00e9ditos: 3 Horas aula: 4 (2 te\u00f3ricas e ... leia mais\" \/>\n<meta property=\"og:url\" content=\"https:\/\/institucional.ufrrj.br\/portalcpda\/temas-do-sistema-agroalimentar-e-desenvolvimento-sustentavel\/\" \/>\n<meta property=\"og:site_name\" content=\"CPDA\" \/>\n<meta property=\"article:modified_time\" content=\"2018-06-29T19:15:23+00:00\" \/>\n<meta name=\"twitter:card\" content=\"summary_large_image\" \/>\n<meta name=\"twitter:label1\" content=\"Est. tempo de leitura\" \/>\n\t<meta name=\"twitter:data1\" content=\"2 minutos\" \/>\n<script type=\"application\/ld+json\" class=\"yoast-schema-graph\">{\"@context\":\"https:\/\/schema.org\",\"@graph\":[{\"@type\":\"WebPage\",\"@id\":\"https:\/\/institucional.ufrrj.br\/portalcpda\/temas-do-sistema-agroalimentar-e-desenvolvimento-sustentavel\/\",\"url\":\"https:\/\/institucional.ufrrj.br\/portalcpda\/temas-do-sistema-agroalimentar-e-desenvolvimento-sustentavel\/\",\"name\":\"Temas do sistema agroalimentar - CPDA\",\"isPartOf\":{\"@id\":\"https:\/\/institucional.ufrrj.br\/portalcpda\/#website\"},\"datePublished\":\"2011-07-05T19:23:41+00:00\",\"dateModified\":\"2018-06-29T19:15:23+00:00\",\"breadcrumb\":{\"@id\":\"https:\/\/institucional.ufrrj.br\/portalcpda\/temas-do-sistema-agroalimentar-e-desenvolvimento-sustentavel\/#breadcrumb\"},\"inLanguage\":\"pt-BR\",\"potentialAction\":[{\"@type\":\"ReadAction\",\"target\":[\"https:\/\/institucional.ufrrj.br\/portalcpda\/temas-do-sistema-agroalimentar-e-desenvolvimento-sustentavel\/\"]}]},{\"@type\":\"BreadcrumbList\",\"@id\":\"https:\/\/institucional.ufrrj.br\/portalcpda\/temas-do-sistema-agroalimentar-e-desenvolvimento-sustentavel\/#breadcrumb\",\"itemListElement\":[{\"@type\":\"ListItem\",\"position\":1,\"name\":\"In\u00edcio\",\"item\":\"https:\/\/institucional.ufrrj.br\/portalcpda\/\"},{\"@type\":\"ListItem\",\"position\":2,\"name\":\"Temas do sistema agroalimentar\"}]},{\"@type\":\"WebSite\",\"@id\":\"https:\/\/institucional.ufrrj.br\/portalcpda\/#website\",\"url\":\"https:\/\/institucional.ufrrj.br\/portalcpda\/\",\"name\":\"CPDA\",\"description\":\"institucional.ufrrj.br\",\"potentialAction\":[{\"@type\":\"SearchAction\",\"target\":{\"@type\":\"EntryPoint\",\"urlTemplate\":\"https:\/\/institucional.ufrrj.br\/portalcpda\/?s={search_term_string}\"},\"query-input\":{\"@type\":\"PropertyValueSpecification\",\"valueRequired\":true,\"valueName\":\"search_term_string\"}}],\"inLanguage\":\"pt-BR\"}]}<\/script>\n<!-- \/ Yoast SEO plugin. -->","yoast_head_json":{"title":"Temas do sistema agroalimentar - CPDA","robots":{"index":"index","follow":"follow","max-snippet":"max-snippet:-1","max-image-preview":"max-image-preview:large","max-video-preview":"max-video-preview:-1"},"canonical":"https:\/\/institucional.ufrrj.br\/portalcpda\/temas-do-sistema-agroalimentar-e-desenvolvimento-sustentavel\/","og_locale":"pt_BR","og_type":"article","og_title":"Temas do sistema agroalimentar - CPDA","og_description":"IH 1548 Disciplina espec\u00edfica da linha Institui\u00e7\u00f5es, mercado e regula\u00e7\u00e3o N\u00famero de cr\u00e9ditos: 3 Horas aula: 4 (2 te\u00f3ricas e ... leia mais","og_url":"https:\/\/institucional.ufrrj.br\/portalcpda\/temas-do-sistema-agroalimentar-e-desenvolvimento-sustentavel\/","og_site_name":"CPDA","article_modified_time":"2018-06-29T19:15:23+00:00","twitter_card":"summary_large_image","twitter_misc":{"Est. tempo de leitura":"2 minutos"},"schema":{"@context":"https:\/\/schema.org","@graph":[{"@type":"WebPage","@id":"https:\/\/institucional.ufrrj.br\/portalcpda\/temas-do-sistema-agroalimentar-e-desenvolvimento-sustentavel\/","url":"https:\/\/institucional.ufrrj.br\/portalcpda\/temas-do-sistema-agroalimentar-e-desenvolvimento-sustentavel\/","name":"Temas do sistema agroalimentar - CPDA","isPartOf":{"@id":"https:\/\/institucional.ufrrj.br\/portalcpda\/#website"},"datePublished":"2011-07-05T19:23:41+00:00","dateModified":"2018-06-29T19:15:23+00:00","breadcrumb":{"@id":"https:\/\/institucional.ufrrj.br\/portalcpda\/temas-do-sistema-agroalimentar-e-desenvolvimento-sustentavel\/#breadcrumb"},"inLanguage":"pt-BR","potentialAction":[{"@type":"ReadAction","target":["https:\/\/institucional.ufrrj.br\/portalcpda\/temas-do-sistema-agroalimentar-e-desenvolvimento-sustentavel\/"]}]},{"@type":"BreadcrumbList","@id":"https:\/\/institucional.ufrrj.br\/portalcpda\/temas-do-sistema-agroalimentar-e-desenvolvimento-sustentavel\/#breadcrumb","itemListElement":[{"@type":"ListItem","position":1,"name":"In\u00edcio","item":"https:\/\/institucional.ufrrj.br\/portalcpda\/"},{"@type":"ListItem","position":2,"name":"Temas do sistema agroalimentar"}]},{"@type":"WebSite","@id":"https:\/\/institucional.ufrrj.br\/portalcpda\/#website","url":"https:\/\/institucional.ufrrj.br\/portalcpda\/","name":"CPDA","description":"institucional.ufrrj.br","potentialAction":[{"@type":"SearchAction","target":{"@type":"EntryPoint","urlTemplate":"https:\/\/institucional.ufrrj.br\/portalcpda\/?s={search_term_string}"},"query-input":{"@type":"PropertyValueSpecification","valueRequired":true,"valueName":"search_term_string"}}],"inLanguage":"pt-BR"}]}},"acf":[],"_links":{"self":[{"href":"https:\/\/institucional.ufrrj.br\/portalcpda\/wp-json\/wp\/v2\/pages\/175","targetHints":{"allow":["GET"]}}],"collection":[{"href":"https:\/\/institucional.ufrrj.br\/portalcpda\/wp-json\/wp\/v2\/pages"}],"about":[{"href":"https:\/\/institucional.ufrrj.br\/portalcpda\/wp-json\/wp\/v2\/types\/page"}],"author":[{"embeddable":true,"href":"https:\/\/institucional.ufrrj.br\/portalcpda\/wp-json\/wp\/v2\/users\/634"}],"replies":[{"embeddable":true,"href":"https:\/\/institucional.ufrrj.br\/portalcpda\/wp-json\/wp\/v2\/comments?post=175"}],"version-history":[{"count":1,"href":"https:\/\/institucional.ufrrj.br\/portalcpda\/wp-json\/wp\/v2\/pages\/175\/revisions"}],"predecessor-version":[{"id":13339,"href":"https:\/\/institucional.ufrrj.br\/portalcpda\/wp-json\/wp\/v2\/pages\/175\/revisions\/13339"}],"wp:attachment":[{"href":"https:\/\/institucional.ufrrj.br\/portalcpda\/wp-json\/wp\/v2\/media?parent=175"}],"curies":[{"name":"wp","href":"https:\/\/api.w.org\/{rel}","templated":true}]}}