{"id":173,"date":"2011-03-05T19:22:58","date_gmt":"2011-03-05T22:22:58","guid":{"rendered":"http:\/\/r1.ufrrj.br\/cpda\/?page_id=173"},"modified":"2018-06-29T16:14:01","modified_gmt":"2018-06-29T19:14:01","slug":"instituicoes-organizacoes-e-estrategias","status":"publish","type":"page","link":"https:\/\/institucional.ufrrj.br\/portalcpda\/instituicoes-organizacoes-e-estrategias\/","title":{"rendered":"Institui\u00e7\u00f5es, organiza\u00e7\u00f5es e estrat\u00e9gias"},"content":{"rendered":"","protected":false},"excerpt":{"rendered":"","protected":false},"author":634,"featured_media":0,"parent":0,"menu_order":0,"comment_status":"open","ping_status":"open","template":"","meta":{"_acf_changed":false,"footnotes":""},"class_list":["post-173","page","type-page","status-publish","hentry"],"yoast_head":"<!-- This site is optimized with the Yoast SEO plugin v27.2 - https:\/\/yoast.com\/product\/yoast-seo-wordpress\/ -->\n<title>Institui\u00e7\u00f5es, organiza\u00e7\u00f5es e estrat\u00e9gias - CPDA<\/title>\n<meta name=\"robots\" content=\"index, follow, max-snippet:-1, max-image-preview:large, max-video-preview:-1\" \/>\n<link rel=\"canonical\" href=\"https:\/\/institucional.ufrrj.br\/portalcpda\/instituicoes-organizacoes-e-estrategias\/\" \/>\n<meta property=\"og:locale\" content=\"pt_BR\" \/>\n<meta property=\"og:type\" content=\"article\" \/>\n<meta property=\"og:title\" content=\"Institui\u00e7\u00f5es, organiza\u00e7\u00f5es e estrat\u00e9gias - CPDA\" \/>\n<meta property=\"og:url\" content=\"https:\/\/institucional.ufrrj.br\/portalcpda\/instituicoes-organizacoes-e-estrategias\/\" \/>\n<meta property=\"og:site_name\" content=\"CPDA\" \/>\n<meta property=\"article:modified_time\" content=\"2018-06-29T19:14:01+00:00\" \/>\n<meta name=\"twitter:card\" content=\"summary_large_image\" \/>\n<script type=\"application\/ld+json\" class=\"yoast-schema-graph\">{\"@context\":\"https:\/\/schema.org\",\"@graph\":[{\"@type\":\"WebPage\",\"@id\":\"https:\/\/institucional.ufrrj.br\/portalcpda\/instituicoes-organizacoes-e-estrategias\/\",\"url\":\"https:\/\/institucional.ufrrj.br\/portalcpda\/instituicoes-organizacoes-e-estrategias\/\",\"name\":\"Institui\u00e7\u00f5es, organiza\u00e7\u00f5es e estrat\u00e9gias - CPDA\",\"isPartOf\":{\"@id\":\"https:\/\/institucional.ufrrj.br\/portalcpda\/#website\"},\"datePublished\":\"2011-03-05T22:22:58+00:00\",\"dateModified\":\"2018-06-29T19:14:01+00:00\",\"breadcrumb\":{\"@id\":\"https:\/\/institucional.ufrrj.br\/portalcpda\/instituicoes-organizacoes-e-estrategias\/#breadcrumb\"},\"inLanguage\":\"pt-BR\",\"potentialAction\":[{\"@type\":\"ReadAction\",\"target\":[\"https:\/\/institucional.ufrrj.br\/portalcpda\/instituicoes-organizacoes-e-estrategias\/\"]}]},{\"@type\":\"BreadcrumbList\",\"@id\":\"https:\/\/institucional.ufrrj.br\/portalcpda\/instituicoes-organizacoes-e-estrategias\/#breadcrumb\",\"itemListElement\":[{\"@type\":\"ListItem\",\"position\":1,\"name\":\"In\u00edcio\",\"item\":\"https:\/\/institucional.ufrrj.br\/portalcpda\/\"},{\"@type\":\"ListItem\",\"position\":2,\"name\":\"Institui\u00e7\u00f5es, organiza\u00e7\u00f5es e estrat\u00e9gias\"}]},{\"@type\":\"WebSite\",\"@id\":\"https:\/\/institucional.ufrrj.br\/portalcpda\/#website\",\"url\":\"https:\/\/institucional.ufrrj.br\/portalcpda\/\",\"name\":\"CPDA\",\"description\":\"institucional.ufrrj.br\",\"potentialAction\":[{\"@type\":\"SearchAction\",\"target\":{\"@type\":\"EntryPoint\",\"urlTemplate\":\"https:\/\/institucional.ufrrj.br\/portalcpda\/?s={search_term_string}\"},\"query-input\":{\"@type\":\"PropertyValueSpecification\",\"valueRequired\":true,\"valueName\":\"search_term_string\"}}],\"inLanguage\":\"pt-BR\"}]}<\/script>\n<!-- \/ Yoast SEO plugin. -->","yoast_head_json":{"title":"Institui\u00e7\u00f5es, organiza\u00e7\u00f5es e estrat\u00e9gias - CPDA","robots":{"index":"index","follow":"follow","max-snippet":"max-snippet:-1","max-image-preview":"max-image-preview:large","max-video-preview":"max-video-preview:-1"},"canonical":"https:\/\/institucional.ufrrj.br\/portalcpda\/instituicoes-organizacoes-e-estrategias\/","og_locale":"pt_BR","og_type":"article","og_title":"Institui\u00e7\u00f5es, organiza\u00e7\u00f5es e estrat\u00e9gias - CPDA","og_url":"https:\/\/institucional.ufrrj.br\/portalcpda\/instituicoes-organizacoes-e-estrategias\/","og_site_name":"CPDA","article_modified_time":"2018-06-29T19:14:01+00:00","twitter_card":"summary_large_image","schema":{"@context":"https:\/\/schema.org","@graph":[{"@type":"WebPage","@id":"https:\/\/institucional.ufrrj.br\/portalcpda\/instituicoes-organizacoes-e-estrategias\/","url":"https:\/\/institucional.ufrrj.br\/portalcpda\/instituicoes-organizacoes-e-estrategias\/","name":"Institui\u00e7\u00f5es, organiza\u00e7\u00f5es e estrat\u00e9gias - CPDA","isPartOf":{"@id":"https:\/\/institucional.ufrrj.br\/portalcpda\/#website"},"datePublished":"2011-03-05T22:22:58+00:00","dateModified":"2018-06-29T19:14:01+00:00","breadcrumb":{"@id":"https:\/\/institucional.ufrrj.br\/portalcpda\/instituicoes-organizacoes-e-estrategias\/#breadcrumb"},"inLanguage":"pt-BR","potentialAction":[{"@type":"ReadAction","target":["https:\/\/institucional.ufrrj.br\/portalcpda\/instituicoes-organizacoes-e-estrategias\/"]}]},{"@type":"BreadcrumbList","@id":"https:\/\/institucional.ufrrj.br\/portalcpda\/instituicoes-organizacoes-e-estrategias\/#breadcrumb","itemListElement":[{"@type":"ListItem","position":1,"name":"In\u00edcio","item":"https:\/\/institucional.ufrrj.br\/portalcpda\/"},{"@type":"ListItem","position":2,"name":"Institui\u00e7\u00f5es, organiza\u00e7\u00f5es e estrat\u00e9gias"}]},{"@type":"WebSite","@id":"https:\/\/institucional.ufrrj.br\/portalcpda\/#website","url":"https:\/\/institucional.ufrrj.br\/portalcpda\/","name":"CPDA","description":"institucional.ufrrj.br","potentialAction":[{"@type":"SearchAction","target":{"@type":"EntryPoint","urlTemplate":"https:\/\/institucional.ufrrj.br\/portalcpda\/?s={search_term_string}"},"query-input":{"@type":"PropertyValueSpecification","valueRequired":true,"valueName":"search_term_string"}}],"inLanguage":"pt-BR"}]}},"acf":[],"_links":{"self":[{"href":"https:\/\/institucional.ufrrj.br\/portalcpda\/wp-json\/wp\/v2\/pages\/173","targetHints":{"allow":["GET"]}}],"collection":[{"href":"https:\/\/institucional.ufrrj.br\/portalcpda\/wp-json\/wp\/v2\/pages"}],"about":[{"href":"https:\/\/institucional.ufrrj.br\/portalcpda\/wp-json\/wp\/v2\/types\/page"}],"author":[{"embeddable":true,"href":"https:\/\/institucional.ufrrj.br\/portalcpda\/wp-json\/wp\/v2\/users\/634"}],"replies":[{"embeddable":true,"href":"https:\/\/institucional.ufrrj.br\/portalcpda\/wp-json\/wp\/v2\/comments?post=173"}],"version-history":[{"count":1,"href":"https:\/\/institucional.ufrrj.br\/portalcpda\/wp-json\/wp\/v2\/pages\/173\/revisions"}],"predecessor-version":[{"id":13338,"href":"https:\/\/institucional.ufrrj.br\/portalcpda\/wp-json\/wp\/v2\/pages\/173\/revisions\/13338"}],"wp:attachment":[{"href":"https:\/\/institucional.ufrrj.br\/portalcpda\/wp-json\/wp\/v2\/media?parent=173"}],"curies":[{"name":"wp","href":"https:\/\/api.w.org\/{rel}","templated":true}]}}