{"id":171,"date":"2011-07-05T19:22:03","date_gmt":"2011-07-05T19:22:03","guid":{"rendered":"http:\/\/r1.ufrrj.br\/cpda\/?page_id=171"},"modified":"2018-06-29T16:13:30","modified_gmt":"2018-06-29T19:13:30","slug":"economia-brasileira","status":"publish","type":"page","link":"https:\/\/institucional.ufrrj.br\/portalcpda\/economia-brasileira\/","title":{"rendered":"Economia brasileira"},"content":{"rendered":"<p style=\"text-align: justify\">IH 1520<br \/>\nDisciplina espec\u00edfica da linha Institui\u00e7\u00f5es, mercado e regula\u00e7\u00e3o<br \/>\nN\u00famero de cr\u00e9ditos : 3<br \/>\nCarga hor\u00e1ria: 4 horas aulas semanais (2 te\u00f3ricas e 2 pr\u00e1ticas)<br \/>\nProfessor respons\u00e1vel: S\u00e9rgio Pereira Leite<\/p>\n<p style=\"text-align: justify\"><strong>Objetivos <\/strong><\/p>\n<p style=\"text-align: justify\">Possibilitar ao aluno a compreens\u00e3o das transforma\u00e7\u00f5es da economia brasileira ao longo do s\u00e9culo XX, especialmente no que tange ao processo de industrializa\u00e7\u00e3o e ao manejo das pol\u00edticas macroecon\u00f4micas.<\/p>\n<p style=\"text-align: justify\"><strong>Ementa <\/strong><\/p>\n<p style=\"text-align: justify\">O curso tem por objetivo apresentar as principais transforma\u00e7\u00f5es atinentes \u00e0 economia brasileira a partir do in\u00edcio do s\u00e9culo XX, com \u00eanfase no per\u00edodo subseq\u00fcente \u00e0 Segunda Guerra Mundial. Est\u00e1 estruturado em duas partes: a primeira percorre os diferentes momentos da economia nacional, destacando processos e pol\u00edticas econ\u00f4micas e sua interface com a an\u00e1lise das formas de interven\u00e7\u00e3o do Estado. A segunda parte, voltando-se sobre todo o trajeto anterior, prop\u00f5e algumas quest\u00f5es e temas para reflex\u00e3o sobre essa experi\u00eancia, tendo como v\u00e9rtice a discuss\u00e3o em torno da no\u00e7\u00e3o de padr\u00e3o de desenvolvimento, suas poss\u00edveis interpreta\u00e7\u00f5es e periodiza\u00e7\u00f5es estabelecidas. Enfatiza-se nesse segundo momento do curso uma reflex\u00e3o sobre o papel da agricultura no desenvolvimento nacional, bem como a participa\u00e7\u00e3o da atividade agropecu\u00e1ria no rol do n\u00edvel de atividade econ\u00f4mica mais geral.<\/p>\n<p style=\"text-align: justify\"><strong>Bibliografia<\/strong><\/p>\n<p style=\"text-align: justify\">ABREU, M. P. (org.) A ordem do progresso. Rio de Janeiro: Campus, 1992.<br \/>\nBAER, M. O rumo perdido: a crise fiscal e financeira do Estado brasileiro. Rio de Janeiro: Paz e Terra, 1993.<br \/>\nCARNEIRO, R. Desenvolvimento em crise: a economia brasileira no \u00faltimo quarto do s\u00e9culo XX. S\u00e3o Paulo: Edunesp-Edunicamp, 2002.<br \/>\nDRAIBE, S. Rumos e metamorfoses: Estado e industrializa\u00e7\u00e3o no Brasil &#8211; 1930\/1960. Rio de Janeiro: Paz e Terra, 1985.<br \/>\nFRANCO, G. O desafio brasileiro: ensaios sobre desenvolvimento, globaliza\u00e7\u00e3o e moeda. Rio de Janeiro: Editora 34, 1999.<br \/>\nGOLDENSTEIN, L. Repensando a depend\u00eancia. Rio de Janeiro: Paz e Terra, 1994.<br \/>\nLESSA, C. 15 anos de pol\u00edtica econ\u00f4mica. S.Paulo: Brasiliense, 1982. 3a. ed.<br \/>\nMELLO, Jo\u00e3o M. C. de. O capitalismo tardio. S\u00e3o Paulo: Brasiliense, 1986. 5a. ed.<br \/>\nSERRA, J. Ciclos e mudan\u00e7as estruturais na economia brasileira do ap\u00f3s-guerra. In: Belluzzo,L.G.M., Coutinho,R. (orgs.). Desenvolvimento capitalista no Brasil, v.1, S\u00e3o Paulo: Brasiliense, 1984. 3a. ed.<br \/>\nSUZIGAN, W. Ind\u00fastria brasileira: origem e desenvolvimento. S\u00e3o Paulo: Hucitec, 2000<\/p>\n","protected":false},"excerpt":{"rendered":"<p>IH 1520 Disciplina espec\u00edfica da linha Institui\u00e7\u00f5es, mercado e regula\u00e7\u00e3o N\u00famero de cr\u00e9ditos : 3 Carga hor\u00e1ria: 4 horas aulas <a class=\"read-more\" href=\"https:\/\/institucional.ufrrj.br\/portalcpda\/economia-brasileira\/ \" >&#8230; <span class=\"font-italic\">leia mais <i class=\"fas fa-angle-right\"><\/i><\/span><\/a><\/p>\n","protected":false},"author":634,"featured_media":0,"parent":0,"menu_order":0,"comment_status":"open","ping_status":"open","template":"","meta":{"_acf_changed":false,"footnotes":""},"class_list":["post-171","page","type-page","status-publish","hentry"],"yoast_head":"<!-- This site is optimized with the Yoast SEO plugin v27.2 - https:\/\/yoast.com\/product\/yoast-seo-wordpress\/ -->\n<title>Economia brasileira - CPDA<\/title>\n<meta name=\"robots\" content=\"index, follow, max-snippet:-1, max-image-preview:large, max-video-preview:-1\" \/>\n<link rel=\"canonical\" href=\"https:\/\/institucional.ufrrj.br\/portalcpda\/economia-brasileira\/\" \/>\n<meta property=\"og:locale\" content=\"pt_BR\" \/>\n<meta property=\"og:type\" content=\"article\" \/>\n<meta property=\"og:title\" content=\"Economia brasileira - CPDA\" \/>\n<meta property=\"og:description\" content=\"IH 1520 Disciplina espec\u00edfica da linha Institui\u00e7\u00f5es, mercado e regula\u00e7\u00e3o N\u00famero de cr\u00e9ditos : 3 Carga hor\u00e1ria: 4 horas aulas ... leia mais\" \/>\n<meta property=\"og:url\" content=\"https:\/\/institucional.ufrrj.br\/portalcpda\/economia-brasileira\/\" \/>\n<meta property=\"og:site_name\" content=\"CPDA\" \/>\n<meta property=\"article:modified_time\" content=\"2018-06-29T19:13:30+00:00\" \/>\n<meta name=\"twitter:card\" content=\"summary_large_image\" \/>\n<meta name=\"twitter:label1\" content=\"Est. tempo de leitura\" \/>\n\t<meta name=\"twitter:data1\" content=\"2 minutos\" \/>\n<script type=\"application\/ld+json\" class=\"yoast-schema-graph\">{\"@context\":\"https:\/\/schema.org\",\"@graph\":[{\"@type\":\"WebPage\",\"@id\":\"https:\/\/institucional.ufrrj.br\/portalcpda\/economia-brasileira\/\",\"url\":\"https:\/\/institucional.ufrrj.br\/portalcpda\/economia-brasileira\/\",\"name\":\"Economia brasileira - CPDA\",\"isPartOf\":{\"@id\":\"https:\/\/institucional.ufrrj.br\/portalcpda\/#website\"},\"datePublished\":\"2011-07-05T19:22:03+00:00\",\"dateModified\":\"2018-06-29T19:13:30+00:00\",\"breadcrumb\":{\"@id\":\"https:\/\/institucional.ufrrj.br\/portalcpda\/economia-brasileira\/#breadcrumb\"},\"inLanguage\":\"pt-BR\",\"potentialAction\":[{\"@type\":\"ReadAction\",\"target\":[\"https:\/\/institucional.ufrrj.br\/portalcpda\/economia-brasileira\/\"]}]},{\"@type\":\"BreadcrumbList\",\"@id\":\"https:\/\/institucional.ufrrj.br\/portalcpda\/economia-brasileira\/#breadcrumb\",\"itemListElement\":[{\"@type\":\"ListItem\",\"position\":1,\"name\":\"In\u00edcio\",\"item\":\"https:\/\/institucional.ufrrj.br\/portalcpda\/\"},{\"@type\":\"ListItem\",\"position\":2,\"name\":\"Economia brasileira\"}]},{\"@type\":\"WebSite\",\"@id\":\"https:\/\/institucional.ufrrj.br\/portalcpda\/#website\",\"url\":\"https:\/\/institucional.ufrrj.br\/portalcpda\/\",\"name\":\"CPDA\",\"description\":\"institucional.ufrrj.br\",\"potentialAction\":[{\"@type\":\"SearchAction\",\"target\":{\"@type\":\"EntryPoint\",\"urlTemplate\":\"https:\/\/institucional.ufrrj.br\/portalcpda\/?s={search_term_string}\"},\"query-input\":{\"@type\":\"PropertyValueSpecification\",\"valueRequired\":true,\"valueName\":\"search_term_string\"}}],\"inLanguage\":\"pt-BR\"}]}<\/script>\n<!-- \/ Yoast SEO plugin. -->","yoast_head_json":{"title":"Economia brasileira - CPDA","robots":{"index":"index","follow":"follow","max-snippet":"max-snippet:-1","max-image-preview":"max-image-preview:large","max-video-preview":"max-video-preview:-1"},"canonical":"https:\/\/institucional.ufrrj.br\/portalcpda\/economia-brasileira\/","og_locale":"pt_BR","og_type":"article","og_title":"Economia brasileira - CPDA","og_description":"IH 1520 Disciplina espec\u00edfica da linha Institui\u00e7\u00f5es, mercado e regula\u00e7\u00e3o N\u00famero de cr\u00e9ditos : 3 Carga hor\u00e1ria: 4 horas aulas ... leia mais","og_url":"https:\/\/institucional.ufrrj.br\/portalcpda\/economia-brasileira\/","og_site_name":"CPDA","article_modified_time":"2018-06-29T19:13:30+00:00","twitter_card":"summary_large_image","twitter_misc":{"Est. tempo de leitura":"2 minutos"},"schema":{"@context":"https:\/\/schema.org","@graph":[{"@type":"WebPage","@id":"https:\/\/institucional.ufrrj.br\/portalcpda\/economia-brasileira\/","url":"https:\/\/institucional.ufrrj.br\/portalcpda\/economia-brasileira\/","name":"Economia brasileira - CPDA","isPartOf":{"@id":"https:\/\/institucional.ufrrj.br\/portalcpda\/#website"},"datePublished":"2011-07-05T19:22:03+00:00","dateModified":"2018-06-29T19:13:30+00:00","breadcrumb":{"@id":"https:\/\/institucional.ufrrj.br\/portalcpda\/economia-brasileira\/#breadcrumb"},"inLanguage":"pt-BR","potentialAction":[{"@type":"ReadAction","target":["https:\/\/institucional.ufrrj.br\/portalcpda\/economia-brasileira\/"]}]},{"@type":"BreadcrumbList","@id":"https:\/\/institucional.ufrrj.br\/portalcpda\/economia-brasileira\/#breadcrumb","itemListElement":[{"@type":"ListItem","position":1,"name":"In\u00edcio","item":"https:\/\/institucional.ufrrj.br\/portalcpda\/"},{"@type":"ListItem","position":2,"name":"Economia brasileira"}]},{"@type":"WebSite","@id":"https:\/\/institucional.ufrrj.br\/portalcpda\/#website","url":"https:\/\/institucional.ufrrj.br\/portalcpda\/","name":"CPDA","description":"institucional.ufrrj.br","potentialAction":[{"@type":"SearchAction","target":{"@type":"EntryPoint","urlTemplate":"https:\/\/institucional.ufrrj.br\/portalcpda\/?s={search_term_string}"},"query-input":{"@type":"PropertyValueSpecification","valueRequired":true,"valueName":"search_term_string"}}],"inLanguage":"pt-BR"}]}},"acf":[],"_links":{"self":[{"href":"https:\/\/institucional.ufrrj.br\/portalcpda\/wp-json\/wp\/v2\/pages\/171","targetHints":{"allow":["GET"]}}],"collection":[{"href":"https:\/\/institucional.ufrrj.br\/portalcpda\/wp-json\/wp\/v2\/pages"}],"about":[{"href":"https:\/\/institucional.ufrrj.br\/portalcpda\/wp-json\/wp\/v2\/types\/page"}],"author":[{"embeddable":true,"href":"https:\/\/institucional.ufrrj.br\/portalcpda\/wp-json\/wp\/v2\/users\/634"}],"replies":[{"embeddable":true,"href":"https:\/\/institucional.ufrrj.br\/portalcpda\/wp-json\/wp\/v2\/comments?post=171"}],"version-history":[{"count":2,"href":"https:\/\/institucional.ufrrj.br\/portalcpda\/wp-json\/wp\/v2\/pages\/171\/revisions"}],"predecessor-version":[{"id":14379,"href":"https:\/\/institucional.ufrrj.br\/portalcpda\/wp-json\/wp\/v2\/pages\/171\/revisions\/14379"}],"wp:attachment":[{"href":"https:\/\/institucional.ufrrj.br\/portalcpda\/wp-json\/wp\/v2\/media?parent=171"}],"curies":[{"name":"wp","href":"https:\/\/api.w.org\/{rel}","templated":true}]}}