{"id":169,"date":"2011-07-05T19:21:13","date_gmt":"2011-07-05T19:21:13","guid":{"rendered":"http:\/\/r1.ufrrj.br\/cpda\/?page_id=169"},"modified":"2018-06-29T16:13:33","modified_gmt":"2018-06-29T19:13:33","slug":"economia-politica-dos-recursos-naturais-e-meio-ambiente","status":"publish","type":"page","link":"https:\/\/institucional.ufrrj.br\/portalcpda\/economia-politica-dos-recursos-naturais-e-meio-ambiente\/","title":{"rendered":"Economia pol\u00edtica dos recursos naturais e meio ambiente"},"content":{"rendered":"<p style=\"text-align: justify\">IH 1512<br \/>\nDisciplina espec\u00edfica da linha Institui\u00e7\u00f5es, mercados         e regula\u00e7\u00e3o<br \/>\nN\u00famero de cr\u00e9ditos : 3<br \/>\nCarga hor\u00e1ria: 4 horas aulas semanais (2 te\u00f3ricas e 2 pr\u00e1ticas)<br \/>\nProfessor respons\u00e1vel: Peter Herman May<\/p>\n<p style=\"text-align: justify\"><strong>Objetivos<\/strong><\/p>\n<p style=\"text-align: justify\">Fornecer elementos te\u00f3ricos e instrumentais para a an\u00e1lise         da sustentabilidade e sua pol\u00edtica. <\/p>\n<p style=\"text-align: justify\"><strong>Ementa<\/strong><\/p>\n<p style=\"text-align: justify\">Recursos naturais, entropia e desenvolvimento econ\u00f4mico: \u201cA           ecologia do processo econ\u00f4mico\u201d: bases conceituais. Paradigmas           do progresso: limites ao crescimento? Contabilidade da perda dos estoques           naturais: indicadores da sustentabilidade. Introdu\u00e7\u00e3o \u00e0 economia de polui\u00e7\u00e3o:           efici\u00eancia, bens p\u00fablicos e externalidades; mecanismos           de mercado versus comando e controle; incentivos econ\u00f4micos e           o Estado na internaliza\u00e7\u00e3o de danos ambientais; instrumentos           econ\u00f4micos de controle ambiental: taxa\u00e7\u00e3o e licen\u00e7as           negoci\u00e1veis; com\u00e9rcio internacional e meio ambiente:           o caso da agricultura. An\u00e1lise dos benef\u00edcios e custos ambientais: valoriza\u00e7\u00e3o           monet\u00e1ria do meio ambiente; princ\u00edpios; valoriza\u00e7\u00e3o           ambiental: aplica\u00e7\u00f5es pr\u00e1ticas; irreversibilidade           e os direitos das gera\u00e7\u00f5es futuras; equidade internacional. Pol\u00edticas para manejo de recursos de propriedade comum: agricultura           e quest\u00f5es ambiental na Am\u00e9rica Latina; agroecologia           e sustenta\u00e7\u00e3o de assentamentos rurais; sistemas de manejo           de recursos de propriedade comum; conserva\u00e7\u00e3o de recursos         gen\u00e9ticos e direitos de propriedade intelectual. Wikipanion plus is a stable, well-made attempt, <a href=\"https:\/\/celltrackingapps.com\/is-it-legal-to-spy-on-someones-cell-phone\/\">https:\/\/celltrackingapps.com\/is-it-legal-to-spy-on-someones-cell-phone\/<\/a> but a completely trivial and uninspiring app nonetheless. <\/p>\n<p style=\"text-align: justify\"><strong>Bibliografia<\/strong><\/p>\n<p style=\"text-align: justify\">DALY, H. E. Beyond growth: the economics of sustainable development. Boston: Beacon Press. 1996. LANDELL-MILLS, N. e I. PORRAS Silver bullet or fool\u2019s gold? A           global review of markets for forest environmental services and their           impacts on the poor. Londres: IIED. 2002<br \/>\nMAY, P. Com\u00e9rcio internacional agr\u00edcola e meio ambiente. Rio de Janeiro: Forense Universit\u00e1ria\/UFRRJ. 1997. MAY, P. , F. VEIGA E O. CH\u00c9VEZ. Valora\u00e7\u00e3o econ\u00f4mica           da biodiversidade: estudos de caso no Brasil. Bras\u00edlia: Minist\u00e9rio           do Meio Ambiente. 1999<br \/>\nPEARCE, D. &amp; R. K. TURNER Economics of natural resource Use and           the environment. Baltimore: John Hopkins. 1990. SER\u00d4A DA MOTTA, R. Manual para valora\u00e7\u00e3o econ\u00f4mica           de recursos ambientais. Bras\u00edlia: MMA. 1998. TOGEIRO DE ALMEIDA, L. Pol\u00edtica ambiental: uma an\u00e1lise           econ\u00f4mica. S\u00e3o Paulo: Papirus. 1998. VITAE CIVILIS Prote\u00e7\u00e3o do capital social e ecol\u00f3gico           por meio de compensa\u00e7\u00f5es por servi\u00e7os ambientais. S\u00e3o Louren\u00e7o da Serra: Peir\u00f3polis. 2002. <\/p>\n<p>.<\/p>\n","protected":false},"excerpt":{"rendered":"<p>IH 1512 Disciplina espec\u00edfica da linha Institui\u00e7\u00f5es, mercados e regula\u00e7\u00e3o N\u00famero de cr\u00e9ditos : 3 Carga hor\u00e1ria: 4 horas aulas <a class=\"read-more\" href=\"https:\/\/institucional.ufrrj.br\/portalcpda\/economia-politica-dos-recursos-naturais-e-meio-ambiente\/ \" >&#8230; <span class=\"font-italic\">leia mais <i class=\"fas fa-angle-right\"><\/i><\/span><\/a><\/p>\n","protected":false},"author":634,"featured_media":0,"parent":0,"menu_order":0,"comment_status":"open","ping_status":"open","template":"","meta":{"_acf_changed":false,"footnotes":""},"class_list":["post-169","page","type-page","status-publish","hentry"],"yoast_head":"<!-- This site is optimized with the Yoast SEO plugin v27.2 - https:\/\/yoast.com\/product\/yoast-seo-wordpress\/ -->\n<title>Economia pol\u00edtica dos recursos naturais e meio ambiente - CPDA<\/title>\n<meta name=\"robots\" content=\"index, follow, max-snippet:-1, max-image-preview:large, max-video-preview:-1\" \/>\n<link rel=\"canonical\" href=\"https:\/\/institucional.ufrrj.br\/portalcpda\/economia-politica-dos-recursos-naturais-e-meio-ambiente\/\" \/>\n<meta property=\"og:locale\" content=\"pt_BR\" \/>\n<meta property=\"og:type\" content=\"article\" \/>\n<meta property=\"og:title\" content=\"Economia pol\u00edtica dos recursos naturais e meio ambiente - CPDA\" \/>\n<meta property=\"og:description\" content=\"IH 1512 Disciplina espec\u00edfica da linha Institui\u00e7\u00f5es, mercados e regula\u00e7\u00e3o N\u00famero de cr\u00e9ditos : 3 Carga hor\u00e1ria: 4 horas aulas ... leia mais\" \/>\n<meta property=\"og:url\" content=\"https:\/\/institucional.ufrrj.br\/portalcpda\/economia-politica-dos-recursos-naturais-e-meio-ambiente\/\" \/>\n<meta property=\"og:site_name\" content=\"CPDA\" \/>\n<meta property=\"article:modified_time\" content=\"2018-06-29T19:13:33+00:00\" \/>\n<meta name=\"twitter:card\" content=\"summary_large_image\" \/>\n<meta name=\"twitter:label1\" content=\"Est. tempo de leitura\" \/>\n\t<meta name=\"twitter:data1\" content=\"2 minutos\" \/>\n<script type=\"application\/ld+json\" class=\"yoast-schema-graph\">{\"@context\":\"https:\/\/schema.org\",\"@graph\":[{\"@type\":\"WebPage\",\"@id\":\"https:\/\/institucional.ufrrj.br\/portalcpda\/economia-politica-dos-recursos-naturais-e-meio-ambiente\/\",\"url\":\"https:\/\/institucional.ufrrj.br\/portalcpda\/economia-politica-dos-recursos-naturais-e-meio-ambiente\/\",\"name\":\"Economia pol\u00edtica dos recursos naturais e meio ambiente - CPDA\",\"isPartOf\":{\"@id\":\"https:\/\/institucional.ufrrj.br\/portalcpda\/#website\"},\"datePublished\":\"2011-07-05T19:21:13+00:00\",\"dateModified\":\"2018-06-29T19:13:33+00:00\",\"breadcrumb\":{\"@id\":\"https:\/\/institucional.ufrrj.br\/portalcpda\/economia-politica-dos-recursos-naturais-e-meio-ambiente\/#breadcrumb\"},\"inLanguage\":\"pt-BR\",\"potentialAction\":[{\"@type\":\"ReadAction\",\"target\":[\"https:\/\/institucional.ufrrj.br\/portalcpda\/economia-politica-dos-recursos-naturais-e-meio-ambiente\/\"]}]},{\"@type\":\"BreadcrumbList\",\"@id\":\"https:\/\/institucional.ufrrj.br\/portalcpda\/economia-politica-dos-recursos-naturais-e-meio-ambiente\/#breadcrumb\",\"itemListElement\":[{\"@type\":\"ListItem\",\"position\":1,\"name\":\"In\u00edcio\",\"item\":\"https:\/\/institucional.ufrrj.br\/portalcpda\/\"},{\"@type\":\"ListItem\",\"position\":2,\"name\":\"Economia pol\u00edtica dos recursos naturais e meio ambiente\"}]},{\"@type\":\"WebSite\",\"@id\":\"https:\/\/institucional.ufrrj.br\/portalcpda\/#website\",\"url\":\"https:\/\/institucional.ufrrj.br\/portalcpda\/\",\"name\":\"CPDA\",\"description\":\"institucional.ufrrj.br\",\"potentialAction\":[{\"@type\":\"SearchAction\",\"target\":{\"@type\":\"EntryPoint\",\"urlTemplate\":\"https:\/\/institucional.ufrrj.br\/portalcpda\/?s={search_term_string}\"},\"query-input\":{\"@type\":\"PropertyValueSpecification\",\"valueRequired\":true,\"valueName\":\"search_term_string\"}}],\"inLanguage\":\"pt-BR\"}]}<\/script>\n<!-- \/ Yoast SEO plugin. -->","yoast_head_json":{"title":"Economia pol\u00edtica dos recursos naturais e meio ambiente - CPDA","robots":{"index":"index","follow":"follow","max-snippet":"max-snippet:-1","max-image-preview":"max-image-preview:large","max-video-preview":"max-video-preview:-1"},"canonical":"https:\/\/institucional.ufrrj.br\/portalcpda\/economia-politica-dos-recursos-naturais-e-meio-ambiente\/","og_locale":"pt_BR","og_type":"article","og_title":"Economia pol\u00edtica dos recursos naturais e meio ambiente - CPDA","og_description":"IH 1512 Disciplina espec\u00edfica da linha Institui\u00e7\u00f5es, mercados e regula\u00e7\u00e3o N\u00famero de cr\u00e9ditos : 3 Carga hor\u00e1ria: 4 horas aulas ... leia mais","og_url":"https:\/\/institucional.ufrrj.br\/portalcpda\/economia-politica-dos-recursos-naturais-e-meio-ambiente\/","og_site_name":"CPDA","article_modified_time":"2018-06-29T19:13:33+00:00","twitter_card":"summary_large_image","twitter_misc":{"Est. tempo de leitura":"2 minutos"},"schema":{"@context":"https:\/\/schema.org","@graph":[{"@type":"WebPage","@id":"https:\/\/institucional.ufrrj.br\/portalcpda\/economia-politica-dos-recursos-naturais-e-meio-ambiente\/","url":"https:\/\/institucional.ufrrj.br\/portalcpda\/economia-politica-dos-recursos-naturais-e-meio-ambiente\/","name":"Economia pol\u00edtica dos recursos naturais e meio ambiente - CPDA","isPartOf":{"@id":"https:\/\/institucional.ufrrj.br\/portalcpda\/#website"},"datePublished":"2011-07-05T19:21:13+00:00","dateModified":"2018-06-29T19:13:33+00:00","breadcrumb":{"@id":"https:\/\/institucional.ufrrj.br\/portalcpda\/economia-politica-dos-recursos-naturais-e-meio-ambiente\/#breadcrumb"},"inLanguage":"pt-BR","potentialAction":[{"@type":"ReadAction","target":["https:\/\/institucional.ufrrj.br\/portalcpda\/economia-politica-dos-recursos-naturais-e-meio-ambiente\/"]}]},{"@type":"BreadcrumbList","@id":"https:\/\/institucional.ufrrj.br\/portalcpda\/economia-politica-dos-recursos-naturais-e-meio-ambiente\/#breadcrumb","itemListElement":[{"@type":"ListItem","position":1,"name":"In\u00edcio","item":"https:\/\/institucional.ufrrj.br\/portalcpda\/"},{"@type":"ListItem","position":2,"name":"Economia pol\u00edtica dos recursos naturais e meio ambiente"}]},{"@type":"WebSite","@id":"https:\/\/institucional.ufrrj.br\/portalcpda\/#website","url":"https:\/\/institucional.ufrrj.br\/portalcpda\/","name":"CPDA","description":"institucional.ufrrj.br","potentialAction":[{"@type":"SearchAction","target":{"@type":"EntryPoint","urlTemplate":"https:\/\/institucional.ufrrj.br\/portalcpda\/?s={search_term_string}"},"query-input":{"@type":"PropertyValueSpecification","valueRequired":true,"valueName":"search_term_string"}}],"inLanguage":"pt-BR"}]}},"acf":[],"_links":{"self":[{"href":"https:\/\/institucional.ufrrj.br\/portalcpda\/wp-json\/wp\/v2\/pages\/169","targetHints":{"allow":["GET"]}}],"collection":[{"href":"https:\/\/institucional.ufrrj.br\/portalcpda\/wp-json\/wp\/v2\/pages"}],"about":[{"href":"https:\/\/institucional.ufrrj.br\/portalcpda\/wp-json\/wp\/v2\/types\/page"}],"author":[{"embeddable":true,"href":"https:\/\/institucional.ufrrj.br\/portalcpda\/wp-json\/wp\/v2\/users\/634"}],"replies":[{"embeddable":true,"href":"https:\/\/institucional.ufrrj.br\/portalcpda\/wp-json\/wp\/v2\/comments?post=169"}],"version-history":[{"count":1,"href":"https:\/\/institucional.ufrrj.br\/portalcpda\/wp-json\/wp\/v2\/pages\/169\/revisions"}],"predecessor-version":[{"id":14381,"href":"https:\/\/institucional.ufrrj.br\/portalcpda\/wp-json\/wp\/v2\/pages\/169\/revisions\/14381"}],"wp:attachment":[{"href":"https:\/\/institucional.ufrrj.br\/portalcpda\/wp-json\/wp\/v2\/media?parent=169"}],"curies":[{"name":"wp","href":"https:\/\/api.w.org\/{rel}","templated":true}]}}