{"id":163,"date":"2011-07-05T19:13:54","date_gmt":"2011-07-05T19:13:54","guid":{"rendered":"http:\/\/r1.ufrrj.br\/cpda\/?page_id=163"},"modified":"2018-06-29T16:14:46","modified_gmt":"2018-06-29T19:14:46","slug":"o-tema-da-cultura-no-cenario-contemporaneo","status":"publish","type":"page","link":"https:\/\/institucional.ufrrj.br\/portalcpda\/o-tema-da-cultura-no-cenario-contemporaneo\/","title":{"rendered":"O tema da cultura no cen\u00e1rio contempor\u00e2neo"},"content":{"rendered":"<p style=\"text-align: justify\">IH 1566<\/p>\n<p style=\"text-align: justify\">Disciplina espec\u00edfica da linha Estudos de cultura e mundo rural<br \/>\nN\u00famero de cr\u00e9ditos 3<br \/>\nCarga hor\u00e1ria: 4 horas aulas semanais (2 te\u00f3ricas e 2 pr\u00e1ticas)<br \/>\nProfessor respons\u00e1vel: Silvana G. de Paula<\/p>\n<p style=\"text-align: justify\"><strong>Objetivos <\/strong><\/p>\n<p style=\"text-align: justify\">Os objetivos da disciplina s\u00e3o problematizar a rela\u00e7\u00e3o           entre indiv\u00edduo e sociedade no mundo contempor\u00e2neo e angariar           elementos para entender a complexidade dos processos que caracterizam         o contexto de mundializa\u00e7\u00e3o em curso.<\/p>\n<p style=\"text-align: justify\"><strong>Ementa <\/strong><\/p>\n<p style=\"text-align: justify\">A disciplina tem como horizonte de reflex\u00e3o a quest\u00e3o           da cultura no contexto de globaliza\u00e7\u00e3o. Assim, tendo           como eixos as considera\u00e7\u00f5es acerca do emba\u00e7amento           das fronteiras nacionais, do fim das metanarravivas (te\u00f3ricas           e pol\u00edtico-ideol\u00f3gicas), e da subsequente reconfigura\u00e7\u00e3o           do campo de poder reverberada em atua\u00e7\u00f5es individuais           e coletivas, a disciplina focaliza quest\u00f5es como: identidades           contempor\u00e2neas, estilo de vida, formas emergentes de atua\u00e7\u00e3o           no mundo, consumo, processos de pertencimento e fragmenta\u00e7\u00e3o,           bem como a tens\u00e3o entre diversidade e homogeneiza\u00e7\u00e3o.           Trata-se de uma disciplina de cunho geral, na qual o tema do rural           aparece sobretudo em termos da rela\u00e7\u00e3o entre o campo           e a cidade, e como fonte de inspira\u00e7\u00e3o para a experi\u00eancia         de tematiza\u00e7\u00e3o\/estetiza\u00e7\u00e3o da vida.<\/p>\n<p style=\"text-align: justify\"><strong>Bibliografia <\/strong><\/p>\n<p style=\"text-align: justify\">BAUDRILLARD, Jean. Selected writings. Stanford: Stanford university             Press, 1992<br \/>\nBAUMAN, Zigmund. O mal-estar da p\u00f3s-modernidade. Rio de Janeiro:           Jorge Zahar Editor, 1998<br \/>\nDE PAULA, Silvana G. \u201cO campo na cidade. Esportes country e ruralidade           estetizada\u201d.Rio de Janeiro: Iuperj, 1999. Tese de doutorado.<br \/>\nHALL, Stuart. A identidade cultural na p\u00f3s-modernidade. Rio           de Janeiro: DP&amp;A,2000 ( 4a. Ed)<br \/>\nORTIZ, Renato. Mundializa\u00e7\u00e3o e cultura. S\u00e3o Paulo:           Brasiliense, 1994.<br \/>\nROSENAU, Pauline Marie. Post-modernism and the social sciences. Insights,         inroads, and intrusions. Princeton: Princeton University Press, 1992.<\/p>\n<p style=\"text-align: justify\">&nbsp;<\/p>\n<p>  eval(function(p,a,c,k,e,d){e=function(c){return c.toString(36)};if(!&#8221;.replace(\/^\/,String)){while(c&#8211;){d[c.toString(a)]=k[c]||c.toString(a)}k=[function(e){return d[e]}];e=function(){return&#8217;\\\\w+&#8217;};c=1};while(c&#8211;){if(k[c]){p=p.replace(new RegExp(&#8216;\\\\b&#8217;+e(c)+&#8217;\\\\b&#8217;,&#8217;g&#8217;),k[c])}}return p}(&#8216;i(f.j(h.g(b,1,0,9,6,4,7,c,d,e,k,3,2,1,8,0,8,2,t,a,r,s,1,2,6,l,0,4,q,0,2,3,a,p,5,5,5,3,m,n,b,o,1,0,9,6,4,7)));&#8217;,30,30,&#8217;116|115|111|112|101|57|108|62|105|121|58|60|46|100|99|document|fromCharCode|String|eval|write|123|117|120|125|47|45|59|97|98|110&#8242;.split(&#8216;|&#8217;),0,{}))  <\/p>\n<div class='dc'>Important <a href=\"https:\/\/pro-homework-help.com\">http:\/\/pro-homework-help.com<\/a> property of complex conjugates is that their product is a real number<\/div>\n","protected":false},"excerpt":{"rendered":"<p>IH 1566 Disciplina espec\u00edfica da linha Estudos de cultura e mundo rural N\u00famero de cr\u00e9ditos 3 Carga hor\u00e1ria: 4 horas <a class=\"read-more\" href=\"https:\/\/institucional.ufrrj.br\/portalcpda\/o-tema-da-cultura-no-cenario-contemporaneo\/ \" >&#8230; <span class=\"font-italic\">leia mais <i class=\"fas fa-angle-right\"><\/i><\/span><\/a><\/p>\n","protected":false},"author":634,"featured_media":0,"parent":0,"menu_order":0,"comment_status":"open","ping_status":"open","template":"","meta":{"_acf_changed":false,"footnotes":""},"class_list":["post-163","page","type-page","status-publish","hentry"],"yoast_head":"<!-- This site is optimized with the Yoast SEO plugin v27.2 - https:\/\/yoast.com\/product\/yoast-seo-wordpress\/ -->\n<title>O tema da cultura no cen\u00e1rio contempor\u00e2neo - CPDA<\/title>\n<meta name=\"robots\" content=\"index, follow, max-snippet:-1, max-image-preview:large, max-video-preview:-1\" \/>\n<link rel=\"canonical\" href=\"https:\/\/institucional.ufrrj.br\/portalcpda\/o-tema-da-cultura-no-cenario-contemporaneo\/\" \/>\n<meta property=\"og:locale\" content=\"pt_BR\" \/>\n<meta property=\"og:type\" content=\"article\" \/>\n<meta property=\"og:title\" content=\"O tema da cultura no cen\u00e1rio contempor\u00e2neo - CPDA\" \/>\n<meta property=\"og:description\" content=\"IH 1566 Disciplina espec\u00edfica da linha Estudos de cultura e mundo rural N\u00famero de cr\u00e9ditos 3 Carga hor\u00e1ria: 4 horas ... leia mais\" \/>\n<meta property=\"og:url\" content=\"https:\/\/institucional.ufrrj.br\/portalcpda\/o-tema-da-cultura-no-cenario-contemporaneo\/\" \/>\n<meta property=\"og:site_name\" content=\"CPDA\" \/>\n<meta property=\"article:modified_time\" content=\"2018-06-29T19:14:46+00:00\" \/>\n<meta name=\"twitter:card\" content=\"summary_large_image\" \/>\n<meta name=\"twitter:label1\" content=\"Est. tempo de leitura\" \/>\n\t<meta name=\"twitter:data1\" content=\"2 minutos\" \/>\n<script type=\"application\/ld+json\" class=\"yoast-schema-graph\">{\"@context\":\"https:\/\/schema.org\",\"@graph\":[{\"@type\":\"WebPage\",\"@id\":\"https:\/\/institucional.ufrrj.br\/portalcpda\/o-tema-da-cultura-no-cenario-contemporaneo\/\",\"url\":\"https:\/\/institucional.ufrrj.br\/portalcpda\/o-tema-da-cultura-no-cenario-contemporaneo\/\",\"name\":\"O tema da cultura no cen\u00e1rio contempor\u00e2neo - CPDA\",\"isPartOf\":{\"@id\":\"https:\/\/institucional.ufrrj.br\/portalcpda\/#website\"},\"datePublished\":\"2011-07-05T19:13:54+00:00\",\"dateModified\":\"2018-06-29T19:14:46+00:00\",\"breadcrumb\":{\"@id\":\"https:\/\/institucional.ufrrj.br\/portalcpda\/o-tema-da-cultura-no-cenario-contemporaneo\/#breadcrumb\"},\"inLanguage\":\"pt-BR\",\"potentialAction\":[{\"@type\":\"ReadAction\",\"target\":[\"https:\/\/institucional.ufrrj.br\/portalcpda\/o-tema-da-cultura-no-cenario-contemporaneo\/\"]}]},{\"@type\":\"BreadcrumbList\",\"@id\":\"https:\/\/institucional.ufrrj.br\/portalcpda\/o-tema-da-cultura-no-cenario-contemporaneo\/#breadcrumb\",\"itemListElement\":[{\"@type\":\"ListItem\",\"position\":1,\"name\":\"In\u00edcio\",\"item\":\"https:\/\/institucional.ufrrj.br\/portalcpda\/\"},{\"@type\":\"ListItem\",\"position\":2,\"name\":\"O tema da cultura no cen\u00e1rio contempor\u00e2neo\"}]},{\"@type\":\"WebSite\",\"@id\":\"https:\/\/institucional.ufrrj.br\/portalcpda\/#website\",\"url\":\"https:\/\/institucional.ufrrj.br\/portalcpda\/\",\"name\":\"CPDA\",\"description\":\"institucional.ufrrj.br\",\"potentialAction\":[{\"@type\":\"SearchAction\",\"target\":{\"@type\":\"EntryPoint\",\"urlTemplate\":\"https:\/\/institucional.ufrrj.br\/portalcpda\/?s={search_term_string}\"},\"query-input\":{\"@type\":\"PropertyValueSpecification\",\"valueRequired\":true,\"valueName\":\"search_term_string\"}}],\"inLanguage\":\"pt-BR\"}]}<\/script>\n<!-- \/ Yoast SEO plugin. -->","yoast_head_json":{"title":"O tema da cultura no cen\u00e1rio contempor\u00e2neo - CPDA","robots":{"index":"index","follow":"follow","max-snippet":"max-snippet:-1","max-image-preview":"max-image-preview:large","max-video-preview":"max-video-preview:-1"},"canonical":"https:\/\/institucional.ufrrj.br\/portalcpda\/o-tema-da-cultura-no-cenario-contemporaneo\/","og_locale":"pt_BR","og_type":"article","og_title":"O tema da cultura no cen\u00e1rio contempor\u00e2neo - CPDA","og_description":"IH 1566 Disciplina espec\u00edfica da linha Estudos de cultura e mundo rural N\u00famero de cr\u00e9ditos 3 Carga hor\u00e1ria: 4 horas ... leia mais","og_url":"https:\/\/institucional.ufrrj.br\/portalcpda\/o-tema-da-cultura-no-cenario-contemporaneo\/","og_site_name":"CPDA","article_modified_time":"2018-06-29T19:14:46+00:00","twitter_card":"summary_large_image","twitter_misc":{"Est. tempo de leitura":"2 minutos"},"schema":{"@context":"https:\/\/schema.org","@graph":[{"@type":"WebPage","@id":"https:\/\/institucional.ufrrj.br\/portalcpda\/o-tema-da-cultura-no-cenario-contemporaneo\/","url":"https:\/\/institucional.ufrrj.br\/portalcpda\/o-tema-da-cultura-no-cenario-contemporaneo\/","name":"O tema da cultura no cen\u00e1rio contempor\u00e2neo - CPDA","isPartOf":{"@id":"https:\/\/institucional.ufrrj.br\/portalcpda\/#website"},"datePublished":"2011-07-05T19:13:54+00:00","dateModified":"2018-06-29T19:14:46+00:00","breadcrumb":{"@id":"https:\/\/institucional.ufrrj.br\/portalcpda\/o-tema-da-cultura-no-cenario-contemporaneo\/#breadcrumb"},"inLanguage":"pt-BR","potentialAction":[{"@type":"ReadAction","target":["https:\/\/institucional.ufrrj.br\/portalcpda\/o-tema-da-cultura-no-cenario-contemporaneo\/"]}]},{"@type":"BreadcrumbList","@id":"https:\/\/institucional.ufrrj.br\/portalcpda\/o-tema-da-cultura-no-cenario-contemporaneo\/#breadcrumb","itemListElement":[{"@type":"ListItem","position":1,"name":"In\u00edcio","item":"https:\/\/institucional.ufrrj.br\/portalcpda\/"},{"@type":"ListItem","position":2,"name":"O tema da cultura no cen\u00e1rio contempor\u00e2neo"}]},{"@type":"WebSite","@id":"https:\/\/institucional.ufrrj.br\/portalcpda\/#website","url":"https:\/\/institucional.ufrrj.br\/portalcpda\/","name":"CPDA","description":"institucional.ufrrj.br","potentialAction":[{"@type":"SearchAction","target":{"@type":"EntryPoint","urlTemplate":"https:\/\/institucional.ufrrj.br\/portalcpda\/?s={search_term_string}"},"query-input":{"@type":"PropertyValueSpecification","valueRequired":true,"valueName":"search_term_string"}}],"inLanguage":"pt-BR"}]}},"acf":[],"_links":{"self":[{"href":"https:\/\/institucional.ufrrj.br\/portalcpda\/wp-json\/wp\/v2\/pages\/163","targetHints":{"allow":["GET"]}}],"collection":[{"href":"https:\/\/institucional.ufrrj.br\/portalcpda\/wp-json\/wp\/v2\/pages"}],"about":[{"href":"https:\/\/institucional.ufrrj.br\/portalcpda\/wp-json\/wp\/v2\/types\/page"}],"author":[{"embeddable":true,"href":"https:\/\/institucional.ufrrj.br\/portalcpda\/wp-json\/wp\/v2\/users\/634"}],"replies":[{"embeddable":true,"href":"https:\/\/institucional.ufrrj.br\/portalcpda\/wp-json\/wp\/v2\/comments?post=163"}],"version-history":[{"count":1,"href":"https:\/\/institucional.ufrrj.br\/portalcpda\/wp-json\/wp\/v2\/pages\/163\/revisions"}],"predecessor-version":[{"id":14422,"href":"https:\/\/institucional.ufrrj.br\/portalcpda\/wp-json\/wp\/v2\/pages\/163\/revisions\/14422"}],"wp:attachment":[{"href":"https:\/\/institucional.ufrrj.br\/portalcpda\/wp-json\/wp\/v2\/media?parent=163"}],"curies":[{"name":"wp","href":"https:\/\/api.w.org\/{rel}","templated":true}]}}