{"id":1613,"date":"2012-03-12T10:24:01","date_gmt":"2012-03-12T13:24:01","guid":{"rendered":"http:\/\/r1.ufrrj.br\/cpda\/?page_id=1613"},"modified":"2026-02-24T15:29:58","modified_gmt":"2026-02-24T18:29:58","slug":"matricula","status":"publish","type":"page","link":"https:\/\/institucional.ufrrj.br\/portalcpda\/matricula\/","title":{"rendered":"Matr\u00edcula 2026-1"},"content":{"rendered":"<hr \/>\n<p><strong>Per\u00edodo de matr\u00edcula via SIGAA<\/strong>: 16\/03 a 07\/04\/2026<\/p>\n<p>&nbsp;<\/p>\n<p><strong>Matr\u00edcula de estudantes do CPDA e de outros PPGs da UFRRJ:<\/strong><\/p>\n<p>A matr\u00edcula em disciplinas deve ser feita pelo <strong>SIGAA<\/strong> (Sistema Integrado de Gest\u00e3o acad\u00eamica) no link: <a href=\"https:\/\/sigaa.ufrrj.br\/sigaa\/verTelaLogin.do\">https:\/\/sigaa.ufrrj.br\/sigaa\/verTelaLogin.do<\/a>.<\/p>\n<p>Os estudantes do CPDA que j\u00e1 conclu\u00edram cr\u00e9ditos devem se matricular em <strong>Qualifica\u00e7\u00e3o ou Defesa<\/strong>.<\/p>\n<p>A matr\u00edcula em atividades de <strong>Qualifica\u00e7\u00e3o, Defesa, <a href=\"https:\/\/institucional.ufrrj.br\/portalcpda\/laboratorios-tematicos-de-pesquisa\/\">Laborat\u00f3rio de Pesquisa<\/a> e <a href=\"https:\/\/institucional.ufrrj.br\/portalcpda\/estagio-de-docencia-20211\/\">Est\u00e1gio de Doc\u00eancia<\/a><\/strong>\u00a0 \u00e9 exclusiva para alunos do CPDA e deve ser feita no mesmo per\u00edodo indicado acima atrav\u00e9s do envio de um E-mail para a Secretaria Acad\u00eamica (<a href=\"mailto:cpda_secretaria_academica@ufrrj.br\">cpda_secretaria_academica@ufrrj.br<\/a>).<\/p>\n<p>Os estudantes do CPDA que ainda n\u00e3o t\u00eam o n\u00famero de matr\u00edcula devem solicitar a inscri\u00e7\u00e3o em disciplina \u00e0 Secretaria Acad\u00eamica pelo e-mail <a href=\"mailto:cpda_secretaria_academica@ufrrj.br\">cpda_secretaria_academica@ufrrj.br<\/a>.<\/p>\n<p>&nbsp;<\/p>\n<p><strong>Matr\u00edcula de estudantes do CPDA em disciplinas de outras institui\u00e7\u00f5es:<\/strong><\/p>\n<p>Para cursar uma disciplina fora da UFRRJ, o<span style=\"font-weight: 400\">\/a<\/span> discente do CPDA precisa encaminhar um pedido ao Colegiado Executivo (<a href=\"mailto:cpda_secretaria_academica@ufrrj.br\">cpda_secretaria_academica@ufrrj.br<\/a>), junto com o programa da disciplina desejada e a concord\u00e2ncia do<span style=\"font-weight: 400\">\/a<\/span> Orientador<span style=\"font-weight: 400\">\/a<\/span>.<\/p>\n<p>Ao final da disciplina, precisa encaminhar o conceito obtido para que a disciplina seja inclu\u00edda em seu Hist\u00f3rico Escolar.<\/p>\n<p>&nbsp;<\/p>\n<p><strong>Matr\u00edcula de estudantes externos \u00e0 UFRRJ em disciplinas do CPDA:<\/strong><\/p>\n<p>Os alunos externos \u00e0 UFRRJ, regularmente matriculados em um Programa de P\u00f3s-Gradua\u00e7\u00e3o (Mestrado ou Doutorado) de outra Institui\u00e7\u00e3o de Ensino Superior, que desejam cursar disciplinas no CPDA devem enviar os documentos abaixo (todos em arquivo pdf) para a Secretaria Acad\u00eamica pelo E-mail <a href=\"mailto:cpda_secretaria_academica@ufrrj.br\">cpda_secretaria_academica@ufrrj.br<\/a>:<\/p>\n<p>\u2013 Formul\u00e1rio para Cadastro de Alunos Externos preenchido corretamente: <a href=\"https:\/\/institucional.ufrrj.br\/portalcpda\/files\/2026\/02\/Cadastro-de-Alunos-Externos-2026.docx\">Formul\u00e1rio para Cadastro de Alunos Externos<\/a><\/p>\n<p>\u2013 C\u00f3pia do Diploma de Gradua\u00e7\u00e3o<\/p>\n<p>\u2013 Declara\u00e7\u00e3o de matr\u00edcula ativa em um Programa de P\u00f3s-Gradua\u00e7\u00e3o (Mestrado ou Doutorado)<\/p>\n<p>\u2013 C\u00f3pia da Identidade<\/p>\n<p>&nbsp;<\/p>\n<p>&nbsp;<\/p>\n<p>&nbsp;<\/p>\n<hr \/>\n<p>&nbsp;<\/p>\n<p>&nbsp;<\/p>\n","protected":false},"excerpt":{"rendered":"<p>Per\u00edodo de matr\u00edcula via SIGAA: 16\/03 a 07\/04\/2026 &nbsp; Matr\u00edcula de estudantes do CPDA e de outros PPGs da UFRRJ: <a class=\"read-more\" href=\"https:\/\/institucional.ufrrj.br\/portalcpda\/matricula\/ \" >&#8230; <span class=\"font-italic\">leia mais <i class=\"fas fa-angle-right\"><\/i><\/span><\/a><\/p>\n","protected":false},"author":634,"featured_media":0,"parent":0,"menu_order":0,"comment_status":"open","ping_status":"open","template":"","meta":{"_acf_changed":false,"footnotes":""},"class_list":["post-1613","page","type-page","status-publish","hentry"],"yoast_head":"<!-- This site is optimized with the Yoast SEO plugin v27.2 - https:\/\/yoast.com\/product\/yoast-seo-wordpress\/ -->\n<title>Matr\u00edcula 2026-1 - CPDA<\/title>\n<meta name=\"robots\" content=\"index, follow, max-snippet:-1, max-image-preview:large, max-video-preview:-1\" \/>\n<link rel=\"canonical\" href=\"https:\/\/institucional.ufrrj.br\/portalcpda\/matricula\/\" \/>\n<meta property=\"og:locale\" content=\"pt_BR\" \/>\n<meta property=\"og:type\" content=\"article\" \/>\n<meta property=\"og:title\" content=\"Matr\u00edcula 2026-1 - CPDA\" \/>\n<meta property=\"og:description\" content=\"Per\u00edodo de matr\u00edcula via SIGAA: 16\/03 a 07\/04\/2026 &nbsp; Matr\u00edcula de estudantes do CPDA e de outros PPGs da UFRRJ: ... leia mais\" \/>\n<meta property=\"og:url\" content=\"https:\/\/institucional.ufrrj.br\/portalcpda\/matricula\/\" \/>\n<meta property=\"og:site_name\" content=\"CPDA\" \/>\n<meta property=\"article:modified_time\" content=\"2026-02-24T18:29:58+00:00\" \/>\n<meta name=\"twitter:card\" content=\"summary_large_image\" \/>\n<meta name=\"twitter:label1\" content=\"Est. tempo de leitura\" \/>\n\t<meta name=\"twitter:data1\" content=\"2 minutos\" \/>\n<script type=\"application\/ld+json\" class=\"yoast-schema-graph\">{\"@context\":\"https:\/\/schema.org\",\"@graph\":[{\"@type\":\"WebPage\",\"@id\":\"https:\/\/institucional.ufrrj.br\/portalcpda\/matricula\/\",\"url\":\"https:\/\/institucional.ufrrj.br\/portalcpda\/matricula\/\",\"name\":\"Matr\u00edcula 2026-1 - CPDA\",\"isPartOf\":{\"@id\":\"https:\/\/institucional.ufrrj.br\/portalcpda\/#website\"},\"datePublished\":\"2012-03-12T13:24:01+00:00\",\"dateModified\":\"2026-02-24T18:29:58+00:00\",\"breadcrumb\":{\"@id\":\"https:\/\/institucional.ufrrj.br\/portalcpda\/matricula\/#breadcrumb\"},\"inLanguage\":\"pt-BR\",\"potentialAction\":[{\"@type\":\"ReadAction\",\"target\":[\"https:\/\/institucional.ufrrj.br\/portalcpda\/matricula\/\"]}]},{\"@type\":\"BreadcrumbList\",\"@id\":\"https:\/\/institucional.ufrrj.br\/portalcpda\/matricula\/#breadcrumb\",\"itemListElement\":[{\"@type\":\"ListItem\",\"position\":1,\"name\":\"In\u00edcio\",\"item\":\"https:\/\/institucional.ufrrj.br\/portalcpda\/\"},{\"@type\":\"ListItem\",\"position\":2,\"name\":\"Matr\u00edcula 2026-1\"}]},{\"@type\":\"WebSite\",\"@id\":\"https:\/\/institucional.ufrrj.br\/portalcpda\/#website\",\"url\":\"https:\/\/institucional.ufrrj.br\/portalcpda\/\",\"name\":\"CPDA\",\"description\":\"institucional.ufrrj.br\",\"potentialAction\":[{\"@type\":\"SearchAction\",\"target\":{\"@type\":\"EntryPoint\",\"urlTemplate\":\"https:\/\/institucional.ufrrj.br\/portalcpda\/?s={search_term_string}\"},\"query-input\":{\"@type\":\"PropertyValueSpecification\",\"valueRequired\":true,\"valueName\":\"search_term_string\"}}],\"inLanguage\":\"pt-BR\"}]}<\/script>\n<!-- \/ Yoast SEO plugin. -->","yoast_head_json":{"title":"Matr\u00edcula 2026-1 - CPDA","robots":{"index":"index","follow":"follow","max-snippet":"max-snippet:-1","max-image-preview":"max-image-preview:large","max-video-preview":"max-video-preview:-1"},"canonical":"https:\/\/institucional.ufrrj.br\/portalcpda\/matricula\/","og_locale":"pt_BR","og_type":"article","og_title":"Matr\u00edcula 2026-1 - CPDA","og_description":"Per\u00edodo de matr\u00edcula via SIGAA: 16\/03 a 07\/04\/2026 &nbsp; Matr\u00edcula de estudantes do CPDA e de outros PPGs da UFRRJ: ... leia mais","og_url":"https:\/\/institucional.ufrrj.br\/portalcpda\/matricula\/","og_site_name":"CPDA","article_modified_time":"2026-02-24T18:29:58+00:00","twitter_card":"summary_large_image","twitter_misc":{"Est. tempo de leitura":"2 minutos"},"schema":{"@context":"https:\/\/schema.org","@graph":[{"@type":"WebPage","@id":"https:\/\/institucional.ufrrj.br\/portalcpda\/matricula\/","url":"https:\/\/institucional.ufrrj.br\/portalcpda\/matricula\/","name":"Matr\u00edcula 2026-1 - CPDA","isPartOf":{"@id":"https:\/\/institucional.ufrrj.br\/portalcpda\/#website"},"datePublished":"2012-03-12T13:24:01+00:00","dateModified":"2026-02-24T18:29:58+00:00","breadcrumb":{"@id":"https:\/\/institucional.ufrrj.br\/portalcpda\/matricula\/#breadcrumb"},"inLanguage":"pt-BR","potentialAction":[{"@type":"ReadAction","target":["https:\/\/institucional.ufrrj.br\/portalcpda\/matricula\/"]}]},{"@type":"BreadcrumbList","@id":"https:\/\/institucional.ufrrj.br\/portalcpda\/matricula\/#breadcrumb","itemListElement":[{"@type":"ListItem","position":1,"name":"In\u00edcio","item":"https:\/\/institucional.ufrrj.br\/portalcpda\/"},{"@type":"ListItem","position":2,"name":"Matr\u00edcula 2026-1"}]},{"@type":"WebSite","@id":"https:\/\/institucional.ufrrj.br\/portalcpda\/#website","url":"https:\/\/institucional.ufrrj.br\/portalcpda\/","name":"CPDA","description":"institucional.ufrrj.br","potentialAction":[{"@type":"SearchAction","target":{"@type":"EntryPoint","urlTemplate":"https:\/\/institucional.ufrrj.br\/portalcpda\/?s={search_term_string}"},"query-input":{"@type":"PropertyValueSpecification","valueRequired":true,"valueName":"search_term_string"}}],"inLanguage":"pt-BR"}]}},"acf":[],"_links":{"self":[{"href":"https:\/\/institucional.ufrrj.br\/portalcpda\/wp-json\/wp\/v2\/pages\/1613","targetHints":{"allow":["GET"]}}],"collection":[{"href":"https:\/\/institucional.ufrrj.br\/portalcpda\/wp-json\/wp\/v2\/pages"}],"about":[{"href":"https:\/\/institucional.ufrrj.br\/portalcpda\/wp-json\/wp\/v2\/types\/page"}],"author":[{"embeddable":true,"href":"https:\/\/institucional.ufrrj.br\/portalcpda\/wp-json\/wp\/v2\/users\/634"}],"replies":[{"embeddable":true,"href":"https:\/\/institucional.ufrrj.br\/portalcpda\/wp-json\/wp\/v2\/comments?post=1613"}],"version-history":[{"count":4,"href":"https:\/\/institucional.ufrrj.br\/portalcpda\/wp-json\/wp\/v2\/pages\/1613\/revisions"}],"predecessor-version":[{"id":27617,"href":"https:\/\/institucional.ufrrj.br\/portalcpda\/wp-json\/wp\/v2\/pages\/1613\/revisions\/27617"}],"wp:attachment":[{"href":"https:\/\/institucional.ufrrj.br\/portalcpda\/wp-json\/wp\/v2\/media?parent=1613"}],"curies":[{"name":"wp","href":"https:\/\/api.w.org\/{rel}","templated":true}]}}