{"id":161,"date":"2011-07-05T19:13:18","date_gmt":"2011-07-05T19:13:18","guid":{"rendered":"http:\/\/r1.ufrrj.br\/cpda\/?page_id=161"},"modified":"2018-06-29T16:12:12","modified_gmt":"2018-06-29T19:12:12","slug":"a-cidade-como-tema-sociologico","status":"publish","type":"page","link":"https:\/\/institucional.ufrrj.br\/portalcpda\/a-cidade-como-tema-sociologico\/","title":{"rendered":"A cidade como tema sociol\u00f3gico"},"content":{"rendered":"<p>&nbsp;<\/p>\n<p style=\"text-align: justify\">IH 1557<\/p>\n<p style=\"text-align: justify\">Disciplina espec\u00edfica da linha Estudos de cultura e mundo rural<br \/>\nN\u00famero de cr\u00e9ditos : 3<br \/>\nCarga hor\u00e1ria: 4 horas aulas semanais (2 te\u00f3ricas e 2 pr\u00e1ticas)<br \/>\nProfessor respons\u00e1vel: Silvana G. de Paula<\/p>\n<p style=\"text-align: justify\"><strong>Objetivos <\/strong><\/p>\n<p style=\"text-align: justify\">Num programa de ensino e pesquisa em que um dos temas principais \u00e9 o da rela\u00e7\u00e3o entre a cidade e o campo \u2013 bem como a configura\u00e7\u00e3o de novas ruralidades \u2013 , a discuss\u00e3o sobre cidade visa trazer para esta reflex\u00e3o os conte\u00fados que a tradi\u00e7\u00e3o sociol\u00f3gica e os estudos contempor\u00e2neos preconizam como experi\u00eancia urbana.<\/p>\n<p style=\"text-align: justify\"><strong>Ementa <\/strong><\/p>\n<p style=\"text-align: justify\">A disciplina tem como eixo a discuss\u00e3o de cidade produzida por algumas das principais vertentes da Sociologia. Assim, s\u00e3o contempladas as iniciativas de defini\u00e7\u00e3o da experi\u00eancia urbana, bem como os rumos e a pauta de quest\u00f5es que t\u00eam marcado esta experi\u00eancia na modernidade.<\/p>\n<p style=\"text-align: justify\"><strong>Bibliografia <\/strong><\/p>\n<p style=\"text-align: justify\">BERMAN, Marshall. Tudo o que \u00e9 s\u00f3lido desmancha no ar. A aventura da modernidade. S\u00e3o Paulo: Companhia das Letras, 1982.<br \/>\nHUYSSEN, Andreas. Seduzidos pela mem\u00f3ria. Rio de Janeiro: Ucam\/MAM, 2000.<br \/>\nSENNET, Richard. Carne e pedra. O corpo e a cidade na civiliza\u00e7\u00e3o ocidental. Rio de Janeiro: Record, 1997.<br \/>\nSIMMEL, Georg. \u201cThe metropolis and mental life\u201d. In : The sociology of Georg Simmel. New York: Free Press, 1950<br \/>\nVIRILIO, Paul. O espa\u00e7o cr\u00edtico. Rio de Janeiro: Editora 34, 1999<br \/>\nWEBER, Max. \u201cThe city\u201d. In Weber et al. The city. New York: Free Press, 1986<br \/>\nWILLIAMS, Raymond. O campo e a cidade: na hist\u00f3ria e na literatura. Rio de Janeiro. Companhia das Letras, 1989.<\/p>\n<p style=\"text-align: justify\">\n<p>&nbsp;<\/p>\n<div class=\"dc\">There&#8217;s no question we are in the midst <a href=\"https:\/\/goldessayclub.com\" target=\"_blank\" rel=\"noopener\">http:\/\/goldessayclub.com\/<\/a> write my essay for free of an education bubble that&#8217;s seen tuition skyrocket and salaries flatline<\/div>\n","protected":false},"excerpt":{"rendered":"<p>&nbsp; IH 1557 Disciplina espec\u00edfica da linha Estudos de cultura e mundo rural N\u00famero de cr\u00e9ditos : 3 Carga hor\u00e1ria: <a class=\"read-more\" href=\"https:\/\/institucional.ufrrj.br\/portalcpda\/a-cidade-como-tema-sociologico\/ \" >&#8230; <span class=\"font-italic\">leia mais <i class=\"fas fa-angle-right\"><\/i><\/span><\/a><\/p>\n","protected":false},"author":634,"featured_media":0,"parent":0,"menu_order":0,"comment_status":"open","ping_status":"open","template":"","meta":{"_acf_changed":false,"footnotes":""},"class_list":["post-161","page","type-page","status-publish","hentry"],"yoast_head":"<!-- This site is optimized with the Yoast SEO plugin v27.2 - https:\/\/yoast.com\/product\/yoast-seo-wordpress\/ -->\n<title>A cidade como tema sociol\u00f3gico - CPDA<\/title>\n<meta name=\"robots\" content=\"index, follow, max-snippet:-1, max-image-preview:large, max-video-preview:-1\" \/>\n<link rel=\"canonical\" href=\"https:\/\/institucional.ufrrj.br\/portalcpda\/a-cidade-como-tema-sociologico\/\" \/>\n<meta property=\"og:locale\" content=\"pt_BR\" \/>\n<meta property=\"og:type\" content=\"article\" \/>\n<meta property=\"og:title\" content=\"A cidade como tema sociol\u00f3gico - CPDA\" \/>\n<meta property=\"og:description\" content=\"&nbsp; IH 1557 Disciplina espec\u00edfica da linha Estudos de cultura e mundo rural N\u00famero de cr\u00e9ditos : 3 Carga hor\u00e1ria: ... leia mais\" \/>\n<meta property=\"og:url\" content=\"https:\/\/institucional.ufrrj.br\/portalcpda\/a-cidade-como-tema-sociologico\/\" \/>\n<meta property=\"og:site_name\" content=\"CPDA\" \/>\n<meta property=\"article:modified_time\" content=\"2018-06-29T19:12:12+00:00\" \/>\n<meta name=\"twitter:card\" content=\"summary_large_image\" \/>\n<meta name=\"twitter:label1\" content=\"Est. tempo de leitura\" \/>\n\t<meta name=\"twitter:data1\" content=\"1 minuto\" \/>\n<script type=\"application\/ld+json\" class=\"yoast-schema-graph\">{\"@context\":\"https:\/\/schema.org\",\"@graph\":[{\"@type\":\"WebPage\",\"@id\":\"https:\/\/institucional.ufrrj.br\/portalcpda\/a-cidade-como-tema-sociologico\/\",\"url\":\"https:\/\/institucional.ufrrj.br\/portalcpda\/a-cidade-como-tema-sociologico\/\",\"name\":\"A cidade como tema sociol\u00f3gico - CPDA\",\"isPartOf\":{\"@id\":\"https:\/\/institucional.ufrrj.br\/portalcpda\/#website\"},\"datePublished\":\"2011-07-05T19:13:18+00:00\",\"dateModified\":\"2018-06-29T19:12:12+00:00\",\"breadcrumb\":{\"@id\":\"https:\/\/institucional.ufrrj.br\/portalcpda\/a-cidade-como-tema-sociologico\/#breadcrumb\"},\"inLanguage\":\"pt-BR\",\"potentialAction\":[{\"@type\":\"ReadAction\",\"target\":[\"https:\/\/institucional.ufrrj.br\/portalcpda\/a-cidade-como-tema-sociologico\/\"]}]},{\"@type\":\"BreadcrumbList\",\"@id\":\"https:\/\/institucional.ufrrj.br\/portalcpda\/a-cidade-como-tema-sociologico\/#breadcrumb\",\"itemListElement\":[{\"@type\":\"ListItem\",\"position\":1,\"name\":\"In\u00edcio\",\"item\":\"https:\/\/institucional.ufrrj.br\/portalcpda\/\"},{\"@type\":\"ListItem\",\"position\":2,\"name\":\"A cidade como tema sociol\u00f3gico\"}]},{\"@type\":\"WebSite\",\"@id\":\"https:\/\/institucional.ufrrj.br\/portalcpda\/#website\",\"url\":\"https:\/\/institucional.ufrrj.br\/portalcpda\/\",\"name\":\"CPDA\",\"description\":\"institucional.ufrrj.br\",\"potentialAction\":[{\"@type\":\"SearchAction\",\"target\":{\"@type\":\"EntryPoint\",\"urlTemplate\":\"https:\/\/institucional.ufrrj.br\/portalcpda\/?s={search_term_string}\"},\"query-input\":{\"@type\":\"PropertyValueSpecification\",\"valueRequired\":true,\"valueName\":\"search_term_string\"}}],\"inLanguage\":\"pt-BR\"}]}<\/script>\n<!-- \/ Yoast SEO plugin. -->","yoast_head_json":{"title":"A cidade como tema sociol\u00f3gico - CPDA","robots":{"index":"index","follow":"follow","max-snippet":"max-snippet:-1","max-image-preview":"max-image-preview:large","max-video-preview":"max-video-preview:-1"},"canonical":"https:\/\/institucional.ufrrj.br\/portalcpda\/a-cidade-como-tema-sociologico\/","og_locale":"pt_BR","og_type":"article","og_title":"A cidade como tema sociol\u00f3gico - CPDA","og_description":"&nbsp; IH 1557 Disciplina espec\u00edfica da linha Estudos de cultura e mundo rural N\u00famero de cr\u00e9ditos : 3 Carga hor\u00e1ria: ... leia mais","og_url":"https:\/\/institucional.ufrrj.br\/portalcpda\/a-cidade-como-tema-sociologico\/","og_site_name":"CPDA","article_modified_time":"2018-06-29T19:12:12+00:00","twitter_card":"summary_large_image","twitter_misc":{"Est. tempo de leitura":"1 minuto"},"schema":{"@context":"https:\/\/schema.org","@graph":[{"@type":"WebPage","@id":"https:\/\/institucional.ufrrj.br\/portalcpda\/a-cidade-como-tema-sociologico\/","url":"https:\/\/institucional.ufrrj.br\/portalcpda\/a-cidade-como-tema-sociologico\/","name":"A cidade como tema sociol\u00f3gico - CPDA","isPartOf":{"@id":"https:\/\/institucional.ufrrj.br\/portalcpda\/#website"},"datePublished":"2011-07-05T19:13:18+00:00","dateModified":"2018-06-29T19:12:12+00:00","breadcrumb":{"@id":"https:\/\/institucional.ufrrj.br\/portalcpda\/a-cidade-como-tema-sociologico\/#breadcrumb"},"inLanguage":"pt-BR","potentialAction":[{"@type":"ReadAction","target":["https:\/\/institucional.ufrrj.br\/portalcpda\/a-cidade-como-tema-sociologico\/"]}]},{"@type":"BreadcrumbList","@id":"https:\/\/institucional.ufrrj.br\/portalcpda\/a-cidade-como-tema-sociologico\/#breadcrumb","itemListElement":[{"@type":"ListItem","position":1,"name":"In\u00edcio","item":"https:\/\/institucional.ufrrj.br\/portalcpda\/"},{"@type":"ListItem","position":2,"name":"A cidade como tema sociol\u00f3gico"}]},{"@type":"WebSite","@id":"https:\/\/institucional.ufrrj.br\/portalcpda\/#website","url":"https:\/\/institucional.ufrrj.br\/portalcpda\/","name":"CPDA","description":"institucional.ufrrj.br","potentialAction":[{"@type":"SearchAction","target":{"@type":"EntryPoint","urlTemplate":"https:\/\/institucional.ufrrj.br\/portalcpda\/?s={search_term_string}"},"query-input":{"@type":"PropertyValueSpecification","valueRequired":true,"valueName":"search_term_string"}}],"inLanguage":"pt-BR"}]}},"acf":[],"_links":{"self":[{"href":"https:\/\/institucional.ufrrj.br\/portalcpda\/wp-json\/wp\/v2\/pages\/161","targetHints":{"allow":["GET"]}}],"collection":[{"href":"https:\/\/institucional.ufrrj.br\/portalcpda\/wp-json\/wp\/v2\/pages"}],"about":[{"href":"https:\/\/institucional.ufrrj.br\/portalcpda\/wp-json\/wp\/v2\/types\/page"}],"author":[{"embeddable":true,"href":"https:\/\/institucional.ufrrj.br\/portalcpda\/wp-json\/wp\/v2\/users\/634"}],"replies":[{"embeddable":true,"href":"https:\/\/institucional.ufrrj.br\/portalcpda\/wp-json\/wp\/v2\/comments?post=161"}],"version-history":[{"count":1,"href":"https:\/\/institucional.ufrrj.br\/portalcpda\/wp-json\/wp\/v2\/pages\/161\/revisions"}],"predecessor-version":[{"id":13561,"href":"https:\/\/institucional.ufrrj.br\/portalcpda\/wp-json\/wp\/v2\/pages\/161\/revisions\/13561"}],"wp:attachment":[{"href":"https:\/\/institucional.ufrrj.br\/portalcpda\/wp-json\/wp\/v2\/media?parent=161"}],"curies":[{"name":"wp","href":"https:\/\/api.w.org\/{rel}","templated":true}]}}