{"id":159,"date":"2011-07-05T19:12:29","date_gmt":"2011-07-05T19:12:29","guid":{"rendered":"http:\/\/r1.ufrrj.br\/cpda\/?page_id=159"},"modified":"2018-06-29T16:14:35","modified_gmt":"2018-06-29T19:14:35","slug":"mundo-rural-e-nacao-em-representacoes-literarias","status":"publish","type":"page","link":"https:\/\/institucional.ufrrj.br\/portalcpda\/mundo-rural-e-nacao-em-representacoes-literarias\/","title":{"rendered":"Mundo rural e na\u00e7\u00e3o em representa\u00e7\u00f5es liter\u00e1rias"},"content":{"rendered":"<p style=\"text-align: justify\">IH 1549<\/p>\n<p style=\"text-align: justify\">Disciplina espec\u00edfica da linha Estudos de cultura e mundo rural<br \/>\nN\u00famero de cr\u00e9ditos: 3<br \/>\nHoras aula: 4 (2 te\u00f3ricas e 2 pr\u00e1ticas)<br \/>\nProfessor respons\u00e1vel: Eli de F\u00e1tima Napole\u00e3o de Lima<\/p>\n<p style=\"text-align: justify\"><strong>Objetivos<\/strong><\/p>\n<p style=\"text-align: justify\">O curso procurar\u00e1 ampliar e estruturar conhecimentos sobre a literatura com tem\u00e1tica rural e agu\u00e7ar o olhar para as especificidades do texto liter\u00e1rio, levando-se em considera\u00e7\u00e3o as diferen\u00e7as entre os diversos g\u00eaneros de textos e de discursos.<\/p>\n<p style=\"text-align: justify\"><strong>Ementa<\/strong><\/p>\n<p style=\"text-align: justify\">Pretende-se estudar a imagem do sert\u00e3o e de outros espa\u00e7os rurais interioranos, \u201catrasados\u201d, opostos \u00e0 civiliza\u00e7\u00e3o urbana, em obras representativas da literatura brasileira e universal. \u00canfase ser\u00e1 dada a Os Sert\u00f5es e \u00c0 margem da Hist\u00f3ria, de Euclides da Cunha, em seu di\u00e1logo expl\u00edcito com outros textos, principalmente sob o aspecto da busca e constru\u00e7\u00e3o da nacionalidade. A tens\u00e3o entre o interior e o litoral, campo e cidade, atraso e progresso caracteriza boa parte da fic\u00e7\u00e3o e do ensa\u00edsmo latinoamericano. Importantes escritores, como Jos\u00e9 de Alencar e Guimar\u00e3es Rosa, mas tamb\u00e9m Heriberto Frias, Mariano Azuela, Jos\u00e9 Fern\u00e1ndez, Jos\u00e9 Maria Arguedas, dentre muitos outros tenderam a conceber o seu pa\u00eds basicamente a partir do interior, valorizando as popula\u00e7\u00f5es mesti\u00e7as e suas formas de conv\u00edvio, organiza\u00e7\u00e3o social e protesto. Metodologicamente se discutir\u00e1, atrav\u00e9s da an\u00e1lise de textos concretos, em que medida e com que cautelas, ensaios e sobretudo fic\u00e7\u00f5es, apesar da sua relativa autonomia est\u00e9tica, podem ser lidos como documentos ou estudos sociais e hist\u00f3ricos.<\/p>\n<p style=\"text-align: justify\"><strong>Bibliografia<\/strong><\/p>\n<p style=\"text-align: justify\">BENJAMIN, Walter. Obras escolhidas. S\u00e3o Paulo: Brasiliense, 1989.<br \/>\nBOSI, Alfredo. C\u00e9u, inferno: ensaios de cr\u00edtica liter\u00e1ria e ideologia. S\u00e3o Paulo: \u00c1tica, 1988.<br \/>\nCANDIDO, Ant\u00f4nio. Forma\u00e7\u00e3o da literatura brasileira. Belo Horizonte: Itatiaia, 1997.<br \/>\nCUNHA, Euclides. Os sert\u00f5es. A campanha de Canudos. Edi\u00e7\u00e3o cr\u00edtica de Walnice Galv\u00e3o. S\u00e3o Paulo: Companhia das Letras, 1998.<br \/>\nGAY, Peter. O estilo na hist\u00f3ria. S\u00e3o Paulo: Companhia das Letras, 1990.<br \/>\nGOLDMAN, Lucien. Dial\u00e9tica e cultura. Rio de Janeiro: Paz e Terra, 1979.<br \/>\nJAMESON Frederic. O inconsciente pol\u00edtico. A narrativa como ato socialmente simb\u00f3lico. S\u00e3o Paulo: \u00c1tica, 1992.<br \/>\nSARMIENTO, Domingos. Facundo ou civiliza\u00e7\u00e3o e barb\u00e1rie. V\u00e1rias edi\u00e7\u00f5es.<\/p>\n","protected":false},"excerpt":{"rendered":"<p>IH 1549 Disciplina espec\u00edfica da linha Estudos de cultura e mundo rural N\u00famero de cr\u00e9ditos: 3 Horas aula: 4 (2 <a class=\"read-more\" href=\"https:\/\/institucional.ufrrj.br\/portalcpda\/mundo-rural-e-nacao-em-representacoes-literarias\/ \" >&#8230; <span class=\"font-italic\">leia mais <i class=\"fas fa-angle-right\"><\/i><\/span><\/a><\/p>\n","protected":false},"author":634,"featured_media":0,"parent":0,"menu_order":0,"comment_status":"open","ping_status":"open","template":"","meta":{"_acf_changed":false,"footnotes":""},"class_list":["post-159","page","type-page","status-publish","hentry"],"yoast_head":"<!-- This site is optimized with the Yoast SEO plugin v27.2 - https:\/\/yoast.com\/product\/yoast-seo-wordpress\/ -->\n<title>Mundo rural e na\u00e7\u00e3o em representa\u00e7\u00f5es liter\u00e1rias - CPDA<\/title>\n<meta name=\"robots\" content=\"index, follow, max-snippet:-1, max-image-preview:large, max-video-preview:-1\" \/>\n<link rel=\"canonical\" href=\"https:\/\/institucional.ufrrj.br\/portalcpda\/mundo-rural-e-nacao-em-representacoes-literarias\/\" \/>\n<meta property=\"og:locale\" content=\"pt_BR\" \/>\n<meta property=\"og:type\" content=\"article\" \/>\n<meta property=\"og:title\" content=\"Mundo rural e na\u00e7\u00e3o em representa\u00e7\u00f5es liter\u00e1rias - CPDA\" \/>\n<meta property=\"og:description\" content=\"IH 1549 Disciplina espec\u00edfica da linha Estudos de cultura e mundo rural N\u00famero de cr\u00e9ditos: 3 Horas aula: 4 (2 ... leia mais\" \/>\n<meta property=\"og:url\" content=\"https:\/\/institucional.ufrrj.br\/portalcpda\/mundo-rural-e-nacao-em-representacoes-literarias\/\" \/>\n<meta property=\"og:site_name\" content=\"CPDA\" \/>\n<meta property=\"article:modified_time\" content=\"2018-06-29T19:14:35+00:00\" \/>\n<meta name=\"twitter:card\" content=\"summary_large_image\" \/>\n<meta name=\"twitter:label1\" content=\"Est. tempo de leitura\" \/>\n\t<meta name=\"twitter:data1\" content=\"2 minutos\" \/>\n<script type=\"application\/ld+json\" class=\"yoast-schema-graph\">{\"@context\":\"https:\/\/schema.org\",\"@graph\":[{\"@type\":\"WebPage\",\"@id\":\"https:\/\/institucional.ufrrj.br\/portalcpda\/mundo-rural-e-nacao-em-representacoes-literarias\/\",\"url\":\"https:\/\/institucional.ufrrj.br\/portalcpda\/mundo-rural-e-nacao-em-representacoes-literarias\/\",\"name\":\"Mundo rural e na\u00e7\u00e3o em representa\u00e7\u00f5es liter\u00e1rias - CPDA\",\"isPartOf\":{\"@id\":\"https:\/\/institucional.ufrrj.br\/portalcpda\/#website\"},\"datePublished\":\"2011-07-05T19:12:29+00:00\",\"dateModified\":\"2018-06-29T19:14:35+00:00\",\"breadcrumb\":{\"@id\":\"https:\/\/institucional.ufrrj.br\/portalcpda\/mundo-rural-e-nacao-em-representacoes-literarias\/#breadcrumb\"},\"inLanguage\":\"pt-BR\",\"potentialAction\":[{\"@type\":\"ReadAction\",\"target\":[\"https:\/\/institucional.ufrrj.br\/portalcpda\/mundo-rural-e-nacao-em-representacoes-literarias\/\"]}]},{\"@type\":\"BreadcrumbList\",\"@id\":\"https:\/\/institucional.ufrrj.br\/portalcpda\/mundo-rural-e-nacao-em-representacoes-literarias\/#breadcrumb\",\"itemListElement\":[{\"@type\":\"ListItem\",\"position\":1,\"name\":\"In\u00edcio\",\"item\":\"https:\/\/institucional.ufrrj.br\/portalcpda\/\"},{\"@type\":\"ListItem\",\"position\":2,\"name\":\"Mundo rural e na\u00e7\u00e3o em representa\u00e7\u00f5es liter\u00e1rias\"}]},{\"@type\":\"WebSite\",\"@id\":\"https:\/\/institucional.ufrrj.br\/portalcpda\/#website\",\"url\":\"https:\/\/institucional.ufrrj.br\/portalcpda\/\",\"name\":\"CPDA\",\"description\":\"institucional.ufrrj.br\",\"potentialAction\":[{\"@type\":\"SearchAction\",\"target\":{\"@type\":\"EntryPoint\",\"urlTemplate\":\"https:\/\/institucional.ufrrj.br\/portalcpda\/?s={search_term_string}\"},\"query-input\":{\"@type\":\"PropertyValueSpecification\",\"valueRequired\":true,\"valueName\":\"search_term_string\"}}],\"inLanguage\":\"pt-BR\"}]}<\/script>\n<!-- \/ Yoast SEO plugin. -->","yoast_head_json":{"title":"Mundo rural e na\u00e7\u00e3o em representa\u00e7\u00f5es liter\u00e1rias - CPDA","robots":{"index":"index","follow":"follow","max-snippet":"max-snippet:-1","max-image-preview":"max-image-preview:large","max-video-preview":"max-video-preview:-1"},"canonical":"https:\/\/institucional.ufrrj.br\/portalcpda\/mundo-rural-e-nacao-em-representacoes-literarias\/","og_locale":"pt_BR","og_type":"article","og_title":"Mundo rural e na\u00e7\u00e3o em representa\u00e7\u00f5es liter\u00e1rias - CPDA","og_description":"IH 1549 Disciplina espec\u00edfica da linha Estudos de cultura e mundo rural N\u00famero de cr\u00e9ditos: 3 Horas aula: 4 (2 ... leia mais","og_url":"https:\/\/institucional.ufrrj.br\/portalcpda\/mundo-rural-e-nacao-em-representacoes-literarias\/","og_site_name":"CPDA","article_modified_time":"2018-06-29T19:14:35+00:00","twitter_card":"summary_large_image","twitter_misc":{"Est. tempo de leitura":"2 minutos"},"schema":{"@context":"https:\/\/schema.org","@graph":[{"@type":"WebPage","@id":"https:\/\/institucional.ufrrj.br\/portalcpda\/mundo-rural-e-nacao-em-representacoes-literarias\/","url":"https:\/\/institucional.ufrrj.br\/portalcpda\/mundo-rural-e-nacao-em-representacoes-literarias\/","name":"Mundo rural e na\u00e7\u00e3o em representa\u00e7\u00f5es liter\u00e1rias - CPDA","isPartOf":{"@id":"https:\/\/institucional.ufrrj.br\/portalcpda\/#website"},"datePublished":"2011-07-05T19:12:29+00:00","dateModified":"2018-06-29T19:14:35+00:00","breadcrumb":{"@id":"https:\/\/institucional.ufrrj.br\/portalcpda\/mundo-rural-e-nacao-em-representacoes-literarias\/#breadcrumb"},"inLanguage":"pt-BR","potentialAction":[{"@type":"ReadAction","target":["https:\/\/institucional.ufrrj.br\/portalcpda\/mundo-rural-e-nacao-em-representacoes-literarias\/"]}]},{"@type":"BreadcrumbList","@id":"https:\/\/institucional.ufrrj.br\/portalcpda\/mundo-rural-e-nacao-em-representacoes-literarias\/#breadcrumb","itemListElement":[{"@type":"ListItem","position":1,"name":"In\u00edcio","item":"https:\/\/institucional.ufrrj.br\/portalcpda\/"},{"@type":"ListItem","position":2,"name":"Mundo rural e na\u00e7\u00e3o em representa\u00e7\u00f5es liter\u00e1rias"}]},{"@type":"WebSite","@id":"https:\/\/institucional.ufrrj.br\/portalcpda\/#website","url":"https:\/\/institucional.ufrrj.br\/portalcpda\/","name":"CPDA","description":"institucional.ufrrj.br","potentialAction":[{"@type":"SearchAction","target":{"@type":"EntryPoint","urlTemplate":"https:\/\/institucional.ufrrj.br\/portalcpda\/?s={search_term_string}"},"query-input":{"@type":"PropertyValueSpecification","valueRequired":true,"valueName":"search_term_string"}}],"inLanguage":"pt-BR"}]}},"acf":[],"_links":{"self":[{"href":"https:\/\/institucional.ufrrj.br\/portalcpda\/wp-json\/wp\/v2\/pages\/159","targetHints":{"allow":["GET"]}}],"collection":[{"href":"https:\/\/institucional.ufrrj.br\/portalcpda\/wp-json\/wp\/v2\/pages"}],"about":[{"href":"https:\/\/institucional.ufrrj.br\/portalcpda\/wp-json\/wp\/v2\/types\/page"}],"author":[{"embeddable":true,"href":"https:\/\/institucional.ufrrj.br\/portalcpda\/wp-json\/wp\/v2\/users\/634"}],"replies":[{"embeddable":true,"href":"https:\/\/institucional.ufrrj.br\/portalcpda\/wp-json\/wp\/v2\/comments?post=159"}],"version-history":[{"count":2,"href":"https:\/\/institucional.ufrrj.br\/portalcpda\/wp-json\/wp\/v2\/pages\/159\/revisions"}],"predecessor-version":[{"id":14415,"href":"https:\/\/institucional.ufrrj.br\/portalcpda\/wp-json\/wp\/v2\/pages\/159\/revisions\/14415"}],"wp:attachment":[{"href":"https:\/\/institucional.ufrrj.br\/portalcpda\/wp-json\/wp\/v2\/media?parent=159"}],"curies":[{"name":"wp","href":"https:\/\/api.w.org\/{rel}","templated":true}]}}