{"id":155,"date":"2011-07-05T19:10:44","date_gmt":"2011-07-05T19:10:44","guid":{"rendered":"http:\/\/r1.ufrrj.br\/cpda\/?page_id=155"},"modified":"2018-06-29T16:12:31","modified_gmt":"2018-06-29T19:12:31","slug":"campo-e-cidade-como-imagens","status":"publish","type":"page","link":"https:\/\/institucional.ufrrj.br\/portalcpda\/campo-e-cidade-como-imagens\/","title":{"rendered":"Campo e cidade como imagens"},"content":{"rendered":"<p style=\"text-align: justify\">IH 1509<\/p>\n<p style=\"text-align: justify\">Disciplina espec\u00edfica da linha de pesquisa Estudos de cultura e mundo rural<br \/>\nN\u00famero de cr\u00e9ditos : 3<br \/>\nHoras aula: 4 (2 te\u00f3ricas e 2 pr\u00e1ticas)<br \/>\nProfessores respons\u00e1veis: Maria Jos\u00e9 Carneiro e Francisco Carlos Teixeira<\/p>\n<p style=\"text-align: justify\"><strong>Objetivos<\/strong><\/p>\n<p style=\"text-align: justify\">Fazer uso da imagem no trabalho de pesquisa social. Produzir um ensaio a partir da produ\u00e7\u00e3o de imagens ou explora\u00e7\u00e3o de acervos iconogr\u00e1ficos pessoais ou institucionais.<\/p>\n<p style=\"text-align: justify\"><strong>Ementa<\/strong><\/p>\n<p style=\"text-align: justify\">A disciplina prop\u00f5e desenvolver atividades nas perspectivas te\u00f3rica e pr\u00e1tica em torno da an\u00e1lise e produ\u00e7\u00e3o de imagens. Ser\u00e3o privilegiadas as constru\u00e7\u00f5es de conceitualiza\u00e7\u00f5es rec\u00edprocas sobre o rural e o urbano em sociedades latino-americanas, recorrendo tanto a fontes escritas como imag\u00e9ticas.<\/p>\n<p style=\"text-align: justify\"><strong>Bibliografia<\/strong><\/p>\n<p style=\"text-align: justify\">ALIMONDA, H\u00e9ctor. \u201cEl tesoro de la Sierra Madre\u201d. Cadernos de antropologia e imagem, 14(1): 171-178, 2002.<br \/>\nASCH, Timothy. \u201cPorque e como os filmes s\u00e3o feitos\u201d. Cadernos de antropologia e imagem. Rio de Janeiro, n. 3, p. 85-98, 1995.<br \/>\nBENJAMIN, Walter. \u201cPequena hist\u00f3ria da fotografia\u201d. In: Fl\u00e1vio R. Kothe (org.). Walter Benjamin &#8211; Sociologia. S\u00e3o Paulo: \u00c1tica, 1985.<br \/>\nCOSTA, Luiz Fl\u00e1vio de Carvalho. \u201cEncontro de amigos na esquina\u201d. Cadernos de antropologia e imagens, 14(1): 143-146, 2002.<br \/>\nPEIXOTO, Clarice. \u201cCaleidosc\u00f3pio de imagens: o uso do v\u00eddeo e a sua contribui\u00e7\u00e3o \u00e0 an\u00e1lise das rela\u00e7\u00f5es sociais\u201d. In: Bela Feldman-Bianco e M\u00edriam L. Moreira Leite. Desafios da imagem \u2013 fotografia, iconografia e v\u00eddeo nas ci\u00eancias sociais. Campinas: Papirus, 1998.<br \/>\nDUBOIS, Phillippe O ato fotogr\u00e1fico. Campinas: Papirus, 1998.<br \/>\nSAMAIN, Etienne (org.). O fotogr\u00e1fico. S\u00e3o Paulo: Hucitec, 1998.<br \/>\nSCHERER, Joanna. \u201cDocumento fotogr\u00e1fico: fotografias como dado prim\u00e1rio na pesquisa antropol\u00f3gica\u201d. Cadernos de antropologia e imagem. Rio de Janeiro, n. 3, p. 69-83, 1995.<br \/>\nSIMSON, Olga von. \u201cSom e imagem na pesquisa qualitativa: reflex\u00f5es de pesquisa\u201d. Pedagogia da imagem e imagem da pedagogia. Anais do semin\u00e1rio. Niter\u00f3i: UFF,1995.<br \/>\nEDWARDS, Elizabeth. \u201cAntropologia e fotografia\u201d. Cadernos de antropologia e Imagem, 2: 11-28, 1996.<\/p>\n","protected":false},"excerpt":{"rendered":"<p>IH 1509 Disciplina espec\u00edfica da linha de pesquisa Estudos de cultura e mundo rural N\u00famero de cr\u00e9ditos : 3 Horas <a class=\"read-more\" href=\"https:\/\/institucional.ufrrj.br\/portalcpda\/campo-e-cidade-como-imagens\/ \" >&#8230; <span class=\"font-italic\">leia mais <i class=\"fas fa-angle-right\"><\/i><\/span><\/a><\/p>\n","protected":false},"author":634,"featured_media":0,"parent":0,"menu_order":0,"comment_status":"open","ping_status":"open","template":"","meta":{"_acf_changed":false,"footnotes":""},"class_list":["post-155","page","type-page","status-publish","hentry"],"yoast_head":"<!-- This site is optimized with the Yoast SEO plugin v27.2 - https:\/\/yoast.com\/product\/yoast-seo-wordpress\/ -->\n<title>Campo e cidade como imagens - CPDA<\/title>\n<meta name=\"robots\" content=\"index, follow, max-snippet:-1, max-image-preview:large, max-video-preview:-1\" \/>\n<link rel=\"canonical\" href=\"https:\/\/institucional.ufrrj.br\/portalcpda\/campo-e-cidade-como-imagens\/\" \/>\n<meta property=\"og:locale\" content=\"pt_BR\" \/>\n<meta property=\"og:type\" content=\"article\" \/>\n<meta property=\"og:title\" content=\"Campo e cidade como imagens - CPDA\" \/>\n<meta property=\"og:description\" content=\"IH 1509 Disciplina espec\u00edfica da linha de pesquisa Estudos de cultura e mundo rural N\u00famero de cr\u00e9ditos : 3 Horas ... leia mais\" \/>\n<meta property=\"og:url\" content=\"https:\/\/institucional.ufrrj.br\/portalcpda\/campo-e-cidade-como-imagens\/\" \/>\n<meta property=\"og:site_name\" content=\"CPDA\" \/>\n<meta property=\"article:modified_time\" content=\"2018-06-29T19:12:31+00:00\" \/>\n<meta name=\"twitter:card\" content=\"summary_large_image\" \/>\n<meta name=\"twitter:label1\" content=\"Est. tempo de leitura\" \/>\n\t<meta name=\"twitter:data1\" content=\"2 minutos\" \/>\n<script type=\"application\/ld+json\" class=\"yoast-schema-graph\">{\"@context\":\"https:\/\/schema.org\",\"@graph\":[{\"@type\":\"WebPage\",\"@id\":\"https:\/\/institucional.ufrrj.br\/portalcpda\/campo-e-cidade-como-imagens\/\",\"url\":\"https:\/\/institucional.ufrrj.br\/portalcpda\/campo-e-cidade-como-imagens\/\",\"name\":\"Campo e cidade como imagens - CPDA\",\"isPartOf\":{\"@id\":\"https:\/\/institucional.ufrrj.br\/portalcpda\/#website\"},\"datePublished\":\"2011-07-05T19:10:44+00:00\",\"dateModified\":\"2018-06-29T19:12:31+00:00\",\"breadcrumb\":{\"@id\":\"https:\/\/institucional.ufrrj.br\/portalcpda\/campo-e-cidade-como-imagens\/#breadcrumb\"},\"inLanguage\":\"pt-BR\",\"potentialAction\":[{\"@type\":\"ReadAction\",\"target\":[\"https:\/\/institucional.ufrrj.br\/portalcpda\/campo-e-cidade-como-imagens\/\"]}]},{\"@type\":\"BreadcrumbList\",\"@id\":\"https:\/\/institucional.ufrrj.br\/portalcpda\/campo-e-cidade-como-imagens\/#breadcrumb\",\"itemListElement\":[{\"@type\":\"ListItem\",\"position\":1,\"name\":\"In\u00edcio\",\"item\":\"https:\/\/institucional.ufrrj.br\/portalcpda\/\"},{\"@type\":\"ListItem\",\"position\":2,\"name\":\"Campo e cidade como imagens\"}]},{\"@type\":\"WebSite\",\"@id\":\"https:\/\/institucional.ufrrj.br\/portalcpda\/#website\",\"url\":\"https:\/\/institucional.ufrrj.br\/portalcpda\/\",\"name\":\"CPDA\",\"description\":\"institucional.ufrrj.br\",\"potentialAction\":[{\"@type\":\"SearchAction\",\"target\":{\"@type\":\"EntryPoint\",\"urlTemplate\":\"https:\/\/institucional.ufrrj.br\/portalcpda\/?s={search_term_string}\"},\"query-input\":{\"@type\":\"PropertyValueSpecification\",\"valueRequired\":true,\"valueName\":\"search_term_string\"}}],\"inLanguage\":\"pt-BR\"}]}<\/script>\n<!-- \/ Yoast SEO plugin. -->","yoast_head_json":{"title":"Campo e cidade como imagens - CPDA","robots":{"index":"index","follow":"follow","max-snippet":"max-snippet:-1","max-image-preview":"max-image-preview:large","max-video-preview":"max-video-preview:-1"},"canonical":"https:\/\/institucional.ufrrj.br\/portalcpda\/campo-e-cidade-como-imagens\/","og_locale":"pt_BR","og_type":"article","og_title":"Campo e cidade como imagens - CPDA","og_description":"IH 1509 Disciplina espec\u00edfica da linha de pesquisa Estudos de cultura e mundo rural N\u00famero de cr\u00e9ditos : 3 Horas ... leia mais","og_url":"https:\/\/institucional.ufrrj.br\/portalcpda\/campo-e-cidade-como-imagens\/","og_site_name":"CPDA","article_modified_time":"2018-06-29T19:12:31+00:00","twitter_card":"summary_large_image","twitter_misc":{"Est. tempo de leitura":"2 minutos"},"schema":{"@context":"https:\/\/schema.org","@graph":[{"@type":"WebPage","@id":"https:\/\/institucional.ufrrj.br\/portalcpda\/campo-e-cidade-como-imagens\/","url":"https:\/\/institucional.ufrrj.br\/portalcpda\/campo-e-cidade-como-imagens\/","name":"Campo e cidade como imagens - CPDA","isPartOf":{"@id":"https:\/\/institucional.ufrrj.br\/portalcpda\/#website"},"datePublished":"2011-07-05T19:10:44+00:00","dateModified":"2018-06-29T19:12:31+00:00","breadcrumb":{"@id":"https:\/\/institucional.ufrrj.br\/portalcpda\/campo-e-cidade-como-imagens\/#breadcrumb"},"inLanguage":"pt-BR","potentialAction":[{"@type":"ReadAction","target":["https:\/\/institucional.ufrrj.br\/portalcpda\/campo-e-cidade-como-imagens\/"]}]},{"@type":"BreadcrumbList","@id":"https:\/\/institucional.ufrrj.br\/portalcpda\/campo-e-cidade-como-imagens\/#breadcrumb","itemListElement":[{"@type":"ListItem","position":1,"name":"In\u00edcio","item":"https:\/\/institucional.ufrrj.br\/portalcpda\/"},{"@type":"ListItem","position":2,"name":"Campo e cidade como imagens"}]},{"@type":"WebSite","@id":"https:\/\/institucional.ufrrj.br\/portalcpda\/#website","url":"https:\/\/institucional.ufrrj.br\/portalcpda\/","name":"CPDA","description":"institucional.ufrrj.br","potentialAction":[{"@type":"SearchAction","target":{"@type":"EntryPoint","urlTemplate":"https:\/\/institucional.ufrrj.br\/portalcpda\/?s={search_term_string}"},"query-input":{"@type":"PropertyValueSpecification","valueRequired":true,"valueName":"search_term_string"}}],"inLanguage":"pt-BR"}]}},"acf":[],"_links":{"self":[{"href":"https:\/\/institucional.ufrrj.br\/portalcpda\/wp-json\/wp\/v2\/pages\/155","targetHints":{"allow":["GET"]}}],"collection":[{"href":"https:\/\/institucional.ufrrj.br\/portalcpda\/wp-json\/wp\/v2\/pages"}],"about":[{"href":"https:\/\/institucional.ufrrj.br\/portalcpda\/wp-json\/wp\/v2\/types\/page"}],"author":[{"embeddable":true,"href":"https:\/\/institucional.ufrrj.br\/portalcpda\/wp-json\/wp\/v2\/users\/634"}],"replies":[{"embeddable":true,"href":"https:\/\/institucional.ufrrj.br\/portalcpda\/wp-json\/wp\/v2\/comments?post=155"}],"version-history":[{"count":2,"href":"https:\/\/institucional.ufrrj.br\/portalcpda\/wp-json\/wp\/v2\/pages\/155\/revisions"}],"predecessor-version":[{"id":14342,"href":"https:\/\/institucional.ufrrj.br\/portalcpda\/wp-json\/wp\/v2\/pages\/155\/revisions\/14342"}],"wp:attachment":[{"href":"https:\/\/institucional.ufrrj.br\/portalcpda\/wp-json\/wp\/v2\/media?parent=155"}],"curies":[{"name":"wp","href":"https:\/\/api.w.org\/{rel}","templated":true}]}}