{"id":151,"date":"2011-07-05T19:09:14","date_gmt":"2011-07-05T19:09:14","guid":{"rendered":"http:\/\/r1.ufrrj.br\/cpda\/?page_id=151"},"modified":"2018-06-29T16:12:50","modified_gmt":"2018-06-29T19:12:50","slug":"dinamica-da-agricultura-familiar","status":"publish","type":"page","link":"https:\/\/institucional.ufrrj.br\/portalcpda\/dinamica-da-agricultura-familiar\/","title":{"rendered":"Din\u00e2mica da agricultura familiar"},"content":{"rendered":"<p style=\"text-align: justify\">IH 1503<\/p>\n<p style=\"text-align: justify\">Disciplina espec\u00edfica da linha de pesquisa Estudos de cultura e mundo rural<br \/>\nN\u00famero de cr\u00e9ditos: 3<br \/>\nHoras aula: 4 (2 te\u00f3ricas e 2 pr\u00e1ticas)<br \/>\nProfessores respons\u00e1veis: Maria Jos\u00e9 Teixeira Carneiro<\/p>\n<p style=\"text-align: justify\"><strong>Objetivo<\/strong><\/p>\n<p style=\"text-align: justify\">O curso tem como objetivo fazer uma reflex\u00e3o sobre a din\u00e2mica de reprodu\u00e7\u00e3o social da fam\u00edlia no contexto da agricultura familiar e a diversidade das formas sociais inclu\u00eddas nesta classifica\u00e7\u00e3o.<\/p>\n<p style=\"text-align: justify\"><strong>Ementa<\/strong><\/p>\n<p style=\"text-align: justify\">A disciplina parte da abordagem cl\u00e1ssica sobre campesinato para ent\u00e3o enfocar a estreita rela\u00e7\u00e3o entre as l\u00f3gicas econ\u00f4mica e cultural buscando aprofundar o significado do car\u00e1ter familiar da chamada agricultura familiar e dos valores e l\u00f3gicas que orientam as a\u00e7\u00f5es e as estrat\u00e9gias familiares e individuais. Nesse sentido, ser\u00e3o abordados temas relacionados \u00e0 organiza\u00e7\u00e3o social e \u00e0s pr\u00e1ticas culturais das unidades familiares camponesas tais como: transmiss\u00e3o do patrim\u00f4nio familiar, sucess\u00e3o, casamento, sociabilidade, rela\u00e7\u00f5es de g\u00eanero. As discuss\u00f5es ter\u00e3o como refer\u00eancia as quest\u00f5es levantadas pelo processo de moderniza\u00e7\u00e3o da agricultura nas sociedades brasileira e europ\u00e9ias.<\/p>\n<p style=\"text-align: justify\">Bibliografia<\/p>\n<p style=\"text-align: justify\">ARENSBERG, C. e KIMBALL, S. Family and community in Ireland. Massachusetts: Harvard University Press, 1968.<br \/>\nAUGUSTINS, G. \u201cReproduction sociale et changement social\u201d, Revue fran\u00e7aise de sociologie, XVIII, 1977, pp: 465-484.<br \/>\npatrimonioBOURDIEU, P. Le sens pratique. Paris: Les \u00c9ditions de Minuit, 1980.<br \/>\nBOURDIEU, P. \u201cCelibat et condition paysanne\u201d. \u00c9tudes rurales, 1962: 32-135.<br \/>\nBRAND\u00c3O, C.R. A partilha da vida. Taubat\u00e9: Ceic\/Cabral Editora,1995.<br \/>\nCHAYANOV, A. The theory of peasant economy. Thorner, K. e Smith (eds). Illinois: Irwin, American Economic Association, 1966.<br \/>\nCOULOMB, P. et alli. Les agriculteurs et la politique. Paris: Presses Fondation National des Sciences Politiques, Paris, 1990: 491-503.<br \/>\nLAMARCHE, H. (org.). L\u2019agriculture familiale. Tome II: Du mythe \u00e0 la r\u00e9alit\u00e9. Paris: L\u2019Harmanttan, 1994.<br \/>\nLLAMBI, L. \u201cLa economia pol\u00edtica del campesinado: apuntes para una nueva agenda<br \/>\nteorica y de investigacion\u201d. Estudos rurales latinoamericanos. V. 13. N.3., 1990.<br \/>\nNAROTZKI, S. Trabajar en familia: mujeres, hogares y talleres. Valencia: Ed. Alfons El Magnanim, 1988.<br \/>\nREDFIELD, R. Peasant society and culture. Chicago: University of Chicago Press, 1956.<\/p>\n","protected":false},"excerpt":{"rendered":"<p>IH 1503 Disciplina espec\u00edfica da linha de pesquisa Estudos de cultura e mundo rural N\u00famero de cr\u00e9ditos: 3 Horas aula: <a class=\"read-more\" href=\"https:\/\/institucional.ufrrj.br\/portalcpda\/dinamica-da-agricultura-familiar\/ \" >&#8230; <span class=\"font-italic\">leia mais <i class=\"fas fa-angle-right\"><\/i><\/span><\/a><\/p>\n","protected":false},"author":634,"featured_media":0,"parent":0,"menu_order":0,"comment_status":"open","ping_status":"open","template":"","meta":{"_acf_changed":false,"footnotes":""},"class_list":["post-151","page","type-page","status-publish","hentry"],"yoast_head":"<!-- This site is optimized with the Yoast SEO plugin v27.2 - https:\/\/yoast.com\/product\/yoast-seo-wordpress\/ -->\n<title>Din\u00e2mica da agricultura familiar - CPDA<\/title>\n<meta name=\"robots\" content=\"index, follow, max-snippet:-1, max-image-preview:large, max-video-preview:-1\" \/>\n<link rel=\"canonical\" href=\"https:\/\/institucional.ufrrj.br\/portalcpda\/dinamica-da-agricultura-familiar\/\" \/>\n<meta property=\"og:locale\" content=\"pt_BR\" \/>\n<meta property=\"og:type\" content=\"article\" \/>\n<meta property=\"og:title\" content=\"Din\u00e2mica da agricultura familiar - CPDA\" \/>\n<meta property=\"og:description\" content=\"IH 1503 Disciplina espec\u00edfica da linha de pesquisa Estudos de cultura e mundo rural N\u00famero de cr\u00e9ditos: 3 Horas aula: ... leia mais\" \/>\n<meta property=\"og:url\" content=\"https:\/\/institucional.ufrrj.br\/portalcpda\/dinamica-da-agricultura-familiar\/\" \/>\n<meta property=\"og:site_name\" content=\"CPDA\" \/>\n<meta property=\"article:modified_time\" content=\"2018-06-29T19:12:50+00:00\" \/>\n<meta name=\"twitter:card\" content=\"summary_large_image\" \/>\n<meta name=\"twitter:label1\" content=\"Est. tempo de leitura\" \/>\n\t<meta name=\"twitter:data1\" content=\"2 minutos\" \/>\n<script type=\"application\/ld+json\" class=\"yoast-schema-graph\">{\"@context\":\"https:\/\/schema.org\",\"@graph\":[{\"@type\":\"WebPage\",\"@id\":\"https:\/\/institucional.ufrrj.br\/portalcpda\/dinamica-da-agricultura-familiar\/\",\"url\":\"https:\/\/institucional.ufrrj.br\/portalcpda\/dinamica-da-agricultura-familiar\/\",\"name\":\"Din\u00e2mica da agricultura familiar - CPDA\",\"isPartOf\":{\"@id\":\"https:\/\/institucional.ufrrj.br\/portalcpda\/#website\"},\"datePublished\":\"2011-07-05T19:09:14+00:00\",\"dateModified\":\"2018-06-29T19:12:50+00:00\",\"breadcrumb\":{\"@id\":\"https:\/\/institucional.ufrrj.br\/portalcpda\/dinamica-da-agricultura-familiar\/#breadcrumb\"},\"inLanguage\":\"pt-BR\",\"potentialAction\":[{\"@type\":\"ReadAction\",\"target\":[\"https:\/\/institucional.ufrrj.br\/portalcpda\/dinamica-da-agricultura-familiar\/\"]}]},{\"@type\":\"BreadcrumbList\",\"@id\":\"https:\/\/institucional.ufrrj.br\/portalcpda\/dinamica-da-agricultura-familiar\/#breadcrumb\",\"itemListElement\":[{\"@type\":\"ListItem\",\"position\":1,\"name\":\"In\u00edcio\",\"item\":\"https:\/\/institucional.ufrrj.br\/portalcpda\/\"},{\"@type\":\"ListItem\",\"position\":2,\"name\":\"Din\u00e2mica da agricultura familiar\"}]},{\"@type\":\"WebSite\",\"@id\":\"https:\/\/institucional.ufrrj.br\/portalcpda\/#website\",\"url\":\"https:\/\/institucional.ufrrj.br\/portalcpda\/\",\"name\":\"CPDA\",\"description\":\"institucional.ufrrj.br\",\"potentialAction\":[{\"@type\":\"SearchAction\",\"target\":{\"@type\":\"EntryPoint\",\"urlTemplate\":\"https:\/\/institucional.ufrrj.br\/portalcpda\/?s={search_term_string}\"},\"query-input\":{\"@type\":\"PropertyValueSpecification\",\"valueRequired\":true,\"valueName\":\"search_term_string\"}}],\"inLanguage\":\"pt-BR\"}]}<\/script>\n<!-- \/ Yoast SEO plugin. -->","yoast_head_json":{"title":"Din\u00e2mica da agricultura familiar - CPDA","robots":{"index":"index","follow":"follow","max-snippet":"max-snippet:-1","max-image-preview":"max-image-preview:large","max-video-preview":"max-video-preview:-1"},"canonical":"https:\/\/institucional.ufrrj.br\/portalcpda\/dinamica-da-agricultura-familiar\/","og_locale":"pt_BR","og_type":"article","og_title":"Din\u00e2mica da agricultura familiar - CPDA","og_description":"IH 1503 Disciplina espec\u00edfica da linha de pesquisa Estudos de cultura e mundo rural N\u00famero de cr\u00e9ditos: 3 Horas aula: ... leia mais","og_url":"https:\/\/institucional.ufrrj.br\/portalcpda\/dinamica-da-agricultura-familiar\/","og_site_name":"CPDA","article_modified_time":"2018-06-29T19:12:50+00:00","twitter_card":"summary_large_image","twitter_misc":{"Est. tempo de leitura":"2 minutos"},"schema":{"@context":"https:\/\/schema.org","@graph":[{"@type":"WebPage","@id":"https:\/\/institucional.ufrrj.br\/portalcpda\/dinamica-da-agricultura-familiar\/","url":"https:\/\/institucional.ufrrj.br\/portalcpda\/dinamica-da-agricultura-familiar\/","name":"Din\u00e2mica da agricultura familiar - CPDA","isPartOf":{"@id":"https:\/\/institucional.ufrrj.br\/portalcpda\/#website"},"datePublished":"2011-07-05T19:09:14+00:00","dateModified":"2018-06-29T19:12:50+00:00","breadcrumb":{"@id":"https:\/\/institucional.ufrrj.br\/portalcpda\/dinamica-da-agricultura-familiar\/#breadcrumb"},"inLanguage":"pt-BR","potentialAction":[{"@type":"ReadAction","target":["https:\/\/institucional.ufrrj.br\/portalcpda\/dinamica-da-agricultura-familiar\/"]}]},{"@type":"BreadcrumbList","@id":"https:\/\/institucional.ufrrj.br\/portalcpda\/dinamica-da-agricultura-familiar\/#breadcrumb","itemListElement":[{"@type":"ListItem","position":1,"name":"In\u00edcio","item":"https:\/\/institucional.ufrrj.br\/portalcpda\/"},{"@type":"ListItem","position":2,"name":"Din\u00e2mica da agricultura familiar"}]},{"@type":"WebSite","@id":"https:\/\/institucional.ufrrj.br\/portalcpda\/#website","url":"https:\/\/institucional.ufrrj.br\/portalcpda\/","name":"CPDA","description":"institucional.ufrrj.br","potentialAction":[{"@type":"SearchAction","target":{"@type":"EntryPoint","urlTemplate":"https:\/\/institucional.ufrrj.br\/portalcpda\/?s={search_term_string}"},"query-input":{"@type":"PropertyValueSpecification","valueRequired":true,"valueName":"search_term_string"}}],"inLanguage":"pt-BR"}]}},"acf":[],"_links":{"self":[{"href":"https:\/\/institucional.ufrrj.br\/portalcpda\/wp-json\/wp\/v2\/pages\/151","targetHints":{"allow":["GET"]}}],"collection":[{"href":"https:\/\/institucional.ufrrj.br\/portalcpda\/wp-json\/wp\/v2\/pages"}],"about":[{"href":"https:\/\/institucional.ufrrj.br\/portalcpda\/wp-json\/wp\/v2\/types\/page"}],"author":[{"embeddable":true,"href":"https:\/\/institucional.ufrrj.br\/portalcpda\/wp-json\/wp\/v2\/users\/634"}],"replies":[{"embeddable":true,"href":"https:\/\/institucional.ufrrj.br\/portalcpda\/wp-json\/wp\/v2\/comments?post=151"}],"version-history":[{"count":2,"href":"https:\/\/institucional.ufrrj.br\/portalcpda\/wp-json\/wp\/v2\/pages\/151\/revisions"}],"predecessor-version":[{"id":14351,"href":"https:\/\/institucional.ufrrj.br\/portalcpda\/wp-json\/wp\/v2\/pages\/151\/revisions\/14351"}],"wp:attachment":[{"href":"https:\/\/institucional.ufrrj.br\/portalcpda\/wp-json\/wp\/v2\/media?parent=151"}],"curies":[{"name":"wp","href":"https:\/\/api.w.org\/{rel}","templated":true}]}}