{"id":14994,"date":"2018-08-14T12:20:22","date_gmt":"2018-08-14T15:20:22","guid":{"rendered":"http:\/\/institucional.ufrrj.br\/portalcpda\/?page_id=14994"},"modified":"2020-04-30T12:28:24","modified_gmt":"2020-04-30T15:28:24","slug":"defesas-agendadas","status":"publish","type":"page","link":"https:\/\/institucional.ufrrj.br\/portalcpda\/defesas-agendadas\/","title":{"rendered":"Defesas agendadas"},"content":{"rendered":"<hr \/>\n<p>&nbsp;<\/p>\n<p>BANCA DE QUALIFICA\u00c7\u00c3O DE DOUTORADO<\/p>\n<p><strong>Candidata: LARA IZABELLA TOSTA ARANTES<\/strong><br \/>\n<strong>Data: 11 de maio de 2020<\/strong><br \/>\nHor\u00e1rio: 14h<\/p>\n<p>T\u00edtulo: Onde mora o poder pol\u00edtico. Um estudo de inser\u00e7\u00e3o de novas for\u00e7as e da reinven\u00e7\u00e3o do poder tradicional na pol\u00edtica local<\/p>\n<p>Banca:<br \/>\nLeonilde Servolo de Medeiros (Orientadora) \u2013 UFRRJ<br \/>\nD\u00e9bora Franco Lerrer \u2013 UFRRJ<br \/>\nRegina Angela Landim Bruno \u2013 UFRRJ<br \/>\nJo\u00e3o Vicente Marques Lag\u00fc\u00e9ns \u2013 UFRJ<\/p>\n<p>Plataforma: Skype (A defesa ser\u00e1 realizada por Skype e os que quiserem assist\u00ed-la, por favor, enviem seu endere\u00e7o Skype at\u00e9 o dia 10 de maio \u00e0s 17 h para o email cpda.secacademica@gmail.com).<\/p>\n<p>&nbsp;<\/p>\n<hr \/>\n<p>&nbsp;<\/p>\n<p>BANCA DE QUALIFICA\u00c7\u00c3O DE DOUTORADO<\/p>\n<p><strong>Candidato: RICARDO JOS\u00c9 BRAGA AMARAL DE BRITO<\/strong><br \/>\n<strong>Data: 20 de maio de 2020<\/strong><br \/>\nHor\u00e1rio: 14h<\/p>\n<p>T\u00edtulo: Controle da terra e das popula\u00e7\u00f5es. A pol\u00edtica de coloniza\u00e7\u00e3o da Ditadura Empresarial-Militar<\/p>\n<p>Banca:<br \/>\nLeonilde Servolo de Medeiros (Orientadora) \u2013 UFRRJ<br \/>\nRegina Angela Landim Bruno \u2013 UFRRJ<br \/>\nThereza Cardoso Menezes \u2013 UFRRJ<br \/>\nAntonio Carlos de Souza Lima \u2013 UFRJ<\/p>\n<p>Plataforma: Skype (A defesa ser\u00e1 realizada por Skype e os que quiserem assist\u00ed-la, por favor, enviem seu endere\u00e7o Skype at\u00e9 o dia 19 de maio \u00e0s 17 h para o email cpda.secacademica@gmail.com).<\/p>\n<p>&nbsp;<\/p>\n<hr \/>\n<p>&nbsp;<\/p>\n<p>&nbsp;<\/p>\n<p>&nbsp;<\/p>\n<p>&nbsp;<\/p>\n","protected":false},"excerpt":{"rendered":"<p>&nbsp; BANCA DE QUALIFICA\u00c7\u00c3O DE DOUTORADO Candidata: LARA IZABELLA TOSTA ARANTES Data: 11 de maio de 2020 Hor\u00e1rio: 14h T\u00edtulo: <a class=\"read-more\" href=\"https:\/\/institucional.ufrrj.br\/portalcpda\/defesas-agendadas\/ \" >&#8230; <span class=\"font-italic\">leia mais <i class=\"fas fa-angle-right\"><\/i><\/span><\/a><\/p>\n","protected":false},"author":715,"featured_media":0,"parent":0,"menu_order":0,"comment_status":"closed","ping_status":"closed","template":"","meta":{"_acf_changed":false,"footnotes":""},"class_list":["post-14994","page","type-page","status-publish","hentry"],"yoast_head":"<!-- This site is optimized with the Yoast SEO plugin v27.2 - https:\/\/yoast.com\/product\/yoast-seo-wordpress\/ -->\n<title>Defesas agendadas - CPDA<\/title>\n<meta name=\"robots\" content=\"index, follow, max-snippet:-1, max-image-preview:large, max-video-preview:-1\" \/>\n<link rel=\"canonical\" href=\"https:\/\/institucional.ufrrj.br\/portalcpda\/defesas-agendadas\/\" \/>\n<meta property=\"og:locale\" content=\"pt_BR\" \/>\n<meta property=\"og:type\" content=\"article\" \/>\n<meta property=\"og:title\" content=\"Defesas agendadas - CPDA\" \/>\n<meta property=\"og:description\" content=\"&nbsp; BANCA DE QUALIFICA\u00c7\u00c3O DE DOUTORADO Candidata: LARA IZABELLA TOSTA ARANTES Data: 11 de maio de 2020 Hor\u00e1rio: 14h T\u00edtulo: ... leia mais\" \/>\n<meta property=\"og:url\" content=\"https:\/\/institucional.ufrrj.br\/portalcpda\/defesas-agendadas\/\" \/>\n<meta property=\"og:site_name\" content=\"CPDA\" \/>\n<meta property=\"article:modified_time\" content=\"2020-04-30T15:28:24+00:00\" \/>\n<meta name=\"twitter:card\" content=\"summary_large_image\" \/>\n<meta name=\"twitter:label1\" content=\"Est. tempo de leitura\" \/>\n\t<meta name=\"twitter:data1\" content=\"1 minuto\" \/>\n<script type=\"application\/ld+json\" class=\"yoast-schema-graph\">{\"@context\":\"https:\/\/schema.org\",\"@graph\":[{\"@type\":\"WebPage\",\"@id\":\"https:\/\/institucional.ufrrj.br\/portalcpda\/defesas-agendadas\/\",\"url\":\"https:\/\/institucional.ufrrj.br\/portalcpda\/defesas-agendadas\/\",\"name\":\"Defesas agendadas - CPDA\",\"isPartOf\":{\"@id\":\"https:\/\/institucional.ufrrj.br\/portalcpda\/#website\"},\"datePublished\":\"2018-08-14T15:20:22+00:00\",\"dateModified\":\"2020-04-30T15:28:24+00:00\",\"breadcrumb\":{\"@id\":\"https:\/\/institucional.ufrrj.br\/portalcpda\/defesas-agendadas\/#breadcrumb\"},\"inLanguage\":\"pt-BR\",\"potentialAction\":[{\"@type\":\"ReadAction\",\"target\":[\"https:\/\/institucional.ufrrj.br\/portalcpda\/defesas-agendadas\/\"]}]},{\"@type\":\"BreadcrumbList\",\"@id\":\"https:\/\/institucional.ufrrj.br\/portalcpda\/defesas-agendadas\/#breadcrumb\",\"itemListElement\":[{\"@type\":\"ListItem\",\"position\":1,\"name\":\"In\u00edcio\",\"item\":\"https:\/\/institucional.ufrrj.br\/portalcpda\/\"},{\"@type\":\"ListItem\",\"position\":2,\"name\":\"Defesas agendadas\"}]},{\"@type\":\"WebSite\",\"@id\":\"https:\/\/institucional.ufrrj.br\/portalcpda\/#website\",\"url\":\"https:\/\/institucional.ufrrj.br\/portalcpda\/\",\"name\":\"CPDA\",\"description\":\"institucional.ufrrj.br\",\"potentialAction\":[{\"@type\":\"SearchAction\",\"target\":{\"@type\":\"EntryPoint\",\"urlTemplate\":\"https:\/\/institucional.ufrrj.br\/portalcpda\/?s={search_term_string}\"},\"query-input\":{\"@type\":\"PropertyValueSpecification\",\"valueRequired\":true,\"valueName\":\"search_term_string\"}}],\"inLanguage\":\"pt-BR\"}]}<\/script>\n<!-- \/ Yoast SEO plugin. -->","yoast_head_json":{"title":"Defesas agendadas - CPDA","robots":{"index":"index","follow":"follow","max-snippet":"max-snippet:-1","max-image-preview":"max-image-preview:large","max-video-preview":"max-video-preview:-1"},"canonical":"https:\/\/institucional.ufrrj.br\/portalcpda\/defesas-agendadas\/","og_locale":"pt_BR","og_type":"article","og_title":"Defesas agendadas - CPDA","og_description":"&nbsp; BANCA DE QUALIFICA\u00c7\u00c3O DE DOUTORADO Candidata: LARA IZABELLA TOSTA ARANTES Data: 11 de maio de 2020 Hor\u00e1rio: 14h T\u00edtulo: ... leia mais","og_url":"https:\/\/institucional.ufrrj.br\/portalcpda\/defesas-agendadas\/","og_site_name":"CPDA","article_modified_time":"2020-04-30T15:28:24+00:00","twitter_card":"summary_large_image","twitter_misc":{"Est. tempo de leitura":"1 minuto"},"schema":{"@context":"https:\/\/schema.org","@graph":[{"@type":"WebPage","@id":"https:\/\/institucional.ufrrj.br\/portalcpda\/defesas-agendadas\/","url":"https:\/\/institucional.ufrrj.br\/portalcpda\/defesas-agendadas\/","name":"Defesas agendadas - CPDA","isPartOf":{"@id":"https:\/\/institucional.ufrrj.br\/portalcpda\/#website"},"datePublished":"2018-08-14T15:20:22+00:00","dateModified":"2020-04-30T15:28:24+00:00","breadcrumb":{"@id":"https:\/\/institucional.ufrrj.br\/portalcpda\/defesas-agendadas\/#breadcrumb"},"inLanguage":"pt-BR","potentialAction":[{"@type":"ReadAction","target":["https:\/\/institucional.ufrrj.br\/portalcpda\/defesas-agendadas\/"]}]},{"@type":"BreadcrumbList","@id":"https:\/\/institucional.ufrrj.br\/portalcpda\/defesas-agendadas\/#breadcrumb","itemListElement":[{"@type":"ListItem","position":1,"name":"In\u00edcio","item":"https:\/\/institucional.ufrrj.br\/portalcpda\/"},{"@type":"ListItem","position":2,"name":"Defesas agendadas"}]},{"@type":"WebSite","@id":"https:\/\/institucional.ufrrj.br\/portalcpda\/#website","url":"https:\/\/institucional.ufrrj.br\/portalcpda\/","name":"CPDA","description":"institucional.ufrrj.br","potentialAction":[{"@type":"SearchAction","target":{"@type":"EntryPoint","urlTemplate":"https:\/\/institucional.ufrrj.br\/portalcpda\/?s={search_term_string}"},"query-input":{"@type":"PropertyValueSpecification","valueRequired":true,"valueName":"search_term_string"}}],"inLanguage":"pt-BR"}]}},"acf":[],"_links":{"self":[{"href":"https:\/\/institucional.ufrrj.br\/portalcpda\/wp-json\/wp\/v2\/pages\/14994","targetHints":{"allow":["GET"]}}],"collection":[{"href":"https:\/\/institucional.ufrrj.br\/portalcpda\/wp-json\/wp\/v2\/pages"}],"about":[{"href":"https:\/\/institucional.ufrrj.br\/portalcpda\/wp-json\/wp\/v2\/types\/page"}],"author":[{"embeddable":true,"href":"https:\/\/institucional.ufrrj.br\/portalcpda\/wp-json\/wp\/v2\/users\/715"}],"replies":[{"embeddable":true,"href":"https:\/\/institucional.ufrrj.br\/portalcpda\/wp-json\/wp\/v2\/comments?post=14994"}],"version-history":[{"count":107,"href":"https:\/\/institucional.ufrrj.br\/portalcpda\/wp-json\/wp\/v2\/pages\/14994\/revisions"}],"predecessor-version":[{"id":19209,"href":"https:\/\/institucional.ufrrj.br\/portalcpda\/wp-json\/wp\/v2\/pages\/14994\/revisions\/19209"}],"wp:attachment":[{"href":"https:\/\/institucional.ufrrj.br\/portalcpda\/wp-json\/wp\/v2\/media?parent=14994"}],"curies":[{"name":"wp","href":"https:\/\/api.w.org\/{rel}","templated":true}]}}