{"id":148,"date":"2011-07-05T19:07:34","date_gmt":"2011-07-05T19:07:34","guid":{"rendered":"http:\/\/r1.ufrrj.br\/cpda\/?page_id=148"},"modified":"2018-06-29T16:13:31","modified_gmt":"2018-06-29T19:13:31","slug":"economia-politica-do-regime-internacional","status":"publish","type":"page","link":"https:\/\/institucional.ufrrj.br\/portalcpda\/economia-politica-do-regime-internacional\/","title":{"rendered":"Economia pol\u00edtica do regime internacional"},"content":{"rendered":"<p style=\"text-align: justify\">IH 1536<\/p>\n<p style=\"text-align: justify\">Disciplina fundamental do Doutorado<br \/>\nN\u00famero de cr\u00e9ditos: 3<br \/>\nHoras aula: 4 (2 te\u00f3ricas e 2 pr\u00e1ticas)<br \/>\nProfessores respons\u00e1veis: Nelson Giordano Delgado e S\u00e9rgio Pereira Leite<\/p>\n<p style=\"text-align: justify\"><strong>Objetivos<\/strong><\/p>\n<p style=\"text-align: justify\">Analisar os principais aspectos pol\u00edticos e econ\u00f4micos (financeiros e comerciais) que caracterizam os regimes internacionais de Bretton Woods (1946-d\u00e9cada de 1970) e da Organiza\u00e7\u00e3o Mundial do Com\u00e9rcio (a partir da d\u00e9cada de 1980) e que conformaram as condi\u00e7\u00f5es e possibilidades de crescimento e de apropria\u00e7\u00e3o da riqueza no sistema capitalista internacional a partir da metade do s\u00e9culo passado.<\/p>\n<p style=\"text-align: justify\"><strong>Ementa<\/strong><\/p>\n<p style=\"text-align: justify\">O conceito de regime internacional e as teorias da economia pol\u00edtica das rela\u00e7\u00f5es internacionais.<br \/>\nO regime internacional de Bretton Woods, principais aspectos econ\u00f4micos e pol\u00edticos. As origens do regime: a constru\u00e7\u00e3o do sistema financeiro e comercial mundial do p\u00f3s-2\u00aa Guerra Mundial. A hegemonia dos Estados Unidos e a reconstru\u00e7\u00e3o europ\u00e9ia. A Guerra Fria. A crise de 1968. A quest\u00e3o do desenvolvimento econ\u00f4mico e dos pa\u00edses subdesenvolvidos. A crise do regime de Bretton Woods.<br \/>\nO regime internacional da OMC, principais aspectos econ\u00f4micos e pol\u00edticos. A retomada da hegemonia norte-americana. Globaliza\u00e7\u00e3o e liberaliza\u00e7\u00e3o financeira e comercial mundiais. Crise do Estado e neoliberalismo. A queda do muro de Berlim e o fim da Guerra Fria: uma nova \u201chegemonia imperial\u201d?. Crise da d\u00edvida, ajustamento externo e inviabiliza\u00e7\u00e3o das condi\u00e7\u00f5es de crescimento econ\u00f4mico nos pa\u00edses subdesenvolvidos. O regime internacional da OMC e os movimentos anti-globaliza\u00e7\u00e3o. O F\u00f3rum Social Mundial de Porto Alegre. O movimento da sociedade civil e a governan\u00e7a internacional. Liberaliza\u00e7\u00e3o, pol\u00edticas dom\u00e9sticas e desenvolvimento econ\u00f4mico.<\/p>\n<p style=\"text-align: justify\"><strong>Bibliografia<\/strong><\/p>\n<p style=\"text-align: justify\">BORDO, Michael D. and EICHENGREEN, Barry, eds. A retrospective on the Bretton Woods System. Lessons for international monetary reform. Chicago and London: University of Chicago Press, 1993.<br \/>\nCOX, Robert W. with SINCLAIR, Timothy J. Approaches to world order. Cambridge: Cambridge University Press, 1996.<br \/>\nDELGADO, Nelson Giordano. O regime de Bretton Woods para o com\u00e9rcio mundial: Origens, institui\u00e7\u00f5es e significado. Rio de Janeiro: CPDA\/UFRRJ, 2000. Tese de Doutorado.<br \/>\nEICHENGREEN, Barry. A globaliza\u00e7\u00e3o do capital. Uma hist\u00f3ria do sistema monet\u00e1rio internacional. S\u00e3o Paulo: Editora 34, 2000 (1\u00aa ed. ingl\u00eas: 1996).<br \/>\nFIORI, Jos\u00e9 Lu\u00eds (org.) Estados e moedas no desenvolvimento das na\u00e7\u00f5es. Petr\u00f3polis: Vozes, 1999.<br \/>\nGILPIN, Robert. The challenge of global capitalism. The world economy in the 21st century. Princeton: Princeton University Press, 2000.<br \/>\nHELLEINER, Eric. States and the reemergence of global finance. From Bretton Woods to the 1990s. Ithaca and London: Cornell University Press, 1994.<br \/>\nKRASNER, Stephen D. (ed.) International regimes. Ithaca and London: Cornell University Press, 1983.<br \/>\nSTIGLITZ, Joseph E. A globaliza\u00e7\u00e3o e seus malef\u00edcios. A promessa n\u00e3o cumprida de benef\u00edcios globais. S\u00e3o Paulo: Editora Futura, 2002.<br \/>\nTAVARES, Maria da Concei\u00e7\u00e3o e FIORI, Jos\u00e9 Lu\u00eds (orgs.) Poder e dinheiro. Uma economia pol\u00edtica da globaliza\u00e7\u00e3o. Petr\u00f3polis: Vozes, 1997<\/p>\n","protected":false},"excerpt":{"rendered":"<p>IH 1536 Disciplina fundamental do Doutorado N\u00famero de cr\u00e9ditos: 3 Horas aula: 4 (2 te\u00f3ricas e 2 pr\u00e1ticas) Professores respons\u00e1veis: <a class=\"read-more\" href=\"https:\/\/institucional.ufrrj.br\/portalcpda\/economia-politica-do-regime-internacional\/ \" >&#8230; <span class=\"font-italic\">leia mais <i class=\"fas fa-angle-right\"><\/i><\/span><\/a><\/p>\n","protected":false},"author":634,"featured_media":0,"parent":0,"menu_order":0,"comment_status":"open","ping_status":"open","template":"","meta":{"_acf_changed":false,"footnotes":""},"class_list":["post-148","page","type-page","status-publish","hentry"],"yoast_head":"<!-- This site is optimized with the Yoast SEO plugin v27.2 - https:\/\/yoast.com\/product\/yoast-seo-wordpress\/ -->\n<title>Economia pol\u00edtica do regime internacional - CPDA<\/title>\n<meta name=\"robots\" content=\"index, follow, max-snippet:-1, max-image-preview:large, max-video-preview:-1\" \/>\n<link rel=\"canonical\" href=\"https:\/\/institucional.ufrrj.br\/portalcpda\/economia-politica-do-regime-internacional\/\" \/>\n<meta property=\"og:locale\" content=\"pt_BR\" \/>\n<meta property=\"og:type\" content=\"article\" \/>\n<meta property=\"og:title\" content=\"Economia pol\u00edtica do regime internacional - CPDA\" \/>\n<meta property=\"og:description\" content=\"IH 1536 Disciplina fundamental do Doutorado N\u00famero de cr\u00e9ditos: 3 Horas aula: 4 (2 te\u00f3ricas e 2 pr\u00e1ticas) Professores respons\u00e1veis: ... leia mais\" \/>\n<meta property=\"og:url\" content=\"https:\/\/institucional.ufrrj.br\/portalcpda\/economia-politica-do-regime-internacional\/\" \/>\n<meta property=\"og:site_name\" content=\"CPDA\" \/>\n<meta property=\"article:modified_time\" content=\"2018-06-29T19:13:31+00:00\" \/>\n<meta name=\"twitter:card\" content=\"summary_large_image\" \/>\n<meta name=\"twitter:label1\" content=\"Est. tempo de leitura\" \/>\n\t<meta name=\"twitter:data1\" content=\"2 minutos\" \/>\n<script type=\"application\/ld+json\" class=\"yoast-schema-graph\">{\"@context\":\"https:\/\/schema.org\",\"@graph\":[{\"@type\":\"WebPage\",\"@id\":\"https:\/\/institucional.ufrrj.br\/portalcpda\/economia-politica-do-regime-internacional\/\",\"url\":\"https:\/\/institucional.ufrrj.br\/portalcpda\/economia-politica-do-regime-internacional\/\",\"name\":\"Economia pol\u00edtica do regime internacional - CPDA\",\"isPartOf\":{\"@id\":\"https:\/\/institucional.ufrrj.br\/portalcpda\/#website\"},\"datePublished\":\"2011-07-05T19:07:34+00:00\",\"dateModified\":\"2018-06-29T19:13:31+00:00\",\"breadcrumb\":{\"@id\":\"https:\/\/institucional.ufrrj.br\/portalcpda\/economia-politica-do-regime-internacional\/#breadcrumb\"},\"inLanguage\":\"pt-BR\",\"potentialAction\":[{\"@type\":\"ReadAction\",\"target\":[\"https:\/\/institucional.ufrrj.br\/portalcpda\/economia-politica-do-regime-internacional\/\"]}]},{\"@type\":\"BreadcrumbList\",\"@id\":\"https:\/\/institucional.ufrrj.br\/portalcpda\/economia-politica-do-regime-internacional\/#breadcrumb\",\"itemListElement\":[{\"@type\":\"ListItem\",\"position\":1,\"name\":\"In\u00edcio\",\"item\":\"https:\/\/institucional.ufrrj.br\/portalcpda\/\"},{\"@type\":\"ListItem\",\"position\":2,\"name\":\"Economia pol\u00edtica do regime internacional\"}]},{\"@type\":\"WebSite\",\"@id\":\"https:\/\/institucional.ufrrj.br\/portalcpda\/#website\",\"url\":\"https:\/\/institucional.ufrrj.br\/portalcpda\/\",\"name\":\"CPDA\",\"description\":\"institucional.ufrrj.br\",\"potentialAction\":[{\"@type\":\"SearchAction\",\"target\":{\"@type\":\"EntryPoint\",\"urlTemplate\":\"https:\/\/institucional.ufrrj.br\/portalcpda\/?s={search_term_string}\"},\"query-input\":{\"@type\":\"PropertyValueSpecification\",\"valueRequired\":true,\"valueName\":\"search_term_string\"}}],\"inLanguage\":\"pt-BR\"}]}<\/script>\n<!-- \/ Yoast SEO plugin. -->","yoast_head_json":{"title":"Economia pol\u00edtica do regime internacional - CPDA","robots":{"index":"index","follow":"follow","max-snippet":"max-snippet:-1","max-image-preview":"max-image-preview:large","max-video-preview":"max-video-preview:-1"},"canonical":"https:\/\/institucional.ufrrj.br\/portalcpda\/economia-politica-do-regime-internacional\/","og_locale":"pt_BR","og_type":"article","og_title":"Economia pol\u00edtica do regime internacional - CPDA","og_description":"IH 1536 Disciplina fundamental do Doutorado N\u00famero de cr\u00e9ditos: 3 Horas aula: 4 (2 te\u00f3ricas e 2 pr\u00e1ticas) Professores respons\u00e1veis: ... leia mais","og_url":"https:\/\/institucional.ufrrj.br\/portalcpda\/economia-politica-do-regime-internacional\/","og_site_name":"CPDA","article_modified_time":"2018-06-29T19:13:31+00:00","twitter_card":"summary_large_image","twitter_misc":{"Est. tempo de leitura":"2 minutos"},"schema":{"@context":"https:\/\/schema.org","@graph":[{"@type":"WebPage","@id":"https:\/\/institucional.ufrrj.br\/portalcpda\/economia-politica-do-regime-internacional\/","url":"https:\/\/institucional.ufrrj.br\/portalcpda\/economia-politica-do-regime-internacional\/","name":"Economia pol\u00edtica do regime internacional - CPDA","isPartOf":{"@id":"https:\/\/institucional.ufrrj.br\/portalcpda\/#website"},"datePublished":"2011-07-05T19:07:34+00:00","dateModified":"2018-06-29T19:13:31+00:00","breadcrumb":{"@id":"https:\/\/institucional.ufrrj.br\/portalcpda\/economia-politica-do-regime-internacional\/#breadcrumb"},"inLanguage":"pt-BR","potentialAction":[{"@type":"ReadAction","target":["https:\/\/institucional.ufrrj.br\/portalcpda\/economia-politica-do-regime-internacional\/"]}]},{"@type":"BreadcrumbList","@id":"https:\/\/institucional.ufrrj.br\/portalcpda\/economia-politica-do-regime-internacional\/#breadcrumb","itemListElement":[{"@type":"ListItem","position":1,"name":"In\u00edcio","item":"https:\/\/institucional.ufrrj.br\/portalcpda\/"},{"@type":"ListItem","position":2,"name":"Economia pol\u00edtica do regime internacional"}]},{"@type":"WebSite","@id":"https:\/\/institucional.ufrrj.br\/portalcpda\/#website","url":"https:\/\/institucional.ufrrj.br\/portalcpda\/","name":"CPDA","description":"institucional.ufrrj.br","potentialAction":[{"@type":"SearchAction","target":{"@type":"EntryPoint","urlTemplate":"https:\/\/institucional.ufrrj.br\/portalcpda\/?s={search_term_string}"},"query-input":{"@type":"PropertyValueSpecification","valueRequired":true,"valueName":"search_term_string"}}],"inLanguage":"pt-BR"}]}},"acf":[],"_links":{"self":[{"href":"https:\/\/institucional.ufrrj.br\/portalcpda\/wp-json\/wp\/v2\/pages\/148","targetHints":{"allow":["GET"]}}],"collection":[{"href":"https:\/\/institucional.ufrrj.br\/portalcpda\/wp-json\/wp\/v2\/pages"}],"about":[{"href":"https:\/\/institucional.ufrrj.br\/portalcpda\/wp-json\/wp\/v2\/types\/page"}],"author":[{"embeddable":true,"href":"https:\/\/institucional.ufrrj.br\/portalcpda\/wp-json\/wp\/v2\/users\/634"}],"replies":[{"embeddable":true,"href":"https:\/\/institucional.ufrrj.br\/portalcpda\/wp-json\/wp\/v2\/comments?post=148"}],"version-history":[{"count":2,"href":"https:\/\/institucional.ufrrj.br\/portalcpda\/wp-json\/wp\/v2\/pages\/148\/revisions"}],"predecessor-version":[{"id":14380,"href":"https:\/\/institucional.ufrrj.br\/portalcpda\/wp-json\/wp\/v2\/pages\/148\/revisions\/14380"}],"wp:attachment":[{"href":"https:\/\/institucional.ufrrj.br\/portalcpda\/wp-json\/wp\/v2\/media?parent=148"}],"curies":[{"name":"wp","href":"https:\/\/api.w.org\/{rel}","templated":true}]}}