{"id":145,"date":"2011-07-05T18:58:33","date_gmt":"2011-07-05T18:58:33","guid":{"rendered":"http:\/\/r1.ufrrj.br\/cpda\/?page_id=145"},"modified":"2018-06-29T16:15:11","modified_gmt":"2018-06-29T19:15:11","slug":"rural-e-ruralidade-na-sociedade-contemporanea","status":"publish","type":"page","link":"https:\/\/institucional.ufrrj.br\/portalcpda\/rural-e-ruralidade-na-sociedade-contemporanea\/","title":{"rendered":"Rural e ruralidades na sociedade contempor\u00e2nea"},"content":{"rendered":"<p style=\"text-align: justify\">IH 1539<\/p>\n<p style=\"text-align: justify\">Disciplina fundamental do Doutorado<br \/>\nN\u00famero de cr\u00e9ditos: 3<br \/>\nHoras aula: 4 (2 te\u00f3ricas e 2 pr\u00e1ticas)<br \/>\nProfessor respons\u00e1vel: Maria Jos\u00e9 Carneiro e Roberto Jos\u00e9 Moreira<\/p>\n<p style=\"text-align: justify\"><strong>Objetivo <\/strong><\/p>\n<p style=\"text-align: justify\">O curso visa identificar os princ\u00edpios formuladores das an\u00e1lises interpretativas sobre a rela\u00e7\u00e3o campo-cidade, percorrendo a literatura cl\u00e1ssica sobre o tema at\u00e9 as produ\u00e7\u00f5es recentes buscando reconhecer os fundamentos das teorias interpretativas do \u201crural\u201d para, ent\u00e3o, identificar o que h\u00e1 de novo no debate atual sobre o \u201cnovo rural\u201d ou a \u201cnova ruralidade\u201d.<\/p>\n<p style=\"text-align: justify\"><strong>Ementa<\/strong><\/p>\n<p style=\"text-align: justify\">Leitura cr\u00edtica da bibliografia sobre a \u201cSociologia Rural\u201d e a \u201cAntropologia Rural\u201d: a abordagem dualista; o \u201ccontinum\u201d rural-urbano; o pensamento conservador; o campo como part society; o m\u00e9todo cr\u00edtico; localidade, ruralidades e globaliza\u00e7\u00e3o; o renascimento rural; as \u201ctransforma\u00e7\u00f5es recentes do meio rural\u201d; a \u201curbaniza\u00e7\u00e3o\u201d do campo, a \u201crurbaniza\u00e7\u00e3o\u201d e o \u201cnovo rural\u201d.<\/p>\n<p style=\"text-align: justify\"><strong>Bibliografia<\/strong><\/p>\n<p style=\"text-align: justify\">LEFEBVRE, H. \u201cProblemas da sociologia rural\u201d. In J. S. Martins (org.) Introdu\u00e7\u00e3o cr\u00edtica \u00e0 sociologia rural, S\u00e3o Paulo: Hucitec,1981.<br \/>\nMANNHEIN, K. \u201cO pensamento conservador\u201d. In Martins, J. S. (org.) Introdu\u00e7\u00e3o cr\u00edtica \u00e0 sociologia rural. S\u00e3o Paulo: Hucitec, 1981.<br \/>\nMARTINS, J.S. \u201cAs coisas no lugar\u201d. In Martins, J. S. (org.) Introdu\u00e7\u00e3o cr\u00edtica \u00e0 sociologia rural. S\u00e3o Paulo: Hucitec, 1981.<br \/>\nMARX, K e ENGELS, F. \u201cL\u2019id\u00e9ologie allemande (1\u00aa parte)\u201d. In Godelier, M. (org) Sur les soci\u00e9t\u00e9s pr\u00e9capitalistes. Paris: Ed. Sociales, 1973. Ou In Marx, K. Sociedades pr\u00e9-capitalistas, Introdu\u00e7\u00e3o de E. Hobsbawn.<br \/>\nMENDRAS, H. \u201cSociologie du milieu rural\u201d. In Gurvitch (dir.) Trait\u00e9 de sociologie, Paris: PUF, 1958.<br \/>\nNISBET, R.A. &#8220;As id\u00e9ias-unidades da sociologia&#8221;. In Martins, J.S (org.) Introdu\u00e7\u00e3o cr\u00edtica \u00e0 sociologia rural. S\u00e3o Paulo: Hucitec, 1981.<br \/>\nPAHL, R. E. \u201cThe rural-urban continum\u201d. In Sociologia ruralis, vol VI n. 3-4 1966. Ou In Pahl (ed) Readings in urban sociology, Oxford: Perganon Press, 1968.<br \/>\nREDFIELD, R. e. Singer, M. \u201cCity and Countryside: the culture independence\u201d. In Shanin, T. Peasant and peasant societies. Harmondsworth: Penguin Books, 1971.<br \/>\nSOROKIN, P. A. Zimmerman, C.C. e Galpin, C. J. \u201cDiferen\u00e7as fundamentais entre o mundo rural e o urbano\u201d. In Martins, J.S. (org.). Introdu\u00e7\u00e3o cr\u00edtica \u00e0 sociologia rural. S\u00e3o Paulo: Hucitec, 1981.<br \/>\nWEBER, M. The City. London, Melbourne, Toronto: Heinemann, 1960. Chap. 1. \u201cThe nature of the city\u201d.<\/p>\n<p style=\"text-align: justify\"><a href=\"https:\/\/institucional.ufrrj.br\/portalcpda\/files\/2011\/07\/2015-02-Rural-e-Ruralidades-na-Sociedade-Contempor\u00e2nea.pdf\" rel=\"nofollow\">2015-02 Rural e Ruralidades na Sociedade Contempor\u00e2nea<\/a><\/p>\n","protected":false},"excerpt":{"rendered":"<p>IH 1539 Disciplina fundamental do Doutorado N\u00famero de cr\u00e9ditos: 3 Horas aula: 4 (2 te\u00f3ricas e 2 pr\u00e1ticas) Professor respons\u00e1vel: <a class=\"read-more\" href=\"https:\/\/institucional.ufrrj.br\/portalcpda\/rural-e-ruralidade-na-sociedade-contemporanea\/ \" >&#8230; <span class=\"font-italic\">leia mais <i class=\"fas fa-angle-right\"><\/i><\/span><\/a><\/p>\n","protected":false},"author":634,"featured_media":0,"parent":0,"menu_order":0,"comment_status":"open","ping_status":"open","template":"","meta":{"_acf_changed":false,"footnotes":""},"class_list":["post-145","page","type-page","status-publish","hentry"],"yoast_head":"<!-- This site is optimized with the Yoast SEO plugin v27.2 - https:\/\/yoast.com\/product\/yoast-seo-wordpress\/ -->\n<title>Rural e ruralidades na sociedade contempor\u00e2nea - CPDA<\/title>\n<meta name=\"robots\" content=\"index, follow, max-snippet:-1, max-image-preview:large, max-video-preview:-1\" \/>\n<link rel=\"canonical\" href=\"https:\/\/institucional.ufrrj.br\/portalcpda\/rural-e-ruralidade-na-sociedade-contemporanea\/\" \/>\n<meta property=\"og:locale\" content=\"pt_BR\" \/>\n<meta property=\"og:type\" content=\"article\" \/>\n<meta property=\"og:title\" content=\"Rural e ruralidades na sociedade contempor\u00e2nea - CPDA\" \/>\n<meta property=\"og:description\" content=\"IH 1539 Disciplina fundamental do Doutorado N\u00famero de cr\u00e9ditos: 3 Horas aula: 4 (2 te\u00f3ricas e 2 pr\u00e1ticas) Professor respons\u00e1vel: ... leia mais\" \/>\n<meta property=\"og:url\" content=\"https:\/\/institucional.ufrrj.br\/portalcpda\/rural-e-ruralidade-na-sociedade-contemporanea\/\" \/>\n<meta property=\"og:site_name\" content=\"CPDA\" \/>\n<meta property=\"article:modified_time\" content=\"2018-06-29T19:15:11+00:00\" \/>\n<meta name=\"twitter:card\" content=\"summary_large_image\" \/>\n<meta name=\"twitter:label1\" content=\"Est. tempo de leitura\" \/>\n\t<meta name=\"twitter:data1\" content=\"2 minutos\" \/>\n<script type=\"application\/ld+json\" class=\"yoast-schema-graph\">{\"@context\":\"https:\/\/schema.org\",\"@graph\":[{\"@type\":\"WebPage\",\"@id\":\"https:\/\/institucional.ufrrj.br\/portalcpda\/rural-e-ruralidade-na-sociedade-contemporanea\/\",\"url\":\"https:\/\/institucional.ufrrj.br\/portalcpda\/rural-e-ruralidade-na-sociedade-contemporanea\/\",\"name\":\"Rural e ruralidades na sociedade contempor\u00e2nea - CPDA\",\"isPartOf\":{\"@id\":\"https:\/\/institucional.ufrrj.br\/portalcpda\/#website\"},\"datePublished\":\"2011-07-05T18:58:33+00:00\",\"dateModified\":\"2018-06-29T19:15:11+00:00\",\"breadcrumb\":{\"@id\":\"https:\/\/institucional.ufrrj.br\/portalcpda\/rural-e-ruralidade-na-sociedade-contemporanea\/#breadcrumb\"},\"inLanguage\":\"pt-BR\",\"potentialAction\":[{\"@type\":\"ReadAction\",\"target\":[\"https:\/\/institucional.ufrrj.br\/portalcpda\/rural-e-ruralidade-na-sociedade-contemporanea\/\"]}]},{\"@type\":\"BreadcrumbList\",\"@id\":\"https:\/\/institucional.ufrrj.br\/portalcpda\/rural-e-ruralidade-na-sociedade-contemporanea\/#breadcrumb\",\"itemListElement\":[{\"@type\":\"ListItem\",\"position\":1,\"name\":\"In\u00edcio\",\"item\":\"https:\/\/institucional.ufrrj.br\/portalcpda\/\"},{\"@type\":\"ListItem\",\"position\":2,\"name\":\"Rural e ruralidades na sociedade contempor\u00e2nea\"}]},{\"@type\":\"WebSite\",\"@id\":\"https:\/\/institucional.ufrrj.br\/portalcpda\/#website\",\"url\":\"https:\/\/institucional.ufrrj.br\/portalcpda\/\",\"name\":\"CPDA\",\"description\":\"institucional.ufrrj.br\",\"potentialAction\":[{\"@type\":\"SearchAction\",\"target\":{\"@type\":\"EntryPoint\",\"urlTemplate\":\"https:\/\/institucional.ufrrj.br\/portalcpda\/?s={search_term_string}\"},\"query-input\":{\"@type\":\"PropertyValueSpecification\",\"valueRequired\":true,\"valueName\":\"search_term_string\"}}],\"inLanguage\":\"pt-BR\"}]}<\/script>\n<!-- \/ Yoast SEO plugin. -->","yoast_head_json":{"title":"Rural e ruralidades na sociedade contempor\u00e2nea - CPDA","robots":{"index":"index","follow":"follow","max-snippet":"max-snippet:-1","max-image-preview":"max-image-preview:large","max-video-preview":"max-video-preview:-1"},"canonical":"https:\/\/institucional.ufrrj.br\/portalcpda\/rural-e-ruralidade-na-sociedade-contemporanea\/","og_locale":"pt_BR","og_type":"article","og_title":"Rural e ruralidades na sociedade contempor\u00e2nea - CPDA","og_description":"IH 1539 Disciplina fundamental do Doutorado N\u00famero de cr\u00e9ditos: 3 Horas aula: 4 (2 te\u00f3ricas e 2 pr\u00e1ticas) Professor respons\u00e1vel: ... leia mais","og_url":"https:\/\/institucional.ufrrj.br\/portalcpda\/rural-e-ruralidade-na-sociedade-contemporanea\/","og_site_name":"CPDA","article_modified_time":"2018-06-29T19:15:11+00:00","twitter_card":"summary_large_image","twitter_misc":{"Est. tempo de leitura":"2 minutos"},"schema":{"@context":"https:\/\/schema.org","@graph":[{"@type":"WebPage","@id":"https:\/\/institucional.ufrrj.br\/portalcpda\/rural-e-ruralidade-na-sociedade-contemporanea\/","url":"https:\/\/institucional.ufrrj.br\/portalcpda\/rural-e-ruralidade-na-sociedade-contemporanea\/","name":"Rural e ruralidades na sociedade contempor\u00e2nea - CPDA","isPartOf":{"@id":"https:\/\/institucional.ufrrj.br\/portalcpda\/#website"},"datePublished":"2011-07-05T18:58:33+00:00","dateModified":"2018-06-29T19:15:11+00:00","breadcrumb":{"@id":"https:\/\/institucional.ufrrj.br\/portalcpda\/rural-e-ruralidade-na-sociedade-contemporanea\/#breadcrumb"},"inLanguage":"pt-BR","potentialAction":[{"@type":"ReadAction","target":["https:\/\/institucional.ufrrj.br\/portalcpda\/rural-e-ruralidade-na-sociedade-contemporanea\/"]}]},{"@type":"BreadcrumbList","@id":"https:\/\/institucional.ufrrj.br\/portalcpda\/rural-e-ruralidade-na-sociedade-contemporanea\/#breadcrumb","itemListElement":[{"@type":"ListItem","position":1,"name":"In\u00edcio","item":"https:\/\/institucional.ufrrj.br\/portalcpda\/"},{"@type":"ListItem","position":2,"name":"Rural e ruralidades na sociedade contempor\u00e2nea"}]},{"@type":"WebSite","@id":"https:\/\/institucional.ufrrj.br\/portalcpda\/#website","url":"https:\/\/institucional.ufrrj.br\/portalcpda\/","name":"CPDA","description":"institucional.ufrrj.br","potentialAction":[{"@type":"SearchAction","target":{"@type":"EntryPoint","urlTemplate":"https:\/\/institucional.ufrrj.br\/portalcpda\/?s={search_term_string}"},"query-input":{"@type":"PropertyValueSpecification","valueRequired":true,"valueName":"search_term_string"}}],"inLanguage":"pt-BR"}]}},"acf":[],"_links":{"self":[{"href":"https:\/\/institucional.ufrrj.br\/portalcpda\/wp-json\/wp\/v2\/pages\/145","targetHints":{"allow":["GET"]}}],"collection":[{"href":"https:\/\/institucional.ufrrj.br\/portalcpda\/wp-json\/wp\/v2\/pages"}],"about":[{"href":"https:\/\/institucional.ufrrj.br\/portalcpda\/wp-json\/wp\/v2\/types\/page"}],"author":[{"embeddable":true,"href":"https:\/\/institucional.ufrrj.br\/portalcpda\/wp-json\/wp\/v2\/users\/634"}],"replies":[{"embeddable":true,"href":"https:\/\/institucional.ufrrj.br\/portalcpda\/wp-json\/wp\/v2\/comments?post=145"}],"version-history":[{"count":2,"href":"https:\/\/institucional.ufrrj.br\/portalcpda\/wp-json\/wp\/v2\/pages\/145\/revisions"}],"predecessor-version":[{"id":14439,"href":"https:\/\/institucional.ufrrj.br\/portalcpda\/wp-json\/wp\/v2\/pages\/145\/revisions\/14439"}],"wp:attachment":[{"href":"https:\/\/institucional.ufrrj.br\/portalcpda\/wp-json\/wp\/v2\/media?parent=145"}],"curies":[{"name":"wp","href":"https:\/\/api.w.org\/{rel}","templated":true}]}}