{"id":13305,"date":"2018-04-13T11:05:37","date_gmt":"2018-04-13T14:05:37","guid":{"rendered":"http:\/\/institucional.ufrrj.br\/portalcpda\/?page_id=13305"},"modified":"2024-06-13T19:18:40","modified_gmt":"2024-06-13T22:18:40","slug":"nucleos-de-pesquisa-cpda","status":"publish","type":"page","link":"https:\/\/institucional.ufrrj.br\/portalcpda\/nucleos-de-pesquisa-cpda\/","title":{"rendered":"N\u00facleos de Pesquisa"},"content":{"rendered":"<hr \/>\n<p>&nbsp;<\/p>\n<p><a href=\"https:\/\/institucional.ufrrj.br\/portalcpda\/files\/2022\/11\/apresentacao_nucleos_pesquisa_CPDA_25-11.pdf\">Apresenta\u00e7\u00e3o dos N\u00facleos de Pesquisa do CPDA 2022<\/a><\/p>\n<p>&nbsp;<\/p>\n<table>\n<tbody>\n<tr>\n<td style=\"text-align: left\" width=\"150\"><img loading=\"lazy\" decoding=\"async\" class=\"alignnone wp-image-19684\" src=\"https:\/\/institucional.ufrrj.br\/portalcpda\/files\/2020\/07\/sm_ceresan-300x114.png\" alt=\"\" width=\"184\" height=\"70\" srcset=\"https:\/\/institucional.ufrrj.br\/portalcpda\/files\/2020\/07\/sm_ceresan-300x114.png 300w, https:\/\/institucional.ufrrj.br\/portalcpda\/files\/2020\/07\/sm_ceresan.png 650w\" sizes=\"auto, (max-width: 184px) 100vw, 184px\" \/><\/td>\n<td width=\"450\">\u00a0<a href=\"http:\/\/r1.ufrrj.br\/ceresan\/\" target=\"_blank\" rel=\"nofollow noopener noreferrer\">CERESAN (Centro de Refer\u00eancia em Seguran\u00e7a Alimentar e Nutricional)<\/a><\/td>\n<\/tr>\n<tr>\n<td width=\"150\"><img loading=\"lazy\" decoding=\"async\" class=\"alignnone wp-image-19687\" src=\"https:\/\/institucional.ufrrj.br\/portalcpda\/files\/2020\/07\/sm_cinais.png\" alt=\"\" width=\"109\" height=\"70\" \/><\/td>\n<td width=\"450\"><a href=\"http:\/\/www.ufrrj.br\/cpda\/cinais\/\" target=\"_blank\" rel=\"nofollow noopener noreferrer\">CINAIS (Ci\u00eancia, Natureza, Informa\u00e7\u00e3o e Saberes)<\/a><\/td>\n<\/tr>\n<tr>\n<td width=\"150\"><a href=\"https:\/\/institucional.ufrrj.br\/portalcpda\/files\/2024\/06\/CRIDERI_v2_logo_cor_horizontal.jpg\"><img loading=\"lazy\" decoding=\"async\" class=\"alignnone wp-image-25723 size-medium\" src=\"https:\/\/institucional.ufrrj.br\/portalcpda\/files\/2024\/06\/CRIDERI_v2_logo_cor_horizontal-300x94.jpg\" alt=\"\" width=\"300\" height=\"94\" srcset=\"https:\/\/institucional.ufrrj.br\/portalcpda\/files\/2024\/06\/CRIDERI_v2_logo_cor_horizontal-300x94.jpg 300w, https:\/\/institucional.ufrrj.br\/portalcpda\/files\/2024\/06\/CRIDERI_v2_logo_cor_horizontal.jpg 700w\" sizes=\"auto, (max-width: 300px) 100vw, 300px\" \/><\/a><\/td>\n<td width=\"450\"><a href=\"https:\/\/dgp.cnpq.br\/dgp\/espelhogrupo\/0588126923415554\" target=\"_blank\" rel=\"nofollow noopener noreferrer\">CRIDERI &#8211; Crise, Desenvolvimento e Rela\u00e7\u00f5es Internacionais<\/a><\/td>\n<\/tr>\n<tr>\n<td width=\"150\"><img loading=\"lazy\" decoding=\"async\" class=\"alignnone wp-image-19689\" src=\"https:\/\/institucional.ufrrj.br\/portalcpda\/files\/2020\/07\/sm_estudosconsumo-300x134.jpg\" alt=\"\" width=\"157\" height=\"70\" srcset=\"https:\/\/institucional.ufrrj.br\/portalcpda\/files\/2020\/07\/sm_estudosconsumo-300x134.jpg 300w, https:\/\/institucional.ufrrj.br\/portalcpda\/files\/2020\/07\/sm_estudosconsumo-768x342.jpg 768w, https:\/\/institucional.ufrrj.br\/portalcpda\/files\/2020\/07\/sm_estudosconsumo-1024x456.jpg 1024w, https:\/\/institucional.ufrrj.br\/portalcpda\/files\/2020\/07\/sm_estudosconsumo.jpg 2000w\" sizes=\"auto, (max-width: 157px) 100vw, 157px\" \/><\/td>\n<td width=\"450\"><a href=\"https:\/\/estudodoconsumo.com.br\/\">Grupo de Estudos do Consumo<\/a><\/td>\n<\/tr>\n<tr>\n<td width=\"150\"><img loading=\"lazy\" decoding=\"async\" class=\"alignnone wp-image-19688\" src=\"https:\/\/institucional.ufrrj.br\/portalcpda\/files\/2020\/07\/sm_discurso-300x114.png\" alt=\"\" width=\"184\" height=\"70\" srcset=\"https:\/\/institucional.ufrrj.br\/portalcpda\/files\/2020\/07\/sm_discurso-300x114.png 300w, https:\/\/institucional.ufrrj.br\/portalcpda\/files\/2020\/07\/sm_discurso-768x292.png 768w, https:\/\/institucional.ufrrj.br\/portalcpda\/files\/2020\/07\/sm_discurso.png 820w\" sizes=\"auto, (max-width: 184px) 100vw, 184px\" \/><\/td>\n<td width=\"450\"><a href=\"https:\/\/www.gpdiscurso.com\/\" target=\"_blank\" rel=\"noopener noreferrer\">Grupo de Pesquisa Discurso, Redes Sociais e Identidades S\u00f3cio-Pol\u00edticas (DISCURSO)<\/a><\/td>\n<\/tr>\n<tr>\n<td width=\"150\"><img loading=\"lazy\" decoding=\"async\" class=\"alignnone wp-image-19690\" src=\"https:\/\/institucional.ufrrj.br\/portalcpda\/files\/2020\/07\/sm_mrv.png\" alt=\"\" width=\"77\" height=\"65\" \/><\/td>\n<td width=\"450\"><a href=\"http:\/\/www.mrv.org.br\/index.php\" target=\"_blank\" rel=\"noopener noreferrer\">Mercados, Redes e Valores<\/a><\/td>\n<\/tr>\n<tr>\n<td width=\"150\"><img loading=\"lazy\" decoding=\"async\" class=\"alignnone wp-image-19685\" src=\"https:\/\/institucional.ufrrj.br\/portalcpda\/files\/2020\/07\/sm_msc.png\" alt=\"\" width=\"167\" height=\"70\" \/><\/td>\n<td width=\"450\"><a href=\"http:\/\/r1.ufrrj.br\/cpda\/nms\/\">Movimentos Sociais no Campo<\/a><\/td>\n<\/tr>\n<tr>\n<td width=\"150\"><a href=\"https:\/\/institucional.ufrrj.br\/portalcpda\/files\/2024\/04\/narup.png\"><img loading=\"lazy\" decoding=\"async\" class=\"wp-image-25591 aligncenter\" src=\"https:\/\/institucional.ufrrj.br\/portalcpda\/files\/2024\/04\/narup.png\" alt=\"\" width=\"85\" height=\"83\" \/><\/a><\/td>\n<td width=\"450\"><a href=\"https:\/\/institucional.ufrrj.br\/portalcpda\/nucleo-de-estudo-e-pesquisas-sobre-ruralismo-agronegocio-e-relacoes-de-poder-narup\">Narup (N\u00facleo de Estudos e Pesquisa Ruralismo, Agroneg\u00f3cio e Rela\u00e7\u00f5es de Poder)<\/a><\/td>\n<\/tr>\n<tr>\n<td width=\"150\"><a href=\"https:\/\/institucional.ufrrj.br\/portalcpda\/files\/2024\/04\/Territorio-4.png\"><img loading=\"lazy\" decoding=\"async\" class=\"wp-image-25589 aligncenter\" src=\"https:\/\/institucional.ufrrj.br\/portalcpda\/files\/2024\/04\/Territorio-4-150x150.png\" alt=\"\" width=\"85\" height=\"85\" srcset=\"https:\/\/institucional.ufrrj.br\/portalcpda\/files\/2024\/04\/Territorio-4-150x150.png 150w, https:\/\/institucional.ufrrj.br\/portalcpda\/files\/2024\/04\/Territorio-4-300x300.png 300w, https:\/\/institucional.ufrrj.br\/portalcpda\/files\/2024\/04\/Territorio-4-75x75.png 75w, https:\/\/institucional.ufrrj.br\/portalcpda\/files\/2024\/04\/Territorio-4-100x100.png 100w, https:\/\/institucional.ufrrj.br\/portalcpda\/files\/2024\/04\/Territorio-4.png 500w\" sizes=\"auto, (max-width: 85px) 100vw, 85px\" \/><\/a><\/td>\n<td width=\"450\"><a href=\"https:\/\/nepcpda.wordpress.com\/\" target=\"_blank\" rel=\"nofollow noopener noreferrer\">NEP (N\u00facleo de Estudos do Poder)<\/a><\/td>\n<\/tr>\n<tr>\n<td width=\"150\"><a href=\"https:\/\/institucional.ufrrj.br\/portalcpda\/files\/2024\/04\/LMTS.png\"><img loading=\"lazy\" decoding=\"async\" class=\"wp-image-25594 aligncenter\" src=\"https:\/\/institucional.ufrrj.br\/portalcpda\/files\/2024\/04\/LMTS-150x150.png\" alt=\"\" width=\"129\" height=\"72\" srcset=\"https:\/\/institucional.ufrrj.br\/portalcpda\/files\/2024\/04\/LMTS-300x168.png 300w, https:\/\/institucional.ufrrj.br\/portalcpda\/files\/2024\/04\/LMTS-1024x573.png 1024w, https:\/\/institucional.ufrrj.br\/portalcpda\/files\/2024\/04\/LMTS-768x430.png 768w, https:\/\/institucional.ufrrj.br\/portalcpda\/files\/2024\/04\/LMTS-1536x860.png 1536w, https:\/\/institucional.ufrrj.br\/portalcpda\/files\/2024\/04\/LMTS.png 2000w\" sizes=\"auto, (max-width: 129px) 100vw, 129px\" \/><\/a><\/td>\n<td width=\"450\"><a href=\"https:\/\/nep-lmts.org\/servicos-de-consultoria\/\" target=\"_blank\" rel=\"noopener\">Laborat\u00f3rio Multiusu\u00e1rio de Tecnologias Sociais<\/a><\/td>\n<\/tr>\n<tr>\n<td width=\"150\"><img loading=\"lazy\" decoding=\"async\" class=\"alignnone wp-image-19693\" src=\"https:\/\/institucional.ufrrj.br\/portalcpda\/files\/2020\/07\/sm_ruralidades.png\" alt=\"\" width=\"154\" height=\"80\" \/><\/td>\n<td width=\"450\"><a href=\"https:\/\/institucional.ufrrj.br\/portalcpda\/nucleo-de-pesquisas-em-ruralidades-2\">N\u00facleo de Pesquisas em Ruralidades<\/a><\/td>\n<\/tr>\n<tr>\n<td width=\"150\"><img loading=\"lazy\" decoding=\"async\" class=\"alignnone wp-image-19692\" src=\"https:\/\/institucional.ufrrj.br\/portalcpda\/files\/2020\/07\/sm_oppa.png\" alt=\"\" width=\"184\" height=\"80\" \/><\/td>\n<td width=\"450\"><a href=\"http:\/\/oppa.net.br\/\" target=\"_blank\" rel=\"nofollow noopener noreferrer\">OPPA &#8211; Observat\u00f3rio de Pol\u00edticas P\u00fablicas para a Agricultura<\/a><\/td>\n<\/tr>\n<\/tbody>\n<\/table>\n<p>&nbsp;<\/p>\n<p>&nbsp;<\/p>\n<p>&nbsp;<\/p>\n<p>&nbsp;<\/p>\n<p>&nbsp;<\/p>\n<p>&nbsp;<\/p>\n<p>&nbsp;<\/p>\n<p>&nbsp;<\/p>\n<p>&nbsp;<\/p>\n<p>&nbsp;<\/p>\n<p>&nbsp;<\/p>\n<p>&nbsp;<\/p>\n","protected":false},"excerpt":{"rendered":"<p>&nbsp; Apresenta\u00e7\u00e3o dos N\u00facleos de Pesquisa do CPDA 2022 &nbsp; \u00a0CERESAN (Centro de Refer\u00eancia em Seguran\u00e7a Alimentar e Nutricional) CINAIS <a class=\"read-more\" href=\"https:\/\/institucional.ufrrj.br\/portalcpda\/nucleos-de-pesquisa-cpda\/ \" >&#8230; <span class=\"font-italic\">leia mais <i class=\"fas fa-angle-right\"><\/i><\/span><\/a><\/p>\n","protected":false},"author":634,"featured_media":0,"parent":0,"menu_order":0,"comment_status":"closed","ping_status":"closed","template":"","meta":{"_acf_changed":false,"footnotes":""},"class_list":["post-13305","page","type-page","status-publish","hentry"],"yoast_head":"<!-- This site is optimized with the Yoast SEO plugin v27.2 - https:\/\/yoast.com\/product\/yoast-seo-wordpress\/ -->\n<title>N\u00facleos de Pesquisa - CPDA<\/title>\n<meta name=\"robots\" content=\"index, follow, max-snippet:-1, max-image-preview:large, max-video-preview:-1\" \/>\n<link rel=\"canonical\" href=\"https:\/\/institucional.ufrrj.br\/portalcpda\/nucleos-de-pesquisa-cpda\/\" \/>\n<meta property=\"og:locale\" content=\"pt_BR\" \/>\n<meta property=\"og:type\" content=\"article\" \/>\n<meta property=\"og:title\" content=\"N\u00facleos de Pesquisa - CPDA\" \/>\n<meta property=\"og:description\" content=\"&nbsp; Apresenta\u00e7\u00e3o dos N\u00facleos de Pesquisa do CPDA 2022 &nbsp; \u00a0CERESAN (Centro de Refer\u00eancia em Seguran\u00e7a Alimentar e Nutricional) CINAIS ... leia mais\" \/>\n<meta property=\"og:url\" content=\"https:\/\/institucional.ufrrj.br\/portalcpda\/nucleos-de-pesquisa-cpda\/\" \/>\n<meta property=\"og:site_name\" content=\"CPDA\" \/>\n<meta property=\"article:modified_time\" content=\"2024-06-13T22:18:40+00:00\" \/>\n<meta property=\"og:image\" content=\"http:\/\/institucional.ufrrj.br\/portalcpda\/files\/2020\/07\/sm_ceresan-300x114.png\" \/>\n<meta name=\"twitter:card\" content=\"summary_large_image\" \/>\n<meta name=\"twitter:label1\" content=\"Est. tempo de leitura\" \/>\n\t<meta name=\"twitter:data1\" content=\"1 minuto\" \/>\n<script type=\"application\/ld+json\" class=\"yoast-schema-graph\">{\"@context\":\"https:\/\/schema.org\",\"@graph\":[{\"@type\":\"WebPage\",\"@id\":\"https:\/\/institucional.ufrrj.br\/portalcpda\/nucleos-de-pesquisa-cpda\/\",\"url\":\"https:\/\/institucional.ufrrj.br\/portalcpda\/nucleos-de-pesquisa-cpda\/\",\"name\":\"N\u00facleos de Pesquisa - CPDA\",\"isPartOf\":{\"@id\":\"https:\/\/institucional.ufrrj.br\/portalcpda\/#website\"},\"primaryImageOfPage\":{\"@id\":\"https:\/\/institucional.ufrrj.br\/portalcpda\/nucleos-de-pesquisa-cpda\/#primaryimage\"},\"image\":{\"@id\":\"https:\/\/institucional.ufrrj.br\/portalcpda\/nucleos-de-pesquisa-cpda\/#primaryimage\"},\"thumbnailUrl\":\"http:\/\/institucional.ufrrj.br\/portalcpda\/files\/2020\/07\/sm_ceresan-300x114.png\",\"datePublished\":\"2018-04-13T14:05:37+00:00\",\"dateModified\":\"2024-06-13T22:18:40+00:00\",\"breadcrumb\":{\"@id\":\"https:\/\/institucional.ufrrj.br\/portalcpda\/nucleos-de-pesquisa-cpda\/#breadcrumb\"},\"inLanguage\":\"pt-BR\",\"potentialAction\":[{\"@type\":\"ReadAction\",\"target\":[\"https:\/\/institucional.ufrrj.br\/portalcpda\/nucleos-de-pesquisa-cpda\/\"]}]},{\"@type\":\"ImageObject\",\"inLanguage\":\"pt-BR\",\"@id\":\"https:\/\/institucional.ufrrj.br\/portalcpda\/nucleos-de-pesquisa-cpda\/#primaryimage\",\"url\":\"http:\/\/institucional.ufrrj.br\/portalcpda\/files\/2020\/07\/sm_ceresan-300x114.png\",\"contentUrl\":\"http:\/\/institucional.ufrrj.br\/portalcpda\/files\/2020\/07\/sm_ceresan-300x114.png\"},{\"@type\":\"BreadcrumbList\",\"@id\":\"https:\/\/institucional.ufrrj.br\/portalcpda\/nucleos-de-pesquisa-cpda\/#breadcrumb\",\"itemListElement\":[{\"@type\":\"ListItem\",\"position\":1,\"name\":\"In\u00edcio\",\"item\":\"https:\/\/institucional.ufrrj.br\/portalcpda\/\"},{\"@type\":\"ListItem\",\"position\":2,\"name\":\"N\u00facleos de Pesquisa\"}]},{\"@type\":\"WebSite\",\"@id\":\"https:\/\/institucional.ufrrj.br\/portalcpda\/#website\",\"url\":\"https:\/\/institucional.ufrrj.br\/portalcpda\/\",\"name\":\"CPDA\",\"description\":\"institucional.ufrrj.br\",\"potentialAction\":[{\"@type\":\"SearchAction\",\"target\":{\"@type\":\"EntryPoint\",\"urlTemplate\":\"https:\/\/institucional.ufrrj.br\/portalcpda\/?s={search_term_string}\"},\"query-input\":{\"@type\":\"PropertyValueSpecification\",\"valueRequired\":true,\"valueName\":\"search_term_string\"}}],\"inLanguage\":\"pt-BR\"}]}<\/script>\n<!-- \/ Yoast SEO plugin. -->","yoast_head_json":{"title":"N\u00facleos de Pesquisa - CPDA","robots":{"index":"index","follow":"follow","max-snippet":"max-snippet:-1","max-image-preview":"max-image-preview:large","max-video-preview":"max-video-preview:-1"},"canonical":"https:\/\/institucional.ufrrj.br\/portalcpda\/nucleos-de-pesquisa-cpda\/","og_locale":"pt_BR","og_type":"article","og_title":"N\u00facleos de Pesquisa - CPDA","og_description":"&nbsp; Apresenta\u00e7\u00e3o dos N\u00facleos de Pesquisa do CPDA 2022 &nbsp; \u00a0CERESAN (Centro de Refer\u00eancia em Seguran\u00e7a Alimentar e Nutricional) CINAIS ... leia mais","og_url":"https:\/\/institucional.ufrrj.br\/portalcpda\/nucleos-de-pesquisa-cpda\/","og_site_name":"CPDA","article_modified_time":"2024-06-13T22:18:40+00:00","og_image":[{"url":"http:\/\/institucional.ufrrj.br\/portalcpda\/files\/2020\/07\/sm_ceresan-300x114.png","type":"","width":"","height":""}],"twitter_card":"summary_large_image","twitter_misc":{"Est. tempo de leitura":"1 minuto"},"schema":{"@context":"https:\/\/schema.org","@graph":[{"@type":"WebPage","@id":"https:\/\/institucional.ufrrj.br\/portalcpda\/nucleos-de-pesquisa-cpda\/","url":"https:\/\/institucional.ufrrj.br\/portalcpda\/nucleos-de-pesquisa-cpda\/","name":"N\u00facleos de Pesquisa - CPDA","isPartOf":{"@id":"https:\/\/institucional.ufrrj.br\/portalcpda\/#website"},"primaryImageOfPage":{"@id":"https:\/\/institucional.ufrrj.br\/portalcpda\/nucleos-de-pesquisa-cpda\/#primaryimage"},"image":{"@id":"https:\/\/institucional.ufrrj.br\/portalcpda\/nucleos-de-pesquisa-cpda\/#primaryimage"},"thumbnailUrl":"http:\/\/institucional.ufrrj.br\/portalcpda\/files\/2020\/07\/sm_ceresan-300x114.png","datePublished":"2018-04-13T14:05:37+00:00","dateModified":"2024-06-13T22:18:40+00:00","breadcrumb":{"@id":"https:\/\/institucional.ufrrj.br\/portalcpda\/nucleos-de-pesquisa-cpda\/#breadcrumb"},"inLanguage":"pt-BR","potentialAction":[{"@type":"ReadAction","target":["https:\/\/institucional.ufrrj.br\/portalcpda\/nucleos-de-pesquisa-cpda\/"]}]},{"@type":"ImageObject","inLanguage":"pt-BR","@id":"https:\/\/institucional.ufrrj.br\/portalcpda\/nucleos-de-pesquisa-cpda\/#primaryimage","url":"http:\/\/institucional.ufrrj.br\/portalcpda\/files\/2020\/07\/sm_ceresan-300x114.png","contentUrl":"http:\/\/institucional.ufrrj.br\/portalcpda\/files\/2020\/07\/sm_ceresan-300x114.png"},{"@type":"BreadcrumbList","@id":"https:\/\/institucional.ufrrj.br\/portalcpda\/nucleos-de-pesquisa-cpda\/#breadcrumb","itemListElement":[{"@type":"ListItem","position":1,"name":"In\u00edcio","item":"https:\/\/institucional.ufrrj.br\/portalcpda\/"},{"@type":"ListItem","position":2,"name":"N\u00facleos de Pesquisa"}]},{"@type":"WebSite","@id":"https:\/\/institucional.ufrrj.br\/portalcpda\/#website","url":"https:\/\/institucional.ufrrj.br\/portalcpda\/","name":"CPDA","description":"institucional.ufrrj.br","potentialAction":[{"@type":"SearchAction","target":{"@type":"EntryPoint","urlTemplate":"https:\/\/institucional.ufrrj.br\/portalcpda\/?s={search_term_string}"},"query-input":{"@type":"PropertyValueSpecification","valueRequired":true,"valueName":"search_term_string"}}],"inLanguage":"pt-BR"}]}},"acf":[],"_links":{"self":[{"href":"https:\/\/institucional.ufrrj.br\/portalcpda\/wp-json\/wp\/v2\/pages\/13305","targetHints":{"allow":["GET"]}}],"collection":[{"href":"https:\/\/institucional.ufrrj.br\/portalcpda\/wp-json\/wp\/v2\/pages"}],"about":[{"href":"https:\/\/institucional.ufrrj.br\/portalcpda\/wp-json\/wp\/v2\/types\/page"}],"author":[{"embeddable":true,"href":"https:\/\/institucional.ufrrj.br\/portalcpda\/wp-json\/wp\/v2\/users\/634"}],"replies":[{"embeddable":true,"href":"https:\/\/institucional.ufrrj.br\/portalcpda\/wp-json\/wp\/v2\/comments?post=13305"}],"version-history":[{"count":29,"href":"https:\/\/institucional.ufrrj.br\/portalcpda\/wp-json\/wp\/v2\/pages\/13305\/revisions"}],"predecessor-version":[{"id":25724,"href":"https:\/\/institucional.ufrrj.br\/portalcpda\/wp-json\/wp\/v2\/pages\/13305\/revisions\/25724"}],"wp:attachment":[{"href":"https:\/\/institucional.ufrrj.br\/portalcpda\/wp-json\/wp\/v2\/media?parent=13305"}],"curies":[{"name":"wp","href":"https:\/\/api.w.org\/{rel}","templated":true}]}}