{"id":13294,"date":"2018-04-13T10:28:11","date_gmt":"2018-04-13T13:28:11","guid":{"rendered":"http:\/\/institucional.ufrrj.br\/portalcpda\/?page_id=13294"},"modified":"2021-11-09T15:56:59","modified_gmt":"2021-11-09T18:56:59","slug":"biblioteca","status":"publish","type":"page","link":"https:\/\/institucional.ufrrj.br\/portalcpda\/biblioteca\/","title":{"rendered":"Biblioteca"},"content":{"rendered":"<p><strong>Centro de Documenta\u00e7\u00e3o\u00a0Ivan de Otero Ribeiro<\/strong><\/p>\n<p>O Centro de Documenta\u00e7\u00e3o <a href=\"https:\/\/institucional.ufrrj.br\/portalcpda\/ivan-de-otero-ribeiro\/\">Ivan de Otero Ribeiro<\/a> \u00e9 uma biblioteca especializada em Ci\u00eancias Sociais aplicadas aos temas relacionados ao rural e \u00e1reas afins.<\/p>\n<p>Fornece apoio bibliogr\u00e1fico \u00e0s disciplinas oferecidas no CPDA e \u00e0s pesquisas de alunos e professores, al\u00e9m do p\u00fablico em geral<\/p>\n<p>O acervo \u00e9 constitu\u00eddo de livros, teses, peri\u00f3dicos e relat\u00f3rios, entre outros documentos, al\u00e9m de v\u00eddeos, DVDs e CDs.<\/p>\n<p>Tamb\u00e9m est\u00e3o catalogados no acervo do Centro de Documenta\u00e7\u00e3o Ivan de Otero Ribeiro:<\/p>\n<ul>\n<li>Livros, teses, disserta\u00e7\u00f5es, artigos de revistas e textos relativos ao\u00a0<a href=\"http:\/\/www.ufrrj.br\/cpda\/nms\/\" target=\"_blank\" rel=\"nofollow noopener noreferrer\">N\u00facleo de Pesquisa, Documenta\u00e7\u00e3o e Refer\u00eancia sobre Movimentos Sociais e Pol\u00edticas P\u00fablicas no Campo<\/a>\u00a0.<\/li>\n<li>Livros e artigos relativos ao\u00a0<a href=\"http:\/\/www.ufrrj.br\/cpda\/ceresan\/\" target=\"_blank\" rel=\"nofollow noopener noreferrer\">Ceresan \u2013 Centro de Refer\u00eancia em Seguran\u00e7a Alimentar e Nutricional<\/a><\/li>\n<li>Livros do\u00a0<strong>Acervo Maria Yedda Leite Linhares<\/strong> (Hist\u00f3ria Agr\u00e1ria e Rela\u00e7\u00f5es Internacionais)<\/li>\n<\/ul>\n<p>Alunos, professores e pesquisadores de outras universidades ou institui\u00e7\u00f5es podem consultar e retirar o material desejado, mediante apresenta\u00e7\u00e3o de um memorando da institui\u00e7\u00e3o de origem, solicitando empr\u00e9stimo entre bibliotecas e sujeitando-se \u00e0s normas vigentes.<\/p>\n<p><strong>Regulamento da Biblioteca Setorial do CPDA:<\/strong><\/p>\n<p><a href=\"http:\/\/www.ufrrj.br\/cpda\/static\/regulamento_biblioteca.pdf\" target=\"_blank\" rel=\"nofollow noopener noreferrer\">Acesse aqui o Regulamento da Biblioteca<\/a><\/p>\n<p><strong>Empr\u00e9stimo entre Bibliotecas \u2013 Institui\u00e7\u00f5es conveniadas<\/strong><\/p>\n<p><a href=\"https:\/\/institucional.ufrrj.br\/portalcpda\/files\/2011\/08\/Empr%c3%a9stimo-entre-Bibliotecas-%e2%80%93-Institui%c3%a7%c3%b5es-conveniadas1.pdf\">Acesse aqui o regulamento de Empr\u00e9stimos<\/a><strong><br \/>\n<\/strong><\/p>\n<p><strong>Contatos:<\/strong><\/p>\n<p><strong>E-mail: <\/strong><a href=\"mailto:cpdabib@ufrrj.br\" target=\"_blank\" rel=\"nofollow noopener noreferrer\">cpdabib@ufrrj.br<\/a> e\u00a0<a href=\"mailto:cpdabib@gmail.com\" target=\"_blank\" rel=\"nofollow noopener noreferrer\">cpdabib@gmail.com<\/a><strong><br \/>\n<\/strong>Av. Presidente Vargas, 417 \u2013 7\u00ba\u00a0andar<br \/>\nCentro \u2013 Rio de Janeiro\/RJ<br \/>\nTel.: (21) 2224-8577 \u2013 Ramal 206 (desligado durante a emerg\u00eancia sanit\u00e1ria)<\/p>\n<p><strong>Hor\u00e1rio de funcionamento da Biblioteca<br \/>\n<\/strong>Segunda \u00e0 sexta, das 9h30 \u00e0s 17h30 (fechada durante a emerg\u00eancia sanit\u00e1ria)<\/p>\n<p><strong>Bibliotec\u00e1ria respons\u00e1vel<\/strong><br \/>\n<a title=\"Silvia Alves de Andrade\" href=\"https:\/\/institucional.ufrrj.br\/portalcpda\/silvia-alves-de-andrade\/\" rel=\"nofollow\">Silvia Alves de Andrade<\/a><\/p>\n<p>&nbsp;<\/p>\n<p>&nbsp;<\/p>\n<p>&nbsp;<\/p>\n","protected":false},"excerpt":{"rendered":"<p>Centro de Documenta\u00e7\u00e3o\u00a0Ivan de Otero Ribeiro O Centro de Documenta\u00e7\u00e3o Ivan de Otero Ribeiro \u00e9 uma biblioteca especializada em Ci\u00eancias <a class=\"read-more\" href=\"https:\/\/institucional.ufrrj.br\/portalcpda\/biblioteca\/ \" >&#8230; <span class=\"font-italic\">leia mais <i class=\"fas fa-angle-right\"><\/i><\/span><\/a><\/p>\n","protected":false},"author":634,"featured_media":0,"parent":0,"menu_order":0,"comment_status":"closed","ping_status":"closed","template":"","meta":{"_acf_changed":false,"footnotes":""},"class_list":["post-13294","page","type-page","status-publish","hentry"],"yoast_head":"<!-- This site is optimized with the Yoast SEO plugin v27.2 - https:\/\/yoast.com\/product\/yoast-seo-wordpress\/ -->\n<title>Biblioteca - CPDA<\/title>\n<meta name=\"robots\" content=\"index, follow, max-snippet:-1, max-image-preview:large, max-video-preview:-1\" \/>\n<link rel=\"canonical\" href=\"https:\/\/institucional.ufrrj.br\/portalcpda\/biblioteca\/\" \/>\n<meta property=\"og:locale\" content=\"pt_BR\" \/>\n<meta property=\"og:type\" content=\"article\" \/>\n<meta property=\"og:title\" content=\"Biblioteca - CPDA\" \/>\n<meta property=\"og:description\" content=\"Centro de Documenta\u00e7\u00e3o\u00a0Ivan de Otero Ribeiro O Centro de Documenta\u00e7\u00e3o Ivan de Otero Ribeiro \u00e9 uma biblioteca especializada em Ci\u00eancias ... leia mais\" \/>\n<meta property=\"og:url\" content=\"https:\/\/institucional.ufrrj.br\/portalcpda\/biblioteca\/\" \/>\n<meta property=\"og:site_name\" content=\"CPDA\" \/>\n<meta property=\"article:modified_time\" content=\"2021-11-09T18:56:59+00:00\" \/>\n<meta name=\"twitter:card\" content=\"summary_large_image\" \/>\n<meta name=\"twitter:label1\" content=\"Est. tempo de leitura\" \/>\n\t<meta name=\"twitter:data1\" content=\"1 minuto\" \/>\n<script type=\"application\/ld+json\" class=\"yoast-schema-graph\">{\"@context\":\"https:\/\/schema.org\",\"@graph\":[{\"@type\":\"WebPage\",\"@id\":\"https:\/\/institucional.ufrrj.br\/portalcpda\/biblioteca\/\",\"url\":\"https:\/\/institucional.ufrrj.br\/portalcpda\/biblioteca\/\",\"name\":\"Biblioteca - CPDA\",\"isPartOf\":{\"@id\":\"https:\/\/institucional.ufrrj.br\/portalcpda\/#website\"},\"datePublished\":\"2018-04-13T13:28:11+00:00\",\"dateModified\":\"2021-11-09T18:56:59+00:00\",\"breadcrumb\":{\"@id\":\"https:\/\/institucional.ufrrj.br\/portalcpda\/biblioteca\/#breadcrumb\"},\"inLanguage\":\"pt-BR\",\"potentialAction\":[{\"@type\":\"ReadAction\",\"target\":[\"https:\/\/institucional.ufrrj.br\/portalcpda\/biblioteca\/\"]}]},{\"@type\":\"BreadcrumbList\",\"@id\":\"https:\/\/institucional.ufrrj.br\/portalcpda\/biblioteca\/#breadcrumb\",\"itemListElement\":[{\"@type\":\"ListItem\",\"position\":1,\"name\":\"In\u00edcio\",\"item\":\"https:\/\/institucional.ufrrj.br\/portalcpda\/\"},{\"@type\":\"ListItem\",\"position\":2,\"name\":\"Biblioteca\"}]},{\"@type\":\"WebSite\",\"@id\":\"https:\/\/institucional.ufrrj.br\/portalcpda\/#website\",\"url\":\"https:\/\/institucional.ufrrj.br\/portalcpda\/\",\"name\":\"CPDA\",\"description\":\"institucional.ufrrj.br\",\"potentialAction\":[{\"@type\":\"SearchAction\",\"target\":{\"@type\":\"EntryPoint\",\"urlTemplate\":\"https:\/\/institucional.ufrrj.br\/portalcpda\/?s={search_term_string}\"},\"query-input\":{\"@type\":\"PropertyValueSpecification\",\"valueRequired\":true,\"valueName\":\"search_term_string\"}}],\"inLanguage\":\"pt-BR\"}]}<\/script>\n<!-- \/ Yoast SEO plugin. -->","yoast_head_json":{"title":"Biblioteca - CPDA","robots":{"index":"index","follow":"follow","max-snippet":"max-snippet:-1","max-image-preview":"max-image-preview:large","max-video-preview":"max-video-preview:-1"},"canonical":"https:\/\/institucional.ufrrj.br\/portalcpda\/biblioteca\/","og_locale":"pt_BR","og_type":"article","og_title":"Biblioteca - CPDA","og_description":"Centro de Documenta\u00e7\u00e3o\u00a0Ivan de Otero Ribeiro O Centro de Documenta\u00e7\u00e3o Ivan de Otero Ribeiro \u00e9 uma biblioteca especializada em Ci\u00eancias ... leia mais","og_url":"https:\/\/institucional.ufrrj.br\/portalcpda\/biblioteca\/","og_site_name":"CPDA","article_modified_time":"2021-11-09T18:56:59+00:00","twitter_card":"summary_large_image","twitter_misc":{"Est. tempo de leitura":"1 minuto"},"schema":{"@context":"https:\/\/schema.org","@graph":[{"@type":"WebPage","@id":"https:\/\/institucional.ufrrj.br\/portalcpda\/biblioteca\/","url":"https:\/\/institucional.ufrrj.br\/portalcpda\/biblioteca\/","name":"Biblioteca - CPDA","isPartOf":{"@id":"https:\/\/institucional.ufrrj.br\/portalcpda\/#website"},"datePublished":"2018-04-13T13:28:11+00:00","dateModified":"2021-11-09T18:56:59+00:00","breadcrumb":{"@id":"https:\/\/institucional.ufrrj.br\/portalcpda\/biblioteca\/#breadcrumb"},"inLanguage":"pt-BR","potentialAction":[{"@type":"ReadAction","target":["https:\/\/institucional.ufrrj.br\/portalcpda\/biblioteca\/"]}]},{"@type":"BreadcrumbList","@id":"https:\/\/institucional.ufrrj.br\/portalcpda\/biblioteca\/#breadcrumb","itemListElement":[{"@type":"ListItem","position":1,"name":"In\u00edcio","item":"https:\/\/institucional.ufrrj.br\/portalcpda\/"},{"@type":"ListItem","position":2,"name":"Biblioteca"}]},{"@type":"WebSite","@id":"https:\/\/institucional.ufrrj.br\/portalcpda\/#website","url":"https:\/\/institucional.ufrrj.br\/portalcpda\/","name":"CPDA","description":"institucional.ufrrj.br","potentialAction":[{"@type":"SearchAction","target":{"@type":"EntryPoint","urlTemplate":"https:\/\/institucional.ufrrj.br\/portalcpda\/?s={search_term_string}"},"query-input":{"@type":"PropertyValueSpecification","valueRequired":true,"valueName":"search_term_string"}}],"inLanguage":"pt-BR"}]}},"acf":[],"_links":{"self":[{"href":"https:\/\/institucional.ufrrj.br\/portalcpda\/wp-json\/wp\/v2\/pages\/13294","targetHints":{"allow":["GET"]}}],"collection":[{"href":"https:\/\/institucional.ufrrj.br\/portalcpda\/wp-json\/wp\/v2\/pages"}],"about":[{"href":"https:\/\/institucional.ufrrj.br\/portalcpda\/wp-json\/wp\/v2\/types\/page"}],"author":[{"embeddable":true,"href":"https:\/\/institucional.ufrrj.br\/portalcpda\/wp-json\/wp\/v2\/users\/634"}],"replies":[{"embeddable":true,"href":"https:\/\/institucional.ufrrj.br\/portalcpda\/wp-json\/wp\/v2\/comments?post=13294"}],"version-history":[{"count":16,"href":"https:\/\/institucional.ufrrj.br\/portalcpda\/wp-json\/wp\/v2\/pages\/13294\/revisions"}],"predecessor-version":[{"id":22528,"href":"https:\/\/institucional.ufrrj.br\/portalcpda\/wp-json\/wp\/v2\/pages\/13294\/revisions\/22528"}],"wp:attachment":[{"href":"https:\/\/institucional.ufrrj.br\/portalcpda\/wp-json\/wp\/v2\/media?parent=13294"}],"curies":[{"name":"wp","href":"https:\/\/api.w.org\/{rel}","templated":true}]}}