{"id":127,"date":"2011-07-05T18:52:38","date_gmt":"2011-07-05T18:52:38","guid":{"rendered":"http:\/\/r1.ufrrj.br\/cpda\/?page_id=127"},"modified":"2018-06-29T16:15:19","modified_gmt":"2018-06-29T19:15:19","slug":"sociologia-economica","status":"publish","type":"page","link":"https:\/\/institucional.ufrrj.br\/portalcpda\/sociologia-economica\/","title":{"rendered":"Sociologia econ\u00f4mica"},"content":{"rendered":"<p style=\"text-align: justify\"><span style=\"font-size: 1. 17em;font-weight: normal\">IH 1528<\/span><\/p>\n<p style=\"text-align: justify\">Disciplina fundamental do Doutorado<br \/>\nN\u00famero de cr\u00e9ditos: 3<br \/>\nHoras aula: 4 (2 te\u00f3ricas e 2 pr\u00e1ticas)<br \/>\nProfessores respons\u00e1veis: John Wilkinson<\/p>\n<h2 style=\"text-align: justify\">Objetivos<\/h2>\n<p style=\"text-align: justify\">Introduzir os principais debates que abordam a din\u00e2mica da  vida           econ\u00f4mica a partir do seu enraizamento na vida social,  cultural         e pol\u00edtica. <\/p>\n<h2 style=\"text-align: justify\">Ementa<\/h2>\n<p style=\"text-align: justify\">As  fronteiras entre a economia e as ci\u00eancias sociais, que nos autores  cl\u00e1ssicos sempre foram confundidas, est\u00e3o sendo novamente colocadas em  quest\u00e3o. Por um lado, na economia,\u00a0 as escolas  neo-cl\u00e1ssica, neo-institucional e evolucionista, cada uma a seu modo,  avan\u00e7am no terreno tradicional das ci\u00eancias sociais \u2013 institui\u00e7\u00f5es,  organiza\u00e7\u00f5es, conven\u00e7\u00f5es. Por outro lado, a sociologia incorpora o  mercado como objeto leg\u00edtimo de reflex\u00e3o na consolida\u00e7\u00e3o da \u00e1rea de  sociologia econ\u00f4mica ou sociologia da vida econ\u00f4mica. Island ist das am d\u00fcnnsten besiedelte land <a href=\"https:\/\/ghostwritinghilfe.com\">gro?artige Seite<\/a> europas. A disciplina  analisar\u00e1 as converg\u00eancias e diverg\u00eancias que surgem a partir desta  aproxima\u00e7\u00e3o, examinando os seguintes temas: comportamento econ\u00f4mico e  racionalidade, organiza\u00e7\u00f5es, institui\u00e7\u00f5es, conven\u00e7\u00f5es, mercados, valores  e consumo. 1. PORQUE SURGIU A \u201cNOVA SOCIOLOGIA ECON\u00d4MICA\u201d E EM QUE CONTEXTO?<br \/>\nHirsch,  P. Michaels, S &amp; R. Friedman, \u201c \u2018M\u00e3os Sujas\u2019 versus \u2018Modelos  Limpos\u2019: estar\u00e1 a sociologia em risco de ser seduzida pela economia?\u201d,  in <em>A Nova Sociologia Econ\u00f4mica, <\/em>Celta, 2003<\/p>\n<p style=\"text-align: justify\">Marques, R. \u201cOs Trilhos da Nova Sociologia Econ\u00f4mica\u201d in A Nova Sociologia Econ\u00f4mica, Celta, 2003<\/p>\n<p style=\"text-align: justify\">Steiner, P. A\u00a0 Sociologia Economica,Atlas, 2006<\/p>\n<p style=\"text-align: justify\">Swedberg, R. \u201cA Nova Sociologia Econ\u00f4mica: O que j\u00e1 se atingiu, o que se seguir\u00e1?\u201d, in A Nova Sociologia Econ\u00f4mica, Celta, 2003. <\/p>\n<p style=\"text-align: justify\">2. A CONTRIBUI\u00c7\u00c3O DE GRANOVETTER (Embeddedness e Constru\u00e7\u00e3o Social)<br \/>\nCollet, F. \u201cEconomic Action and Social network Influences. A Discussion around Mark Granovetter\u2019s Sociology of Economic Life, European Sociological Association Conference, 2003<\/p>\n<p style=\"text-align: justify\">Granovetter, M. \u201cA\u00e7\u00e3o Econ\u00f4mica e Estrutura Social: o Problema da Incrusta\u00e7\u00e3o\u201d in\u00a0A Nova Sociologia Econ\u00f4mica, (op. cit. ) Publica\u00e7\u00e3o original: American Journal of Sociology, 91, 1985<\/p>\n<p style=\"text-align: justify\">Granovetter, M. \u201cThe Old and New Economic Sociology: A History and an Agenda\u201d, in Beyond the Market Place, Friedland, R. &amp; Robertson, A (eds), NY, 1990<\/p>\n<p style=\"text-align: justify\">Granovetter, M. Economic Institutions as Social Constructions: A Framework for Analysis, mimeo, Paris, 1991<\/p>\n<p style=\"text-align: justify\">Nee,V. &amp; Ingram, P. \u201cEmbeddedness and Beyond: Institutions, Exchange &amp; Social Structure\u201d in The New Institutionalism in Sociology, Stanford, 1998<\/p>\n<p style=\"text-align: justify\">Raud-Mattedi,  C. \u201cAn\u00e1lise Cr\u00edtica da Sociologia Econ\u00f4mica de Mark Granovetter: os  limites de uma leitura do mercado em termos de redes e imbrica\u00e7\u00e3o\u201d in Pol\u00edtica e Sociedade, v. 6 pp 59-82, Florian\u00f3polis, 2005<\/p>\n<p style=\"text-align: justify\">3. O DEBATE COM A NOVA MICRO ECONOMIA \u2013 Economia de Informa\u00e7\u00e3o, Principal-Agente, Custos de Transa\u00e7\u00e3o Cahuc, P. La Nouvelle Micro\u00e9conomie, La D\u00e9couverte, 1993<\/p>\n<p style=\"text-align: justify\">Guerrien, B. L\u00b4Illusion \u00c9conomique, Omniscience, 2007<\/p>\n<p style=\"text-align: justify\">Harford, T. The Undercover Economist, Abacus, 2006<\/p>\n<p style=\"text-align: justify\">Harford, T. The Logic of Life, Little Brown, 2008<\/p>\n<p style=\"text-align: justify\">McMillan, J. <em>Reinventing the Bazaar,<\/em>, 2002<\/p>\n<p style=\"text-align: justify\">A SOCIOLOGIA ECON\u00d4MICA NOS CLASSICOS<\/p>\n<p style=\"text-align: justify\">Lallement, M. \u201cRa\u00edzes Alem\u00e3s da Sociologia Econ\u00f4mica\u201d in Tempo Social, junho 2006<\/p>\n<p style=\"text-align: justify\">Raud-Mattedi C\u00e9cile, \u201cA Constru\u00e7\u00e3o Social do Mercado em Durkheim e Weber \u201c, <em>Revista Brasileira de Ci\u00eancias Sociais, 2005<\/em><\/p>\n<p style=\"text-align: justify\">Polanyi, K. <em>A Grande Transforma\u00e7\u00e3o<\/em>, Ed. Campus, 2000<\/p>\n<p style=\"text-align: justify\">Vinha, V. de, \u201cPolanyi e a Nova Sociologia Econ\u00f4mica: uma Aplica\u00e7\u00e3o Contempor\u00e2nea do Conceito do Enraizamento Social\u201d, <em>Econ\u00f4mica v 3 n2 dez. 2001 (impresso em set. 2003)<\/em><\/p>\n<p style=\"text-align: justify\">Steiner, P. <em>Les March\u00e9s Agroalimentaires sont-ils des \u201cmarch\u00e9s speciaux\u201d?<\/em> mimeo, 2006<\/p>\n<p style=\"text-align: justify\">Harvey, M. &amp; S. Metcalfe, <em>The Ordering of Change: Polanyi, Schumpeter and the Nature of the Market Mechanism\u201d<\/em>, Discussion Paper 70, CRIC, Manchester, 2005<\/p>\n<p style=\"text-align: justify\">Hodgson, G. <em>How Economics Forgot History: the Problem of Historical Specificity in Social Science, <\/em>Routledge, 2001<\/p>\n<p style=\"text-align: justify\">5. REDES SOCIAIS, REDES S\u00d3CIO-T\u00c9CNICAS E REDES NO MUNDO VIRTUAL<\/p>\n<p style=\"text-align: justify\">Benkler, Y. <em>The Wealth of Networks, <\/em>2006, Yale<\/p>\n<p style=\"text-align: justify\">Callon, M. \u201cThe Sociology of an Actor-Network. The case of the Electric Vehicle\u201d in Callon &amp; Law (eds) <em>The Mapping of Science and Technology, <\/em>1986, MacMillen<\/p>\n<p style=\"text-align: justify\">Granovetter, M. \u201cThe Strength of Weak Ties\u201d<em>American Journal of Sociology 78<\/em>, 1973<\/p>\n<p style=\"text-align: justify\">Granovetter, M. \u201cThe Strength of Weak Ties Revisited\u201d, 1983<\/p>\n<p style=\"text-align: justify\">Mascarenhas, G. <em>O Movimento de Comercio Justo e Solid\u00e1rio no Brasil: entre a Solidariedade e o Mercado, <\/em>Tese de Doutorado, CPDA, Rio de Janeiro, 2007<\/p>\n<p style=\"text-align: justify\">Merckl\u00e9, P. <em>Sociologie des R\u00e9seaux Sociaux, <\/em>L\u00ea Decouverte, 2004<\/p>\n<p style=\"text-align: justify\">Vale,Vasconcellos, G. M. <em>La\u00e7os como Ativos Territoriais<\/em>, 2007<\/p>\n<p style=\"text-align: justify\">6. ABORDAGENS MACRO<\/p>\n<p style=\"text-align: justify\">Bourdieu, P. <em>Raz\u00f5es Pr\u00e1ticas: Sobre a Teoria de A\u00e7\u00e3o<\/em><\/p>\n<p style=\"text-align: justify\">Boyer, R. <em>The Seven Paradoxes of Capitalism,<\/em> Wisconsin, mimeo, 1996<\/p>\n<p style=\"text-align: justify\">Fligstein, N. <em>The Architecture of Markets,<\/em> Princeton, 2001<\/p>\n<p style=\"text-align: justify\">Granovetter, M. <em>A Theoretical Agenda for Economic Sociology<\/em>, Stanford, mimeo, 2000<\/p>\n<p style=\"text-align: justify\">North,D. <em>Institutions, Institutional Change and Economic Performance<\/em>, CUP, 1990<\/p>\n<p style=\"text-align: justify\">Swedberg, R. <em>The Principles of Economic Sociology,<\/em> Princeton, 2003<\/p>\n<p style=\"text-align: justify\">Triglia, C. <em>Sociologie \u00c9conomique<\/em>, Armand Colin, 2002<\/p>\n<p style=\"text-align: justify\">7. A SOCIOLOGIA ECON\u00d4MICA DOS MERCADOS<\/p>\n<p style=\"text-align: justify\">Steiner, P. <em>Le March\u00e9 selon la Sociologie \u00c9conomique,<\/em> mimeo, 2006<\/p>\n<p style=\"text-align: justify\">Beckert, J. <em>The Social Order of Markets, mimeo<\/em><\/p>\n<p style=\"text-align: justify\">Swedberg, R. <em>The Principles of Economic Sociology, <\/em>Princeton, 2003<\/p>\n<p style=\"text-align: justify\">Fligstein, N. &amp;\u00a0 Dautier, L. \u201cThe Sociology of Markets\u201d, <em>The Annual Review of Sociology, no 33, 2007<\/em><\/p>\n<p style=\"text-align: justify\">Wilkinson, J. \u201cSociologia Econ\u00f4mica, a Teoria das Conven\u00e7\u00f5es e o Funcionamento dos Mercados\u201d,<strong> <\/strong><em>Ensaios FEE<\/em>, 2002<br \/>\n8. A SOCIOLOGIA ECON\u00d4MICA E A CULTURA<\/p>\n<p style=\"text-align: justify\">Dimaggio, P. \u201cAspectos Culturais da A\u00e7\u00e3o e da Organiza\u00e7\u00e3o Econ\u00f4mica\u201d in <em>A Nova Sociologia Econ\u00f4mica, <\/em>Celta, 2003<\/p>\n<p style=\"text-align: justify\">DiMaggio, P. \u201cCulture and \u201cEconomy\u201d in\u00a0 <em>Smelser, N. &amp; Swedberg, R (eds), The Handbook of Economic Sociology,<\/em> 1994<\/p>\n<p style=\"text-align: justify\">Zelitzer, V. \u201cCulture and Consumption\u201d in <em>Smelser, N. &amp; Swedberg, R (eds), The Handbook of Economic Sociology<\/em>, 2004<\/p>\n<p style=\"text-align: justify\">Zelitzer, V. <em>Morals and Markets: the development of Life Insurance in the United States,<\/em> Columbia press, 1979<\/p>\n<p style=\"text-align: justify\">Zelizer, V. <\/p>\n<p style=\"text-align: justify\">9. A SOCIOLOGIA ECON\u00d5MICA E O ENFOQUE \u201cPERFORMATIVO\u201d<\/p>\n<p style=\"text-align: justify\">Callon , M. <em>The Laws of the Market<\/em>, Blackwell, 1998<\/p>\n<p style=\"text-align: justify\">Callon, M. \u201c What does it mean to say that Economics is performative?\u201d in Mackenzie, D. , Muniesa, F. &amp; L. Sui (eds) <em>Do Economists make Markets?, <\/em>2007, Princeton<\/p>\n<p style=\"text-align: justify\">Garcia, M-F \u201cA Constru\u00e7\u00e3o Social de um Mercado Perfeito\u201d<strong>, <\/strong><em>Estudos, Agricultura e Sociedade,<\/em> 2004. <\/p>\n<p style=\"text-align: justify\">10. OS NOVOS DESAFIOS DA SOCIOLOGIA ECON\u00d4MICA: Behavioral Economics e F\u00edsica Social<\/p>\n<p style=\"text-align: justify\">Barab\u00e1si, A-L, <em>Linked, <\/em>Plume, 2003<\/p>\n<p style=\"text-align: justify\">Buchanan, M. <em>The Social Atom,<\/em> Bloomsbury, 2007<\/p>\n<p style=\"text-align: justify\">Johnson, S. <em>Emergence, <\/em>Scribner, 2001<\/p>\n<p style=\"text-align: justify\">Schwartz, B. <em>The Paradox of Choice,<\/em> 2004 Harper<\/p>\n<p style=\"text-align: justify\">Taleb, N. N. <em>Fooled by Randomness, <\/em>penguin, 2004<\/p>\n<p style=\"text-align: justify\">Ubel, P. A\u00a0 <em>Free Market Madness,<\/em> HUP, 2009<\/p>\n<h2 style=\"text-align: justify\">REFERENCIAS GERAIS<\/h2>\n<p style=\"text-align: justify\">Economic Sociology. European Electronic Newsletter <\/p>\n<p style=\"text-align: justify\">Granovetter,M. &amp; Swedberg, R. <em>The Sociology of Economic Life<\/em>,Westview Press, 1992<\/p>\n<p style=\"text-align: justify\">Smelser N. &amp; Swedberg, R\u00a0 <em>A Handbook of Economic\u00a0 Sociology<\/em>,1994, Nova Edi\u00e7\u00e3o 2004<\/p>\n<p style=\"text-align: justify\">Tempo Social, USP<\/p>\n<h2 style=\"text-align: justify\">BIBLIOGRAFIA T\u00c9CNICA SOBRE REDES SOCIAIS<\/h2>\n<p style=\"text-align: justify\">Cross, B. &amp; Parker, A. <em>The Hidden Power of Social Networks,<\/em> Harvard, 2004<\/p>\n<p style=\"text-align: justify\">Degenne, A &amp; Fors\u00e9, M. <em>Les R\u00e9seaux Sociaux,<\/em> Armand Colin, 2004<\/p>\n<p style=\"text-align: justify\">Nooy, W. de; Mrvar, A &amp; Batagelj, V. <em>Exploratory Social Analysis with Pajek,<\/em> Cambridge University press, 2005. <\/p>\n<p>.<\/p>\n","protected":false},"excerpt":{"rendered":"<p>IH 1528 Disciplina fundamental do Doutorado N\u00famero de cr\u00e9ditos: 3 Horas aula: 4 (2 te\u00f3ricas e 2 pr\u00e1ticas) Professores respons\u00e1veis: <a class=\"read-more\" href=\"https:\/\/institucional.ufrrj.br\/portalcpda\/sociologia-economica\/ \" >&#8230; <span class=\"font-italic\">leia mais <i class=\"fas fa-angle-right\"><\/i><\/span><\/a><\/p>\n","protected":false},"author":634,"featured_media":0,"parent":0,"menu_order":0,"comment_status":"open","ping_status":"open","template":"","meta":{"_acf_changed":false,"footnotes":""},"class_list":["post-127","page","type-page","status-publish","hentry"],"yoast_head":"<!-- This site is optimized with the Yoast SEO plugin v27.2 - https:\/\/yoast.com\/product\/yoast-seo-wordpress\/ -->\n<title>Sociologia econ\u00f4mica - CPDA<\/title>\n<meta name=\"robots\" content=\"index, follow, max-snippet:-1, max-image-preview:large, max-video-preview:-1\" \/>\n<link rel=\"canonical\" href=\"https:\/\/institucional.ufrrj.br\/portalcpda\/sociologia-economica\/\" \/>\n<meta property=\"og:locale\" content=\"pt_BR\" \/>\n<meta property=\"og:type\" content=\"article\" \/>\n<meta property=\"og:title\" content=\"Sociologia econ\u00f4mica - CPDA\" \/>\n<meta property=\"og:description\" content=\"IH 1528 Disciplina fundamental do Doutorado N\u00famero de cr\u00e9ditos: 3 Horas aula: 4 (2 te\u00f3ricas e 2 pr\u00e1ticas) Professores respons\u00e1veis: ... leia mais\" \/>\n<meta property=\"og:url\" content=\"https:\/\/institucional.ufrrj.br\/portalcpda\/sociologia-economica\/\" \/>\n<meta property=\"og:site_name\" content=\"CPDA\" \/>\n<meta property=\"article:modified_time\" content=\"2018-06-29T19:15:19+00:00\" \/>\n<meta name=\"twitter:card\" content=\"summary_large_image\" \/>\n<meta name=\"twitter:label1\" content=\"Est. tempo de leitura\" \/>\n\t<meta name=\"twitter:data1\" content=\"5 minutos\" \/>\n<script type=\"application\/ld+json\" class=\"yoast-schema-graph\">{\"@context\":\"https:\/\/schema.org\",\"@graph\":[{\"@type\":\"WebPage\",\"@id\":\"https:\/\/institucional.ufrrj.br\/portalcpda\/sociologia-economica\/\",\"url\":\"https:\/\/institucional.ufrrj.br\/portalcpda\/sociologia-economica\/\",\"name\":\"Sociologia econ\u00f4mica - CPDA\",\"isPartOf\":{\"@id\":\"https:\/\/institucional.ufrrj.br\/portalcpda\/#website\"},\"datePublished\":\"2011-07-05T18:52:38+00:00\",\"dateModified\":\"2018-06-29T19:15:19+00:00\",\"breadcrumb\":{\"@id\":\"https:\/\/institucional.ufrrj.br\/portalcpda\/sociologia-economica\/#breadcrumb\"},\"inLanguage\":\"pt-BR\",\"potentialAction\":[{\"@type\":\"ReadAction\",\"target\":[\"https:\/\/institucional.ufrrj.br\/portalcpda\/sociologia-economica\/\"]}]},{\"@type\":\"BreadcrumbList\",\"@id\":\"https:\/\/institucional.ufrrj.br\/portalcpda\/sociologia-economica\/#breadcrumb\",\"itemListElement\":[{\"@type\":\"ListItem\",\"position\":1,\"name\":\"In\u00edcio\",\"item\":\"https:\/\/institucional.ufrrj.br\/portalcpda\/\"},{\"@type\":\"ListItem\",\"position\":2,\"name\":\"Sociologia econ\u00f4mica\"}]},{\"@type\":\"WebSite\",\"@id\":\"https:\/\/institucional.ufrrj.br\/portalcpda\/#website\",\"url\":\"https:\/\/institucional.ufrrj.br\/portalcpda\/\",\"name\":\"CPDA\",\"description\":\"institucional.ufrrj.br\",\"potentialAction\":[{\"@type\":\"SearchAction\",\"target\":{\"@type\":\"EntryPoint\",\"urlTemplate\":\"https:\/\/institucional.ufrrj.br\/portalcpda\/?s={search_term_string}\"},\"query-input\":{\"@type\":\"PropertyValueSpecification\",\"valueRequired\":true,\"valueName\":\"search_term_string\"}}],\"inLanguage\":\"pt-BR\"}]}<\/script>\n<!-- \/ Yoast SEO plugin. -->","yoast_head_json":{"title":"Sociologia econ\u00f4mica - CPDA","robots":{"index":"index","follow":"follow","max-snippet":"max-snippet:-1","max-image-preview":"max-image-preview:large","max-video-preview":"max-video-preview:-1"},"canonical":"https:\/\/institucional.ufrrj.br\/portalcpda\/sociologia-economica\/","og_locale":"pt_BR","og_type":"article","og_title":"Sociologia econ\u00f4mica - CPDA","og_description":"IH 1528 Disciplina fundamental do Doutorado N\u00famero de cr\u00e9ditos: 3 Horas aula: 4 (2 te\u00f3ricas e 2 pr\u00e1ticas) Professores respons\u00e1veis: ... leia mais","og_url":"https:\/\/institucional.ufrrj.br\/portalcpda\/sociologia-economica\/","og_site_name":"CPDA","article_modified_time":"2018-06-29T19:15:19+00:00","twitter_card":"summary_large_image","twitter_misc":{"Est. tempo de leitura":"5 minutos"},"schema":{"@context":"https:\/\/schema.org","@graph":[{"@type":"WebPage","@id":"https:\/\/institucional.ufrrj.br\/portalcpda\/sociologia-economica\/","url":"https:\/\/institucional.ufrrj.br\/portalcpda\/sociologia-economica\/","name":"Sociologia econ\u00f4mica - CPDA","isPartOf":{"@id":"https:\/\/institucional.ufrrj.br\/portalcpda\/#website"},"datePublished":"2011-07-05T18:52:38+00:00","dateModified":"2018-06-29T19:15:19+00:00","breadcrumb":{"@id":"https:\/\/institucional.ufrrj.br\/portalcpda\/sociologia-economica\/#breadcrumb"},"inLanguage":"pt-BR","potentialAction":[{"@type":"ReadAction","target":["https:\/\/institucional.ufrrj.br\/portalcpda\/sociologia-economica\/"]}]},{"@type":"BreadcrumbList","@id":"https:\/\/institucional.ufrrj.br\/portalcpda\/sociologia-economica\/#breadcrumb","itemListElement":[{"@type":"ListItem","position":1,"name":"In\u00edcio","item":"https:\/\/institucional.ufrrj.br\/portalcpda\/"},{"@type":"ListItem","position":2,"name":"Sociologia econ\u00f4mica"}]},{"@type":"WebSite","@id":"https:\/\/institucional.ufrrj.br\/portalcpda\/#website","url":"https:\/\/institucional.ufrrj.br\/portalcpda\/","name":"CPDA","description":"institucional.ufrrj.br","potentialAction":[{"@type":"SearchAction","target":{"@type":"EntryPoint","urlTemplate":"https:\/\/institucional.ufrrj.br\/portalcpda\/?s={search_term_string}"},"query-input":{"@type":"PropertyValueSpecification","valueRequired":true,"valueName":"search_term_string"}}],"inLanguage":"pt-BR"}]}},"acf":[],"_links":{"self":[{"href":"https:\/\/institucional.ufrrj.br\/portalcpda\/wp-json\/wp\/v2\/pages\/127","targetHints":{"allow":["GET"]}}],"collection":[{"href":"https:\/\/institucional.ufrrj.br\/portalcpda\/wp-json\/wp\/v2\/pages"}],"about":[{"href":"https:\/\/institucional.ufrrj.br\/portalcpda\/wp-json\/wp\/v2\/types\/page"}],"author":[{"embeddable":true,"href":"https:\/\/institucional.ufrrj.br\/portalcpda\/wp-json\/wp\/v2\/users\/634"}],"replies":[{"embeddable":true,"href":"https:\/\/institucional.ufrrj.br\/portalcpda\/wp-json\/wp\/v2\/comments?post=127"}],"version-history":[{"count":1,"href":"https:\/\/institucional.ufrrj.br\/portalcpda\/wp-json\/wp\/v2\/pages\/127\/revisions"}],"predecessor-version":[{"id":14445,"href":"https:\/\/institucional.ufrrj.br\/portalcpda\/wp-json\/wp\/v2\/pages\/127\/revisions\/14445"}],"wp:attachment":[{"href":"https:\/\/institucional.ufrrj.br\/portalcpda\/wp-json\/wp\/v2\/media?parent=127"}],"curies":[{"name":"wp","href":"https:\/\/api.w.org\/{rel}","templated":true}]}}