{"id":125,"date":"2011-07-05T18:00:37","date_gmt":"2011-07-05T18:00:37","guid":{"rendered":"http:\/\/r1.ufrrj.br\/cpda\/?page_id=125"},"modified":"2018-06-29T16:15:30","modified_gmt":"2018-06-29T19:15:30","slug":"teorias-de-desenvolvimento","status":"publish","type":"page","link":"https:\/\/institucional.ufrrj.br\/portalcpda\/teorias-de-desenvolvimento\/","title":{"rendered":"Teorias de desenvolvimento"},"content":{"rendered":"<p style=\"text-align: justify\">IH 1518<\/p>\n<p style=\"text-align: justify\">Disciplina fundamental do Doutorado<br \/>\nN\u00famero de cr\u00e9ditos : 3<br \/>\nCarga hor\u00e1ria: 4 horas aulas semanais (2 te\u00f3ricas e 2 pr\u00e1ticas)<br \/>\nProfessores respons\u00e1veis: Renato S\u00e9rgio Maluf e S\u00e9rgio P. Leite<\/p>\n<p style=\"text-align: justify\"><strong>Objetivo<\/strong><\/p>\n<p style=\"text-align: justify\">A disciplina visa abordar aspectos conceituais e anal\u00edticos dos processos de desenvolvimento econ\u00f4mico e social, com uma focaliza\u00e7\u00e3o particular na agricultura de base familiar, no sistema agroalimentar e no mundo rural.<\/p>\n<p style=\"text-align: justify\"><strong>Ementa<\/strong><\/p>\n<p style=\"text-align: justify\">Teorias de desenvolvimento e economia do desenvolvimento; dimens\u00e3o internacional do desenvolvimento, estrat\u00e9gias nacionais e regionais; teoria e pr\u00e1tica de desenvolvimento na Am\u00e9rica Latina; pol\u00edticas de desenvolvimento e papel do Estado; pobreza, eq\u00fcidade e inclus\u00e3o social; seguran\u00e7a alimentar e sistema agroalimentar; desenvolvimento territorial e rural e a multifuncionalidade da agricultura.<\/p>\n<p style=\"text-align: justify\"><strong>Bibliografia<\/strong><\/p>\n<p style=\"text-align: justify\">MALUF, R. S. \u201cAtribuindo sentido(s) ao desenvolvimento econ\u00f4mico\u201d. Estudos sociedade e agricultura, N. 15, 2000, 53-86.<br \/>\nCOWEN, M.P. and SHENTON, R.W., Doctrines of development. London: Routledge, 1996.<br \/>\nSEN A. K. Desenvolvimento como liberdade. S. Paulo: Cia. das Letras, 2000. (Introdu\u00e7\u00e3o, Cap 2)<br \/>\nHIRSCHMAN, A.O., Auto-subvers\u00e3o &#8211; teorias consagradas em xeque. S\u00e3o Paulo, Companhia das Letras, 1996. (Caps. 3, 12, 19, 20)<br \/>\nBIELSCHOWSKY, R. (org.), Cinq\u00fcenta anos de pensamento na Cepal. Rio Janeiro: Record, 2.000. Vol. 1, 13-68.<br \/>\nBARRACLOUGH, S. L., An end to hunger? The social origins of food strategies. London: Zed Books, 1991.<\/p>\n","protected":false},"excerpt":{"rendered":"<p>IH 1518 Disciplina fundamental do Doutorado N\u00famero de cr\u00e9ditos : 3 Carga hor\u00e1ria: 4 horas aulas semanais (2 te\u00f3ricas e <a class=\"read-more\" href=\"https:\/\/institucional.ufrrj.br\/portalcpda\/teorias-de-desenvolvimento\/ \" >&#8230; <span class=\"font-italic\">leia mais <i class=\"fas fa-angle-right\"><\/i><\/span><\/a><\/p>\n","protected":false},"author":634,"featured_media":0,"parent":0,"menu_order":0,"comment_status":"open","ping_status":"open","template":"","meta":{"_acf_changed":false,"footnotes":""},"class_list":["post-125","page","type-page","status-publish","hentry"],"yoast_head":"<!-- This site is optimized with the Yoast SEO plugin v27.2 - https:\/\/yoast.com\/product\/yoast-seo-wordpress\/ -->\n<title>Teorias de desenvolvimento - CPDA<\/title>\n<meta name=\"robots\" content=\"index, follow, max-snippet:-1, max-image-preview:large, max-video-preview:-1\" \/>\n<link rel=\"canonical\" href=\"https:\/\/institucional.ufrrj.br\/portalcpda\/teorias-de-desenvolvimento\/\" \/>\n<meta property=\"og:locale\" content=\"pt_BR\" \/>\n<meta property=\"og:type\" content=\"article\" \/>\n<meta property=\"og:title\" content=\"Teorias de desenvolvimento - CPDA\" \/>\n<meta property=\"og:description\" content=\"IH 1518 Disciplina fundamental do Doutorado N\u00famero de cr\u00e9ditos : 3 Carga hor\u00e1ria: 4 horas aulas semanais (2 te\u00f3ricas e ... leia mais\" \/>\n<meta property=\"og:url\" content=\"https:\/\/institucional.ufrrj.br\/portalcpda\/teorias-de-desenvolvimento\/\" \/>\n<meta property=\"og:site_name\" content=\"CPDA\" \/>\n<meta property=\"article:modified_time\" content=\"2018-06-29T19:15:30+00:00\" \/>\n<meta name=\"twitter:card\" content=\"summary_large_image\" \/>\n<meta name=\"twitter:label1\" content=\"Est. tempo de leitura\" \/>\n\t<meta name=\"twitter:data1\" content=\"1 minuto\" \/>\n<script type=\"application\/ld+json\" class=\"yoast-schema-graph\">{\"@context\":\"https:\/\/schema.org\",\"@graph\":[{\"@type\":\"WebPage\",\"@id\":\"https:\/\/institucional.ufrrj.br\/portalcpda\/teorias-de-desenvolvimento\/\",\"url\":\"https:\/\/institucional.ufrrj.br\/portalcpda\/teorias-de-desenvolvimento\/\",\"name\":\"Teorias de desenvolvimento - CPDA\",\"isPartOf\":{\"@id\":\"https:\/\/institucional.ufrrj.br\/portalcpda\/#website\"},\"datePublished\":\"2011-07-05T18:00:37+00:00\",\"dateModified\":\"2018-06-29T19:15:30+00:00\",\"breadcrumb\":{\"@id\":\"https:\/\/institucional.ufrrj.br\/portalcpda\/teorias-de-desenvolvimento\/#breadcrumb\"},\"inLanguage\":\"pt-BR\",\"potentialAction\":[{\"@type\":\"ReadAction\",\"target\":[\"https:\/\/institucional.ufrrj.br\/portalcpda\/teorias-de-desenvolvimento\/\"]}]},{\"@type\":\"BreadcrumbList\",\"@id\":\"https:\/\/institucional.ufrrj.br\/portalcpda\/teorias-de-desenvolvimento\/#breadcrumb\",\"itemListElement\":[{\"@type\":\"ListItem\",\"position\":1,\"name\":\"In\u00edcio\",\"item\":\"https:\/\/institucional.ufrrj.br\/portalcpda\/\"},{\"@type\":\"ListItem\",\"position\":2,\"name\":\"Teorias de desenvolvimento\"}]},{\"@type\":\"WebSite\",\"@id\":\"https:\/\/institucional.ufrrj.br\/portalcpda\/#website\",\"url\":\"https:\/\/institucional.ufrrj.br\/portalcpda\/\",\"name\":\"CPDA\",\"description\":\"institucional.ufrrj.br\",\"potentialAction\":[{\"@type\":\"SearchAction\",\"target\":{\"@type\":\"EntryPoint\",\"urlTemplate\":\"https:\/\/institucional.ufrrj.br\/portalcpda\/?s={search_term_string}\"},\"query-input\":{\"@type\":\"PropertyValueSpecification\",\"valueRequired\":true,\"valueName\":\"search_term_string\"}}],\"inLanguage\":\"pt-BR\"}]}<\/script>\n<!-- \/ Yoast SEO plugin. -->","yoast_head_json":{"title":"Teorias de desenvolvimento - CPDA","robots":{"index":"index","follow":"follow","max-snippet":"max-snippet:-1","max-image-preview":"max-image-preview:large","max-video-preview":"max-video-preview:-1"},"canonical":"https:\/\/institucional.ufrrj.br\/portalcpda\/teorias-de-desenvolvimento\/","og_locale":"pt_BR","og_type":"article","og_title":"Teorias de desenvolvimento - CPDA","og_description":"IH 1518 Disciplina fundamental do Doutorado N\u00famero de cr\u00e9ditos : 3 Carga hor\u00e1ria: 4 horas aulas semanais (2 te\u00f3ricas e ... leia mais","og_url":"https:\/\/institucional.ufrrj.br\/portalcpda\/teorias-de-desenvolvimento\/","og_site_name":"CPDA","article_modified_time":"2018-06-29T19:15:30+00:00","twitter_card":"summary_large_image","twitter_misc":{"Est. tempo de leitura":"1 minuto"},"schema":{"@context":"https:\/\/schema.org","@graph":[{"@type":"WebPage","@id":"https:\/\/institucional.ufrrj.br\/portalcpda\/teorias-de-desenvolvimento\/","url":"https:\/\/institucional.ufrrj.br\/portalcpda\/teorias-de-desenvolvimento\/","name":"Teorias de desenvolvimento - CPDA","isPartOf":{"@id":"https:\/\/institucional.ufrrj.br\/portalcpda\/#website"},"datePublished":"2011-07-05T18:00:37+00:00","dateModified":"2018-06-29T19:15:30+00:00","breadcrumb":{"@id":"https:\/\/institucional.ufrrj.br\/portalcpda\/teorias-de-desenvolvimento\/#breadcrumb"},"inLanguage":"pt-BR","potentialAction":[{"@type":"ReadAction","target":["https:\/\/institucional.ufrrj.br\/portalcpda\/teorias-de-desenvolvimento\/"]}]},{"@type":"BreadcrumbList","@id":"https:\/\/institucional.ufrrj.br\/portalcpda\/teorias-de-desenvolvimento\/#breadcrumb","itemListElement":[{"@type":"ListItem","position":1,"name":"In\u00edcio","item":"https:\/\/institucional.ufrrj.br\/portalcpda\/"},{"@type":"ListItem","position":2,"name":"Teorias de desenvolvimento"}]},{"@type":"WebSite","@id":"https:\/\/institucional.ufrrj.br\/portalcpda\/#website","url":"https:\/\/institucional.ufrrj.br\/portalcpda\/","name":"CPDA","description":"institucional.ufrrj.br","potentialAction":[{"@type":"SearchAction","target":{"@type":"EntryPoint","urlTemplate":"https:\/\/institucional.ufrrj.br\/portalcpda\/?s={search_term_string}"},"query-input":{"@type":"PropertyValueSpecification","valueRequired":true,"valueName":"search_term_string"}}],"inLanguage":"pt-BR"}]}},"acf":[],"_links":{"self":[{"href":"https:\/\/institucional.ufrrj.br\/portalcpda\/wp-json\/wp\/v2\/pages\/125","targetHints":{"allow":["GET"]}}],"collection":[{"href":"https:\/\/institucional.ufrrj.br\/portalcpda\/wp-json\/wp\/v2\/pages"}],"about":[{"href":"https:\/\/institucional.ufrrj.br\/portalcpda\/wp-json\/wp\/v2\/types\/page"}],"author":[{"embeddable":true,"href":"https:\/\/institucional.ufrrj.br\/portalcpda\/wp-json\/wp\/v2\/users\/634"}],"replies":[{"embeddable":true,"href":"https:\/\/institucional.ufrrj.br\/portalcpda\/wp-json\/wp\/v2\/comments?post=125"}],"version-history":[{"count":3,"href":"https:\/\/institucional.ufrrj.br\/portalcpda\/wp-json\/wp\/v2\/pages\/125\/revisions"}],"predecessor-version":[{"id":14450,"href":"https:\/\/institucional.ufrrj.br\/portalcpda\/wp-json\/wp\/v2\/pages\/125\/revisions\/14450"}],"wp:attachment":[{"href":"https:\/\/institucional.ufrrj.br\/portalcpda\/wp-json\/wp\/v2\/media?parent=125"}],"curies":[{"name":"wp","href":"https:\/\/api.w.org\/{rel}","templated":true}]}}