{"id":1232,"date":"2012-07-11T15:27:46","date_gmt":"2012-07-11T18:27:46","guid":{"rendered":"http:\/\/r1.ufrrj.br\/cpda\/?page_id=1232"},"modified":"2024-09-17T13:18:27","modified_gmt":"2024-09-17T16:18:27","slug":"teses-doutorado-2011","status":"publish","type":"page","link":"https:\/\/institucional.ufrrj.br\/portalcpda\/teses-doutorado-2011\/","title":{"rendered":"Teses Doutorado 2011"},"content":{"rendered":"<p>&nbsp;<\/p>\n<p><strong>PAULO ANDR\u00c9 NIEDERLE<\/strong><br \/>\n<a href=\"https:\/\/institucional.ufrrj.br\/portalcpda\/files\/2018\/08\/2011.tese_.Paulo_Nierdele.pdf\" target=\"_blank\" rel=\"noopener noreferrer\"><strong>Compromissos para\u00a0 a qualidade: Projetos de indica\u00e7\u00e3o geogr\u00e1fica para vinhos no Brasil e na Fran\u00e7a<\/strong><\/a><\/p>\n<p>Defesa: 18\/01\/2011<br \/>\nOrientador: John Wilkinson (UFRRJ\/CPDA)<\/p>\n<p>&nbsp;<\/p>\n<hr \/>\n<p><strong>ANGYE C\u00c1SSIA N\u00d3IA<\/strong><br \/>\n<strong><a href=\"https:\/\/institucional.ufrrj.br\/portalcpda\/files\/2018\/08\/2011.tese_.Angye_C\u00e1ssia_-N\u00a6ia.pdf\" target=\"_blank\" rel=\"noopener noreferrer\">A constru\u00e7\u00e3o do desenvolvimento local no munic\u00edpio de Ilh\u00e9us-BA: uma an\u00e1lise das alternativas de desenvolvimento geradas ap\u00f3s a crise da monocultura do cacau<\/a><\/strong><\/p>\n<p>Defesa: 11\/02\/2011<br \/>\nOrientador: Raimundo Nonato dos Santos (UFRRJ\/CPDA)<\/p>\n<p>&nbsp;<\/p>\n<hr \/>\n<p><strong>MAURO CESAR ROCHA DA SILVA<\/strong><br \/>\n<strong><a href=\"https:\/\/institucional.ufrrj.br\/portalcpda\/files\/2018\/08\/2011.tese_.Mauro_C\u00aesar_Rocha_da_Silva.pdf\" target=\"_blank\" rel=\"noopener noreferrer\">Raz\u00f5es da sustentabilidade do Governo da Floresta: uma releitura do processo de desenvolvimento do Estado do Acre<\/a><\/strong><\/p>\n<p>Defesa: 16\/03\/2011<br \/>\nOrientadora: Eli Napole\u00e3o de Lima (UFRRJ\/CPDA)<\/p>\n<p>&nbsp;<\/p>\n<hr \/>\n<p><strong>ANA L\u00daCIA DA COSTA SILVEIRA<\/strong><br \/>\n<strong><a href=\"https:\/\/institucional.ufrrj.br\/portalcpda\/files\/2018\/08\/2011.tese_.Ana_Lucia_Silveira.pdf\" target=\"_blank\" rel=\"noopener noreferrer\">A UFRRJ do tempo recente: rela\u00e7\u00f5es entre a oferta de gradua\u00e7\u00f5es e a sua voca\u00e7\u00e3o rural<\/a><\/strong><\/p>\n<p>Defesa: 15\/04\/2011<br \/>\nOrientador: Raimundo Nonato dos Santos (UFRRJ\/CPDA)<\/p>\n<p>&nbsp;<\/p>\n<hr \/>\n<p><strong>MARTA GOMES LUCENA DE LIMA<\/strong><br \/>\n<strong><a href=\"https:\/\/institucional.ufrrj.br\/portalcpda\/files\/2018\/08\/2011.tese_.Marta_Gomes_Lucena_de_Lima.pdf\" target=\"_blank\" rel=\"noopener noreferrer\">Territorialidade\u00a0de Fronteira: Uma contribui\u00e7\u00e3o ao estudo da quest\u00e3o Fronteiri\u00e7a Brasil-Uruguai no contexto do Mercosul<\/a><\/strong><\/p>\n<p>Defesa: 13\/06\/2011<br \/>\nOrientador: Roberto Jos\u00e9 Moreira (UFRRJ\/CPDA)<\/p>\n<p>&nbsp;<\/p>\n<hr \/>\n<p><strong>EVERTON LAZZARETTI PICOLOTTO<\/strong><br \/>\n<strong><a href=\"https:\/\/institucional.ufrrj.br\/portalcpda\/files\/2018\/08\/2011.tese_.everton_picolotto.pdf\" target=\"_blank\" rel=\"noopener noreferrer\">As M\u00e3os que alimentam a Na\u00e7\u00e3o: agricultura familiar, sindicalismo e pol\u00edtica<\/a><\/strong><br \/>\n(Pr\u00eamio SOBER 2012 de Melhor Tese de Doutorado na \u00e1rea de Sociologia Rural \u2013 Pr\u00eamio Jos\u00e9 Gomes da Silva)<\/p>\n<p>Defesa: 17\/06\/2011<br \/>\nOrientadora: Leonilde Servolo de Medeiros (UFRRJ\/CPDA)<\/p>\n<p>&nbsp;<\/p>\n<hr \/>\n<p><strong>MARIANA TROTTA DALLALANA QUINTANS<\/strong><br \/>\n<a href=\"https:\/\/institucional.ufrrj.br\/portalcpda\/files\/2018\/08\/2011.tese_.Mariana_Trotta_Dallalana_Quintans.pdf\" target=\"_blank\" rel=\"noopener noreferrer\"><strong>Poder Judici\u00e1rio e conflitos de terra: a experi\u00eancia da vara agr\u00e1ria do sudeste paraense<\/strong><\/a><\/p>\n<p>Defesa: 01\/08\/2011<br \/>\nOrientadora: Leonilde Servolo de Medeiros (UFRRJ\/CPDA)<\/p>\n<p>&nbsp;<\/p>\n<hr \/>\n<p><strong>BRENO ARAG\u00c3O TIBURCIO<\/strong><br \/>\n<strong><a href=\"https:\/\/institucional.ufrrj.br\/portalcpda\/files\/2018\/08\/2011.tese_.Breno_Aragao_Tiburcio.pdf\" target=\"_blank\" rel=\"noopener noreferrer\">Atores sociais, agricultura familiar e desenvolvimento territorial: uma an\u00e1lise do Programa Nacional de Produ\u00e7\u00e3o e Uso de Biodiesel<\/a><\/strong><\/p>\n<p>Defesa: 05\/08\/2011<br \/>\nOrientador: Renato Jamil Maluf (UFRRJ\/CPDA)<\/p>\n<p>&nbsp;<\/p>\n<hr \/>\n<p><strong>RICARDO JOS\u00c9 DE AZEVEDO MARINHO<\/strong><br \/>\n<strong><a href=\"https:\/\/institucional.ufrrj.br\/portalcpda\/files\/2018\/08\/2011.tese_.Ricardo_Jose_Azevedo_Marinho.pdf\" target=\"_blank\" rel=\"noopener noreferrer\">Minist\u00e9rio P\u00fablico do Trabalho e Sindicalismo Rural no Brasil<\/a><\/strong><\/p>\n<p>Defesa: 15\/08\/2011<br \/>\nOrientador: Luiz Fl\u00e1vio de Carvalho Costa (UFRRJ\/CPDA)<\/p>\n<p>&nbsp;<\/p>\n<hr \/>\n<p><strong>SILVIA APARECIDA ZIMMERMANN<\/strong><br \/>\n<a href=\"https:\/\/institucional.ufrrj.br\/portalcpda\/files\/2024\/09\/Tese-Silvia-Zimmermann.pdf\" target=\"_blank\" rel=\"noopener\"><strong>A pauta do povo e o povo em pauta: as Confer\u00eancias Nacionais de Seguran\u00e7a Alimentar e Nutricional \u2013 Democracia, Participa\u00e7\u00e3o e Decis\u00e3o Pol\u00edtica<\/strong><\/a><\/p>\n<p>Defesa: 29\/08\/2011<br \/>\nOrientador: Nelson Giordano Delgado (UFRRJ\/CPDA)<\/p>\n<p>&nbsp;<\/p>\n<hr \/>\n<p><strong>JULIANA ARRUDA<\/strong><br \/>\n<strong>Agricultura urbana na Regi\u00e3o Metropolitana do Rio de Janeiro: sustentabilidade e repercuss\u00f5es na reprodu\u00e7\u00e3o das fam\u00edlias<\/strong><\/p>\n<p>Defesa: 13\/10\/2011<br \/>\nOrientadora: Renato Jamil Maluf (UFRRJ\/CPDA)<\/p>\n<p>&nbsp;<\/p>\n<hr \/>\n<p><strong>DANIELE COSTAS REIS MIGUELETTO<\/strong><br \/>\n<strong><a href=\"https:\/\/institucional.ufrrj.br\/portalcpda\/files\/2018\/08\/2011.tese_.Daniele_Costa_Reis_Migueletto.pdf\" target=\"_blank\" rel=\"noopener noreferrer\">Encruzilhada do desenvolvimento<\/a><\/strong><\/p>\n<p>Defesa: 03\/11\/2011<br \/>\nOrientador: Jorge Osvaldo Romano (UFRRJ\/CPDA)<\/p>\n<p>&nbsp;<\/p>\n<hr \/>\n<p><strong>TEREZINHA CAVALCANTE FEITOSA<\/strong><br \/>\n<strong><a href=\"https:\/\/institucional.ufrrj.br\/portalcpda\/files\/2018\/08\/2011.tese_.Teresinha_Cavalcante_Feitosa.pdf\" target=\"_blank\" rel=\"noopener noreferrer\">Quest\u00e3o agr\u00e1ria, viol\u00eancia e poder p\u00fablico na Amaz\u00f4nia brasileira: o assassinato do l\u00edder sindical Jo\u00e3o Canuto de Oliveira<\/a><\/strong><\/p>\n<p>Defesa: 18\/11\/2011<br \/>\nOrientadora: Regina Angela Landim Bruno (UFRRJ\/CPDA)<\/p>\n<p>&nbsp;<\/p>\n<hr \/>\n<p><strong>JORGE LUIZ DOS SANTOS J\u00daNIOR<\/strong><br \/>\n<strong><a href=\"https:\/\/institucional.ufrrj.br\/portalcpda\/files\/2018\/08\/2011.tese_.Jorge_Luiz_Junior.pdf\" target=\"_blank\" rel=\"noopener noreferrer\">Ci\u00eancia do futuro: a comunidade de pesquisa e o ciclo da pol\u00edtica de nanoci\u00eancia no Brasil<\/a><\/strong><br \/>\n(3\u00ba lugar no Pr\u00eamio Jabuti 2014)<\/p>\n<p>Defesa: 02\/12\/2011<br \/>\nOrientadora: Maria de F\u00e1tima Ferreira Portilho (UFRRJ\/CPDA)<\/p>\n<p>&nbsp;<\/p>\n<p>&nbsp;<\/p>\n","protected":false},"excerpt":{"rendered":"<p>&nbsp; PAULO ANDR\u00c9 NIEDERLE Compromissos para\u00a0 a qualidade: Projetos de indica\u00e7\u00e3o geogr\u00e1fica para vinhos no Brasil e na Fran\u00e7a Defesa: <a class=\"read-more\" href=\"https:\/\/institucional.ufrrj.br\/portalcpda\/teses-doutorado-2011\/ \" >&#8230; <span class=\"font-italic\">leia mais <i class=\"fas fa-angle-right\"><\/i><\/span><\/a><\/p>\n","protected":false},"author":634,"featured_media":0,"parent":0,"menu_order":0,"comment_status":"open","ping_status":"open","template":"","meta":{"_acf_changed":false,"footnotes":""},"class_list":["post-1232","page","type-page","status-publish","hentry"],"yoast_head":"<!-- This site is optimized with the Yoast SEO plugin v27.2 - https:\/\/yoast.com\/product\/yoast-seo-wordpress\/ -->\n<title>Teses Doutorado 2011 - CPDA<\/title>\n<meta name=\"robots\" content=\"index, follow, max-snippet:-1, max-image-preview:large, max-video-preview:-1\" \/>\n<link rel=\"canonical\" href=\"https:\/\/institucional.ufrrj.br\/portalcpda\/teses-doutorado-2011\/\" \/>\n<meta property=\"og:locale\" content=\"pt_BR\" \/>\n<meta property=\"og:type\" content=\"article\" \/>\n<meta property=\"og:title\" content=\"Teses Doutorado 2011 - CPDA\" \/>\n<meta property=\"og:description\" content=\"&nbsp; PAULO ANDR\u00c9 NIEDERLE Compromissos para\u00a0 a qualidade: Projetos de indica\u00e7\u00e3o geogr\u00e1fica para vinhos no Brasil e na Fran\u00e7a Defesa: ... leia mais\" \/>\n<meta property=\"og:url\" content=\"https:\/\/institucional.ufrrj.br\/portalcpda\/teses-doutorado-2011\/\" \/>\n<meta property=\"og:site_name\" content=\"CPDA\" \/>\n<meta property=\"article:modified_time\" content=\"2024-09-17T16:18:27+00:00\" \/>\n<meta name=\"twitter:card\" content=\"summary_large_image\" \/>\n<meta name=\"twitter:label1\" content=\"Est. tempo de leitura\" \/>\n\t<meta name=\"twitter:data1\" content=\"2 minutos\" \/>\n<script type=\"application\/ld+json\" class=\"yoast-schema-graph\">{\"@context\":\"https:\/\/schema.org\",\"@graph\":[{\"@type\":\"WebPage\",\"@id\":\"https:\/\/institucional.ufrrj.br\/portalcpda\/teses-doutorado-2011\/\",\"url\":\"https:\/\/institucional.ufrrj.br\/portalcpda\/teses-doutorado-2011\/\",\"name\":\"Teses Doutorado 2011 - CPDA\",\"isPartOf\":{\"@id\":\"https:\/\/institucional.ufrrj.br\/portalcpda\/#website\"},\"datePublished\":\"2012-07-11T18:27:46+00:00\",\"dateModified\":\"2024-09-17T16:18:27+00:00\",\"breadcrumb\":{\"@id\":\"https:\/\/institucional.ufrrj.br\/portalcpda\/teses-doutorado-2011\/#breadcrumb\"},\"inLanguage\":\"pt-BR\",\"potentialAction\":[{\"@type\":\"ReadAction\",\"target\":[\"https:\/\/institucional.ufrrj.br\/portalcpda\/teses-doutorado-2011\/\"]}]},{\"@type\":\"BreadcrumbList\",\"@id\":\"https:\/\/institucional.ufrrj.br\/portalcpda\/teses-doutorado-2011\/#breadcrumb\",\"itemListElement\":[{\"@type\":\"ListItem\",\"position\":1,\"name\":\"In\u00edcio\",\"item\":\"https:\/\/institucional.ufrrj.br\/portalcpda\/\"},{\"@type\":\"ListItem\",\"position\":2,\"name\":\"Teses Doutorado 2011\"}]},{\"@type\":\"WebSite\",\"@id\":\"https:\/\/institucional.ufrrj.br\/portalcpda\/#website\",\"url\":\"https:\/\/institucional.ufrrj.br\/portalcpda\/\",\"name\":\"CPDA\",\"description\":\"institucional.ufrrj.br\",\"potentialAction\":[{\"@type\":\"SearchAction\",\"target\":{\"@type\":\"EntryPoint\",\"urlTemplate\":\"https:\/\/institucional.ufrrj.br\/portalcpda\/?s={search_term_string}\"},\"query-input\":{\"@type\":\"PropertyValueSpecification\",\"valueRequired\":true,\"valueName\":\"search_term_string\"}}],\"inLanguage\":\"pt-BR\"}]}<\/script>\n<!-- \/ Yoast SEO plugin. -->","yoast_head_json":{"title":"Teses Doutorado 2011 - CPDA","robots":{"index":"index","follow":"follow","max-snippet":"max-snippet:-1","max-image-preview":"max-image-preview:large","max-video-preview":"max-video-preview:-1"},"canonical":"https:\/\/institucional.ufrrj.br\/portalcpda\/teses-doutorado-2011\/","og_locale":"pt_BR","og_type":"article","og_title":"Teses Doutorado 2011 - CPDA","og_description":"&nbsp; PAULO ANDR\u00c9 NIEDERLE Compromissos para\u00a0 a qualidade: Projetos de indica\u00e7\u00e3o geogr\u00e1fica para vinhos no Brasil e na Fran\u00e7a Defesa: ... leia mais","og_url":"https:\/\/institucional.ufrrj.br\/portalcpda\/teses-doutorado-2011\/","og_site_name":"CPDA","article_modified_time":"2024-09-17T16:18:27+00:00","twitter_card":"summary_large_image","twitter_misc":{"Est. tempo de leitura":"2 minutos"},"schema":{"@context":"https:\/\/schema.org","@graph":[{"@type":"WebPage","@id":"https:\/\/institucional.ufrrj.br\/portalcpda\/teses-doutorado-2011\/","url":"https:\/\/institucional.ufrrj.br\/portalcpda\/teses-doutorado-2011\/","name":"Teses Doutorado 2011 - CPDA","isPartOf":{"@id":"https:\/\/institucional.ufrrj.br\/portalcpda\/#website"},"datePublished":"2012-07-11T18:27:46+00:00","dateModified":"2024-09-17T16:18:27+00:00","breadcrumb":{"@id":"https:\/\/institucional.ufrrj.br\/portalcpda\/teses-doutorado-2011\/#breadcrumb"},"inLanguage":"pt-BR","potentialAction":[{"@type":"ReadAction","target":["https:\/\/institucional.ufrrj.br\/portalcpda\/teses-doutorado-2011\/"]}]},{"@type":"BreadcrumbList","@id":"https:\/\/institucional.ufrrj.br\/portalcpda\/teses-doutorado-2011\/#breadcrumb","itemListElement":[{"@type":"ListItem","position":1,"name":"In\u00edcio","item":"https:\/\/institucional.ufrrj.br\/portalcpda\/"},{"@type":"ListItem","position":2,"name":"Teses Doutorado 2011"}]},{"@type":"WebSite","@id":"https:\/\/institucional.ufrrj.br\/portalcpda\/#website","url":"https:\/\/institucional.ufrrj.br\/portalcpda\/","name":"CPDA","description":"institucional.ufrrj.br","potentialAction":[{"@type":"SearchAction","target":{"@type":"EntryPoint","urlTemplate":"https:\/\/institucional.ufrrj.br\/portalcpda\/?s={search_term_string}"},"query-input":{"@type":"PropertyValueSpecification","valueRequired":true,"valueName":"search_term_string"}}],"inLanguage":"pt-BR"}]}},"acf":[],"_links":{"self":[{"href":"https:\/\/institucional.ufrrj.br\/portalcpda\/wp-json\/wp\/v2\/pages\/1232","targetHints":{"allow":["GET"]}}],"collection":[{"href":"https:\/\/institucional.ufrrj.br\/portalcpda\/wp-json\/wp\/v2\/pages"}],"about":[{"href":"https:\/\/institucional.ufrrj.br\/portalcpda\/wp-json\/wp\/v2\/types\/page"}],"author":[{"embeddable":true,"href":"https:\/\/institucional.ufrrj.br\/portalcpda\/wp-json\/wp\/v2\/users\/634"}],"replies":[{"embeddable":true,"href":"https:\/\/institucional.ufrrj.br\/portalcpda\/wp-json\/wp\/v2\/comments?post=1232"}],"version-history":[{"count":22,"href":"https:\/\/institucional.ufrrj.br\/portalcpda\/wp-json\/wp\/v2\/pages\/1232\/revisions"}],"predecessor-version":[{"id":26074,"href":"https:\/\/institucional.ufrrj.br\/portalcpda\/wp-json\/wp\/v2\/pages\/1232\/revisions\/26074"}],"wp:attachment":[{"href":"https:\/\/institucional.ufrrj.br\/portalcpda\/wp-json\/wp\/v2\/media?parent=1232"}],"curies":[{"name":"wp","href":"https:\/\/api.w.org\/{rel}","templated":true}]}}