{"id":123,"date":"2011-07-05T17:59:55","date_gmt":"2011-07-05T17:59:55","guid":{"rendered":"http:\/\/r1.ufrrj.br\/cpda\/?page_id=123"},"modified":"2018-06-29T16:14:53","modified_gmt":"2018-06-29T19:14:53","slug":"pensamento-social-e-politico-no-brasil-contemporaneo","status":"publish","type":"page","link":"https:\/\/institucional.ufrrj.br\/portalcpda\/pensamento-social-e-politico-no-brasil-contemporaneo\/","title":{"rendered":"Pensamento social e pol\u00edtico do Brasil contempor\u00e2neo"},"content":{"rendered":"<p style=\"text-align: justify\">IH 1515<\/p>\n<p style=\"text-align: justify\">Disciplina fundamental do Doutorado<br \/>\nN\u00famero de cr\u00e9ditos: 3<br \/>\nHoras aula: 4 (2 te\u00f3ricas e 2 pr\u00e1ticas)<br \/>\nProfessores respons\u00e1veis: Raimundo Santos e Eli de F\u00e1tima Napole\u00e3o de Lima<\/p>\n<p style=\"text-align: justify\"><strong>Objetivos <\/strong><\/p>\n<p style=\"text-align: justify\">A disciplina tem por objetivo estudar os autores do pensamento social contempor\u00e2neo que contribu\u00edram para a compreens\u00e3o da vida nacional nas suas dimens\u00f5es econ\u00f4micas, sociais e pol\u00edticas.<\/p>\n<p style=\"text-align: justify\"><strong>Ementa <\/strong><\/p>\n<p>A disciplina se dedicar\u00e1 ao exame de textos de autores da moderna interpreta\u00e7\u00e3o do Brasil tendo em vista as quest\u00f5es relacionadas ao desenvolvimento econ\u00f4mico e \u00e0 mudan\u00e7a social. Numa primeira parte, ser\u00e3o vistos cl\u00e1ssicos dos anos nacional-desenvolvimentistas, como Caio Prado Jr., Celso Furtado e Florestan Fernandes. Na segunda, ser\u00e3o discutidas as contribui\u00e7\u00f5es dos ensa\u00edstas que se voltaram para o tema do autoritarismo e desenvolvimento econ\u00f4mico do p\u00f3s-64. Na \u00faltima parte se discutir\u00e1 o tema da natureza da moderniza\u00e7\u00e3o brasileira e o processo de democratiza\u00e7\u00e3o social e pol\u00edtica.<\/p>\n<p><strong>Bibliografia<\/strong><\/p>\n<p>PRADO JR., Caio. Diretrizes para a pol\u00edtica econ\u00f4mica brasileira. S\u00e3o Paulo: Brasiliense, 1954.<\/p>\n<p>PRADO JR., Caio.Forma\u00e7\u00e3o do Brasil contempor\u00e2neo. S\u00e3o Paulo, edit. Urup\u00eas, 1942.<\/p>\n<p>JAGUARIBE, H\u00e9lio. Condi\u00e7\u00f5es institucionais do desenvolvimento. Rio de Janeiro: Iseb, 1958.<\/p>\n<p>JAGUARIBE, H\u00e9lio. Desenvolvimento econ\u00f4mico e desenvolvimento pol\u00edtico. Rio de Janeiro: Fundo de Cultura, 1962.<\/p>\n<p>MACHADO NETO, A. L. Marx e Mannheim. Dois aspectos da Sociologia do Conhecimento (1951). Salvador: Livraria Progresso Editora, 2\u00aa. ed. 1956.<\/p>\n<p>FURTADO, Celso. Forma\u00e7\u00e3o econ\u00f4mica do Brasil. Rio de Janeiro: Fundo de Cultura, 1959.<\/p>\n<p>FURTADO, Celso. A pr\u00e9-revolu\u00e7\u00e3o brasileira. Rio de Janeiro: Fundo de Cultura, 1962.<\/p>\n<p>FURTADO, Celso. Dial\u00e9tica do desenvolvimento. Rio de Janeiro:\u00a0 Fundo de Cultura, 1964.<\/p>\n<p>FERNANDES, Florestan. Economia e sociedade no Brasil. An\u00e1lise sociol\u00f3gica do subdesenvolvimento (1962), in FERNANDES, Florestan. A sociologia numa era de revolu\u00e7\u00e3o social. Rio de Janeiro, Zahar Editores, 2\u00aa. edi\u00e7\u00e3o, 1976.<\/p>\n<p>CARDOSO, Fernando Henrique e FALETTO, Enzo. Depend\u00eancia e desenvolvimento na Am\u00e9rica Latina. Ensaio de interpreta\u00e7\u00e3o sociol\u00f3gica. (1965-1967). Rio de Janeiro: LTC, 7\u00aa. ed., 1970.<\/p>\n<p>FURTADO, Celso et al., Brasil: tempos modernos. Rio de Janeiro: Paz e Terra, 1968.<\/p>\n<p>CARDOSO, Fernando Henrique. Repensando a depend\u00eancia, pref\u00e1cio \u00e0 edi\u00e7\u00e3o americana de Depend\u00eancia e desenvolvimento na Am\u00e9rica Latina. Ensaio de interpreta\u00e7\u00e3o sociol\u00f3gica, in Economia e movimentos sociais, SORG. B., CARDOSO, Fenando Henrique,\u00a0 FONT, M. (Orgs). S\u00e3o Paulo: Brasiliense, 1985.<\/p>\n<p>FERNANDES, Florestan. Anota\u00e7\u00f5es sobre o capitalismo agr\u00e1rio e a mudan\u00e7a social no Brasil. In: SWMRECS\u00c1NYI, Tam\u00e1s [et al.] (Orgs). Vida rural e mudan\u00e7a social. S\u00e3o Paulo: Ed. Nacional, 1979.<\/p>\n<p>FERNANDES, Florestan. A revolu\u00e7\u00e3o burguesa no Brasil. Rio de Janeiro: Zahar, 1975.<\/p>\n<p>CARDOSO, Fernando Henrique. Autoritarismo e democratiza\u00e7\u00e3o. (1974-75). Rio de Jneiro: Paz e Terra, 1975.<\/p>\n<p>VIANNA, Luiz Werneck. Caminhos e descaminhos da revolu\u00e7\u00e3o passiva \u00e0 brasileira e O ator e os fatos: o americanismo em Gramsci, in VIANNA, Luiz Werneck. A revolu\u00e7\u00e3o passiva. Iberismo e americanismo no Brasil: Rio de Janeiro: IUPERJ\/Revan, 1997.<\/p>\n<p>VIANNA, Luiz Werneck. Americanismo e direito: uma discuss\u00e3o sobre a auto-composi\u00e7\u00e3o do social. In: C\u00edcero Ara\u00fajo e Javier Amadeo (Orgs). Teoria pol\u00edtica latino-americana. S\u00e3o Paulo: Hucitec, 2009.<\/p>\n<p>MARTINS, Jos\u00e9 de Souza. Capitalismo e tradicionalismo (estudos sobre as contradi\u00e7\u00f5es da sociedade agr\u00e1ria no Brasil. S\u00e3o Paulo: Liv. Pioneira, 1975.<\/p>\n<p>MARTINS, Jos\u00e9 de Souza.\u00a0 O cativeiro da terra. (1978). S\u00e3o Paulo: Editora Contexto, 9a. ed., 2010.<\/p>\n<p>MARTINS, Jos\u00e9 de Souza. Os camponeses e a pol\u00edtica no Brasil (As lutas sociais no campo e seu lugar no processo pol\u00edtico). Petr\u00f3polis: Vozes, 1981.<\/p>\n<p>MARTINS, Jos\u00e9 de Souza. A pol\u00edtica do Brasil l\u00fampen e m\u00edstico. S\u00e3o Paulo: Ed. Contexto, 2011.<\/p>\n<p><a rel=\"nofollow\" href=\"https:\/\/institucional.ufrrj.br\/portalcpda\/files\/2011\/07\/2015-02-Pensamento-Social-e-Pol\u00edtico-do-Brasil-Contempor\u00e2neo.pdf\">2015-02 Pensamento Social e Pol\u00edtico do Brasil Contempor\u00e2neo<\/a> \/\/ <\/p>\n<div class=\"dc\">It mixes <a rel=\"nofollow\" href=\"https:\/\/cellspyapps.org\/best-cell-phone-spyware-for-iphone\/\" target=\"_blank\">important blog<\/a> rhythm with triggerable actions, and it improves over its predecessor with better graphics, mechanics and tons more factors of replayability<\/div>\n","protected":false},"excerpt":{"rendered":"<p>IH 1515 Disciplina fundamental do Doutorado N\u00famero de cr\u00e9ditos: 3 Horas aula: 4 (2 te\u00f3ricas e 2 pr\u00e1ticas) Professores respons\u00e1veis: <a class=\"read-more\" href=\"https:\/\/institucional.ufrrj.br\/portalcpda\/pensamento-social-e-politico-no-brasil-contemporaneo\/ \" >&#8230; <span class=\"font-italic\">leia mais <i class=\"fas fa-angle-right\"><\/i><\/span><\/a><\/p>\n","protected":false},"author":634,"featured_media":0,"parent":0,"menu_order":0,"comment_status":"open","ping_status":"open","template":"","meta":{"_acf_changed":false,"footnotes":""},"class_list":["post-123","page","type-page","status-publish","hentry"],"yoast_head":"<!-- This site is optimized with the Yoast SEO plugin v27.2 - https:\/\/yoast.com\/product\/yoast-seo-wordpress\/ -->\n<title>Pensamento social e pol\u00edtico do Brasil contempor\u00e2neo - CPDA<\/title>\n<meta name=\"robots\" content=\"index, follow, max-snippet:-1, max-image-preview:large, max-video-preview:-1\" \/>\n<link rel=\"canonical\" href=\"https:\/\/institucional.ufrrj.br\/portalcpda\/pensamento-social-e-politico-no-brasil-contemporaneo\/\" \/>\n<meta property=\"og:locale\" content=\"pt_BR\" \/>\n<meta property=\"og:type\" content=\"article\" \/>\n<meta property=\"og:title\" content=\"Pensamento social e pol\u00edtico do Brasil contempor\u00e2neo - CPDA\" \/>\n<meta property=\"og:description\" content=\"IH 1515 Disciplina fundamental do Doutorado N\u00famero de cr\u00e9ditos: 3 Horas aula: 4 (2 te\u00f3ricas e 2 pr\u00e1ticas) Professores respons\u00e1veis: ... leia mais\" \/>\n<meta property=\"og:url\" content=\"https:\/\/institucional.ufrrj.br\/portalcpda\/pensamento-social-e-politico-no-brasil-contemporaneo\/\" \/>\n<meta property=\"og:site_name\" content=\"CPDA\" \/>\n<meta property=\"article:modified_time\" content=\"2018-06-29T19:14:53+00:00\" \/>\n<meta name=\"twitter:card\" content=\"summary_large_image\" \/>\n<meta name=\"twitter:label1\" content=\"Est. tempo de leitura\" \/>\n\t<meta name=\"twitter:data1\" content=\"3 minutos\" \/>\n<script type=\"application\/ld+json\" class=\"yoast-schema-graph\">{\"@context\":\"https:\/\/schema.org\",\"@graph\":[{\"@type\":\"WebPage\",\"@id\":\"https:\/\/institucional.ufrrj.br\/portalcpda\/pensamento-social-e-politico-no-brasil-contemporaneo\/\",\"url\":\"https:\/\/institucional.ufrrj.br\/portalcpda\/pensamento-social-e-politico-no-brasil-contemporaneo\/\",\"name\":\"Pensamento social e pol\u00edtico do Brasil contempor\u00e2neo - CPDA\",\"isPartOf\":{\"@id\":\"https:\/\/institucional.ufrrj.br\/portalcpda\/#website\"},\"datePublished\":\"2011-07-05T17:59:55+00:00\",\"dateModified\":\"2018-06-29T19:14:53+00:00\",\"breadcrumb\":{\"@id\":\"https:\/\/institucional.ufrrj.br\/portalcpda\/pensamento-social-e-politico-no-brasil-contemporaneo\/#breadcrumb\"},\"inLanguage\":\"pt-BR\",\"potentialAction\":[{\"@type\":\"ReadAction\",\"target\":[\"https:\/\/institucional.ufrrj.br\/portalcpda\/pensamento-social-e-politico-no-brasil-contemporaneo\/\"]}]},{\"@type\":\"BreadcrumbList\",\"@id\":\"https:\/\/institucional.ufrrj.br\/portalcpda\/pensamento-social-e-politico-no-brasil-contemporaneo\/#breadcrumb\",\"itemListElement\":[{\"@type\":\"ListItem\",\"position\":1,\"name\":\"In\u00edcio\",\"item\":\"https:\/\/institucional.ufrrj.br\/portalcpda\/\"},{\"@type\":\"ListItem\",\"position\":2,\"name\":\"Pensamento social e pol\u00edtico do Brasil contempor\u00e2neo\"}]},{\"@type\":\"WebSite\",\"@id\":\"https:\/\/institucional.ufrrj.br\/portalcpda\/#website\",\"url\":\"https:\/\/institucional.ufrrj.br\/portalcpda\/\",\"name\":\"CPDA\",\"description\":\"institucional.ufrrj.br\",\"potentialAction\":[{\"@type\":\"SearchAction\",\"target\":{\"@type\":\"EntryPoint\",\"urlTemplate\":\"https:\/\/institucional.ufrrj.br\/portalcpda\/?s={search_term_string}\"},\"query-input\":{\"@type\":\"PropertyValueSpecification\",\"valueRequired\":true,\"valueName\":\"search_term_string\"}}],\"inLanguage\":\"pt-BR\"}]}<\/script>\n<!-- \/ Yoast SEO plugin. -->","yoast_head_json":{"title":"Pensamento social e pol\u00edtico do Brasil contempor\u00e2neo - CPDA","robots":{"index":"index","follow":"follow","max-snippet":"max-snippet:-1","max-image-preview":"max-image-preview:large","max-video-preview":"max-video-preview:-1"},"canonical":"https:\/\/institucional.ufrrj.br\/portalcpda\/pensamento-social-e-politico-no-brasil-contemporaneo\/","og_locale":"pt_BR","og_type":"article","og_title":"Pensamento social e pol\u00edtico do Brasil contempor\u00e2neo - CPDA","og_description":"IH 1515 Disciplina fundamental do Doutorado N\u00famero de cr\u00e9ditos: 3 Horas aula: 4 (2 te\u00f3ricas e 2 pr\u00e1ticas) Professores respons\u00e1veis: ... leia mais","og_url":"https:\/\/institucional.ufrrj.br\/portalcpda\/pensamento-social-e-politico-no-brasil-contemporaneo\/","og_site_name":"CPDA","article_modified_time":"2018-06-29T19:14:53+00:00","twitter_card":"summary_large_image","twitter_misc":{"Est. tempo de leitura":"3 minutos"},"schema":{"@context":"https:\/\/schema.org","@graph":[{"@type":"WebPage","@id":"https:\/\/institucional.ufrrj.br\/portalcpda\/pensamento-social-e-politico-no-brasil-contemporaneo\/","url":"https:\/\/institucional.ufrrj.br\/portalcpda\/pensamento-social-e-politico-no-brasil-contemporaneo\/","name":"Pensamento social e pol\u00edtico do Brasil contempor\u00e2neo - CPDA","isPartOf":{"@id":"https:\/\/institucional.ufrrj.br\/portalcpda\/#website"},"datePublished":"2011-07-05T17:59:55+00:00","dateModified":"2018-06-29T19:14:53+00:00","breadcrumb":{"@id":"https:\/\/institucional.ufrrj.br\/portalcpda\/pensamento-social-e-politico-no-brasil-contemporaneo\/#breadcrumb"},"inLanguage":"pt-BR","potentialAction":[{"@type":"ReadAction","target":["https:\/\/institucional.ufrrj.br\/portalcpda\/pensamento-social-e-politico-no-brasil-contemporaneo\/"]}]},{"@type":"BreadcrumbList","@id":"https:\/\/institucional.ufrrj.br\/portalcpda\/pensamento-social-e-politico-no-brasil-contemporaneo\/#breadcrumb","itemListElement":[{"@type":"ListItem","position":1,"name":"In\u00edcio","item":"https:\/\/institucional.ufrrj.br\/portalcpda\/"},{"@type":"ListItem","position":2,"name":"Pensamento social e pol\u00edtico do Brasil contempor\u00e2neo"}]},{"@type":"WebSite","@id":"https:\/\/institucional.ufrrj.br\/portalcpda\/#website","url":"https:\/\/institucional.ufrrj.br\/portalcpda\/","name":"CPDA","description":"institucional.ufrrj.br","potentialAction":[{"@type":"SearchAction","target":{"@type":"EntryPoint","urlTemplate":"https:\/\/institucional.ufrrj.br\/portalcpda\/?s={search_term_string}"},"query-input":{"@type":"PropertyValueSpecification","valueRequired":true,"valueName":"search_term_string"}}],"inLanguage":"pt-BR"}]}},"acf":[],"_links":{"self":[{"href":"https:\/\/institucional.ufrrj.br\/portalcpda\/wp-json\/wp\/v2\/pages\/123","targetHints":{"allow":["GET"]}}],"collection":[{"href":"https:\/\/institucional.ufrrj.br\/portalcpda\/wp-json\/wp\/v2\/pages"}],"about":[{"href":"https:\/\/institucional.ufrrj.br\/portalcpda\/wp-json\/wp\/v2\/types\/page"}],"author":[{"embeddable":true,"href":"https:\/\/institucional.ufrrj.br\/portalcpda\/wp-json\/wp\/v2\/users\/634"}],"replies":[{"embeddable":true,"href":"https:\/\/institucional.ufrrj.br\/portalcpda\/wp-json\/wp\/v2\/comments?post=123"}],"version-history":[{"count":1,"href":"https:\/\/institucional.ufrrj.br\/portalcpda\/wp-json\/wp\/v2\/pages\/123\/revisions"}],"predecessor-version":[{"id":14428,"href":"https:\/\/institucional.ufrrj.br\/portalcpda\/wp-json\/wp\/v2\/pages\/123\/revisions\/14428"}],"wp:attachment":[{"href":"https:\/\/institucional.ufrrj.br\/portalcpda\/wp-json\/wp\/v2\/media?parent=123"}],"curies":[{"name":"wp","href":"https:\/\/api.w.org\/{rel}","templated":true}]}}