{"id":1229,"date":"2011-11-03T14:48:48","date_gmt":"2011-11-03T17:48:48","guid":{"rendered":"http:\/\/r1.ufrrj.br\/cpda\/?page_id=1229"},"modified":"2018-08-22T17:25:58","modified_gmt":"2018-08-22T20:25:58","slug":"dissertacoes-mestrado-2011","status":"publish","type":"page","link":"https:\/\/institucional.ufrrj.br\/portalcpda\/dissertacoes-mestrado-2011\/","title":{"rendered":"Disserta\u00e7\u00f5es Mestrado 2011"},"content":{"rendered":"<p>&nbsp;<\/p>\n<p><strong>JAQUELINE DA LUZ FERREIRA<\/strong><br \/>\n<a href=\"https:\/\/institucional.ufrrj.br\/portalcpda\/files\/2018\/08\/2011.dissertacao.Jaqueline_Luz_Ferreira.pdf\" target=\"_blank\" rel=\"noopener\"><strong>O Programa de Assessoria T\u00e9cnica Social e Ambiental \u00e0 Reforma Agr\u00e1ria (Ates) no Esp\u00edrito Santo e a cooperativa do MST<\/strong><\/a><\/p>\n<p>Defesa: 25\/03\/2011<br \/>\nOrientadora: Regina Bruno (UFRRJ\/CPDA)<\/p>\n<p>&nbsp;<\/p>\n<hr \/>\n<p><strong>ALEX ALEXANDRE MENGEL<\/strong><br \/>\n<strong><a href=\"https:\/\/institucional.ufrrj.br\/portalcpda\/files\/2018\/08\/2011.dissertac\u00e3o.Alex_Alexandre_Mengel.pdf\" target=\"_blank\" rel=\"noopener\">Tratados Internacionais e Disputas\u00a0Locais: A Conven\u00e7\u00e3o-Quadro para o Controle do Tabaco e as Disputas entre os Atores de Cadeia Produtiva no Brasil<\/a><\/strong><\/p>\n<p>Defesa: 25\/03\/2011<br \/>\nOrientador: Nelson Giordano Delgado (UFRRJ\/CPDA)<\/p>\n<p>&nbsp;<\/p>\n<hr \/>\n<p><strong>THIAGO LUCAS ALVES DA SILVA<\/strong><br \/>\n<a href=\"https:\/\/institucional.ufrrj.br\/portalcpda\/files\/2018\/08\/2011.disserta\u00e7\u00e3o.Thiago_Lucas_Alves_Silva.pdf\" target=\"_blank\" rel=\"noopener\"><strong>Agroneg\u00f3cio e redes territoriais urbano-rurais: Plantio comercial de eucalipto por produtores neo-rurais em Valen\u00e7a-RJ<\/strong><\/a><\/p>\n<p>Defesa: 06\/05\/2011<br \/>\nOrientador: Canrobert Costa Neto (UFRRJ\/CPDA)<\/p>\n<p>&nbsp;<\/p>\n<hr \/>\n<p><strong>WAGNER MIQU\u00c9IAS F\u00c9LIX DAMASCENO<\/strong><br \/>\n<a href=\"https:\/\/institucional.ufrrj.br\/portalcpda\/files\/2018\/08\/2011.disserta\u00e7\u00e3o.Wagner_Miqu\u00e9ias_F\u00e9lix_Damasceno.pdf\" target=\"_blank\" rel=\"noopener\"><strong>A quest\u00e3o ambiental no filme <em>Uma verdade inconveniente: um alerta global <\/em>(<em>An inconvenient truth: a global warning<\/em>)<\/strong><\/a><\/p>\n<p>Defesa: 01\/06\/2011<br \/>\nOrientador: Roberto Jos\u00e9 Moreira (UFRRJ\/CPDA)<\/p>\n<p>&nbsp;<\/p>\n<hr \/>\n<p><strong>LUCIANO LEAL ALMEIDA<\/strong><br \/>\n<a href=\"https:\/\/institucional.ufrrj.br\/portalcpda\/files\/2018\/08\/2011.disserta\u00e7\u00e3o.Luciano-Leal-Almeida.pdf\" target=\"_blank\" rel=\"noopener\"><strong>Sindicalistas e Pesquisadores na Regi\u00e3o de Marab\u00e1: uma An\u00e1lise do Centro Agroambiental do Tocantins (CAT)<\/strong><\/a><\/p>\n<p>Defesa: 02\/09\/2011<br \/>\nOrientadora: Leonilde Servolo de Medeiros (CPDA\/UFRRJ)<\/p>\n<p>&nbsp;<\/p>\n<hr \/>\n<p><strong>MARCO ANTONIO DOS SANTOS TEIXEIRA<\/strong><br \/>\n<a href=\"https:\/\/institucional.ufrrj.br\/portalcpda\/files\/2018\/08\/2011.Disserta\u00e7\u00e3o.Marco-Antonio-Teixeira.pdf\" target=\"_blank\" rel=\"noopener\"><strong>Conflitos por terra em diferentes configura\u00e7\u00f5es: um estudo de caso em Mag\u00e9\/RJ<\/strong><\/a><\/p>\n<p>Defesa: 05\/10\/2011<br \/>\nOrientadora: Leonilde Servolo de Medeiros (CPDA\/UFRRJ)<\/p>\n<p>&nbsp;<\/p>\n<hr \/>\n<p><strong>PAULO AUGUSTO ANDR\u00c9 BALTHAZAR<\/strong><br \/>\n<a href=\"https:\/\/institucional.ufrrj.br\/portalcpda\/files\/2018\/08\/2011.disserta\u00e7\u00e3o.Paulo_Augusto_Andr\u00e9_Balthazar.pdf\" target=\"_blank\" rel=\"noopener\"><strong>Risco e controle do territ\u00f3rio dos dutos: a Petrobras, os mediadores e\u00a0a horticultura familiar<\/strong><\/a><\/p>\n<p>Defesa: 10\/10\/2011<br \/>\nOrientador: Roberto Jos\u00e9 Moreira (UFRRJ\/CPDA)<\/p>\n<p>&nbsp;<\/p>\n<hr \/>\n<p><strong>AMAURY DE BARROS FREITAS<\/strong><br \/>\n<a href=\"https:\/\/institucional.ufrrj.br\/portalcpda\/files\/2018\/08\/2011.dissertacao.Amaury_Barros_Freitas.pdf\" target=\"_blank\" rel=\"noopener\"><strong>Alian\u00e7a entre Movimentos Ambientalistas e de Consumidores: o caso da \u201cCampanha por um Brasil Livre de Transg\u00eanicos&#8221;<\/strong><\/a><\/p>\n<p>Defesa: 14\/10\/2011<br \/>\nOrientadora: F\u00e1tima Portilho (CPDA\/UFRRJ)<\/p>\n<p>&nbsp;<\/p>\n<hr \/>\n<p><strong>CAROLINE ARA\u00daJO BORDALO<\/strong><br \/>\n<a href=\"https:\/\/institucional.ufrrj.br\/portalcpda\/files\/2018\/08\/2011.disserta\u00e7\u00e3o.Caroline_Ara\u00fajo_Bordalo.pdf\" target=\"_blank\" rel=\"noopener\"><strong>Os caminhos da pol\u00edtica: o sindicalismo rural e os movimentos de mulheres trabalhadoras rurais de Pernambuco<\/strong><\/a><\/p>\n<p>Defesa: 20\/10\/2011<br \/>\nOrientadora: Leonilde Servolo de Medeiros (CPDA\/UFRRJ)<\/p>\n<p>&nbsp;<\/p>\n<hr \/>\n<p><strong>D\u00c9BORA SILVA DE AZEVEDO<\/strong><br \/>\n<a href=\"https:\/\/institucional.ufrrj.br\/portalcpda\/files\/2018\/08\/2011.disserta\u00e7\u00e3o.D\u00e9bora_Silva_Azevedo.pdf\" target=\"_blank\" rel=\"noopener\"><strong>Nas redes dos donos da brincadeira: um estudo do mamulengo da zona da mata pernambucana<\/strong><\/a><\/p>\n<p>Defesa: 04\/11\/2011<br \/>\nOrientadora: Claudia Job Schmitt (CPDA\/UFRRJ)<\/p>\n<p>&nbsp;<\/p>\n<p>&nbsp;<\/p>\n","protected":false},"excerpt":{"rendered":"<p>&nbsp; JAQUELINE DA LUZ FERREIRA O Programa de Assessoria T\u00e9cnica Social e Ambiental \u00e0 Reforma Agr\u00e1ria (Ates) no Esp\u00edrito Santo <a class=\"read-more\" href=\"https:\/\/institucional.ufrrj.br\/portalcpda\/dissertacoes-mestrado-2011\/ \" >&#8230; <span class=\"font-italic\">leia mais <i class=\"fas fa-angle-right\"><\/i><\/span><\/a><\/p>\n","protected":false},"author":634,"featured_media":0,"parent":0,"menu_order":0,"comment_status":"open","ping_status":"open","template":"","meta":{"_acf_changed":false,"footnotes":""},"class_list":["post-1229","page","type-page","status-publish","hentry"],"yoast_head":"<!-- This site is optimized with the Yoast SEO plugin v27.2 - https:\/\/yoast.com\/product\/yoast-seo-wordpress\/ -->\n<title>Disserta\u00e7\u00f5es Mestrado 2011 - CPDA<\/title>\n<meta name=\"robots\" content=\"index, follow, max-snippet:-1, max-image-preview:large, max-video-preview:-1\" \/>\n<link rel=\"canonical\" href=\"https:\/\/institucional.ufrrj.br\/portalcpda\/dissertacoes-mestrado-2011\/\" \/>\n<meta property=\"og:locale\" content=\"pt_BR\" \/>\n<meta property=\"og:type\" content=\"article\" \/>\n<meta property=\"og:title\" content=\"Disserta\u00e7\u00f5es Mestrado 2011 - CPDA\" \/>\n<meta property=\"og:description\" content=\"&nbsp; JAQUELINE DA LUZ FERREIRA O Programa de Assessoria T\u00e9cnica Social e Ambiental \u00e0 Reforma Agr\u00e1ria (Ates) no Esp\u00edrito Santo ... leia mais\" \/>\n<meta property=\"og:url\" content=\"https:\/\/institucional.ufrrj.br\/portalcpda\/dissertacoes-mestrado-2011\/\" \/>\n<meta property=\"og:site_name\" content=\"CPDA\" \/>\n<meta property=\"article:modified_time\" content=\"2018-08-22T20:25:58+00:00\" \/>\n<meta name=\"twitter:card\" content=\"summary_large_image\" \/>\n<meta name=\"twitter:label1\" content=\"Est. tempo de leitura\" \/>\n\t<meta name=\"twitter:data1\" content=\"2 minutos\" \/>\n<script type=\"application\/ld+json\" class=\"yoast-schema-graph\">{\"@context\":\"https:\/\/schema.org\",\"@graph\":[{\"@type\":\"WebPage\",\"@id\":\"https:\/\/institucional.ufrrj.br\/portalcpda\/dissertacoes-mestrado-2011\/\",\"url\":\"https:\/\/institucional.ufrrj.br\/portalcpda\/dissertacoes-mestrado-2011\/\",\"name\":\"Disserta\u00e7\u00f5es Mestrado 2011 - CPDA\",\"isPartOf\":{\"@id\":\"https:\/\/institucional.ufrrj.br\/portalcpda\/#website\"},\"datePublished\":\"2011-11-03T17:48:48+00:00\",\"dateModified\":\"2018-08-22T20:25:58+00:00\",\"breadcrumb\":{\"@id\":\"https:\/\/institucional.ufrrj.br\/portalcpda\/dissertacoes-mestrado-2011\/#breadcrumb\"},\"inLanguage\":\"pt-BR\",\"potentialAction\":[{\"@type\":\"ReadAction\",\"target\":[\"https:\/\/institucional.ufrrj.br\/portalcpda\/dissertacoes-mestrado-2011\/\"]}]},{\"@type\":\"BreadcrumbList\",\"@id\":\"https:\/\/institucional.ufrrj.br\/portalcpda\/dissertacoes-mestrado-2011\/#breadcrumb\",\"itemListElement\":[{\"@type\":\"ListItem\",\"position\":1,\"name\":\"In\u00edcio\",\"item\":\"https:\/\/institucional.ufrrj.br\/portalcpda\/\"},{\"@type\":\"ListItem\",\"position\":2,\"name\":\"Disserta\u00e7\u00f5es Mestrado 2011\"}]},{\"@type\":\"WebSite\",\"@id\":\"https:\/\/institucional.ufrrj.br\/portalcpda\/#website\",\"url\":\"https:\/\/institucional.ufrrj.br\/portalcpda\/\",\"name\":\"CPDA\",\"description\":\"institucional.ufrrj.br\",\"potentialAction\":[{\"@type\":\"SearchAction\",\"target\":{\"@type\":\"EntryPoint\",\"urlTemplate\":\"https:\/\/institucional.ufrrj.br\/portalcpda\/?s={search_term_string}\"},\"query-input\":{\"@type\":\"PropertyValueSpecification\",\"valueRequired\":true,\"valueName\":\"search_term_string\"}}],\"inLanguage\":\"pt-BR\"}]}<\/script>\n<!-- \/ Yoast SEO plugin. -->","yoast_head_json":{"title":"Disserta\u00e7\u00f5es Mestrado 2011 - CPDA","robots":{"index":"index","follow":"follow","max-snippet":"max-snippet:-1","max-image-preview":"max-image-preview:large","max-video-preview":"max-video-preview:-1"},"canonical":"https:\/\/institucional.ufrrj.br\/portalcpda\/dissertacoes-mestrado-2011\/","og_locale":"pt_BR","og_type":"article","og_title":"Disserta\u00e7\u00f5es Mestrado 2011 - CPDA","og_description":"&nbsp; JAQUELINE DA LUZ FERREIRA O Programa de Assessoria T\u00e9cnica Social e Ambiental \u00e0 Reforma Agr\u00e1ria (Ates) no Esp\u00edrito Santo ... leia mais","og_url":"https:\/\/institucional.ufrrj.br\/portalcpda\/dissertacoes-mestrado-2011\/","og_site_name":"CPDA","article_modified_time":"2018-08-22T20:25:58+00:00","twitter_card":"summary_large_image","twitter_misc":{"Est. tempo de leitura":"2 minutos"},"schema":{"@context":"https:\/\/schema.org","@graph":[{"@type":"WebPage","@id":"https:\/\/institucional.ufrrj.br\/portalcpda\/dissertacoes-mestrado-2011\/","url":"https:\/\/institucional.ufrrj.br\/portalcpda\/dissertacoes-mestrado-2011\/","name":"Disserta\u00e7\u00f5es Mestrado 2011 - CPDA","isPartOf":{"@id":"https:\/\/institucional.ufrrj.br\/portalcpda\/#website"},"datePublished":"2011-11-03T17:48:48+00:00","dateModified":"2018-08-22T20:25:58+00:00","breadcrumb":{"@id":"https:\/\/institucional.ufrrj.br\/portalcpda\/dissertacoes-mestrado-2011\/#breadcrumb"},"inLanguage":"pt-BR","potentialAction":[{"@type":"ReadAction","target":["https:\/\/institucional.ufrrj.br\/portalcpda\/dissertacoes-mestrado-2011\/"]}]},{"@type":"BreadcrumbList","@id":"https:\/\/institucional.ufrrj.br\/portalcpda\/dissertacoes-mestrado-2011\/#breadcrumb","itemListElement":[{"@type":"ListItem","position":1,"name":"In\u00edcio","item":"https:\/\/institucional.ufrrj.br\/portalcpda\/"},{"@type":"ListItem","position":2,"name":"Disserta\u00e7\u00f5es Mestrado 2011"}]},{"@type":"WebSite","@id":"https:\/\/institucional.ufrrj.br\/portalcpda\/#website","url":"https:\/\/institucional.ufrrj.br\/portalcpda\/","name":"CPDA","description":"institucional.ufrrj.br","potentialAction":[{"@type":"SearchAction","target":{"@type":"EntryPoint","urlTemplate":"https:\/\/institucional.ufrrj.br\/portalcpda\/?s={search_term_string}"},"query-input":{"@type":"PropertyValueSpecification","valueRequired":true,"valueName":"search_term_string"}}],"inLanguage":"pt-BR"}]}},"acf":[],"_links":{"self":[{"href":"https:\/\/institucional.ufrrj.br\/portalcpda\/wp-json\/wp\/v2\/pages\/1229","targetHints":{"allow":["GET"]}}],"collection":[{"href":"https:\/\/institucional.ufrrj.br\/portalcpda\/wp-json\/wp\/v2\/pages"}],"about":[{"href":"https:\/\/institucional.ufrrj.br\/portalcpda\/wp-json\/wp\/v2\/types\/page"}],"author":[{"embeddable":true,"href":"https:\/\/institucional.ufrrj.br\/portalcpda\/wp-json\/wp\/v2\/users\/634"}],"replies":[{"embeddable":true,"href":"https:\/\/institucional.ufrrj.br\/portalcpda\/wp-json\/wp\/v2\/comments?post=1229"}],"version-history":[{"count":7,"href":"https:\/\/institucional.ufrrj.br\/portalcpda\/wp-json\/wp\/v2\/pages\/1229\/revisions"}],"predecessor-version":[{"id":15257,"href":"https:\/\/institucional.ufrrj.br\/portalcpda\/wp-json\/wp\/v2\/pages\/1229\/revisions\/15257"}],"wp:attachment":[{"href":"https:\/\/institucional.ufrrj.br\/portalcpda\/wp-json\/wp\/v2\/media?parent=1229"}],"curies":[{"name":"wp","href":"https:\/\/api.w.org\/{rel}","templated":true}]}}