{"id":12174,"date":"2017-09-12T16:11:59","date_gmt":"2017-09-12T19:11:59","guid":{"rendered":"http:\/\/r1.ufrrj.br\/cpda\/?page_id=12174"},"modified":"2025-04-07T12:35:25","modified_gmt":"2025-04-07T15:35:25","slug":"conflitos-movimentos-sociais-e-representacao-politica","status":"publish","type":"page","link":"https:\/\/institucional.ufrrj.br\/portalcpda\/conflitos-movimentos-sociais-e-representacao-politica\/","title":{"rendered":"Conflitos, movimentos sociais e representa\u00e7\u00e3o pol\u00edtica"},"content":{"rendered":"<p>&nbsp;<\/p>\n<div>\n<p>Esta linha de pesquisa volta-se para o estudo da diversidade de formas e significados assumidos pelos conflitos sociais e a\u00e7\u00f5es coletivas, bem como para as formas de representa\u00e7\u00e3o pol\u00edtica a eles associados, assim como a din\u00e2mica social construtora de identidades sociais e pol\u00edticas. Enfatizam-se rela\u00e7\u00f5es de poder e formas de domina\u00e7\u00e3o; produ\u00e7\u00e3o de c\u00f3digos culturais e emerg\u00eancia de novos valores; recupera\u00e7\u00e3o\/reinven\u00e7\u00e3o de tradi\u00e7\u00f5es; constitui\u00e7\u00e3o de demandas, suas formas de express\u00e3o e canais por onde fluem, quer na sua rela\u00e7\u00e3o com o Estado, quer com segmentos da sociedade civil; formas de resist\u00eancia e insurg\u00eancia de grupos subalternos.<\/p>\n<p>S\u00e3o temas de interesse dos professores envolvidos na linha: processos e formas de organiza\u00e7\u00e3o e a\u00e7\u00e3o de diferentes segmentos, como trabalhadores do campo, empresariado rural e do agroneg\u00f3cio, mulheres, jovens, idosos, consumidores e grupos \u00e9tnicos; sindicalismo e formas de organiza\u00e7\u00e3o informal de trabalhadores; rebeli\u00f5es, revolu\u00e7\u00f5es e insurg\u00eancias; formas de resist\u00eancia cotidiana e infrapol\u00edtica; valores gerados nesses processos e sua difus\u00e3o; constru\u00e7\u00e3o de identidades pol\u00edticas; constitui\u00e7\u00e3o de demandas, grupos de interesses e suas rela\u00e7\u00f5es com o processo de forma\u00e7\u00e3o e gest\u00e3o de pol\u00edticas p\u00fablicas; ativismo alimentar; articula\u00e7\u00f5es e redes de movimentos de abrang\u00eancia local, nacional e transnacional; atua\u00e7\u00e3o de media\u00e7\u00f5es em suas diferentes formas institucionais, discursivas e de cultura pol\u00edtica (Igrejas, ONGs, partidos, f\u00f3runs, redes movimentalistas etc.); ideologias de atores sociais, mediadores e de seus discursos, assim como an\u00e1lise das ideias pol\u00edticas que orientam programas e interven\u00e7\u00f5es do voluntariado e de outras organiza\u00e7\u00f5es; dimens\u00e3o expressiva dos movimentos sociais; dimens\u00f5es jur\u00eddicas das lutas sociais e usos da lei; rela\u00e7\u00f5es entre processos organizativos e constitui\u00e7\u00e3o de novos direitos; viol\u00eancia em suas diferentes formas. Com esse leque de preocupa\u00e7\u00f5es, a Linha se volta tanto para o estudo de conflitos contempor\u00e2neos como para a investiga\u00e7\u00e3o hist\u00f3rica.<\/p>\n<\/div>\n<h2>Professores<\/h2>\n<p>Andrey Cordeiro Ferreira<\/p>\n<p>D\u00e9bora Lerrer<\/p>\n<p>Elisa Guaran\u00e1 de Castro<\/p>\n<p>F\u00e1tima Portilho<\/p>\n<p>Leonilde Servolo de Medeiros<\/p>\n<p>Marcelo Carvalho Rosa<\/p>\n<p>Priscilla de Carvalho<\/p>\n<p>Regina Angela Landim Bruno<\/p>\n<p>Silvia Zimmermann<\/p>\n<h2>Disciplinas<\/h2>\n<p>IH 1514 &#8211; Organiza\u00e7\u00e3o, pol\u00edtica e poder<br \/>\nRegina Angela Landim Bruno<\/p>\n<p>IH 1521 &#8211; Intelectuais e cultura pol\u00edtica<br \/>\nRaimundo Santos<\/p>\n<p>IH 1522 &#8211; Sociologia Pol\u00edtica<br \/>\nLeonilde Servolo de Medeiros<\/p>\n<p>IH 1567 &#8211; Movimentos sociais<br \/>\nLeonilde Servolo de Medeiros<\/p>\n<p>IH 1545 &#8211; T\u00f3picos especiais em movimentos sociais<br \/>\ntodos os professores da linha<\/p>\n<p>IH 1550 &#8211; Laborat\u00f3rio tem\u00e1tico em movimentos sociais<br \/>\ntodos os professores da linha<\/p>\n","protected":false},"excerpt":{"rendered":"<p>&nbsp; Esta linha de pesquisa volta-se para o estudo da diversidade de formas e significados assumidos pelos conflitos sociais e <a class=\"read-more\" href=\"https:\/\/institucional.ufrrj.br\/portalcpda\/conflitos-movimentos-sociais-e-representacao-politica\/ \" >&#8230; <span class=\"font-italic\">leia mais <i class=\"fas fa-angle-right\"><\/i><\/span><\/a><\/p>\n","protected":false},"author":634,"featured_media":0,"parent":0,"menu_order":0,"comment_status":"open","ping_status":"open","template":"","meta":{"_acf_changed":false,"footnotes":""},"class_list":["post-12174","page","type-page","status-publish","hentry"],"yoast_head":"<!-- This site is optimized with the Yoast SEO plugin v27.2 - https:\/\/yoast.com\/product\/yoast-seo-wordpress\/ -->\n<title>Conflitos, movimentos sociais e representa\u00e7\u00e3o pol\u00edtica - CPDA<\/title>\n<meta name=\"robots\" content=\"index, follow, max-snippet:-1, max-image-preview:large, max-video-preview:-1\" \/>\n<link rel=\"canonical\" href=\"https:\/\/institucional.ufrrj.br\/portalcpda\/conflitos-movimentos-sociais-e-representacao-politica\/\" \/>\n<meta property=\"og:locale\" content=\"pt_BR\" \/>\n<meta property=\"og:type\" content=\"article\" \/>\n<meta property=\"og:title\" content=\"Conflitos, movimentos sociais e representa\u00e7\u00e3o pol\u00edtica - CPDA\" \/>\n<meta property=\"og:description\" content=\"&nbsp; Esta linha de pesquisa volta-se para o estudo da diversidade de formas e significados assumidos pelos conflitos sociais e ... leia mais\" \/>\n<meta property=\"og:url\" content=\"https:\/\/institucional.ufrrj.br\/portalcpda\/conflitos-movimentos-sociais-e-representacao-politica\/\" \/>\n<meta property=\"og:site_name\" content=\"CPDA\" \/>\n<meta property=\"article:modified_time\" content=\"2025-04-07T15:35:25+00:00\" \/>\n<meta name=\"twitter:card\" content=\"summary_large_image\" \/>\n<meta name=\"twitter:label1\" content=\"Est. tempo de leitura\" \/>\n\t<meta name=\"twitter:data1\" content=\"2 minutos\" \/>\n<script type=\"application\/ld+json\" class=\"yoast-schema-graph\">{\"@context\":\"https:\/\/schema.org\",\"@graph\":[{\"@type\":\"WebPage\",\"@id\":\"https:\/\/institucional.ufrrj.br\/portalcpda\/conflitos-movimentos-sociais-e-representacao-politica\/\",\"url\":\"https:\/\/institucional.ufrrj.br\/portalcpda\/conflitos-movimentos-sociais-e-representacao-politica\/\",\"name\":\"Conflitos, movimentos sociais e representa\u00e7\u00e3o pol\u00edtica - CPDA\",\"isPartOf\":{\"@id\":\"https:\/\/institucional.ufrrj.br\/portalcpda\/#website\"},\"datePublished\":\"2017-09-12T19:11:59+00:00\",\"dateModified\":\"2025-04-07T15:35:25+00:00\",\"breadcrumb\":{\"@id\":\"https:\/\/institucional.ufrrj.br\/portalcpda\/conflitos-movimentos-sociais-e-representacao-politica\/#breadcrumb\"},\"inLanguage\":\"pt-BR\",\"potentialAction\":[{\"@type\":\"ReadAction\",\"target\":[\"https:\/\/institucional.ufrrj.br\/portalcpda\/conflitos-movimentos-sociais-e-representacao-politica\/\"]}]},{\"@type\":\"BreadcrumbList\",\"@id\":\"https:\/\/institucional.ufrrj.br\/portalcpda\/conflitos-movimentos-sociais-e-representacao-politica\/#breadcrumb\",\"itemListElement\":[{\"@type\":\"ListItem\",\"position\":1,\"name\":\"In\u00edcio\",\"item\":\"https:\/\/institucional.ufrrj.br\/portalcpda\/\"},{\"@type\":\"ListItem\",\"position\":2,\"name\":\"Conflitos, movimentos sociais e representa\u00e7\u00e3o pol\u00edtica\"}]},{\"@type\":\"WebSite\",\"@id\":\"https:\/\/institucional.ufrrj.br\/portalcpda\/#website\",\"url\":\"https:\/\/institucional.ufrrj.br\/portalcpda\/\",\"name\":\"CPDA\",\"description\":\"institucional.ufrrj.br\",\"potentialAction\":[{\"@type\":\"SearchAction\",\"target\":{\"@type\":\"EntryPoint\",\"urlTemplate\":\"https:\/\/institucional.ufrrj.br\/portalcpda\/?s={search_term_string}\"},\"query-input\":{\"@type\":\"PropertyValueSpecification\",\"valueRequired\":true,\"valueName\":\"search_term_string\"}}],\"inLanguage\":\"pt-BR\"}]}<\/script>\n<!-- \/ Yoast SEO plugin. -->","yoast_head_json":{"title":"Conflitos, movimentos sociais e representa\u00e7\u00e3o pol\u00edtica - CPDA","robots":{"index":"index","follow":"follow","max-snippet":"max-snippet:-1","max-image-preview":"max-image-preview:large","max-video-preview":"max-video-preview:-1"},"canonical":"https:\/\/institucional.ufrrj.br\/portalcpda\/conflitos-movimentos-sociais-e-representacao-politica\/","og_locale":"pt_BR","og_type":"article","og_title":"Conflitos, movimentos sociais e representa\u00e7\u00e3o pol\u00edtica - CPDA","og_description":"&nbsp; Esta linha de pesquisa volta-se para o estudo da diversidade de formas e significados assumidos pelos conflitos sociais e ... leia mais","og_url":"https:\/\/institucional.ufrrj.br\/portalcpda\/conflitos-movimentos-sociais-e-representacao-politica\/","og_site_name":"CPDA","article_modified_time":"2025-04-07T15:35:25+00:00","twitter_card":"summary_large_image","twitter_misc":{"Est. tempo de leitura":"2 minutos"},"schema":{"@context":"https:\/\/schema.org","@graph":[{"@type":"WebPage","@id":"https:\/\/institucional.ufrrj.br\/portalcpda\/conflitos-movimentos-sociais-e-representacao-politica\/","url":"https:\/\/institucional.ufrrj.br\/portalcpda\/conflitos-movimentos-sociais-e-representacao-politica\/","name":"Conflitos, movimentos sociais e representa\u00e7\u00e3o pol\u00edtica - CPDA","isPartOf":{"@id":"https:\/\/institucional.ufrrj.br\/portalcpda\/#website"},"datePublished":"2017-09-12T19:11:59+00:00","dateModified":"2025-04-07T15:35:25+00:00","breadcrumb":{"@id":"https:\/\/institucional.ufrrj.br\/portalcpda\/conflitos-movimentos-sociais-e-representacao-politica\/#breadcrumb"},"inLanguage":"pt-BR","potentialAction":[{"@type":"ReadAction","target":["https:\/\/institucional.ufrrj.br\/portalcpda\/conflitos-movimentos-sociais-e-representacao-politica\/"]}]},{"@type":"BreadcrumbList","@id":"https:\/\/institucional.ufrrj.br\/portalcpda\/conflitos-movimentos-sociais-e-representacao-politica\/#breadcrumb","itemListElement":[{"@type":"ListItem","position":1,"name":"In\u00edcio","item":"https:\/\/institucional.ufrrj.br\/portalcpda\/"},{"@type":"ListItem","position":2,"name":"Conflitos, movimentos sociais e representa\u00e7\u00e3o pol\u00edtica"}]},{"@type":"WebSite","@id":"https:\/\/institucional.ufrrj.br\/portalcpda\/#website","url":"https:\/\/institucional.ufrrj.br\/portalcpda\/","name":"CPDA","description":"institucional.ufrrj.br","potentialAction":[{"@type":"SearchAction","target":{"@type":"EntryPoint","urlTemplate":"https:\/\/institucional.ufrrj.br\/portalcpda\/?s={search_term_string}"},"query-input":{"@type":"PropertyValueSpecification","valueRequired":true,"valueName":"search_term_string"}}],"inLanguage":"pt-BR"}]}},"acf":[],"_links":{"self":[{"href":"https:\/\/institucional.ufrrj.br\/portalcpda\/wp-json\/wp\/v2\/pages\/12174","targetHints":{"allow":["GET"]}}],"collection":[{"href":"https:\/\/institucional.ufrrj.br\/portalcpda\/wp-json\/wp\/v2\/pages"}],"about":[{"href":"https:\/\/institucional.ufrrj.br\/portalcpda\/wp-json\/wp\/v2\/types\/page"}],"author":[{"embeddable":true,"href":"https:\/\/institucional.ufrrj.br\/portalcpda\/wp-json\/wp\/v2\/users\/634"}],"replies":[{"embeddable":true,"href":"https:\/\/institucional.ufrrj.br\/portalcpda\/wp-json\/wp\/v2\/comments?post=12174"}],"version-history":[{"count":7,"href":"https:\/\/institucional.ufrrj.br\/portalcpda\/wp-json\/wp\/v2\/pages\/12174\/revisions"}],"predecessor-version":[{"id":26600,"href":"https:\/\/institucional.ufrrj.br\/portalcpda\/wp-json\/wp\/v2\/pages\/12174\/revisions\/26600"}],"wp:attachment":[{"href":"https:\/\/institucional.ufrrj.br\/portalcpda\/wp-json\/wp\/v2\/media?parent=12174"}],"curies":[{"name":"wp","href":"https:\/\/api.w.org\/{rel}","templated":true}]}}