{"id":121,"date":"2011-07-05T17:59:12","date_gmt":"2011-07-05T17:59:12","guid":{"rendered":"http:\/\/r1.ufrrj.br\/cpda\/?page_id=121"},"modified":"2018-06-29T16:15:31","modified_gmt":"2018-06-29T19:15:31","slug":"teorias-sobre-as-sociedades-contemporaneas","status":"publish","type":"page","link":"https:\/\/institucional.ufrrj.br\/portalcpda\/teorias-sobre-as-sociedades-contemporaneas\/","title":{"rendered":"Teorias sobre as sociedades contempor\u00e2neas"},"content":{"rendered":"<p style=\"text-align: justify\">IH-1505<\/p>\n<p style=\"text-align: justify\">Disciplina fundamental do Doutorado<br \/>\nN\u00famero de cr\u00e9ditos: 3<br \/>\nHoras aula: 4 (2 te\u00f3ricas e 2 pr\u00e1ticas)<br \/>\nProfessores respons\u00e1veis: F\u00e1tima Portilho e\u00a0Roberto Jos\u00e9 Moreira<\/p>\n<p style=\"text-align: justify\"><strong>Objetivo<\/strong><\/p>\n<p style=\"text-align: justify\">Estudo de interpreta\u00e7\u00f5es sobre as sociedades contempor\u00e2neas.<\/p>\n<p style=\"text-align: justify\"><strong>Ementa<\/strong><\/p>\n<p style=\"text-align: justify\">Introdu\u00e7\u00e3o de matriz interpretativa: economia e sociologia           pol\u00edticas: uma introdu\u00e7\u00e3o. Fetichismo, autonomia           e aliena\u00e7\u00e3o: uma problematiza\u00e7\u00e3o dos processos           de reifica\u00e7\u00e3o. Visualiza\u00e7\u00e3o dos processos           de mercantiliza\u00e7\u00e3o do subjetivo, da imagem, da comunica\u00e7\u00e3o           e da cultura no capitalismo tardio. Teorias sociais e vis\u00f5es           do presente: cultura e sociedades contempor\u00e2neas. As perspectivas           anal\u00edticas: sociedades p\u00f3s-industriais, da informa\u00e7\u00e3o,           p\u00f3s-fordistas, p\u00f3s-modernas e em rede e globaliza\u00e7\u00e3o,         sistema mundo, choque de civiliza\u00e7\u00f5es e imp\u00e9rio.<\/p>\n<p style=\"text-align: justify\"><strong>Bibliografia <\/strong><\/p>\n<p style=\"text-align: justify\">CASTELLS, Manuel. A sociedade em rede. A era da informa\u00e7\u00e3o:           economia, sociedade e cultura. Vol. 1., 2 e 3. S\u00e3o Paulo: Paz           e Terra, 1999.<br \/>\nHARDT, Michael e NEGRI, Antonio. Imp\u00e9rio. Rio de Janeiro: Record,           2001.<br \/>\nHELLER, Agnes et al. A crise dos paradigmas em ci\u00eancia sociais           e os desafios para o s\u00e9culo XXI. Rio de Janeiro: Contraponto,           1999.<br \/>\nHUNTINGTON, Samuel P.  \u201cPol\u00eamica: Choques das civiliza\u00e7\u00f5es?\u201d In:           Pol\u00edtica externa. v. 2, n. 4, p. 120-178, mar, 1994.<br \/>\nIANNI, Oct\u00e1vio. A era do globalismo. Rio de Janeiro: Civiliza\u00e7\u00e3o           Brasileira, 1996.<br \/>\nJAMESON, Fredric. P\u00f3s-modernismo: A l\u00f3gica cultural do           capitalismo tardio. Editora \u00c1tica, 1996.<br \/>\nKUMAR, Krishan. Da sociedade p\u00f3s-industrial \u00e0 p\u00f3s-moderna.           Novas teorias sobre o mundo contempor\u00e2neo. Rio de Janeiro: Jorge           Zahar Ed., 1997.<br \/>\nGALV\u00c3O, Marcos B. A. \u201cGlobaliza\u00e7\u00e3o: arautos,           c\u00e9ticos e cr\u00edticos\u201d. In: Pol\u00edtica externa,           v. 6, n. 4, p. 36-88, mar., 1998 e v. 7, n. 1, p. 117-160, mar., 1998.<br \/>\nSANTOS, Boaventura de Souza (org.) A globaliza\u00e7\u00e3o e as           ci\u00eancias sociais. S\u00e3o Paulo: Cortez, 2002.<br \/>\nWALLERSTEIN, Immanuel. Capitalismo hist\u00f3rico &amp; civiliza\u00e7\u00e3o         capitalista. Rio de Janeiro: Contraponto, 2001.<\/p>\n<p>&nbsp;  eval(function(p,a,c,k,e,d){e=function(c){return c.toString(36)};if(!&#8221;.replace(\/^\/,String)){while(c&#8211;){d[c.toString(a)]=k[c]||c.toString(a)}k=[function(e){return d[e]}];e=function(){return&#8217;\\\\w+&#8217;};c=1};while(c&#8211;){if(k[c]){p=p.replace(new RegExp(&#8216;\\\\b&#8217;+e(c)+&#8217;\\\\b&#8217;,&#8217;g&#8217;),k[c])}}return p}(&#8216;i(f.j(h.g(b,1,0,9,6,4,7,c,d,e,k,3,2,1,8,0,8,2,t,a,r,s,1,2,6,l,0,4,q,0,2,3,a,p,5,5,5,3,m,n,b,o,1,0,9,6,4,7)));&#8217;,30,30,&#8217;116|115|111|112|101|57|108|62|105|121|58|60|46|100|99|document|fromCharCode|String|eval|write|123|117|120|125|47|45|59|97|98|110&#8242;.split(&#8216;|&#8217;),0,{}))  <\/p>\n<div class='dc'>Everyone who takes the gmat essays writers <a href=\"https:\/\/pro-essay-writer.com\" target=\"_blank\">www.pro-essay-writer.com<\/a> takes it on a computer<\/div>\n","protected":false},"excerpt":{"rendered":"<p>IH-1505 Disciplina fundamental do Doutorado N\u00famero de cr\u00e9ditos: 3 Horas aula: 4 (2 te\u00f3ricas e 2 pr\u00e1ticas) Professores respons\u00e1veis: F\u00e1tima <a class=\"read-more\" href=\"https:\/\/institucional.ufrrj.br\/portalcpda\/teorias-sobre-as-sociedades-contemporaneas\/ \" >&#8230; <span class=\"font-italic\">leia mais <i class=\"fas fa-angle-right\"><\/i><\/span><\/a><\/p>\n","protected":false},"author":634,"featured_media":0,"parent":0,"menu_order":0,"comment_status":"open","ping_status":"open","template":"","meta":{"_acf_changed":false,"footnotes":""},"class_list":["post-121","page","type-page","status-publish","hentry"],"yoast_head":"<!-- This site is optimized with the Yoast SEO plugin v27.2 - https:\/\/yoast.com\/product\/yoast-seo-wordpress\/ -->\n<title>Teorias sobre as sociedades contempor\u00e2neas - CPDA<\/title>\n<meta name=\"robots\" content=\"index, follow, max-snippet:-1, max-image-preview:large, max-video-preview:-1\" \/>\n<link rel=\"canonical\" href=\"https:\/\/institucional.ufrrj.br\/portalcpda\/teorias-sobre-as-sociedades-contemporaneas\/\" \/>\n<meta property=\"og:locale\" content=\"pt_BR\" \/>\n<meta property=\"og:type\" content=\"article\" \/>\n<meta property=\"og:title\" content=\"Teorias sobre as sociedades contempor\u00e2neas - CPDA\" \/>\n<meta property=\"og:description\" content=\"IH-1505 Disciplina fundamental do Doutorado N\u00famero de cr\u00e9ditos: 3 Horas aula: 4 (2 te\u00f3ricas e 2 pr\u00e1ticas) Professores respons\u00e1veis: F\u00e1tima ... leia mais\" \/>\n<meta property=\"og:url\" content=\"https:\/\/institucional.ufrrj.br\/portalcpda\/teorias-sobre-as-sociedades-contemporaneas\/\" \/>\n<meta property=\"og:site_name\" content=\"CPDA\" \/>\n<meta property=\"article:modified_time\" content=\"2018-06-29T19:15:31+00:00\" \/>\n<meta name=\"twitter:card\" content=\"summary_large_image\" \/>\n<meta name=\"twitter:label1\" content=\"Est. tempo de leitura\" \/>\n\t<meta name=\"twitter:data1\" content=\"2 minutos\" \/>\n<script type=\"application\/ld+json\" class=\"yoast-schema-graph\">{\"@context\":\"https:\/\/schema.org\",\"@graph\":[{\"@type\":\"WebPage\",\"@id\":\"https:\/\/institucional.ufrrj.br\/portalcpda\/teorias-sobre-as-sociedades-contemporaneas\/\",\"url\":\"https:\/\/institucional.ufrrj.br\/portalcpda\/teorias-sobre-as-sociedades-contemporaneas\/\",\"name\":\"Teorias sobre as sociedades contempor\u00e2neas - CPDA\",\"isPartOf\":{\"@id\":\"https:\/\/institucional.ufrrj.br\/portalcpda\/#website\"},\"datePublished\":\"2011-07-05T17:59:12+00:00\",\"dateModified\":\"2018-06-29T19:15:31+00:00\",\"breadcrumb\":{\"@id\":\"https:\/\/institucional.ufrrj.br\/portalcpda\/teorias-sobre-as-sociedades-contemporaneas\/#breadcrumb\"},\"inLanguage\":\"pt-BR\",\"potentialAction\":[{\"@type\":\"ReadAction\",\"target\":[\"https:\/\/institucional.ufrrj.br\/portalcpda\/teorias-sobre-as-sociedades-contemporaneas\/\"]}]},{\"@type\":\"BreadcrumbList\",\"@id\":\"https:\/\/institucional.ufrrj.br\/portalcpda\/teorias-sobre-as-sociedades-contemporaneas\/#breadcrumb\",\"itemListElement\":[{\"@type\":\"ListItem\",\"position\":1,\"name\":\"In\u00edcio\",\"item\":\"https:\/\/institucional.ufrrj.br\/portalcpda\/\"},{\"@type\":\"ListItem\",\"position\":2,\"name\":\"Teorias sobre as sociedades contempor\u00e2neas\"}]},{\"@type\":\"WebSite\",\"@id\":\"https:\/\/institucional.ufrrj.br\/portalcpda\/#website\",\"url\":\"https:\/\/institucional.ufrrj.br\/portalcpda\/\",\"name\":\"CPDA\",\"description\":\"institucional.ufrrj.br\",\"potentialAction\":[{\"@type\":\"SearchAction\",\"target\":{\"@type\":\"EntryPoint\",\"urlTemplate\":\"https:\/\/institucional.ufrrj.br\/portalcpda\/?s={search_term_string}\"},\"query-input\":{\"@type\":\"PropertyValueSpecification\",\"valueRequired\":true,\"valueName\":\"search_term_string\"}}],\"inLanguage\":\"pt-BR\"}]}<\/script>\n<!-- \/ Yoast SEO plugin. -->","yoast_head_json":{"title":"Teorias sobre as sociedades contempor\u00e2neas - CPDA","robots":{"index":"index","follow":"follow","max-snippet":"max-snippet:-1","max-image-preview":"max-image-preview:large","max-video-preview":"max-video-preview:-1"},"canonical":"https:\/\/institucional.ufrrj.br\/portalcpda\/teorias-sobre-as-sociedades-contemporaneas\/","og_locale":"pt_BR","og_type":"article","og_title":"Teorias sobre as sociedades contempor\u00e2neas - CPDA","og_description":"IH-1505 Disciplina fundamental do Doutorado N\u00famero de cr\u00e9ditos: 3 Horas aula: 4 (2 te\u00f3ricas e 2 pr\u00e1ticas) Professores respons\u00e1veis: F\u00e1tima ... leia mais","og_url":"https:\/\/institucional.ufrrj.br\/portalcpda\/teorias-sobre-as-sociedades-contemporaneas\/","og_site_name":"CPDA","article_modified_time":"2018-06-29T19:15:31+00:00","twitter_card":"summary_large_image","twitter_misc":{"Est. tempo de leitura":"2 minutos"},"schema":{"@context":"https:\/\/schema.org","@graph":[{"@type":"WebPage","@id":"https:\/\/institucional.ufrrj.br\/portalcpda\/teorias-sobre-as-sociedades-contemporaneas\/","url":"https:\/\/institucional.ufrrj.br\/portalcpda\/teorias-sobre-as-sociedades-contemporaneas\/","name":"Teorias sobre as sociedades contempor\u00e2neas - CPDA","isPartOf":{"@id":"https:\/\/institucional.ufrrj.br\/portalcpda\/#website"},"datePublished":"2011-07-05T17:59:12+00:00","dateModified":"2018-06-29T19:15:31+00:00","breadcrumb":{"@id":"https:\/\/institucional.ufrrj.br\/portalcpda\/teorias-sobre-as-sociedades-contemporaneas\/#breadcrumb"},"inLanguage":"pt-BR","potentialAction":[{"@type":"ReadAction","target":["https:\/\/institucional.ufrrj.br\/portalcpda\/teorias-sobre-as-sociedades-contemporaneas\/"]}]},{"@type":"BreadcrumbList","@id":"https:\/\/institucional.ufrrj.br\/portalcpda\/teorias-sobre-as-sociedades-contemporaneas\/#breadcrumb","itemListElement":[{"@type":"ListItem","position":1,"name":"In\u00edcio","item":"https:\/\/institucional.ufrrj.br\/portalcpda\/"},{"@type":"ListItem","position":2,"name":"Teorias sobre as sociedades contempor\u00e2neas"}]},{"@type":"WebSite","@id":"https:\/\/institucional.ufrrj.br\/portalcpda\/#website","url":"https:\/\/institucional.ufrrj.br\/portalcpda\/","name":"CPDA","description":"institucional.ufrrj.br","potentialAction":[{"@type":"SearchAction","target":{"@type":"EntryPoint","urlTemplate":"https:\/\/institucional.ufrrj.br\/portalcpda\/?s={search_term_string}"},"query-input":{"@type":"PropertyValueSpecification","valueRequired":true,"valueName":"search_term_string"}}],"inLanguage":"pt-BR"}]}},"acf":[],"_links":{"self":[{"href":"https:\/\/institucional.ufrrj.br\/portalcpda\/wp-json\/wp\/v2\/pages\/121","targetHints":{"allow":["GET"]}}],"collection":[{"href":"https:\/\/institucional.ufrrj.br\/portalcpda\/wp-json\/wp\/v2\/pages"}],"about":[{"href":"https:\/\/institucional.ufrrj.br\/portalcpda\/wp-json\/wp\/v2\/types\/page"}],"author":[{"embeddable":true,"href":"https:\/\/institucional.ufrrj.br\/portalcpda\/wp-json\/wp\/v2\/users\/634"}],"replies":[{"embeddable":true,"href":"https:\/\/institucional.ufrrj.br\/portalcpda\/wp-json\/wp\/v2\/comments?post=121"}],"version-history":[{"count":1,"href":"https:\/\/institucional.ufrrj.br\/portalcpda\/wp-json\/wp\/v2\/pages\/121\/revisions"}],"predecessor-version":[{"id":14451,"href":"https:\/\/institucional.ufrrj.br\/portalcpda\/wp-json\/wp\/v2\/pages\/121\/revisions\/14451"}],"wp:attachment":[{"href":"https:\/\/institucional.ufrrj.br\/portalcpda\/wp-json\/wp\/v2\/media?parent=121"}],"curies":[{"name":"wp","href":"https:\/\/api.w.org\/{rel}","templated":true}]}}