{"id":117,"date":"2011-07-05T17:57:46","date_gmt":"2011-07-05T17:57:46","guid":{"rendered":"http:\/\/r1.ufrrj.br\/cpda\/?page_id=117"},"modified":"2018-06-29T16:15:24","modified_gmt":"2018-06-29T19:15:24","slug":"teoria-antropologica","status":"publish","type":"page","link":"https:\/\/institucional.ufrrj.br\/portalcpda\/teoria-antropologica\/","title":{"rendered":"Teoria antropol\u00f3gica"},"content":{"rendered":"<p style=\"text-align: justify\">IH 1529<\/p>\n<p style=\"text-align: justify\">Disciplina fundamental do Mestrado<br \/>\nN\u00famero de cr\u00e9ditos: 3<br \/>\nHoras aula: 4 (2 te\u00f3ricas e 2 pr\u00e1ticas)<br \/>\nProfessores respons\u00e1veis: Andrey Cordeiro Ferreira<\/p>\n<p style=\"text-align: justify\"><strong>Objetivos<\/strong><\/p>\n<p style=\"text-align: justify\">Essa disciplina tem por objetivo familiarizar os estudantes alguns dos principais instrumentos conceituais e metodol\u00f3gicos da antropologia social e cultural, o que implica necessariamente uma reflex\u00e3o sobre o processo de constru\u00e7\u00e3o do objeto e sobre a situa\u00e7\u00e3o de pesquisa.<\/p>\n<p style=\"text-align: justify\"><strong>Ementa<\/strong><\/p>\n<p style=\"text-align: justify\">Ser\u00e3o discutidos alguns textos \u201cexemplares\u201d quanto ao uso que fazem dos referidos instrumentos conceituais e metodol\u00f3gicos (de autores mais \u201cconsagrados\u201d ou mais \u201ccontempor\u00e2neos\u201d, vinculados a diversas tradi\u00e7\u00f5es nacionais e estilos disciplinares), devidamente situados em termos de suas rela\u00e7\u00f5es com debates te\u00f3ricos, tradi\u00e7\u00f5es de pesquisa e rela\u00e7\u00e3o entre o processo de pesquisa e o contexto social e pol\u00edtico. A disciplina pretende tamb\u00e9m explorar as possibilidades abertas pela reflex\u00e3o te\u00f3rica e metodol\u00f3gica na antropologia para a abordagem dos diversos temas que comp\u00f5em o espectro de interesses do curso e dos alunos, atrav\u00e9s da discuss\u00e3o de alguns textos mais espec\u00edficos, de modo a contribuir para problematizar pressupostos que se colocam como obst\u00e1culos para o conhecimento dos referidos temas.<\/p>\n<p style=\"text-align: justify\"><strong>Bibliografia<\/strong><\/p>\n<p style=\"text-align: justify\">DURKHEIM, E. As formas elementares da vida religiosa, \u201cIntrodu\u00e7\u00e3o\u201d e \u201cConclus\u00e3o\u201d, pp. 203-245, In: Durkheim, Col. Os Pensadores, S\u00e3o Paulo: Abril, 1978.<br \/>\nMAUSS, Marcel. \u201cEnsaio sobre a d\u00e1diva\u201d. In Sociologia e antropologia. S\u00e3o Paulo: Edusp, 1974.<br \/>\nMALINOWSKI. B. Coral gardens and their magic. London: Georges Allen &amp; Unwin, 1966.<br \/>\nEVANS-PRITCHARD, E.E. Os nuer. S\u00e3o Paulo: Perspectiva. 1978.<br \/>\nRADCLIFFE-BROWN. A. R. Estrutura e fun\u00e7\u00e3o na sociedade primitiva. Petr\u00f3polis: Vozes. 1973.<br \/>\nLEVI-STRAUSS, Claude. As estruturas elementares do parentesco. Petr\u00f3polis: Vozes. 1976.<br \/>\nDUMONT, Louis. Homo hierarchicus. S\u00e3o Paulo: Edusp. 1992.<br \/>\nBOURDIEU, Pierre. Le sens pratique. Paris: Editions de Minuit, 1980.<br \/>\nGOFFMAN, Erving. A representa\u00e7\u00e3o do eu na vida cotidiana. Petr\u00f3polis: Vozes, 1975.<br \/>\nGEERTZ, Clifford. Negara. Rio de Janeiro, Bertrand-Brasil, 1980.<\/p>\n<div class=\"dc\"><\/div>\n","protected":false},"excerpt":{"rendered":"<p>IH 1529 Disciplina fundamental do Mestrado N\u00famero de cr\u00e9ditos: 3 Horas aula: 4 (2 te\u00f3ricas e 2 pr\u00e1ticas) Professores respons\u00e1veis: <a class=\"read-more\" href=\"https:\/\/institucional.ufrrj.br\/portalcpda\/teoria-antropologica\/ \" >&#8230; <span class=\"font-italic\">leia mais <i class=\"fas fa-angle-right\"><\/i><\/span><\/a><\/p>\n","protected":false},"author":634,"featured_media":0,"parent":0,"menu_order":0,"comment_status":"open","ping_status":"open","template":"","meta":{"_acf_changed":false,"footnotes":""},"class_list":["post-117","page","type-page","status-publish","hentry"],"yoast_head":"<!-- This site is optimized with the Yoast SEO plugin v27.2 - https:\/\/yoast.com\/product\/yoast-seo-wordpress\/ -->\n<title>Teoria antropol\u00f3gica - CPDA<\/title>\n<meta name=\"robots\" content=\"index, follow, max-snippet:-1, max-image-preview:large, max-video-preview:-1\" \/>\n<link rel=\"canonical\" href=\"https:\/\/institucional.ufrrj.br\/portalcpda\/teoria-antropologica\/\" \/>\n<meta property=\"og:locale\" content=\"pt_BR\" \/>\n<meta property=\"og:type\" content=\"article\" \/>\n<meta property=\"og:title\" content=\"Teoria antropol\u00f3gica - CPDA\" \/>\n<meta property=\"og:description\" content=\"IH 1529 Disciplina fundamental do Mestrado N\u00famero de cr\u00e9ditos: 3 Horas aula: 4 (2 te\u00f3ricas e 2 pr\u00e1ticas) Professores respons\u00e1veis: ... leia mais\" \/>\n<meta property=\"og:url\" content=\"https:\/\/institucional.ufrrj.br\/portalcpda\/teoria-antropologica\/\" \/>\n<meta property=\"og:site_name\" content=\"CPDA\" \/>\n<meta property=\"article:modified_time\" content=\"2018-06-29T19:15:24+00:00\" \/>\n<meta name=\"twitter:card\" content=\"summary_large_image\" \/>\n<meta name=\"twitter:label1\" content=\"Est. tempo de leitura\" \/>\n\t<meta name=\"twitter:data1\" content=\"2 minutos\" \/>\n<script type=\"application\/ld+json\" class=\"yoast-schema-graph\">{\"@context\":\"https:\/\/schema.org\",\"@graph\":[{\"@type\":\"WebPage\",\"@id\":\"https:\/\/institucional.ufrrj.br\/portalcpda\/teoria-antropologica\/\",\"url\":\"https:\/\/institucional.ufrrj.br\/portalcpda\/teoria-antropologica\/\",\"name\":\"Teoria antropol\u00f3gica - CPDA\",\"isPartOf\":{\"@id\":\"https:\/\/institucional.ufrrj.br\/portalcpda\/#website\"},\"datePublished\":\"2011-07-05T17:57:46+00:00\",\"dateModified\":\"2018-06-29T19:15:24+00:00\",\"breadcrumb\":{\"@id\":\"https:\/\/institucional.ufrrj.br\/portalcpda\/teoria-antropologica\/#breadcrumb\"},\"inLanguage\":\"pt-BR\",\"potentialAction\":[{\"@type\":\"ReadAction\",\"target\":[\"https:\/\/institucional.ufrrj.br\/portalcpda\/teoria-antropologica\/\"]}]},{\"@type\":\"BreadcrumbList\",\"@id\":\"https:\/\/institucional.ufrrj.br\/portalcpda\/teoria-antropologica\/#breadcrumb\",\"itemListElement\":[{\"@type\":\"ListItem\",\"position\":1,\"name\":\"In\u00edcio\",\"item\":\"https:\/\/institucional.ufrrj.br\/portalcpda\/\"},{\"@type\":\"ListItem\",\"position\":2,\"name\":\"Teoria antropol\u00f3gica\"}]},{\"@type\":\"WebSite\",\"@id\":\"https:\/\/institucional.ufrrj.br\/portalcpda\/#website\",\"url\":\"https:\/\/institucional.ufrrj.br\/portalcpda\/\",\"name\":\"CPDA\",\"description\":\"institucional.ufrrj.br\",\"potentialAction\":[{\"@type\":\"SearchAction\",\"target\":{\"@type\":\"EntryPoint\",\"urlTemplate\":\"https:\/\/institucional.ufrrj.br\/portalcpda\/?s={search_term_string}\"},\"query-input\":{\"@type\":\"PropertyValueSpecification\",\"valueRequired\":true,\"valueName\":\"search_term_string\"}}],\"inLanguage\":\"pt-BR\"}]}<\/script>\n<!-- \/ Yoast SEO plugin. -->","yoast_head_json":{"title":"Teoria antropol\u00f3gica - CPDA","robots":{"index":"index","follow":"follow","max-snippet":"max-snippet:-1","max-image-preview":"max-image-preview:large","max-video-preview":"max-video-preview:-1"},"canonical":"https:\/\/institucional.ufrrj.br\/portalcpda\/teoria-antropologica\/","og_locale":"pt_BR","og_type":"article","og_title":"Teoria antropol\u00f3gica - CPDA","og_description":"IH 1529 Disciplina fundamental do Mestrado N\u00famero de cr\u00e9ditos: 3 Horas aula: 4 (2 te\u00f3ricas e 2 pr\u00e1ticas) Professores respons\u00e1veis: ... leia mais","og_url":"https:\/\/institucional.ufrrj.br\/portalcpda\/teoria-antropologica\/","og_site_name":"CPDA","article_modified_time":"2018-06-29T19:15:24+00:00","twitter_card":"summary_large_image","twitter_misc":{"Est. tempo de leitura":"2 minutos"},"schema":{"@context":"https:\/\/schema.org","@graph":[{"@type":"WebPage","@id":"https:\/\/institucional.ufrrj.br\/portalcpda\/teoria-antropologica\/","url":"https:\/\/institucional.ufrrj.br\/portalcpda\/teoria-antropologica\/","name":"Teoria antropol\u00f3gica - CPDA","isPartOf":{"@id":"https:\/\/institucional.ufrrj.br\/portalcpda\/#website"},"datePublished":"2011-07-05T17:57:46+00:00","dateModified":"2018-06-29T19:15:24+00:00","breadcrumb":{"@id":"https:\/\/institucional.ufrrj.br\/portalcpda\/teoria-antropologica\/#breadcrumb"},"inLanguage":"pt-BR","potentialAction":[{"@type":"ReadAction","target":["https:\/\/institucional.ufrrj.br\/portalcpda\/teoria-antropologica\/"]}]},{"@type":"BreadcrumbList","@id":"https:\/\/institucional.ufrrj.br\/portalcpda\/teoria-antropologica\/#breadcrumb","itemListElement":[{"@type":"ListItem","position":1,"name":"In\u00edcio","item":"https:\/\/institucional.ufrrj.br\/portalcpda\/"},{"@type":"ListItem","position":2,"name":"Teoria antropol\u00f3gica"}]},{"@type":"WebSite","@id":"https:\/\/institucional.ufrrj.br\/portalcpda\/#website","url":"https:\/\/institucional.ufrrj.br\/portalcpda\/","name":"CPDA","description":"institucional.ufrrj.br","potentialAction":[{"@type":"SearchAction","target":{"@type":"EntryPoint","urlTemplate":"https:\/\/institucional.ufrrj.br\/portalcpda\/?s={search_term_string}"},"query-input":{"@type":"PropertyValueSpecification","valueRequired":true,"valueName":"search_term_string"}}],"inLanguage":"pt-BR"}]}},"acf":[],"_links":{"self":[{"href":"https:\/\/institucional.ufrrj.br\/portalcpda\/wp-json\/wp\/v2\/pages\/117","targetHints":{"allow":["GET"]}}],"collection":[{"href":"https:\/\/institucional.ufrrj.br\/portalcpda\/wp-json\/wp\/v2\/pages"}],"about":[{"href":"https:\/\/institucional.ufrrj.br\/portalcpda\/wp-json\/wp\/v2\/types\/page"}],"author":[{"embeddable":true,"href":"https:\/\/institucional.ufrrj.br\/portalcpda\/wp-json\/wp\/v2\/users\/634"}],"replies":[{"embeddable":true,"href":"https:\/\/institucional.ufrrj.br\/portalcpda\/wp-json\/wp\/v2\/comments?post=117"}],"version-history":[{"count":3,"href":"https:\/\/institucional.ufrrj.br\/portalcpda\/wp-json\/wp\/v2\/pages\/117\/revisions"}],"predecessor-version":[{"id":14447,"href":"https:\/\/institucional.ufrrj.br\/portalcpda\/wp-json\/wp\/v2\/pages\/117\/revisions\/14447"}],"wp:attachment":[{"href":"https:\/\/institucional.ufrrj.br\/portalcpda\/wp-json\/wp\/v2\/media?parent=117"}],"curies":[{"name":"wp","href":"https:\/\/api.w.org\/{rel}","templated":true}]}}