{"id":1157,"date":"2011-10-07T16:56:29","date_gmt":"2011-10-07T19:56:29","guid":{"rendered":"http:\/\/r1.ufrrj.br\/cpda\/?page_id=1157"},"modified":"2018-09-06T11:12:48","modified_gmt":"2018-09-06T14:12:48","slug":"silvia-alves-de-andrade","status":"publish","type":"page","link":"https:\/\/institucional.ufrrj.br\/portalcpda\/silvia-alves-de-andrade\/","title":{"rendered":"Silvia Alves de Andrade"},"content":{"rendered":"<p><img loading=\"lazy\" decoding=\"async\" class=\"alignleft size-full wp-image-13905\" src=\"https:\/\/institucional.ufrrj.br\/portalcpda\/files\/2018\/08\/Foto-Silvia-Biblioteca.jpg\" alt=\"\" width=\"213\" height=\"213\" \/><\/p>\n<p>(21) 2224-8577 \u2013 Ramal 209<br \/>\nsilvialves@ufrrj.br<\/p>\n<p>Bacharel em Biblioteconomia e Documenta\u00e7\u00e3o pela Universidade Federal do Estado do Rio de Janeiro (Unirio \u2013 1995). P\u00f3s-Gradua\u00e7\u00e3o Lato Sensu n\u00edvel de especializa\u00e7\u00e3o em Biblioteconomia pelas Faculdades Integradas de Jacarepagu\u00e1 (FIJ \u2013 2010). Bibliotec\u00e1ria concursada pela Universidade Federal Rural do Rio de Janeiro (UFRRJ) desde 2009, atualmente lotada no Centro de Documenta\u00e7\u00e3o Ivan Otero Ribeiro do CPDA.<\/p>\n<p><strong>Principais Atribui\u00e7\u00f5es: <\/strong>\u00c9 respons\u00e1vel em coordenar a operacionaliza\u00e7\u00e3o da biblioteca, bem como supervisionar, auxiliar, avaliar e treinar funcion\u00e1rios e estagi\u00e1rios selecionados e contratados de sua equipe. Quanto \u00e0 Se\u00e7\u00e3o de Processamento T\u00e9cnico tem a responsabilidade de receber (por compra ou doa\u00e7\u00e3o), selecionar, registrar, catalogar e classificar o material bibliogr\u00e1fico (livros, teses, peri\u00f3dicos, documentos multim\u00eddia etc.) de acordo a CDD &#8211;\u00a0<em>Classifica\u00e7\u00e3o Decimal de Dewey <\/em>com objetivo de torn\u00e1-lo dispon\u00edvel para consulta do usu\u00e1rio. Al\u00e9m de organizar, e principalmente, disseminar a informa\u00e7\u00e3o junto \u00e0 Comunidade Acad\u00eamica.\u00a0Na Se\u00e7\u00e3o de Refer\u00eancia \u00e9 respons\u00e1vel pelo atendimento e orienta\u00e7\u00e3o aos usu\u00e1rios na utiliza\u00e7\u00e3o dos produtos e servi\u00e7os oferecidos pela biblioteca. Tamb\u00e9m s\u00e3o de sua responsabilidade as atividades de empr\u00e9stimo, renova\u00e7\u00e3o e reserva de obras; cadastro de usu\u00e1rios e emiss\u00e3o de nada consta; levantamento bibliogr\u00e1fico; aux\u00edlio e orienta\u00e7\u00e3o para normaliza\u00e7\u00e3o bibliogr\u00e1fica de trabalhos acad\u00eamicos; empr\u00e9stimo entre bibliotecas e orienta\u00e7\u00e3o quanto ao uso do acervo e do cat\u00e1logo <em>online<\/em> da biblioteca pelo Sistema Pergamum e utiliza\u00e7\u00e3o do Portal de Peri\u00f3dicos CAPES. E por fim, cabe tamb\u00e9m esclarecer d\u00favidas de alunos, professores e visitantes quanto \u00e0s normas de funcionamento e regulamento do setor.<\/p>\n<p>&nbsp;<\/p>\n<p>&nbsp;<\/p>\n","protected":false},"excerpt":{"rendered":"<p>(21) 2224-8577 \u2013 Ramal 209 silvialves@ufrrj.br Bacharel em Biblioteconomia e Documenta\u00e7\u00e3o pela Universidade Federal do Estado do Rio de Janeiro <a class=\"read-more\" href=\"https:\/\/institucional.ufrrj.br\/portalcpda\/silvia-alves-de-andrade\/ \" >&#8230; <span class=\"font-italic\">leia mais <i class=\"fas fa-angle-right\"><\/i><\/span><\/a><\/p>\n","protected":false},"author":634,"featured_media":0,"parent":0,"menu_order":0,"comment_status":"open","ping_status":"open","template":"","meta":{"_acf_changed":false,"footnotes":""},"class_list":["post-1157","page","type-page","status-publish","hentry"],"yoast_head":"<!-- This site is optimized with the Yoast SEO plugin v27.2 - https:\/\/yoast.com\/product\/yoast-seo-wordpress\/ -->\n<title>Silvia Alves de Andrade - CPDA<\/title>\n<meta name=\"robots\" content=\"index, follow, max-snippet:-1, max-image-preview:large, max-video-preview:-1\" \/>\n<link rel=\"canonical\" href=\"https:\/\/institucional.ufrrj.br\/portalcpda\/silvia-alves-de-andrade\/\" \/>\n<meta property=\"og:locale\" content=\"pt_BR\" \/>\n<meta property=\"og:type\" content=\"article\" \/>\n<meta property=\"og:title\" content=\"Silvia Alves de Andrade - CPDA\" \/>\n<meta property=\"og:description\" content=\"(21) 2224-8577 \u2013 Ramal 209 silvialves@ufrrj.br Bacharel em Biblioteconomia e Documenta\u00e7\u00e3o pela Universidade Federal do Estado do Rio de Janeiro ... leia mais\" \/>\n<meta property=\"og:url\" content=\"https:\/\/institucional.ufrrj.br\/portalcpda\/silvia-alves-de-andrade\/\" \/>\n<meta property=\"og:site_name\" content=\"CPDA\" \/>\n<meta property=\"article:modified_time\" content=\"2018-09-06T14:12:48+00:00\" \/>\n<meta property=\"og:image\" content=\"http:\/\/institucional.ufrrj.br\/portalcpda\/files\/2018\/08\/Foto-Silvia-Biblioteca.jpg\" \/>\n<meta name=\"twitter:card\" content=\"summary_large_image\" \/>\n<meta name=\"twitter:label1\" content=\"Est. tempo de leitura\" \/>\n\t<meta name=\"twitter:data1\" content=\"1 minuto\" \/>\n<script type=\"application\/ld+json\" class=\"yoast-schema-graph\">{\"@context\":\"https:\/\/schema.org\",\"@graph\":[{\"@type\":\"WebPage\",\"@id\":\"https:\/\/institucional.ufrrj.br\/portalcpda\/silvia-alves-de-andrade\/\",\"url\":\"https:\/\/institucional.ufrrj.br\/portalcpda\/silvia-alves-de-andrade\/\",\"name\":\"Silvia Alves de Andrade - CPDA\",\"isPartOf\":{\"@id\":\"https:\/\/institucional.ufrrj.br\/portalcpda\/#website\"},\"primaryImageOfPage\":{\"@id\":\"https:\/\/institucional.ufrrj.br\/portalcpda\/silvia-alves-de-andrade\/#primaryimage\"},\"image\":{\"@id\":\"https:\/\/institucional.ufrrj.br\/portalcpda\/silvia-alves-de-andrade\/#primaryimage\"},\"thumbnailUrl\":\"http:\/\/institucional.ufrrj.br\/portalcpda\/files\/2018\/08\/Foto-Silvia-Biblioteca.jpg\",\"datePublished\":\"2011-10-07T19:56:29+00:00\",\"dateModified\":\"2018-09-06T14:12:48+00:00\",\"breadcrumb\":{\"@id\":\"https:\/\/institucional.ufrrj.br\/portalcpda\/silvia-alves-de-andrade\/#breadcrumb\"},\"inLanguage\":\"pt-BR\",\"potentialAction\":[{\"@type\":\"ReadAction\",\"target\":[\"https:\/\/institucional.ufrrj.br\/portalcpda\/silvia-alves-de-andrade\/\"]}]},{\"@type\":\"ImageObject\",\"inLanguage\":\"pt-BR\",\"@id\":\"https:\/\/institucional.ufrrj.br\/portalcpda\/silvia-alves-de-andrade\/#primaryimage\",\"url\":\"http:\/\/institucional.ufrrj.br\/portalcpda\/files\/2018\/08\/Foto-Silvia-Biblioteca.jpg\",\"contentUrl\":\"http:\/\/institucional.ufrrj.br\/portalcpda\/files\/2018\/08\/Foto-Silvia-Biblioteca.jpg\"},{\"@type\":\"BreadcrumbList\",\"@id\":\"https:\/\/institucional.ufrrj.br\/portalcpda\/silvia-alves-de-andrade\/#breadcrumb\",\"itemListElement\":[{\"@type\":\"ListItem\",\"position\":1,\"name\":\"In\u00edcio\",\"item\":\"https:\/\/institucional.ufrrj.br\/portalcpda\/\"},{\"@type\":\"ListItem\",\"position\":2,\"name\":\"Silvia Alves de Andrade\"}]},{\"@type\":\"WebSite\",\"@id\":\"https:\/\/institucional.ufrrj.br\/portalcpda\/#website\",\"url\":\"https:\/\/institucional.ufrrj.br\/portalcpda\/\",\"name\":\"CPDA\",\"description\":\"institucional.ufrrj.br\",\"potentialAction\":[{\"@type\":\"SearchAction\",\"target\":{\"@type\":\"EntryPoint\",\"urlTemplate\":\"https:\/\/institucional.ufrrj.br\/portalcpda\/?s={search_term_string}\"},\"query-input\":{\"@type\":\"PropertyValueSpecification\",\"valueRequired\":true,\"valueName\":\"search_term_string\"}}],\"inLanguage\":\"pt-BR\"}]}<\/script>\n<!-- \/ Yoast SEO plugin. -->","yoast_head_json":{"title":"Silvia Alves de Andrade - CPDA","robots":{"index":"index","follow":"follow","max-snippet":"max-snippet:-1","max-image-preview":"max-image-preview:large","max-video-preview":"max-video-preview:-1"},"canonical":"https:\/\/institucional.ufrrj.br\/portalcpda\/silvia-alves-de-andrade\/","og_locale":"pt_BR","og_type":"article","og_title":"Silvia Alves de Andrade - CPDA","og_description":"(21) 2224-8577 \u2013 Ramal 209 silvialves@ufrrj.br Bacharel em Biblioteconomia e Documenta\u00e7\u00e3o pela Universidade Federal do Estado do Rio de Janeiro ... leia mais","og_url":"https:\/\/institucional.ufrrj.br\/portalcpda\/silvia-alves-de-andrade\/","og_site_name":"CPDA","article_modified_time":"2018-09-06T14:12:48+00:00","og_image":[{"url":"http:\/\/institucional.ufrrj.br\/portalcpda\/files\/2018\/08\/Foto-Silvia-Biblioteca.jpg","type":"","width":"","height":""}],"twitter_card":"summary_large_image","twitter_misc":{"Est. tempo de leitura":"1 minuto"},"schema":{"@context":"https:\/\/schema.org","@graph":[{"@type":"WebPage","@id":"https:\/\/institucional.ufrrj.br\/portalcpda\/silvia-alves-de-andrade\/","url":"https:\/\/institucional.ufrrj.br\/portalcpda\/silvia-alves-de-andrade\/","name":"Silvia Alves de Andrade - CPDA","isPartOf":{"@id":"https:\/\/institucional.ufrrj.br\/portalcpda\/#website"},"primaryImageOfPage":{"@id":"https:\/\/institucional.ufrrj.br\/portalcpda\/silvia-alves-de-andrade\/#primaryimage"},"image":{"@id":"https:\/\/institucional.ufrrj.br\/portalcpda\/silvia-alves-de-andrade\/#primaryimage"},"thumbnailUrl":"http:\/\/institucional.ufrrj.br\/portalcpda\/files\/2018\/08\/Foto-Silvia-Biblioteca.jpg","datePublished":"2011-10-07T19:56:29+00:00","dateModified":"2018-09-06T14:12:48+00:00","breadcrumb":{"@id":"https:\/\/institucional.ufrrj.br\/portalcpda\/silvia-alves-de-andrade\/#breadcrumb"},"inLanguage":"pt-BR","potentialAction":[{"@type":"ReadAction","target":["https:\/\/institucional.ufrrj.br\/portalcpda\/silvia-alves-de-andrade\/"]}]},{"@type":"ImageObject","inLanguage":"pt-BR","@id":"https:\/\/institucional.ufrrj.br\/portalcpda\/silvia-alves-de-andrade\/#primaryimage","url":"http:\/\/institucional.ufrrj.br\/portalcpda\/files\/2018\/08\/Foto-Silvia-Biblioteca.jpg","contentUrl":"http:\/\/institucional.ufrrj.br\/portalcpda\/files\/2018\/08\/Foto-Silvia-Biblioteca.jpg"},{"@type":"BreadcrumbList","@id":"https:\/\/institucional.ufrrj.br\/portalcpda\/silvia-alves-de-andrade\/#breadcrumb","itemListElement":[{"@type":"ListItem","position":1,"name":"In\u00edcio","item":"https:\/\/institucional.ufrrj.br\/portalcpda\/"},{"@type":"ListItem","position":2,"name":"Silvia Alves de Andrade"}]},{"@type":"WebSite","@id":"https:\/\/institucional.ufrrj.br\/portalcpda\/#website","url":"https:\/\/institucional.ufrrj.br\/portalcpda\/","name":"CPDA","description":"institucional.ufrrj.br","potentialAction":[{"@type":"SearchAction","target":{"@type":"EntryPoint","urlTemplate":"https:\/\/institucional.ufrrj.br\/portalcpda\/?s={search_term_string}"},"query-input":{"@type":"PropertyValueSpecification","valueRequired":true,"valueName":"search_term_string"}}],"inLanguage":"pt-BR"}]}},"acf":[],"_links":{"self":[{"href":"https:\/\/institucional.ufrrj.br\/portalcpda\/wp-json\/wp\/v2\/pages\/1157","targetHints":{"allow":["GET"]}}],"collection":[{"href":"https:\/\/institucional.ufrrj.br\/portalcpda\/wp-json\/wp\/v2\/pages"}],"about":[{"href":"https:\/\/institucional.ufrrj.br\/portalcpda\/wp-json\/wp\/v2\/types\/page"}],"author":[{"embeddable":true,"href":"https:\/\/institucional.ufrrj.br\/portalcpda\/wp-json\/wp\/v2\/users\/634"}],"replies":[{"embeddable":true,"href":"https:\/\/institucional.ufrrj.br\/portalcpda\/wp-json\/wp\/v2\/comments?post=1157"}],"version-history":[{"count":12,"href":"https:\/\/institucional.ufrrj.br\/portalcpda\/wp-json\/wp\/v2\/pages\/1157\/revisions"}],"predecessor-version":[{"id":15871,"href":"https:\/\/institucional.ufrrj.br\/portalcpda\/wp-json\/wp\/v2\/pages\/1157\/revisions\/15871"}],"wp:attachment":[{"href":"https:\/\/institucional.ufrrj.br\/portalcpda\/wp-json\/wp\/v2\/media?parent=1157"}],"curies":[{"name":"wp","href":"https:\/\/api.w.org\/{rel}","templated":true}]}}