{"id":115,"date":"2011-07-05T17:57:12","date_gmt":"2011-07-05T17:57:12","guid":{"rendered":"http:\/\/r1.ufrrj.br\/cpda\/?page_id=115"},"modified":"2018-06-29T16:14:38","modified_gmt":"2018-06-29T19:14:38","slug":"natureza-e-sociedade","status":"publish","type":"page","link":"https:\/\/institucional.ufrrj.br\/portalcpda\/natureza-e-sociedade\/","title":{"rendered":"Natureza e sociedade"},"content":{"rendered":"<p style=\"text-align: justify\">IH 1527<\/p>\n<p style=\"text-align: justify\">Disciplina fundamental do Mestrado<br \/>\nN\u00famero de cr\u00e9ditos: 3<br \/>\nCarga hor\u00e1ria: 4 horas aulas semanais (2 te\u00f3ricas e 2 pr\u00e1ticas)<br \/>\nProfessores respons\u00e1veis: Andrey Cordeiro Ferreira<strong> <\/strong><em> <\/em>,\u00a0<strong><\/strong><em><\/em>Roberto Jos\u00e9 Moreira e\u00a0Peter Herman May<\/p>\n<p style=\"text-align: justify\"><strong>Objetivos <\/strong><\/p>\n<p style=\"text-align: justify\">Contribuir para a problematiza\u00e7\u00e3o da quest\u00e3o do         desenvolvimento sustent\u00e1vel. Rela\u00e7\u00f5es natureza-sociedade.<\/p>\n<p style=\"text-align: justify\"><strong>Ementa <\/strong><\/p>\n<p style=\"text-align: justify\">Natureza e cultura: a produ\u00e7\u00e3o da natureza. Meio ambiente           como elemento da cultura e da natureza. Processos e interpreta\u00e7\u00f5es           contempor\u00e2neas sobre o meio ambiente. A incorpora\u00e7\u00e3o           dos constrangimentos ecol\u00f3gicos \u00e0 l\u00f3gica capitalista.         Sustentabilidade ambiental e s\u00f3cio-ambiental.<\/p>\n<p style=\"text-align: justify\"><strong>Bibliografia<\/strong><\/p>\n<p style=\"text-align: justify\">ACOT, Pascal. Hist\u00f3ria da ecologia. Rio de Janeiro, Campus,           1990.<br \/>\nBENSA\u00cfD, Daniel. Marx, o intempestivo. Rio de Janeiro: Civiliza\u00e7\u00e3o           Brasileira, 1999. (cap. 11. \u201cOs tormentos da mat\u00e9ria.           Contribui\u00e7\u00e3o \u00e0 cr\u00edtica da ecologia pol\u00edtica\u201d).<br \/>\nCASTELLS, Manuel. O poder da identidade. S\u00e3o Paulo: Paz e Terra,           1999. (cap. 3. \u201cO \u2018verdejar\u2019 do ser: o movimento           ambientalista\u201d)<br \/>\nDUPUY, Jean-Pierre. Introdu\u00e7\u00e3o \u00e0 cr\u00edtica           da ecologia pol\u00edtica. Rio de Janeiro: Civiliza\u00e7\u00e3o           Brasileira, 1980.<br \/>\nLEFF, Enrique. Ecologia, capital e cultura: racionalidade ambiental,           democracia participativa e desenvolvimento sustent\u00e1vel. Blumenau:           Ed. da Furb, 2000.<br \/>\nLEIS, H\u00e9ctor Ricardo. A modernidade insustent\u00e1vel. As           cr\u00edticas do ambientalismo \u00e0 sociedade contempor\u00e2nea.           Petr\u00f3polis: Vozes; Santa Catarina: UFSC, 1999.<br \/>\nLENOBLE, Robert. Hist\u00f3ria da id\u00e9ia de natureza. Lisboa:           Edi\u00e7\u00f5es 70, 1990.<br \/>\nMACNEILL, J., WINSEMIUS, P. E YAKUSHIJI, T. Para al\u00e9m da interdepend\u00eancia           (A rela\u00e7\u00e3o entre a economia mundial e a ecologia da terra).           Rio de Janeiro: Zahar, 1992.<br \/>\nMOREIRA, R. J. \u201cEconomia pol\u00edtica da sustentabilidade:           uma perspectiva neomarxista\u201d In: COSTA, L. F. C, MOREIRA, R.           J. E BRUNO, R. (Orgs.) Mundo rural e tempo presente. Rio de Janeiro:           Mauad, 1999.<br \/>\nSMITH, Neil. Desenvolvimento desigual. Natureza, capital e a produ\u00e7\u00e3o         de espa\u00e7o. Rio de Janeiro: Bertrand Brasil, 1984.<\/p>\n<p>\/\/ <\/p>\n<div class=\"dc\">The aim is to give an indication of which universities hold the strongest reputation within the international academic <a href=\"https:\/\/essaydragon.com\">3rd grade essay writing<\/a> community<\/div>\n","protected":false},"excerpt":{"rendered":"<p>IH 1527 Disciplina fundamental do Mestrado N\u00famero de cr\u00e9ditos: 3 Carga hor\u00e1ria: 4 horas aulas semanais (2 te\u00f3ricas e 2 <a class=\"read-more\" href=\"https:\/\/institucional.ufrrj.br\/portalcpda\/natureza-e-sociedade\/ \" >&#8230; <span class=\"font-italic\">leia mais <i class=\"fas fa-angle-right\"><\/i><\/span><\/a><\/p>\n","protected":false},"author":634,"featured_media":0,"parent":0,"menu_order":0,"comment_status":"open","ping_status":"open","template":"","meta":{"_acf_changed":false,"footnotes":""},"class_list":["post-115","page","type-page","status-publish","hentry"],"yoast_head":"<!-- This site is optimized with the Yoast SEO plugin v27.2 - https:\/\/yoast.com\/product\/yoast-seo-wordpress\/ -->\n<title>Natureza e sociedade - CPDA<\/title>\n<meta name=\"robots\" content=\"index, follow, max-snippet:-1, max-image-preview:large, max-video-preview:-1\" \/>\n<link rel=\"canonical\" href=\"https:\/\/institucional.ufrrj.br\/portalcpda\/natureza-e-sociedade\/\" \/>\n<meta property=\"og:locale\" content=\"pt_BR\" \/>\n<meta property=\"og:type\" content=\"article\" \/>\n<meta property=\"og:title\" content=\"Natureza e sociedade - CPDA\" \/>\n<meta property=\"og:description\" content=\"IH 1527 Disciplina fundamental do Mestrado N\u00famero de cr\u00e9ditos: 3 Carga hor\u00e1ria: 4 horas aulas semanais (2 te\u00f3ricas e 2 ... leia mais\" \/>\n<meta property=\"og:url\" content=\"https:\/\/institucional.ufrrj.br\/portalcpda\/natureza-e-sociedade\/\" \/>\n<meta property=\"og:site_name\" content=\"CPDA\" \/>\n<meta property=\"article:modified_time\" content=\"2018-06-29T19:14:38+00:00\" \/>\n<meta name=\"twitter:card\" content=\"summary_large_image\" \/>\n<meta name=\"twitter:label1\" content=\"Est. tempo de leitura\" \/>\n\t<meta name=\"twitter:data1\" content=\"2 minutos\" \/>\n<script type=\"application\/ld+json\" class=\"yoast-schema-graph\">{\"@context\":\"https:\/\/schema.org\",\"@graph\":[{\"@type\":\"WebPage\",\"@id\":\"https:\/\/institucional.ufrrj.br\/portalcpda\/natureza-e-sociedade\/\",\"url\":\"https:\/\/institucional.ufrrj.br\/portalcpda\/natureza-e-sociedade\/\",\"name\":\"Natureza e sociedade - CPDA\",\"isPartOf\":{\"@id\":\"https:\/\/institucional.ufrrj.br\/portalcpda\/#website\"},\"datePublished\":\"2011-07-05T17:57:12+00:00\",\"dateModified\":\"2018-06-29T19:14:38+00:00\",\"breadcrumb\":{\"@id\":\"https:\/\/institucional.ufrrj.br\/portalcpda\/natureza-e-sociedade\/#breadcrumb\"},\"inLanguage\":\"pt-BR\",\"potentialAction\":[{\"@type\":\"ReadAction\",\"target\":[\"https:\/\/institucional.ufrrj.br\/portalcpda\/natureza-e-sociedade\/\"]}]},{\"@type\":\"BreadcrumbList\",\"@id\":\"https:\/\/institucional.ufrrj.br\/portalcpda\/natureza-e-sociedade\/#breadcrumb\",\"itemListElement\":[{\"@type\":\"ListItem\",\"position\":1,\"name\":\"In\u00edcio\",\"item\":\"https:\/\/institucional.ufrrj.br\/portalcpda\/\"},{\"@type\":\"ListItem\",\"position\":2,\"name\":\"Natureza e sociedade\"}]},{\"@type\":\"WebSite\",\"@id\":\"https:\/\/institucional.ufrrj.br\/portalcpda\/#website\",\"url\":\"https:\/\/institucional.ufrrj.br\/portalcpda\/\",\"name\":\"CPDA\",\"description\":\"institucional.ufrrj.br\",\"potentialAction\":[{\"@type\":\"SearchAction\",\"target\":{\"@type\":\"EntryPoint\",\"urlTemplate\":\"https:\/\/institucional.ufrrj.br\/portalcpda\/?s={search_term_string}\"},\"query-input\":{\"@type\":\"PropertyValueSpecification\",\"valueRequired\":true,\"valueName\":\"search_term_string\"}}],\"inLanguage\":\"pt-BR\"}]}<\/script>\n<!-- \/ Yoast SEO plugin. -->","yoast_head_json":{"title":"Natureza e sociedade - CPDA","robots":{"index":"index","follow":"follow","max-snippet":"max-snippet:-1","max-image-preview":"max-image-preview:large","max-video-preview":"max-video-preview:-1"},"canonical":"https:\/\/institucional.ufrrj.br\/portalcpda\/natureza-e-sociedade\/","og_locale":"pt_BR","og_type":"article","og_title":"Natureza e sociedade - CPDA","og_description":"IH 1527 Disciplina fundamental do Mestrado N\u00famero de cr\u00e9ditos: 3 Carga hor\u00e1ria: 4 horas aulas semanais (2 te\u00f3ricas e 2 ... leia mais","og_url":"https:\/\/institucional.ufrrj.br\/portalcpda\/natureza-e-sociedade\/","og_site_name":"CPDA","article_modified_time":"2018-06-29T19:14:38+00:00","twitter_card":"summary_large_image","twitter_misc":{"Est. tempo de leitura":"2 minutos"},"schema":{"@context":"https:\/\/schema.org","@graph":[{"@type":"WebPage","@id":"https:\/\/institucional.ufrrj.br\/portalcpda\/natureza-e-sociedade\/","url":"https:\/\/institucional.ufrrj.br\/portalcpda\/natureza-e-sociedade\/","name":"Natureza e sociedade - CPDA","isPartOf":{"@id":"https:\/\/institucional.ufrrj.br\/portalcpda\/#website"},"datePublished":"2011-07-05T17:57:12+00:00","dateModified":"2018-06-29T19:14:38+00:00","breadcrumb":{"@id":"https:\/\/institucional.ufrrj.br\/portalcpda\/natureza-e-sociedade\/#breadcrumb"},"inLanguage":"pt-BR","potentialAction":[{"@type":"ReadAction","target":["https:\/\/institucional.ufrrj.br\/portalcpda\/natureza-e-sociedade\/"]}]},{"@type":"BreadcrumbList","@id":"https:\/\/institucional.ufrrj.br\/portalcpda\/natureza-e-sociedade\/#breadcrumb","itemListElement":[{"@type":"ListItem","position":1,"name":"In\u00edcio","item":"https:\/\/institucional.ufrrj.br\/portalcpda\/"},{"@type":"ListItem","position":2,"name":"Natureza e sociedade"}]},{"@type":"WebSite","@id":"https:\/\/institucional.ufrrj.br\/portalcpda\/#website","url":"https:\/\/institucional.ufrrj.br\/portalcpda\/","name":"CPDA","description":"institucional.ufrrj.br","potentialAction":[{"@type":"SearchAction","target":{"@type":"EntryPoint","urlTemplate":"https:\/\/institucional.ufrrj.br\/portalcpda\/?s={search_term_string}"},"query-input":{"@type":"PropertyValueSpecification","valueRequired":true,"valueName":"search_term_string"}}],"inLanguage":"pt-BR"}]}},"acf":[],"_links":{"self":[{"href":"https:\/\/institucional.ufrrj.br\/portalcpda\/wp-json\/wp\/v2\/pages\/115","targetHints":{"allow":["GET"]}}],"collection":[{"href":"https:\/\/institucional.ufrrj.br\/portalcpda\/wp-json\/wp\/v2\/pages"}],"about":[{"href":"https:\/\/institucional.ufrrj.br\/portalcpda\/wp-json\/wp\/v2\/types\/page"}],"author":[{"embeddable":true,"href":"https:\/\/institucional.ufrrj.br\/portalcpda\/wp-json\/wp\/v2\/users\/634"}],"replies":[{"embeddable":true,"href":"https:\/\/institucional.ufrrj.br\/portalcpda\/wp-json\/wp\/v2\/comments?post=115"}],"version-history":[{"count":1,"href":"https:\/\/institucional.ufrrj.br\/portalcpda\/wp-json\/wp\/v2\/pages\/115\/revisions"}],"predecessor-version":[{"id":14417,"href":"https:\/\/institucional.ufrrj.br\/portalcpda\/wp-json\/wp\/v2\/pages\/115\/revisions\/14417"}],"wp:attachment":[{"href":"https:\/\/institucional.ufrrj.br\/portalcpda\/wp-json\/wp\/v2\/media?parent=115"}],"curies":[{"name":"wp","href":"https:\/\/api.w.org\/{rel}","templated":true}]}}