{"id":11089,"date":"2017-06-26T14:03:04","date_gmt":"2017-06-26T17:03:04","guid":{"rendered":"http:\/\/r1.ufrrj.br\/cpda\/?page_id=11089"},"modified":"2018-06-29T16:13:41","modified_gmt":"2018-06-29T19:13:41","slug":"eventos-academicos-2017","status":"publish","type":"page","link":"https:\/\/institucional.ufrrj.br\/portalcpda\/eventos-academicos-2017\/","title":{"rendered":"Eventos Acad\u00eamicos 2017"},"content":{"rendered":"<p>Os eventos est\u00e3o ordenados cronologicamente.<br \/>\nRole a p\u00e1gina at\u00e9 o final para visualizar todos.<\/p>\n<p>&nbsp;<\/p>\n<p>&nbsp;<\/p>\n<p><a rel=\"nofollow\" href=\"http:\/\/www.singa2017.com.br\/\" target=\"_blank\"><img loading=\"lazy\" decoding=\"async\" class=\"aligncenter size-medium wp-image-10731\" src=\"http:\/\/r1.ufrrj.br\/cpda\/wp-content\/uploads\/2017\/01\/singa20171-300x75.png\" alt=\"\" width=\"498\" height=\"113\" \/><\/a><\/p>\n<p><span style=\"text-align: justify\">O <span style=\"color: #0b8d99\">VIII Simp\u00f3sio Internacional de Geografia Agr\u00e1ria e IX Simp\u00f3sio Nacional de Geografia Agr\u00e1ria (Singa 2017)<\/span> quer conversar, aproximar e ajudar a construir as m\u00faltiplas redes de mobiliza\u00e7\u00e3o social que est\u00e3o sendo tecidas por toda a Am\u00e9rica Latina acerca de tem\u00e1ticas diferentes: agroecologia; educa\u00e7\u00e3o de campo; feminismo comunit\u00e1rio; lutas por terra e territ\u00f3rio; papel do Estado; reforma agr\u00e1ria; povos e comunidades tradicionais; impactos de grandes empreendimentos de infraestrutura, minera\u00e7\u00e3o, etc. Durante cinco dias, quer criar um espa\u00e7o comunit\u00e1rio de reflex\u00e3o\/a\u00e7\u00e3o para dar visibilidade e debater sobre as resist\u00eancias e as rebeldias que est\u00e3o dando forma e sentido aos territ\u00f3rios de vida dessa Am\u00e9rica Latina que continua vibrante na constru\u00e7\u00e3o de pensamento cr\u00edtico em a\u00e7\u00e3o a partir de v\u00e1rios lugares e sujeitos.<\/span><\/p>\n<p style=\"text-align: left\">Data:<strong> 1 a 5 de novembro de 2017<\/strong>.<br \/>\nLocal:<strong> Curitiba, Paran\u00e1<\/strong>.<\/p>\n<p><strong>Aten\u00e7\u00e3o: as inscri\u00e7\u00f5es de resumos foram prorrogadas at\u00e9 o dia 31 de maio.<\/strong><\/p>\n<p>Mais informa\u00e7\u00f5es no <a rel=\"nofollow\" href=\"http:\/\/www.singa2017.com.br\/\" target=\"_blank\">link<\/a>.<\/p>\n<p>&nbsp;<\/p>\n<hr \/>\n<p>&nbsp;<\/p>\n<p><a rel=\"nofollow\" href=\"http:\/\/www.ciea.com.ar\/jornadas\/x-jornadas-interdisciplinarias-de-estudios-agrarios-y-agroindustriales-argentinos-y-latinoamericanos\/\" target=\"_blank\"><img loading=\"lazy\" decoding=\"async\" class=\"alignleft size-full wp-image-10424\" src=\"https:\/\/institucional.ufrrj.br\/portalcpda\/files\/2017\/01\/jornada.png\" alt=\"\" width=\"357\" height=\"100\" srcset=\"https:\/\/institucional.ufrrj.br\/portalcpda\/files\/2017\/01\/jornada.png 357w, https:\/\/institucional.ufrrj.br\/portalcpda\/files\/2017\/01\/jornada-300x84.png 300w\" sizes=\"auto, (max-width: 357px) 100vw, 357px\" \/><\/a><\/p>\n<p>&nbsp;<\/p>\n<p>&nbsp;<\/p>\n<p>&nbsp;<\/p>\n<p>&nbsp;<\/p>\n<p><span style=\"text-align: justify\">J\u00e1 est\u00e1 aberta a convocat\u00f3ria para <span style=\"color: #0b8d99\">X Jornadas Interdisciplinarias de Estudios Agrarios y Agroindustriales Argentinos y Latinoamericanos<\/span>,\u00a0que reunir\u00e1, na Argentina, centenas de pesquisadores agr\u00e1rios das mais diversas disciplinas e provenientes de diferentes pa\u00edses da Am\u00e9rica Latina para o debate sobre uma gama cada vez mais ampla de temas.<\/span><\/p>\n<p style=\"text-align: left\">Data:<strong> 7 a 10 de novembro de 2017<\/strong>.<br \/>\nLocal:<strong> Facultad de Ciencias Econ\u00f3micas de la Universidad de Buenos Aires, Argentina<\/strong>.<\/p>\n<p><strong>Prazos importantes: 15 de maio de 2017 (submiss\u00e3o de resumos).<br \/>\n15 de agosto de 2017 (submiss\u00e3o de palestras).<\/strong><\/p>\n<p>Mais informa\u00e7\u00f5es no <a rel=\"nofollow\" href=\"http:\/\/www.ciea.com.ar\/jornadas\/x-jornadas-interdisciplinarias-de-estudios-agrarios-y-agroindustriales-argentinos-y-latinoamericanos\/\" target=\"_blank\">link<\/a>.<\/p>\n<p>&nbsp;<\/p>\n<hr \/>\n<p>&nbsp;<\/p>\n<p><a rel=\"nofollow\" href=\"http:\/\/www.ceresan.net.br\/eventos\/iii-enpssan\/\" target=\"_blank\"><img decoding=\"async\" class=\"alignleft size-full wp-image-10416\" src=\"https:\/\/institucional.ufrrj.br\/portalcpda\/files\/2017\/01\/enpssan.png\" alt=\"\" \/><\/a><\/p>\n<p>&nbsp;<\/p>\n<p><span style=\"text-align: justify\">O Comit\u00ea Executivo da Rede Brasileira de Pesquisa em Soberania e Seguran\u00e7a Alimentar e Nutricional tem a satisfa\u00e7\u00e3o de confirmar a realiza\u00e7\u00e3o do <span style=\"color: #0b8d99\">III Encontro Nacional de Pesquisa em SSAN<\/span> nos dias 8, 9 e 10 de novembro de 2017, na cidade de Curitiba<\/span>.<\/p>\n<p style=\"text-align: left\">Data:<strong>8 a 10 de novembro de 2017<\/strong>.<br \/>\nLocal:<strong> Curitiba, PR<\/strong>.<\/p>\n<p><strong>Prazos importantes: 10 de junho de 2017 (submiss\u00e3o de resumos).<br \/>\n1 de agosto de 2017 (divulga\u00e7\u00e3o dos trabalhos aprovados).<\/strong><br \/>\nMais informa\u00e7\u00f5es no <a rel=\"nofollow\" href=\"http:\/\/www.ceresan.net.br\/eventos\/iii-enpssan\/\" target=\"_blank\">link<\/a>.<\/p>\n<p>&nbsp;<\/p>\n<hr \/>\n<p>&nbsp;<\/p>\n<p><a rel=\"nofollow\" href=\"http:\/\/6cipsessol.ciriec-brasil.org.br\/\" target=\"_blank\"><img decoding=\"async\" class=\"alignleft size-full wp-image-10416\" src=\"https:\/\/institucional.ufrrj.br\/portalcpda\/files\/2017\/01\/ciriec.jpg\" alt=\"\" \/><\/a><\/p>\n<p>&nbsp;<\/p>\n<p><span style=\"text-align: justify\"><span style=\"color: #0b8d99\">VI\u00a0Confer\u00eancia\u00a0Internacional\u00a0de\u00a0Pesquisa\u00a0sobre\u00a0Economia\u00a0Social\u00a0e\u00a0Solid\u00e1ria\u00a0(CIRIEC) \u2013\u00a0&#8216;Economia\u00a0Social\u00a0e\u00a0Solid\u00e1ria, Sustentabilidade\u00a0e\u00a0Inova\u00e7\u00e3o: enfrentando os velhos\u00a0e\u00a0os novos problemas sociais&#8217;<\/span>, iniciativa do Centro de Investiga\u00e7\u00e3o\u00a0e\u00a0Pesquisa\u00a0em\u00a0Economia\u00a0P\u00fablica\u00a0e\u00a0Social\u00a0(CIRIEC Brasil), do Centro de Ci\u00eancias do Ambiente (CCA) da Universidade Federal do Amazonas, por meio do Programa de P\u00f3s-Gradua\u00e7\u00e3o em Ci\u00eancias Ambientais (PPGCASA)\u00a0e\u00a0institui\u00e7\u00f5es parceiras\u00a0e apoiadores, ser\u00e1 composta por mesas tem\u00e1ticas, grupos de trabalho, palestras,\u00a0e\u00a0apresenta\u00e7\u00e3o de trabalhos. Dessa forma, o evento ir\u00e1 congregar docentes\u00a0e\u00a0discentes de programas de p\u00f3s-gradua\u00e7\u00e3o, pesquisadores, membros do CIRIEC nacional\u00a0e\u00a0internacional, t\u00e9cnicos de organiza\u00e7\u00f5es governamentais\u00a0e\u00a0n\u00e3o governamentais, l\u00edderes\u00a0e\u00a0empreendedores sociais de comunidades locais\u00a0e\u00a0tamb\u00e9m docentes\u00a0e\u00a0discentes da gradua\u00e7\u00e3o, permitindo o interc\u00e2mbio\u00a0e\u00a0o surgimento\u00a0e\u00a0o fortalecimento de redes de coopera\u00e7\u00e3o, assim como ampliar a divulga\u00e7\u00e3o de conhecimentos gerados em todo o mundo\u00a0sobre\u00a0a tem\u00e1tica.<\/span><\/p>\n<p style=\"text-align: left\">Data:<strong>20 de novembro a 2 de dezembro de 2017<\/strong>.<br \/>\nLocal:<strong> Universidade Federal do Amazonas (UFAM) \u2013 Manaus, AM<\/strong>.<\/p>\n<p>Mais informa\u00e7\u00f5es no <a rel=\"nofollow\" href=\"http:\/\/6cipsessol.ciriec-brasil.org.br\/\" target=\"_blank\">link<\/a>.<\/p>\n<p>&nbsp;<\/p>\n<hr \/>\n<p>&nbsp;<\/p>\n<p><a rel=\"nofollow\" href=\"http:\/\/www.alas2017.com\/\" target=\"_blank\"><img loading=\"lazy\" decoding=\"async\" class=\"alignleft size-full wp-image-10416\" src=\"https:\/\/institucional.ufrrj.br\/portalcpda\/files\/2017\/01\/alas2017.png\" alt=\"\" width=\"514\" height=\"220\" srcset=\"https:\/\/institucional.ufrrj.br\/portalcpda\/files\/2017\/01\/alas2017.png 514w, https:\/\/institucional.ufrrj.br\/portalcpda\/files\/2017\/01\/alas2017-300x128.png 300w\" sizes=\"auto, (max-width: 514px) 100vw, 514px\" \/><\/a><\/p>\n<p>&nbsp;<\/p>\n<p><span style=\"text-align: justify\">O <\/span><span style=\"color: #0b8d99\">XXXI Congresso da ALAS (Asociaci\u00f3n Latinoamericana de Sociologia)<\/span><span style=\"text-align: justify\"> se realizar\u00e1 no Uruguai com o tema &#8216;As encruzilhadas abertas da Am\u00e9rica Latina \u2013 A Sociologia em tempos de mudan\u00e7a&#8217;.<\/span><\/p>\n<p style=\"text-align: left\">Data:<strong>3 a 8 de dezembro de 2017<\/strong>.<br \/>\nLocal:<strong> Montevid\u00e9u, Uruguai<\/strong>.<\/p>\n<p><strong>Prazos importantes: <\/strong><a rel=\"nofollow\" href=\"http:\/\/www.alas2017.com\/fechas-importantes\/\" target=\"_blank\">neste link<\/a>.<\/p>\n<p>Mais informa\u00e7\u00f5es no <a rel=\"nofollow\" href=\"http:\/\/www.alas2017.com\/\" target=\"_blank\">link<\/a>.<\/p>\n<p>&nbsp;<\/p>\n<hr \/>\n","protected":false},"excerpt":{"rendered":"<p>Os eventos est\u00e3o ordenados cronologicamente. Role a p\u00e1gina at\u00e9 o final para visualizar todos. &nbsp; &nbsp; O VIII Simp\u00f3sio Internacional <a class=\"read-more\" href=\"https:\/\/institucional.ufrrj.br\/portalcpda\/eventos-academicos-2017\/ \" >&#8230; <span class=\"font-italic\">leia mais <i class=\"fas fa-angle-right\"><\/i><\/span><\/a><\/p>\n","protected":false},"author":634,"featured_media":0,"parent":0,"menu_order":0,"comment_status":"open","ping_status":"open","template":"","meta":{"_acf_changed":false,"footnotes":""},"class_list":["post-11089","page","type-page","status-publish","hentry"],"yoast_head":"<!-- This site is optimized with the Yoast SEO plugin v27.2 - https:\/\/yoast.com\/product\/yoast-seo-wordpress\/ -->\n<title>Eventos Acad\u00eamicos 2017 - CPDA<\/title>\n<meta name=\"robots\" content=\"index, follow, max-snippet:-1, max-image-preview:large, max-video-preview:-1\" \/>\n<link rel=\"canonical\" href=\"https:\/\/institucional.ufrrj.br\/portalcpda\/eventos-academicos-2017\/\" \/>\n<meta property=\"og:locale\" content=\"pt_BR\" \/>\n<meta property=\"og:type\" content=\"article\" \/>\n<meta property=\"og:title\" content=\"Eventos Acad\u00eamicos 2017 - CPDA\" \/>\n<meta property=\"og:description\" content=\"Os eventos est\u00e3o ordenados cronologicamente. Role a p\u00e1gina at\u00e9 o final para visualizar todos. &nbsp; &nbsp; O VIII Simp\u00f3sio Internacional ... leia mais\" \/>\n<meta property=\"og:url\" content=\"https:\/\/institucional.ufrrj.br\/portalcpda\/eventos-academicos-2017\/\" \/>\n<meta property=\"og:site_name\" content=\"CPDA\" \/>\n<meta property=\"article:modified_time\" content=\"2018-06-29T19:13:41+00:00\" \/>\n<meta property=\"og:image\" content=\"https:\/\/institucional.ufrrj.br\/portalcpda\/files\/2017\/01\/singa20171.png\" \/>\n\t<meta property=\"og:image:width\" content=\"897\" \/>\n\t<meta property=\"og:image:height\" content=\"226\" \/>\n\t<meta property=\"og:image:type\" content=\"image\/png\" \/>\n<meta name=\"twitter:card\" content=\"summary_large_image\" \/>\n<meta name=\"twitter:label1\" content=\"Est. tempo de leitura\" \/>\n\t<meta name=\"twitter:data1\" content=\"3 minutos\" \/>\n<script type=\"application\/ld+json\" class=\"yoast-schema-graph\">{\"@context\":\"https:\/\/schema.org\",\"@graph\":[{\"@type\":\"WebPage\",\"@id\":\"https:\/\/institucional.ufrrj.br\/portalcpda\/eventos-academicos-2017\/\",\"url\":\"https:\/\/institucional.ufrrj.br\/portalcpda\/eventos-academicos-2017\/\",\"name\":\"Eventos Acad\u00eamicos 2017 - CPDA\",\"isPartOf\":{\"@id\":\"https:\/\/institucional.ufrrj.br\/portalcpda\/#website\"},\"primaryImageOfPage\":{\"@id\":\"https:\/\/institucional.ufrrj.br\/portalcpda\/eventos-academicos-2017\/#primaryimage\"},\"image\":{\"@id\":\"https:\/\/institucional.ufrrj.br\/portalcpda\/eventos-academicos-2017\/#primaryimage\"},\"thumbnailUrl\":\"http:\/\/r1.ufrrj.br\/cpda\/wp-content\/uploads\/2017\/01\/singa20171-300x75.png\",\"datePublished\":\"2017-06-26T17:03:04+00:00\",\"dateModified\":\"2018-06-29T19:13:41+00:00\",\"breadcrumb\":{\"@id\":\"https:\/\/institucional.ufrrj.br\/portalcpda\/eventos-academicos-2017\/#breadcrumb\"},\"inLanguage\":\"pt-BR\",\"potentialAction\":[{\"@type\":\"ReadAction\",\"target\":[\"https:\/\/institucional.ufrrj.br\/portalcpda\/eventos-academicos-2017\/\"]}]},{\"@type\":\"ImageObject\",\"inLanguage\":\"pt-BR\",\"@id\":\"https:\/\/institucional.ufrrj.br\/portalcpda\/eventos-academicos-2017\/#primaryimage\",\"url\":\"http:\/\/r1.ufrrj.br\/cpda\/wp-content\/uploads\/2017\/01\/singa20171-300x75.png\",\"contentUrl\":\"http:\/\/r1.ufrrj.br\/cpda\/wp-content\/uploads\/2017\/01\/singa20171-300x75.png\"},{\"@type\":\"BreadcrumbList\",\"@id\":\"https:\/\/institucional.ufrrj.br\/portalcpda\/eventos-academicos-2017\/#breadcrumb\",\"itemListElement\":[{\"@type\":\"ListItem\",\"position\":1,\"name\":\"In\u00edcio\",\"item\":\"https:\/\/institucional.ufrrj.br\/portalcpda\/\"},{\"@type\":\"ListItem\",\"position\":2,\"name\":\"Eventos Acad\u00eamicos 2017\"}]},{\"@type\":\"WebSite\",\"@id\":\"https:\/\/institucional.ufrrj.br\/portalcpda\/#website\",\"url\":\"https:\/\/institucional.ufrrj.br\/portalcpda\/\",\"name\":\"CPDA\",\"description\":\"institucional.ufrrj.br\",\"potentialAction\":[{\"@type\":\"SearchAction\",\"target\":{\"@type\":\"EntryPoint\",\"urlTemplate\":\"https:\/\/institucional.ufrrj.br\/portalcpda\/?s={search_term_string}\"},\"query-input\":{\"@type\":\"PropertyValueSpecification\",\"valueRequired\":true,\"valueName\":\"search_term_string\"}}],\"inLanguage\":\"pt-BR\"}]}<\/script>\n<!-- \/ Yoast SEO plugin. -->","yoast_head_json":{"title":"Eventos Acad\u00eamicos 2017 - CPDA","robots":{"index":"index","follow":"follow","max-snippet":"max-snippet:-1","max-image-preview":"max-image-preview:large","max-video-preview":"max-video-preview:-1"},"canonical":"https:\/\/institucional.ufrrj.br\/portalcpda\/eventos-academicos-2017\/","og_locale":"pt_BR","og_type":"article","og_title":"Eventos Acad\u00eamicos 2017 - CPDA","og_description":"Os eventos est\u00e3o ordenados cronologicamente. Role a p\u00e1gina at\u00e9 o final para visualizar todos. &nbsp; &nbsp; O VIII Simp\u00f3sio Internacional ... leia mais","og_url":"https:\/\/institucional.ufrrj.br\/portalcpda\/eventos-academicos-2017\/","og_site_name":"CPDA","article_modified_time":"2018-06-29T19:13:41+00:00","og_image":[{"width":897,"height":226,"url":"https:\/\/institucional.ufrrj.br\/portalcpda\/files\/2017\/01\/singa20171.png","type":"image\/png"}],"twitter_card":"summary_large_image","twitter_misc":{"Est. tempo de leitura":"3 minutos"},"schema":{"@context":"https:\/\/schema.org","@graph":[{"@type":"WebPage","@id":"https:\/\/institucional.ufrrj.br\/portalcpda\/eventos-academicos-2017\/","url":"https:\/\/institucional.ufrrj.br\/portalcpda\/eventos-academicos-2017\/","name":"Eventos Acad\u00eamicos 2017 - CPDA","isPartOf":{"@id":"https:\/\/institucional.ufrrj.br\/portalcpda\/#website"},"primaryImageOfPage":{"@id":"https:\/\/institucional.ufrrj.br\/portalcpda\/eventos-academicos-2017\/#primaryimage"},"image":{"@id":"https:\/\/institucional.ufrrj.br\/portalcpda\/eventos-academicos-2017\/#primaryimage"},"thumbnailUrl":"http:\/\/r1.ufrrj.br\/cpda\/wp-content\/uploads\/2017\/01\/singa20171-300x75.png","datePublished":"2017-06-26T17:03:04+00:00","dateModified":"2018-06-29T19:13:41+00:00","breadcrumb":{"@id":"https:\/\/institucional.ufrrj.br\/portalcpda\/eventos-academicos-2017\/#breadcrumb"},"inLanguage":"pt-BR","potentialAction":[{"@type":"ReadAction","target":["https:\/\/institucional.ufrrj.br\/portalcpda\/eventos-academicos-2017\/"]}]},{"@type":"ImageObject","inLanguage":"pt-BR","@id":"https:\/\/institucional.ufrrj.br\/portalcpda\/eventos-academicos-2017\/#primaryimage","url":"http:\/\/r1.ufrrj.br\/cpda\/wp-content\/uploads\/2017\/01\/singa20171-300x75.png","contentUrl":"http:\/\/r1.ufrrj.br\/cpda\/wp-content\/uploads\/2017\/01\/singa20171-300x75.png"},{"@type":"BreadcrumbList","@id":"https:\/\/institucional.ufrrj.br\/portalcpda\/eventos-academicos-2017\/#breadcrumb","itemListElement":[{"@type":"ListItem","position":1,"name":"In\u00edcio","item":"https:\/\/institucional.ufrrj.br\/portalcpda\/"},{"@type":"ListItem","position":2,"name":"Eventos Acad\u00eamicos 2017"}]},{"@type":"WebSite","@id":"https:\/\/institucional.ufrrj.br\/portalcpda\/#website","url":"https:\/\/institucional.ufrrj.br\/portalcpda\/","name":"CPDA","description":"institucional.ufrrj.br","potentialAction":[{"@type":"SearchAction","target":{"@type":"EntryPoint","urlTemplate":"https:\/\/institucional.ufrrj.br\/portalcpda\/?s={search_term_string}"},"query-input":{"@type":"PropertyValueSpecification","valueRequired":true,"valueName":"search_term_string"}}],"inLanguage":"pt-BR"}]}},"acf":[],"_links":{"self":[{"href":"https:\/\/institucional.ufrrj.br\/portalcpda\/wp-json\/wp\/v2\/pages\/11089","targetHints":{"allow":["GET"]}}],"collection":[{"href":"https:\/\/institucional.ufrrj.br\/portalcpda\/wp-json\/wp\/v2\/pages"}],"about":[{"href":"https:\/\/institucional.ufrrj.br\/portalcpda\/wp-json\/wp\/v2\/types\/page"}],"author":[{"embeddable":true,"href":"https:\/\/institucional.ufrrj.br\/portalcpda\/wp-json\/wp\/v2\/users\/634"}],"replies":[{"embeddable":true,"href":"https:\/\/institucional.ufrrj.br\/portalcpda\/wp-json\/wp\/v2\/comments?post=11089"}],"version-history":[{"count":1,"href":"https:\/\/institucional.ufrrj.br\/portalcpda\/wp-json\/wp\/v2\/pages\/11089\/revisions"}],"predecessor-version":[{"id":14385,"href":"https:\/\/institucional.ufrrj.br\/portalcpda\/wp-json\/wp\/v2\/pages\/11089\/revisions\/14385"}],"wp:attachment":[{"href":"https:\/\/institucional.ufrrj.br\/portalcpda\/wp-json\/wp\/v2\/media?parent=11089"}],"curies":[{"name":"wp","href":"https:\/\/api.w.org\/{rel}","templated":true}]}}