{"id":107,"date":"2011-07-05T17:51:56","date_gmt":"2011-07-05T17:51:56","guid":{"rendered":"http:\/\/r1.ufrrj.br\/cpda\/?page_id=107"},"modified":"2018-06-29T16:15:15","modified_gmt":"2018-06-29T19:15:15","slug":"seminarios-de-doutorado","status":"publish","type":"page","link":"https:\/\/institucional.ufrrj.br\/portalcpda\/seminarios-de-doutorado\/","title":{"rendered":"Semin\u00e1rios de doutorado"},"content":{"rendered":"<p style=\"text-align: justify\">IH 1532<\/p>\n<p style=\"text-align: justify\">Disciplina obrigat\u00f3ria do Doutorado<br \/>\nN\u00famero de cr\u00e9ditos: 3<br \/>\nHoras aula: 4 (2 te\u00f3ricas e 2 pr\u00e1ticas)<br \/>\nProfessores respons\u00e1veis\u00a0: Maria Jos\u00e9 Carneiro e Leonilde Medeiros.<\/p>\n<p style=\"text-align: justify\"><strong>Objetivos<\/strong><\/p>\n<p style=\"text-align: justify\">A partir dos temas trazidos pelos alunos e que ser\u00e3o objetos de suas respectivas teses, pretende-se problematizar algumas quest\u00f5es centrais da constru\u00e7\u00e3o do objeto de pesquisa nas Ci\u00eancias Sociais, bem como discutir alguns temas relacionados \u00e0 produ\u00e7\u00e3o de dados.<\/p>\n<p style=\"text-align: justify\"><strong>Ementa<\/strong><\/p>\n<p style=\"text-align: justify\">A constru\u00e7\u00e3o do objeto e do problema da pesquisa, sua relev\u00e2ncia, suas hip\u00f3teses e o quadro te\u00f3rico e conceitual; os instrumentos e procedimentos de pesquisa, coleta e an\u00e1lise de informa\u00e7\u00f5es. Ao longo do curso ser\u00e3o discutidos temas centrais com que se defronta a pesquisa em Ci\u00eancias Sociais de forma a estabelecer um di\u00e1logo constante entre o pr\u00f3prio processo de elabora\u00e7\u00e3o dos objetos de tese e quest\u00f5es te\u00f3rico-metodol\u00f3gicas envolvidas na pesquisa.<\/p>\n<p style=\"text-align: justify\"><strong>Bibliografia<\/strong><\/p>\n<p style=\"text-align: justify\">ALBERTI, Verena. Hist\u00f3rias dentro da hist\u00f3ria. In: PINSKY, C. B. (org.) Fontes hist\u00f3ricas. S\u00e3o Paulo, Contexto, 2008.<br \/>\nALBERTI, Verena. Manual de hist\u00f3ria oral. Rio de Janeiro, FGV, 2004.<br \/>\nARBORIO, Anne-Marie. L&#8217;enquete et ses m\u00e9thodes: l&#8217;observation directe. Paris, Nathan Universit\u00e9, 1999.<br \/>\nBACELLAR, Carlos. Uso e mau uso dos arquivos. In: PINSKY, C. B. (org.). Fontes hist\u00f3ricas. S\u00e3o Paulo, Contexto, 2008.<br \/>\nBEAUD, St\u00e9phane e Weber, Florence. Guia para a pesquisa de campo. Produzir e analisar dados etnogr\u00e1ficos. Petr\u00f3polis, Vozes, 2007.<br \/>\nBECKER, Howard. M\u00e9todos de pesquisa em ci\u00eancias sociais. S\u00e3o Paulo: Hucitec, 1993, cap. 4. A hist\u00f3ria de vida e o mosaico cient\u00edfico. p. 101-115.<br \/>\nBECKER, Howard. Falando da sociedade: ensaios sobre as diferentes maneiras de representar o social. Rio de Janeiro, Zahar, 2009.<br \/>\nBOURDIEU, P. &#8220;Linguagem e poder simb\u00f3lico&#8221;. In: Bourdieu, P. A economia das trocas lingu\u00edsticas. S\u00e3o Paulo, Edusp, 1996.<br \/>\nBOURDIEU, P.; Chamboredon, J. C; Passeron, J.C. El oficio de soci\u00f3logo, Mexico, Siglo Veinteuno Editores, 1978, 2\u00aa ed. (h\u00e1 edi\u00e7\u00e3o em portugu\u00eas): Introdu\u00e7\u00e3o, parte 1 (A ruptura), parte 2 (A constru\u00e7\u00e3o do objeto), parte 3 (O racionalismo aplicado), Conclus\u00e3o (Sociologia do conhecimeto e epistemologia).<br \/>\nBOURDIEU, Pierre. Introdu\u00e7\u00e3o a uma sociologia reflexiva. In: O Poder Simb\u00f3lico, S\u00e3o Paulo\/Lisboa: Bertrand Brasil\/Difel, 1989.<br \/>\nBOURDIEU, Pierre. A ilus\u00e3o biogr\u00e1fica. In: FERREIRA, M. M. e AMADO, J. (orgs.). Usos e abusos da hist\u00f3ria oral. Rio de Janeiro, FGV, 1997.<br \/>\nCARDOSO, Ruth (org) A aventura antropol\u00f3gica. Teoria e pesquisa. Rio, Paz e Terra, 1986.<br \/>\nCARVALHO, Isabel C. Moura. Biografia, identidade e narrativa: elementos para uma an\u00e1lise hermen\u00eautica. Horizontes Antropol\u00f3gicos. Porto Alegre, Ano 9, no 19, julho de 2003. p. 283-302.<br \/>\nCASTEL, Robert. \u201cLa sociolog\u00eda y la respuesta a la demanda social\u201d in Lahire, Bernard (org). Para qu\u00e9 sirve la sociolog\u00eda? Bs. Aires, Siglo XXI, 2006.<br \/>\nCHAMPAGNE, Patrick. A ruptura com as pr\u00e9-constru\u00e7\u00f5es espont\u00e2neas ou eruditas. In: Champagne, P. et allii Inicia\u00e7\u00e3o \u00e0 Pr\u00e1tica Sociol\u00f3gica, Petr\u00f3polis, Vozes, 1998.<br \/>\nCOPANS, J. L\u2019enqu\u00eate ethnologie de terrain. Paris, Nathan Universit\u00e9, 1999.<br \/>\nCORCUFF, Philippe. Sociologia y compromisso: nuevas pistas epistemol\u00f3gicas despu\u00e9s de 1995. In Lahire, Bernard (org). Para qu\u00e9 sirve la sociolog\u00eda? Bs. Aires, Siglo XXI, 2006.<br \/>\nFERREIRA, Marieta de Moraes e Jana\u00edna Amado. Usos e abusos da hist\u00f3ria oral. Rio de Janeiro, FGV, 2005.<br \/>\nFLICK, Uwe. Entrevista epis\u00f3dica. In: Bauer W. Martin e George Gaskell (Orgs.). Pesquisa qualitativa com texto, imagem e som. Petr\u00f3polis, Vozes, 2008.<br \/>\nGiddens, Anthony. O que \u00e9 ci\u00eancia social? In: Giddens, A. Em defesa da sociologia. Ensaios, interpreta\u00e7\u00f5es e tr\u00e9plicas. S\u00e3o Paulo, Edunesp, 2001.<br \/>\nGILL, Rosalend. An\u00e1lise de discurso. In: Bauer W. Martin e George Gaskell (Orgs.). Pesquisa qualitativa com texto, imagem e som. Petr\u00f3polis, Vozes, 2008.<br \/>\nGINZBURG, Carlo; Castelnuovo, E.; Poni, C. O inquisidor como antrop\u00f3logo: uma analogia e as suas implica\u00e7\u00f5es. A micro-hist\u00f3ria e outros ensaios. Rio de Janeiro, Bertrand Brasil, 1989.<br \/>\nGINZBURG, Carlo. Sinais: ra\u00edzes de um paradigma indici\u00e1rio. In: GINZBURG, C., Mitos, emblemas e sinais \u2013 morfologia e hist\u00f3ria. S\u00e3o Paulo, Cia das Letras, 1999.<br \/>\nHAGUETTE, Teresa M. F. Metodologias qualitativas na sociologia. Petr\u00f3polis, Vozes, 1987.<br \/>\nJOVCHELOVITCH, Sandra e Martin W. BAUER. Entrevista narrativa. In: Bauer W. Martin e George Gaskell (Orgs.). Pesquisa qualitativa com texto, imagem e som. Petr\u00f3polis, Vozes, 2008.<br \/>\nLenoir, Remi. Objeto Sociol\u00f3gico e problema social. In Champagne, Patrick et al. Inicia\u00e7\u00e3o \u00e0 Pr\u00e1tica Sociol\u00f3gica, Rio de Janeiro, Vozes, 1998.<br \/>\nLOIZOS, Peter. V\u00eddeo, filme e fotografias como documentos de pesquisa. In: Bauer W. Martin e George Gaskell (orgs.). Pesquisa qualitativa com texto, imagem e som. Petr\u00f3polis: Vozes, 2008.<br \/>\nMAGNANI, Jos\u00e9 G. C. Etnografia como pr\u00e1tica e experi\u00eancia. Horizontes Antropol\u00f3gicos, Ano 15, n. 32, jul\/dez 2009. Ver: http:\/\/www6.ufrgs.br\/ppgas\/ha\/index.html<br \/>\nMARCUS, George. \u201cEthnographie du\/dans le yst\u00e8me-monde. L\u2019\u00e9mergence d\u2019une ethnographie multisitu\u00e9. In: Daniel Cefa\u00ef (org.) L\u2019engagement ethnographique. Paris. EHESS, 2010.<br \/>\nMERLI\u00c9, Dominique A constru\u00e7\u00e3o estat\u00edstica. In: Champagne, P. et allii Inicia\u00e7\u00e3o \u00e0 Pr\u00e1tica Sociol\u00f3gica, Petr\u00f3polis, Vozes, 1998.<br \/>\nMERLI\u00c9, Dominique. A constru\u00e7\u00e3o estat\u00edstica. In: Champagne, P. et al. (orgs.). Inicia\u00e7\u00e3o \u00e0 pr\u00e1tica sociol\u00f3gica, Petr\u00f3polis, Vozes, 1998.<br \/>\nMINAYO, Maria Cec\u00edloa. D. S.; SANCHES, Od\u00e9cio. Quantitativo-qualitativo: oposi\u00e7\u00e3o ou complementaridade? Cad. Sa\u00fade P\u00fablica, Rio de Janeiro, v. 9, n. 3, 239-262, 1993.<br \/>\nPEIRANO, Mariza. A favor da etnografia. Rio de Janeiro, Relume Dumar\u00e1, 1995.<br \/>\nPOLLACK, Michael. Mem\u00f3ria e identidade social, Estudos Hist\u00f3ricos, 10, 1992.<br \/>\nPORTELLI, Alessandro. O massacre de Civitella (Toscana: 29 de junho de 1944): mito, pol\u00edtica, luto e senso comum. In: FERREIRA, Marieta de Moraes e Jana\u00edna Amado (orgs). Usos e abusos da hist\u00f3ria oral. Rio de Janeiro, FGV, 2005.<br \/>\nPORTELLI, Alessandro. O que faz a hist\u00f3ria oral diferente. Projeto Hist\u00f3ria, n. 14. p. 15-40.<br \/>\nQUEIROZ, Maria Isaura P. Relatos orais: do diz\u00edvel ao indiz\u00edvel. In: VON SIMPSON, O. de M. (org.). Experimentos com hist\u00f3ria de vida. S\u00e3o Paulo, V\u00e9rtice, 1988.<br \/>\nROCHA, Decio; DEUSDAR\u00c1, Bruno. An\u00e1lise de conte\u00fado e an\u00e1lise do discurso: aproxima\u00e7\u00f5es e afastamentos na (re)constru\u00e7\u00e3o de uma trajet\u00f3ria. Alea, v. 7, n.2, dez. 2005, p. 305-322.<br \/>\nSANTOS, Boaventura de Sousa. A gram\u00e1tica do tempo. Para uma nova cultura pol\u00edtica. S\u00e3o Paulo, Cortez, 2006. Cap. 2. \u201cUma sociologia das aus\u00eancias e uma sociologia das emerg\u00eancias\u201d.<br \/>\nSINGLY, Fran\u00e7ois de. L&#8217;enquete et ses m\u00e9thodes: Le questionnaire. Paris, Nathan Universit\u00e9, 1999.<br \/>\nTHILLENT, Michel. Cr\u00edtica metodol\u00f3gica, investiga\u00e7\u00e3o social e enquete oper\u00e1ria. S\u00e3o Paulo, Polis, 1982.<br \/>\nTHOMPSON, Edward. P. A mis\u00e9ria da teoria. Rio de Janeiro, Zahar, 1981. p. 13 a 62.<\/p>\n","protected":false},"excerpt":{"rendered":"<p>IH 1532 Disciplina obrigat\u00f3ria do Doutorado N\u00famero de cr\u00e9ditos: 3 Horas aula: 4 (2 te\u00f3ricas e 2 pr\u00e1ticas) Professores respons\u00e1veis\u00a0: <a class=\"read-more\" href=\"https:\/\/institucional.ufrrj.br\/portalcpda\/seminarios-de-doutorado\/ \" >&#8230; <span class=\"font-italic\">leia mais <i class=\"fas fa-angle-right\"><\/i><\/span><\/a><\/p>\n","protected":false},"author":634,"featured_media":0,"parent":0,"menu_order":0,"comment_status":"open","ping_status":"open","template":"","meta":{"_acf_changed":false,"footnotes":""},"class_list":["post-107","page","type-page","status-publish","hentry"],"yoast_head":"<!-- This site is optimized with the Yoast SEO plugin v27.2 - https:\/\/yoast.com\/product\/yoast-seo-wordpress\/ -->\n<title>Semin\u00e1rios de doutorado - CPDA<\/title>\n<meta name=\"robots\" content=\"index, follow, max-snippet:-1, max-image-preview:large, max-video-preview:-1\" \/>\n<link rel=\"canonical\" href=\"https:\/\/institucional.ufrrj.br\/portalcpda\/seminarios-de-doutorado\/\" \/>\n<meta property=\"og:locale\" content=\"pt_BR\" \/>\n<meta property=\"og:type\" content=\"article\" \/>\n<meta property=\"og:title\" content=\"Semin\u00e1rios de doutorado - CPDA\" \/>\n<meta property=\"og:description\" content=\"IH 1532 Disciplina obrigat\u00f3ria do Doutorado N\u00famero de cr\u00e9ditos: 3 Horas aula: 4 (2 te\u00f3ricas e 2 pr\u00e1ticas) Professores respons\u00e1veis\u00a0: ... leia mais\" \/>\n<meta property=\"og:url\" content=\"https:\/\/institucional.ufrrj.br\/portalcpda\/seminarios-de-doutorado\/\" \/>\n<meta property=\"og:site_name\" content=\"CPDA\" \/>\n<meta property=\"article:modified_time\" content=\"2018-06-29T19:15:15+00:00\" \/>\n<meta name=\"twitter:card\" content=\"summary_large_image\" \/>\n<meta name=\"twitter:label1\" content=\"Est. tempo de leitura\" \/>\n\t<meta name=\"twitter:data1\" content=\"5 minutos\" \/>\n<script type=\"application\/ld+json\" class=\"yoast-schema-graph\">{\"@context\":\"https:\/\/schema.org\",\"@graph\":[{\"@type\":\"WebPage\",\"@id\":\"https:\/\/institucional.ufrrj.br\/portalcpda\/seminarios-de-doutorado\/\",\"url\":\"https:\/\/institucional.ufrrj.br\/portalcpda\/seminarios-de-doutorado\/\",\"name\":\"Semin\u00e1rios de doutorado - CPDA\",\"isPartOf\":{\"@id\":\"https:\/\/institucional.ufrrj.br\/portalcpda\/#website\"},\"datePublished\":\"2011-07-05T17:51:56+00:00\",\"dateModified\":\"2018-06-29T19:15:15+00:00\",\"breadcrumb\":{\"@id\":\"https:\/\/institucional.ufrrj.br\/portalcpda\/seminarios-de-doutorado\/#breadcrumb\"},\"inLanguage\":\"pt-BR\",\"potentialAction\":[{\"@type\":\"ReadAction\",\"target\":[\"https:\/\/institucional.ufrrj.br\/portalcpda\/seminarios-de-doutorado\/\"]}]},{\"@type\":\"BreadcrumbList\",\"@id\":\"https:\/\/institucional.ufrrj.br\/portalcpda\/seminarios-de-doutorado\/#breadcrumb\",\"itemListElement\":[{\"@type\":\"ListItem\",\"position\":1,\"name\":\"In\u00edcio\",\"item\":\"https:\/\/institucional.ufrrj.br\/portalcpda\/\"},{\"@type\":\"ListItem\",\"position\":2,\"name\":\"Semin\u00e1rios de doutorado\"}]},{\"@type\":\"WebSite\",\"@id\":\"https:\/\/institucional.ufrrj.br\/portalcpda\/#website\",\"url\":\"https:\/\/institucional.ufrrj.br\/portalcpda\/\",\"name\":\"CPDA\",\"description\":\"institucional.ufrrj.br\",\"potentialAction\":[{\"@type\":\"SearchAction\",\"target\":{\"@type\":\"EntryPoint\",\"urlTemplate\":\"https:\/\/institucional.ufrrj.br\/portalcpda\/?s={search_term_string}\"},\"query-input\":{\"@type\":\"PropertyValueSpecification\",\"valueRequired\":true,\"valueName\":\"search_term_string\"}}],\"inLanguage\":\"pt-BR\"}]}<\/script>\n<!-- \/ Yoast SEO plugin. -->","yoast_head_json":{"title":"Semin\u00e1rios de doutorado - CPDA","robots":{"index":"index","follow":"follow","max-snippet":"max-snippet:-1","max-image-preview":"max-image-preview:large","max-video-preview":"max-video-preview:-1"},"canonical":"https:\/\/institucional.ufrrj.br\/portalcpda\/seminarios-de-doutorado\/","og_locale":"pt_BR","og_type":"article","og_title":"Semin\u00e1rios de doutorado - CPDA","og_description":"IH 1532 Disciplina obrigat\u00f3ria do Doutorado N\u00famero de cr\u00e9ditos: 3 Horas aula: 4 (2 te\u00f3ricas e 2 pr\u00e1ticas) Professores respons\u00e1veis\u00a0: ... leia mais","og_url":"https:\/\/institucional.ufrrj.br\/portalcpda\/seminarios-de-doutorado\/","og_site_name":"CPDA","article_modified_time":"2018-06-29T19:15:15+00:00","twitter_card":"summary_large_image","twitter_misc":{"Est. tempo de leitura":"5 minutos"},"schema":{"@context":"https:\/\/schema.org","@graph":[{"@type":"WebPage","@id":"https:\/\/institucional.ufrrj.br\/portalcpda\/seminarios-de-doutorado\/","url":"https:\/\/institucional.ufrrj.br\/portalcpda\/seminarios-de-doutorado\/","name":"Semin\u00e1rios de doutorado - CPDA","isPartOf":{"@id":"https:\/\/institucional.ufrrj.br\/portalcpda\/#website"},"datePublished":"2011-07-05T17:51:56+00:00","dateModified":"2018-06-29T19:15:15+00:00","breadcrumb":{"@id":"https:\/\/institucional.ufrrj.br\/portalcpda\/seminarios-de-doutorado\/#breadcrumb"},"inLanguage":"pt-BR","potentialAction":[{"@type":"ReadAction","target":["https:\/\/institucional.ufrrj.br\/portalcpda\/seminarios-de-doutorado\/"]}]},{"@type":"BreadcrumbList","@id":"https:\/\/institucional.ufrrj.br\/portalcpda\/seminarios-de-doutorado\/#breadcrumb","itemListElement":[{"@type":"ListItem","position":1,"name":"In\u00edcio","item":"https:\/\/institucional.ufrrj.br\/portalcpda\/"},{"@type":"ListItem","position":2,"name":"Semin\u00e1rios de doutorado"}]},{"@type":"WebSite","@id":"https:\/\/institucional.ufrrj.br\/portalcpda\/#website","url":"https:\/\/institucional.ufrrj.br\/portalcpda\/","name":"CPDA","description":"institucional.ufrrj.br","potentialAction":[{"@type":"SearchAction","target":{"@type":"EntryPoint","urlTemplate":"https:\/\/institucional.ufrrj.br\/portalcpda\/?s={search_term_string}"},"query-input":{"@type":"PropertyValueSpecification","valueRequired":true,"valueName":"search_term_string"}}],"inLanguage":"pt-BR"}]}},"acf":[],"_links":{"self":[{"href":"https:\/\/institucional.ufrrj.br\/portalcpda\/wp-json\/wp\/v2\/pages\/107","targetHints":{"allow":["GET"]}}],"collection":[{"href":"https:\/\/institucional.ufrrj.br\/portalcpda\/wp-json\/wp\/v2\/pages"}],"about":[{"href":"https:\/\/institucional.ufrrj.br\/portalcpda\/wp-json\/wp\/v2\/types\/page"}],"author":[{"embeddable":true,"href":"https:\/\/institucional.ufrrj.br\/portalcpda\/wp-json\/wp\/v2\/users\/634"}],"replies":[{"embeddable":true,"href":"https:\/\/institucional.ufrrj.br\/portalcpda\/wp-json\/wp\/v2\/comments?post=107"}],"version-history":[{"count":2,"href":"https:\/\/institucional.ufrrj.br\/portalcpda\/wp-json\/wp\/v2\/pages\/107\/revisions"}],"predecessor-version":[{"id":14442,"href":"https:\/\/institucional.ufrrj.br\/portalcpda\/wp-json\/wp\/v2\/pages\/107\/revisions\/14442"}],"wp:attachment":[{"href":"https:\/\/institucional.ufrrj.br\/portalcpda\/wp-json\/wp\/v2\/media?parent=107"}],"curies":[{"name":"wp","href":"https:\/\/api.w.org\/{rel}","templated":true}]}}