{"id":10593,"date":"2017-04-24T17:35:21","date_gmt":"2017-04-24T20:35:21","guid":{"rendered":"http:\/\/r1.ufrrj.br\/cpda\/?page_id=10593"},"modified":"2018-06-29T16:12:19","modified_gmt":"2018-06-29T19:12:19","slug":"disciplinas","status":"publish","type":"page","link":"https:\/\/institucional.ufrrj.br\/portalcpda\/disciplinas\/","title":{"rendered":"Agricultura e Estruturas Agroindustriais \u2013 Temas do Sistema Agroalimentar"},"content":{"rendered":"<p><strong>IH 1510<\/strong><\/p>\n<p>N\u00famero de cr\u00e9ditos: 3<\/p>\n<p>Horas aula: 60<\/p>\n<p>Professor Respons\u00e1vel: John Wilkinson<\/p>\n<p><strong>OBJETIVOS:<\/strong><\/p>\n<p>Oferecer um panorama das grandes transforma\u00e7\u00f5es no sistema agroalimentar mundial e brasileiro e introduzir os principais enfoques anal\u00edticos utilizados na sua<br \/>\ninterpreta\u00e7\u00e3o.<\/p>\n<p><strong>EMENTA:<\/strong><br \/>\n1. O Sistema Agroalimentar Mundial.<br \/>\n2. Agroind\u00fastria e industrializa\u00e7\u00e3o da agricultura<br \/>\n3. O Agroalimentar Brasileiro<br \/>\n4. Desregulamenta\u00e7\u00e3o, abertura e privatiza\u00e7\u00e3o<br \/>\n5. A quest\u00e3o de coordena\u00e7\u00e3o<br \/>\n6. Mercados de qualidade e novos atores<br \/>\n7. O novo varejo e a din\u00e2mica de consumo<br \/>\n8. De Norte\/Sul para Sul\/Sul<br \/>\n9. Biocombust\u00edveis<br \/>\n10. Investimento estrangeiro e a terra<br \/>\n11. Financeiriza\u00e7\u00e3o e o sistema agroalimentar<br \/>\n12. Que futuro para o sistema agroalimentar?<\/p>\n<p><strong>BIBLIOGRAFIA:<\/strong><\/p>\n<p style=\"text-align: justify\">Allaire, G. &amp;amp; B. Daviron, Transformations Agricoles et Alimentaires, QUAE, 2017 Chadad, F. The Economics and Organization of Brazilian Agriculture, Elsevier, 2016<br \/>\nDelgado, G. Do \u2018capital financeiro na agricultura\u2019 \u00e0 economia do agroneg\u00f3cio: mudan\u00e7as c\u00edclicas em meio s\u00e9culo (1965-2012). Porto Alegre: UFRGS, 2012 Friedmann, H., \u201cThe Political Economy of Food. The Rise and Fall of the Postwar International Food Order\u201d, American Journal of Sociology, supplement vol 88, 1982 Friedmann, H., &amp;amp; P. McMichael, \u201cAgriculture and the State System: the rise and decline of national agricultures, 1870 to the present\u201d, Sociologia Ruralis, vol XXIX, 1989, Goodman, D., E. M. Dupuis &amp;amp; M. K. Goodman, Alternative Food Networks, Routledge, 2014 Goodman, D., B. Sorj &amp;amp; J. Wilkinson, Da Lavoura \u00e0s Biotecnologias, Campus, 1990 Gras C. &amp;amp; Hernandez, V., El Agro como Negocio, Ed Biblos, 2013 HLPE, Biocombustibles y Seguridad Alimentaria, Roma, 2013 Isakson, S. R., \u201cFood and finance: the financial transformations of agro-food supply chains\u201d. Journal of Peasant Studies, 41(5), p. 749-775, 2014 Lawrence, G. &amp;amp; J. Dixon, The Political Economy of Agri-food: Supermarkets, Handbook of the International Political Economy of Agriculture and Food, Elgar, 2015 Wilkinson, J., P. Nierdele &amp;amp; G. Mascarenhas, O Sabor da Origem, Escritos, 2016 Wilkinson, J. Mercados , Redes e Valores, UFRGS, 2008 Wilkinson, J., V. Wesz, Jnr &amp;amp; A. Lopane, \u201cBrazil and China: the agribusiness connection in a Southern Cone context\u201d, Third World Thematics, 2016 Zylbersztajn, D.,\u201d Coordena\u00e7\u00e3o e Governan\u00e7a de Sistemas Agroindustriais\u201d in O Mundo<br \/>\nRural no Brasil do S\u00e9culo 21eds Buainaim, Alves, Da Silveira $ Navarros, Embrapa, 2014<\/p>\n<div class=\"dc\"><\/div>\n","protected":false},"excerpt":{"rendered":"<p>IH 1510 N\u00famero de cr\u00e9ditos: 3 Horas aula: 60 Professor Respons\u00e1vel: John Wilkinson OBJETIVOS: Oferecer um panorama das grandes transforma\u00e7\u00f5es <a class=\"read-more\" href=\"https:\/\/institucional.ufrrj.br\/portalcpda\/disciplinas\/ \" >&#8230; <span class=\"font-italic\">leia mais <i class=\"fas fa-angle-right\"><\/i><\/span><\/a><\/p>\n","protected":false},"author":634,"featured_media":0,"parent":0,"menu_order":0,"comment_status":"open","ping_status":"open","template":"","meta":{"_acf_changed":false,"footnotes":""},"class_list":["post-10593","page","type-page","status-publish","hentry"],"yoast_head":"<!-- This site is optimized with the Yoast SEO plugin v27.2 - https:\/\/yoast.com\/product\/yoast-seo-wordpress\/ -->\n<title>Agricultura e Estruturas Agroindustriais \u2013 Temas do Sistema Agroalimentar - CPDA<\/title>\n<meta name=\"robots\" content=\"index, follow, max-snippet:-1, max-image-preview:large, max-video-preview:-1\" \/>\n<link rel=\"canonical\" href=\"https:\/\/institucional.ufrrj.br\/portalcpda\/disciplinas\/\" \/>\n<meta property=\"og:locale\" content=\"pt_BR\" \/>\n<meta property=\"og:type\" content=\"article\" \/>\n<meta property=\"og:title\" content=\"Agricultura e Estruturas Agroindustriais \u2013 Temas do Sistema Agroalimentar - CPDA\" \/>\n<meta property=\"og:description\" content=\"IH 1510 N\u00famero de cr\u00e9ditos: 3 Horas aula: 60 Professor Respons\u00e1vel: John Wilkinson OBJETIVOS: Oferecer um panorama das grandes transforma\u00e7\u00f5es ... leia mais\" \/>\n<meta property=\"og:url\" content=\"https:\/\/institucional.ufrrj.br\/portalcpda\/disciplinas\/\" \/>\n<meta property=\"og:site_name\" content=\"CPDA\" \/>\n<meta property=\"article:modified_time\" content=\"2018-06-29T19:12:19+00:00\" \/>\n<meta name=\"twitter:card\" content=\"summary_large_image\" \/>\n<meta name=\"twitter:label1\" content=\"Est. tempo de leitura\" \/>\n\t<meta name=\"twitter:data1\" content=\"2 minutos\" \/>\n<script type=\"application\/ld+json\" class=\"yoast-schema-graph\">{\"@context\":\"https:\/\/schema.org\",\"@graph\":[{\"@type\":\"WebPage\",\"@id\":\"https:\/\/institucional.ufrrj.br\/portalcpda\/disciplinas\/\",\"url\":\"https:\/\/institucional.ufrrj.br\/portalcpda\/disciplinas\/\",\"name\":\"Agricultura e Estruturas Agroindustriais \u2013 Temas do Sistema Agroalimentar - CPDA\",\"isPartOf\":{\"@id\":\"https:\/\/institucional.ufrrj.br\/portalcpda\/#website\"},\"datePublished\":\"2017-04-24T20:35:21+00:00\",\"dateModified\":\"2018-06-29T19:12:19+00:00\",\"breadcrumb\":{\"@id\":\"https:\/\/institucional.ufrrj.br\/portalcpda\/disciplinas\/#breadcrumb\"},\"inLanguage\":\"pt-BR\",\"potentialAction\":[{\"@type\":\"ReadAction\",\"target\":[\"https:\/\/institucional.ufrrj.br\/portalcpda\/disciplinas\/\"]}]},{\"@type\":\"BreadcrumbList\",\"@id\":\"https:\/\/institucional.ufrrj.br\/portalcpda\/disciplinas\/#breadcrumb\",\"itemListElement\":[{\"@type\":\"ListItem\",\"position\":1,\"name\":\"In\u00edcio\",\"item\":\"https:\/\/institucional.ufrrj.br\/portalcpda\/\"},{\"@type\":\"ListItem\",\"position\":2,\"name\":\"Agricultura e Estruturas Agroindustriais \u2013 Temas do Sistema Agroalimentar\"}]},{\"@type\":\"WebSite\",\"@id\":\"https:\/\/institucional.ufrrj.br\/portalcpda\/#website\",\"url\":\"https:\/\/institucional.ufrrj.br\/portalcpda\/\",\"name\":\"CPDA\",\"description\":\"institucional.ufrrj.br\",\"potentialAction\":[{\"@type\":\"SearchAction\",\"target\":{\"@type\":\"EntryPoint\",\"urlTemplate\":\"https:\/\/institucional.ufrrj.br\/portalcpda\/?s={search_term_string}\"},\"query-input\":{\"@type\":\"PropertyValueSpecification\",\"valueRequired\":true,\"valueName\":\"search_term_string\"}}],\"inLanguage\":\"pt-BR\"}]}<\/script>\n<!-- \/ Yoast SEO plugin. -->","yoast_head_json":{"title":"Agricultura e Estruturas Agroindustriais \u2013 Temas do Sistema Agroalimentar - CPDA","robots":{"index":"index","follow":"follow","max-snippet":"max-snippet:-1","max-image-preview":"max-image-preview:large","max-video-preview":"max-video-preview:-1"},"canonical":"https:\/\/institucional.ufrrj.br\/portalcpda\/disciplinas\/","og_locale":"pt_BR","og_type":"article","og_title":"Agricultura e Estruturas Agroindustriais \u2013 Temas do Sistema Agroalimentar - CPDA","og_description":"IH 1510 N\u00famero de cr\u00e9ditos: 3 Horas aula: 60 Professor Respons\u00e1vel: John Wilkinson OBJETIVOS: Oferecer um panorama das grandes transforma\u00e7\u00f5es ... leia mais","og_url":"https:\/\/institucional.ufrrj.br\/portalcpda\/disciplinas\/","og_site_name":"CPDA","article_modified_time":"2018-06-29T19:12:19+00:00","twitter_card":"summary_large_image","twitter_misc":{"Est. tempo de leitura":"2 minutos"},"schema":{"@context":"https:\/\/schema.org","@graph":[{"@type":"WebPage","@id":"https:\/\/institucional.ufrrj.br\/portalcpda\/disciplinas\/","url":"https:\/\/institucional.ufrrj.br\/portalcpda\/disciplinas\/","name":"Agricultura e Estruturas Agroindustriais \u2013 Temas do Sistema Agroalimentar - CPDA","isPartOf":{"@id":"https:\/\/institucional.ufrrj.br\/portalcpda\/#website"},"datePublished":"2017-04-24T20:35:21+00:00","dateModified":"2018-06-29T19:12:19+00:00","breadcrumb":{"@id":"https:\/\/institucional.ufrrj.br\/portalcpda\/disciplinas\/#breadcrumb"},"inLanguage":"pt-BR","potentialAction":[{"@type":"ReadAction","target":["https:\/\/institucional.ufrrj.br\/portalcpda\/disciplinas\/"]}]},{"@type":"BreadcrumbList","@id":"https:\/\/institucional.ufrrj.br\/portalcpda\/disciplinas\/#breadcrumb","itemListElement":[{"@type":"ListItem","position":1,"name":"In\u00edcio","item":"https:\/\/institucional.ufrrj.br\/portalcpda\/"},{"@type":"ListItem","position":2,"name":"Agricultura e Estruturas Agroindustriais \u2013 Temas do Sistema Agroalimentar"}]},{"@type":"WebSite","@id":"https:\/\/institucional.ufrrj.br\/portalcpda\/#website","url":"https:\/\/institucional.ufrrj.br\/portalcpda\/","name":"CPDA","description":"institucional.ufrrj.br","potentialAction":[{"@type":"SearchAction","target":{"@type":"EntryPoint","urlTemplate":"https:\/\/institucional.ufrrj.br\/portalcpda\/?s={search_term_string}"},"query-input":{"@type":"PropertyValueSpecification","valueRequired":true,"valueName":"search_term_string"}}],"inLanguage":"pt-BR"}]}},"acf":[],"_links":{"self":[{"href":"https:\/\/institucional.ufrrj.br\/portalcpda\/wp-json\/wp\/v2\/pages\/10593","targetHints":{"allow":["GET"]}}],"collection":[{"href":"https:\/\/institucional.ufrrj.br\/portalcpda\/wp-json\/wp\/v2\/pages"}],"about":[{"href":"https:\/\/institucional.ufrrj.br\/portalcpda\/wp-json\/wp\/v2\/types\/page"}],"author":[{"embeddable":true,"href":"https:\/\/institucional.ufrrj.br\/portalcpda\/wp-json\/wp\/v2\/users\/634"}],"replies":[{"embeddable":true,"href":"https:\/\/institucional.ufrrj.br\/portalcpda\/wp-json\/wp\/v2\/comments?post=10593"}],"version-history":[{"count":2,"href":"https:\/\/institucional.ufrrj.br\/portalcpda\/wp-json\/wp\/v2\/pages\/10593\/revisions"}],"predecessor-version":[{"id":14336,"href":"https:\/\/institucional.ufrrj.br\/portalcpda\/wp-json\/wp\/v2\/pages\/10593\/revisions\/14336"}],"wp:attachment":[{"href":"https:\/\/institucional.ufrrj.br\/portalcpda\/wp-json\/wp\/v2\/media?parent=10593"}],"curies":[{"name":"wp","href":"https:\/\/api.w.org\/{rel}","templated":true}]}}