{"id":105,"date":"2011-07-05T17:50:45","date_gmt":"2011-07-05T17:50:45","guid":{"rendered":"http:\/\/r1.ufrrj.br\/cpda\/?page_id=105"},"modified":"2018-06-29T16:14:29","modified_gmt":"2018-06-29T19:14:29","slug":"metodos-de-pesquisa-em-ciencias-sociais-ii","status":"publish","type":"page","link":"https:\/\/institucional.ufrrj.br\/portalcpda\/metodos-de-pesquisa-em-ciencias-sociais-ii\/","title":{"rendered":"M\u00e9todos de pesquisa em Ci\u00eancias Sociais II"},"content":{"rendered":"<div>\n<div style=\"text-align: justify\">IH 1535<\/div>\n<div style=\"text-align: justify\">Disciplina obrigat\u00f3ria para o Mestrado<br \/>\nN\u00famero de cr\u00e9ditos: 3<br \/>\nHoras aula: 4 (2 te\u00f3ricas e 2 pr\u00e1ticas)<br \/>\nProfessores respons\u00e1veis:\u00a0Maria Jos\u00e9 Carneiro, Cl\u00e1udia Job Schmitt, D\u00e9bora Franco Lerrer e Thereza Menezes.<\/div>\n<div style=\"text-align: justify\"><strong>Objetivos <\/strong><\/div>\n<p style=\"text-align: justify\">Oferecer aos alunos elementos para a elabora\u00e7\u00e3o do projeto de disserta\u00e7\u00e3o; discuss\u00e3o e acompanhamento do projeto de disserta\u00e7\u00e3o.<\/p>\n<div style=\"text-align: justify\"><\/div>\n<div style=\"text-align: justify\"><strong>Ementa<\/strong><\/div>\n<p style=\"text-align: justify\">Apresenta\u00e7\u00e3o e discuss\u00e3o de instrumentos e procedimentos de pesquisa, coleta e an\u00e1lise de informa\u00e7\u00f5es, a constru\u00e7\u00e3o do objeto e do problema da pesquisa, sua relev\u00e2ncia, suas hip\u00f3teses e o quadro te\u00f3rico e conceitual (observa\u00e7\u00e3o participante, entrevistas, hist\u00f3rias de vida e relatos orais, estudos de caso, estudos comparativos, pesquisa quantitativa tipo survey, an\u00e1lise documental, entre outros).<\/p>\n<div style=\"text-align: justify\"><\/div>\n<div style=\"text-align: justify\"><strong>Bibliografia<\/strong><\/div>\n<p style=\"text-align: justify\">ALBERTI, Verena. Hist\u00f3rias dentro da hist\u00f3ria. In: PINSKY, C. B. (org.) Fontes hist\u00f3ricas. S\u00e3o Paulo: Contexto, 2008.<\/p>\n<div style=\"text-align: justify\">ALBERTI, Verena. Manual de hist\u00f3ria oral. Rio de Janeiro: FGV, 2004.<\/div>\n<div style=\"text-align: justify\">BACELLAR, Carlos. Uso e mau uso dos arquivos. In: PINSKY, C. B. (org.) Fontes hist\u00f3ricas. S\u00e3o Paulo: Contexto, 2008.<\/div>\n<div style=\"text-align: justify\">BARREMAN, Gerald. Por detr\u00e1s de muitas m\u00e1scaras. In Zaluar, A. Desvendando m\u00e1scaras sociais. Rio de Janeiro, Francisco Alves, 1975 (p. 124-174).<\/div>\n<div style=\"text-align: justify\">BECKER, Howard.\u00a0 M\u00e9todos de pesquisa em ci\u00eancias sociais. S\u00e3o Paulo: Hucitec, 1993, cap. 4. A Hist\u00f3ria de Vida e o Mosaico Cient\u00edfico. p. 101-115.<\/div>\n<div style=\"text-align: justify\">BERTAUX, D. &#8211; L\u2019approche biographique: sa validit\u00e9 m\u00e9thodologique, ses pontentialit\u00e9s.\u00a0 Cahiers Internationaux de Sociologie, Paris, 1969. 197-225.<\/div>\n<div style=\"text-align: justify\">BOURDIEU, Pierre. A ilus\u00e3o biogr\u00e1fica. In: FERREIRA, M.M. e AMADO, J. (orgs.). Usos e abusos da hist\u00f3ria oral. Rio de Janeiro: FGV, 1997.<\/div>\n<div style=\"text-align: justify\">CARVALHO, Isabel C. Moura. Biografia, identidade e narrativa: elementos para uma an\u00e1lise hermen\u00eautica. Horizontes Antropol\u00f3gicos. Porto Alegre, Ano 9, no 19, julho de 2003. p. 283-302.<\/div>\n<div style=\"text-align: justify\">CLIFFORD, James. Sobre a autoridade etnogr\u00e1fica. In: Gon\u00e7alves, J. R. (org.) A Experi\u00eancia Etnogr\u00e1fica. Rio de Janeiro: Ed. UFRJ, 1998. (p: 17-63).<\/div>\n<div style=\"text-align: justify\">FLICK, Uwe. Entrevista epis\u00f3dica. In: Bauer W. Martin e George Gaskell (Orgs.). Pesquisa qualitativa com texto, imagem e som. Petr\u00f3polis: Vozes, 2008.<\/div>\n<div style=\"text-align: justify\">GEERTZ, Clifford. Um jogo absorvente: notas sobre a briga de galos balinesa. In: GEERTZ, C.\u00a0 A interpreta\u00e7\u00e3o das culturas. Rio de Janeiro: LTC, 1989. p. 278-321.<\/div>\n<div style=\"text-align: justify\">GINZBURG, Carlo; Castelnuovo, E.; Poni, C. O inquisidor como antrop\u00f3logo: uma analogia e as suas implica\u00e7\u00f5es. A micro-hist\u00f3ria e outros ensaios. Rio de Janeiro: Bertrand Brasil; Difus\u00e3o Editoral, 1989.<\/div>\n<div style=\"text-align: justify\">GINZBURG, Carlo. Sinais: ra\u00edzes de um paradigma indici\u00e1rio. In: GINZBURG, C., Mitos, emblemas e sinais \u2013 morfologia e hist\u00f3ria. S\u00e3o Paulo, Cia das Letras, 1999.<\/div>\n<div style=\"text-align: justify\">JOVCHELOVITCH, Sandra e Martin W. BAUER. Entrevista narrativa. In: Bauer W. Martin e George Gaskell (Orgs.). Pesquisa qualitativa com texto, imagem e som. Petr\u00f3polis: Vozes, 2008.<\/div>\n<div style=\"text-align: justify\">LOIZOS, Peter. V\u00eddeo, filme e fotografias como documentos de pesquisa. In: Bauer W. Martin e George Gaskell (orgs.). Pesquisa qualitativa com texto, imagem e som. Petr\u00f3polis: Vozes, 2008.<\/div>\n<div style=\"text-align: justify\">MAGNANI, Jos\u00e9 G. C. Etnografia como pr\u00e1tica e experi\u00eancia. Horizontes Antropol\u00f3gicos, Ano 15, n. 32, jul\/dez 2009. Ver: <a href=\"http:\/\/www6.ufrgs.br\/ppgas\/ha\/index.html\" target=\"_blank\" rel=\"nofollow noopener\"><span style=\"color: #000000\">http:\/\/www6.ufrgs.br\/ppgas\/ha\/index.html<\/span><\/a><\/div>\n<div style=\"text-align: justify\">PEIRANO, Mariza. A favor da etnografia. Rio de Janeiro: Relume Dumar\u00e1, 1995.<\/div>\n<div style=\"text-align: justify\">PORTELLI, Alessandro. O massacre de Civitella (Toscana: 29 de junho de 1944): mito, pol\u00edtica, luto e senso comum. In: FERREIRA, Marieta de Moraes e Jana\u00edna Amado (orgs). Usos e abusos da hist\u00f3ria oral. Rio de Janeiro, FGV, 2005.<\/div>\n<div style=\"text-align: justify\">PORTELLI, Alessandro. O que faz a hist\u00f3ria oral diferente. Projeto Hist\u00f3ria, n. 14. p. 15-40.<\/div>\n<div style=\"text-align: justify\">QUEIROZ, Maria Isaura P. Relatos orais: do diz\u00edvel ao indiz\u00edvel. In: VON SIMPSON, O. de M. (org.). Experimentos com hist\u00f3ria de vida. S\u00e3o Paulo: V\u00e9rtice, 1988.<\/div>\n<div style=\"text-align: justify\">THOMPSON, Edward. P. A mis\u00e9ria da teoria. Rio de Janeiro: Zahar, 1981. p. 13 a 62.<\/div>\n<div style=\"text-align: justify\"><a href=\"https:\/\/institucional.ufrrj.br\/portalcpda\/files\/2011\/07\/2015-02-M\u00e9todos-de-Pesquisa-em-Ci\u00eancias-Sociais-II.pdf\" rel=\"nofollow\">2015-02 M\u00e9todos de Pesquisa em Ci\u00eancias Sociais II<\/a><\/div>\n<\/div>\n","protected":false},"excerpt":{"rendered":"<p>IH 1535 Disciplina obrigat\u00f3ria para o Mestrado N\u00famero de cr\u00e9ditos: 3 Horas aula: 4 (2 te\u00f3ricas e 2 pr\u00e1ticas) Professores <a class=\"read-more\" href=\"https:\/\/institucional.ufrrj.br\/portalcpda\/metodos-de-pesquisa-em-ciencias-sociais-ii\/ \" >&#8230; <span class=\"font-italic\">leia mais <i class=\"fas fa-angle-right\"><\/i><\/span><\/a><\/p>\n","protected":false},"author":634,"featured_media":0,"parent":0,"menu_order":0,"comment_status":"open","ping_status":"open","template":"","meta":{"_acf_changed":false,"footnotes":""},"class_list":["post-105","page","type-page","status-publish","hentry"],"yoast_head":"<!-- This site is optimized with the Yoast SEO plugin v27.2 - https:\/\/yoast.com\/product\/yoast-seo-wordpress\/ -->\n<title>M\u00e9todos de pesquisa em Ci\u00eancias Sociais II - CPDA<\/title>\n<meta name=\"robots\" content=\"index, follow, max-snippet:-1, max-image-preview:large, max-video-preview:-1\" \/>\n<link rel=\"canonical\" href=\"https:\/\/institucional.ufrrj.br\/portalcpda\/metodos-de-pesquisa-em-ciencias-sociais-ii\/\" \/>\n<meta property=\"og:locale\" content=\"pt_BR\" \/>\n<meta property=\"og:type\" content=\"article\" \/>\n<meta property=\"og:title\" content=\"M\u00e9todos de pesquisa em Ci\u00eancias Sociais II - CPDA\" \/>\n<meta property=\"og:description\" content=\"IH 1535 Disciplina obrigat\u00f3ria para o Mestrado N\u00famero de cr\u00e9ditos: 3 Horas aula: 4 (2 te\u00f3ricas e 2 pr\u00e1ticas) Professores ... leia mais\" \/>\n<meta property=\"og:url\" content=\"https:\/\/institucional.ufrrj.br\/portalcpda\/metodos-de-pesquisa-em-ciencias-sociais-ii\/\" \/>\n<meta property=\"og:site_name\" content=\"CPDA\" \/>\n<meta property=\"article:modified_time\" content=\"2018-06-29T19:14:29+00:00\" \/>\n<meta name=\"twitter:card\" content=\"summary_large_image\" \/>\n<meta name=\"twitter:label1\" content=\"Est. tempo de leitura\" \/>\n\t<meta name=\"twitter:data1\" content=\"3 minutos\" \/>\n<script type=\"application\/ld+json\" class=\"yoast-schema-graph\">{\"@context\":\"https:\/\/schema.org\",\"@graph\":[{\"@type\":\"WebPage\",\"@id\":\"https:\/\/institucional.ufrrj.br\/portalcpda\/metodos-de-pesquisa-em-ciencias-sociais-ii\/\",\"url\":\"https:\/\/institucional.ufrrj.br\/portalcpda\/metodos-de-pesquisa-em-ciencias-sociais-ii\/\",\"name\":\"M\u00e9todos de pesquisa em Ci\u00eancias Sociais II - CPDA\",\"isPartOf\":{\"@id\":\"https:\/\/institucional.ufrrj.br\/portalcpda\/#website\"},\"datePublished\":\"2011-07-05T17:50:45+00:00\",\"dateModified\":\"2018-06-29T19:14:29+00:00\",\"breadcrumb\":{\"@id\":\"https:\/\/institucional.ufrrj.br\/portalcpda\/metodos-de-pesquisa-em-ciencias-sociais-ii\/#breadcrumb\"},\"inLanguage\":\"pt-BR\",\"potentialAction\":[{\"@type\":\"ReadAction\",\"target\":[\"https:\/\/institucional.ufrrj.br\/portalcpda\/metodos-de-pesquisa-em-ciencias-sociais-ii\/\"]}]},{\"@type\":\"BreadcrumbList\",\"@id\":\"https:\/\/institucional.ufrrj.br\/portalcpda\/metodos-de-pesquisa-em-ciencias-sociais-ii\/#breadcrumb\",\"itemListElement\":[{\"@type\":\"ListItem\",\"position\":1,\"name\":\"In\u00edcio\",\"item\":\"https:\/\/institucional.ufrrj.br\/portalcpda\/\"},{\"@type\":\"ListItem\",\"position\":2,\"name\":\"M\u00e9todos de pesquisa em Ci\u00eancias Sociais II\"}]},{\"@type\":\"WebSite\",\"@id\":\"https:\/\/institucional.ufrrj.br\/portalcpda\/#website\",\"url\":\"https:\/\/institucional.ufrrj.br\/portalcpda\/\",\"name\":\"CPDA\",\"description\":\"institucional.ufrrj.br\",\"potentialAction\":[{\"@type\":\"SearchAction\",\"target\":{\"@type\":\"EntryPoint\",\"urlTemplate\":\"https:\/\/institucional.ufrrj.br\/portalcpda\/?s={search_term_string}\"},\"query-input\":{\"@type\":\"PropertyValueSpecification\",\"valueRequired\":true,\"valueName\":\"search_term_string\"}}],\"inLanguage\":\"pt-BR\"}]}<\/script>\n<!-- \/ Yoast SEO plugin. -->","yoast_head_json":{"title":"M\u00e9todos de pesquisa em Ci\u00eancias Sociais II - CPDA","robots":{"index":"index","follow":"follow","max-snippet":"max-snippet:-1","max-image-preview":"max-image-preview:large","max-video-preview":"max-video-preview:-1"},"canonical":"https:\/\/institucional.ufrrj.br\/portalcpda\/metodos-de-pesquisa-em-ciencias-sociais-ii\/","og_locale":"pt_BR","og_type":"article","og_title":"M\u00e9todos de pesquisa em Ci\u00eancias Sociais II - CPDA","og_description":"IH 1535 Disciplina obrigat\u00f3ria para o Mestrado N\u00famero de cr\u00e9ditos: 3 Horas aula: 4 (2 te\u00f3ricas e 2 pr\u00e1ticas) Professores ... leia mais","og_url":"https:\/\/institucional.ufrrj.br\/portalcpda\/metodos-de-pesquisa-em-ciencias-sociais-ii\/","og_site_name":"CPDA","article_modified_time":"2018-06-29T19:14:29+00:00","twitter_card":"summary_large_image","twitter_misc":{"Est. tempo de leitura":"3 minutos"},"schema":{"@context":"https:\/\/schema.org","@graph":[{"@type":"WebPage","@id":"https:\/\/institucional.ufrrj.br\/portalcpda\/metodos-de-pesquisa-em-ciencias-sociais-ii\/","url":"https:\/\/institucional.ufrrj.br\/portalcpda\/metodos-de-pesquisa-em-ciencias-sociais-ii\/","name":"M\u00e9todos de pesquisa em Ci\u00eancias Sociais II - CPDA","isPartOf":{"@id":"https:\/\/institucional.ufrrj.br\/portalcpda\/#website"},"datePublished":"2011-07-05T17:50:45+00:00","dateModified":"2018-06-29T19:14:29+00:00","breadcrumb":{"@id":"https:\/\/institucional.ufrrj.br\/portalcpda\/metodos-de-pesquisa-em-ciencias-sociais-ii\/#breadcrumb"},"inLanguage":"pt-BR","potentialAction":[{"@type":"ReadAction","target":["https:\/\/institucional.ufrrj.br\/portalcpda\/metodos-de-pesquisa-em-ciencias-sociais-ii\/"]}]},{"@type":"BreadcrumbList","@id":"https:\/\/institucional.ufrrj.br\/portalcpda\/metodos-de-pesquisa-em-ciencias-sociais-ii\/#breadcrumb","itemListElement":[{"@type":"ListItem","position":1,"name":"In\u00edcio","item":"https:\/\/institucional.ufrrj.br\/portalcpda\/"},{"@type":"ListItem","position":2,"name":"M\u00e9todos de pesquisa em Ci\u00eancias Sociais II"}]},{"@type":"WebSite","@id":"https:\/\/institucional.ufrrj.br\/portalcpda\/#website","url":"https:\/\/institucional.ufrrj.br\/portalcpda\/","name":"CPDA","description":"institucional.ufrrj.br","potentialAction":[{"@type":"SearchAction","target":{"@type":"EntryPoint","urlTemplate":"https:\/\/institucional.ufrrj.br\/portalcpda\/?s={search_term_string}"},"query-input":{"@type":"PropertyValueSpecification","valueRequired":true,"valueName":"search_term_string"}}],"inLanguage":"pt-BR"}]}},"acf":[],"_links":{"self":[{"href":"https:\/\/institucional.ufrrj.br\/portalcpda\/wp-json\/wp\/v2\/pages\/105","targetHints":{"allow":["GET"]}}],"collection":[{"href":"https:\/\/institucional.ufrrj.br\/portalcpda\/wp-json\/wp\/v2\/pages"}],"about":[{"href":"https:\/\/institucional.ufrrj.br\/portalcpda\/wp-json\/wp\/v2\/types\/page"}],"author":[{"embeddable":true,"href":"https:\/\/institucional.ufrrj.br\/portalcpda\/wp-json\/wp\/v2\/users\/634"}],"replies":[{"embeddable":true,"href":"https:\/\/institucional.ufrrj.br\/portalcpda\/wp-json\/wp\/v2\/comments?post=105"}],"version-history":[{"count":2,"href":"https:\/\/institucional.ufrrj.br\/portalcpda\/wp-json\/wp\/v2\/pages\/105\/revisions"}],"predecessor-version":[{"id":14410,"href":"https:\/\/institucional.ufrrj.br\/portalcpda\/wp-json\/wp\/v2\/pages\/105\/revisions\/14410"}],"wp:attachment":[{"href":"https:\/\/institucional.ufrrj.br\/portalcpda\/wp-json\/wp\/v2\/media?parent=105"}],"curies":[{"name":"wp","href":"https:\/\/api.w.org\/{rel}","templated":true}]}}