{"id":74,"date":"2022-03-27T11:14:40","date_gmt":"2022-03-27T14:14:40","guid":{"rendered":"http:\/\/institucional.ufrrj.br\/pibid\/?page_id=74"},"modified":"2022-03-27T11:38:12","modified_gmt":"2022-03-27T14:38:12","slug":"inscricoes","status":"publish","type":"page","link":"https:\/\/institucional.ufrrj.br\/pibid\/inscricoes\/","title":{"rendered":"Inscri\u00e7\u00f5es"},"content":{"rendered":"\n<p>Para realizar a sua inscri\u00e7\u00e3o no II Semin\u00e1rio Institucional Integrado do Pibid e da Resid\u00eancia Pedag\u00f3gica da UFRRJ, acesse o link abaixo:<\/p>\n\n\n\n<p><a href=\"https:\/\/sigaa.ufrrj.br\/sigaa\/public\/extensao\/consulta_extensao.jsf\">https:\/\/sigaa.ufrrj.br\/sigaa\/public\/extensao\/consulta_extensao.jsf<\/a><\/p>\n\n\n\n<figure class=\"wp-block-image\"><img loading=\"lazy\" decoding=\"async\" width=\"1024\" height=\"407\" src=\"https:\/\/institucional.ufrrj.br\/pibid\/files\/2022\/03\/sigaa-1024x407.png\" alt=\"\" class=\"wp-image-77\" srcset=\"https:\/\/institucional.ufrrj.br\/pibid\/files\/2022\/03\/sigaa-1024x407.png 1024w, https:\/\/institucional.ufrrj.br\/pibid\/files\/2022\/03\/sigaa-300x119.png 300w, https:\/\/institucional.ufrrj.br\/pibid\/files\/2022\/03\/sigaa-768x305.png 768w, https:\/\/institucional.ufrrj.br\/pibid\/files\/2022\/03\/sigaa.png 1192w\" sizes=\"auto, (max-width: 1024px) 100vw, 1024px\" \/><\/figure>\n\n\n\n<p>Na tela acima, em &#8220;Tipo de Atividade&#8221;, escolha a op\u00e7\u00e3o &#8220;Evento&#8221;. Em T\u00edtulo da A\u00e7\u00e3o, escreve: &#8220;II Semin\u00e1rio Institucional&#8221;. Clique no bot\u00e3o &#8220;Buscar&#8221; para ser conduzido a um link com informa\u00e7\u00f5es nosso evento:<\/p>\n\n\n\n<figure class=\"wp-block-image\"><img loading=\"lazy\" decoding=\"async\" width=\"1024\" height=\"433\" src=\"https:\/\/institucional.ufrrj.br\/pibid\/files\/2022\/03\/sigaa2-1024x433.png\" alt=\"\" class=\"wp-image-78\" srcset=\"https:\/\/institucional.ufrrj.br\/pibid\/files\/2022\/03\/sigaa2-1024x433.png 1024w, https:\/\/institucional.ufrrj.br\/pibid\/files\/2022\/03\/sigaa2-300x127.png 300w, https:\/\/institucional.ufrrj.br\/pibid\/files\/2022\/03\/sigaa2-768x325.png 768w, https:\/\/institucional.ufrrj.br\/pibid\/files\/2022\/03\/sigaa2.png 1192w\" sizes=\"auto, (max-width: 1024px) 100vw, 1024px\" \/><\/figure>\n\n\n\n<p>No final da pr\u00f3xima tela, h\u00e1 uma mensagem &#8220;Clique aqui para fazer a sua inscri\u00e7\u00e3o&#8221;. <\/p>\n\n\n\n<figure class=\"wp-block-image\"><img loading=\"lazy\" decoding=\"async\" width=\"1024\" height=\"388\" src=\"https:\/\/institucional.ufrrj.br\/pibid\/files\/2022\/03\/sigaa3-1024x388.png\" alt=\"\" class=\"wp-image-79\" srcset=\"https:\/\/institucional.ufrrj.br\/pibid\/files\/2022\/03\/sigaa3-1024x388.png 1024w, https:\/\/institucional.ufrrj.br\/pibid\/files\/2022\/03\/sigaa3-300x114.png 300w, https:\/\/institucional.ufrrj.br\/pibid\/files\/2022\/03\/sigaa3-768x291.png 768w, https:\/\/institucional.ufrrj.br\/pibid\/files\/2022\/03\/sigaa3.png 1192w\" sizes=\"auto, (max-width: 1024px) 100vw, 1024px\" \/><\/figure>\n\n\n\n<p>Na tela seguinte, caso ainda n\u00e3o tenha participado de eventos cadastrados no SIGAA-UFRRJ, voc\u00ea dever\u00e1 clicar em &#8220;Ainda n\u00e3o possuo cadastro&#8221;, e preencher algumas informa\u00e7\u00f5es pessoais, criando assim um login de acesso ao SIGAA-Eventos. Ap\u00f3s essa etapa, retorne \u00e0 tela acima e insira o login e senha cadastrados.<\/p>\n\n\n\n<p>Na tela seguinte, \u00e0 esquerda, clique em &#8220;Cursos e Eventos Abertos&#8221; e em seguida, localize o nome do nosso evento. Clicando nele, voc\u00ea preencher\u00e1 mais algumas informa\u00e7\u00f5es em um breve question\u00e1rio e poder\u00e1 concluir a inscri\u00e7\u00e3o. Bom evento!!!<\/p>\n","protected":false},"excerpt":{"rendered":"<p>Para realizar a sua inscri\u00e7\u00e3o no II Semin\u00e1rio Institucional Integrado do Pibid e da Resid\u00eancia Pedag\u00f3gica da UFRRJ, acesse o <a class=\"read-more\" href=\"https:\/\/institucional.ufrrj.br\/pibid\/inscricoes\/ \" >&#8230; <span class=\"font-italic\">leia mais <i class=\"fas fa-angle-right\"><\/i><\/span><\/a><\/p>\n","protected":false},"author":795,"featured_media":0,"parent":0,"menu_order":0,"comment_status":"closed","ping_status":"closed","template":"","meta":{"_acf_changed":false,"footnotes":""},"class_list":["post-74","page","type-page","status-publish","hentry"],"yoast_head":"<!-- This site is optimized with the Yoast SEO plugin v27.2 - https:\/\/yoast.com\/product\/yoast-seo-wordpress\/ -->\n<title>Inscri\u00e7\u00f5es - PIBID<\/title>\n<meta name=\"robots\" content=\"index, follow, max-snippet:-1, max-image-preview:large, max-video-preview:-1\" \/>\n<link rel=\"canonical\" href=\"https:\/\/institucional.ufrrj.br\/pibid\/inscricoes\/\" \/>\n<meta property=\"og:locale\" content=\"pt_BR\" \/>\n<meta property=\"og:type\" content=\"article\" \/>\n<meta property=\"og:title\" content=\"Inscri\u00e7\u00f5es - PIBID\" \/>\n<meta property=\"og:description\" content=\"Para realizar a sua inscri\u00e7\u00e3o no II Semin\u00e1rio Institucional Integrado do Pibid e da Resid\u00eancia Pedag\u00f3gica da UFRRJ, acesse o ... leia mais\" \/>\n<meta property=\"og:url\" content=\"https:\/\/institucional.ufrrj.br\/pibid\/inscricoes\/\" \/>\n<meta property=\"og:site_name\" content=\"PIBID\" \/>\n<meta property=\"article:modified_time\" content=\"2022-03-27T14:38:12+00:00\" \/>\n<meta property=\"og:image\" content=\"https:\/\/institucional.ufrrj.br\/pibid\/files\/2022\/03\/sigaa-1024x407.png\" \/>\n<meta name=\"twitter:card\" content=\"summary_large_image\" \/>\n<meta name=\"twitter:label1\" content=\"Est. tempo de leitura\" \/>\n\t<meta name=\"twitter:data1\" content=\"1 minuto\" \/>\n<script type=\"application\/ld+json\" class=\"yoast-schema-graph\">{\"@context\":\"https:\/\/schema.org\",\"@graph\":[{\"@type\":\"WebPage\",\"@id\":\"https:\/\/institucional.ufrrj.br\/pibid\/inscricoes\/\",\"url\":\"https:\/\/institucional.ufrrj.br\/pibid\/inscricoes\/\",\"name\":\"Inscri\u00e7\u00f5es - PIBID\",\"isPartOf\":{\"@id\":\"https:\/\/institucional.ufrrj.br\/pibid\/#website\"},\"primaryImageOfPage\":{\"@id\":\"https:\/\/institucional.ufrrj.br\/pibid\/inscricoes\/#primaryimage\"},\"image\":{\"@id\":\"https:\/\/institucional.ufrrj.br\/pibid\/inscricoes\/#primaryimage\"},\"thumbnailUrl\":\"https:\/\/institucional.ufrrj.br\/pibid\/files\/2022\/03\/sigaa-1024x407.png\",\"datePublished\":\"2022-03-27T14:14:40+00:00\",\"dateModified\":\"2022-03-27T14:38:12+00:00\",\"breadcrumb\":{\"@id\":\"https:\/\/institucional.ufrrj.br\/pibid\/inscricoes\/#breadcrumb\"},\"inLanguage\":\"pt-BR\",\"potentialAction\":[{\"@type\":\"ReadAction\",\"target\":[\"https:\/\/institucional.ufrrj.br\/pibid\/inscricoes\/\"]}]},{\"@type\":\"ImageObject\",\"inLanguage\":\"pt-BR\",\"@id\":\"https:\/\/institucional.ufrrj.br\/pibid\/inscricoes\/#primaryimage\",\"url\":\"https:\/\/institucional.ufrrj.br\/pibid\/files\/2022\/03\/sigaa.png\",\"contentUrl\":\"https:\/\/institucional.ufrrj.br\/pibid\/files\/2022\/03\/sigaa.png\",\"width\":1192,\"height\":474},{\"@type\":\"BreadcrumbList\",\"@id\":\"https:\/\/institucional.ufrrj.br\/pibid\/inscricoes\/#breadcrumb\",\"itemListElement\":[{\"@type\":\"ListItem\",\"position\":1,\"name\":\"In\u00edcio\",\"item\":\"https:\/\/institucional.ufrrj.br\/pibid\/\"},{\"@type\":\"ListItem\",\"position\":2,\"name\":\"Inscri\u00e7\u00f5es\"}]},{\"@type\":\"WebSite\",\"@id\":\"https:\/\/institucional.ufrrj.br\/pibid\/#website\",\"url\":\"https:\/\/institucional.ufrrj.br\/pibid\/\",\"name\":\"PIBID\",\"description\":\"Pr\u00f3-Reitoria de Gradua\u00e7\u00e3o\",\"potentialAction\":[{\"@type\":\"SearchAction\",\"target\":{\"@type\":\"EntryPoint\",\"urlTemplate\":\"https:\/\/institucional.ufrrj.br\/pibid\/?s={search_term_string}\"},\"query-input\":{\"@type\":\"PropertyValueSpecification\",\"valueRequired\":true,\"valueName\":\"search_term_string\"}}],\"inLanguage\":\"pt-BR\"}]}<\/script>\n<!-- \/ Yoast SEO plugin. -->","yoast_head_json":{"title":"Inscri\u00e7\u00f5es - PIBID","robots":{"index":"index","follow":"follow","max-snippet":"max-snippet:-1","max-image-preview":"max-image-preview:large","max-video-preview":"max-video-preview:-1"},"canonical":"https:\/\/institucional.ufrrj.br\/pibid\/inscricoes\/","og_locale":"pt_BR","og_type":"article","og_title":"Inscri\u00e7\u00f5es - PIBID","og_description":"Para realizar a sua inscri\u00e7\u00e3o no II Semin\u00e1rio Institucional Integrado do Pibid e da Resid\u00eancia Pedag\u00f3gica da UFRRJ, acesse o ... leia mais","og_url":"https:\/\/institucional.ufrrj.br\/pibid\/inscricoes\/","og_site_name":"PIBID","article_modified_time":"2022-03-27T14:38:12+00:00","og_image":[{"url":"https:\/\/institucional.ufrrj.br\/pibid\/files\/2022\/03\/sigaa-1024x407.png","type":"","width":"","height":""}],"twitter_card":"summary_large_image","twitter_misc":{"Est. tempo de leitura":"1 minuto"},"schema":{"@context":"https:\/\/schema.org","@graph":[{"@type":"WebPage","@id":"https:\/\/institucional.ufrrj.br\/pibid\/inscricoes\/","url":"https:\/\/institucional.ufrrj.br\/pibid\/inscricoes\/","name":"Inscri\u00e7\u00f5es - PIBID","isPartOf":{"@id":"https:\/\/institucional.ufrrj.br\/pibid\/#website"},"primaryImageOfPage":{"@id":"https:\/\/institucional.ufrrj.br\/pibid\/inscricoes\/#primaryimage"},"image":{"@id":"https:\/\/institucional.ufrrj.br\/pibid\/inscricoes\/#primaryimage"},"thumbnailUrl":"https:\/\/institucional.ufrrj.br\/pibid\/files\/2022\/03\/sigaa-1024x407.png","datePublished":"2022-03-27T14:14:40+00:00","dateModified":"2022-03-27T14:38:12+00:00","breadcrumb":{"@id":"https:\/\/institucional.ufrrj.br\/pibid\/inscricoes\/#breadcrumb"},"inLanguage":"pt-BR","potentialAction":[{"@type":"ReadAction","target":["https:\/\/institucional.ufrrj.br\/pibid\/inscricoes\/"]}]},{"@type":"ImageObject","inLanguage":"pt-BR","@id":"https:\/\/institucional.ufrrj.br\/pibid\/inscricoes\/#primaryimage","url":"https:\/\/institucional.ufrrj.br\/pibid\/files\/2022\/03\/sigaa.png","contentUrl":"https:\/\/institucional.ufrrj.br\/pibid\/files\/2022\/03\/sigaa.png","width":1192,"height":474},{"@type":"BreadcrumbList","@id":"https:\/\/institucional.ufrrj.br\/pibid\/inscricoes\/#breadcrumb","itemListElement":[{"@type":"ListItem","position":1,"name":"In\u00edcio","item":"https:\/\/institucional.ufrrj.br\/pibid\/"},{"@type":"ListItem","position":2,"name":"Inscri\u00e7\u00f5es"}]},{"@type":"WebSite","@id":"https:\/\/institucional.ufrrj.br\/pibid\/#website","url":"https:\/\/institucional.ufrrj.br\/pibid\/","name":"PIBID","description":"Pr\u00f3-Reitoria de Gradua\u00e7\u00e3o","potentialAction":[{"@type":"SearchAction","target":{"@type":"EntryPoint","urlTemplate":"https:\/\/institucional.ufrrj.br\/pibid\/?s={search_term_string}"},"query-input":{"@type":"PropertyValueSpecification","valueRequired":true,"valueName":"search_term_string"}}],"inLanguage":"pt-BR"}]}},"acf":[],"_links":{"self":[{"href":"https:\/\/institucional.ufrrj.br\/pibid\/wp-json\/wp\/v2\/pages\/74","targetHints":{"allow":["GET"]}}],"collection":[{"href":"https:\/\/institucional.ufrrj.br\/pibid\/wp-json\/wp\/v2\/pages"}],"about":[{"href":"https:\/\/institucional.ufrrj.br\/pibid\/wp-json\/wp\/v2\/types\/page"}],"author":[{"embeddable":true,"href":"https:\/\/institucional.ufrrj.br\/pibid\/wp-json\/wp\/v2\/users\/795"}],"replies":[{"embeddable":true,"href":"https:\/\/institucional.ufrrj.br\/pibid\/wp-json\/wp\/v2\/comments?post=74"}],"version-history":[{"count":3,"href":"https:\/\/institucional.ufrrj.br\/pibid\/wp-json\/wp\/v2\/pages\/74\/revisions"}],"predecessor-version":[{"id":82,"href":"https:\/\/institucional.ufrrj.br\/pibid\/wp-json\/wp\/v2\/pages\/74\/revisions\/82"}],"wp:attachment":[{"href":"https:\/\/institucional.ufrrj.br\/pibid\/wp-json\/wp\/v2\/media?parent=74"}],"curies":[{"name":"wp","href":"https:\/\/api.w.org\/{rel}","templated":true}]}}