{"id":714,"date":"2023-03-20T10:11:03","date_gmt":"2023-03-20T13:11:03","guid":{"rendered":"https:\/\/institucional.ufrrj.br\/pdi\/?page_id=714"},"modified":"2023-06-26T11:05:14","modified_gmt":"2023-06-26T14:05:14","slug":"portarias","status":"publish","type":"page","link":"https:\/\/institucional.ufrrj.br\/pdi\/portarias\/","title":{"rendered":"Legisla\u00e7\u00e3o"},"content":{"rendered":"\n<figure class=\"wp-block-gallery has-nested-images columns-default is-cropped eplus-wrapper wp-block-gallery-1\">\n<figure class=\" wp-block-image size-large eplus-wrapper\"><a href=\"https:\/\/institucional.ufrrj.br\/pdi\/files\/2023\/04\/banner_site-1150x300_c.jpg\"><img loading=\"lazy\" decoding=\"async\" width=\"1024\" height=\"267\" data-id=\"837\" src=\"https:\/\/institucional.ufrrj.br\/pdi\/files\/2023\/04\/banner_site-1150x300_c-1024x267.jpg\" alt=\"\" class=\"wp-image-837\" srcset=\"https:\/\/institucional.ufrrj.br\/pdi\/files\/2023\/04\/banner_site-1150x300_c-1024x267.jpg 1024w, https:\/\/institucional.ufrrj.br\/pdi\/files\/2023\/04\/banner_site-1150x300_c-300x78.jpg 300w, https:\/\/institucional.ufrrj.br\/pdi\/files\/2023\/04\/banner_site-1150x300_c-768x200.jpg 768w, https:\/\/institucional.ufrrj.br\/pdi\/files\/2023\/04\/banner_site-1150x300_c-268x70.jpg 268w, https:\/\/institucional.ufrrj.br\/pdi\/files\/2023\/04\/banner_site-1150x300_c.jpg 1150w\" sizes=\"auto, (max-width: 1024px) 100vw, 1024px\" \/><\/a><\/figure>\n<\/figure>\n\n\n\n<ul class=\"eplus-wrapper wp-block-list\">\n<li class=\" eplus-wrapper\"><strong>Portaria para constitui\u00e7\u00e3o do Grupo de Trabalho<\/strong> respons\u00e1vel pelas atividades afetas ao planejamento, desenvolvimento, acompanhamento e \u00e0 avalia\u00e7\u00e3o do Plano de Desenvolvimento Institucional da UFRRJ 2023-2027<strong>: <a href=\"https:\/\/institucional.ufrrj.br\/pdi\/files\/2023\/04\/portaria-pdi.pdf\">Portaria N\u00ba 2043\/2023 &#8211; GABREI<\/a><\/strong>                                                                                                                   <\/li>\n\n\n\n<li class=\" eplus-wrapper\">Delibera\u00e7\u00e3o aprovando o PDI 2023-2027: <a rel=\"noreferrer noopener\" href=\"https:\/\/institucional.ufrrj.br\/pdi\/files\/2023\/06\/Delib-258-CONSU-2023.pdf\" target=\"_blank\">Delibera\u00e7\u00e3o CONSU, n\u00ba 258 de 31 de maio de 2023<\/a><\/li>\n<\/ul>\n\n\n\n<figure class=\"is-style-stripes wp-block-table eplus-wrapper\"><table><tbody><tr><td><strong>Normativas<\/strong><\/td><td><strong>Objeto<\/strong><\/td><td><strong>Refer\u00eancia<\/strong><\/td><td><strong>Implica\u00e7\u00e3o das normativas sobre o PDI<\/strong><\/td><\/tr><tr><td><a href=\"https:\/\/institucional.ufrrj.br\/pdi\/files\/2016\/07\/p1466.pdf\">Portaria MEC n\u00ba 1.466\/2001 de 12\/07\/2001<\/a><\/td><td>Autoriza\u00e7\u00e3o de curso fora de Sede.<\/td><td>Art. 4\u00ba<\/td><td>Pedidos de autoriza\u00e7\u00e3o devem ter como documenta\u00e7\u00e3o o PDI, dentre outros.<\/td><\/tr><tr><td><a href=\"https:\/\/normativasconselhos.mec.gov.br\/normativa\/view\/CNE_rces1002.pdf?query=PLENA#:~:text=Disp%C3%B5e%20sobre%20o%20credenciamento%2C%20transfer%C3%AAncia,Sistema%20Federal%20de%20Educa%C3%A7%C3%A3o%20Superior.\">Resolu\u00e7\u00e3o n\u00ba CNE\/CES 10 de 11\/03\/2002<\/a><\/td><td>Disp\u00f5e sobre o credenciamento, transfer\u00eancia de manten\u00e7a, estatutos e regimentos de institui\u00e7\u00f5es de ensino superior, autoriza\u00e7\u00e3o de cursos de gradua\u00e7\u00e3o, reconhecimento e renova\u00e7\u00e3o de reconhecimento de cursos superiores, normas e crit\u00e9rios para supervis\u00e3o do ensino superior do Sistema Federal de Educa\u00e7\u00e3o Superior.<\/td><td>Art. 6\u00ba; Art. 7\u00ba<\/td><td>O PDI deve ser desenvolvido conjuntamente entre a mantenedora e a mantida; apresenta listagem dos documentos que devem ser inclu\u00eddos no PDI; coloca o PDI como requisito aos atos de credenciamento e recredenciamento das IES; pode ser exigido no \u00e2mbito das a\u00e7\u00f5es de supervis\u00e3o realizadas pela SISu\/MEC; e deve sofrer aditamento no caso de modifica\u00e7\u00f5es.<\/td><\/tr><tr><td><a href=\"http:\/\/portal.mec.gov.br\/sesu\/arquivos\/pdf\/pdi\/portaria%20sesu%20n07%20de%2019%20de%20marco%20de%202004.pdf\">Portaria MEC n\u00ba 7, de 19\/03\/2004<\/a><\/td><td>Aditamentos por modifica\u00e7\u00f5es no PDI<\/td><td>Art. 1\u00ba<\/td><td>Altera\u00e7\u00f5es devem ser atualizadas no Sistema SAPIENS em virtude de inclus\u00e3o e exclus\u00e3o de cursos, ensejando altera\u00e7\u00f5es no PDI.<\/td><\/tr><tr><\/tr><tr><td><a href=\"https:\/\/www.planalto.gov.br\/ccivil_03\/_ato2004-2006\/2004\/lei\/l10.861.htm\">Lei Federal n\u00ba 10.861 de 14\/04\/2004<\/a><\/td><td>Institui o Sistema Nacional de Avalia\u00e7\u00e3o da Educa\u00e7\u00e3o Superior \u2013 SINAES e d\u00e1 outras provid\u00eancias<\/td><td>Art. 3\u00ba, inciso I<\/td><td>A avalia\u00e7\u00e3o das institui\u00e7\u00f5es de educa\u00e7\u00e3o superior ter\u00e1 por objetivo identificar o seu perfil e o significado de sua atua\u00e7\u00e3o, por meio de suas atividades, cursos, programas, projetos e setores, considerando as diferentes dimens\u00f5es institucionais, dentre elas obrigatoriamente as seguintes: I \u2013 a miss\u00e3o e o PDI.<\/td><\/tr><tr><td><a href=\"http:\/\/portal.mec.gov.br\/arquivos\/pdf\/PORTARIA_2051.pdf\">Portaria n\u00ba 2.051, de 09\/07\/2004<\/a><\/td><td>Regulamenta os procedimentos de avalia\u00e7\u00e3o do SINAES<\/td><td>Art. 15<\/td><td>As Comiss\u00f5es Externas de Avalia\u00e7\u00e3o das Institui\u00e7\u00f5es examinar\u00e3o, dentre outros documentos: I &#8211; O (PDI).<\/td><\/tr><tr><\/tr><\/tbody><\/table><\/figure>\n\n\n\n<figure class=\"is-style-stripes wp-block-table eplus-wrapper\"><table><tbody><tr><td><strong>Normativas<\/strong><\/td><td><strong>Objeto<\/strong><\/td><td><strong>Refer\u00eancia<\/strong><\/td><td><strong>Implica\u00e7\u00e3o das normativas sobre o PDI<\/strong><\/td><\/tr><tr><td><a href=\"http:\/\/portal.mec.gov.br\/seed\/arquivos\/pdf\/port_4361.pdf\">Portaria MEC n\u00ba 4.361, de 29\/12\/2004 (modificada &#8211; Portaria MEC n\u00ba 3.160 e n\u00ba 3.161, de 13\/09\/2005).<\/a><\/td><td>Processos a serem protocolados junto ao Sistema de Acompanhamento de Processos das Institui\u00e7\u00f5es de Ensino Superior \u2013 SAPIENS\/MEC.<\/td><td>Art. 1\u00ba; Art. 3\u00ba; Art. 14, \u00a73&nbsp;<\/td><td>Necessidade do PDI para o credenciamento e recredenciamento das IES; PDI e seus aditamentos;<\/td><\/tr><tr><td><a href=\"https:\/\/download.inep.gov.br\/educacao_superior\/censo_superior\/legislacao\/2007\/portaria_40_12122007.pdf\">Portaria MEC n\u00ba&nbsp; 40, de 12\/12\/2007.<\/a><\/td><td>Institui o e-MEC, sistema eletr\u00f4nico de fluxo de trabalho e gerenciamento de informa\u00e7\u00f5es relativas aos processos de regula\u00e7\u00e3o da educa\u00e7\u00e3o superior no sistema federal de educa\u00e7\u00e3o.<\/td><td>Art. 2\u00ba, \u00a71\u00ba; Art. 15, \u00a75\u00ba; Art.26; Art. 46; Art. 57; Art. 57,&nbsp; \u00a75\u00ba; Art.59.<\/td><td>An\u00e1lise dos dados inseridos no PDI pela Comiss\u00e3o de Avalia\u00e7\u00e3o durante visita in loco; necessidade do curso a ser autorizado constar no PDI; PDI como documento indispens\u00e1vel para o pedido de credenciamento para EAD; mudan\u00e7as no PDI tramitarem como aditamento ao ato de credenciamento ou recredenciamento; pedido de credenciamento de campus fora de sede envolver\u00e1 mudan\u00e7as no PDI.<\/td><\/tr><tr><td><a href=\"https:\/\/normativasconselhos.mec.gov.br\/normativa\/view\/CNE_RES_CNECESN32010.pdf?query=FUNCIONAMENTO\">Resolu\u00e7\u00e3o CNE\/CES n\u00ba 3, de 14\/10\/2010<\/a><\/td><td>Regulamenta o Art. 52 da Lei n\u00ba 9.394, de 20 de dezembro de 1996, e disp\u00f5e sobre normas e procedimentos para credenciamento e recredenciamento de universidades do Sistema Federal de Ensino.<\/td><td>Art. 3\u00ba; Art. 6\u00ba<\/td><td>Credenciamento como universidade deve observar a compatibilidade do PDI e do Estatuto com a categoria de universidade, al\u00e9m de destacar a necessidade de inserir, eletronicamente em campo determinado, o PDI, dentre outros documentos.<\/td><\/tr><tr><td><a href=\"https:\/\/normativasconselhos.mec.gov.br\/normativa\/view\/CNE_RES_CNECESN12016.pdf?query=EaD\">Resolu\u00e7\u00e3o CNE\/CES n\u00ba 1, de 11\/03\/2016<\/a><\/td><td>Estabelece Diretrizes e Normas Nacionais para a Oferta de Programas e Cursos de Educa\u00e7\u00e3o Superior na Modalidade a Dist\u00e2ncia.<\/td><td>Art. 2\u00ba, \u00a71\u00ba; Art. 5\u00ba \u00a71\u00ba e \u00a73\u00ba; Art.6\u00ba; Art. 7\u00ba \u00a7 4\u00ba; Art. 9\u00ba, \u00a73\u00ba; Art. 10; Art.14, \u00a71\u00ba; Art. 16; Art. 17; Art. 25, \u00a7 1\u00ba.<\/td><td>Necessidade de constar no PDI a modalidade educacional definida pela IES; os polos de EaD e a distin\u00e7\u00e3o entre polos; expans\u00e3o de cursos e polos EaD dever\u00e1 estar subordinada aos termos do PDI; as IES dever\u00e3o estabelecer, em seu PDI\/PPI, a previs\u00e3o detalhada de \u00e1reas, cursos e programas de educa\u00e7\u00e3o a dist\u00e2ncia; nos processos de credenciamento para EaD dever\u00e1 constar o PDI.<\/td><\/tr><tr><\/tr><\/tbody><\/table><\/figure>\n\n\n\n<figure class=\"is-style-stripes wp-block-table eplus-wrapper\"><table><tbody><tr><td>CONTINUA\u00c7\u00c3O<\/td><\/tr><tr><td><strong>Normativas<\/strong><\/td><td><strong>Objeto<\/strong><\/td><td><strong>Refer\u00eancia<\/strong><\/td><td><strong>Implica\u00e7\u00e3o das normativas sobre o PDI<\/strong><\/td><\/tr><tr><td><a href=\"https:\/\/www.planalto.gov.br\/ccivil_03\/_ato2015-2018\/2017\/decreto\/d9235.htm\">Decreto Federal n\u00ba 9.235, de 15\/12\/2017<\/a><\/td><td>Disp\u00f5e sobre o exerc\u00edcio das fun\u00e7\u00f5es de regula\u00e7\u00e3o, supervis\u00e3o e avalia\u00e7\u00e3o das institui\u00e7\u00f5es de educa\u00e7\u00e3o superior e dos cursos superiores de gradua\u00e7\u00e3o e de p\u00f3s-gradua\u00e7\u00e3o no sistema federal de ensino.<\/td><td>Art. 20, inciso II, al\u00ednea b; Art.21;&nbsp;<\/td><td>Observada a organiza\u00e7\u00e3o acad\u00eamica da institui\u00e7\u00e3o, o PDI conter\u00e1, no m\u00ednimo.<\/td><\/tr><tr><td><a href=\"https:\/\/normativasconselhos.mec.gov.br\/normativa\/view\/CNE_RES_CNECESN72018.pdf\">Resolu\u00e7\u00e3o n\u00ba 7, de 18\/12\/2018<\/a><\/td><td>Estabelece as Diretrizes para a Extens\u00e3o na Educa\u00e7\u00e3o Superior Brasileira e regulamenta o disposto na Meta 12.7 da Lei n\u00ba 13.005\/2014, que aprova o Plano Nacional de Educa\u00e7\u00e3o \u2013 PNE 2014-2024 e d\u00e1 outras provid\u00eancias.<\/td><td>Art.13<\/td><td>Para efeito do cumprimento do disposto no Plano Nacional de Educa\u00e7\u00e3o(PNE), as institui\u00e7\u00f5es devem incluir em seu Plano de Desenvolvimento Institucional (PDI), dentre outras quest\u00f5es termos de extens\u00e3o.<\/td><\/tr><tr><td><a href=\"https:\/\/www.in.gov.br\/en\/web\/dou\/-\/portaria-n-2-de-4-de-janeiro-de-2021-297936777\">Portaria Capes n\u00ba 2, de 04\/01\/2021<\/a><\/td><td>Regulamenta o art. 8\u00ba da Portaria CAPES n\u00ba 90, de 24 de abril de 2019, estabelecendo as diretrizes para autoriza\u00e7\u00e3o de funcionamento e para a Avalia\u00e7\u00e3o de perman\u00eancia de Polos de Educa\u00e7\u00e3o a Dist\u00e2ncia (polo EaD) para oferta de cursos de p\u00f3s-gradua\u00e7\u00e3o stricto sensu<\/td><td>Art. 2\u00ba<\/td><td>Figura como um s\u00edtio estrat\u00e9gico aos discentes para o adequado desenvolvimento de suas atividades acad\u00eamicas, dispondo de infraestrutura pedag\u00f3gica, tecnol\u00f3gica e de pessoal t\u00e9cnico-administrativo previstas na proposta do curso, em conson\u00e2ncia com o Plano de Desenvolvimento Institucional (PDI) ou equivalente (&#8230;)<\/td><\/tr><tr><td><a href=\"https:\/\/abmes.org.br\/arquivos\/legislacoes\/Portaria-Capes-195-2021-11-30.pdf\">Portaria Capes n\u00ba 195, de 30\/11\/2021<\/a><\/td><td>Avalia\u00e7\u00e3o de Propostas de Cursos Novos &#8211; APCN &#8211; de P\u00f3s-Gradua\u00e7\u00e3o stricto sensu.<\/td><td>Art. 5o, Inciso II<\/td><td>Previs\u00e3o da proposta no Plano de Desenvolvimento Institucional (PDI) e no processo de avalia\u00e7\u00e3o institucional da Comiss\u00e3o Pr\u00f3pria de Avalia\u00e7\u00e3o (CPA) da Institui\u00e7\u00e3o de Ensino Superior (IES);<\/td><\/tr><\/tbody><\/table><\/figure>\n\n\n\n<p class=\" eplus-wrapper\"><strong>Fonte: FORPLAD<sub>,<\/sub> 2022 (adaptado)<\/strong><\/p>\n","protected":false},"excerpt":{"rendered":"<p>Normativas Objeto Refer\u00eancia Implica\u00e7\u00e3o das normativas sobre o PDI Portaria MEC n\u00ba 1.466\/2001 de 12\/07\/2001 Autoriza\u00e7\u00e3o de curso fora de Sede. Art. [&hellip;]<\/p>\n","protected":false},"author":634,"featured_media":0,"parent":0,"menu_order":0,"comment_status":"closed","ping_status":"closed","template":"","meta":{"_acf_changed":false,"footnotes":""},"class_list":["post-714","page","type-page","status-publish","hentry"],"yoast_head":"<!-- This site is optimized with the Yoast SEO plugin v27.2 - https:\/\/yoast.com\/product\/yoast-seo-wordpress\/ -->\n<title>Legisla\u00e7\u00e3o - PDI - Plano de Desenvolvimento Institucional<\/title>\n<meta name=\"robots\" content=\"index, follow, max-snippet:-1, max-image-preview:large, max-video-preview:-1\" \/>\n<link rel=\"canonical\" href=\"https:\/\/institucional.ufrrj.br\/pdi\/portarias\/\" \/>\n<meta property=\"og:locale\" content=\"pt_BR\" \/>\n<meta property=\"og:type\" content=\"article\" \/>\n<meta property=\"og:title\" content=\"Legisla\u00e7\u00e3o - PDI - Plano de Desenvolvimento Institucional\" \/>\n<meta property=\"og:description\" content=\"Normativas Objeto Refer\u00eancia Implica\u00e7\u00e3o das normativas sobre o PDI Portaria MEC n\u00ba 1.466\/2001 de 12\/07\/2001 Autoriza\u00e7\u00e3o de curso fora de Sede. Art. [&hellip;]\" \/>\n<meta property=\"og:url\" content=\"https:\/\/institucional.ufrrj.br\/pdi\/portarias\/\" \/>\n<meta property=\"og:site_name\" content=\"PDI - Plano de Desenvolvimento Institucional\" \/>\n<meta property=\"article:modified_time\" content=\"2023-06-26T14:05:14+00:00\" \/>\n<meta property=\"og:image\" content=\"https:\/\/institucional.ufrrj.br\/pdi\/files\/2023\/04\/banner_site-1150x300_c.jpg\" \/>\n\t<meta property=\"og:image:width\" content=\"1150\" \/>\n\t<meta property=\"og:image:height\" content=\"300\" \/>\n\t<meta property=\"og:image:type\" content=\"image\/jpeg\" \/>\n<meta name=\"twitter:card\" content=\"summary_large_image\" \/>\n<meta name=\"twitter:label1\" content=\"Est. tempo de leitura\" \/>\n\t<meta name=\"twitter:data1\" content=\"5 minutos\" \/>\n<script type=\"application\/ld+json\" class=\"yoast-schema-graph\">{\"@context\":\"https:\/\/schema.org\",\"@graph\":[{\"@type\":\"WebPage\",\"@id\":\"https:\/\/institucional.ufrrj.br\/pdi\/portarias\/\",\"url\":\"https:\/\/institucional.ufrrj.br\/pdi\/portarias\/\",\"name\":\"Legisla\u00e7\u00e3o - PDI - Plano de Desenvolvimento Institucional\",\"isPartOf\":{\"@id\":\"https:\/\/institucional.ufrrj.br\/pdi\/#website\"},\"primaryImageOfPage\":{\"@id\":\"https:\/\/institucional.ufrrj.br\/pdi\/portarias\/#primaryimage\"},\"image\":{\"@id\":\"https:\/\/institucional.ufrrj.br\/pdi\/portarias\/#primaryimage\"},\"thumbnailUrl\":\"https:\/\/institucional.ufrrj.br\/pdi\/files\/2023\/04\/banner_site-1150x300_c-1024x267.jpg\",\"datePublished\":\"2023-03-20T13:11:03+00:00\",\"dateModified\":\"2023-06-26T14:05:14+00:00\",\"breadcrumb\":{\"@id\":\"https:\/\/institucional.ufrrj.br\/pdi\/portarias\/#breadcrumb\"},\"inLanguage\":\"pt-BR\",\"potentialAction\":[{\"@type\":\"ReadAction\",\"target\":[\"https:\/\/institucional.ufrrj.br\/pdi\/portarias\/\"]}]},{\"@type\":\"ImageObject\",\"inLanguage\":\"pt-BR\",\"@id\":\"https:\/\/institucional.ufrrj.br\/pdi\/portarias\/#primaryimage\",\"url\":\"https:\/\/institucional.ufrrj.br\/pdi\/files\/2023\/04\/banner_site-1150x300_c.jpg\",\"contentUrl\":\"https:\/\/institucional.ufrrj.br\/pdi\/files\/2023\/04\/banner_site-1150x300_c.jpg\",\"width\":1150,\"height\":300},{\"@type\":\"BreadcrumbList\",\"@id\":\"https:\/\/institucional.ufrrj.br\/pdi\/portarias\/#breadcrumb\",\"itemListElement\":[{\"@type\":\"ListItem\",\"position\":1,\"name\":\"In\u00edcio\",\"item\":\"https:\/\/institucional.ufrrj.br\/pdi\/\"},{\"@type\":\"ListItem\",\"position\":2,\"name\":\"Legisla\u00e7\u00e3o\"}]},{\"@type\":\"WebSite\",\"@id\":\"https:\/\/institucional.ufrrj.br\/pdi\/#website\",\"url\":\"https:\/\/institucional.ufrrj.br\/pdi\/\",\"name\":\"PDI - Plano de Desenvolvimento Institucional\",\"description\":\"S\u00f3 mais um site institucional.ufrrj.br\",\"potentialAction\":[{\"@type\":\"SearchAction\",\"target\":{\"@type\":\"EntryPoint\",\"urlTemplate\":\"https:\/\/institucional.ufrrj.br\/pdi\/?s={search_term_string}\"},\"query-input\":{\"@type\":\"PropertyValueSpecification\",\"valueRequired\":true,\"valueName\":\"search_term_string\"}}],\"inLanguage\":\"pt-BR\"}]}<\/script>\n<!-- \/ Yoast SEO plugin. -->","yoast_head_json":{"title":"Legisla\u00e7\u00e3o - PDI - Plano de Desenvolvimento Institucional","robots":{"index":"index","follow":"follow","max-snippet":"max-snippet:-1","max-image-preview":"max-image-preview:large","max-video-preview":"max-video-preview:-1"},"canonical":"https:\/\/institucional.ufrrj.br\/pdi\/portarias\/","og_locale":"pt_BR","og_type":"article","og_title":"Legisla\u00e7\u00e3o - PDI - Plano de Desenvolvimento Institucional","og_description":"Normativas Objeto Refer\u00eancia Implica\u00e7\u00e3o das normativas sobre o PDI Portaria MEC n\u00ba 1.466\/2001 de 12\/07\/2001 Autoriza\u00e7\u00e3o de curso fora de Sede. Art. [&hellip;]","og_url":"https:\/\/institucional.ufrrj.br\/pdi\/portarias\/","og_site_name":"PDI - Plano de Desenvolvimento Institucional","article_modified_time":"2023-06-26T14:05:14+00:00","og_image":[{"width":1150,"height":300,"url":"https:\/\/institucional.ufrrj.br\/pdi\/files\/2023\/04\/banner_site-1150x300_c.jpg","type":"image\/jpeg"}],"twitter_card":"summary_large_image","twitter_misc":{"Est. tempo de leitura":"5 minutos"},"schema":{"@context":"https:\/\/schema.org","@graph":[{"@type":"WebPage","@id":"https:\/\/institucional.ufrrj.br\/pdi\/portarias\/","url":"https:\/\/institucional.ufrrj.br\/pdi\/portarias\/","name":"Legisla\u00e7\u00e3o - PDI - Plano de Desenvolvimento Institucional","isPartOf":{"@id":"https:\/\/institucional.ufrrj.br\/pdi\/#website"},"primaryImageOfPage":{"@id":"https:\/\/institucional.ufrrj.br\/pdi\/portarias\/#primaryimage"},"image":{"@id":"https:\/\/institucional.ufrrj.br\/pdi\/portarias\/#primaryimage"},"thumbnailUrl":"https:\/\/institucional.ufrrj.br\/pdi\/files\/2023\/04\/banner_site-1150x300_c-1024x267.jpg","datePublished":"2023-03-20T13:11:03+00:00","dateModified":"2023-06-26T14:05:14+00:00","breadcrumb":{"@id":"https:\/\/institucional.ufrrj.br\/pdi\/portarias\/#breadcrumb"},"inLanguage":"pt-BR","potentialAction":[{"@type":"ReadAction","target":["https:\/\/institucional.ufrrj.br\/pdi\/portarias\/"]}]},{"@type":"ImageObject","inLanguage":"pt-BR","@id":"https:\/\/institucional.ufrrj.br\/pdi\/portarias\/#primaryimage","url":"https:\/\/institucional.ufrrj.br\/pdi\/files\/2023\/04\/banner_site-1150x300_c.jpg","contentUrl":"https:\/\/institucional.ufrrj.br\/pdi\/files\/2023\/04\/banner_site-1150x300_c.jpg","width":1150,"height":300},{"@type":"BreadcrumbList","@id":"https:\/\/institucional.ufrrj.br\/pdi\/portarias\/#breadcrumb","itemListElement":[{"@type":"ListItem","position":1,"name":"In\u00edcio","item":"https:\/\/institucional.ufrrj.br\/pdi\/"},{"@type":"ListItem","position":2,"name":"Legisla\u00e7\u00e3o"}]},{"@type":"WebSite","@id":"https:\/\/institucional.ufrrj.br\/pdi\/#website","url":"https:\/\/institucional.ufrrj.br\/pdi\/","name":"PDI - Plano de Desenvolvimento Institucional","description":"S\u00f3 mais um site institucional.ufrrj.br","potentialAction":[{"@type":"SearchAction","target":{"@type":"EntryPoint","urlTemplate":"https:\/\/institucional.ufrrj.br\/pdi\/?s={search_term_string}"},"query-input":{"@type":"PropertyValueSpecification","valueRequired":true,"valueName":"search_term_string"}}],"inLanguage":"pt-BR"}]}},"acf":[],"_links":{"self":[{"href":"https:\/\/institucional.ufrrj.br\/pdi\/wp-json\/wp\/v2\/pages\/714","targetHints":{"allow":["GET"]}}],"collection":[{"href":"https:\/\/institucional.ufrrj.br\/pdi\/wp-json\/wp\/v2\/pages"}],"about":[{"href":"https:\/\/institucional.ufrrj.br\/pdi\/wp-json\/wp\/v2\/types\/page"}],"author":[{"embeddable":true,"href":"https:\/\/institucional.ufrrj.br\/pdi\/wp-json\/wp\/v2\/users\/634"}],"replies":[{"embeddable":true,"href":"https:\/\/institucional.ufrrj.br\/pdi\/wp-json\/wp\/v2\/comments?post=714"}],"version-history":[{"count":14,"href":"https:\/\/institucional.ufrrj.br\/pdi\/wp-json\/wp\/v2\/pages\/714\/revisions"}],"predecessor-version":[{"id":1134,"href":"https:\/\/institucional.ufrrj.br\/pdi\/wp-json\/wp\/v2\/pages\/714\/revisions\/1134"}],"wp:attachment":[{"href":"https:\/\/institucional.ufrrj.br\/pdi\/wp-json\/wp\/v2\/media?parent=714"}],"curies":[{"name":"wp","href":"https:\/\/api.w.org\/{rel}","templated":true}]}}