{"id":558,"date":"2019-06-26T14:20:55","date_gmt":"2019-06-26T17:20:55","guid":{"rendered":"http:\/\/institucional.ufrrj.br\/pdi\/?page_id=558"},"modified":"2023-04-06T16:48:30","modified_gmt":"2023-04-06T19:48:30","slug":"deliberacoes","status":"publish","type":"page","link":"https:\/\/institucional.ufrrj.br\/pdi\/pdi-2018-a-2022\/deliberacoes\/","title":{"rendered":"Delibera\u00e7\u00f5es"},"content":{"rendered":"<p>Clique Aqui: <strong><a href=\"https:\/\/institucional.ufrrj.br\/pdi\/files\/2016\/07\/Delibera\u00e7\u00e3o-PDI-2017-2022.pdf\">Delibera\u00e7\u00e3o PDI 2017-2022<\/a><\/strong><\/p>\n<p><strong><a href=\"http:\/\/institucional.ufrrj.br\/soc\/files\/2018\/01\/Delib079CONSU2017.pdf\" target=\"_blank\" rel=\"noopener noreferrer\">Delibera\u00e7\u00e3o CONSU, n\u00ba 79 de 15 de dezembro de 2017<\/a><\/strong><\/p>\n","protected":false},"excerpt":{"rendered":"<p>Clique Aqui: Delibera\u00e7\u00e3o PDI 2017-2022 Delibera\u00e7\u00e3o CONSU, n\u00ba 79 de 15 de dezembro de 2017<\/p>\n","protected":false},"author":578,"featured_media":0,"parent":759,"menu_order":0,"comment_status":"closed","ping_status":"closed","template":"","meta":{"_acf_changed":false,"footnotes":""},"class_list":["post-558","page","type-page","status-publish","hentry"],"yoast_head":"<!-- This site is optimized with the Yoast SEO plugin v27.2 - https:\/\/yoast.com\/product\/yoast-seo-wordpress\/ -->\n<title>Delibera\u00e7\u00f5es - PDI - Plano de Desenvolvimento Institucional<\/title>\n<meta name=\"robots\" content=\"index, follow, max-snippet:-1, max-image-preview:large, max-video-preview:-1\" \/>\n<link rel=\"canonical\" href=\"https:\/\/institucional.ufrrj.br\/pdi\/pdi-2018-a-2022\/deliberacoes\/\" \/>\n<meta property=\"og:locale\" content=\"pt_BR\" \/>\n<meta property=\"og:type\" content=\"article\" \/>\n<meta property=\"og:title\" content=\"Delibera\u00e7\u00f5es - PDI - Plano de Desenvolvimento Institucional\" \/>\n<meta property=\"og:description\" content=\"Clique Aqui: Delibera\u00e7\u00e3o PDI 2017-2022 Delibera\u00e7\u00e3o CONSU, n\u00ba 79 de 15 de dezembro de 2017\" \/>\n<meta property=\"og:url\" content=\"https:\/\/institucional.ufrrj.br\/pdi\/pdi-2018-a-2022\/deliberacoes\/\" \/>\n<meta property=\"og:site_name\" content=\"PDI - Plano de Desenvolvimento Institucional\" \/>\n<meta property=\"article:modified_time\" content=\"2023-04-06T19:48:30+00:00\" \/>\n<meta name=\"twitter:card\" content=\"summary_large_image\" \/>\n<script type=\"application\/ld+json\" class=\"yoast-schema-graph\">{\"@context\":\"https:\/\/schema.org\",\"@graph\":[{\"@type\":\"WebPage\",\"@id\":\"https:\/\/institucional.ufrrj.br\/pdi\/pdi-2018-a-2022\/deliberacoes\/\",\"url\":\"https:\/\/institucional.ufrrj.br\/pdi\/pdi-2018-a-2022\/deliberacoes\/\",\"name\":\"Delibera\u00e7\u00f5es - PDI - Plano de Desenvolvimento Institucional\",\"isPartOf\":{\"@id\":\"https:\/\/institucional.ufrrj.br\/pdi\/#website\"},\"datePublished\":\"2019-06-26T17:20:55+00:00\",\"dateModified\":\"2023-04-06T19:48:30+00:00\",\"breadcrumb\":{\"@id\":\"https:\/\/institucional.ufrrj.br\/pdi\/pdi-2018-a-2022\/deliberacoes\/#breadcrumb\"},\"inLanguage\":\"pt-BR\",\"potentialAction\":[{\"@type\":\"ReadAction\",\"target\":[\"https:\/\/institucional.ufrrj.br\/pdi\/pdi-2018-a-2022\/deliberacoes\/\"]}]},{\"@type\":\"BreadcrumbList\",\"@id\":\"https:\/\/institucional.ufrrj.br\/pdi\/pdi-2018-a-2022\/deliberacoes\/#breadcrumb\",\"itemListElement\":[{\"@type\":\"ListItem\",\"position\":1,\"name\":\"In\u00edcio\",\"item\":\"https:\/\/institucional.ufrrj.br\/pdi\/\"},{\"@type\":\"ListItem\",\"position\":2,\"name\":\"PDI 2018 a 2022\",\"item\":\"https:\/\/institucional.ufrrj.br\/pdi\/pdi-2018-a-2022\/\"},{\"@type\":\"ListItem\",\"position\":3,\"name\":\"Delibera\u00e7\u00f5es\"}]},{\"@type\":\"WebSite\",\"@id\":\"https:\/\/institucional.ufrrj.br\/pdi\/#website\",\"url\":\"https:\/\/institucional.ufrrj.br\/pdi\/\",\"name\":\"PDI - Plano de Desenvolvimento Institucional\",\"description\":\"S\u00f3 mais um site institucional.ufrrj.br\",\"potentialAction\":[{\"@type\":\"SearchAction\",\"target\":{\"@type\":\"EntryPoint\",\"urlTemplate\":\"https:\/\/institucional.ufrrj.br\/pdi\/?s={search_term_string}\"},\"query-input\":{\"@type\":\"PropertyValueSpecification\",\"valueRequired\":true,\"valueName\":\"search_term_string\"}}],\"inLanguage\":\"pt-BR\"}]}<\/script>\n<!-- \/ Yoast SEO plugin. -->","yoast_head_json":{"title":"Delibera\u00e7\u00f5es - PDI - Plano de Desenvolvimento Institucional","robots":{"index":"index","follow":"follow","max-snippet":"max-snippet:-1","max-image-preview":"max-image-preview:large","max-video-preview":"max-video-preview:-1"},"canonical":"https:\/\/institucional.ufrrj.br\/pdi\/pdi-2018-a-2022\/deliberacoes\/","og_locale":"pt_BR","og_type":"article","og_title":"Delibera\u00e7\u00f5es - PDI - Plano de Desenvolvimento Institucional","og_description":"Clique Aqui: Delibera\u00e7\u00e3o PDI 2017-2022 Delibera\u00e7\u00e3o CONSU, n\u00ba 79 de 15 de dezembro de 2017","og_url":"https:\/\/institucional.ufrrj.br\/pdi\/pdi-2018-a-2022\/deliberacoes\/","og_site_name":"PDI - Plano de Desenvolvimento Institucional","article_modified_time":"2023-04-06T19:48:30+00:00","twitter_card":"summary_large_image","schema":{"@context":"https:\/\/schema.org","@graph":[{"@type":"WebPage","@id":"https:\/\/institucional.ufrrj.br\/pdi\/pdi-2018-a-2022\/deliberacoes\/","url":"https:\/\/institucional.ufrrj.br\/pdi\/pdi-2018-a-2022\/deliberacoes\/","name":"Delibera\u00e7\u00f5es - PDI - Plano de Desenvolvimento Institucional","isPartOf":{"@id":"https:\/\/institucional.ufrrj.br\/pdi\/#website"},"datePublished":"2019-06-26T17:20:55+00:00","dateModified":"2023-04-06T19:48:30+00:00","breadcrumb":{"@id":"https:\/\/institucional.ufrrj.br\/pdi\/pdi-2018-a-2022\/deliberacoes\/#breadcrumb"},"inLanguage":"pt-BR","potentialAction":[{"@type":"ReadAction","target":["https:\/\/institucional.ufrrj.br\/pdi\/pdi-2018-a-2022\/deliberacoes\/"]}]},{"@type":"BreadcrumbList","@id":"https:\/\/institucional.ufrrj.br\/pdi\/pdi-2018-a-2022\/deliberacoes\/#breadcrumb","itemListElement":[{"@type":"ListItem","position":1,"name":"In\u00edcio","item":"https:\/\/institucional.ufrrj.br\/pdi\/"},{"@type":"ListItem","position":2,"name":"PDI 2018 a 2022","item":"https:\/\/institucional.ufrrj.br\/pdi\/pdi-2018-a-2022\/"},{"@type":"ListItem","position":3,"name":"Delibera\u00e7\u00f5es"}]},{"@type":"WebSite","@id":"https:\/\/institucional.ufrrj.br\/pdi\/#website","url":"https:\/\/institucional.ufrrj.br\/pdi\/","name":"PDI - Plano de Desenvolvimento Institucional","description":"S\u00f3 mais um site institucional.ufrrj.br","potentialAction":[{"@type":"SearchAction","target":{"@type":"EntryPoint","urlTemplate":"https:\/\/institucional.ufrrj.br\/pdi\/?s={search_term_string}"},"query-input":{"@type":"PropertyValueSpecification","valueRequired":true,"valueName":"search_term_string"}}],"inLanguage":"pt-BR"}]}},"acf":[],"_links":{"self":[{"href":"https:\/\/institucional.ufrrj.br\/pdi\/wp-json\/wp\/v2\/pages\/558","targetHints":{"allow":["GET"]}}],"collection":[{"href":"https:\/\/institucional.ufrrj.br\/pdi\/wp-json\/wp\/v2\/pages"}],"about":[{"href":"https:\/\/institucional.ufrrj.br\/pdi\/wp-json\/wp\/v2\/types\/page"}],"author":[{"embeddable":true,"href":"https:\/\/institucional.ufrrj.br\/pdi\/wp-json\/wp\/v2\/users\/578"}],"replies":[{"embeddable":true,"href":"https:\/\/institucional.ufrrj.br\/pdi\/wp-json\/wp\/v2\/comments?post=558"}],"version-history":[{"count":1,"href":"https:\/\/institucional.ufrrj.br\/pdi\/wp-json\/wp\/v2\/pages\/558\/revisions"}],"predecessor-version":[{"id":559,"href":"https:\/\/institucional.ufrrj.br\/pdi\/wp-json\/wp\/v2\/pages\/558\/revisions\/559"}],"up":[{"embeddable":true,"href":"https:\/\/institucional.ufrrj.br\/pdi\/wp-json\/wp\/v2\/pages\/759"}],"wp:attachment":[{"href":"https:\/\/institucional.ufrrj.br\/pdi\/wp-json\/wp\/v2\/media?parent=558"}],"curies":[{"name":"wp","href":"https:\/\/api.w.org\/{rel}","templated":true}]}}